{"id":7251,"date":"2023-07-22T16:56:25","date_gmt":"2023-07-22T16:56:25","guid":{"rendered":"https:\/\/www.plastic-crates.com\/?post_type=product&#038;p=7251"},"modified":"2023-07-22T17:07:53","modified_gmt":"2023-07-22T17:07:53","slug":"plastic-spare-parts-bins-500","status":"publish","type":"product","link":"https:\/\/www.plastic-crates.com\/fr\/product\/plastic-spare-parts-bins-500\/","title":{"rendered":"Bacs \u00e0 pi\u00e8ces d\u00e9tach\u00e9es en plastique - 500"},"content":{"rendered":"<div style=\"width: 960px;\" class=\"wp-video\"><!--[if lt IE 9]><script>document.createElement('video');<\/script><![endif]-->\n<video class=\"wp-video-shortcode\" id=\"video-7251-1\" width=\"960\" height=\"540\" preload=\"metadata\" controls=\"controls\"><source type=\"video\/mp4\" src=\"https:\/\/www.plastic-crates.com\/wp-content\/uploads\/2023\/07\/plastic-spare-parts-bins.mp4?_=1\" \/><a href=\"https:\/\/www.plastic-crates.com\/wp-content\/uploads\/2023\/07\/plastic-spare-parts-bins.mp4\">https:\/\/www.plastic-crates.com\/wp-content\/uploads\/2023\/07\/plastic-spare-parts-bins.mp4<\/a><\/video><\/div>","protected":false},"excerpt":{"rendered":"<div><a href=\"https:\/\/www.plastic-crates.com\/fr\/product-category\/bacs-de-stockage-de-pieces\/\" target=\"_blank\" rel=\"noopener noreferrer\">plastic parts bins with lids<\/a>,<a href=\"https:\/\/www.plastic-crates.com\/fr\/product-category\/sacs-fourre-tout-avec-couvercles\/\" target=\"_blank\" rel=\"noopener noreferrer\">conteneurs de stockage en plastique verrouillables<\/a>,<a href=\"https:\/\/www.plastic-crates.com\/fr\/product-category\/conteneurs-empilables\/\" target=\"_blank\" rel=\"noopener noreferrer\">stockage de caisses empilables<\/a>,<a href=\"https:\/\/www.plastic-crates.com\/fr\/product-category\/boite-pliable\/\" target=\"_blank\" rel=\"noopener noreferrer\">Collapsible Crate For Car Trunk<\/a><\/div>\n<div><\/div>\n<div><a href=\"https:\/\/www.plastic-crate.co.uk\/product-category\/plastic-trays\/\" target=\"_blank\" rel=\"noopener\">plastic bakery trays<\/a><\/div>","protected":false},"featured_media":7254,"template":"","meta":{"_acf_changed":false},"product_brand":[],"product_cat":[18],"product_tag":[],"class_list":{"0":"post-7251","1":"product","2":"type-product","3":"status-publish","4":"has-post-thumbnail","6":"product_cat-parts-storage-bins","8":"first","9":"instock","10":"product-type-simple"},"acf":[],"yoast_head":"<!-- This site is optimized with the Yoast SEO plugin v26.1.1 - https:\/\/yoast.com\/wordpress\/plugins\/seo\/ -->\n<title>Plastic spare parts bins wholesale &amp; Factory Price<\/title>\n<meta name=\"description\" content=\"Wholesale plastic spare parts bins, spare parts bins supplier, Dimensions(L*W*H):500 * 300 * 300 mm, spare shelf bins ON SALE!\" \/>\n<meta name=\"robots\" content=\"index, follow, max-snippet:-1, max-image-preview:large, max-video-preview:-1\" \/>\n<link rel=\"canonical\" href=\"https:\/\/www.plastic-crates.com\/fr\/product\/plastic-spare-parts-bins-500\/\" \/>\n<meta property=\"og:locale\" content=\"fr_FR\" \/>\n<meta property=\"og:type\" content=\"article\" \/>\n<meta property=\"og:title\" content=\"auto parts storage bins\" \/>\n<meta property=\"og:description\" content=\"Wholesale plastic spare parts bins, spare parts bins supplier, Dimensions(L*W*H):500 * 300 * 300 mm, spare shelf bins ON SALE!\" \/>\n<meta property=\"og:url\" content=\"https:\/\/www.plastic-crates.com\/fr\/product\/plastic-spare-parts-bins-500\/\" \/>\n<meta property=\"og:site_name\" content=\"plastic-crates.com\" \/>\n<meta property=\"article:modified_time\" content=\"2023-07-22T17:07:53+00:00\" \/>\n<meta property=\"og:image\" content=\"https:\/\/www.plastic-crates.com\/wp-content\/uploads\/2023\/07\/plastic-spare-parts-bins-2.jpeg\" \/>\n\t<meta property=\"og:image:width\" content=\"700\" \/>\n\t<meta property=\"og:image:height\" content=\"700\" \/>\n\t<meta property=\"og:image:type\" content=\"image\/jpeg\" \/>\n<meta name=\"twitter:card\" content=\"summary_large_image\" \/>\n<meta name=\"twitter:title\" content=\"auto parts storage bins\" \/>\n<script type=\"application\/ld+json\" class=\"yoast-schema-graph\">{\"@context\":\"https:\/\/schema.org\",\"@graph\":[{\"@type\":\"WebPage\",\"@id\":\"https:\/\/www.plastic-crates.com\/product\/plastic-spare-parts-bins-500\/\",\"url\":\"https:\/\/www.plastic-crates.com\/product\/plastic-spare-parts-bins-500\/\",\"name\":\"Plastic spare parts bins wholesale & Factory Price\",\"isPartOf\":{\"@id\":\"https:\/\/www.plastic-crates.com\/#website\"},\"primaryImageOfPage\":{\"@id\":\"https:\/\/www.plastic-crates.com\/product\/plastic-spare-parts-bins-500\/#primaryimage\"},\"image\":{\"@id\":\"https:\/\/www.plastic-crates.com\/product\/plastic-spare-parts-bins-500\/#primaryimage\"},\"thumbnailUrl\":\"https:\/\/www.plastic-crates.com\/wp-content\/uploads\/2023\/07\/plastic-spare-parts-bins-2.jpeg\",\"datePublished\":\"2023-07-22T16:56:25+00:00\",\"dateModified\":\"2023-07-22T17:07:53+00:00\",\"description\":\"Wholesale plastic spare parts bins, spare parts bins supplier, Dimensions(L*W*H):500 * 300 * 300 mm, spare shelf bins ON SALE!\",\"breadcrumb\":{\"@id\":\"https:\/\/www.plastic-crates.com\/product\/plastic-spare-parts-bins-500\/#breadcrumb\"},\"inLanguage\":\"fr-FR\",\"potentialAction\":[{\"@type\":\"ReadAction\",\"target\":[\"https:\/\/www.plastic-crates.com\/product\/plastic-spare-parts-bins-500\/\"]}]},{\"@type\":\"ImageObject\",\"inLanguage\":\"fr-FR\",\"@id\":\"https:\/\/www.plastic-crates.com\/product\/plastic-spare-parts-bins-500\/#primaryimage\",\"url\":\"https:\/\/www.plastic-crates.com\/wp-content\/uploads\/2023\/07\/plastic-spare-parts-bins-2.jpeg\",\"contentUrl\":\"https:\/\/www.plastic-crates.com\/wp-content\/uploads\/2023\/07\/plastic-spare-parts-bins-2.jpeg\",\"width\":700,\"height\":700,\"caption\":\"plastic spare parts bins\"},{\"@type\":\"BreadcrumbList\",\"@id\":\"https:\/\/www.plastic-crates.com\/product\/plastic-spare-parts-bins-500\/#breadcrumb\",\"itemListElement\":[{\"@type\":\"ListItem\",\"position\":1,\"name\":\"Home\",\"item\":\"https:\/\/www.plastic-crates.com\/\"},{\"@type\":\"ListItem\",\"position\":2,\"name\":\"Products\",\"item\":\"https:\/\/www.plastic-crates.com\/shop\/\"},{\"@type\":\"ListItem\",\"position\":3,\"name\":\"Plastic spare parts bins-500\"}]},{\"@type\":\"WebSite\",\"@id\":\"https:\/\/www.plastic-crates.com\/#website\",\"url\":\"https:\/\/www.plastic-crates.com\/\",\"name\":\"plastic-crates.com\",\"description\":\"Leading plastic crates manufacturer in China\",\"potentialAction\":[{\"@type\":\"SearchAction\",\"target\":{\"@type\":\"EntryPoint\",\"urlTemplate\":\"https:\/\/www.plastic-crates.com\/?s={search_term_string}\"},\"query-input\":{\"@type\":\"PropertyValueSpecification\",\"valueRequired\":true,\"valueName\":\"search_term_string\"}}],\"inLanguage\":\"fr-FR\"}]}<\/script>\n<!-- \/ Yoast SEO plugin. -->","yoast_head_json":{"title":"Plastic spare parts bins wholesale & Factory Price","description":"Wholesale plastic spare parts bins, spare parts bins supplier, Dimensions(L*W*H):500 * 300 * 300 mm, spare shelf bins ON SALE!","robots":{"index":"index","follow":"follow","max-snippet":"max-snippet:-1","max-image-preview":"max-image-preview:large","max-video-preview":"max-video-preview:-1"},"canonical":"https:\/\/www.plastic-crates.com\/fr\/product\/plastic-spare-parts-bins-500\/","og_locale":"fr_FR","og_type":"article","og_title":"auto parts storage bins","og_description":"Wholesale plastic spare parts bins, spare parts bins supplier, Dimensions(L*W*H):500 * 300 * 300 mm, spare shelf bins ON SALE!","og_url":"https:\/\/www.plastic-crates.com\/fr\/product\/plastic-spare-parts-bins-500\/","og_site_name":"plastic-crates.com","article_modified_time":"2023-07-22T17:07:53+00:00","og_image":[{"width":700,"height":700,"url":"https:\/\/www.plastic-crates.com\/wp-content\/uploads\/2023\/07\/plastic-spare-parts-bins-2.jpeg","type":"image\/jpeg"}],"twitter_card":"summary_large_image","twitter_title":"auto parts storage bins","schema":{"@context":"https:\/\/schema.org","@graph":[{"@type":"WebPage","@id":"https:\/\/www.plastic-crates.com\/product\/plastic-spare-parts-bins-500\/","url":"https:\/\/www.plastic-crates.com\/product\/plastic-spare-parts-bins-500\/","name":"Plastic spare parts bins wholesale & Factory Price","isPartOf":{"@id":"https:\/\/www.plastic-crates.com\/#website"},"primaryImageOfPage":{"@id":"https:\/\/www.plastic-crates.com\/product\/plastic-spare-parts-bins-500\/#primaryimage"},"image":{"@id":"https:\/\/www.plastic-crates.com\/product\/plastic-spare-parts-bins-500\/#primaryimage"},"thumbnailUrl":"https:\/\/www.plastic-crates.com\/wp-content\/uploads\/2023\/07\/plastic-spare-parts-bins-2.jpeg","datePublished":"2023-07-22T16:56:25+00:00","dateModified":"2023-07-22T17:07:53+00:00","description":"Wholesale plastic spare parts bins, spare parts bins supplier, Dimensions(L*W*H):500 * 300 * 300 mm, spare shelf bins ON SALE!","breadcrumb":{"@id":"https:\/\/www.plastic-crates.com\/product\/plastic-spare-parts-bins-500\/#breadcrumb"},"inLanguage":"fr-FR","potentialAction":[{"@type":"ReadAction","target":["https:\/\/www.plastic-crates.com\/product\/plastic-spare-parts-bins-500\/"]}]},{"@type":"ImageObject","inLanguage":"fr-FR","@id":"https:\/\/www.plastic-crates.com\/product\/plastic-spare-parts-bins-500\/#primaryimage","url":"https:\/\/www.plastic-crates.com\/wp-content\/uploads\/2023\/07\/plastic-spare-parts-bins-2.jpeg","contentUrl":"https:\/\/www.plastic-crates.com\/wp-content\/uploads\/2023\/07\/plastic-spare-parts-bins-2.jpeg","width":700,"height":700,"caption":"plastic spare parts bins"},{"@type":"BreadcrumbList","@id":"https:\/\/www.plastic-crates.com\/product\/plastic-spare-parts-bins-500\/#breadcrumb","itemListElement":[{"@type":"ListItem","position":1,"name":"Home","item":"https:\/\/www.plastic-crates.com\/"},{"@type":"ListItem","position":2,"name":"Products","item":"https:\/\/www.plastic-crates.com\/shop\/"},{"@type":"ListItem","position":3,"name":"Plastic spare parts bins-500"}]},{"@type":"WebSite","@id":"https:\/\/www.plastic-crates.com\/#website","url":"https:\/\/www.plastic-crates.com\/","name":"plastic-crates.com","description":"Fabricant leader de caisses en plastique en Chine","potentialAction":[{"@type":"SearchAction","target":{"@type":"EntryPoint","urlTemplate":"https:\/\/www.plastic-crates.com\/?s={search_term_string}"},"query-input":{"@type":"PropertyValueSpecification","valueRequired":true,"valueName":"search_term_string"}}],"inLanguage":"fr-FR"}]}},"_links":{"self":[{"href":"https:\/\/www.plastic-crates.com\/fr\/wp-json\/wp\/v2\/product\/7251","targetHints":{"allow":["GET"]}}],"collection":[{"href":"https:\/\/www.plastic-crates.com\/fr\/wp-json\/wp\/v2\/product"}],"about":[{"href":"https:\/\/www.plastic-crates.com\/fr\/wp-json\/wp\/v2\/types\/product"}],"wp:featuredmedia":[{"embeddable":true,"href":"https:\/\/www.plastic-crates.com\/fr\/wp-json\/wp\/v2\/media\/7254"}],"wp:attachment":[{"href":"https:\/\/www.plastic-crates.com\/fr\/wp-json\/wp\/v2\/media?parent=7251"}],"wp:term":[{"taxonomy":"product_brand","embeddable":true,"href":"https:\/\/www.plastic-crates.com\/fr\/wp-json\/wp\/v2\/product_brand?post=7251"},{"taxonomy":"product_cat","embeddable":true,"href":"https:\/\/www.plastic-crates.com\/fr\/wp-json\/wp\/v2\/product_cat?post=7251"},{"taxonomy":"product_tag","embeddable":true,"href":"https:\/\/www.plastic-crates.com\/fr\/wp-json\/wp\/v2\/product_tag?post=7251"}],"curies":[{"name":"wp","href":"https:\/\/api.w.org\/{rel}","templated":true}]}}