{"id":7343,"date":"2023-11-26T07:59:05","date_gmt":"2023-11-26T07:59:05","guid":{"rendered":"https:\/\/www.plastic-crates.com\/?post_type=product&#038;p=7343"},"modified":"2023-11-26T08:19:13","modified_gmt":"2023-11-26T08:19:13","slug":"jardiniere-jardinieres-bacs-a-plantation-pour-jardin","status":"publish","type":"product","link":"https:\/\/www.plastic-crates.com\/fr\/product\/jardiniere-jardinieres-bacs-a-plantation-pour-jardin\/","title":{"rendered":"Jardini\u00e8re de jardin, bacs \u00e0 plantation pour jardin"},"content":{"rendered":"<p>Pr\u00e9sentation de notre <strong>Jardini\u00e8re de jardin<\/strong> \u2013 L&#039;alliance parfaite du style et de la fonctionnalit\u00e9 pour cultiver un jardin florissant \u00e0 port\u00e9e de main. Con\u00e7ues pour sublimer votre jardinage, ces jardini\u00e8res offrent une solution pratique et esth\u00e9tique pour cultiver herbes, fleurs ou l\u00e9gumes.<\/p>\n<p><strong>Construction durable<\/strong><\/p>\n<p>Fabriqu\u00e9s \u00e0 partir de mat\u00e9riaux durables et r\u00e9sistants aux intemp\u00e9ries, ces jardini\u00e8res sont con\u00e7ues pour r\u00e9sister aux intemp\u00e9ries tout en pr\u00e9servant leur int\u00e9grit\u00e9 structurelle. Votre investissement est prot\u00e9g\u00e9 saison apr\u00e8s saison.<\/p>\n<p><strong>Mise en page personnalisable<\/strong><\/p>\n<p>La conception modulaire permet de configurer facilement plusieurs jardini\u00e8res et de cr\u00e9er un am\u00e9nagement personnalis\u00e9. Exp\u00e9rimentez diff\u00e9rentes configurations pour les adapter \u00e0 votre espace et \u00e0 vos pr\u00e9f\u00e9rences esth\u00e9tiques.<\/p>\n<p><strong>Drainage int\u00e9gr\u00e9<\/strong><\/p>\n<p>Chaque bac est \u00e9quip\u00e9 d&#039;un syst\u00e8me de drainage int\u00e9gr\u00e9 pour \u00e9viter les exc\u00e8s d&#039;arrosage et favoriser un syst\u00e8me racinaire sain. Dites adieu \u00e0 l&#039;eau stagnante et bonjour \u00e0 des plantes \u00e9clatantes et florissantes.<\/p>\n<p><strong>Plantation polyvalente<\/strong><\/p>\n<p>Adapt\u00e9s \u00e0 une grande vari\u00e9t\u00e9 de plantes, des herbes aromatiques aux fleurs \u00e9clatantes en passant par les l\u00e9gumes frais, nos bacs \u00e0 plantes r\u00e9pondent \u00e0 vos envies de jardinage. Cultivez vos propres l\u00e9gumes ou cr\u00e9ez un \u00e9crin de fleurs \u00e9panouies\u00a0: les possibilit\u00e9s sont infinies.<\/p>\n<p>Application:<\/p>\n<p><strong>jardini\u00e8re de balcon<\/strong><\/p>\n<p><strong><span data-spm-anchor-id=\"a2700.details.0.i89.49366eb2tVqa9e\">Bo\u00eete de culture pour jardini\u00e8res<\/span><\/strong><\/p>\n<p>&nbsp;<\/p>\n<p><a href=\"https:\/\/www.plastic-crates.com\/fr\/product-category\/sacs-fourre-tout-avec-couvercles\/\" target=\"_blank\" rel=\"noopener\">sac fourre-tout \u00e0 rabat<\/a>, <a href=\"https:\/\/www.plastic-crate.co.uk\/product-category\/plastic-trays\/\" target=\"_blank\" rel=\"noopener\">fabricants de plateaux en plastique personnalis\u00e9s<\/a>,<a href=\"https:\/\/www.poolteststrip.com\/product-category\/ph-test-strips\/\" target=\"_blank\" rel=\"noopener\">bandelettes de test de niveau de pH<\/a><\/p>","protected":false},"excerpt":{"rendered":"<p>Introducing our Garden planter box \u2013 the perfect fusion of style and functionality for cultivating a thriving garden right at&hellip;<\/p>","protected":false},"featured_media":7348,"template":"","meta":{"_acf_changed":false},"product_brand":[],"product_cat":[68],"product_tag":[],"class_list":{"0":"post-7343","1":"product","2":"type-product","3":"status-publish","4":"has-post-thumbnail","6":"product_cat-uncategorized","8":"first","9":"instock","10":"shipping-taxable","11":"product-type-simple"},"acf":[],"yoast_head":"<!-- This site is optimized with the Yoast SEO plugin v26.1.1 - https:\/\/yoast.com\/wordpress\/plugins\/seo\/ -->\n<title>Garden planter box, planting boxes for garden - plastic-crates.com<\/title>\n<meta name=\"description\" content=\"Wholesale Garden planter box, planting boxes for garden, cheap planter boxes for gardensupplier, planting garden boxes distributor\" \/>\n<meta name=\"robots\" content=\"index, follow, max-snippet:-1, max-image-preview:large, max-video-preview:-1\" \/>\n<link rel=\"canonical\" href=\"https:\/\/www.plastic-crates.com\/fr\/product\/jardiniere-jardinieres-bacs-a-plantation-pour-jardin\/\" \/>\n<meta property=\"og:locale\" content=\"fr_FR\" \/>\n<meta property=\"og:type\" content=\"article\" \/>\n<meta property=\"og:title\" content=\"Garden planter box, planting boxes for garden - plastic-crates.com\" \/>\n<meta property=\"og:description\" content=\"Wholesale Garden planter box, planting boxes for garden, cheap planter boxes for gardensupplier, planting garden boxes distributor\" \/>\n<meta property=\"og:url\" content=\"https:\/\/www.plastic-crates.com\/fr\/product\/jardiniere-jardinieres-bacs-a-plantation-pour-jardin\/\" \/>\n<meta property=\"og:site_name\" content=\"plastic-crates.com\" \/>\n<meta property=\"article:modified_time\" content=\"2023-11-26T08:19:13+00:00\" \/>\n<meta property=\"og:image\" content=\"https:\/\/www.plastic-crates.com\/wp-content\/uploads\/2023\/11\/garden-planter-box-5.jpeg\" \/>\n\t<meta property=\"og:image:width\" content=\"696\" \/>\n\t<meta property=\"og:image:height\" content=\"624\" \/>\n\t<meta property=\"og:image:type\" content=\"image\/jpeg\" \/>\n<meta name=\"twitter:card\" content=\"summary_large_image\" \/>\n<meta name=\"twitter:label1\" content=\"Dur\u00e9e de lecture estim\u00e9e\" \/>\n\t<meta name=\"twitter:data1\" content=\"1 minute\" \/>\n<script type=\"application\/ld+json\" class=\"yoast-schema-graph\">{\"@context\":\"https:\/\/schema.org\",\"@graph\":[{\"@type\":\"WebPage\",\"@id\":\"https:\/\/www.plastic-crates.com\/product\/garden-planter-box-planting-boxes-for-garden\/\",\"url\":\"https:\/\/www.plastic-crates.com\/product\/garden-planter-box-planting-boxes-for-garden\/\",\"name\":\"Garden planter box, planting boxes for garden - plastic-crates.com\",\"isPartOf\":{\"@id\":\"https:\/\/www.plastic-crates.com\/#website\"},\"primaryImageOfPage\":{\"@id\":\"https:\/\/www.plastic-crates.com\/product\/garden-planter-box-planting-boxes-for-garden\/#primaryimage\"},\"image\":{\"@id\":\"https:\/\/www.plastic-crates.com\/product\/garden-planter-box-planting-boxes-for-garden\/#primaryimage\"},\"thumbnailUrl\":\"https:\/\/www.plastic-crates.com\/wp-content\/uploads\/2023\/11\/garden-planter-box-5.jpeg\",\"datePublished\":\"2023-11-26T07:59:05+00:00\",\"dateModified\":\"2023-11-26T08:19:13+00:00\",\"description\":\"Wholesale Garden planter box, planting boxes for garden, cheap planter boxes for gardensupplier, planting garden boxes distributor\",\"breadcrumb\":{\"@id\":\"https:\/\/www.plastic-crates.com\/product\/garden-planter-box-planting-boxes-for-garden\/#breadcrumb\"},\"inLanguage\":\"fr-FR\",\"potentialAction\":[{\"@type\":\"ReadAction\",\"target\":[\"https:\/\/www.plastic-crates.com\/product\/garden-planter-box-planting-boxes-for-garden\/\"]}]},{\"@type\":\"ImageObject\",\"inLanguage\":\"fr-FR\",\"@id\":\"https:\/\/www.plastic-crates.com\/product\/garden-planter-box-planting-boxes-for-garden\/#primaryimage\",\"url\":\"https:\/\/www.plastic-crates.com\/wp-content\/uploads\/2023\/11\/garden-planter-box-5.jpeg\",\"contentUrl\":\"https:\/\/www.plastic-crates.com\/wp-content\/uploads\/2023\/11\/garden-planter-box-5.jpeg\",\"width\":696,\"height\":624,\"caption\":\"planting boxes for garden\"},{\"@type\":\"BreadcrumbList\",\"@id\":\"https:\/\/www.plastic-crates.com\/product\/garden-planter-box-planting-boxes-for-garden\/#breadcrumb\",\"itemListElement\":[{\"@type\":\"ListItem\",\"position\":1,\"name\":\"Home\",\"item\":\"https:\/\/www.plastic-crates.com\/\"},{\"@type\":\"ListItem\",\"position\":2,\"name\":\"Products\",\"item\":\"https:\/\/www.plastic-crates.com\/shop\/\"},{\"@type\":\"ListItem\",\"position\":3,\"name\":\"Garden planter box, planting boxes for garden\"}]},{\"@type\":\"WebSite\",\"@id\":\"https:\/\/www.plastic-crates.com\/#website\",\"url\":\"https:\/\/www.plastic-crates.com\/\",\"name\":\"plastic-crates.com\",\"description\":\"Leading plastic crates manufacturer in China\",\"potentialAction\":[{\"@type\":\"SearchAction\",\"target\":{\"@type\":\"EntryPoint\",\"urlTemplate\":\"https:\/\/www.plastic-crates.com\/?s={search_term_string}\"},\"query-input\":{\"@type\":\"PropertyValueSpecification\",\"valueRequired\":true,\"valueName\":\"search_term_string\"}}],\"inLanguage\":\"fr-FR\"}]}<\/script>\n<!-- \/ Yoast SEO plugin. -->","yoast_head_json":{"title":"Bac \u00e0 fleurs pour jardin - plastic-crates.com","description":"Jardini\u00e8res de jardin en gros, jardini\u00e8res pour jardin, jardini\u00e8res bon march\u00e9 pour fournisseur, jardini\u00e8res de jardin distributeur","robots":{"index":"index","follow":"follow","max-snippet":"max-snippet:-1","max-image-preview":"max-image-preview:large","max-video-preview":"max-video-preview:-1"},"canonical":"https:\/\/www.plastic-crates.com\/fr\/product\/jardiniere-jardinieres-bacs-a-plantation-pour-jardin\/","og_locale":"fr_FR","og_type":"article","og_title":"Garden planter box, planting boxes for garden - plastic-crates.com","og_description":"Wholesale Garden planter box, planting boxes for garden, cheap planter boxes for gardensupplier, planting garden boxes distributor","og_url":"https:\/\/www.plastic-crates.com\/fr\/product\/jardiniere-jardinieres-bacs-a-plantation-pour-jardin\/","og_site_name":"plastic-crates.com","article_modified_time":"2023-11-26T08:19:13+00:00","og_image":[{"width":696,"height":624,"url":"https:\/\/www.plastic-crates.com\/wp-content\/uploads\/2023\/11\/garden-planter-box-5.jpeg","type":"image\/jpeg"}],"twitter_card":"summary_large_image","twitter_misc":{"Dur\u00e9e de lecture estim\u00e9e":"1 minute"},"schema":{"@context":"https:\/\/schema.org","@graph":[{"@type":"WebPage","@id":"https:\/\/www.plastic-crates.com\/product\/garden-planter-box-planting-boxes-for-garden\/","url":"https:\/\/www.plastic-crates.com\/product\/garden-planter-box-planting-boxes-for-garden\/","name":"Bac \u00e0 fleurs pour jardin - plastic-crates.com","isPartOf":{"@id":"https:\/\/www.plastic-crates.com\/#website"},"primaryImageOfPage":{"@id":"https:\/\/www.plastic-crates.com\/product\/garden-planter-box-planting-boxes-for-garden\/#primaryimage"},"image":{"@id":"https:\/\/www.plastic-crates.com\/product\/garden-planter-box-planting-boxes-for-garden\/#primaryimage"},"thumbnailUrl":"https:\/\/www.plastic-crates.com\/wp-content\/uploads\/2023\/11\/garden-planter-box-5.jpeg","datePublished":"2023-11-26T07:59:05+00:00","dateModified":"2023-11-26T08:19:13+00:00","description":"Jardini\u00e8res de jardin en gros, jardini\u00e8res pour jardin, jardini\u00e8res bon march\u00e9 pour fournisseur, jardini\u00e8res de jardin distributeur","breadcrumb":{"@id":"https:\/\/www.plastic-crates.com\/product\/garden-planter-box-planting-boxes-for-garden\/#breadcrumb"},"inLanguage":"fr-FR","potentialAction":[{"@type":"ReadAction","target":["https:\/\/www.plastic-crates.com\/product\/garden-planter-box-planting-boxes-for-garden\/"]}]},{"@type":"ImageObject","inLanguage":"fr-FR","@id":"https:\/\/www.plastic-crates.com\/product\/garden-planter-box-planting-boxes-for-garden\/#primaryimage","url":"https:\/\/www.plastic-crates.com\/wp-content\/uploads\/2023\/11\/garden-planter-box-5.jpeg","contentUrl":"https:\/\/www.plastic-crates.com\/wp-content\/uploads\/2023\/11\/garden-planter-box-5.jpeg","width":696,"height":624,"caption":"planting boxes for garden"},{"@type":"BreadcrumbList","@id":"https:\/\/www.plastic-crates.com\/product\/garden-planter-box-planting-boxes-for-garden\/#breadcrumb","itemListElement":[{"@type":"ListItem","position":1,"name":"Home","item":"https:\/\/www.plastic-crates.com\/"},{"@type":"ListItem","position":2,"name":"Products","item":"https:\/\/www.plastic-crates.com\/shop\/"},{"@type":"ListItem","position":3,"name":"Garden planter box, planting boxes for garden"}]},{"@type":"WebSite","@id":"https:\/\/www.plastic-crates.com\/#website","url":"https:\/\/www.plastic-crates.com\/","name":"plastic-crates.com","description":"Fabricant leader de caisses en plastique en Chine","potentialAction":[{"@type":"SearchAction","target":{"@type":"EntryPoint","urlTemplate":"https:\/\/www.plastic-crates.com\/?s={search_term_string}"},"query-input":{"@type":"PropertyValueSpecification","valueRequired":true,"valueName":"search_term_string"}}],"inLanguage":"fr-FR"}]}},"_links":{"self":[{"href":"https:\/\/www.plastic-crates.com\/fr\/wp-json\/wp\/v2\/product\/7343","targetHints":{"allow":["GET"]}}],"collection":[{"href":"https:\/\/www.plastic-crates.com\/fr\/wp-json\/wp\/v2\/product"}],"about":[{"href":"https:\/\/www.plastic-crates.com\/fr\/wp-json\/wp\/v2\/types\/product"}],"wp:featuredmedia":[{"embeddable":true,"href":"https:\/\/www.plastic-crates.com\/fr\/wp-json\/wp\/v2\/media\/7348"}],"wp:attachment":[{"href":"https:\/\/www.plastic-crates.com\/fr\/wp-json\/wp\/v2\/media?parent=7343"}],"wp:term":[{"taxonomy":"product_brand","embeddable":true,"href":"https:\/\/www.plastic-crates.com\/fr\/wp-json\/wp\/v2\/product_brand?post=7343"},{"taxonomy":"product_cat","embeddable":true,"href":"https:\/\/www.plastic-crates.com\/fr\/wp-json\/wp\/v2\/product_cat?post=7343"},{"taxonomy":"product_tag","embeddable":true,"href":"https:\/\/www.plastic-crates.com\/fr\/wp-json\/wp\/v2\/product_tag?post=7343"}],"curies":[{"name":"wp","href":"https:\/\/api.w.org\/{rel}","templated":true}]}}