{"id":7349,"date":"2023-11-26T10:38:59","date_gmt":"2023-11-26T10:38:59","guid":{"rendered":"https:\/\/www.plastic-crates.com\/?post_type=product&#038;p=7349"},"modified":"2026-03-05T13:37:19","modified_gmt":"2026-03-05T13:37:19","slug":"palette-de-confinement-des-deversements-palette-de-confinement-des-deversements-de-futs","status":"publish","type":"product","link":"https:\/\/www.plastic-crates.com\/fr\/product\/palette-de-confinement-des-deversements-palette-de-confinement-des-deversements-de-futs\/","title":{"rendered":"Palette de confinement des d\u00e9versements, palette de confinement des d\u00e9versements de f\u00fbts"},"content":{"rendered":"<p>Pr\u00e9sentation de nos palettes de confinement des d\u00e9versements :<\/p>\n<p>La solution id\u00e9ale pour prot\u00e9ger votre lieu de travail et l&#039;environnement gr\u00e2ce \u00e0 une gestion et un confinement efficaces des mati\u00e8res dangereuses. Con\u00e7ues dans un souci de durabilit\u00e9 et de conformit\u00e9, ces palettes offrent une protection fiable contre les d\u00e9versements et fuites accidentels. Adapt\u00e9es aux f\u00fbts d&#039;huile.<\/p>\n<div style=\"width: 1170px;\" class=\"wp-video\"><!--[if lt IE 9]><script>document.createElement('video');<\/script><![endif]-->\n<video class=\"wp-video-shortcode\" id=\"video-7349-1\" width=\"1170\" height=\"658\" preload=\"metadata\" controls=\"controls\"><source type=\"video\/mp4\" src=\"https:\/\/www.plastic-crates.com\/wp-content\/uploads\/2023\/11\/spill-containment-pallets.mp4?_=1\" \/><a href=\"https:\/\/www.plastic-crates.com\/wp-content\/uploads\/2023\/11\/spill-containment-pallets.mp4\">https:\/\/www.plastic-crates.com\/wp-content\/uploads\/2023\/11\/spill-containment-pallets.mp4<\/a><\/video><\/div>\n<p>&nbsp;<\/p>\n<h3>Dimensions des palettes de confinement des d\u00e9versements<\/h3>\n<p><img loading=\"lazy\" decoding=\"async\" class=\"alignnone size-full wp-image-7363\" src=\"https:\/\/www.plastic-crates.com\/wp-content\/uploads\/2023\/11\/oil-spill-pallet-two-types.jpeg\" alt=\"dimensions de la palette de confinement des d\u00e9versements de f\u00fbts\" width=\"750\" height=\"871\" srcset=\"https:\/\/www.plastic-crates.com\/wp-content\/uploads\/2023\/11\/oil-spill-pallet-two-types.jpeg 750w, https:\/\/www.plastic-crates.com\/wp-content\/uploads\/2023\/11\/oil-spill-pallet-two-types-258x300.jpeg 258w, https:\/\/www.plastic-crates.com\/wp-content\/uploads\/2023\/11\/oil-spill-pallet-two-types-600x697.jpeg 600w\" sizes=\"auto, (max-width: 750px) 100vw, 750px\" \/> <img loading=\"lazy\" decoding=\"async\" class=\"alignnone size-full wp-image-7362\" src=\"https:\/\/www.plastic-crates.com\/wp-content\/uploads\/2023\/11\/oil-spill-pallet-material.jpeg\" alt=\"mat\u00e9riau de palette de confinement des d\u00e9versements de f\u00fbts\" width=\"750\" height=\"698\" srcset=\"https:\/\/www.plastic-crates.com\/wp-content\/uploads\/2023\/11\/oil-spill-pallet-material.jpeg 750w, https:\/\/www.plastic-crates.com\/wp-content\/uploads\/2023\/11\/oil-spill-pallet-material-300x279.jpeg 300w, https:\/\/www.plastic-crates.com\/wp-content\/uploads\/2023\/11\/oil-spill-pallet-material-600x558.jpeg 600w\" sizes=\"auto, (max-width: 750px) 100vw, 750px\" \/><\/p>\n<p><strong>Construction robuste :<\/strong><\/p>\n<p>Notre palette de confinement des d\u00e9versements est fabriqu\u00e9e \u00e0 partir de mat\u00e9riaux de haute qualit\u00e9 et r\u00e9sistants aux produits chimiques pour r\u00e9sister aux contraintes li\u00e9es aux substances dangereuses. Sa conception robuste garantit durabilit\u00e9 et long\u00e9vit\u00e9 dans les environnements industriels exigeants.<\/p>\n<p><strong>Conception modulaire :<\/strong><\/p>\n<p>La conception modulaire permet de configurer les palettes de confinement des d\u00e9versements selon des configurations personnalis\u00e9es, s&#039;adaptant ainsi aux exigences sp\u00e9cifiques de votre zone de stockage. Cr\u00e9ez un syst\u00e8me de confinement des d\u00e9versements efficace et adapt\u00e9 \u00e0 vos besoins op\u00e9rationnels. <img loading=\"lazy\" decoding=\"async\" class=\"alignnone size-full wp-image-7361\" src=\"https:\/\/www.plastic-crates.com\/wp-content\/uploads\/2023\/11\/oil-spill-pallet-4-drum.jpeg\" alt=\"palette de confinement des d\u00e9versements de f\u00fbts 4 f\u00fbts\" width=\"750\" height=\"808\" srcset=\"https:\/\/www.plastic-crates.com\/wp-content\/uploads\/2023\/11\/oil-spill-pallet-4-drum.jpeg 750w, https:\/\/www.plastic-crates.com\/wp-content\/uploads\/2023\/11\/oil-spill-pallet-4-drum-278x300.jpeg 278w, https:\/\/www.plastic-crates.com\/wp-content\/uploads\/2023\/11\/oil-spill-pallet-4-drum-600x646.jpeg 600w\" sizes=\"auto, (max-width: 750px) 100vw, 750px\" \/> <img loading=\"lazy\" decoding=\"async\" class=\"alignnone size-full wp-image-7360\" src=\"https:\/\/www.plastic-crates.com\/wp-content\/uploads\/2023\/11\/oil-spill-containment-pallet-outfall.jpeg\" alt=\"d\u00e9versement de f\u00fbts, d\u00e9versement de palettes\" width=\"750\" height=\"254\" srcset=\"https:\/\/www.plastic-crates.com\/wp-content\/uploads\/2023\/11\/oil-spill-containment-pallet-outfall.jpeg 750w, https:\/\/www.plastic-crates.com\/wp-content\/uploads\/2023\/11\/oil-spill-containment-pallet-outfall-300x102.jpeg 300w, https:\/\/www.plastic-crates.com\/wp-content\/uploads\/2023\/11\/oil-spill-containment-pallet-outfall-600x203.jpeg 600w\" sizes=\"auto, (max-width: 750px) 100vw, 750px\" \/> <img loading=\"lazy\" decoding=\"async\" class=\"alignnone size-full wp-image-7359\" src=\"https:\/\/www.plastic-crates.com\/wp-content\/uploads\/2023\/11\/oil-spill-containment-pallet-detail.jpeg\" alt=\"d\u00e9tail de la palette de confinement des d\u00e9versements de f\u00fbts\" width=\"750\" height=\"503\" srcset=\"https:\/\/www.plastic-crates.com\/wp-content\/uploads\/2023\/11\/oil-spill-containment-pallet-detail.jpeg 750w, https:\/\/www.plastic-crates.com\/wp-content\/uploads\/2023\/11\/oil-spill-containment-pallet-detail-300x201.jpeg 300w, https:\/\/www.plastic-crates.com\/wp-content\/uploads\/2023\/11\/oil-spill-containment-pallet-detail-600x402.jpeg 600w\" sizes=\"auto, (max-width: 750px) 100vw, 750px\" \/><\/p>\n<p><strong>Confinement s\u00e9curis\u00e9 :<\/strong><\/p>\n<p>\u00c9quip\u00e9es de bacs de r\u00e9tention ou de grilles, ces palettes sont con\u00e7ues pour capter et retenir les d\u00e9versements, emp\u00eachant leur propagation et nuisant \u00e0 l&#039;environnement. Ce confinement s\u00e9curis\u00e9 minimise les risques d&#039;accident et facilite le nettoyage.<\/p>\n<p>&nbsp;<\/p>\n<p>&nbsp;<\/p>\n<p><img loading=\"lazy\" decoding=\"async\" class=\"alignnone size-full wp-image-7358\" src=\"https:\/\/www.plastic-crates.com\/wp-content\/uploads\/2023\/11\/drum-spill-containment-pallet-show.jpeg\" alt=\"exposition de palettes de confinement des d\u00e9versements de f\u00fbts\" width=\"750\" height=\"1064\" srcset=\"https:\/\/www.plastic-crates.com\/wp-content\/uploads\/2023\/11\/drum-spill-containment-pallet-show.jpeg 750w, https:\/\/www.plastic-crates.com\/wp-content\/uploads\/2023\/11\/drum-spill-containment-pallet-show-211x300.jpeg 211w, https:\/\/www.plastic-crates.com\/wp-content\/uploads\/2023\/11\/drum-spill-containment-pallet-show-722x1024.jpeg 722w, https:\/\/www.plastic-crates.com\/wp-content\/uploads\/2023\/11\/drum-spill-containment-pallet-show-600x851.jpeg 600w\" sizes=\"auto, (max-width: 750px) 100vw, 750px\" \/><\/p>\n<p><strong>Manipulation facile :<\/strong><\/p>\n<p>Dot\u00e9es de passages pour chariot \u00e9l\u00e9vateur ou d&#039;autres options de manutention, nos palettes de confinement des d\u00e9versements sont con\u00e7ues pour \u00eatre faciles \u00e0 transporter et \u00e0 man\u0153uvrer. Cela facilite le placement, le d\u00e9placement et la maintenance au sein de votre installation.<\/p>\n<p><img loading=\"lazy\" decoding=\"async\" class=\"alignnone size-full wp-image-7357\" src=\"https:\/\/www.plastic-crates.com\/wp-content\/uploads\/2023\/11\/drum-spill-containment-pallet-nestable.jpeg\" alt=\"confinement des d\u00e9versements de f\u00fbts embo\u00eetables\" width=\"750\" height=\"584\" srcset=\"https:\/\/www.plastic-crates.com\/wp-content\/uploads\/2023\/11\/drum-spill-containment-pallet-nestable.jpeg 750w, https:\/\/www.plastic-crates.com\/wp-content\/uploads\/2023\/11\/drum-spill-containment-pallet-nestable-300x234.jpeg 300w, https:\/\/www.plastic-crates.com\/wp-content\/uploads\/2023\/11\/drum-spill-containment-pallet-nestable-600x467.jpeg 600w\" sizes=\"auto, (max-width: 750px) 100vw, 750px\" \/><\/p>\n<p><a href=\"https:\/\/www.plastic-crates.com\/fr\/product-category\/sacs-fourre-tout-avec-couvercles\/\" target=\"_blank\" rel=\"noopener\">bacs de rangement avec couvercles<\/a>, <a href=\"https:\/\/www.plastic-crate.co.uk\/product-category\/plastic-trays\/\" target=\"_blank\" rel=\"noopener\">plateau \u00e0 p\u00e2te avec couvercle<\/a>,<a href=\"https:\/\/www.ph-teststrips.com\/product-category\/test-strips-for-water-hardness\/\" target=\"_blank\" rel=\"noopener\">bandelettes de test de duret\u00e9 de l&#039;eau<\/a><\/p>","protected":false},"excerpt":{"rendered":"<p>Introducing our Spill Containment Pallets: the ultimate solution for safeguarding your workplace and the environment by effectively managing and containing&hellip;<\/p>","protected":false},"featured_media":7350,"template":"","meta":{"_acf_changed":false},"product_brand":[],"product_cat":[155],"product_tag":[141],"class_list":{"0":"post-7349","1":"product","2":"type-product","3":"status-publish","4":"has-post-thumbnail","6":"product_cat-pallets-manufacturer","7":"product_tag-ibc-spill-containment-pallet","9":"first","10":"instock","11":"sale","12":"shipping-taxable","13":"purchasable","14":"product-type-simple"},"acf":[],"yoast_head":"<!-- This site is optimized with the Yoast SEO plugin v26.1.1 - https:\/\/yoast.com\/wordpress\/plugins\/seo\/ -->\n<title>Spill containment pallet, drum spill containment pallet - plastic-crates.com<\/title>\n<meta name=\"description\" content=\"Wholesale Spill containment pallet, drum spill containment pallets, cheap ibc spill containment pallet, Spill containment pallet for sale\" \/>\n<meta name=\"robots\" content=\"index, follow, max-snippet:-1, max-image-preview:large, max-video-preview:-1\" \/>\n<link rel=\"canonical\" href=\"https:\/\/www.plastic-crates.com\/fr\/product\/palette-de-confinement-des-deversements-palette-de-confinement-des-deversements-de-futs\/\" \/>\n<meta property=\"og:locale\" content=\"fr_FR\" \/>\n<meta property=\"og:type\" content=\"article\" \/>\n<meta property=\"og:title\" content=\"Spill containment pallet, drum spill containment pallet - plastic-crates.com\" \/>\n<meta property=\"og:description\" content=\"Wholesale Spill containment pallet, drum spill containment pallets, cheap ibc spill containment pallet, Spill containment pallet for sale\" \/>\n<meta property=\"og:url\" content=\"https:\/\/www.plastic-crates.com\/fr\/product\/palette-de-confinement-des-deversements-palette-de-confinement-des-deversements-de-futs\/\" \/>\n<meta property=\"og:site_name\" content=\"plastic-crates.com\" \/>\n<meta property=\"article:modified_time\" content=\"2026-03-05T13:37:19+00:00\" \/>\n<meta property=\"og:image\" content=\"https:\/\/www.plastic-crates.com\/wp-content\/uploads\/2023\/11\/spill-containment-pallets-1.jpeg\" \/>\n\t<meta property=\"og:image:width\" content=\"800\" \/>\n\t<meta property=\"og:image:height\" content=\"800\" \/>\n\t<meta property=\"og:image:type\" content=\"image\/jpeg\" \/>\n<meta name=\"twitter:card\" content=\"summary_large_image\" \/>\n<meta name=\"twitter:label1\" content=\"Dur\u00e9e de lecture estim\u00e9e\" \/>\n\t<meta name=\"twitter:data1\" content=\"3 minutes\" \/>\n<script type=\"application\/ld+json\" class=\"yoast-schema-graph\">{\"@context\":\"https:\/\/schema.org\",\"@graph\":[{\"@type\":\"WebPage\",\"@id\":\"https:\/\/www.plastic-crates.com\/product\/spill-containment-pallet-drum-spill-containment-pallet\/\",\"url\":\"https:\/\/www.plastic-crates.com\/product\/spill-containment-pallet-drum-spill-containment-pallet\/\",\"name\":\"Spill containment pallet, drum spill containment pallet - plastic-crates.com\",\"isPartOf\":{\"@id\":\"https:\/\/www.plastic-crates.com\/#website\"},\"primaryImageOfPage\":{\"@id\":\"https:\/\/www.plastic-crates.com\/product\/spill-containment-pallet-drum-spill-containment-pallet\/#primaryimage\"},\"image\":{\"@id\":\"https:\/\/www.plastic-crates.com\/product\/spill-containment-pallet-drum-spill-containment-pallet\/#primaryimage\"},\"thumbnailUrl\":\"https:\/\/www.plastic-crates.com\/wp-content\/uploads\/2023\/11\/spill-containment-pallets-1.jpeg\",\"datePublished\":\"2023-11-26T10:38:59+00:00\",\"dateModified\":\"2026-03-05T13:37:19+00:00\",\"description\":\"Wholesale Spill containment pallet, drum spill containment pallets, cheap ibc spill containment pallet, Spill containment pallet for sale\",\"breadcrumb\":{\"@id\":\"https:\/\/www.plastic-crates.com\/product\/spill-containment-pallet-drum-spill-containment-pallet\/#breadcrumb\"},\"inLanguage\":\"fr-FR\",\"potentialAction\":[{\"@type\":\"ReadAction\",\"target\":[\"https:\/\/www.plastic-crates.com\/product\/spill-containment-pallet-drum-spill-containment-pallet\/\"]}]},{\"@type\":\"ImageObject\",\"inLanguage\":\"fr-FR\",\"@id\":\"https:\/\/www.plastic-crates.com\/product\/spill-containment-pallet-drum-spill-containment-pallet\/#primaryimage\",\"url\":\"https:\/\/www.plastic-crates.com\/wp-content\/uploads\/2023\/11\/spill-containment-pallets-1.jpeg\",\"contentUrl\":\"https:\/\/www.plastic-crates.com\/wp-content\/uploads\/2023\/11\/spill-containment-pallets-1.jpeg\",\"width\":800,\"height\":800,\"caption\":\"spill containment pallets\"},{\"@type\":\"BreadcrumbList\",\"@id\":\"https:\/\/www.plastic-crates.com\/product\/spill-containment-pallet-drum-spill-containment-pallet\/#breadcrumb\",\"itemListElement\":[{\"@type\":\"ListItem\",\"position\":1,\"name\":\"Home\",\"item\":\"https:\/\/www.plastic-crates.com\/\"},{\"@type\":\"ListItem\",\"position\":2,\"name\":\"Products\",\"item\":\"https:\/\/www.plastic-crates.com\/shop\/\"},{\"@type\":\"ListItem\",\"position\":3,\"name\":\"Spill containment pallet, drum spill containment pallet\"}]},{\"@type\":\"WebSite\",\"@id\":\"https:\/\/www.plastic-crates.com\/#website\",\"url\":\"https:\/\/www.plastic-crates.com\/\",\"name\":\"plastic-crates.com\",\"description\":\"Leading plastic crates manufacturer in China\",\"potentialAction\":[{\"@type\":\"SearchAction\",\"target\":{\"@type\":\"EntryPoint\",\"urlTemplate\":\"https:\/\/www.plastic-crates.com\/?s={search_term_string}\"},\"query-input\":{\"@type\":\"PropertyValueSpecification\",\"valueRequired\":true,\"valueName\":\"search_term_string\"}}],\"inLanguage\":\"fr-FR\"}]}<\/script>\n<!-- \/ Yoast SEO plugin. -->","yoast_head_json":{"title":"Palette de r\u00e9tention des d\u00e9versements, palette de r\u00e9tention des d\u00e9versements de f\u00fbts - plastic-crates.com","description":"Palettes de r\u00e9tention des d\u00e9versements en gros, palettes de r\u00e9tention des d\u00e9versements de f\u00fbts, palettes de r\u00e9tention des d\u00e9versements IBC bon march\u00e9, palettes de r\u00e9tention des d\u00e9versements \u00e0 vendre","robots":{"index":"index","follow":"follow","max-snippet":"max-snippet:-1","max-image-preview":"max-image-preview:large","max-video-preview":"max-video-preview:-1"},"canonical":"https:\/\/www.plastic-crates.com\/fr\/product\/palette-de-confinement-des-deversements-palette-de-confinement-des-deversements-de-futs\/","og_locale":"fr_FR","og_type":"article","og_title":"Spill containment pallet, drum spill containment pallet - plastic-crates.com","og_description":"Wholesale Spill containment pallet, drum spill containment pallets, cheap ibc spill containment pallet, Spill containment pallet for sale","og_url":"https:\/\/www.plastic-crates.com\/fr\/product\/palette-de-confinement-des-deversements-palette-de-confinement-des-deversements-de-futs\/","og_site_name":"plastic-crates.com","article_modified_time":"2026-03-05T13:37:19+00:00","og_image":[{"width":800,"height":800,"url":"https:\/\/www.plastic-crates.com\/wp-content\/uploads\/2023\/11\/spill-containment-pallets-1.jpeg","type":"image\/jpeg"}],"twitter_card":"summary_large_image","twitter_misc":{"Dur\u00e9e de lecture estim\u00e9e":"3 minutes"},"schema":{"@context":"https:\/\/schema.org","@graph":[{"@type":"WebPage","@id":"https:\/\/www.plastic-crates.com\/product\/spill-containment-pallet-drum-spill-containment-pallet\/","url":"https:\/\/www.plastic-crates.com\/product\/spill-containment-pallet-drum-spill-containment-pallet\/","name":"Palette de r\u00e9tention des d\u00e9versements, palette de r\u00e9tention des d\u00e9versements de f\u00fbts - plastic-crates.com","isPartOf":{"@id":"https:\/\/www.plastic-crates.com\/#website"},"primaryImageOfPage":{"@id":"https:\/\/www.plastic-crates.com\/product\/spill-containment-pallet-drum-spill-containment-pallet\/#primaryimage"},"image":{"@id":"https:\/\/www.plastic-crates.com\/product\/spill-containment-pallet-drum-spill-containment-pallet\/#primaryimage"},"thumbnailUrl":"https:\/\/www.plastic-crates.com\/wp-content\/uploads\/2023\/11\/spill-containment-pallets-1.jpeg","datePublished":"2023-11-26T10:38:59+00:00","dateModified":"2026-03-05T13:37:19+00:00","description":"Palettes de r\u00e9tention des d\u00e9versements en gros, palettes de r\u00e9tention des d\u00e9versements de f\u00fbts, palettes de r\u00e9tention des d\u00e9versements IBC bon march\u00e9, palettes de r\u00e9tention des d\u00e9versements \u00e0 vendre","breadcrumb":{"@id":"https:\/\/www.plastic-crates.com\/product\/spill-containment-pallet-drum-spill-containment-pallet\/#breadcrumb"},"inLanguage":"fr-FR","potentialAction":[{"@type":"ReadAction","target":["https:\/\/www.plastic-crates.com\/product\/spill-containment-pallet-drum-spill-containment-pallet\/"]}]},{"@type":"ImageObject","inLanguage":"fr-FR","@id":"https:\/\/www.plastic-crates.com\/product\/spill-containment-pallet-drum-spill-containment-pallet\/#primaryimage","url":"https:\/\/www.plastic-crates.com\/wp-content\/uploads\/2023\/11\/spill-containment-pallets-1.jpeg","contentUrl":"https:\/\/www.plastic-crates.com\/wp-content\/uploads\/2023\/11\/spill-containment-pallets-1.jpeg","width":800,"height":800,"caption":"spill containment pallets"},{"@type":"BreadcrumbList","@id":"https:\/\/www.plastic-crates.com\/product\/spill-containment-pallet-drum-spill-containment-pallet\/#breadcrumb","itemListElement":[{"@type":"ListItem","position":1,"name":"Home","item":"https:\/\/www.plastic-crates.com\/"},{"@type":"ListItem","position":2,"name":"Products","item":"https:\/\/www.plastic-crates.com\/shop\/"},{"@type":"ListItem","position":3,"name":"Spill containment pallet, drum spill containment pallet"}]},{"@type":"WebSite","@id":"https:\/\/www.plastic-crates.com\/#website","url":"https:\/\/www.plastic-crates.com\/","name":"plastic-crates.com","description":"Fabricant leader de caisses en plastique en Chine","potentialAction":[{"@type":"SearchAction","target":{"@type":"EntryPoint","urlTemplate":"https:\/\/www.plastic-crates.com\/?s={search_term_string}"},"query-input":{"@type":"PropertyValueSpecification","valueRequired":true,"valueName":"search_term_string"}}],"inLanguage":"fr-FR"}]}},"_links":{"self":[{"href":"https:\/\/www.plastic-crates.com\/fr\/wp-json\/wp\/v2\/product\/7349","targetHints":{"allow":["GET"]}}],"collection":[{"href":"https:\/\/www.plastic-crates.com\/fr\/wp-json\/wp\/v2\/product"}],"about":[{"href":"https:\/\/www.plastic-crates.com\/fr\/wp-json\/wp\/v2\/types\/product"}],"wp:featuredmedia":[{"embeddable":true,"href":"https:\/\/www.plastic-crates.com\/fr\/wp-json\/wp\/v2\/media\/7350"}],"wp:attachment":[{"href":"https:\/\/www.plastic-crates.com\/fr\/wp-json\/wp\/v2\/media?parent=7349"}],"wp:term":[{"taxonomy":"product_brand","embeddable":true,"href":"https:\/\/www.plastic-crates.com\/fr\/wp-json\/wp\/v2\/product_brand?post=7349"},{"taxonomy":"product_cat","embeddable":true,"href":"https:\/\/www.plastic-crates.com\/fr\/wp-json\/wp\/v2\/product_cat?post=7349"},{"taxonomy":"product_tag","embeddable":true,"href":"https:\/\/www.plastic-crates.com\/fr\/wp-json\/wp\/v2\/product_tag?post=7349"}],"curies":[{"name":"wp","href":"https:\/\/api.w.org\/{rel}","templated":true}]}}