{"id":7378,"date":"2024-10-28T00:44:59","date_gmt":"2024-10-28T00:44:59","guid":{"rendered":"https:\/\/www.plastic-crates.com\/?post_type=product&#038;p=7378"},"modified":"2026-03-05T21:11:26","modified_gmt":"2026-03-05T21:11:26","slug":"palette-en-plastique-personnalisee-de-grande-taille-3000x3000mm","status":"publish","type":"product","link":"https:\/\/www.plastic-crates.com\/fr\/product\/palette-en-plastique-personnalisee-de-grande-taille-3000x3000mm\/","title":{"rendered":"Palette en plastique personnalis\u00e9e de grande taille 3000x3000mm"},"content":{"rendered":"<p>Les palettes plastiques grand format personnalis\u00e9es constituent un excellent investissement pour les entreprises qui doivent transporter des produits volumineux en toute s\u00e9curit\u00e9. Elles peuvent \u00eatre personnalis\u00e9es pour r\u00e9pondre aux besoins sp\u00e9cifiques de chaque activit\u00e9, ce qui am\u00e9liore l&#039;efficacit\u00e9 et r\u00e9duit les co\u00fbts.<\/p>\n<p dir=\"auto\">Les palettes en plastique ont r\u00e9volutionn\u00e9 le transport et le stockage des marchandises. Elles constituent une alternative moderne et performante aux palettes en bois traditionnelles, offrant de nombreux avantages en termes de durabilit\u00e9, d&#039;hygi\u00e8ne et de durabilit\u00e9. Gr\u00e2ce aux palettes en plastique grand format personnalisables, les entreprises peuvent d\u00e9sormais optimiser leur logistique pour r\u00e9pondre \u00e0 leurs besoins sp\u00e9cifiques.<\/p>\n<p dir=\"auto\">Parmi ces options, on trouve la palette plastique grand format personnalis\u00e9e, mesurant 3\u00a0000 x 3\u00a0000 mm. Ce format est id\u00e9al pour les entreprises n\u00e9cessitant des palettes pour transporter des machines, des \u00e9quipements ou des produits surdimensionn\u00e9s. La personnalisation permet d&#039;adapter la palette aux besoins sp\u00e9cifiques de l&#039;entreprise en int\u00e9grant des fonctionnalit\u00e9s telles que des supports multi-niveaux ou des surfaces antid\u00e9rapantes pour une stabilit\u00e9 maximale.<\/p>\n<p><strong>Conception modulaire :<\/strong><\/p>\n<p>La conception modulaire permet de configurer les palettes de confinement des d\u00e9versements selon des configurations personnalis\u00e9es, s&#039;adaptant ainsi aux exigences sp\u00e9cifiques de votre zone de stockage. Cr\u00e9ez un syst\u00e8me de confinement des d\u00e9versements efficace et adapt\u00e9 \u00e0 vos besoins op\u00e9rationnels.<\/p>\n<p><a href=\"https:\/\/www.plastic-crates.com\/fr\/product-category\/sacs-fourre-tout-avec-couvercles\/\" target=\"_blank\" rel=\"noopener\">bacs de rangement avec couvercles<\/a>, <a href=\"https:\/\/www.plastic-crate.co.uk\/product-category\/plastic-trays\/\" target=\"_blank\" rel=\"noopener\">plateau \u00e0 p\u00e2te avec couvercle<\/a>,<a href=\"https:\/\/www.ph-teststrips.com\/product-category\/salt-water-test-strips\/\" target=\"_blank\" rel=\"noopener\">water test strips manufacturer<\/a><\/p>","protected":false},"excerpt":{"rendered":"<p>Customized large size plastic pallets are an excellent investment for companies that need to transport large products safely and securely.&hellip;<\/p>","protected":false},"featured_media":7379,"template":"","meta":{"_acf_changed":false},"product_brand":[],"product_cat":[155],"product_tag":[141],"class_list":{"0":"post-7378","1":"product","2":"type-product","3":"status-publish","4":"has-post-thumbnail","6":"product_cat-pallets-manufacturer","7":"product_tag-ibc-spill-containment-pallet","9":"first","10":"instock","11":"shipping-taxable","12":"product-type-simple"},"acf":[],"yoast_head":"<!-- This site is optimized with the Yoast SEO plugin v26.1.1 - https:\/\/yoast.com\/wordpress\/plugins\/seo\/ -->\n<title>Customized large size plastic pallet 3000x3000mm - plastic-crates.com<\/title>\n<meta name=\"description\" content=\"Wholesale Customized large size plastic pallets are an excellent option to transport large products safely and securely.\" \/>\n<meta name=\"robots\" content=\"index, follow, max-snippet:-1, max-image-preview:large, max-video-preview:-1\" \/>\n<link rel=\"canonical\" href=\"https:\/\/www.plastic-crates.com\/fr\/product\/palette-en-plastique-personnalisee-de-grande-taille-3000x3000mm\/\" \/>\n<meta property=\"og:locale\" content=\"fr_FR\" \/>\n<meta property=\"og:type\" content=\"article\" \/>\n<meta property=\"og:title\" content=\"Customized large size plastic pallet 3000x3000mm - plastic-crates.com\" \/>\n<meta property=\"og:description\" content=\"Wholesale Customized large size plastic pallets are an excellent option to transport large products safely and securely.\" \/>\n<meta property=\"og:url\" content=\"https:\/\/www.plastic-crates.com\/fr\/product\/palette-en-plastique-personnalisee-de-grande-taille-3000x3000mm\/\" \/>\n<meta property=\"og:site_name\" content=\"plastic-crates.com\" \/>\n<meta property=\"article:modified_time\" content=\"2026-03-05T21:11:26+00:00\" \/>\n<meta property=\"og:image\" content=\"https:\/\/www.plastic-crates.com\/wp-content\/uploads\/2024\/10\/large-size-3000x3000mm-special-custom-built-plastic-pallet.jpg\" \/>\n\t<meta property=\"og:image:width\" content=\"650\" \/>\n\t<meta property=\"og:image:height\" content=\"474\" \/>\n\t<meta property=\"og:image:type\" content=\"image\/jpeg\" \/>\n<meta name=\"twitter:card\" content=\"summary_large_image\" \/>\n<meta name=\"twitter:label1\" content=\"Dur\u00e9e de lecture estim\u00e9e\" \/>\n\t<meta name=\"twitter:data1\" content=\"2 minutes\" \/>\n<script type=\"application\/ld+json\" class=\"yoast-schema-graph\">{\"@context\":\"https:\/\/schema.org\",\"@graph\":[{\"@type\":\"WebPage\",\"@id\":\"https:\/\/www.plastic-crates.com\/product\/customized-large-size-plastic-pallet-3000x3000mm\/\",\"url\":\"https:\/\/www.plastic-crates.com\/product\/customized-large-size-plastic-pallet-3000x3000mm\/\",\"name\":\"Customized large size plastic pallet 3000x3000mm - plastic-crates.com\",\"isPartOf\":{\"@id\":\"https:\/\/www.plastic-crates.com\/#website\"},\"primaryImageOfPage\":{\"@id\":\"https:\/\/www.plastic-crates.com\/product\/customized-large-size-plastic-pallet-3000x3000mm\/#primaryimage\"},\"image\":{\"@id\":\"https:\/\/www.plastic-crates.com\/product\/customized-large-size-plastic-pallet-3000x3000mm\/#primaryimage\"},\"thumbnailUrl\":\"https:\/\/www.plastic-crates.com\/wp-content\/uploads\/2024\/10\/large-size-3000x3000mm-special-custom-built-plastic-pallet.jpg\",\"datePublished\":\"2024-10-28T00:44:59+00:00\",\"dateModified\":\"2026-03-05T21:11:26+00:00\",\"description\":\"Wholesale Customized large size plastic pallets are an excellent option to transport large products safely and securely.\",\"breadcrumb\":{\"@id\":\"https:\/\/www.plastic-crates.com\/product\/customized-large-size-plastic-pallet-3000x3000mm\/#breadcrumb\"},\"inLanguage\":\"fr-FR\",\"potentialAction\":[{\"@type\":\"ReadAction\",\"target\":[\"https:\/\/www.plastic-crates.com\/product\/customized-large-size-plastic-pallet-3000x3000mm\/\"]}]},{\"@type\":\"ImageObject\",\"inLanguage\":\"fr-FR\",\"@id\":\"https:\/\/www.plastic-crates.com\/product\/customized-large-size-plastic-pallet-3000x3000mm\/#primaryimage\",\"url\":\"https:\/\/www.plastic-crates.com\/wp-content\/uploads\/2024\/10\/large-size-3000x3000mm-special-custom-built-plastic-pallet.jpg\",\"contentUrl\":\"https:\/\/www.plastic-crates.com\/wp-content\/uploads\/2024\/10\/large-size-3000x3000mm-special-custom-built-plastic-pallet.jpg\",\"width\":650,\"height\":474,\"caption\":\"customized large size plastic pallet 3000x3000mm\"},{\"@type\":\"BreadcrumbList\",\"@id\":\"https:\/\/www.plastic-crates.com\/product\/customized-large-size-plastic-pallet-3000x3000mm\/#breadcrumb\",\"itemListElement\":[{\"@type\":\"ListItem\",\"position\":1,\"name\":\"Home\",\"item\":\"https:\/\/www.plastic-crates.com\/\"},{\"@type\":\"ListItem\",\"position\":2,\"name\":\"Products\",\"item\":\"https:\/\/www.plastic-crates.com\/shop\/\"},{\"@type\":\"ListItem\",\"position\":3,\"name\":\"Customized large size plastic pallet 3000x3000mm\"}]},{\"@type\":\"WebSite\",\"@id\":\"https:\/\/www.plastic-crates.com\/#website\",\"url\":\"https:\/\/www.plastic-crates.com\/\",\"name\":\"plastic-crates.com\",\"description\":\"Leading plastic crates manufacturer in China\",\"potentialAction\":[{\"@type\":\"SearchAction\",\"target\":{\"@type\":\"EntryPoint\",\"urlTemplate\":\"https:\/\/www.plastic-crates.com\/?s={search_term_string}\"},\"query-input\":{\"@type\":\"PropertyValueSpecification\",\"valueRequired\":true,\"valueName\":\"search_term_string\"}}],\"inLanguage\":\"fr-FR\"}]}<\/script>\n<!-- \/ Yoast SEO plugin. -->","yoast_head_json":{"title":"Palette plastique grand format sur mesure 3000 x 3000 mm - plastic-crates.com","description":"Les palettes en plastique de grande taille personnalis\u00e9es en gros sont une excellente option pour transporter des produits de grande taille en toute s\u00e9curit\u00e9.","robots":{"index":"index","follow":"follow","max-snippet":"max-snippet:-1","max-image-preview":"max-image-preview:large","max-video-preview":"max-video-preview:-1"},"canonical":"https:\/\/www.plastic-crates.com\/fr\/product\/palette-en-plastique-personnalisee-de-grande-taille-3000x3000mm\/","og_locale":"fr_FR","og_type":"article","og_title":"Customized large size plastic pallet 3000x3000mm - plastic-crates.com","og_description":"Wholesale Customized large size plastic pallets are an excellent option to transport large products safely and securely.","og_url":"https:\/\/www.plastic-crates.com\/fr\/product\/palette-en-plastique-personnalisee-de-grande-taille-3000x3000mm\/","og_site_name":"plastic-crates.com","article_modified_time":"2026-03-05T21:11:26+00:00","og_image":[{"width":650,"height":474,"url":"https:\/\/www.plastic-crates.com\/wp-content\/uploads\/2024\/10\/large-size-3000x3000mm-special-custom-built-plastic-pallet.jpg","type":"image\/jpeg"}],"twitter_card":"summary_large_image","twitter_misc":{"Dur\u00e9e de lecture estim\u00e9e":"2 minutes"},"schema":{"@context":"https:\/\/schema.org","@graph":[{"@type":"WebPage","@id":"https:\/\/www.plastic-crates.com\/product\/customized-large-size-plastic-pallet-3000x3000mm\/","url":"https:\/\/www.plastic-crates.com\/product\/customized-large-size-plastic-pallet-3000x3000mm\/","name":"Palette plastique grand format sur mesure 3000 x 3000 mm - plastic-crates.com","isPartOf":{"@id":"https:\/\/www.plastic-crates.com\/#website"},"primaryImageOfPage":{"@id":"https:\/\/www.plastic-crates.com\/product\/customized-large-size-plastic-pallet-3000x3000mm\/#primaryimage"},"image":{"@id":"https:\/\/www.plastic-crates.com\/product\/customized-large-size-plastic-pallet-3000x3000mm\/#primaryimage"},"thumbnailUrl":"https:\/\/www.plastic-crates.com\/wp-content\/uploads\/2024\/10\/large-size-3000x3000mm-special-custom-built-plastic-pallet.jpg","datePublished":"2024-10-28T00:44:59+00:00","dateModified":"2026-03-05T21:11:26+00:00","description":"Les palettes en plastique de grande taille personnalis\u00e9es en gros sont une excellente option pour transporter des produits de grande taille en toute s\u00e9curit\u00e9.","breadcrumb":{"@id":"https:\/\/www.plastic-crates.com\/product\/customized-large-size-plastic-pallet-3000x3000mm\/#breadcrumb"},"inLanguage":"fr-FR","potentialAction":[{"@type":"ReadAction","target":["https:\/\/www.plastic-crates.com\/product\/customized-large-size-plastic-pallet-3000x3000mm\/"]}]},{"@type":"ImageObject","inLanguage":"fr-FR","@id":"https:\/\/www.plastic-crates.com\/product\/customized-large-size-plastic-pallet-3000x3000mm\/#primaryimage","url":"https:\/\/www.plastic-crates.com\/wp-content\/uploads\/2024\/10\/large-size-3000x3000mm-special-custom-built-plastic-pallet.jpg","contentUrl":"https:\/\/www.plastic-crates.com\/wp-content\/uploads\/2024\/10\/large-size-3000x3000mm-special-custom-built-plastic-pallet.jpg","width":650,"height":474,"caption":"customized large size plastic pallet 3000x3000mm"},{"@type":"BreadcrumbList","@id":"https:\/\/www.plastic-crates.com\/product\/customized-large-size-plastic-pallet-3000x3000mm\/#breadcrumb","itemListElement":[{"@type":"ListItem","position":1,"name":"Home","item":"https:\/\/www.plastic-crates.com\/"},{"@type":"ListItem","position":2,"name":"Products","item":"https:\/\/www.plastic-crates.com\/shop\/"},{"@type":"ListItem","position":3,"name":"Customized large size plastic pallet 3000x3000mm"}]},{"@type":"WebSite","@id":"https:\/\/www.plastic-crates.com\/#website","url":"https:\/\/www.plastic-crates.com\/","name":"plastic-crates.com","description":"Fabricant leader de caisses en plastique en Chine","potentialAction":[{"@type":"SearchAction","target":{"@type":"EntryPoint","urlTemplate":"https:\/\/www.plastic-crates.com\/?s={search_term_string}"},"query-input":{"@type":"PropertyValueSpecification","valueRequired":true,"valueName":"search_term_string"}}],"inLanguage":"fr-FR"}]}},"_links":{"self":[{"href":"https:\/\/www.plastic-crates.com\/fr\/wp-json\/wp\/v2\/product\/7378","targetHints":{"allow":["GET"]}}],"collection":[{"href":"https:\/\/www.plastic-crates.com\/fr\/wp-json\/wp\/v2\/product"}],"about":[{"href":"https:\/\/www.plastic-crates.com\/fr\/wp-json\/wp\/v2\/types\/product"}],"wp:featuredmedia":[{"embeddable":true,"href":"https:\/\/www.plastic-crates.com\/fr\/wp-json\/wp\/v2\/media\/7379"}],"wp:attachment":[{"href":"https:\/\/www.plastic-crates.com\/fr\/wp-json\/wp\/v2\/media?parent=7378"}],"wp:term":[{"taxonomy":"product_brand","embeddable":true,"href":"https:\/\/www.plastic-crates.com\/fr\/wp-json\/wp\/v2\/product_brand?post=7378"},{"taxonomy":"product_cat","embeddable":true,"href":"https:\/\/www.plastic-crates.com\/fr\/wp-json\/wp\/v2\/product_cat?post=7378"},{"taxonomy":"product_tag","embeddable":true,"href":"https:\/\/www.plastic-crates.com\/fr\/wp-json\/wp\/v2\/product_tag?post=7378"}],"curies":[{"name":"wp","href":"https:\/\/api.w.org\/{rel}","templated":true}]}}