{"id":7385,"date":"2024-10-28T04:29:06","date_gmt":"2024-10-28T04:29:06","guid":{"rendered":"https:\/\/www.plastic-crates.com\/?post_type=product&#038;p=7385"},"modified":"2025-04-28T21:21:01","modified_gmt":"2025-04-28T21:21:01","slug":"plateaux-de-boulangerie-en-plastique-plateaux-de-presentation-de-boulangerie-en-plastique-550","status":"publish","type":"product","link":"https:\/\/www.plastic-crates.com\/fr\/product\/plateaux-de-boulangerie-en-plastique-plateaux-de-presentation-de-boulangerie-en-plastique-550\/","title":{"rendered":"Plateaux de boulangerie en plastique, plateaux de pr\u00e9sentation en plastique pour boulangerie-550"},"content":{"rendered":"<p>Les plateaux de boulangerie en plastique sont con\u00e7us pour une utilisation efficace de votre espace disponible dans la boulangerie ou l&#039;entrep\u00f4t, sur les camions et dans le stockage des d\u00e9panneurs ou des supermarch\u00e9s.<\/p>\n<p>Lorsqu&#039;ils sont pleins, ces <strong>\u00e9tag\u00e8re de boulangerie en plastique<\/strong> Empilables en toute s\u00e9curit\u00e9 pour faciliter le transport et la commercialisation. Vides, ils s&#039;empilent et s&#039;embo\u00eetent pour gagner de la place dans l&#039;arri\u00e8re-boutique et le camion.<\/p>\n<p>Les plateaux empil\u00e9s forment des pr\u00e9sentoirs de marchandises visuellement attrayants et faciles d&#039;acc\u00e8s dans les all\u00e9es ou les sections de produits de boulangerie.<\/p>\n<p>&nbsp;<\/p>\n<ul>\n<li>La barre pivotante est facultative, empilable et embo\u00eetable.<\/li>\n<li>Conception embo\u00eetable pour \u00e9conomiser de l&#039;espace lorsqu&#039;il n&#039;est pas utilis\u00e9<\/li>\n<li>Impression sur soie avec le nom et le logo du client<\/li>\n<li>Le porte-\u00e9tiquette peut \u00eatre optionnel pour la fixation<\/li>\n<li>Sp\u00e9cialement pour le chargement du pain<\/li>\n<\/ul>\n<p><img loading=\"lazy\" decoding=\"async\" class=\"alignnone wp-image-6055 size-large\" src=\"https:\/\/www.plastic-crate.co.uk\/wp-content\/uploads\/2022\/04\/plastic-bakery-trays-feature-1024x295.jpg\" alt=\"caract\u00e9ristiques des plateaux en plastique de boulangerie\" width=\"1024\" height=\"295\" \/> <img loading=\"lazy\" decoding=\"async\" class=\"alignnone wp-image-6056 size-full\" src=\"https:\/\/www.plastic-crate.co.uk\/wp-content\/uploads\/2022\/04\/plastic-bakery-trays-detail.jpg\" alt=\"d\u00e9tail des plateaux en plastique de boulangerie\" width=\"1000\" height=\"1000\" \/> <img loading=\"lazy\" decoding=\"async\" class=\"alignnone wp-image-6057 size-full\" src=\"https:\/\/www.plastic-crate.co.uk\/wp-content\/uploads\/2022\/04\/plastic-bakery-trays-customize-logo.jpg\" alt=\"plateaux en plastique de boulangerie avec logo personnalis\u00e9\" width=\"1000\" height=\"495\" \/><\/p>\n<p>&nbsp;<\/p>\n<p><a href=\"https:\/\/www.plastic-crate.co.uk\/product-category\/plastic-milk-crates\/\">caisses de lait en plastique<\/a>, <a href=\"https:\/\/www.plastic-crate.co.uk\/product-category\/supermarket-crates-bale-arm-crates\/\">caisses de supermarch\u00e9<\/a>, <a href=\"https:\/\/www.plastic-crates.com\/fr\/product-category\/sacs-fourre-tout-avec-couvercles\/\" target=\"_blank\" rel=\"noopener\">sac fourre-tout \u00e0 rabat<\/a><\/p>","protected":false},"excerpt":{"rendered":"<p>Plastic bakery trays are designed for the efficient use of your available space in the bakery or warehouse, on trucks,&hellip;<\/p>","protected":false},"featured_media":7394,"template":"","meta":{"_acf_changed":false},"product_brand":[],"product_cat":[151,144],"product_tag":[],"class_list":{"0":"post-7385","1":"product","2":"type-product","3":"status-publish","4":"has-post-thumbnail","6":"product_cat-bakery-rack","7":"product_cat-plastic-trays-wholesale","9":"first","10":"instock","11":"product-type-simple"},"acf":[],"yoast_head":"<!-- This site is optimized with the Yoast SEO plugin v26.1.1 - https:\/\/yoast.com\/wordpress\/plugins\/seo\/ -->\n<title>Plastic bakery trays, plastic bakery display trays Wholesale<\/title>\n<meta name=\"description\" content=\"Plastic bakery trays, plastic bakery rack at wholesale prices, OEM &amp; ODM service available, perfect for catering supermarket\" \/>\n<meta name=\"robots\" content=\"index, follow, max-snippet:-1, max-image-preview:large, max-video-preview:-1\" \/>\n<link rel=\"canonical\" href=\"https:\/\/www.plastic-crates.com\/fr\/product\/plateaux-de-boulangerie-en-plastique-plateaux-de-presentation-de-boulangerie-en-plastique-550\/\" \/>\n<meta property=\"og:locale\" content=\"fr_FR\" \/>\n<meta property=\"og:type\" content=\"article\" \/>\n<meta property=\"og:title\" content=\"stackable folding crate, High Quality stackable folding crate Wholesale\" \/>\n<meta property=\"og:description\" content=\"Plastic bakery trays, plastic bakery rack at wholesale prices, OEM &amp; ODM service available, perfect for catering supermarket\" \/>\n<meta property=\"og:url\" content=\"https:\/\/www.plastic-crates.com\/fr\/product\/plateaux-de-boulangerie-en-plastique-plateaux-de-presentation-de-boulangerie-en-plastique-550\/\" \/>\n<meta property=\"og:site_name\" content=\"plastic-crates.com\" \/>\n<meta property=\"article:modified_time\" content=\"2025-04-28T21:21:01+00:00\" \/>\n<meta property=\"og:image\" content=\"https:\/\/www.plastic-crates.com\/wp-content\/uploads\/2024\/10\/plastic-bakery-trays-1.jpg\" \/>\n\t<meta property=\"og:image:width\" content=\"1000\" \/>\n\t<meta property=\"og:image:height\" content=\"1000\" \/>\n\t<meta property=\"og:image:type\" content=\"image\/jpeg\" \/>\n<meta name=\"twitter:card\" content=\"summary_large_image\" \/>\n<meta name=\"twitter:title\" content=\"stackable folding crate, High Quality stackable folding crate Wholesale\" \/>\n<meta name=\"twitter:label1\" content=\"Dur\u00e9e de lecture estim\u00e9e\" \/>\n\t<meta name=\"twitter:data1\" content=\"2 minutes\" \/>\n<script type=\"application\/ld+json\" class=\"yoast-schema-graph\">{\"@context\":\"https:\/\/schema.org\",\"@graph\":[{\"@type\":\"WebPage\",\"@id\":\"https:\/\/www.plastic-crates.com\/product\/plastic-bakery-trays-plastic-bakery-display-trays-550\/\",\"url\":\"https:\/\/www.plastic-crates.com\/product\/plastic-bakery-trays-plastic-bakery-display-trays-550\/\",\"name\":\"Plastic bakery trays, plastic bakery display trays Wholesale\",\"isPartOf\":{\"@id\":\"https:\/\/www.plastic-crates.com\/#website\"},\"primaryImageOfPage\":{\"@id\":\"https:\/\/www.plastic-crates.com\/product\/plastic-bakery-trays-plastic-bakery-display-trays-550\/#primaryimage\"},\"image\":{\"@id\":\"https:\/\/www.plastic-crates.com\/product\/plastic-bakery-trays-plastic-bakery-display-trays-550\/#primaryimage\"},\"thumbnailUrl\":\"https:\/\/www.plastic-crates.com\/wp-content\/uploads\/2024\/10\/plastic-bakery-trays-1.jpg\",\"datePublished\":\"2024-10-28T04:29:06+00:00\",\"dateModified\":\"2025-04-28T21:21:01+00:00\",\"description\":\"Plastic bakery trays, plastic bakery rack at wholesale prices, OEM & ODM service available, perfect for catering supermarket\",\"breadcrumb\":{\"@id\":\"https:\/\/www.plastic-crates.com\/product\/plastic-bakery-trays-plastic-bakery-display-trays-550\/#breadcrumb\"},\"inLanguage\":\"fr-FR\",\"potentialAction\":[{\"@type\":\"ReadAction\",\"target\":[\"https:\/\/www.plastic-crates.com\/product\/plastic-bakery-trays-plastic-bakery-display-trays-550\/\"]}]},{\"@type\":\"ImageObject\",\"inLanguage\":\"fr-FR\",\"@id\":\"https:\/\/www.plastic-crates.com\/product\/plastic-bakery-trays-plastic-bakery-display-trays-550\/#primaryimage\",\"url\":\"https:\/\/www.plastic-crates.com\/wp-content\/uploads\/2024\/10\/plastic-bakery-trays-1.jpg\",\"contentUrl\":\"https:\/\/www.plastic-crates.com\/wp-content\/uploads\/2024\/10\/plastic-bakery-trays-1.jpg\",\"width\":1000,\"height\":1000},{\"@type\":\"BreadcrumbList\",\"@id\":\"https:\/\/www.plastic-crates.com\/product\/plastic-bakery-trays-plastic-bakery-display-trays-550\/#breadcrumb\",\"itemListElement\":[{\"@type\":\"ListItem\",\"position\":1,\"name\":\"Home\",\"item\":\"https:\/\/www.plastic-crates.com\/\"},{\"@type\":\"ListItem\",\"position\":2,\"name\":\"Products\",\"item\":\"https:\/\/www.plastic-crates.com\/shop\/\"},{\"@type\":\"ListItem\",\"position\":3,\"name\":\"Plastic bakery trays, plastic bakery display trays-550\"}]},{\"@type\":\"WebSite\",\"@id\":\"https:\/\/www.plastic-crates.com\/#website\",\"url\":\"https:\/\/www.plastic-crates.com\/\",\"name\":\"plastic-crates.com\",\"description\":\"Leading plastic crates manufacturer in China\",\"potentialAction\":[{\"@type\":\"SearchAction\",\"target\":{\"@type\":\"EntryPoint\",\"urlTemplate\":\"https:\/\/www.plastic-crates.com\/?s={search_term_string}\"},\"query-input\":{\"@type\":\"PropertyValueSpecification\",\"valueRequired\":true,\"valueName\":\"search_term_string\"}}],\"inLanguage\":\"fr-FR\"}]}<\/script>\n<!-- \/ Yoast SEO plugin. -->","yoast_head_json":{"title":"Plateaux de boulangerie en plastique, plateaux de pr\u00e9sentation en plastique pour boulangerie, vente en gros","description":"Plateaux de boulangerie en plastique, support de boulangerie en plastique \u00e0 prix de gros, service OEM et ODM disponible, parfait pour les supermarch\u00e9s de restauration","robots":{"index":"index","follow":"follow","max-snippet":"max-snippet:-1","max-image-preview":"max-image-preview:large","max-video-preview":"max-video-preview:-1"},"canonical":"https:\/\/www.plastic-crates.com\/fr\/product\/plateaux-de-boulangerie-en-plastique-plateaux-de-presentation-de-boulangerie-en-plastique-550\/","og_locale":"fr_FR","og_type":"article","og_title":"stackable folding crate, High Quality stackable folding crate Wholesale","og_description":"Plastic bakery trays, plastic bakery rack at wholesale prices, OEM & ODM service available, perfect for catering supermarket","og_url":"https:\/\/www.plastic-crates.com\/fr\/product\/plateaux-de-boulangerie-en-plastique-plateaux-de-presentation-de-boulangerie-en-plastique-550\/","og_site_name":"plastic-crates.com","article_modified_time":"2025-04-28T21:21:01+00:00","og_image":[{"width":1000,"height":1000,"url":"https:\/\/www.plastic-crates.com\/wp-content\/uploads\/2024\/10\/plastic-bakery-trays-1.jpg","type":"image\/jpeg"}],"twitter_card":"summary_large_image","twitter_title":"stackable folding crate, High Quality stackable folding crate Wholesale","twitter_misc":{"Dur\u00e9e de lecture estim\u00e9e":"2 minutes"},"schema":{"@context":"https:\/\/schema.org","@graph":[{"@type":"WebPage","@id":"https:\/\/www.plastic-crates.com\/product\/plastic-bakery-trays-plastic-bakery-display-trays-550\/","url":"https:\/\/www.plastic-crates.com\/product\/plastic-bakery-trays-plastic-bakery-display-trays-550\/","name":"Plateaux de boulangerie en plastique, plateaux de pr\u00e9sentation en plastique pour boulangerie, vente en gros","isPartOf":{"@id":"https:\/\/www.plastic-crates.com\/#website"},"primaryImageOfPage":{"@id":"https:\/\/www.plastic-crates.com\/product\/plastic-bakery-trays-plastic-bakery-display-trays-550\/#primaryimage"},"image":{"@id":"https:\/\/www.plastic-crates.com\/product\/plastic-bakery-trays-plastic-bakery-display-trays-550\/#primaryimage"},"thumbnailUrl":"https:\/\/www.plastic-crates.com\/wp-content\/uploads\/2024\/10\/plastic-bakery-trays-1.jpg","datePublished":"2024-10-28T04:29:06+00:00","dateModified":"2025-04-28T21:21:01+00:00","description":"Plateaux de boulangerie en plastique, support de boulangerie en plastique \u00e0 prix de gros, service OEM et ODM disponible, parfait pour les supermarch\u00e9s de restauration","breadcrumb":{"@id":"https:\/\/www.plastic-crates.com\/product\/plastic-bakery-trays-plastic-bakery-display-trays-550\/#breadcrumb"},"inLanguage":"fr-FR","potentialAction":[{"@type":"ReadAction","target":["https:\/\/www.plastic-crates.com\/product\/plastic-bakery-trays-plastic-bakery-display-trays-550\/"]}]},{"@type":"ImageObject","inLanguage":"fr-FR","@id":"https:\/\/www.plastic-crates.com\/product\/plastic-bakery-trays-plastic-bakery-display-trays-550\/#primaryimage","url":"https:\/\/www.plastic-crates.com\/wp-content\/uploads\/2024\/10\/plastic-bakery-trays-1.jpg","contentUrl":"https:\/\/www.plastic-crates.com\/wp-content\/uploads\/2024\/10\/plastic-bakery-trays-1.jpg","width":1000,"height":1000},{"@type":"BreadcrumbList","@id":"https:\/\/www.plastic-crates.com\/product\/plastic-bakery-trays-plastic-bakery-display-trays-550\/#breadcrumb","itemListElement":[{"@type":"ListItem","position":1,"name":"Home","item":"https:\/\/www.plastic-crates.com\/"},{"@type":"ListItem","position":2,"name":"Products","item":"https:\/\/www.plastic-crates.com\/shop\/"},{"@type":"ListItem","position":3,"name":"Plastic bakery trays, plastic bakery display trays-550"}]},{"@type":"WebSite","@id":"https:\/\/www.plastic-crates.com\/#website","url":"https:\/\/www.plastic-crates.com\/","name":"plastic-crates.com","description":"Fabricant leader de caisses en plastique en Chine","potentialAction":[{"@type":"SearchAction","target":{"@type":"EntryPoint","urlTemplate":"https:\/\/www.plastic-crates.com\/?s={search_term_string}"},"query-input":{"@type":"PropertyValueSpecification","valueRequired":true,"valueName":"search_term_string"}}],"inLanguage":"fr-FR"}]}},"_links":{"self":[{"href":"https:\/\/www.plastic-crates.com\/fr\/wp-json\/wp\/v2\/product\/7385","targetHints":{"allow":["GET"]}}],"collection":[{"href":"https:\/\/www.plastic-crates.com\/fr\/wp-json\/wp\/v2\/product"}],"about":[{"href":"https:\/\/www.plastic-crates.com\/fr\/wp-json\/wp\/v2\/types\/product"}],"wp:featuredmedia":[{"embeddable":true,"href":"https:\/\/www.plastic-crates.com\/fr\/wp-json\/wp\/v2\/media\/7394"}],"wp:attachment":[{"href":"https:\/\/www.plastic-crates.com\/fr\/wp-json\/wp\/v2\/media?parent=7385"}],"wp:term":[{"taxonomy":"product_brand","embeddable":true,"href":"https:\/\/www.plastic-crates.com\/fr\/wp-json\/wp\/v2\/product_brand?post=7385"},{"taxonomy":"product_cat","embeddable":true,"href":"https:\/\/www.plastic-crates.com\/fr\/wp-json\/wp\/v2\/product_cat?post=7385"},{"taxonomy":"product_tag","embeddable":true,"href":"https:\/\/www.plastic-crates.com\/fr\/wp-json\/wp\/v2\/product_tag?post=7385"}],"curies":[{"name":"wp","href":"https:\/\/api.w.org\/{rel}","templated":true}]}}