{"id":7387,"date":"2024-10-28T04:29:07","date_gmt":"2024-10-28T04:29:07","guid":{"rendered":"https:\/\/www.plastic-crates.com\/?post_type=product&#038;p=7387"},"modified":"2025-04-28T21:24:26","modified_gmt":"2025-04-28T21:24:26","slug":"plateaux-a-pain-en-plastique-plateaux-a-pain-commerciaux-690","status":"publish","type":"product","link":"https:\/\/www.plastic-crates.com\/fr\/product\/plateaux-a-pain-en-plastique-plateaux-a-pain-commerciaux-690\/","title":{"rendered":"Barquettes \u00e0 pain en plastique, barquettes \u00e0 pain commerciales-690"},"content":{"rendered":"<p>Les plateaux \u00e0 pain en plastique sont con\u00e7us pour une utilisation efficace de l&#039;espace disponible dans la boulangerie ou l&#039;entrep\u00f4t, sur les camions et dans le stockage des d\u00e9panneurs ou des supermarch\u00e9s.<\/p>\n<p>Une fois pleins, ces plateaux \u00e0 pain professionnels s&#039;empilent en toute s\u00e9curit\u00e9 pour faciliter le transport et la pr\u00e9sentation. Une fois vides, ils s&#039;empilent et s&#039;embo\u00eetent pour gagner de la place dans l&#039;arri\u00e8re-boutique et le camion.<\/p>\n<p>Les plateaux empil\u00e9s forment des pr\u00e9sentoirs de marchandises visuellement attrayants et faciles d&#039;acc\u00e8s dans les all\u00e9es ou les sections de produits de boulangerie.<\/p>\n<p>&nbsp;<\/p>\n<ul>\n<li>La barre pivotante est facultative, empilable et embo\u00eetable.<\/li>\n<li>Conception embo\u00eetable pour \u00e9conomiser de l&#039;espace lorsqu&#039;il n&#039;est pas utilis\u00e9<\/li>\n<li>Impression sur soie avec le nom et le logo du client<\/li>\n<li>Le porte-\u00e9tiquette peut \u00eatre optionnel pour la fixation<\/li>\n<li>Sp\u00e9cialement pour le chargement du pain<\/li>\n<\/ul>\n<p>Taille disponible de <strong>plateaux \u00e0 pain en plastique<\/strong><\/p>\n<p>725x650x150,<\/p>\n<p>550x480x165,<\/p>\n<p>550x480x153<\/p>\n<p>&nbsp;<\/p>\n<p><a href=\"https:\/\/www.plastic-crate.co.uk\/product-category\/plastic-milk-crates\/\">caisses de lait \u00e0 vendre<\/a>, <a href=\"https:\/\/www.plastic-crate.co.uk\/product-category\/supermarket-crates-bale-arm-crates\/\">caisses \u00e0 bras de supermarch\u00e9<\/a>, <a href=\"https:\/\/www.plastic-crates.com\/fr\/product-category\/sacs-fourre-tout-avec-couvercles\/\" target=\"_blank\" rel=\"noopener\">caisses en plastique \u00e0 couvercle attach\u00e9<\/a><\/p>","protected":false},"excerpt":{"rendered":"<p>Plastic bread trays are designed for the efficient use of your available space in the bakery or warehouse, on trucks,&hellip;<\/p>","protected":false},"featured_media":7407,"template":"","meta":{"_acf_changed":false},"product_brand":[],"product_cat":[151,144],"product_tag":[],"class_list":{"0":"post-7387","1":"product","2":"type-product","3":"status-publish","4":"has-post-thumbnail","6":"product_cat-bakery-rack","7":"product_cat-plastic-trays-wholesale","9":"first","10":"instock","11":"product-type-simple"},"acf":[],"yoast_head":"<!-- This site is optimized with the Yoast SEO plugin v26.1.1 - https:\/\/yoast.com\/wordpress\/plugins\/seo\/ -->\n<title>Plastic bread trays, commercial bread trays Wholesale<\/title>\n<meta name=\"description\" content=\"Plastic bread trays, commercial bread trays at wholesale prices, OEM &amp; ODM service available, perfect for catering supermarket\" \/>\n<meta name=\"robots\" content=\"index, follow, max-snippet:-1, max-image-preview:large, max-video-preview:-1\" \/>\n<link rel=\"canonical\" href=\"https:\/\/www.plastic-crates.com\/fr\/product\/plateaux-a-pain-en-plastique-plateaux-a-pain-commerciaux-690\/\" \/>\n<meta property=\"og:locale\" content=\"fr_FR\" \/>\n<meta property=\"og:type\" content=\"article\" \/>\n<meta property=\"og:title\" content=\"stackable folding crate, High Quality stackable folding crate Wholesale\" \/>\n<meta property=\"og:description\" content=\"Plastic bread trays, commercial bread trays at wholesale prices, OEM &amp; ODM service available, perfect for catering supermarket\" \/>\n<meta property=\"og:url\" content=\"https:\/\/www.plastic-crates.com\/fr\/product\/plateaux-a-pain-en-plastique-plateaux-a-pain-commerciaux-690\/\" \/>\n<meta property=\"og:site_name\" content=\"plastic-crates.com\" \/>\n<meta property=\"article:modified_time\" content=\"2025-04-28T21:24:26+00:00\" \/>\n<meta property=\"og:image\" content=\"https:\/\/www.plastic-crates.com\/wp-content\/uploads\/2024\/10\/plastic-bread-trays-2.jpg\" \/>\n\t<meta property=\"og:image:width\" content=\"800\" \/>\n\t<meta property=\"og:image:height\" content=\"800\" \/>\n\t<meta property=\"og:image:type\" content=\"image\/jpeg\" \/>\n<meta name=\"twitter:card\" content=\"summary_large_image\" \/>\n<meta name=\"twitter:title\" content=\"stackable folding crate, High Quality stackable folding crate Wholesale\" \/>\n<meta name=\"twitter:label1\" content=\"Dur\u00e9e de lecture estim\u00e9e\" \/>\n\t<meta name=\"twitter:data1\" content=\"1 minute\" \/>\n<script type=\"application\/ld+json\" class=\"yoast-schema-graph\">{\"@context\":\"https:\/\/schema.org\",\"@graph\":[{\"@type\":\"WebPage\",\"@id\":\"https:\/\/www.plastic-crates.com\/product\/plastic-bread-trays-commercial-bread-trays-690\/\",\"url\":\"https:\/\/www.plastic-crates.com\/product\/plastic-bread-trays-commercial-bread-trays-690\/\",\"name\":\"Plastic bread trays, commercial bread trays Wholesale\",\"isPartOf\":{\"@id\":\"https:\/\/www.plastic-crates.com\/#website\"},\"primaryImageOfPage\":{\"@id\":\"https:\/\/www.plastic-crates.com\/product\/plastic-bread-trays-commercial-bread-trays-690\/#primaryimage\"},\"image\":{\"@id\":\"https:\/\/www.plastic-crates.com\/product\/plastic-bread-trays-commercial-bread-trays-690\/#primaryimage\"},\"thumbnailUrl\":\"https:\/\/www.plastic-crates.com\/wp-content\/uploads\/2024\/10\/plastic-bread-trays-2.jpg\",\"datePublished\":\"2024-10-28T04:29:07+00:00\",\"dateModified\":\"2025-04-28T21:24:26+00:00\",\"description\":\"Plastic bread trays, commercial bread trays at wholesale prices, OEM & ODM service available, perfect for catering supermarket\",\"breadcrumb\":{\"@id\":\"https:\/\/www.plastic-crates.com\/product\/plastic-bread-trays-commercial-bread-trays-690\/#breadcrumb\"},\"inLanguage\":\"fr-FR\",\"potentialAction\":[{\"@type\":\"ReadAction\",\"target\":[\"https:\/\/www.plastic-crates.com\/product\/plastic-bread-trays-commercial-bread-trays-690\/\"]}]},{\"@type\":\"ImageObject\",\"inLanguage\":\"fr-FR\",\"@id\":\"https:\/\/www.plastic-crates.com\/product\/plastic-bread-trays-commercial-bread-trays-690\/#primaryimage\",\"url\":\"https:\/\/www.plastic-crates.com\/wp-content\/uploads\/2024\/10\/plastic-bread-trays-2.jpg\",\"contentUrl\":\"https:\/\/www.plastic-crates.com\/wp-content\/uploads\/2024\/10\/plastic-bread-trays-2.jpg\",\"width\":800,\"height\":800},{\"@type\":\"BreadcrumbList\",\"@id\":\"https:\/\/www.plastic-crates.com\/product\/plastic-bread-trays-commercial-bread-trays-690\/#breadcrumb\",\"itemListElement\":[{\"@type\":\"ListItem\",\"position\":1,\"name\":\"Home\",\"item\":\"https:\/\/www.plastic-crates.com\/\"},{\"@type\":\"ListItem\",\"position\":2,\"name\":\"Products\",\"item\":\"https:\/\/www.plastic-crates.com\/shop\/\"},{\"@type\":\"ListItem\",\"position\":3,\"name\":\"Plastic bread trays, commercial bread trays-690\"}]},{\"@type\":\"WebSite\",\"@id\":\"https:\/\/www.plastic-crates.com\/#website\",\"url\":\"https:\/\/www.plastic-crates.com\/\",\"name\":\"plastic-crates.com\",\"description\":\"Leading plastic crates manufacturer in China\",\"potentialAction\":[{\"@type\":\"SearchAction\",\"target\":{\"@type\":\"EntryPoint\",\"urlTemplate\":\"https:\/\/www.plastic-crates.com\/?s={search_term_string}\"},\"query-input\":{\"@type\":\"PropertyValueSpecification\",\"valueRequired\":true,\"valueName\":\"search_term_string\"}}],\"inLanguage\":\"fr-FR\"}]}<\/script>\n<!-- \/ Yoast SEO plugin. -->","yoast_head_json":{"title":"Barquettes \u00e0 pain en plastique, barquettes \u00e0 pain commerciales en gros","description":"Plateaux \u00e0 pain en plastique, plateaux \u00e0 pain commerciaux \u00e0 prix de gros, service OEM et ODM disponible, parfait pour les supermarch\u00e9s de restauration","robots":{"index":"index","follow":"follow","max-snippet":"max-snippet:-1","max-image-preview":"max-image-preview:large","max-video-preview":"max-video-preview:-1"},"canonical":"https:\/\/www.plastic-crates.com\/fr\/product\/plateaux-a-pain-en-plastique-plateaux-a-pain-commerciaux-690\/","og_locale":"fr_FR","og_type":"article","og_title":"stackable folding crate, High Quality stackable folding crate Wholesale","og_description":"Plastic bread trays, commercial bread trays at wholesale prices, OEM & ODM service available, perfect for catering supermarket","og_url":"https:\/\/www.plastic-crates.com\/fr\/product\/plateaux-a-pain-en-plastique-plateaux-a-pain-commerciaux-690\/","og_site_name":"plastic-crates.com","article_modified_time":"2025-04-28T21:24:26+00:00","og_image":[{"width":800,"height":800,"url":"https:\/\/www.plastic-crates.com\/wp-content\/uploads\/2024\/10\/plastic-bread-trays-2.jpg","type":"image\/jpeg"}],"twitter_card":"summary_large_image","twitter_title":"stackable folding crate, High Quality stackable folding crate Wholesale","twitter_misc":{"Dur\u00e9e de lecture estim\u00e9e":"1 minute"},"schema":{"@context":"https:\/\/schema.org","@graph":[{"@type":"WebPage","@id":"https:\/\/www.plastic-crates.com\/product\/plastic-bread-trays-commercial-bread-trays-690\/","url":"https:\/\/www.plastic-crates.com\/product\/plastic-bread-trays-commercial-bread-trays-690\/","name":"Barquettes \u00e0 pain en plastique, barquettes \u00e0 pain commerciales en gros","isPartOf":{"@id":"https:\/\/www.plastic-crates.com\/#website"},"primaryImageOfPage":{"@id":"https:\/\/www.plastic-crates.com\/product\/plastic-bread-trays-commercial-bread-trays-690\/#primaryimage"},"image":{"@id":"https:\/\/www.plastic-crates.com\/product\/plastic-bread-trays-commercial-bread-trays-690\/#primaryimage"},"thumbnailUrl":"https:\/\/www.plastic-crates.com\/wp-content\/uploads\/2024\/10\/plastic-bread-trays-2.jpg","datePublished":"2024-10-28T04:29:07+00:00","dateModified":"2025-04-28T21:24:26+00:00","description":"Plateaux \u00e0 pain en plastique, plateaux \u00e0 pain commerciaux \u00e0 prix de gros, service OEM et ODM disponible, parfait pour les supermarch\u00e9s de restauration","breadcrumb":{"@id":"https:\/\/www.plastic-crates.com\/product\/plastic-bread-trays-commercial-bread-trays-690\/#breadcrumb"},"inLanguage":"fr-FR","potentialAction":[{"@type":"ReadAction","target":["https:\/\/www.plastic-crates.com\/product\/plastic-bread-trays-commercial-bread-trays-690\/"]}]},{"@type":"ImageObject","inLanguage":"fr-FR","@id":"https:\/\/www.plastic-crates.com\/product\/plastic-bread-trays-commercial-bread-trays-690\/#primaryimage","url":"https:\/\/www.plastic-crates.com\/wp-content\/uploads\/2024\/10\/plastic-bread-trays-2.jpg","contentUrl":"https:\/\/www.plastic-crates.com\/wp-content\/uploads\/2024\/10\/plastic-bread-trays-2.jpg","width":800,"height":800},{"@type":"BreadcrumbList","@id":"https:\/\/www.plastic-crates.com\/product\/plastic-bread-trays-commercial-bread-trays-690\/#breadcrumb","itemListElement":[{"@type":"ListItem","position":1,"name":"Home","item":"https:\/\/www.plastic-crates.com\/"},{"@type":"ListItem","position":2,"name":"Products","item":"https:\/\/www.plastic-crates.com\/shop\/"},{"@type":"ListItem","position":3,"name":"Plastic bread trays, commercial bread trays-690"}]},{"@type":"WebSite","@id":"https:\/\/www.plastic-crates.com\/#website","url":"https:\/\/www.plastic-crates.com\/","name":"plastic-crates.com","description":"Fabricant leader de caisses en plastique en Chine","potentialAction":[{"@type":"SearchAction","target":{"@type":"EntryPoint","urlTemplate":"https:\/\/www.plastic-crates.com\/?s={search_term_string}"},"query-input":{"@type":"PropertyValueSpecification","valueRequired":true,"valueName":"search_term_string"}}],"inLanguage":"fr-FR"}]}},"_links":{"self":[{"href":"https:\/\/www.plastic-crates.com\/fr\/wp-json\/wp\/v2\/product\/7387","targetHints":{"allow":["GET"]}}],"collection":[{"href":"https:\/\/www.plastic-crates.com\/fr\/wp-json\/wp\/v2\/product"}],"about":[{"href":"https:\/\/www.plastic-crates.com\/fr\/wp-json\/wp\/v2\/types\/product"}],"wp:featuredmedia":[{"embeddable":true,"href":"https:\/\/www.plastic-crates.com\/fr\/wp-json\/wp\/v2\/media\/7407"}],"wp:attachment":[{"href":"https:\/\/www.plastic-crates.com\/fr\/wp-json\/wp\/v2\/media?parent=7387"}],"wp:term":[{"taxonomy":"product_brand","embeddable":true,"href":"https:\/\/www.plastic-crates.com\/fr\/wp-json\/wp\/v2\/product_brand?post=7387"},{"taxonomy":"product_cat","embeddable":true,"href":"https:\/\/www.plastic-crates.com\/fr\/wp-json\/wp\/v2\/product_cat?post=7387"},{"taxonomy":"product_tag","embeddable":true,"href":"https:\/\/www.plastic-crates.com\/fr\/wp-json\/wp\/v2\/product_tag?post=7387"}],"curies":[{"name":"wp","href":"https:\/\/api.w.org\/{rel}","templated":true}]}}