{"id":7388,"date":"2024-10-28T04:29:07","date_gmt":"2024-10-28T04:29:07","guid":{"rendered":"https:\/\/www.plastic-crates.com\/?post_type=product&#038;p=7388"},"modified":"2024-10-28T04:30:11","modified_gmt":"2024-10-28T04:30:11","slug":"plaques-de-pate-plaques-de-pate-a-pizza-plaques-de-fermentation-de-pate-650","status":"publish","type":"product","link":"https:\/\/www.plastic-crates.com\/fr\/product\/plaques-de-pate-plaques-de-pate-a-pizza-plaques-de-fermentation-de-pate-650\/","title":{"rendered":"Plaques \u00e0 p\u00e2te, plaques \u00e0 p\u00e2te \u00e0 pizza, plaques de fermentation de la p\u00e2te - 650"},"content":{"rendered":"<p>Pour un rangement facile, ce plateau \u00e0 p\u00e2te \u00e0 pizza est con\u00e7u pour s&#039;empiler en toute s\u00e9curit\u00e9 avec d&#039;autres bo\u00eetes de taille similaire. Il suffit de combiner chaque plateau \u00e0 p\u00e2te \u00e0 pizza achet\u00e9 avec les couvercles compatibles pour conserver votre p\u00e2te maison dans des conditions id\u00e9ales. Id\u00e9al pour une boulangerie ou une sandwicherie.<\/p>\n<div style=\"width: 952px;\" class=\"wp-video\"><!--[if lt IE 9]><script>document.createElement('video');<\/script><![endif]-->\n<video class=\"wp-video-shortcode\" id=\"video-7388-1\" width=\"952\" height=\"540\" preload=\"metadata\" controls=\"controls\"><source type=\"video\/mp4\" src=\"https:\/\/www.plastic-crate.co.uk\/wp-content\/uploads\/2022\/04\/pizza-dough-trays.mp4?_=1\" \/><a href=\"https:\/\/www.plastic-crate.co.uk\/wp-content\/uploads\/2022\/04\/pizza-dough-trays.mp4\">https:\/\/www.plastic-crate.co.uk\/wp-content\/uploads\/2022\/04\/pizza-dough-trays.mp4<\/a><\/video><\/div>\n<p>&nbsp;<\/p>\n<p>&nbsp;<\/p>\n<p><a href=\"https:\/\/www.plastic-crate.co.uk\/product-category\/plastic-milk-crates\/\">caisses de lait en plastique \u00e0 vendre<\/a>, <a href=\"https:\/\/www.plastic-crate.co.uk\/product-category\/supermarket-crates-bale-arm-crates\/\">caisses \u00e0 balles<\/a>, <a href=\"https:\/\/www.plastic-crates.com\/fr\/product-category\/sacs-fourre-tout-avec-couvercles\/\" target=\"_blank\" rel=\"noopener\">sacs en plastique \u00e0 couvercle attach\u00e9<\/a><\/p>","protected":false},"excerpt":{"rendered":"<p>For easy storage, this pizza dough tray is designed to stack securely with other similarly sized boxes. Simply combine each&hellip;<\/p>","protected":false},"featured_media":7413,"template":"","meta":{"_acf_changed":false},"product_brand":[],"product_cat":[144],"product_tag":[],"class_list":{"0":"post-7388","1":"product","2":"type-product","3":"status-publish","4":"has-post-thumbnail","6":"product_cat-plastic-trays-wholesale","8":"first","9":"instock","10":"product-type-simple"},"acf":[],"yoast_head":"<!-- This site is optimized with the Yoast SEO plugin v26.1.1 - https:\/\/yoast.com\/wordpress\/plugins\/seo\/ -->\n<title>Pizza dough trays, dough proofing trays Wholesale<\/title>\n<meta name=\"description\" content=\"Dough trays, pizza dough trays, dough proofing trays at wholesale prices, OEM &amp; ODM service available, perfect for bakery or a sandwich shop\" \/>\n<meta name=\"robots\" content=\"index, follow, max-snippet:-1, max-image-preview:large, max-video-preview:-1\" \/>\n<link rel=\"canonical\" href=\"https:\/\/www.plastic-crates.com\/fr\/product\/plaques-de-pate-plaques-de-pate-a-pizza-plaques-de-fermentation-de-pate-650\/\" \/>\n<meta property=\"og:locale\" content=\"fr_FR\" \/>\n<meta property=\"og:type\" content=\"article\" \/>\n<meta property=\"og:title\" content=\"stackable folding crate, High Quality stackable folding crate Wholesale\" \/>\n<meta property=\"og:description\" content=\"Dough trays, pizza dough trays, dough proofing trays at wholesale prices, OEM &amp; ODM service available, perfect for bakery or a sandwich shop\" \/>\n<meta property=\"og:url\" content=\"https:\/\/www.plastic-crates.com\/fr\/product\/plaques-de-pate-plaques-de-pate-a-pizza-plaques-de-fermentation-de-pate-650\/\" \/>\n<meta property=\"og:site_name\" content=\"plastic-crates.com\" \/>\n<meta property=\"article:modified_time\" content=\"2024-10-28T04:30:11+00:00\" \/>\n<meta name=\"twitter:card\" content=\"summary_large_image\" \/>\n<meta name=\"twitter:title\" content=\"stackable folding crate, High Quality stackable folding crate Wholesale\" \/>\n<meta name=\"twitter:label1\" content=\"Dur\u00e9e de lecture estim\u00e9e\" \/>\n\t<meta name=\"twitter:data1\" content=\"1 minute\" \/>\n<script type=\"application\/ld+json\" class=\"yoast-schema-graph\">{\"@context\":\"https:\/\/schema.org\",\"@graph\":[{\"@type\":\"WebPage\",\"@id\":\"https:\/\/www.plastic-crates.com\/product\/dough-trays-pizza-dough-trays-dough-proofing-trays-650\/\",\"url\":\"https:\/\/www.plastic-crates.com\/product\/dough-trays-pizza-dough-trays-dough-proofing-trays-650\/\",\"name\":\"Pizza dough trays, dough proofing trays Wholesale\",\"isPartOf\":{\"@id\":\"https:\/\/www.plastic-crates.com\/#website\"},\"primaryImageOfPage\":{\"@id\":\"https:\/\/www.plastic-crates.com\/product\/dough-trays-pizza-dough-trays-dough-proofing-trays-650\/#primaryimage\"},\"image\":{\"@id\":\"https:\/\/www.plastic-crates.com\/product\/dough-trays-pizza-dough-trays-dough-proofing-trays-650\/#primaryimage\"},\"thumbnailUrl\":\"https:\/\/www.plastic-crates.com\/wp-content\/uploads\/2024\/10\/pizza-dough-trays-2.jpg\",\"datePublished\":\"2024-10-28T04:29:07+00:00\",\"dateModified\":\"2024-10-28T04:30:11+00:00\",\"description\":\"Dough trays, pizza dough trays, dough proofing trays at wholesale prices, OEM &amp; ODM service available, perfect for bakery or a sandwich shop\",\"breadcrumb\":{\"@id\":\"https:\/\/www.plastic-crates.com\/product\/dough-trays-pizza-dough-trays-dough-proofing-trays-650\/#breadcrumb\"},\"inLanguage\":\"fr-FR\",\"potentialAction\":[{\"@type\":\"ReadAction\",\"target\":[\"https:\/\/www.plastic-crates.com\/product\/dough-trays-pizza-dough-trays-dough-proofing-trays-650\/\"]}]},{\"@type\":\"ImageObject\",\"inLanguage\":\"fr-FR\",\"@id\":\"https:\/\/www.plastic-crates.com\/product\/dough-trays-pizza-dough-trays-dough-proofing-trays-650\/#primaryimage\",\"url\":\"https:\/\/www.plastic-crates.com\/wp-content\/uploads\/2024\/10\/pizza-dough-trays-2.jpg\",\"contentUrl\":\"https:\/\/www.plastic-crates.com\/wp-content\/uploads\/2024\/10\/pizza-dough-trays-2.jpg\",\"width\":700,\"height\":700},{\"@type\":\"BreadcrumbList\",\"@id\":\"https:\/\/www.plastic-crates.com\/product\/dough-trays-pizza-dough-trays-dough-proofing-trays-650\/#breadcrumb\",\"itemListElement\":[{\"@type\":\"ListItem\",\"position\":1,\"name\":\"Home\",\"item\":\"https:\/\/www.plastic-crates.com\/\"},{\"@type\":\"ListItem\",\"position\":2,\"name\":\"Products\",\"item\":\"https:\/\/www.plastic-crates.com\/shop\/\"},{\"@type\":\"ListItem\",\"position\":3,\"name\":\"Dough trays, pizza dough trays, dough proofing trays-650\"}]},{\"@type\":\"WebSite\",\"@id\":\"https:\/\/www.plastic-crates.com\/#website\",\"url\":\"https:\/\/www.plastic-crates.com\/\",\"name\":\"plastic-crates.com\",\"description\":\"Leading plastic crates manufacturer in China\",\"potentialAction\":[{\"@type\":\"SearchAction\",\"target\":{\"@type\":\"EntryPoint\",\"urlTemplate\":\"https:\/\/www.plastic-crates.com\/?s={search_term_string}\"},\"query-input\":{\"@type\":\"PropertyValueSpecification\",\"valueRequired\":true,\"valueName\":\"search_term_string\"}}],\"inLanguage\":\"fr-FR\"}]}<\/script>\n<!-- \/ Yoast SEO plugin. -->","yoast_head_json":{"title":"Plaques de p\u00e2te \u00e0 pizza, plaques de fermentation, vente en gros","description":"Dough trays, pizza dough trays, dough proofing trays at wholesale prices, OEM &amp; ODM service available, perfect for bakery or a sandwich shop","robots":{"index":"index","follow":"follow","max-snippet":"max-snippet:-1","max-image-preview":"max-image-preview:large","max-video-preview":"max-video-preview:-1"},"canonical":"https:\/\/www.plastic-crates.com\/fr\/product\/plaques-de-pate-plaques-de-pate-a-pizza-plaques-de-fermentation-de-pate-650\/","og_locale":"fr_FR","og_type":"article","og_title":"stackable folding crate, High Quality stackable folding crate Wholesale","og_description":"Dough trays, pizza dough trays, dough proofing trays at wholesale prices, OEM &amp; ODM service available, perfect for bakery or a sandwich shop","og_url":"https:\/\/www.plastic-crates.com\/fr\/product\/plaques-de-pate-plaques-de-pate-a-pizza-plaques-de-fermentation-de-pate-650\/","og_site_name":"plastic-crates.com","article_modified_time":"2024-10-28T04:30:11+00:00","twitter_card":"summary_large_image","twitter_title":"stackable folding crate, High Quality stackable folding crate Wholesale","twitter_misc":{"Dur\u00e9e de lecture estim\u00e9e":"1 minute"},"schema":{"@context":"https:\/\/schema.org","@graph":[{"@type":"WebPage","@id":"https:\/\/www.plastic-crates.com\/product\/dough-trays-pizza-dough-trays-dough-proofing-trays-650\/","url":"https:\/\/www.plastic-crates.com\/product\/dough-trays-pizza-dough-trays-dough-proofing-trays-650\/","name":"Plaques de p\u00e2te \u00e0 pizza, plaques de fermentation, vente en gros","isPartOf":{"@id":"https:\/\/www.plastic-crates.com\/#website"},"primaryImageOfPage":{"@id":"https:\/\/www.plastic-crates.com\/product\/dough-trays-pizza-dough-trays-dough-proofing-trays-650\/#primaryimage"},"image":{"@id":"https:\/\/www.plastic-crates.com\/product\/dough-trays-pizza-dough-trays-dough-proofing-trays-650\/#primaryimage"},"thumbnailUrl":"https:\/\/www.plastic-crates.com\/wp-content\/uploads\/2024\/10\/pizza-dough-trays-2.jpg","datePublished":"2024-10-28T04:29:07+00:00","dateModified":"2024-10-28T04:30:11+00:00","description":"Dough trays, pizza dough trays, dough proofing trays at wholesale prices, OEM &amp; ODM service available, perfect for bakery or a sandwich shop","breadcrumb":{"@id":"https:\/\/www.plastic-crates.com\/product\/dough-trays-pizza-dough-trays-dough-proofing-trays-650\/#breadcrumb"},"inLanguage":"fr-FR","potentialAction":[{"@type":"ReadAction","target":["https:\/\/www.plastic-crates.com\/product\/dough-trays-pizza-dough-trays-dough-proofing-trays-650\/"]}]},{"@type":"ImageObject","inLanguage":"fr-FR","@id":"https:\/\/www.plastic-crates.com\/product\/dough-trays-pizza-dough-trays-dough-proofing-trays-650\/#primaryimage","url":"https:\/\/www.plastic-crates.com\/wp-content\/uploads\/2024\/10\/pizza-dough-trays-2.jpg","contentUrl":"https:\/\/www.plastic-crates.com\/wp-content\/uploads\/2024\/10\/pizza-dough-trays-2.jpg","width":700,"height":700},{"@type":"BreadcrumbList","@id":"https:\/\/www.plastic-crates.com\/product\/dough-trays-pizza-dough-trays-dough-proofing-trays-650\/#breadcrumb","itemListElement":[{"@type":"ListItem","position":1,"name":"Home","item":"https:\/\/www.plastic-crates.com\/"},{"@type":"ListItem","position":2,"name":"Products","item":"https:\/\/www.plastic-crates.com\/shop\/"},{"@type":"ListItem","position":3,"name":"Dough trays, pizza dough trays, dough proofing trays-650"}]},{"@type":"WebSite","@id":"https:\/\/www.plastic-crates.com\/#website","url":"https:\/\/www.plastic-crates.com\/","name":"plastic-crates.com","description":"Fabricant leader de caisses en plastique en Chine","potentialAction":[{"@type":"SearchAction","target":{"@type":"EntryPoint","urlTemplate":"https:\/\/www.plastic-crates.com\/?s={search_term_string}"},"query-input":{"@type":"PropertyValueSpecification","valueRequired":true,"valueName":"search_term_string"}}],"inLanguage":"fr-FR"}]}},"_links":{"self":[{"href":"https:\/\/www.plastic-crates.com\/fr\/wp-json\/wp\/v2\/product\/7388","targetHints":{"allow":["GET"]}}],"collection":[{"href":"https:\/\/www.plastic-crates.com\/fr\/wp-json\/wp\/v2\/product"}],"about":[{"href":"https:\/\/www.plastic-crates.com\/fr\/wp-json\/wp\/v2\/types\/product"}],"wp:featuredmedia":[{"embeddable":true,"href":"https:\/\/www.plastic-crates.com\/fr\/wp-json\/wp\/v2\/media\/7413"}],"wp:attachment":[{"href":"https:\/\/www.plastic-crates.com\/fr\/wp-json\/wp\/v2\/media?parent=7388"}],"wp:term":[{"taxonomy":"product_brand","embeddable":true,"href":"https:\/\/www.plastic-crates.com\/fr\/wp-json\/wp\/v2\/product_brand?post=7388"},{"taxonomy":"product_cat","embeddable":true,"href":"https:\/\/www.plastic-crates.com\/fr\/wp-json\/wp\/v2\/product_cat?post=7388"},{"taxonomy":"product_tag","embeddable":true,"href":"https:\/\/www.plastic-crates.com\/fr\/wp-json\/wp\/v2\/product_tag?post=7388"}],"curies":[{"name":"wp","href":"https:\/\/api.w.org\/{rel}","templated":true}]}}