{"id":7392,"date":"2024-10-28T04:29:07","date_gmt":"2024-10-28T04:29:07","guid":{"rendered":"https:\/\/www.plastic-crates.com\/?post_type=product&#038;p=7392"},"modified":"2025-10-28T01:35:24","modified_gmt":"2025-10-28T01:35:24","slug":"plateaux-en-plastique-pour-aliments-plateaux-alimentaires-en-plastique-plateaux-repas","status":"publish","type":"product","link":"https:\/\/www.plastic-crates.com\/fr\/product\/plateaux-en-plastique-pour-aliments-plateaux-alimentaires-en-plastique-plateaux-repas\/","title":{"rendered":"Barquettes en plastique pour aliments, plateaux alimentaires en plastique, plateaux repas"},"content":{"rendered":"<p>Pr\u00e9sentation de notre produit polyvalent et fiable <strong>Barquettes alimentaires en plastique<\/strong> \u2013 la solution id\u00e9ale pour am\u00e9liorer votre exp\u00e9rience de restauration. Nous comprenons l&#039;importance de la pr\u00e9sentation, de la praticit\u00e9 et de la s\u00e9curit\u00e9 alimentaire en cuisine. Nos barquettes alimentaires en plastique sont soigneusement con\u00e7ues pour r\u00e9pondre \u00e0 ces besoins essentiels, offrant de nombreux avantages, aussi bien pour les \u00e9tablissements commerciaux que pour un usage domestique.<\/p>\n<p><a href=\"https:\/\/www.plastic-crate.co.uk\/product-category\/supermarket-crates-bale-arm-crates\/\" target=\"_blank\" rel=\"noopener\">caisses empilables de supermarch\u00e9<\/a>, <a href=\"https:\/\/www.ph-teststrips.com\/product-category\/salt-water-test-strips\/\" target=\"_blank\" rel=\"noopener\">bandelettes de test pour piscine d&#039;eau sal\u00e9e<\/a>, <a href=\"https:\/\/www.ahotech.com\/custom-battery-packs\/\" target=\"_blank\" rel=\"noopener\">pack de batteries au lithium sur mesure<\/a><\/p>","protected":false},"excerpt":{"rendered":"<p>Service OEM et ODM disponible<\/p>\n<p>Couleur disponible de ce plateau alimentaire<\/p>\n<p>Noir, rose, blanc, vert<\/p>","protected":false},"featured_media":7437,"template":"","meta":{"_acf_changed":false},"product_brand":[],"product_cat":[144],"product_tag":[],"class_list":{"0":"post-7392","1":"product","2":"type-product","3":"status-publish","4":"has-post-thumbnail","6":"product_cat-plastic-trays-wholesale","8":"first","9":"instock","10":"product-type-simple"},"acf":[],"yoast_head":"<!-- This site is optimized with the Yoast SEO plugin v26.1.1 - https:\/\/yoast.com\/wordpress\/plugins\/seo\/ -->\n<title>Plastic trays for food, plastic food trays, dinner trays wholesale<\/title>\n<meta name=\"description\" content=\"Plastic trays for food, plastic food trays at wholesale prices, OEM &amp; ODM service available, dinner trays wholesale\" \/>\n<meta name=\"robots\" content=\"index, follow, max-snippet:-1, max-image-preview:large, max-video-preview:-1\" \/>\n<link rel=\"canonical\" href=\"https:\/\/www.plastic-crates.com\/fr\/product\/plateaux-en-plastique-pour-aliments-plateaux-alimentaires-en-plastique-plateaux-repas\/\" \/>\n<meta property=\"og:locale\" content=\"fr_FR\" \/>\n<meta property=\"og:type\" content=\"article\" \/>\n<meta property=\"og:title\" content=\"stackable folding crate, High Quality stackable folding crate Wholesale\" \/>\n<meta property=\"og:description\" content=\"Plastic trays for food, plastic food trays at wholesale prices, OEM &amp; ODM service available, dinner trays wholesale\" \/>\n<meta property=\"og:url\" content=\"https:\/\/www.plastic-crates.com\/fr\/product\/plateaux-en-plastique-pour-aliments-plateaux-alimentaires-en-plastique-plateaux-repas\/\" \/>\n<meta property=\"og:site_name\" content=\"plastic-crates.com\" \/>\n<meta property=\"article:modified_time\" content=\"2025-10-28T01:35:24+00:00\" \/>\n<meta property=\"og:image\" content=\"https:\/\/www.plastic-crates.com\/wp-content\/uploads\/2024\/10\/plastic-food-tray-1.jpg\" \/>\n\t<meta property=\"og:image:width\" content=\"800\" \/>\n\t<meta property=\"og:image:height\" content=\"800\" \/>\n\t<meta property=\"og:image:type\" content=\"image\/jpeg\" \/>\n<meta name=\"twitter:card\" content=\"summary_large_image\" \/>\n<meta name=\"twitter:title\" content=\"stackable folding crate, High Quality stackable folding crate Wholesale\" \/>\n<meta name=\"twitter:label1\" content=\"Dur\u00e9e de lecture estim\u00e9e\" \/>\n\t<meta name=\"twitter:data1\" content=\"1 minute\" \/>\n<script type=\"application\/ld+json\" class=\"yoast-schema-graph\">{\"@context\":\"https:\/\/schema.org\",\"@graph\":[{\"@type\":\"WebPage\",\"@id\":\"https:\/\/www.plastic-crates.com\/product\/plastic-trays-for-food-plastic-food-trays-dinner-trays\/\",\"url\":\"https:\/\/www.plastic-crates.com\/product\/plastic-trays-for-food-plastic-food-trays-dinner-trays\/\",\"name\":\"Plastic trays for food, plastic food trays, dinner trays wholesale\",\"isPartOf\":{\"@id\":\"https:\/\/www.plastic-crates.com\/#website\"},\"primaryImageOfPage\":{\"@id\":\"https:\/\/www.plastic-crates.com\/product\/plastic-trays-for-food-plastic-food-trays-dinner-trays\/#primaryimage\"},\"image\":{\"@id\":\"https:\/\/www.plastic-crates.com\/product\/plastic-trays-for-food-plastic-food-trays-dinner-trays\/#primaryimage\"},\"thumbnailUrl\":\"https:\/\/www.plastic-crates.com\/wp-content\/uploads\/2024\/10\/plastic-food-tray-1.jpg\",\"datePublished\":\"2024-10-28T04:29:07+00:00\",\"dateModified\":\"2025-10-28T01:35:24+00:00\",\"description\":\"Plastic trays for food, plastic food trays at wholesale prices, OEM & ODM service available, dinner trays wholesale\",\"breadcrumb\":{\"@id\":\"https:\/\/www.plastic-crates.com\/product\/plastic-trays-for-food-plastic-food-trays-dinner-trays\/#breadcrumb\"},\"inLanguage\":\"fr-FR\",\"potentialAction\":[{\"@type\":\"ReadAction\",\"target\":[\"https:\/\/www.plastic-crates.com\/product\/plastic-trays-for-food-plastic-food-trays-dinner-trays\/\"]}]},{\"@type\":\"ImageObject\",\"inLanguage\":\"fr-FR\",\"@id\":\"https:\/\/www.plastic-crates.com\/product\/plastic-trays-for-food-plastic-food-trays-dinner-trays\/#primaryimage\",\"url\":\"https:\/\/www.plastic-crates.com\/wp-content\/uploads\/2024\/10\/plastic-food-tray-1.jpg\",\"contentUrl\":\"https:\/\/www.plastic-crates.com\/wp-content\/uploads\/2024\/10\/plastic-food-tray-1.jpg\",\"width\":800,\"height\":800},{\"@type\":\"BreadcrumbList\",\"@id\":\"https:\/\/www.plastic-crates.com\/product\/plastic-trays-for-food-plastic-food-trays-dinner-trays\/#breadcrumb\",\"itemListElement\":[{\"@type\":\"ListItem\",\"position\":1,\"name\":\"Home\",\"item\":\"https:\/\/www.plastic-crates.com\/\"},{\"@type\":\"ListItem\",\"position\":2,\"name\":\"Products\",\"item\":\"https:\/\/www.plastic-crates.com\/shop\/\"},{\"@type\":\"ListItem\",\"position\":3,\"name\":\"Plastic trays for food, plastic food trays, dinner trays\"}]},{\"@type\":\"WebSite\",\"@id\":\"https:\/\/www.plastic-crates.com\/#website\",\"url\":\"https:\/\/www.plastic-crates.com\/\",\"name\":\"plastic-crates.com\",\"description\":\"Leading plastic crates manufacturer in China\",\"potentialAction\":[{\"@type\":\"SearchAction\",\"target\":{\"@type\":\"EntryPoint\",\"urlTemplate\":\"https:\/\/www.plastic-crates.com\/?s={search_term_string}\"},\"query-input\":{\"@type\":\"PropertyValueSpecification\",\"valueRequired\":true,\"valueName\":\"search_term_string\"}}],\"inLanguage\":\"fr-FR\"}]}<\/script>\n<!-- \/ Yoast SEO plugin. -->","yoast_head_json":{"title":"Barquettes en plastique pour aliments, plateaux alimentaires en plastique, plateaux repas en gros","description":"Barquettes en plastique pour aliments, barquettes alimentaires en plastique \u00e0 prix de gros, service OEM et ODM disponible, plateaux repas en gros","robots":{"index":"index","follow":"follow","max-snippet":"max-snippet:-1","max-image-preview":"max-image-preview:large","max-video-preview":"max-video-preview:-1"},"canonical":"https:\/\/www.plastic-crates.com\/fr\/product\/plateaux-en-plastique-pour-aliments-plateaux-alimentaires-en-plastique-plateaux-repas\/","og_locale":"fr_FR","og_type":"article","og_title":"stackable folding crate, High Quality stackable folding crate Wholesale","og_description":"Plastic trays for food, plastic food trays at wholesale prices, OEM & ODM service available, dinner trays wholesale","og_url":"https:\/\/www.plastic-crates.com\/fr\/product\/plateaux-en-plastique-pour-aliments-plateaux-alimentaires-en-plastique-plateaux-repas\/","og_site_name":"plastic-crates.com","article_modified_time":"2025-10-28T01:35:24+00:00","og_image":[{"width":800,"height":800,"url":"https:\/\/www.plastic-crates.com\/wp-content\/uploads\/2024\/10\/plastic-food-tray-1.jpg","type":"image\/jpeg"}],"twitter_card":"summary_large_image","twitter_title":"stackable folding crate, High Quality stackable folding crate Wholesale","twitter_misc":{"Dur\u00e9e de lecture estim\u00e9e":"1 minute"},"schema":{"@context":"https:\/\/schema.org","@graph":[{"@type":"WebPage","@id":"https:\/\/www.plastic-crates.com\/product\/plastic-trays-for-food-plastic-food-trays-dinner-trays\/","url":"https:\/\/www.plastic-crates.com\/product\/plastic-trays-for-food-plastic-food-trays-dinner-trays\/","name":"Barquettes en plastique pour aliments, plateaux alimentaires en plastique, plateaux repas en gros","isPartOf":{"@id":"https:\/\/www.plastic-crates.com\/#website"},"primaryImageOfPage":{"@id":"https:\/\/www.plastic-crates.com\/product\/plastic-trays-for-food-plastic-food-trays-dinner-trays\/#primaryimage"},"image":{"@id":"https:\/\/www.plastic-crates.com\/product\/plastic-trays-for-food-plastic-food-trays-dinner-trays\/#primaryimage"},"thumbnailUrl":"https:\/\/www.plastic-crates.com\/wp-content\/uploads\/2024\/10\/plastic-food-tray-1.jpg","datePublished":"2024-10-28T04:29:07+00:00","dateModified":"2025-10-28T01:35:24+00:00","description":"Barquettes en plastique pour aliments, barquettes alimentaires en plastique \u00e0 prix de gros, service OEM et ODM disponible, plateaux repas en gros","breadcrumb":{"@id":"https:\/\/www.plastic-crates.com\/product\/plastic-trays-for-food-plastic-food-trays-dinner-trays\/#breadcrumb"},"inLanguage":"fr-FR","potentialAction":[{"@type":"ReadAction","target":["https:\/\/www.plastic-crates.com\/product\/plastic-trays-for-food-plastic-food-trays-dinner-trays\/"]}]},{"@type":"ImageObject","inLanguage":"fr-FR","@id":"https:\/\/www.plastic-crates.com\/product\/plastic-trays-for-food-plastic-food-trays-dinner-trays\/#primaryimage","url":"https:\/\/www.plastic-crates.com\/wp-content\/uploads\/2024\/10\/plastic-food-tray-1.jpg","contentUrl":"https:\/\/www.plastic-crates.com\/wp-content\/uploads\/2024\/10\/plastic-food-tray-1.jpg","width":800,"height":800},{"@type":"BreadcrumbList","@id":"https:\/\/www.plastic-crates.com\/product\/plastic-trays-for-food-plastic-food-trays-dinner-trays\/#breadcrumb","itemListElement":[{"@type":"ListItem","position":1,"name":"Home","item":"https:\/\/www.plastic-crates.com\/"},{"@type":"ListItem","position":2,"name":"Products","item":"https:\/\/www.plastic-crates.com\/shop\/"},{"@type":"ListItem","position":3,"name":"Plastic trays for food, plastic food trays, dinner trays"}]},{"@type":"WebSite","@id":"https:\/\/www.plastic-crates.com\/#website","url":"https:\/\/www.plastic-crates.com\/","name":"plastic-crates.com","description":"Fabricant leader de caisses en plastique en Chine","potentialAction":[{"@type":"SearchAction","target":{"@type":"EntryPoint","urlTemplate":"https:\/\/www.plastic-crates.com\/?s={search_term_string}"},"query-input":{"@type":"PropertyValueSpecification","valueRequired":true,"valueName":"search_term_string"}}],"inLanguage":"fr-FR"}]}},"_links":{"self":[{"href":"https:\/\/www.plastic-crates.com\/fr\/wp-json\/wp\/v2\/product\/7392","targetHints":{"allow":["GET"]}}],"collection":[{"href":"https:\/\/www.plastic-crates.com\/fr\/wp-json\/wp\/v2\/product"}],"about":[{"href":"https:\/\/www.plastic-crates.com\/fr\/wp-json\/wp\/v2\/types\/product"}],"wp:featuredmedia":[{"embeddable":true,"href":"https:\/\/www.plastic-crates.com\/fr\/wp-json\/wp\/v2\/media\/7437"}],"wp:attachment":[{"href":"https:\/\/www.plastic-crates.com\/fr\/wp-json\/wp\/v2\/media?parent=7392"}],"wp:term":[{"taxonomy":"product_brand","embeddable":true,"href":"https:\/\/www.plastic-crates.com\/fr\/wp-json\/wp\/v2\/product_brand?post=7392"},{"taxonomy":"product_cat","embeddable":true,"href":"https:\/\/www.plastic-crates.com\/fr\/wp-json\/wp\/v2\/product_cat?post=7392"},{"taxonomy":"product_tag","embeddable":true,"href":"https:\/\/www.plastic-crates.com\/fr\/wp-json\/wp\/v2\/product_tag?post=7392"}],"curies":[{"name":"wp","href":"https:\/\/api.w.org\/{rel}","templated":true}]}}