{"id":7393,"date":"2024-10-28T04:29:07","date_gmt":"2024-10-28T04:29:07","guid":{"rendered":"https:\/\/www.plastic-crates.com\/?post_type=product&#038;p=7393"},"modified":"2025-02-17T04:38:13","modified_gmt":"2025-02-17T04:38:13","slug":"boite-delevage-de-mouches-soldats-noires","status":"publish","type":"product","link":"https:\/\/www.plastic-crates.com\/fr\/product\/boite-delevage-de-mouches-soldats-noires\/","title":{"rendered":"Bo\u00eete d&#039;\u00e9levage de mouches soldats noires"},"content":{"rendered":"<p>La bo\u00eete d&#039;\u00e9levage de mouches soldats noires est une solution innovante et \u00e9cologique con\u00e7ue pour un \u00e9levage efficace. Compacte, elle offre un environnement propice \u00e0 la croissance et \u00e0 la reproduction des mouches, id\u00e9ale pour la gestion des d\u00e9chets et l&#039;agriculture biologique. Facile \u00e0 utiliser, elle est id\u00e9ale pour les \u00e9leveurs d\u00e9butants comme exp\u00e9riment\u00e9s. Lancez-vous d\u00e8s aujourd&#039;hui dans une d\u00e9marche durable avec notre bo\u00eete d&#039;\u00e9levage de mouches soldats noires.<\/p>\n<p>Une bo\u00eete au volume accru, sp\u00e9cialement con\u00e7ue pour la production de prot\u00e9ines \u00e0 partir de mouches soldats noires (BSF), b\u00e9n\u00e9ficie de dimensions judicieuses en termes de s\u00e9lection et de hauteur d&#039;empilement, id\u00e9ales pour un rendement \u00e9lev\u00e9. Le processus de s\u00e9lection g\u00e9n\u00e8re une quantit\u00e9 importante de chaleur, de CO2 et d&#039;ammoniac. Les angles ouverts de la bo\u00eete, ainsi que son c\u00f4t\u00e9 allong\u00e9 au design distinctif, r\u00e9pondent parfaitement \u00e0 ces besoins. Associ\u00e9es \u00e0 une base lisse repens\u00e9e, ces caract\u00e9ristiques am\u00e9liorent la circulation de l&#039;air, favorisant ainsi un meilleur d\u00e9placement de l&#039;air. Cela contribue \u00e0 un climat plus \u00e9quilibr\u00e9 entre les bo\u00eetes.<\/p>\n<p><a href=\"https:\/\/www.plastic-crates.com\/fr\/product-category\/bacs-en-plastique-transparent\/\">Bo\u00eete en plastique transparent<\/a>, <a href=\"https:\/\/www.plastic-crate.co.uk\/product-category\/supermarket-crates-bale-arm-crates\/\">caisse \u00e0 bras de balle<\/a>,<\/p>","protected":false},"excerpt":{"rendered":"<p>The Black Soldier Fly Breeding Box is an innovative and eco-friendly solution designed for the effective breeding of black soldier&hellip;<\/p>","protected":false},"featured_media":7461,"template":"","meta":{"_acf_changed":false},"product_brand":[],"product_cat":[144],"product_tag":[],"class_list":{"0":"post-7393","1":"product","2":"type-product","3":"status-publish","4":"has-post-thumbnail","6":"product_cat-plastic-trays-wholesale","8":"first","9":"instock","10":"product-type-simple"},"acf":[],"yoast_head":"<!-- This site is optimized with the Yoast SEO plugin v26.1.1 - https:\/\/yoast.com\/wordpress\/plugins\/seo\/ -->\n<title>Black soldier fly breeding box for sale<\/title>\n<meta name=\"description\" content=\"Black soldier fly breeding box, Insect Rearing Trays, OEM &amp; ODM service available, insect breeding boxes wholesale price!\" \/>\n<meta name=\"robots\" content=\"index, follow, max-snippet:-1, max-image-preview:large, max-video-preview:-1\" \/>\n<link rel=\"canonical\" href=\"https:\/\/www.plastic-crates.com\/fr\/product\/boite-delevage-de-mouches-soldats-noires\/\" \/>\n<meta property=\"og:locale\" content=\"fr_FR\" \/>\n<meta property=\"og:type\" content=\"article\" \/>\n<meta property=\"og:title\" content=\"stackable folding crate, High Quality stackable folding crate Wholesale\" \/>\n<meta property=\"og:description\" content=\"Black soldier fly breeding box, Insect Rearing Trays, OEM &amp; ODM service available, insect breeding boxes wholesale price!\" \/>\n<meta property=\"og:url\" content=\"https:\/\/www.plastic-crates.com\/fr\/product\/boite-delevage-de-mouches-soldats-noires\/\" \/>\n<meta property=\"og:site_name\" content=\"plastic-crates.com\" \/>\n<meta property=\"article:modified_time\" content=\"2025-02-17T04:38:13+00:00\" \/>\n<meta property=\"og:image\" content=\"https:\/\/www.plastic-crates.com\/wp-content\/uploads\/2024\/10\/black-soldier-fly-breeding-box-5.png\" \/>\n\t<meta property=\"og:image:width\" content=\"720\" \/>\n\t<meta property=\"og:image:height\" content=\"720\" \/>\n\t<meta property=\"og:image:type\" content=\"image\/png\" \/>\n<meta name=\"twitter:card\" content=\"summary_large_image\" \/>\n<meta name=\"twitter:title\" content=\"stackable folding crate, High Quality stackable folding crate Wholesale\" \/>\n<meta name=\"twitter:label1\" content=\"Dur\u00e9e de lecture estim\u00e9e\" \/>\n\t<meta name=\"twitter:data1\" content=\"1 minute\" \/>\n<script type=\"application\/ld+json\" class=\"yoast-schema-graph\">{\"@context\":\"https:\/\/schema.org\",\"@graph\":[{\"@type\":\"WebPage\",\"@id\":\"https:\/\/www.plastic-crates.com\/product\/black-soldier-fly-breeding-box\/\",\"url\":\"https:\/\/www.plastic-crates.com\/product\/black-soldier-fly-breeding-box\/\",\"name\":\"Black soldier fly breeding box for sale\",\"isPartOf\":{\"@id\":\"https:\/\/www.plastic-crates.com\/#website\"},\"primaryImageOfPage\":{\"@id\":\"https:\/\/www.plastic-crates.com\/product\/black-soldier-fly-breeding-box\/#primaryimage\"},\"image\":{\"@id\":\"https:\/\/www.plastic-crates.com\/product\/black-soldier-fly-breeding-box\/#primaryimage\"},\"thumbnailUrl\":\"https:\/\/www.plastic-crates.com\/wp-content\/uploads\/2024\/10\/black-soldier-fly-breeding-box-5.png\",\"datePublished\":\"2024-10-28T04:29:07+00:00\",\"dateModified\":\"2025-02-17T04:38:13+00:00\",\"description\":\"Black soldier fly breeding box, Insect Rearing Trays, OEM & ODM service available, insect breeding boxes wholesale price!\",\"breadcrumb\":{\"@id\":\"https:\/\/www.plastic-crates.com\/product\/black-soldier-fly-breeding-box\/#breadcrumb\"},\"inLanguage\":\"fr-FR\",\"potentialAction\":[{\"@type\":\"ReadAction\",\"target\":[\"https:\/\/www.plastic-crates.com\/product\/black-soldier-fly-breeding-box\/\"]}]},{\"@type\":\"ImageObject\",\"inLanguage\":\"fr-FR\",\"@id\":\"https:\/\/www.plastic-crates.com\/product\/black-soldier-fly-breeding-box\/#primaryimage\",\"url\":\"https:\/\/www.plastic-crates.com\/wp-content\/uploads\/2024\/10\/black-soldier-fly-breeding-box-5.png\",\"contentUrl\":\"https:\/\/www.plastic-crates.com\/wp-content\/uploads\/2024\/10\/black-soldier-fly-breeding-box-5.png\",\"width\":720,\"height\":720,\"caption\":\"black soldier fly breeding box\"},{\"@type\":\"BreadcrumbList\",\"@id\":\"https:\/\/www.plastic-crates.com\/product\/black-soldier-fly-breeding-box\/#breadcrumb\",\"itemListElement\":[{\"@type\":\"ListItem\",\"position\":1,\"name\":\"Home\",\"item\":\"https:\/\/www.plastic-crates.com\/\"},{\"@type\":\"ListItem\",\"position\":2,\"name\":\"Products\",\"item\":\"https:\/\/www.plastic-crates.com\/shop\/\"},{\"@type\":\"ListItem\",\"position\":3,\"name\":\"Black soldier fly breeding box\"}]},{\"@type\":\"WebSite\",\"@id\":\"https:\/\/www.plastic-crates.com\/#website\",\"url\":\"https:\/\/www.plastic-crates.com\/\",\"name\":\"plastic-crates.com\",\"description\":\"Leading plastic crates manufacturer in China\",\"potentialAction\":[{\"@type\":\"SearchAction\",\"target\":{\"@type\":\"EntryPoint\",\"urlTemplate\":\"https:\/\/www.plastic-crates.com\/?s={search_term_string}\"},\"query-input\":{\"@type\":\"PropertyValueSpecification\",\"valueRequired\":true,\"valueName\":\"search_term_string\"}}],\"inLanguage\":\"fr-FR\"}]}<\/script>\n<!-- \/ Yoast SEO plugin. -->","yoast_head_json":{"title":"Bo\u00eete d&#039;\u00e9levage de mouches soldats noires \u00e0 vendre","description":"Bo\u00eete d&#039;\u00e9levage de mouches soldats noires, plateaux d&#039;\u00e9levage d&#039;insectes, service OEM et ODM disponible, prix de gros des bo\u00eetes d&#039;\u00e9levage d&#039;insectes !","robots":{"index":"index","follow":"follow","max-snippet":"max-snippet:-1","max-image-preview":"max-image-preview:large","max-video-preview":"max-video-preview:-1"},"canonical":"https:\/\/www.plastic-crates.com\/fr\/product\/boite-delevage-de-mouches-soldats-noires\/","og_locale":"fr_FR","og_type":"article","og_title":"stackable folding crate, High Quality stackable folding crate Wholesale","og_description":"Black soldier fly breeding box, Insect Rearing Trays, OEM & ODM service available, insect breeding boxes wholesale price!","og_url":"https:\/\/www.plastic-crates.com\/fr\/product\/boite-delevage-de-mouches-soldats-noires\/","og_site_name":"plastic-crates.com","article_modified_time":"2025-02-17T04:38:13+00:00","og_image":[{"width":720,"height":720,"url":"https:\/\/www.plastic-crates.com\/wp-content\/uploads\/2024\/10\/black-soldier-fly-breeding-box-5.png","type":"image\/png"}],"twitter_card":"summary_large_image","twitter_title":"stackable folding crate, High Quality stackable folding crate Wholesale","twitter_misc":{"Dur\u00e9e de lecture estim\u00e9e":"1 minute"},"schema":{"@context":"https:\/\/schema.org","@graph":[{"@type":"WebPage","@id":"https:\/\/www.plastic-crates.com\/product\/black-soldier-fly-breeding-box\/","url":"https:\/\/www.plastic-crates.com\/product\/black-soldier-fly-breeding-box\/","name":"Bo\u00eete d&#039;\u00e9levage de mouches soldats noires \u00e0 vendre","isPartOf":{"@id":"https:\/\/www.plastic-crates.com\/#website"},"primaryImageOfPage":{"@id":"https:\/\/www.plastic-crates.com\/product\/black-soldier-fly-breeding-box\/#primaryimage"},"image":{"@id":"https:\/\/www.plastic-crates.com\/product\/black-soldier-fly-breeding-box\/#primaryimage"},"thumbnailUrl":"https:\/\/www.plastic-crates.com\/wp-content\/uploads\/2024\/10\/black-soldier-fly-breeding-box-5.png","datePublished":"2024-10-28T04:29:07+00:00","dateModified":"2025-02-17T04:38:13+00:00","description":"Bo\u00eete d&#039;\u00e9levage de mouches soldats noires, plateaux d&#039;\u00e9levage d&#039;insectes, service OEM et ODM disponible, prix de gros des bo\u00eetes d&#039;\u00e9levage d&#039;insectes !","breadcrumb":{"@id":"https:\/\/www.plastic-crates.com\/product\/black-soldier-fly-breeding-box\/#breadcrumb"},"inLanguage":"fr-FR","potentialAction":[{"@type":"ReadAction","target":["https:\/\/www.plastic-crates.com\/product\/black-soldier-fly-breeding-box\/"]}]},{"@type":"ImageObject","inLanguage":"fr-FR","@id":"https:\/\/www.plastic-crates.com\/product\/black-soldier-fly-breeding-box\/#primaryimage","url":"https:\/\/www.plastic-crates.com\/wp-content\/uploads\/2024\/10\/black-soldier-fly-breeding-box-5.png","contentUrl":"https:\/\/www.plastic-crates.com\/wp-content\/uploads\/2024\/10\/black-soldier-fly-breeding-box-5.png","width":720,"height":720,"caption":"black soldier fly breeding box"},{"@type":"BreadcrumbList","@id":"https:\/\/www.plastic-crates.com\/product\/black-soldier-fly-breeding-box\/#breadcrumb","itemListElement":[{"@type":"ListItem","position":1,"name":"Home","item":"https:\/\/www.plastic-crates.com\/"},{"@type":"ListItem","position":2,"name":"Products","item":"https:\/\/www.plastic-crates.com\/shop\/"},{"@type":"ListItem","position":3,"name":"Black soldier fly breeding box"}]},{"@type":"WebSite","@id":"https:\/\/www.plastic-crates.com\/#website","url":"https:\/\/www.plastic-crates.com\/","name":"plastic-crates.com","description":"Fabricant leader de caisses en plastique en Chine","potentialAction":[{"@type":"SearchAction","target":{"@type":"EntryPoint","urlTemplate":"https:\/\/www.plastic-crates.com\/?s={search_term_string}"},"query-input":{"@type":"PropertyValueSpecification","valueRequired":true,"valueName":"search_term_string"}}],"inLanguage":"fr-FR"}]}},"_links":{"self":[{"href":"https:\/\/www.plastic-crates.com\/fr\/wp-json\/wp\/v2\/product\/7393","targetHints":{"allow":["GET"]}}],"collection":[{"href":"https:\/\/www.plastic-crates.com\/fr\/wp-json\/wp\/v2\/product"}],"about":[{"href":"https:\/\/www.plastic-crates.com\/fr\/wp-json\/wp\/v2\/types\/product"}],"wp:featuredmedia":[{"embeddable":true,"href":"https:\/\/www.plastic-crates.com\/fr\/wp-json\/wp\/v2\/media\/7461"}],"wp:attachment":[{"href":"https:\/\/www.plastic-crates.com\/fr\/wp-json\/wp\/v2\/media?parent=7393"}],"wp:term":[{"taxonomy":"product_brand","embeddable":true,"href":"https:\/\/www.plastic-crates.com\/fr\/wp-json\/wp\/v2\/product_brand?post=7393"},{"taxonomy":"product_cat","embeddable":true,"href":"https:\/\/www.plastic-crates.com\/fr\/wp-json\/wp\/v2\/product_cat?post=7393"},{"taxonomy":"product_tag","embeddable":true,"href":"https:\/\/www.plastic-crates.com\/fr\/wp-json\/wp\/v2\/product_tag?post=7393"}],"curies":[{"name":"wp","href":"https:\/\/api.w.org\/{rel}","templated":true}]}}