{"id":7471,"date":"2025-02-23T01:11:21","date_gmt":"2025-02-23T01:11:21","guid":{"rendered":"https:\/\/www.plastic-crates.com\/?post_type=product&#038;p=7471"},"modified":"2025-02-23T01:31:09","modified_gmt":"2025-02-23T01:31:09","slug":"caisse-pliante-imitation-bois","status":"publish","type":"product","link":"https:\/\/www.plastic-crates.com\/fr\/product\/caisse-pliante-imitation-bois\/","title":{"rendered":"Caisse pliante effet bois"},"content":{"rendered":"<p>Pr\u00e9sentation de notre <strong>Caisse pliante effet bois<\/strong> Un parfait m\u00e9lange de fonctionnalit\u00e9 et d&#039;\u00e9l\u00e9gance. Cette caisse est non seulement une solution de rangement pratique, mais aussi un \u00e9l\u00e9ment de d\u00e9coration esth\u00e9tique pour votre maison ou votre bureau. Sa finition effet bois lui conf\u00e8re le charme rustique d&#039;une caisse en bois, tout en \u00e9tant plus l\u00e9g\u00e8re et plus r\u00e9sistante.<\/p>\n<ul>\n<li>Peut \u00eatre repli\u00e9 et empil\u00e9 pour une utilisation optimale de l&#039;espace lors du transport et du stockage<\/li>\n<li>\u00c9cologique et enti\u00e8rement recyclable<\/li>\n<li>Construction en polym\u00e8re facile \u00e0 nettoyer, imperm\u00e9able \u00e0 l&#039;humidit\u00e9, aux insecticides, aux champignons, aux acides, aux graisses, aux solvants et aux odeurs.<\/li>\n<li>Certifi\u00e9 pour le contact alimentaire<\/li>\n<li>Conforme aux normes europ\u00e9ennes<\/li>\n<li>Les panneaux peuvent \u00eatre repli\u00e9s et abaiss\u00e9s sans effort et en silence.<\/li>\n<li>Dot\u00e9 d&#039;un syst\u00e8me de verrouillage actif pour s\u00e9curiser le conteneur lorsqu&#039;il est d\u00e9pli\u00e9.<\/li>\n<\/ul>\n<div style=\"width: 1170px;\" class=\"wp-video\"><!--[if lt IE 9]><script>document.createElement('video');<\/script><![endif]-->\n<video class=\"wp-video-shortcode\" id=\"video-7471-1\" width=\"1170\" height=\"663\" preload=\"metadata\" controls=\"controls\"><source type=\"video\/mp4\" src=\"https:\/\/www.plastic-crates.com\/wp-content\/uploads\/2025\/02\/wood-effect-folding-crate-effect.mp4?_=1\" \/><a href=\"https:\/\/www.plastic-crates.com\/wp-content\/uploads\/2025\/02\/wood-effect-folding-crate-effect.mp4\">https:\/\/www.plastic-crates.com\/wp-content\/uploads\/2025\/02\/wood-effect-folding-crate-effect.mp4<\/a><\/video><\/div>\n<p><img loading=\"lazy\" decoding=\"async\" class=\"alignnone size-full wp-image-7479\" src=\"https:\/\/www.plastic-crates.com\/wp-content\/uploads\/2025\/02\/wood-effect-folding-crate-application-1.png\" alt=\"Application de caisse pliante effet bois\" width=\"1195\" height=\"793\" srcset=\"https:\/\/www.plastic-crates.com\/wp-content\/uploads\/2025\/02\/wood-effect-folding-crate-application-1.png 1195w, https:\/\/www.plastic-crates.com\/wp-content\/uploads\/2025\/02\/wood-effect-folding-crate-application-1-300x199.png 300w, https:\/\/www.plastic-crates.com\/wp-content\/uploads\/2025\/02\/wood-effect-folding-crate-application-1-1024x680.png 1024w, https:\/\/www.plastic-crates.com\/wp-content\/uploads\/2025\/02\/wood-effect-folding-crate-application-1-768x510.png 768w, https:\/\/www.plastic-crates.com\/wp-content\/uploads\/2025\/02\/wood-effect-folding-crate-application-1-600x398.png 600w\" sizes=\"auto, (max-width: 1195px) 100vw, 1195px\" \/><br \/>\n<img loading=\"lazy\" decoding=\"async\" class=\"alignnone size-full wp-image-7480\" src=\"https:\/\/www.plastic-crates.com\/wp-content\/uploads\/2025\/02\/wood-effect-folding-crate-application-2.png\" alt=\"Caisse pliante effet bois pour fruits\" width=\"800\" height=\"1066\" srcset=\"https:\/\/www.plastic-crates.com\/wp-content\/uploads\/2025\/02\/wood-effect-folding-crate-application-2.png 800w, https:\/\/www.plastic-crates.com\/wp-content\/uploads\/2025\/02\/wood-effect-folding-crate-application-2-225x300.png 225w, https:\/\/www.plastic-crates.com\/wp-content\/uploads\/2025\/02\/wood-effect-folding-crate-application-2-768x1023.png 768w, https:\/\/www.plastic-crates.com\/wp-content\/uploads\/2025\/02\/wood-effect-folding-crate-application-2-600x800.png 600w\" sizes=\"auto, (max-width: 800px) 100vw, 800px\" \/><\/p>","protected":false},"excerpt":{"rendered":"<div><a href=\"https:\/\/www.plastic-crates.com\/fr\/product\/palette-de-confinement-des-deversements-palette-de-confinement-des-deversements-de-futs\/\" target=\"_blank\">palette de confinement des d\u00e9versements<\/a>,<a href=\"https:\/\/www.plastic-crates.com\/fr\/product-category\/conteneurs-empilables\/\" target=\"_blank\">conteneurs de stockage empilables en plastique<\/a>,<a href=\"https:\/\/www.plastic-crates.com\/fr\/product-category\/conteneurs-empilables\/\" target=\"_blank\" rel=\"noopener noreferrer\">caisses empilables<\/a>,<a href=\"https:\/\/www.plastic-crates.com\/fr\/product-category\/boite-pliable\/\" target=\"_blank\" rel=\"noopener noreferrer\">panier pliable en plastique<\/a>,<a href=\"https:\/\/www.plastic-crates.com\/fr\/product-category\/conteneur-palette\/\" target=\"_blank\" rel=\"noopener noreferrer\">conteneur de stockage en vrac<\/a>,<a href=\"https:\/\/www.rollingcrates.com\/product-category\/folding-wagon\/\" target=\"_blank\">meilleur chariot pliable et pliable<\/a><\/div>","protected":false},"featured_media":7472,"template":"","meta":{"_acf_changed":false},"product_brand":[],"product_cat":[11],"product_tag":[101],"class_list":{"0":"post-7471","1":"product","2":"type-product","3":"status-publish","4":"has-post-thumbnail","6":"product_cat-collapsable-box","7":"product_tag-plastic-folding-boxes","9":"first","10":"instock","11":"product-type-simple"},"acf":[],"yoast_head":"<!-- This site is optimized with the Yoast SEO plugin v26.1.1 - https:\/\/yoast.com\/wordpress\/plugins\/seo\/ -->\n<title>Wood Effect Folding Crate wholesale &amp; Factory Price<\/title>\n<meta name=\"description\" content=\"Wholesale Wood Effect Folding Crate, collapsable Wood Effect plastic crates supplier, Dimensions(L*W*H):600 * 400 * 205 mm, Volume: 40L\" \/>\n<meta name=\"robots\" content=\"index, follow, max-snippet:-1, max-image-preview:large, max-video-preview:-1\" \/>\n<link rel=\"canonical\" href=\"https:\/\/www.plastic-crates.com\/fr\/product\/caisse-pliante-imitation-bois\/\" \/>\n<meta property=\"og:locale\" content=\"fr_FR\" \/>\n<meta property=\"og:type\" content=\"article\" \/>\n<meta property=\"og:title\" content=\"collapsible plastic basket\" \/>\n<meta property=\"og:description\" content=\"Wholesale Wood Effect Folding Crate, collapsable Wood Effect plastic crates supplier, Dimensions(L*W*H):600 * 400 * 205 mm, Volume: 40L\" \/>\n<meta property=\"og:url\" content=\"https:\/\/www.plastic-crates.com\/fr\/product\/caisse-pliante-imitation-bois\/\" \/>\n<meta property=\"og:site_name\" content=\"plastic-crates.com\" \/>\n<meta property=\"article:modified_time\" content=\"2025-02-23T01:31:09+00:00\" \/>\n<meta property=\"og:image\" content=\"https:\/\/www.plastic-crates.com\/wp-content\/uploads\/2025\/02\/wood-effect-folding-crate-1.jpg\" \/>\n\t<meta property=\"og:image:width\" content=\"700\" \/>\n\t<meta property=\"og:image:height\" content=\"700\" \/>\n\t<meta property=\"og:image:type\" content=\"image\/jpeg\" \/>\n<meta name=\"twitter:card\" content=\"summary_large_image\" \/>\n<meta name=\"twitter:title\" content=\"collapsible plastic basket\" \/>\n<meta name=\"twitter:label1\" content=\"Dur\u00e9e de lecture estim\u00e9e\" \/>\n\t<meta name=\"twitter:data1\" content=\"2 minutes\" \/>\n<script type=\"application\/ld+json\" class=\"yoast-schema-graph\">{\"@context\":\"https:\/\/schema.org\",\"@graph\":[{\"@type\":\"WebPage\",\"@id\":\"https:\/\/www.plastic-crates.com\/product\/wood-effect-folding-crate\/\",\"url\":\"https:\/\/www.plastic-crates.com\/product\/wood-effect-folding-crate\/\",\"name\":\"Wood Effect Folding Crate wholesale & Factory Price\",\"isPartOf\":{\"@id\":\"https:\/\/www.plastic-crates.com\/#website\"},\"primaryImageOfPage\":{\"@id\":\"https:\/\/www.plastic-crates.com\/product\/wood-effect-folding-crate\/#primaryimage\"},\"image\":{\"@id\":\"https:\/\/www.plastic-crates.com\/product\/wood-effect-folding-crate\/#primaryimage\"},\"thumbnailUrl\":\"https:\/\/www.plastic-crates.com\/wp-content\/uploads\/2025\/02\/wood-effect-folding-crate-1.jpg\",\"datePublished\":\"2025-02-23T01:11:21+00:00\",\"dateModified\":\"2025-02-23T01:31:09+00:00\",\"description\":\"Wholesale Wood Effect Folding Crate, collapsable Wood Effect plastic crates supplier, Dimensions(L*W*H):600 * 400 * 205 mm, Volume: 40L\",\"breadcrumb\":{\"@id\":\"https:\/\/www.plastic-crates.com\/product\/wood-effect-folding-crate\/#breadcrumb\"},\"inLanguage\":\"fr-FR\",\"potentialAction\":[{\"@type\":\"ReadAction\",\"target\":[\"https:\/\/www.plastic-crates.com\/product\/wood-effect-folding-crate\/\"]}]},{\"@type\":\"ImageObject\",\"inLanguage\":\"fr-FR\",\"@id\":\"https:\/\/www.plastic-crates.com\/product\/wood-effect-folding-crate\/#primaryimage\",\"url\":\"https:\/\/www.plastic-crates.com\/wp-content\/uploads\/2025\/02\/wood-effect-folding-crate-1.jpg\",\"contentUrl\":\"https:\/\/www.plastic-crates.com\/wp-content\/uploads\/2025\/02\/wood-effect-folding-crate-1.jpg\",\"width\":700,\"height\":700,\"caption\":\"Wood Effect Folding Crate\"},{\"@type\":\"BreadcrumbList\",\"@id\":\"https:\/\/www.plastic-crates.com\/product\/wood-effect-folding-crate\/#breadcrumb\",\"itemListElement\":[{\"@type\":\"ListItem\",\"position\":1,\"name\":\"Home\",\"item\":\"https:\/\/www.plastic-crates.com\/\"},{\"@type\":\"ListItem\",\"position\":2,\"name\":\"Products\",\"item\":\"https:\/\/www.plastic-crates.com\/shop\/\"},{\"@type\":\"ListItem\",\"position\":3,\"name\":\"Wood Effect Folding Crate\"}]},{\"@type\":\"WebSite\",\"@id\":\"https:\/\/www.plastic-crates.com\/#website\",\"url\":\"https:\/\/www.plastic-crates.com\/\",\"name\":\"plastic-crates.com\",\"description\":\"Leading plastic crates manufacturer in China\",\"potentialAction\":[{\"@type\":\"SearchAction\",\"target\":{\"@type\":\"EntryPoint\",\"urlTemplate\":\"https:\/\/www.plastic-crates.com\/?s={search_term_string}\"},\"query-input\":{\"@type\":\"PropertyValueSpecification\",\"valueRequired\":true,\"valueName\":\"search_term_string\"}}],\"inLanguage\":\"fr-FR\"}]}<\/script>\n<!-- \/ Yoast SEO plugin. -->","yoast_head_json":{"title":"Caisses pliantes imitation bois, prix de gros et prix d&#039;usine","description":"Caisse pliante imitation bois en gros, fournisseur de caisses pliables en plastique imitation bois, dimensions (L*l*H)\u00a0: 600\u00a0\u00d7\u00a0400\u00a0\u00d7\u00a0205\u00a0mm, volume\u00a0: 40\u00a0L","robots":{"index":"index","follow":"follow","max-snippet":"max-snippet:-1","max-image-preview":"max-image-preview:large","max-video-preview":"max-video-preview:-1"},"canonical":"https:\/\/www.plastic-crates.com\/fr\/product\/caisse-pliante-imitation-bois\/","og_locale":"fr_FR","og_type":"article","og_title":"collapsible plastic basket","og_description":"Wholesale Wood Effect Folding Crate, collapsable Wood Effect plastic crates supplier, Dimensions(L*W*H):600 * 400 * 205 mm, Volume: 40L","og_url":"https:\/\/www.plastic-crates.com\/fr\/product\/caisse-pliante-imitation-bois\/","og_site_name":"plastic-crates.com","article_modified_time":"2025-02-23T01:31:09+00:00","og_image":[{"width":700,"height":700,"url":"https:\/\/www.plastic-crates.com\/wp-content\/uploads\/2025\/02\/wood-effect-folding-crate-1.jpg","type":"image\/jpeg"}],"twitter_card":"summary_large_image","twitter_title":"collapsible plastic basket","twitter_misc":{"Dur\u00e9e de lecture estim\u00e9e":"2 minutes"},"schema":{"@context":"https:\/\/schema.org","@graph":[{"@type":"WebPage","@id":"https:\/\/www.plastic-crates.com\/product\/wood-effect-folding-crate\/","url":"https:\/\/www.plastic-crates.com\/product\/wood-effect-folding-crate\/","name":"Caisses pliantes imitation bois, prix de gros et prix d&#039;usine","isPartOf":{"@id":"https:\/\/www.plastic-crates.com\/#website"},"primaryImageOfPage":{"@id":"https:\/\/www.plastic-crates.com\/product\/wood-effect-folding-crate\/#primaryimage"},"image":{"@id":"https:\/\/www.plastic-crates.com\/product\/wood-effect-folding-crate\/#primaryimage"},"thumbnailUrl":"https:\/\/www.plastic-crates.com\/wp-content\/uploads\/2025\/02\/wood-effect-folding-crate-1.jpg","datePublished":"2025-02-23T01:11:21+00:00","dateModified":"2025-02-23T01:31:09+00:00","description":"Caisse pliante imitation bois en gros, fournisseur de caisses pliables en plastique imitation bois, dimensions (L*l*H)\u00a0: 600\u00a0\u00d7\u00a0400\u00a0\u00d7\u00a0205\u00a0mm, volume\u00a0: 40\u00a0L","breadcrumb":{"@id":"https:\/\/www.plastic-crates.com\/product\/wood-effect-folding-crate\/#breadcrumb"},"inLanguage":"fr-FR","potentialAction":[{"@type":"ReadAction","target":["https:\/\/www.plastic-crates.com\/product\/wood-effect-folding-crate\/"]}]},{"@type":"ImageObject","inLanguage":"fr-FR","@id":"https:\/\/www.plastic-crates.com\/product\/wood-effect-folding-crate\/#primaryimage","url":"https:\/\/www.plastic-crates.com\/wp-content\/uploads\/2025\/02\/wood-effect-folding-crate-1.jpg","contentUrl":"https:\/\/www.plastic-crates.com\/wp-content\/uploads\/2025\/02\/wood-effect-folding-crate-1.jpg","width":700,"height":700,"caption":"Wood Effect Folding Crate"},{"@type":"BreadcrumbList","@id":"https:\/\/www.plastic-crates.com\/product\/wood-effect-folding-crate\/#breadcrumb","itemListElement":[{"@type":"ListItem","position":1,"name":"Home","item":"https:\/\/www.plastic-crates.com\/"},{"@type":"ListItem","position":2,"name":"Products","item":"https:\/\/www.plastic-crates.com\/shop\/"},{"@type":"ListItem","position":3,"name":"Wood Effect Folding Crate"}]},{"@type":"WebSite","@id":"https:\/\/www.plastic-crates.com\/#website","url":"https:\/\/www.plastic-crates.com\/","name":"plastic-crates.com","description":"Fabricant leader de caisses en plastique en Chine","potentialAction":[{"@type":"SearchAction","target":{"@type":"EntryPoint","urlTemplate":"https:\/\/www.plastic-crates.com\/?s={search_term_string}"},"query-input":{"@type":"PropertyValueSpecification","valueRequired":true,"valueName":"search_term_string"}}],"inLanguage":"fr-FR"}]}},"_links":{"self":[{"href":"https:\/\/www.plastic-crates.com\/fr\/wp-json\/wp\/v2\/product\/7471","targetHints":{"allow":["GET"]}}],"collection":[{"href":"https:\/\/www.plastic-crates.com\/fr\/wp-json\/wp\/v2\/product"}],"about":[{"href":"https:\/\/www.plastic-crates.com\/fr\/wp-json\/wp\/v2\/types\/product"}],"wp:featuredmedia":[{"embeddable":true,"href":"https:\/\/www.plastic-crates.com\/fr\/wp-json\/wp\/v2\/media\/7472"}],"wp:attachment":[{"href":"https:\/\/www.plastic-crates.com\/fr\/wp-json\/wp\/v2\/media?parent=7471"}],"wp:term":[{"taxonomy":"product_brand","embeddable":true,"href":"https:\/\/www.plastic-crates.com\/fr\/wp-json\/wp\/v2\/product_brand?post=7471"},{"taxonomy":"product_cat","embeddable":true,"href":"https:\/\/www.plastic-crates.com\/fr\/wp-json\/wp\/v2\/product_cat?post=7471"},{"taxonomy":"product_tag","embeddable":true,"href":"https:\/\/www.plastic-crates.com\/fr\/wp-json\/wp\/v2\/product_tag?post=7471"}],"curies":[{"name":"wp","href":"https:\/\/api.w.org\/{rel}","templated":true}]}}