{"id":7497,"date":"2025-03-24T20:47:23","date_gmt":"2025-03-24T20:47:23","guid":{"rendered":"https:\/\/www.plastic-crates.com\/?post_type=product&#038;p=7497"},"modified":"2025-03-24T21:08:26","modified_gmt":"2025-03-24T21:08:26","slug":"boite-delevage-en-plastique-bsf-pour-vers-de-farine","status":"publish","type":"product","link":"https:\/\/www.plastic-crates.com\/fr\/product\/boite-delevage-en-plastique-bsf-pour-vers-de-farine\/","title":{"rendered":"Bac d&#039;\u00e9levage en plastique BSF pour vers de farine"},"content":{"rendered":"<p>Am\u00e9liorez vos projets d&#039;\u00e9levage ou d&#039;observation d&#039;insectes gr\u00e2ce \u00e0 cette bo\u00eete d&#039;\u00e9levage robuste, con\u00e7ue pour offrir un environnement s\u00fbr et pratique pour l&#039;\u00e9levage ou l&#039;\u00e9tude des insectes. Fabriqu\u00e9e en plastique bleu durable et de haute qualit\u00e9, cette bo\u00eete d&#039;\u00e9levage est con\u00e7ue pour r\u00e9sister \u00e0 un usage r\u00e9gulier tout en garantissant la s\u00e9curit\u00e9 de ses occupants. Son design rectangulaire spacieux offre un espace g\u00e9n\u00e9reux pour que les insectes puissent s&#039;\u00e9panouir, ce qui la rend id\u00e9ale pour les amateurs, les enseignants et les chercheurs.<\/p>\n<div style=\"width: 1170px;\" class=\"wp-video\"><!--[if lt IE 9]><script>document.createElement('video');<\/script><![endif]-->\n<video class=\"wp-video-shortcode\" id=\"video-7497-1\" width=\"1170\" height=\"658\" preload=\"metadata\" controls=\"controls\"><source type=\"video\/mp4\" src=\"https:\/\/www.plastic-crates.com\/wp-content\/uploads\/2025\/03\/Insect-Breeding-Box.mp4?_=1\" \/><a href=\"https:\/\/www.plastic-crates.com\/wp-content\/uploads\/2025\/03\/Insect-Breeding-Box.mp4\">https:\/\/www.plastic-crates.com\/wp-content\/uploads\/2025\/03\/Insect-Breeding-Box.mp4<\/a><\/video><\/div>\n<p>La bo\u00eete pr\u00e9sente une structure ventil\u00e9e avec de multiples d\u00e9coupes lat\u00e9rales favorisant une bonne circulation de l&#039;air et un environnement sain pour les insectes. Sa base solide assure la stabilit\u00e9, tandis que les bords sur\u00e9lev\u00e9s maintiennent le contenu en toute s\u00e9curit\u00e9. Sa couleur bleu vif lui conf\u00e8re non seulement un aspect professionnel, mais la rend \u00e9galement facilement rep\u00e9rable dans tout espace de travail. Id\u00e9ale pour l&#039;\u00e9levage, l&#039;observation ou le transport d&#039;insectes tels que les chenilles, les araign\u00e9es de mer, les col\u00e9opt\u00e8res ou autres petites esp\u00e8ces, cette bo\u00eete d&#039;\u00e9levage d&#039;insectes est un outil fiable et polyvalent pour les passionn\u00e9s d&#039;entomologie. Que vous cultiviez un habitat pour papillons ou \u00e9tudiiez le comportement des insectes, cette bo\u00eete offre la fonctionnalit\u00e9 et la durabilit\u00e9 n\u00e9cessaires \u00e0 un \u00e9levage r\u00e9ussi.<\/p>\n<p><a href=\"https:\/\/www.plastic-crates.com\/fr\/product-category\/bacs-en-plastique-transparent\/\">Bacs en plastique transparent<\/a>, <a href=\"https:\/\/www.plastic-crate.co.uk\/product-category\/supermarket-crates-bale-arm-crates\/\">caisses \u00e0 balles<\/a>,<\/p>","protected":false},"excerpt":{"rendered":"<p>Enhance your insect breeding or observation projects with this sturdy Insect Breeding Box, designed to provide a secure and practical&hellip;<\/p>","protected":false},"featured_media":7504,"template":"","meta":{"_acf_changed":false},"product_brand":[],"product_cat":[144],"product_tag":[],"class_list":{"0":"post-7497","1":"product","2":"type-product","3":"status-publish","4":"has-post-thumbnail","6":"product_cat-plastic-trays-wholesale","8":"first","9":"instock","10":"sale","11":"purchasable","12":"product-type-simple"},"acf":[],"yoast_head":"<!-- This site is optimized with the Yoast SEO plugin v26.1.1 - https:\/\/yoast.com\/wordpress\/plugins\/seo\/ -->\n<title>Plastic BSF Breeding Tray Box for Mealworm for sale<\/title>\n<meta name=\"description\" content=\"Plastic BSF Breeding Tray Box for Mealworm, Insect Rearing box, OEM &amp; ODM service available, insect breeding boxes wholesale price!\" \/>\n<meta name=\"robots\" content=\"index, follow, max-snippet:-1, max-image-preview:large, max-video-preview:-1\" \/>\n<link rel=\"canonical\" href=\"https:\/\/www.plastic-crates.com\/fr\/product\/boite-delevage-en-plastique-bsf-pour-vers-de-farine\/\" \/>\n<meta property=\"og:locale\" content=\"fr_FR\" \/>\n<meta property=\"og:type\" content=\"article\" \/>\n<meta property=\"og:title\" content=\"stackable folding crate, High Quality stackable folding crate Wholesale\" \/>\n<meta property=\"og:description\" content=\"Plastic BSF Breeding Tray Box for Mealworm, Insect Rearing box, OEM &amp; ODM service available, insect breeding boxes wholesale price!\" \/>\n<meta property=\"og:url\" content=\"https:\/\/www.plastic-crates.com\/fr\/product\/boite-delevage-en-plastique-bsf-pour-vers-de-farine\/\" \/>\n<meta property=\"og:site_name\" content=\"plastic-crates.com\" \/>\n<meta property=\"article:modified_time\" content=\"2025-03-24T21:08:26+00:00\" \/>\n<meta property=\"og:image\" content=\"https:\/\/www.plastic-crates.com\/wp-content\/uploads\/2025\/03\/black-soldier-fly-breeding-box-7.jpg\" \/>\n\t<meta property=\"og:image:width\" content=\"720\" \/>\n\t<meta property=\"og:image:height\" content=\"720\" \/>\n\t<meta property=\"og:image:type\" content=\"image\/jpeg\" \/>\n<meta name=\"twitter:card\" content=\"summary_large_image\" \/>\n<meta name=\"twitter:title\" content=\"stackable folding crate, High Quality stackable folding crate Wholesale\" \/>\n<meta name=\"twitter:label1\" content=\"Dur\u00e9e de lecture estim\u00e9e\" \/>\n\t<meta name=\"twitter:data1\" content=\"2 minutes\" \/>\n<script type=\"application\/ld+json\" class=\"yoast-schema-graph\">{\"@context\":\"https:\/\/schema.org\",\"@graph\":[{\"@type\":\"WebPage\",\"@id\":\"https:\/\/www.plastic-crates.com\/product\/plastic-bsf-breeding-tray-box-for-mealworm\/\",\"url\":\"https:\/\/www.plastic-crates.com\/product\/plastic-bsf-breeding-tray-box-for-mealworm\/\",\"name\":\"Plastic BSF Breeding Tray Box for Mealworm for sale\",\"isPartOf\":{\"@id\":\"https:\/\/www.plastic-crates.com\/#website\"},\"primaryImageOfPage\":{\"@id\":\"https:\/\/www.plastic-crates.com\/product\/plastic-bsf-breeding-tray-box-for-mealworm\/#primaryimage\"},\"image\":{\"@id\":\"https:\/\/www.plastic-crates.com\/product\/plastic-bsf-breeding-tray-box-for-mealworm\/#primaryimage\"},\"thumbnailUrl\":\"https:\/\/www.plastic-crates.com\/wp-content\/uploads\/2025\/03\/black-soldier-fly-breeding-box-7.jpg\",\"datePublished\":\"2025-03-24T20:47:23+00:00\",\"dateModified\":\"2025-03-24T21:08:26+00:00\",\"description\":\"Plastic BSF Breeding Tray Box for Mealworm, Insect Rearing box, OEM & ODM service available, insect breeding boxes wholesale price!\",\"breadcrumb\":{\"@id\":\"https:\/\/www.plastic-crates.com\/product\/plastic-bsf-breeding-tray-box-for-mealworm\/#breadcrumb\"},\"inLanguage\":\"fr-FR\",\"potentialAction\":[{\"@type\":\"ReadAction\",\"target\":[\"https:\/\/www.plastic-crates.com\/product\/plastic-bsf-breeding-tray-box-for-mealworm\/\"]}]},{\"@type\":\"ImageObject\",\"inLanguage\":\"fr-FR\",\"@id\":\"https:\/\/www.plastic-crates.com\/product\/plastic-bsf-breeding-tray-box-for-mealworm\/#primaryimage\",\"url\":\"https:\/\/www.plastic-crates.com\/wp-content\/uploads\/2025\/03\/black-soldier-fly-breeding-box-7.jpg\",\"contentUrl\":\"https:\/\/www.plastic-crates.com\/wp-content\/uploads\/2025\/03\/black-soldier-fly-breeding-box-7.jpg\",\"width\":720,\"height\":720,\"caption\":\"Insect breeding box\"},{\"@type\":\"BreadcrumbList\",\"@id\":\"https:\/\/www.plastic-crates.com\/product\/plastic-bsf-breeding-tray-box-for-mealworm\/#breadcrumb\",\"itemListElement\":[{\"@type\":\"ListItem\",\"position\":1,\"name\":\"Home\",\"item\":\"https:\/\/www.plastic-crates.com\/\"},{\"@type\":\"ListItem\",\"position\":2,\"name\":\"Products\",\"item\":\"https:\/\/www.plastic-crates.com\/shop\/\"},{\"@type\":\"ListItem\",\"position\":3,\"name\":\"Plastic BSF Breeding Tray Box for Mealworm\"}]},{\"@type\":\"WebSite\",\"@id\":\"https:\/\/www.plastic-crates.com\/#website\",\"url\":\"https:\/\/www.plastic-crates.com\/\",\"name\":\"plastic-crates.com\",\"description\":\"Leading plastic crates manufacturer in China\",\"potentialAction\":[{\"@type\":\"SearchAction\",\"target\":{\"@type\":\"EntryPoint\",\"urlTemplate\":\"https:\/\/www.plastic-crates.com\/?s={search_term_string}\"},\"query-input\":{\"@type\":\"PropertyValueSpecification\",\"valueRequired\":true,\"valueName\":\"search_term_string\"}}],\"inLanguage\":\"fr-FR\"}]}<\/script>\n<!-- \/ Yoast SEO plugin. -->","yoast_head_json":{"title":"Plateau d&#039;\u00e9levage en plastique BSF pour vers de farine \u00e0 vendre","description":"Bo\u00eete de plateau d&#039;\u00e9levage en plastique BSF pour vers de farine, bo\u00eete d&#039;\u00e9levage d&#039;insectes, service OEM et ODM disponible, prix de gros des bo\u00eetes d&#039;\u00e9levage d&#039;insectes !","robots":{"index":"index","follow":"follow","max-snippet":"max-snippet:-1","max-image-preview":"max-image-preview:large","max-video-preview":"max-video-preview:-1"},"canonical":"https:\/\/www.plastic-crates.com\/fr\/product\/boite-delevage-en-plastique-bsf-pour-vers-de-farine\/","og_locale":"fr_FR","og_type":"article","og_title":"stackable folding crate, High Quality stackable folding crate Wholesale","og_description":"Plastic BSF Breeding Tray Box for Mealworm, Insect Rearing box, OEM & ODM service available, insect breeding boxes wholesale price!","og_url":"https:\/\/www.plastic-crates.com\/fr\/product\/boite-delevage-en-plastique-bsf-pour-vers-de-farine\/","og_site_name":"plastic-crates.com","article_modified_time":"2025-03-24T21:08:26+00:00","og_image":[{"width":720,"height":720,"url":"https:\/\/www.plastic-crates.com\/wp-content\/uploads\/2025\/03\/black-soldier-fly-breeding-box-7.jpg","type":"image\/jpeg"}],"twitter_card":"summary_large_image","twitter_title":"stackable folding crate, High Quality stackable folding crate Wholesale","twitter_misc":{"Dur\u00e9e de lecture estim\u00e9e":"2 minutes"},"schema":{"@context":"https:\/\/schema.org","@graph":[{"@type":"WebPage","@id":"https:\/\/www.plastic-crates.com\/product\/plastic-bsf-breeding-tray-box-for-mealworm\/","url":"https:\/\/www.plastic-crates.com\/product\/plastic-bsf-breeding-tray-box-for-mealworm\/","name":"Plateau d&#039;\u00e9levage en plastique BSF pour vers de farine \u00e0 vendre","isPartOf":{"@id":"https:\/\/www.plastic-crates.com\/#website"},"primaryImageOfPage":{"@id":"https:\/\/www.plastic-crates.com\/product\/plastic-bsf-breeding-tray-box-for-mealworm\/#primaryimage"},"image":{"@id":"https:\/\/www.plastic-crates.com\/product\/plastic-bsf-breeding-tray-box-for-mealworm\/#primaryimage"},"thumbnailUrl":"https:\/\/www.plastic-crates.com\/wp-content\/uploads\/2025\/03\/black-soldier-fly-breeding-box-7.jpg","datePublished":"2025-03-24T20:47:23+00:00","dateModified":"2025-03-24T21:08:26+00:00","description":"Bo\u00eete de plateau d&#039;\u00e9levage en plastique BSF pour vers de farine, bo\u00eete d&#039;\u00e9levage d&#039;insectes, service OEM et ODM disponible, prix de gros des bo\u00eetes d&#039;\u00e9levage d&#039;insectes !","breadcrumb":{"@id":"https:\/\/www.plastic-crates.com\/product\/plastic-bsf-breeding-tray-box-for-mealworm\/#breadcrumb"},"inLanguage":"fr-FR","potentialAction":[{"@type":"ReadAction","target":["https:\/\/www.plastic-crates.com\/product\/plastic-bsf-breeding-tray-box-for-mealworm\/"]}]},{"@type":"ImageObject","inLanguage":"fr-FR","@id":"https:\/\/www.plastic-crates.com\/product\/plastic-bsf-breeding-tray-box-for-mealworm\/#primaryimage","url":"https:\/\/www.plastic-crates.com\/wp-content\/uploads\/2025\/03\/black-soldier-fly-breeding-box-7.jpg","contentUrl":"https:\/\/www.plastic-crates.com\/wp-content\/uploads\/2025\/03\/black-soldier-fly-breeding-box-7.jpg","width":720,"height":720,"caption":"Insect breeding box"},{"@type":"BreadcrumbList","@id":"https:\/\/www.plastic-crates.com\/product\/plastic-bsf-breeding-tray-box-for-mealworm\/#breadcrumb","itemListElement":[{"@type":"ListItem","position":1,"name":"Home","item":"https:\/\/www.plastic-crates.com\/"},{"@type":"ListItem","position":2,"name":"Products","item":"https:\/\/www.plastic-crates.com\/shop\/"},{"@type":"ListItem","position":3,"name":"Plastic BSF Breeding Tray Box for Mealworm"}]},{"@type":"WebSite","@id":"https:\/\/www.plastic-crates.com\/#website","url":"https:\/\/www.plastic-crates.com\/","name":"plastic-crates.com","description":"Fabricant leader de caisses en plastique en Chine","potentialAction":[{"@type":"SearchAction","target":{"@type":"EntryPoint","urlTemplate":"https:\/\/www.plastic-crates.com\/?s={search_term_string}"},"query-input":{"@type":"PropertyValueSpecification","valueRequired":true,"valueName":"search_term_string"}}],"inLanguage":"fr-FR"}]}},"_links":{"self":[{"href":"https:\/\/www.plastic-crates.com\/fr\/wp-json\/wp\/v2\/product\/7497","targetHints":{"allow":["GET"]}}],"collection":[{"href":"https:\/\/www.plastic-crates.com\/fr\/wp-json\/wp\/v2\/product"}],"about":[{"href":"https:\/\/www.plastic-crates.com\/fr\/wp-json\/wp\/v2\/types\/product"}],"wp:featuredmedia":[{"embeddable":true,"href":"https:\/\/www.plastic-crates.com\/fr\/wp-json\/wp\/v2\/media\/7504"}],"wp:attachment":[{"href":"https:\/\/www.plastic-crates.com\/fr\/wp-json\/wp\/v2\/media?parent=7497"}],"wp:term":[{"taxonomy":"product_brand","embeddable":true,"href":"https:\/\/www.plastic-crates.com\/fr\/wp-json\/wp\/v2\/product_brand?post=7497"},{"taxonomy":"product_cat","embeddable":true,"href":"https:\/\/www.plastic-crates.com\/fr\/wp-json\/wp\/v2\/product_cat?post=7497"},{"taxonomy":"product_tag","embeddable":true,"href":"https:\/\/www.plastic-crates.com\/fr\/wp-json\/wp\/v2\/product_tag?post=7497"}],"curies":[{"name":"wp","href":"https:\/\/api.w.org\/{rel}","templated":true}]}}