{"id":7555,"date":"2025-05-11T04:31:47","date_gmt":"2025-05-11T04:31:47","guid":{"rendered":"https:\/\/www.plastic-crates.com\/product\/plastic-milk-crates\/"},"modified":"2025-09-12T21:46:18","modified_gmt":"2025-09-12T21:46:18","slug":"caisses-de-lait-en-plastique","status":"publish","type":"product","link":"https:\/\/www.plastic-crates.com\/fr\/product\/caisses-de-lait-en-plastique\/","title":{"rendered":"Caisses de lait en plastique"},"content":{"rendered":"<p>Notre <strong>caisse de lait en plastique<\/strong> Sa construction robuste lui permet de supporter de lourdes charges tout en assurant une excellente ventilation pour pr\u00e9server la fra\u00eecheur des produits. Ses poign\u00e9es ergonomiques facilitent le transport et le levage, facilitant ainsi les d\u00e9placements entre le stockage et la livraison.<\/p>\n<p>Dot\u00e9e de compartiments personnalisables, cette caisse permet un rangement organis\u00e9 des bouteilles de lait, garantissant la s\u00e9curit\u00e9 de chaque article pendant le transport. Sa conception empilable optimise l&#039;espace, la rendant id\u00e9ale pour la manutention en vrac dans divers environnements de cha\u00eene d&#039;approvisionnement.<\/p>\n<p><strong>Principaux avantages :<\/strong><\/p>\n<p><strong>Conception durable<\/strong>:Construit pour durer avec un mat\u00e9riau plastique de haute qualit\u00e9 qui r\u00e9siste \u00e0 l&#039;usure.<br \/>\n<strong>Stockage efficace<\/strong>:Compartiments con\u00e7us pour contenir plusieurs bouteilles en toute s\u00e9curit\u00e9, \u00e9vitant ainsi les mouvements et les d\u00e9versements.<br \/>\n<strong>Options personnalisables<\/strong>: Disponible pour <strong>OEM\/ODM<\/strong> projets, permettant une personnalisation de la marque et des tailles adapt\u00e9es \u00e0 vos besoins uniques.<br \/>\nOpportunit\u00e9s de vente en gros : Id\u00e9al pour les achats en gros, garantissant le bon d\u00e9roulement de vos op\u00e9rations sans interruption.<\/p>","protected":false},"excerpt":{"rendered":"<p>Pr\u00e9sentation de notre produit polyvalent et durable <strong>caisse de lait en plastique<\/strong>La solution id\u00e9ale pour un stockage et un transport efficaces des produits laitiers. Con\u00e7ue pour les grossistes et les partenaires OEM\/ODM, cette caisse \u00e0 lait est un atout indispensable pour les fermes, les laiteries et les \u00e9piceries.<\/p>","protected":false},"featured_media":7549,"template":"","meta":{"_acf_changed":false},"product_brand":[],"product_cat":[151],"product_tag":[153,149],"class_list":{"0":"post-7555","1":"product","2":"type-product","3":"status-publish","4":"has-post-thumbnail","6":"product_cat-bakery-rack","7":"product_tag-bottle-crate","8":"product_tag-plastic-milk-crates","10":"first","11":"instock","12":"shipping-taxable","13":"product-type-simple"},"acf":[],"yoast_head":"<!-- This site is optimized with the Yoast SEO plugin v26.1.1 - https:\/\/yoast.com\/wordpress\/plugins\/seo\/ -->\n<title>Plastic milk crates - plastic-crates.com<\/title>\n<meta name=\"robots\" content=\"index, follow, max-snippet:-1, max-image-preview:large, max-video-preview:-1\" \/>\n<link rel=\"canonical\" href=\"https:\/\/www.plastic-crates.com\/fr\/product\/caisses-de-lait-en-plastique\/\" \/>\n<meta property=\"og:locale\" content=\"fr_FR\" \/>\n<meta property=\"og:type\" content=\"article\" \/>\n<meta property=\"og:title\" content=\"Plastic milk crates - plastic-crates.com\" \/>\n<meta property=\"og:description\" content=\"Introducing our versatile and durable plastic milk crate, the ultimate solution for efficient storage and transport of dairy products. Designed for both wholesale buyers and OEM\/ODM partnerships, this milk crate is an indispensable asset for farms, dairies, and grocery stores.\" \/>\n<meta property=\"og:url\" content=\"https:\/\/www.plastic-crates.com\/fr\/product\/caisses-de-lait-en-plastique\/\" \/>\n<meta property=\"og:site_name\" content=\"plastic-crates.com\" \/>\n<meta property=\"article:modified_time\" content=\"2025-09-12T21:46:18+00:00\" \/>\n<meta property=\"og:image\" content=\"https:\/\/www.plastic-crates.com\/wp-content\/uploads\/2025\/05\/plastic-milk-crates-1.jpg\" \/>\n\t<meta property=\"og:image:width\" content=\"720\" \/>\n\t<meta property=\"og:image:height\" content=\"720\" \/>\n\t<meta property=\"og:image:type\" content=\"image\/jpeg\" \/>\n<meta name=\"twitter:card\" content=\"summary_large_image\" \/>\n<meta name=\"twitter:label1\" content=\"Dur\u00e9e de lecture estim\u00e9e\" \/>\n\t<meta name=\"twitter:data1\" content=\"1 minute\" \/>\n<script type=\"application\/ld+json\" class=\"yoast-schema-graph\">{\"@context\":\"https:\/\/schema.org\",\"@graph\":[{\"@type\":\"WebPage\",\"@id\":\"https:\/\/www.plastic-crates.com\/product\/plastic-milk-crates\/\",\"url\":\"https:\/\/www.plastic-crates.com\/product\/plastic-milk-crates\/\",\"name\":\"Plastic milk crates - plastic-crates.com\",\"isPartOf\":{\"@id\":\"https:\/\/www.plastic-crates.com\/#website\"},\"primaryImageOfPage\":{\"@id\":\"https:\/\/www.plastic-crates.com\/product\/plastic-milk-crates\/#primaryimage\"},\"image\":{\"@id\":\"https:\/\/www.plastic-crates.com\/product\/plastic-milk-crates\/#primaryimage\"},\"thumbnailUrl\":\"https:\/\/www.plastic-crates.com\/wp-content\/uploads\/2025\/05\/plastic-milk-crates-1.jpg\",\"datePublished\":\"2025-05-11T04:31:47+00:00\",\"dateModified\":\"2025-09-12T21:46:18+00:00\",\"breadcrumb\":{\"@id\":\"https:\/\/www.plastic-crates.com\/product\/plastic-milk-crates\/#breadcrumb\"},\"inLanguage\":\"fr-FR\",\"potentialAction\":[{\"@type\":\"ReadAction\",\"target\":[\"https:\/\/www.plastic-crates.com\/product\/plastic-milk-crates\/\"]}]},{\"@type\":\"ImageObject\",\"inLanguage\":\"fr-FR\",\"@id\":\"https:\/\/www.plastic-crates.com\/product\/plastic-milk-crates\/#primaryimage\",\"url\":\"https:\/\/www.plastic-crates.com\/wp-content\/uploads\/2025\/05\/plastic-milk-crates-1.jpg\",\"contentUrl\":\"https:\/\/www.plastic-crates.com\/wp-content\/uploads\/2025\/05\/plastic-milk-crates-1.jpg\",\"width\":720,\"height\":720,\"caption\":\"plastic milk crates\"},{\"@type\":\"BreadcrumbList\",\"@id\":\"https:\/\/www.plastic-crates.com\/product\/plastic-milk-crates\/#breadcrumb\",\"itemListElement\":[{\"@type\":\"ListItem\",\"position\":1,\"name\":\"Home\",\"item\":\"https:\/\/www.plastic-crates.com\/\"},{\"@type\":\"ListItem\",\"position\":2,\"name\":\"Products\",\"item\":\"https:\/\/www.plastic-crates.com\/shop\/\"},{\"@type\":\"ListItem\",\"position\":3,\"name\":\"Plastic milk crates\"}]},{\"@type\":\"WebSite\",\"@id\":\"https:\/\/www.plastic-crates.com\/#website\",\"url\":\"https:\/\/www.plastic-crates.com\/\",\"name\":\"plastic-crates.com\",\"description\":\"Leading plastic crates manufacturer in China\",\"potentialAction\":[{\"@type\":\"SearchAction\",\"target\":{\"@type\":\"EntryPoint\",\"urlTemplate\":\"https:\/\/www.plastic-crates.com\/?s={search_term_string}\"},\"query-input\":{\"@type\":\"PropertyValueSpecification\",\"valueRequired\":true,\"valueName\":\"search_term_string\"}}],\"inLanguage\":\"fr-FR\"}]}<\/script>\n<!-- \/ Yoast SEO plugin. -->","yoast_head_json":{"title":"Caisses de lait en plastique - plastic-crates.com","robots":{"index":"index","follow":"follow","max-snippet":"max-snippet:-1","max-image-preview":"max-image-preview:large","max-video-preview":"max-video-preview:-1"},"canonical":"https:\/\/www.plastic-crates.com\/fr\/product\/caisses-de-lait-en-plastique\/","og_locale":"fr_FR","og_type":"article","og_title":"Plastic milk crates - plastic-crates.com","og_description":"Introducing our versatile and durable plastic milk crate, the ultimate solution for efficient storage and transport of dairy products. Designed for both wholesale buyers and OEM\/ODM partnerships, this milk crate is an indispensable asset for farms, dairies, and grocery stores.","og_url":"https:\/\/www.plastic-crates.com\/fr\/product\/caisses-de-lait-en-plastique\/","og_site_name":"plastic-crates.com","article_modified_time":"2025-09-12T21:46:18+00:00","og_image":[{"width":720,"height":720,"url":"https:\/\/www.plastic-crates.com\/wp-content\/uploads\/2025\/05\/plastic-milk-crates-1.jpg","type":"image\/jpeg"}],"twitter_card":"summary_large_image","twitter_misc":{"Dur\u00e9e de lecture estim\u00e9e":"1 minute"},"schema":{"@context":"https:\/\/schema.org","@graph":[{"@type":"WebPage","@id":"https:\/\/www.plastic-crates.com\/product\/plastic-milk-crates\/","url":"https:\/\/www.plastic-crates.com\/product\/plastic-milk-crates\/","name":"Caisses de lait en plastique - plastic-crates.com","isPartOf":{"@id":"https:\/\/www.plastic-crates.com\/#website"},"primaryImageOfPage":{"@id":"https:\/\/www.plastic-crates.com\/product\/plastic-milk-crates\/#primaryimage"},"image":{"@id":"https:\/\/www.plastic-crates.com\/product\/plastic-milk-crates\/#primaryimage"},"thumbnailUrl":"https:\/\/www.plastic-crates.com\/wp-content\/uploads\/2025\/05\/plastic-milk-crates-1.jpg","datePublished":"2025-05-11T04:31:47+00:00","dateModified":"2025-09-12T21:46:18+00:00","breadcrumb":{"@id":"https:\/\/www.plastic-crates.com\/product\/plastic-milk-crates\/#breadcrumb"},"inLanguage":"fr-FR","potentialAction":[{"@type":"ReadAction","target":["https:\/\/www.plastic-crates.com\/product\/plastic-milk-crates\/"]}]},{"@type":"ImageObject","inLanguage":"fr-FR","@id":"https:\/\/www.plastic-crates.com\/product\/plastic-milk-crates\/#primaryimage","url":"https:\/\/www.plastic-crates.com\/wp-content\/uploads\/2025\/05\/plastic-milk-crates-1.jpg","contentUrl":"https:\/\/www.plastic-crates.com\/wp-content\/uploads\/2025\/05\/plastic-milk-crates-1.jpg","width":720,"height":720,"caption":"plastic milk crates"},{"@type":"BreadcrumbList","@id":"https:\/\/www.plastic-crates.com\/product\/plastic-milk-crates\/#breadcrumb","itemListElement":[{"@type":"ListItem","position":1,"name":"Home","item":"https:\/\/www.plastic-crates.com\/"},{"@type":"ListItem","position":2,"name":"Products","item":"https:\/\/www.plastic-crates.com\/shop\/"},{"@type":"ListItem","position":3,"name":"Plastic milk crates"}]},{"@type":"WebSite","@id":"https:\/\/www.plastic-crates.com\/#website","url":"https:\/\/www.plastic-crates.com\/","name":"plastic-crates.com","description":"Fabricant leader de caisses en plastique en Chine","potentialAction":[{"@type":"SearchAction","target":{"@type":"EntryPoint","urlTemplate":"https:\/\/www.plastic-crates.com\/?s={search_term_string}"},"query-input":{"@type":"PropertyValueSpecification","valueRequired":true,"valueName":"search_term_string"}}],"inLanguage":"fr-FR"}]}},"_links":{"self":[{"href":"https:\/\/www.plastic-crates.com\/fr\/wp-json\/wp\/v2\/product\/7555","targetHints":{"allow":["GET"]}}],"collection":[{"href":"https:\/\/www.plastic-crates.com\/fr\/wp-json\/wp\/v2\/product"}],"about":[{"href":"https:\/\/www.plastic-crates.com\/fr\/wp-json\/wp\/v2\/types\/product"}],"wp:featuredmedia":[{"embeddable":true,"href":"https:\/\/www.plastic-crates.com\/fr\/wp-json\/wp\/v2\/media\/7549"}],"wp:attachment":[{"href":"https:\/\/www.plastic-crates.com\/fr\/wp-json\/wp\/v2\/media?parent=7555"}],"wp:term":[{"taxonomy":"product_brand","embeddable":true,"href":"https:\/\/www.plastic-crates.com\/fr\/wp-json\/wp\/v2\/product_brand?post=7555"},{"taxonomy":"product_cat","embeddable":true,"href":"https:\/\/www.plastic-crates.com\/fr\/wp-json\/wp\/v2\/product_cat?post=7555"},{"taxonomy":"product_tag","embeddable":true,"href":"https:\/\/www.plastic-crates.com\/fr\/wp-json\/wp\/v2\/product_tag?post=7555"}],"curies":[{"name":"wp","href":"https:\/\/api.w.org\/{rel}","templated":true}]}}