{"id":7565,"date":"2025-05-11T21:51:48","date_gmt":"2025-05-11T21:51:48","guid":{"rendered":"https:\/\/www.plastic-crates.com\/product\/heavy-duty-milk-crates\/"},"modified":"2025-09-12T21:45:42","modified_gmt":"2025-09-12T21:45:42","slug":"caisses-a-lait-robustes","status":"publish","type":"product","link":"https:\/\/www.plastic-crates.com\/fr\/product\/caisses-a-lait-robustes\/","title":{"rendered":"Caisses \u00e0 lait robustes"},"content":{"rendered":"<p>Optimisez votre stockage gr\u00e2ce \u00e0 notre caisse \u00e0 lait robuste, con\u00e7ue pour allier polyvalence et durabilit\u00e9. Mesurant 508 mm x 346 mm x 275 mm, cette caisse robuste est id\u00e9ale pour transporter, stocker et organiser une grande vari\u00e9t\u00e9 d&#039;articles, des produits laitiers aux articles m\u00e9nagers.<\/p>\n<div style=\"width: 1170px;\" class=\"wp-video\"><!--[if lt IE 9]><script>document.createElement('video');<\/script><![endif]-->\n<video class=\"wp-video-shortcode\" id=\"video-7565-1\" width=\"1170\" height=\"658\" preload=\"metadata\" controls=\"controls\"><source type=\"video\/mp4\" src=\"https:\/\/www.plastic-crates.com\/wp-content\/uploads\/2025\/05\/heavy-duty-milk-crates-24-bottle.mp4?_=1\" \/><a href=\"https:\/\/www.plastic-crates.com\/wp-content\/uploads\/2025\/05\/heavy-duty-milk-crates-24-bottle.mp4\">https:\/\/www.plastic-crates.com\/wp-content\/uploads\/2025\/05\/heavy-duty-milk-crates-24-bottle.mp4<\/a><\/video><\/div>\n<p>Con\u00e7ues pour \u00eatre robustes, nos caisses \u00e0 lait sont empilables sans compromettre l&#039;int\u00e9grit\u00e9 du contenu. Leur conception a\u00e9r\u00e9e favorise la circulation de l&#039;air, r\u00e9duisant ainsi l&#039;accumulation d&#039;humidit\u00e9 et pr\u00e9servant la fra\u00eecheur de vos produits. Gr\u00e2ce \u00e0 ses compartiments personnalisables, la caisse \u00e0 lait robuste permet un rangement organis\u00e9, id\u00e9ale pour les commerces de d\u00e9tail et les entrep\u00f4ts.<\/p>","protected":false},"excerpt":{"rendered":"<p>Disponibles en gros, nos caisses sont id\u00e9ales pour les entreprises souhaitant am\u00e9liorer leurs solutions de stockage. Nous proposons \u00e9galement des services OEM\/ODM pour r\u00e9pondre \u00e0 vos besoins sp\u00e9cifiques en mati\u00e8re de design et de branding. Que vous soyez d\u00e9taillant, distributeur ou que vous recherchiez des solutions en vrac, notre caisse \u00e0 lait robuste est la solution id\u00e9ale.<\/p>\n<p><a href=\"https:\/\/www.plastic-crates.com\/fr\/product\/chicken-crates-chicken-transport-crates-chicken-crates-for-sale\/\">caisses de transport de poulets<\/a>, <a href=\"https:\/\/www.plastic-crates.com\/fr\/product-tag\/palette-de-confinement-des-deversements-ibc\/\">palette de confinement des d\u00e9versements<\/a><\/p>\n<p>&nbsp;<\/p>","protected":false},"featured_media":7559,"template":"","meta":{"_acf_changed":false},"product_brand":[],"product_cat":[15],"product_tag":[153,149],"class_list":{"0":"post-7565","1":"product","2":"type-product","3":"status-publish","4":"has-post-thumbnail","6":"product_cat-stackable-containers","7":"product_tag-bottle-crate","8":"product_tag-plastic-milk-crates","10":"first","11":"instock","12":"shipping-taxable","13":"product-type-simple"},"acf":[],"yoast_head":"<!-- This site is optimized with the Yoast SEO plugin v26.1.1 - https:\/\/yoast.com\/wordpress\/plugins\/seo\/ -->\n<title>Heavy duty milk crates - plastic-crates.com<\/title>\n<meta name=\"robots\" content=\"index, follow, max-snippet:-1, max-image-preview:large, max-video-preview:-1\" \/>\n<link rel=\"canonical\" href=\"https:\/\/www.plastic-crates.com\/fr\/product\/caisses-a-lait-robustes\/\" \/>\n<meta property=\"og:locale\" content=\"fr_FR\" \/>\n<meta property=\"og:type\" content=\"article\" \/>\n<meta property=\"og:title\" content=\"Heavy duty milk crates - plastic-crates.com\" \/>\n<meta property=\"og:description\" content=\"Available for wholesale orders, our crates are the perfect choice for businesses looking to enhance their storage solutions. We also provide OEM\/ODM services to meet your specific design and branding requests. Whether you&#039;re a retailer, distributor, or looking for bulk solutions, our Heavy Duty Milk Crate is your answer.  chicken transport crates, spill containment pallet  &nbsp;\" \/>\n<meta property=\"og:url\" content=\"https:\/\/www.plastic-crates.com\/fr\/product\/caisses-a-lait-robustes\/\" \/>\n<meta property=\"og:site_name\" content=\"plastic-crates.com\" \/>\n<meta property=\"article:modified_time\" content=\"2025-09-12T21:45:42+00:00\" \/>\n<meta property=\"og:image\" content=\"https:\/\/www.plastic-crates.com\/wp-content\/uploads\/2025\/05\/heavy-duty-milk-crates-1.png\" \/>\n\t<meta property=\"og:image:width\" content=\"1000\" \/>\n\t<meta property=\"og:image:height\" content=\"1000\" \/>\n\t<meta property=\"og:image:type\" content=\"image\/png\" \/>\n<meta name=\"twitter:card\" content=\"summary_large_image\" \/>\n<meta name=\"twitter:label1\" content=\"Dur\u00e9e de lecture estim\u00e9e\" \/>\n\t<meta name=\"twitter:data1\" content=\"1 minute\" \/>\n<script type=\"application\/ld+json\" class=\"yoast-schema-graph\">{\"@context\":\"https:\/\/schema.org\",\"@graph\":[{\"@type\":\"WebPage\",\"@id\":\"https:\/\/www.plastic-crates.com\/product\/heavy-duty-milk-crates\/\",\"url\":\"https:\/\/www.plastic-crates.com\/product\/heavy-duty-milk-crates\/\",\"name\":\"Heavy duty milk crates - plastic-crates.com\",\"isPartOf\":{\"@id\":\"https:\/\/www.plastic-crates.com\/#website\"},\"primaryImageOfPage\":{\"@id\":\"https:\/\/www.plastic-crates.com\/product\/heavy-duty-milk-crates\/#primaryimage\"},\"image\":{\"@id\":\"https:\/\/www.plastic-crates.com\/product\/heavy-duty-milk-crates\/#primaryimage\"},\"thumbnailUrl\":\"https:\/\/www.plastic-crates.com\/wp-content\/uploads\/2025\/05\/heavy-duty-milk-crates-1.png\",\"datePublished\":\"2025-05-11T21:51:48+00:00\",\"dateModified\":\"2025-09-12T21:45:42+00:00\",\"breadcrumb\":{\"@id\":\"https:\/\/www.plastic-crates.com\/product\/heavy-duty-milk-crates\/#breadcrumb\"},\"inLanguage\":\"fr-FR\",\"potentialAction\":[{\"@type\":\"ReadAction\",\"target\":[\"https:\/\/www.plastic-crates.com\/product\/heavy-duty-milk-crates\/\"]}]},{\"@type\":\"ImageObject\",\"inLanguage\":\"fr-FR\",\"@id\":\"https:\/\/www.plastic-crates.com\/product\/heavy-duty-milk-crates\/#primaryimage\",\"url\":\"https:\/\/www.plastic-crates.com\/wp-content\/uploads\/2025\/05\/heavy-duty-milk-crates-1.png\",\"contentUrl\":\"https:\/\/www.plastic-crates.com\/wp-content\/uploads\/2025\/05\/heavy-duty-milk-crates-1.png\",\"width\":1000,\"height\":1000,\"caption\":\"heavy duty milk crates\"},{\"@type\":\"BreadcrumbList\",\"@id\":\"https:\/\/www.plastic-crates.com\/product\/heavy-duty-milk-crates\/#breadcrumb\",\"itemListElement\":[{\"@type\":\"ListItem\",\"position\":1,\"name\":\"Home\",\"item\":\"https:\/\/www.plastic-crates.com\/\"},{\"@type\":\"ListItem\",\"position\":2,\"name\":\"Products\",\"item\":\"https:\/\/www.plastic-crates.com\/shop\/\"},{\"@type\":\"ListItem\",\"position\":3,\"name\":\"Heavy duty milk crates\"}]},{\"@type\":\"WebSite\",\"@id\":\"https:\/\/www.plastic-crates.com\/#website\",\"url\":\"https:\/\/www.plastic-crates.com\/\",\"name\":\"plastic-crates.com\",\"description\":\"Leading plastic crates manufacturer in China\",\"potentialAction\":[{\"@type\":\"SearchAction\",\"target\":{\"@type\":\"EntryPoint\",\"urlTemplate\":\"https:\/\/www.plastic-crates.com\/?s={search_term_string}\"},\"query-input\":{\"@type\":\"PropertyValueSpecification\",\"valueRequired\":true,\"valueName\":\"search_term_string\"}}],\"inLanguage\":\"fr-FR\"}]}<\/script>\n<!-- \/ Yoast SEO plugin. -->","yoast_head_json":{"title":"Caisses \u00e0 lait robustes - plastic-crates.com","robots":{"index":"index","follow":"follow","max-snippet":"max-snippet:-1","max-image-preview":"max-image-preview:large","max-video-preview":"max-video-preview:-1"},"canonical":"https:\/\/www.plastic-crates.com\/fr\/product\/caisses-a-lait-robustes\/","og_locale":"fr_FR","og_type":"article","og_title":"Heavy duty milk crates - plastic-crates.com","og_description":"Available for wholesale orders, our crates are the perfect choice for businesses looking to enhance their storage solutions. We also provide OEM\/ODM services to meet your specific design and branding requests. Whether you're a retailer, distributor, or looking for bulk solutions, our Heavy Duty Milk Crate is your answer.  chicken transport crates, spill containment pallet  &nbsp;","og_url":"https:\/\/www.plastic-crates.com\/fr\/product\/caisses-a-lait-robustes\/","og_site_name":"plastic-crates.com","article_modified_time":"2025-09-12T21:45:42+00:00","og_image":[{"width":1000,"height":1000,"url":"https:\/\/www.plastic-crates.com\/wp-content\/uploads\/2025\/05\/heavy-duty-milk-crates-1.png","type":"image\/png"}],"twitter_card":"summary_large_image","twitter_misc":{"Dur\u00e9e de lecture estim\u00e9e":"1 minute"},"schema":{"@context":"https:\/\/schema.org","@graph":[{"@type":"WebPage","@id":"https:\/\/www.plastic-crates.com\/product\/heavy-duty-milk-crates\/","url":"https:\/\/www.plastic-crates.com\/product\/heavy-duty-milk-crates\/","name":"Caisses \u00e0 lait robustes - plastic-crates.com","isPartOf":{"@id":"https:\/\/www.plastic-crates.com\/#website"},"primaryImageOfPage":{"@id":"https:\/\/www.plastic-crates.com\/product\/heavy-duty-milk-crates\/#primaryimage"},"image":{"@id":"https:\/\/www.plastic-crates.com\/product\/heavy-duty-milk-crates\/#primaryimage"},"thumbnailUrl":"https:\/\/www.plastic-crates.com\/wp-content\/uploads\/2025\/05\/heavy-duty-milk-crates-1.png","datePublished":"2025-05-11T21:51:48+00:00","dateModified":"2025-09-12T21:45:42+00:00","breadcrumb":{"@id":"https:\/\/www.plastic-crates.com\/product\/heavy-duty-milk-crates\/#breadcrumb"},"inLanguage":"fr-FR","potentialAction":[{"@type":"ReadAction","target":["https:\/\/www.plastic-crates.com\/product\/heavy-duty-milk-crates\/"]}]},{"@type":"ImageObject","inLanguage":"fr-FR","@id":"https:\/\/www.plastic-crates.com\/product\/heavy-duty-milk-crates\/#primaryimage","url":"https:\/\/www.plastic-crates.com\/wp-content\/uploads\/2025\/05\/heavy-duty-milk-crates-1.png","contentUrl":"https:\/\/www.plastic-crates.com\/wp-content\/uploads\/2025\/05\/heavy-duty-milk-crates-1.png","width":1000,"height":1000,"caption":"heavy duty milk crates"},{"@type":"BreadcrumbList","@id":"https:\/\/www.plastic-crates.com\/product\/heavy-duty-milk-crates\/#breadcrumb","itemListElement":[{"@type":"ListItem","position":1,"name":"Home","item":"https:\/\/www.plastic-crates.com\/"},{"@type":"ListItem","position":2,"name":"Products","item":"https:\/\/www.plastic-crates.com\/shop\/"},{"@type":"ListItem","position":3,"name":"Heavy duty milk crates"}]},{"@type":"WebSite","@id":"https:\/\/www.plastic-crates.com\/#website","url":"https:\/\/www.plastic-crates.com\/","name":"plastic-crates.com","description":"Fabricant leader de caisses en plastique en Chine","potentialAction":[{"@type":"SearchAction","target":{"@type":"EntryPoint","urlTemplate":"https:\/\/www.plastic-crates.com\/?s={search_term_string}"},"query-input":{"@type":"PropertyValueSpecification","valueRequired":true,"valueName":"search_term_string"}}],"inLanguage":"fr-FR"}]}},"_links":{"self":[{"href":"https:\/\/www.plastic-crates.com\/fr\/wp-json\/wp\/v2\/product\/7565","targetHints":{"allow":["GET"]}}],"collection":[{"href":"https:\/\/www.plastic-crates.com\/fr\/wp-json\/wp\/v2\/product"}],"about":[{"href":"https:\/\/www.plastic-crates.com\/fr\/wp-json\/wp\/v2\/types\/product"}],"wp:featuredmedia":[{"embeddable":true,"href":"https:\/\/www.plastic-crates.com\/fr\/wp-json\/wp\/v2\/media\/7559"}],"wp:attachment":[{"href":"https:\/\/www.plastic-crates.com\/fr\/wp-json\/wp\/v2\/media?parent=7565"}],"wp:term":[{"taxonomy":"product_brand","embeddable":true,"href":"https:\/\/www.plastic-crates.com\/fr\/wp-json\/wp\/v2\/product_brand?post=7565"},{"taxonomy":"product_cat","embeddable":true,"href":"https:\/\/www.plastic-crates.com\/fr\/wp-json\/wp\/v2\/product_cat?post=7565"},{"taxonomy":"product_tag","embeddable":true,"href":"https:\/\/www.plastic-crates.com\/fr\/wp-json\/wp\/v2\/product_tag?post=7565"}],"curies":[{"name":"wp","href":"https:\/\/api.w.org\/{rel}","templated":true}]}}