{"id":7568,"date":"2025-05-12T10:55:11","date_gmt":"2025-05-12T10:55:11","guid":{"rendered":"https:\/\/www.plastic-crates.com\/?post_type=product&#038;p=7568"},"modified":"2025-05-14T21:32:04","modified_gmt":"2025-05-14T21:32:04","slug":"boite-delevage-dinsectes","status":"publish","type":"product","link":"https:\/\/www.plastic-crates.com\/fr\/product\/boite-delevage-dinsectes\/","title":{"rendered":"Bo\u00eete d&#039;\u00e9levage d&#039;insectes"},"content":{"rendered":"<p>D\u00e9couvrez la solution ultime pour un \u00e9levage d&#039;insectes efficace gr\u00e2ce \u00e0 notre syst\u00e8me con\u00e7u par des experts <strong>Bo\u00eete d&#039;\u00e9levage d&#039;insectes<\/strong>Fabriqu\u00e9e en polypropyl\u00e8ne (PP) de haute qualit\u00e9 et certifi\u00e9 de qualit\u00e9 alimentaire, cette bo\u00eete innovante garantit un environnement s\u00fbr et stable pour votre population d&#039;insectes.<\/p>\n<div style=\"width: 1170px;\" class=\"wp-video\"><!--[if lt IE 9]><script>document.createElement('video');<\/script><![endif]-->\n<video class=\"wp-video-shortcode\" id=\"video-7568-1\" width=\"1170\" height=\"658\" poster=\"https:\/\/www.plastic-crates.com\/wp-content\/uploads\/2025\/05\/insect-breeding-box-3-min.jpg\" preload=\"metadata\" controls=\"controls\"><source type=\"video\/mp4\" src=\"https:\/\/www.plastic-crates.com\/wp-content\/uploads\/2025\/05\/insect-breeding-box-show.mp4?_=1\" \/><a href=\"https:\/\/www.plastic-crates.com\/wp-content\/uploads\/2025\/05\/insect-breeding-box-show.mp4\">https:\/\/www.plastic-crates.com\/wp-content\/uploads\/2025\/05\/insect-breeding-box-show.mp4<\/a><\/video><\/div>\n<p><strong>Caract\u00e9ristiques principales :<\/strong><\/p>\n<ul>\n<li><strong>Contr\u00f4le de la temp\u00e9rature et de l&#039;humidit\u00e9 :<\/strong>\u00a0Maintenez des conditions optimales pour diverses esp\u00e8ces gr\u00e2ce \u00e0 une conception qui prend en charge des niveaux pr\u00e9cis de temp\u00e9rature et d&#039;humidit\u00e9.<\/li>\n<li><strong>Construction durable :<\/strong>\u00a0Le PP assure une stabilit\u00e9 dimensionnelle, le rendant ainsi r\u00e9sistant \u00e0 l&#039;usure. Il peut \u00eatre nettoy\u00e9 \u00e0 haute temp\u00e9rature sans compromettre son int\u00e9grit\u00e9.<\/li>\n<li><strong>Fonctionnalit\u00e9s avanc\u00e9es\u00a0:<\/strong>\n<ul>\n<li>Adh\u00e9sion minimale des pupes ind\u00e9sirables, favorisant un processus de reproduction plus propre et plus efficace.<\/li>\n<li>La conception lisse permet un traitement et une manipulation faciles.<\/li>\n<li>Hautement compatible avec les syst\u00e8mes automatis\u00e9s, am\u00e9liorant l&#039;efficacit\u00e9 op\u00e9rationnelle.<\/li>\n<\/ul>\n<\/li>\n<li><strong>Polyvalence d&#039;utilisation :<\/strong>\u00a0Id\u00e9al pour l&#039;\u00e9levage de vers de farine, de mouches soldats noires (BSF), de vers de buffle, de grillons et de mouches, ce qui en fait un ajout polyvalent \u00e0 votre bo\u00eete \u00e0 outils d&#039;\u00e9levage d&#039;insectes.<\/li>\n<li><strong>Dimensions ext\u00e9rieures :<\/strong> 600 x 400 x 190 mm, offrant suffisamment d&#039;espace pour vos besoins d&#039;\u00e9levage.<\/li>\n<\/ul>","protected":false},"excerpt":{"rendered":"<p><strong>Options de vente en gros et OEM\/ODM disponibles\u00a0:<\/strong>\u00a0Nous proposons fi\u00e8rement des prix de gros comp\u00e9titifs pour les commandes group\u00e9es, ainsi que des services OEM\/ODM pour personnaliser le <strong>Bo\u00eete d&#039;\u00e9levage d&#039;insectes<\/strong> Selon vos besoins sp\u00e9cifiques. Optimisez vos op\u00e9rations d&#039;\u00e9levage d&#039;insectes et optimisez votre productivit\u00e9 gr\u00e2ce \u00e0 notre bo\u00eete d&#039;\u00e9levage d&#039;insectes d\u00e8s aujourd&#039;hui\u00a0!<\/p>\n<p><a href=\"https:\/\/www.plastic-crates.com\/fr\/product-tag\/caisses-de-lait-en-plastique\/\">caisses de lait en plastique<\/a>, <a href=\"https:\/\/www.plastic-crates.com\/fr\/product\/palette-de-confinement-des-deversements-palette-de-confinement-des-deversements-de-futs\/\">palette de confinement des d\u00e9versements<\/a><\/p>","protected":false},"featured_media":7574,"template":"","meta":{"_acf_changed":false},"product_brand":[],"product_cat":[144],"product_tag":[],"class_list":{"0":"post-7568","1":"product","2":"type-product","3":"status-publish","4":"has-post-thumbnail","6":"product_cat-plastic-trays-wholesale","8":"first","9":"instock","10":"sale","11":"purchasable","12":"product-type-simple"},"acf":[],"yoast_head":"<!-- This site is optimized with the Yoast SEO plugin v26.1.1 - https:\/\/yoast.com\/wordpress\/plugins\/seo\/ -->\n<title>Insect breeding box for sale, Insect Feeding Boxes wholesale<\/title>\n<meta name=\"description\" content=\"Plastic Insect breeding box for Mealworm, Insect Rearing box, OEM &amp; ODM service available, Insect Feeding Boxes wholesale price!\" \/>\n<meta name=\"robots\" content=\"index, follow, max-snippet:-1, max-image-preview:large, max-video-preview:-1\" \/>\n<link rel=\"canonical\" href=\"https:\/\/www.plastic-crates.com\/fr\/product\/boite-delevage-dinsectes\/\" \/>\n<meta property=\"og:locale\" content=\"fr_FR\" \/>\n<meta property=\"og:type\" content=\"article\" \/>\n<meta property=\"og:title\" content=\"stackable folding crate, High Quality stackable folding crate Wholesale\" \/>\n<meta property=\"og:description\" content=\"Plastic Insect breeding box for Mealworm, Insect Rearing box, OEM &amp; ODM service available, Insect Feeding Boxes wholesale price!\" \/>\n<meta property=\"og:url\" content=\"https:\/\/www.plastic-crates.com\/fr\/product\/boite-delevage-dinsectes\/\" \/>\n<meta property=\"og:site_name\" content=\"plastic-crates.com\" \/>\n<meta property=\"article:modified_time\" content=\"2025-05-14T21:32:04+00:00\" \/>\n<meta property=\"og:image\" content=\"https:\/\/www.plastic-crates.com\/wp-content\/uploads\/2025\/05\/insect-breeding-box-6-min.jpg\" \/>\n\t<meta property=\"og:image:width\" content=\"2000\" \/>\n\t<meta property=\"og:image:height\" content=\"2000\" \/>\n\t<meta property=\"og:image:type\" content=\"image\/jpeg\" \/>\n<meta name=\"twitter:card\" content=\"summary_large_image\" \/>\n<meta name=\"twitter:title\" content=\"stackable folding crate, High Quality stackable folding crate Wholesale\" \/>\n<meta name=\"twitter:label1\" content=\"Dur\u00e9e de lecture estim\u00e9e\" \/>\n\t<meta name=\"twitter:data1\" content=\"1 minute\" \/>\n<script type=\"application\/ld+json\" class=\"yoast-schema-graph\">{\"@context\":\"https:\/\/schema.org\",\"@graph\":[{\"@type\":\"WebPage\",\"@id\":\"https:\/\/www.plastic-crates.com\/product\/insect-breeding-box\/\",\"url\":\"https:\/\/www.plastic-crates.com\/product\/insect-breeding-box\/\",\"name\":\"Insect breeding box for sale, Insect Feeding Boxes wholesale\",\"isPartOf\":{\"@id\":\"https:\/\/www.plastic-crates.com\/#website\"},\"primaryImageOfPage\":{\"@id\":\"https:\/\/www.plastic-crates.com\/product\/insect-breeding-box\/#primaryimage\"},\"image\":{\"@id\":\"https:\/\/www.plastic-crates.com\/product\/insect-breeding-box\/#primaryimage\"},\"thumbnailUrl\":\"https:\/\/www.plastic-crates.com\/wp-content\/uploads\/2025\/05\/insect-breeding-box-6-min.jpg\",\"datePublished\":\"2025-05-12T10:55:11+00:00\",\"dateModified\":\"2025-05-14T21:32:04+00:00\",\"description\":\"Plastic Insect breeding box for Mealworm, Insect Rearing box, OEM & ODM service available, Insect Feeding Boxes wholesale price!\",\"breadcrumb\":{\"@id\":\"https:\/\/www.plastic-crates.com\/product\/insect-breeding-box\/#breadcrumb\"},\"inLanguage\":\"fr-FR\",\"potentialAction\":[{\"@type\":\"ReadAction\",\"target\":[\"https:\/\/www.plastic-crates.com\/product\/insect-breeding-box\/\"]}]},{\"@type\":\"ImageObject\",\"inLanguage\":\"fr-FR\",\"@id\":\"https:\/\/www.plastic-crates.com\/product\/insect-breeding-box\/#primaryimage\",\"url\":\"https:\/\/www.plastic-crates.com\/wp-content\/uploads\/2025\/05\/insect-breeding-box-6-min.jpg\",\"contentUrl\":\"https:\/\/www.plastic-crates.com\/wp-content\/uploads\/2025\/05\/insect-breeding-box-6-min.jpg\",\"width\":2000,\"height\":2000,\"caption\":\"insect breeding box\"},{\"@type\":\"BreadcrumbList\",\"@id\":\"https:\/\/www.plastic-crates.com\/product\/insect-breeding-box\/#breadcrumb\",\"itemListElement\":[{\"@type\":\"ListItem\",\"position\":1,\"name\":\"Home\",\"item\":\"https:\/\/www.plastic-crates.com\/\"},{\"@type\":\"ListItem\",\"position\":2,\"name\":\"Products\",\"item\":\"https:\/\/www.plastic-crates.com\/shop\/\"},{\"@type\":\"ListItem\",\"position\":3,\"name\":\"Insect breeding box\"}]},{\"@type\":\"WebSite\",\"@id\":\"https:\/\/www.plastic-crates.com\/#website\",\"url\":\"https:\/\/www.plastic-crates.com\/\",\"name\":\"plastic-crates.com\",\"description\":\"Leading plastic crates manufacturer in China\",\"potentialAction\":[{\"@type\":\"SearchAction\",\"target\":{\"@type\":\"EntryPoint\",\"urlTemplate\":\"https:\/\/www.plastic-crates.com\/?s={search_term_string}\"},\"query-input\":{\"@type\":\"PropertyValueSpecification\",\"valueRequired\":true,\"valueName\":\"search_term_string\"}}],\"inLanguage\":\"fr-FR\"}]}<\/script>\n<!-- \/ Yoast SEO plugin. -->","yoast_head_json":{"title":"Vente de bo\u00eetes d&#039;\u00e9levage d&#039;insectes, bo\u00eetes d&#039;alimentation pour insectes en gros","description":"Bo\u00eete d&#039;\u00e9levage d&#039;insectes en plastique pour vers de farine, bo\u00eete d&#039;\u00e9levage d&#039;insectes, service OEM et ODM disponible, prix de gros des bo\u00eetes d&#039;alimentation d&#039;insectes !","robots":{"index":"index","follow":"follow","max-snippet":"max-snippet:-1","max-image-preview":"max-image-preview:large","max-video-preview":"max-video-preview:-1"},"canonical":"https:\/\/www.plastic-crates.com\/fr\/product\/boite-delevage-dinsectes\/","og_locale":"fr_FR","og_type":"article","og_title":"stackable folding crate, High Quality stackable folding crate Wholesale","og_description":"Plastic Insect breeding box for Mealworm, Insect Rearing box, OEM & ODM service available, Insect Feeding Boxes wholesale price!","og_url":"https:\/\/www.plastic-crates.com\/fr\/product\/boite-delevage-dinsectes\/","og_site_name":"plastic-crates.com","article_modified_time":"2025-05-14T21:32:04+00:00","og_image":[{"width":2000,"height":2000,"url":"https:\/\/www.plastic-crates.com\/wp-content\/uploads\/2025\/05\/insect-breeding-box-6-min.jpg","type":"image\/jpeg"}],"twitter_card":"summary_large_image","twitter_title":"stackable folding crate, High Quality stackable folding crate Wholesale","twitter_misc":{"Dur\u00e9e de lecture estim\u00e9e":"1 minute"},"schema":{"@context":"https:\/\/schema.org","@graph":[{"@type":"WebPage","@id":"https:\/\/www.plastic-crates.com\/product\/insect-breeding-box\/","url":"https:\/\/www.plastic-crates.com\/product\/insect-breeding-box\/","name":"Vente de bo\u00eetes d&#039;\u00e9levage d&#039;insectes, bo\u00eetes d&#039;alimentation pour insectes en gros","isPartOf":{"@id":"https:\/\/www.plastic-crates.com\/#website"},"primaryImageOfPage":{"@id":"https:\/\/www.plastic-crates.com\/product\/insect-breeding-box\/#primaryimage"},"image":{"@id":"https:\/\/www.plastic-crates.com\/product\/insect-breeding-box\/#primaryimage"},"thumbnailUrl":"https:\/\/www.plastic-crates.com\/wp-content\/uploads\/2025\/05\/insect-breeding-box-6-min.jpg","datePublished":"2025-05-12T10:55:11+00:00","dateModified":"2025-05-14T21:32:04+00:00","description":"Bo\u00eete d&#039;\u00e9levage d&#039;insectes en plastique pour vers de farine, bo\u00eete d&#039;\u00e9levage d&#039;insectes, service OEM et ODM disponible, prix de gros des bo\u00eetes d&#039;alimentation d&#039;insectes !","breadcrumb":{"@id":"https:\/\/www.plastic-crates.com\/product\/insect-breeding-box\/#breadcrumb"},"inLanguage":"fr-FR","potentialAction":[{"@type":"ReadAction","target":["https:\/\/www.plastic-crates.com\/product\/insect-breeding-box\/"]}]},{"@type":"ImageObject","inLanguage":"fr-FR","@id":"https:\/\/www.plastic-crates.com\/product\/insect-breeding-box\/#primaryimage","url":"https:\/\/www.plastic-crates.com\/wp-content\/uploads\/2025\/05\/insect-breeding-box-6-min.jpg","contentUrl":"https:\/\/www.plastic-crates.com\/wp-content\/uploads\/2025\/05\/insect-breeding-box-6-min.jpg","width":2000,"height":2000,"caption":"insect breeding box"},{"@type":"BreadcrumbList","@id":"https:\/\/www.plastic-crates.com\/product\/insect-breeding-box\/#breadcrumb","itemListElement":[{"@type":"ListItem","position":1,"name":"Home","item":"https:\/\/www.plastic-crates.com\/"},{"@type":"ListItem","position":2,"name":"Products","item":"https:\/\/www.plastic-crates.com\/shop\/"},{"@type":"ListItem","position":3,"name":"Insect breeding box"}]},{"@type":"WebSite","@id":"https:\/\/www.plastic-crates.com\/#website","url":"https:\/\/www.plastic-crates.com\/","name":"plastic-crates.com","description":"Fabricant leader de caisses en plastique en Chine","potentialAction":[{"@type":"SearchAction","target":{"@type":"EntryPoint","urlTemplate":"https:\/\/www.plastic-crates.com\/?s={search_term_string}"},"query-input":{"@type":"PropertyValueSpecification","valueRequired":true,"valueName":"search_term_string"}}],"inLanguage":"fr-FR"}]}},"_links":{"self":[{"href":"https:\/\/www.plastic-crates.com\/fr\/wp-json\/wp\/v2\/product\/7568","targetHints":{"allow":["GET"]}}],"collection":[{"href":"https:\/\/www.plastic-crates.com\/fr\/wp-json\/wp\/v2\/product"}],"about":[{"href":"https:\/\/www.plastic-crates.com\/fr\/wp-json\/wp\/v2\/types\/product"}],"wp:featuredmedia":[{"embeddable":true,"href":"https:\/\/www.plastic-crates.com\/fr\/wp-json\/wp\/v2\/media\/7574"}],"wp:attachment":[{"href":"https:\/\/www.plastic-crates.com\/fr\/wp-json\/wp\/v2\/media?parent=7568"}],"wp:term":[{"taxonomy":"product_brand","embeddable":true,"href":"https:\/\/www.plastic-crates.com\/fr\/wp-json\/wp\/v2\/product_brand?post=7568"},{"taxonomy":"product_cat","embeddable":true,"href":"https:\/\/www.plastic-crates.com\/fr\/wp-json\/wp\/v2\/product_cat?post=7568"},{"taxonomy":"product_tag","embeddable":true,"href":"https:\/\/www.plastic-crates.com\/fr\/wp-json\/wp\/v2\/product_tag?post=7568"}],"curies":[{"name":"wp","href":"https:\/\/api.w.org\/{rel}","templated":true}]}}