{"id":7578,"date":"2025-05-12T12:15:21","date_gmt":"2025-05-12T12:15:21","guid":{"rendered":"https:\/\/www.plastic-crates.com\/?post_type=product&#038;p=7578"},"modified":"2025-09-19T17:04:00","modified_gmt":"2025-09-19T17:04:00","slug":"boite-delevage-dinsectes-a-vendre","status":"publish","type":"product","link":"https:\/\/www.plastic-crates.com\/fr\/product\/boite-delevage-dinsectes-a-vendre\/","title":{"rendered":"Bo\u00eete d&#039;\u00e9levage d&#039;insectes \u00e0 vendre"},"content":{"rendered":"<p>Transformez vos pratiques agricoles durables gr\u00e2ce \u00e0 notre bo\u00eete d&#039;\u00e9levage d&#039;insectes, sp\u00e9cialement con\u00e7ue pour une culture d&#039;insectes efficace et \u00e9cologique. Robustes et polyvalentes, ces bo\u00eetes sont id\u00e9ales pour les \u00e9leveurs d&#039;insectes amateurs et professionnels qui cherchent \u00e0 optimiser leur production.<\/p>\n<div style=\"width: 1170px;\" class=\"wp-video\"><!--[if lt IE 9]><script>document.createElement('video');<\/script><![endif]-->\n<video class=\"wp-video-shortcode\" id=\"video-7578-1\" width=\"1170\" height=\"658\" poster=\"https:\/\/www.plastic-crates.com\/wp-content\/uploads\/2025\/05\/insect-farming-box-for-sale-4-min.jpg\" preload=\"metadata\" controls=\"controls\"><source type=\"video\/mp4\" src=\"https:\/\/www.plastic-crates.com\/wp-content\/uploads\/2025\/05\/insect-farming-box-for-sale.mp4?_=1\" \/><a href=\"https:\/\/www.plastic-crates.com\/wp-content\/uploads\/2025\/05\/insect-farming-box-for-sale.mp4\">https:\/\/www.plastic-crates.com\/wp-content\/uploads\/2025\/05\/insect-farming-box-for-sale.mp4<\/a><\/video><\/div>\n<p><strong>Caract\u00e9ristiques principales :<\/strong><\/p>\n<ul>\n<li><strong>Construction durable :<\/strong>\u00a0Fabriqu\u00e9es \u00e0 partir de mat\u00e9riaux robustes et de haute qualit\u00e9, nos bo\u00eetes d&#039;\u00e9levage d&#039;insectes assurent long\u00e9vit\u00e9 et stabilit\u00e9 pendant tout le cycle d&#039;\u00e9levage.<\/li>\n<li><strong>Conception efficace :<\/strong>\u00a0La conception ergonomique permet un empilage et une organisation faciles, maximisant votre espace tout en offrant une circulation d&#039;air ad\u00e9quate aux insectes.<\/li>\n<li><strong>Utilisation polyvalente :<\/strong>\u00a0Convient \u00e0 la culture de diverses esp\u00e8ces d&#039;insectes, des grillons aux vers de farine, ce qui en fait un choix id\u00e9al pour divers besoins agricoles.<\/li>\n<\/ul>\n<p><strong>Opportunit\u00e9s de vente en gros :<\/strong>\u00a0Nous proposons des prix comp\u00e9titifs pour les commandes group\u00e9es, facilitant ainsi le stockage et la rentabilit\u00e9 des entreprises. Que vous lanciez une activit\u00e9 \u00e0 grande \u00e9chelle ou que vous d\u00e9veloppiez une activit\u00e9 existante, nos options de vente en gros vous offrent efficacit\u00e9 et \u00e9conomies.<\/p>","protected":false},"excerpt":{"rendered":"<p><strong>Services OEM\/ODM :<\/strong>\u00a0Notre engagement envers la satisfaction client s&#039;\u00e9tend \u00e0 nos services OEM\/ODM. Nous travaillons en \u00e9troite collaboration avec nos clients pour personnaliser les bo\u00eetes d&#039;\u00e9levage d&#039;insectes selon leurs besoins sp\u00e9cifiques et leurs exigences en mati\u00e8re de marque, garantissant ainsi la r\u00e9ussite de vos produits sur le march\u00e9.<\/p>\n<p>Am\u00e9liorez votre \u00e9levage d&#039;insectes gr\u00e2ce \u00e0 notre bo\u00eete d&#039;\u00e9levage d&#039;insectes fiable. Contactez-nous d\u00e8s aujourd&#039;hui pour toute demande de vente en gros ou pour discuter de vos options de personnalisation\u00a0!<\/p>\n<p><a href=\"https:\/\/www.plastic-crates.com\/fr\/product-tag\/caisses-de-lait-en-plastique\/\">caisses de lait en gros<\/a><\/p>","protected":false},"featured_media":7579,"template":"","meta":{"_acf_changed":false},"product_brand":[],"product_cat":[144],"product_tag":[],"class_list":{"0":"post-7578","1":"product","2":"type-product","3":"status-publish","4":"has-post-thumbnail","6":"product_cat-plastic-trays-wholesale","8":"first","9":"instock","10":"sale","11":"purchasable","12":"product-type-simple"},"acf":[],"yoast_head":"<!-- This site is optimized with the Yoast SEO plugin v26.1.1 - https:\/\/yoast.com\/wordpress\/plugins\/seo\/ -->\n<title>Insect farming box for sale for sale, Insect Feeding Box wholesale<\/title>\n<meta name=\"description\" content=\"Plastic Insect farming box for Mealworm, Insect Rearing box, OEM &amp; ODM service available, Insect breeding tray wholesale price!\" \/>\n<meta name=\"robots\" content=\"index, follow, max-snippet:-1, max-image-preview:large, max-video-preview:-1\" \/>\n<link rel=\"canonical\" href=\"https:\/\/www.plastic-crates.com\/fr\/product\/boite-delevage-dinsectes-a-vendre\/\" \/>\n<meta property=\"og:locale\" content=\"fr_FR\" \/>\n<meta property=\"og:type\" content=\"article\" \/>\n<meta property=\"og:title\" content=\"stackable folding crate, High Quality stackable folding crate Wholesale\" \/>\n<meta property=\"og:description\" content=\"Plastic Insect farming box for Mealworm, Insect Rearing box, OEM &amp; ODM service available, Insect breeding tray wholesale price!\" \/>\n<meta property=\"og:url\" content=\"https:\/\/www.plastic-crates.com\/fr\/product\/boite-delevage-dinsectes-a-vendre\/\" \/>\n<meta property=\"og:site_name\" content=\"plastic-crates.com\" \/>\n<meta property=\"article:modified_time\" content=\"2025-09-19T17:04:00+00:00\" \/>\n<meta property=\"og:image\" content=\"https:\/\/www.plastic-crates.com\/wp-content\/uploads\/2025\/05\/insect-farming-box-for-sale-1-min.jpg\" \/>\n\t<meta property=\"og:image:width\" content=\"2000\" \/>\n\t<meta property=\"og:image:height\" content=\"2000\" \/>\n\t<meta property=\"og:image:type\" content=\"image\/jpeg\" \/>\n<meta name=\"twitter:card\" content=\"summary_large_image\" \/>\n<meta name=\"twitter:title\" content=\"stackable folding crate, High Quality stackable folding crate Wholesale\" \/>\n<meta name=\"twitter:label1\" content=\"Dur\u00e9e de lecture estim\u00e9e\" \/>\n\t<meta name=\"twitter:data1\" content=\"1 minute\" \/>\n<script type=\"application\/ld+json\" class=\"yoast-schema-graph\">{\"@context\":\"https:\/\/schema.org\",\"@graph\":[{\"@type\":\"WebPage\",\"@id\":\"https:\/\/www.plastic-crates.com\/product\/insect-farming-box-for-sale\/\",\"url\":\"https:\/\/www.plastic-crates.com\/product\/insect-farming-box-for-sale\/\",\"name\":\"Insect farming box for sale for sale, Insect Feeding Box wholesale\",\"isPartOf\":{\"@id\":\"https:\/\/www.plastic-crates.com\/#website\"},\"primaryImageOfPage\":{\"@id\":\"https:\/\/www.plastic-crates.com\/product\/insect-farming-box-for-sale\/#primaryimage\"},\"image\":{\"@id\":\"https:\/\/www.plastic-crates.com\/product\/insect-farming-box-for-sale\/#primaryimage\"},\"thumbnailUrl\":\"https:\/\/www.plastic-crates.com\/wp-content\/uploads\/2025\/05\/insect-farming-box-for-sale-1-min.jpg\",\"datePublished\":\"2025-05-12T12:15:21+00:00\",\"dateModified\":\"2025-09-19T17:04:00+00:00\",\"description\":\"Plastic Insect farming box for Mealworm, Insect Rearing box, OEM & ODM service available, Insect breeding tray wholesale price!\",\"breadcrumb\":{\"@id\":\"https:\/\/www.plastic-crates.com\/product\/insect-farming-box-for-sale\/#breadcrumb\"},\"inLanguage\":\"fr-FR\",\"potentialAction\":[{\"@type\":\"ReadAction\",\"target\":[\"https:\/\/www.plastic-crates.com\/product\/insect-farming-box-for-sale\/\"]}]},{\"@type\":\"ImageObject\",\"inLanguage\":\"fr-FR\",\"@id\":\"https:\/\/www.plastic-crates.com\/product\/insect-farming-box-for-sale\/#primaryimage\",\"url\":\"https:\/\/www.plastic-crates.com\/wp-content\/uploads\/2025\/05\/insect-farming-box-for-sale-1-min.jpg\",\"contentUrl\":\"https:\/\/www.plastic-crates.com\/wp-content\/uploads\/2025\/05\/insect-farming-box-for-sale-1-min.jpg\",\"width\":2000,\"height\":2000,\"caption\":\"Insect farming box for sale\"},{\"@type\":\"BreadcrumbList\",\"@id\":\"https:\/\/www.plastic-crates.com\/product\/insect-farming-box-for-sale\/#breadcrumb\",\"itemListElement\":[{\"@type\":\"ListItem\",\"position\":1,\"name\":\"Home\",\"item\":\"https:\/\/www.plastic-crates.com\/\"},{\"@type\":\"ListItem\",\"position\":2,\"name\":\"Products\",\"item\":\"https:\/\/www.plastic-crates.com\/shop\/\"},{\"@type\":\"ListItem\",\"position\":3,\"name\":\"Insect farming box for sale\"}]},{\"@type\":\"WebSite\",\"@id\":\"https:\/\/www.plastic-crates.com\/#website\",\"url\":\"https:\/\/www.plastic-crates.com\/\",\"name\":\"plastic-crates.com\",\"description\":\"Leading plastic crates manufacturer in China\",\"potentialAction\":[{\"@type\":\"SearchAction\",\"target\":{\"@type\":\"EntryPoint\",\"urlTemplate\":\"https:\/\/www.plastic-crates.com\/?s={search_term_string}\"},\"query-input\":{\"@type\":\"PropertyValueSpecification\",\"valueRequired\":true,\"valueName\":\"search_term_string\"}}],\"inLanguage\":\"fr-FR\"}]}<\/script>\n<!-- \/ Yoast SEO plugin. -->","yoast_head_json":{"title":"Bo\u00eete d&#039;\u00e9levage d&#039;insectes \u00e0 vendre, bo\u00eete d&#039;alimentation d&#039;insectes en gros","description":"Bo\u00eete d&#039;\u00e9levage d&#039;insectes en plastique pour vers de farine, bo\u00eete d&#039;\u00e9levage d&#039;insectes, service OEM et ODM disponible, prix de gros du plateau d&#039;\u00e9levage d&#039;insectes !","robots":{"index":"index","follow":"follow","max-snippet":"max-snippet:-1","max-image-preview":"max-image-preview:large","max-video-preview":"max-video-preview:-1"},"canonical":"https:\/\/www.plastic-crates.com\/fr\/product\/boite-delevage-dinsectes-a-vendre\/","og_locale":"fr_FR","og_type":"article","og_title":"stackable folding crate, High Quality stackable folding crate Wholesale","og_description":"Plastic Insect farming box for Mealworm, Insect Rearing box, OEM & ODM service available, Insect breeding tray wholesale price!","og_url":"https:\/\/www.plastic-crates.com\/fr\/product\/boite-delevage-dinsectes-a-vendre\/","og_site_name":"plastic-crates.com","article_modified_time":"2025-09-19T17:04:00+00:00","og_image":[{"width":2000,"height":2000,"url":"https:\/\/www.plastic-crates.com\/wp-content\/uploads\/2025\/05\/insect-farming-box-for-sale-1-min.jpg","type":"image\/jpeg"}],"twitter_card":"summary_large_image","twitter_title":"stackable folding crate, High Quality stackable folding crate Wholesale","twitter_misc":{"Dur\u00e9e de lecture estim\u00e9e":"1 minute"},"schema":{"@context":"https:\/\/schema.org","@graph":[{"@type":"WebPage","@id":"https:\/\/www.plastic-crates.com\/product\/insect-farming-box-for-sale\/","url":"https:\/\/www.plastic-crates.com\/product\/insect-farming-box-for-sale\/","name":"Bo\u00eete d&#039;\u00e9levage d&#039;insectes \u00e0 vendre, bo\u00eete d&#039;alimentation d&#039;insectes en gros","isPartOf":{"@id":"https:\/\/www.plastic-crates.com\/#website"},"primaryImageOfPage":{"@id":"https:\/\/www.plastic-crates.com\/product\/insect-farming-box-for-sale\/#primaryimage"},"image":{"@id":"https:\/\/www.plastic-crates.com\/product\/insect-farming-box-for-sale\/#primaryimage"},"thumbnailUrl":"https:\/\/www.plastic-crates.com\/wp-content\/uploads\/2025\/05\/insect-farming-box-for-sale-1-min.jpg","datePublished":"2025-05-12T12:15:21+00:00","dateModified":"2025-09-19T17:04:00+00:00","description":"Bo\u00eete d&#039;\u00e9levage d&#039;insectes en plastique pour vers de farine, bo\u00eete d&#039;\u00e9levage d&#039;insectes, service OEM et ODM disponible, prix de gros du plateau d&#039;\u00e9levage d&#039;insectes !","breadcrumb":{"@id":"https:\/\/www.plastic-crates.com\/product\/insect-farming-box-for-sale\/#breadcrumb"},"inLanguage":"fr-FR","potentialAction":[{"@type":"ReadAction","target":["https:\/\/www.plastic-crates.com\/product\/insect-farming-box-for-sale\/"]}]},{"@type":"ImageObject","inLanguage":"fr-FR","@id":"https:\/\/www.plastic-crates.com\/product\/insect-farming-box-for-sale\/#primaryimage","url":"https:\/\/www.plastic-crates.com\/wp-content\/uploads\/2025\/05\/insect-farming-box-for-sale-1-min.jpg","contentUrl":"https:\/\/www.plastic-crates.com\/wp-content\/uploads\/2025\/05\/insect-farming-box-for-sale-1-min.jpg","width":2000,"height":2000,"caption":"Insect farming box for sale"},{"@type":"BreadcrumbList","@id":"https:\/\/www.plastic-crates.com\/product\/insect-farming-box-for-sale\/#breadcrumb","itemListElement":[{"@type":"ListItem","position":1,"name":"Home","item":"https:\/\/www.plastic-crates.com\/"},{"@type":"ListItem","position":2,"name":"Products","item":"https:\/\/www.plastic-crates.com\/shop\/"},{"@type":"ListItem","position":3,"name":"Insect farming box for sale"}]},{"@type":"WebSite","@id":"https:\/\/www.plastic-crates.com\/#website","url":"https:\/\/www.plastic-crates.com\/","name":"plastic-crates.com","description":"Fabricant leader de caisses en plastique en Chine","potentialAction":[{"@type":"SearchAction","target":{"@type":"EntryPoint","urlTemplate":"https:\/\/www.plastic-crates.com\/?s={search_term_string}"},"query-input":{"@type":"PropertyValueSpecification","valueRequired":true,"valueName":"search_term_string"}}],"inLanguage":"fr-FR"}]}},"_links":{"self":[{"href":"https:\/\/www.plastic-crates.com\/fr\/wp-json\/wp\/v2\/product\/7578","targetHints":{"allow":["GET"]}}],"collection":[{"href":"https:\/\/www.plastic-crates.com\/fr\/wp-json\/wp\/v2\/product"}],"about":[{"href":"https:\/\/www.plastic-crates.com\/fr\/wp-json\/wp\/v2\/types\/product"}],"wp:featuredmedia":[{"embeddable":true,"href":"https:\/\/www.plastic-crates.com\/fr\/wp-json\/wp\/v2\/media\/7579"}],"wp:attachment":[{"href":"https:\/\/www.plastic-crates.com\/fr\/wp-json\/wp\/v2\/media?parent=7578"}],"wp:term":[{"taxonomy":"product_brand","embeddable":true,"href":"https:\/\/www.plastic-crates.com\/fr\/wp-json\/wp\/v2\/product_brand?post=7578"},{"taxonomy":"product_cat","embeddable":true,"href":"https:\/\/www.plastic-crates.com\/fr\/wp-json\/wp\/v2\/product_cat?post=7578"},{"taxonomy":"product_tag","embeddable":true,"href":"https:\/\/www.plastic-crates.com\/fr\/wp-json\/wp\/v2\/product_tag?post=7578"}],"curies":[{"name":"wp","href":"https:\/\/api.w.org\/{rel}","templated":true}]}}