{"id":7587,"date":"2025-05-12T12:52:08","date_gmt":"2025-05-12T12:52:08","guid":{"rendered":"https:\/\/www.plastic-crates.com\/?post_type=product&#038;p=7587"},"modified":"2025-05-12T13:18:43","modified_gmt":"2025-05-12T13:18:43","slug":"plateau-a-incrustations-de-scarabees","status":"publish","type":"product","link":"https:\/\/www.plastic-crates.com\/fr\/product\/plateau-a-incrustations-de-scarabees\/","title":{"rendered":"Plateau \u00e0 incrustations de scarab\u00e9es"},"content":{"rendered":"<p>Nous avons con\u00e7u un nouveau <strong>Plateau \u00e0 incrustations de scarab\u00e9es<\/strong> Sp\u00e9cialement con\u00e7us pour am\u00e9liorer la production de prot\u00e9ines animales, ces plateaux assurent un espacement r\u00e9gulier entre les couches pour un fonctionnement optimal des syst\u00e8mes d&#039;alimentation automatis\u00e9s. Dot\u00e9s d&#039;une surface lisse et d&#039;un minimum de bords et de nervures, ils emp\u00eachent les pupes d&#039;adh\u00e9rer au plateau, am\u00e9liorant ainsi l&#039;hygi\u00e8ne et l&#039;efficacit\u00e9 op\u00e9rationnelle.<\/p>\n<p>Optimis\u00e9s pour une utilisation en environnements automatis\u00e9s, ces plateaux sont compatibles avec les syst\u00e8mes d&#039;empilage, de d\u00e9pilage et de lavage. Leurs dimensions standardis\u00e9es et leur conception sans jointure en font une solution id\u00e9ale pour un traitement optimis\u00e9 dans les installations d&#039;\u00e9levage d&#039;insectes et de production de prot\u00e9ines.<\/p>\n<div style=\"width: 1170px;\" class=\"wp-video\"><!--[if lt IE 9]><script>document.createElement('video');<\/script><![endif]-->\n<video class=\"wp-video-shortcode\" id=\"video-7587-1\" width=\"1170\" height=\"658\" poster=\"https:\/\/www.plastic-crates.com\/wp-content\/uploads\/2025\/05\/beetle-inlay-tray-5.jpg\" preload=\"metadata\" controls=\"controls\"><source type=\"video\/mp4\" src=\"https:\/\/www.plastic-crates.com\/wp-content\/uploads\/2025\/05\/beetle-inlay-tray.mp4?_=1\" \/><a href=\"https:\/\/www.plastic-crates.com\/wp-content\/uploads\/2025\/05\/beetle-inlay-tray.mp4\">https:\/\/www.plastic-crates.com\/wp-content\/uploads\/2025\/05\/beetle-inlay-tray.mp4<\/a><\/video><\/div>\n<h4>Caract\u00e9ristiques principales :<\/h4>\n<ul>\n<li><strong>Construction durable<\/strong>:Fabriqu\u00e9 \u00e0 partir de plastique robuste de haute qualit\u00e9, le plateau d&#039;incrustation Beetle est con\u00e7u pour r\u00e9sister \u00e0 une utilisation quotidienne, que ce soit dans le commerce de d\u00e9tail, l&#039;entrep\u00f4t ou \u00e0 la maison.<\/li>\n<li><strong>Conception empilable<\/strong>:Gagnez de l&#039;espace gr\u00e2ce \u00e0 la fonctionnalit\u00e9 empilable, vous permettant de maximiser vos options de stockage sans effort.<\/li>\n<li><strong>Utilisation polyvalente<\/strong>:Id\u00e9al pour diverses applications, notamment le jardinage, l&#039;artisanat et le stockage des aliments, ce plateau peut r\u00e9pondre \u00e0 une multitude de besoins.<\/li>\n<\/ul>","protected":false},"excerpt":{"rendered":"<p>Envie de personnalisation\u00a0? Nos services OEM\/ODM vous permettent d&#039;adapter le plateau Beetle Inlay au style de votre marque et \u00e0 vos exigences sp\u00e9cifiques. Des variations de couleurs aux options de marquage, nous nous effor\u00e7ons de vous proposer des produits qui refl\u00e8tent votre vision.<\/p>\n<p>Nous proposons fi\u00e8rement des prix de gros pour les commandes group\u00e9es, parfaits pour les entreprises souhaitant s&#039;approvisionner en solutions de stockage de haute qualit\u00e9. Profitez de tarifs comp\u00e9titifs et d&#039;une livraison fiable pour vos commandes en grandes quantit\u00e9s.<\/p>\n<p><a href=\"https:\/\/www.plastic-crates.com\/fr\/product-tag\/caisses-de-lait-en-plastique\/\">caisses de lait \u00e0 vendre<\/a><\/p>","protected":false},"featured_media":7588,"template":"","meta":{"_acf_changed":false},"product_brand":[],"product_cat":[144],"product_tag":[],"class_list":{"0":"post-7587","1":"product","2":"type-product","3":"status-publish","4":"has-post-thumbnail","6":"product_cat-plastic-trays-wholesale","8":"first","9":"instock","10":"sale","11":"purchasable","12":"product-type-simple"},"acf":[],"yoast_head":"<!-- This site is optimized with the Yoast SEO plugin v26.1.1 - https:\/\/yoast.com\/wordpress\/plugins\/seo\/ -->\n<title>Beetle Inlay Tray for sale, Insect Feeding Boxes wholesale<\/title>\n<meta name=\"description\" content=\"Plastic Beetle Inlay Tray for Mealworm, Insect Rearing crates, OEM &amp; ODM service available, Beetle Inlay Tray wholesale price!\" \/>\n<meta name=\"robots\" content=\"index, follow, max-snippet:-1, max-image-preview:large, max-video-preview:-1\" \/>\n<link rel=\"canonical\" href=\"https:\/\/www.plastic-crates.com\/fr\/product\/plateau-a-incrustations-de-scarabees\/\" \/>\n<meta property=\"og:locale\" content=\"fr_FR\" \/>\n<meta property=\"og:type\" content=\"article\" \/>\n<meta property=\"og:title\" content=\"stackable folding crate, High Quality stackable folding crate Wholesale\" \/>\n<meta property=\"og:description\" content=\"Plastic Beetle Inlay Tray for Mealworm, Insect Rearing crates, OEM &amp; ODM service available, Beetle Inlay Tray wholesale price!\" \/>\n<meta property=\"og:url\" content=\"https:\/\/www.plastic-crates.com\/fr\/product\/plateau-a-incrustations-de-scarabees\/\" \/>\n<meta property=\"og:site_name\" content=\"plastic-crates.com\" \/>\n<meta property=\"article:modified_time\" content=\"2025-05-12T13:18:43+00:00\" \/>\n<meta property=\"og:image\" content=\"https:\/\/www.plastic-crates.com\/wp-content\/uploads\/2025\/05\/beetle-inlay-tray-1.jpg\" \/>\n\t<meta property=\"og:image:width\" content=\"2000\" \/>\n\t<meta property=\"og:image:height\" content=\"2000\" \/>\n\t<meta property=\"og:image:type\" content=\"image\/jpeg\" \/>\n<meta name=\"twitter:card\" content=\"summary_large_image\" \/>\n<meta name=\"twitter:title\" content=\"stackable folding crate, High Quality stackable folding crate Wholesale\" \/>\n<meta name=\"twitter:label1\" content=\"Dur\u00e9e de lecture estim\u00e9e\" \/>\n\t<meta name=\"twitter:data1\" content=\"1 minute\" \/>\n<script type=\"application\/ld+json\" class=\"yoast-schema-graph\">{\"@context\":\"https:\/\/schema.org\",\"@graph\":[{\"@type\":\"WebPage\",\"@id\":\"https:\/\/www.plastic-crates.com\/product\/beetle-inlay-tray\/\",\"url\":\"https:\/\/www.plastic-crates.com\/product\/beetle-inlay-tray\/\",\"name\":\"Beetle Inlay Tray for sale, Insect Feeding Boxes wholesale\",\"isPartOf\":{\"@id\":\"https:\/\/www.plastic-crates.com\/#website\"},\"primaryImageOfPage\":{\"@id\":\"https:\/\/www.plastic-crates.com\/product\/beetle-inlay-tray\/#primaryimage\"},\"image\":{\"@id\":\"https:\/\/www.plastic-crates.com\/product\/beetle-inlay-tray\/#primaryimage\"},\"thumbnailUrl\":\"https:\/\/www.plastic-crates.com\/wp-content\/uploads\/2025\/05\/beetle-inlay-tray-1.jpg\",\"datePublished\":\"2025-05-12T12:52:08+00:00\",\"dateModified\":\"2025-05-12T13:18:43+00:00\",\"description\":\"Plastic Beetle Inlay Tray for Mealworm, Insect Rearing crates, OEM & ODM service available, Beetle Inlay Tray wholesale price!\",\"breadcrumb\":{\"@id\":\"https:\/\/www.plastic-crates.com\/product\/beetle-inlay-tray\/#breadcrumb\"},\"inLanguage\":\"fr-FR\",\"potentialAction\":[{\"@type\":\"ReadAction\",\"target\":[\"https:\/\/www.plastic-crates.com\/product\/beetle-inlay-tray\/\"]}]},{\"@type\":\"ImageObject\",\"inLanguage\":\"fr-FR\",\"@id\":\"https:\/\/www.plastic-crates.com\/product\/beetle-inlay-tray\/#primaryimage\",\"url\":\"https:\/\/www.plastic-crates.com\/wp-content\/uploads\/2025\/05\/beetle-inlay-tray-1.jpg\",\"contentUrl\":\"https:\/\/www.plastic-crates.com\/wp-content\/uploads\/2025\/05\/beetle-inlay-tray-1.jpg\",\"width\":2000,\"height\":2000,\"caption\":\"beetle inlay tray\"},{\"@type\":\"BreadcrumbList\",\"@id\":\"https:\/\/www.plastic-crates.com\/product\/beetle-inlay-tray\/#breadcrumb\",\"itemListElement\":[{\"@type\":\"ListItem\",\"position\":1,\"name\":\"Home\",\"item\":\"https:\/\/www.plastic-crates.com\/\"},{\"@type\":\"ListItem\",\"position\":2,\"name\":\"Products\",\"item\":\"https:\/\/www.plastic-crates.com\/shop\/\"},{\"@type\":\"ListItem\",\"position\":3,\"name\":\"Beetle Inlay Tray\"}]},{\"@type\":\"WebSite\",\"@id\":\"https:\/\/www.plastic-crates.com\/#website\",\"url\":\"https:\/\/www.plastic-crates.com\/\",\"name\":\"plastic-crates.com\",\"description\":\"Leading plastic crates manufacturer in China\",\"potentialAction\":[{\"@type\":\"SearchAction\",\"target\":{\"@type\":\"EntryPoint\",\"urlTemplate\":\"https:\/\/www.plastic-crates.com\/?s={search_term_string}\"},\"query-input\":{\"@type\":\"PropertyValueSpecification\",\"valueRequired\":true,\"valueName\":\"search_term_string\"}}],\"inLanguage\":\"fr-FR\"}]}<\/script>\n<!-- \/ Yoast SEO plugin. -->","yoast_head_json":{"title":"Plateau \u00e0 insectes \u00e0 vendre, mangeoires \u00e0 insectes en gros","description":"Plateau d&#039;incrustation en plastique pour vers de farine, caisses d&#039;\u00e9levage d&#039;insectes, service OEM et ODM disponible, prix de gros du plateau d&#039;incrustation pour vers de farine !","robots":{"index":"index","follow":"follow","max-snippet":"max-snippet:-1","max-image-preview":"max-image-preview:large","max-video-preview":"max-video-preview:-1"},"canonical":"https:\/\/www.plastic-crates.com\/fr\/product\/plateau-a-incrustations-de-scarabees\/","og_locale":"fr_FR","og_type":"article","og_title":"stackable folding crate, High Quality stackable folding crate Wholesale","og_description":"Plastic Beetle Inlay Tray for Mealworm, Insect Rearing crates, OEM & ODM service available, Beetle Inlay Tray wholesale price!","og_url":"https:\/\/www.plastic-crates.com\/fr\/product\/plateau-a-incrustations-de-scarabees\/","og_site_name":"plastic-crates.com","article_modified_time":"2025-05-12T13:18:43+00:00","og_image":[{"width":2000,"height":2000,"url":"https:\/\/www.plastic-crates.com\/wp-content\/uploads\/2025\/05\/beetle-inlay-tray-1.jpg","type":"image\/jpeg"}],"twitter_card":"summary_large_image","twitter_title":"stackable folding crate, High Quality stackable folding crate Wholesale","twitter_misc":{"Dur\u00e9e de lecture estim\u00e9e":"1 minute"},"schema":{"@context":"https:\/\/schema.org","@graph":[{"@type":"WebPage","@id":"https:\/\/www.plastic-crates.com\/product\/beetle-inlay-tray\/","url":"https:\/\/www.plastic-crates.com\/product\/beetle-inlay-tray\/","name":"Plateau \u00e0 insectes \u00e0 vendre, mangeoires \u00e0 insectes en gros","isPartOf":{"@id":"https:\/\/www.plastic-crates.com\/#website"},"primaryImageOfPage":{"@id":"https:\/\/www.plastic-crates.com\/product\/beetle-inlay-tray\/#primaryimage"},"image":{"@id":"https:\/\/www.plastic-crates.com\/product\/beetle-inlay-tray\/#primaryimage"},"thumbnailUrl":"https:\/\/www.plastic-crates.com\/wp-content\/uploads\/2025\/05\/beetle-inlay-tray-1.jpg","datePublished":"2025-05-12T12:52:08+00:00","dateModified":"2025-05-12T13:18:43+00:00","description":"Plateau d&#039;incrustation en plastique pour vers de farine, caisses d&#039;\u00e9levage d&#039;insectes, service OEM et ODM disponible, prix de gros du plateau d&#039;incrustation pour vers de farine !","breadcrumb":{"@id":"https:\/\/www.plastic-crates.com\/product\/beetle-inlay-tray\/#breadcrumb"},"inLanguage":"fr-FR","potentialAction":[{"@type":"ReadAction","target":["https:\/\/www.plastic-crates.com\/product\/beetle-inlay-tray\/"]}]},{"@type":"ImageObject","inLanguage":"fr-FR","@id":"https:\/\/www.plastic-crates.com\/product\/beetle-inlay-tray\/#primaryimage","url":"https:\/\/www.plastic-crates.com\/wp-content\/uploads\/2025\/05\/beetle-inlay-tray-1.jpg","contentUrl":"https:\/\/www.plastic-crates.com\/wp-content\/uploads\/2025\/05\/beetle-inlay-tray-1.jpg","width":2000,"height":2000,"caption":"beetle inlay tray"},{"@type":"BreadcrumbList","@id":"https:\/\/www.plastic-crates.com\/product\/beetle-inlay-tray\/#breadcrumb","itemListElement":[{"@type":"ListItem","position":1,"name":"Home","item":"https:\/\/www.plastic-crates.com\/"},{"@type":"ListItem","position":2,"name":"Products","item":"https:\/\/www.plastic-crates.com\/shop\/"},{"@type":"ListItem","position":3,"name":"Beetle Inlay Tray"}]},{"@type":"WebSite","@id":"https:\/\/www.plastic-crates.com\/#website","url":"https:\/\/www.plastic-crates.com\/","name":"plastic-crates.com","description":"Fabricant leader de caisses en plastique en Chine","potentialAction":[{"@type":"SearchAction","target":{"@type":"EntryPoint","urlTemplate":"https:\/\/www.plastic-crates.com\/?s={search_term_string}"},"query-input":{"@type":"PropertyValueSpecification","valueRequired":true,"valueName":"search_term_string"}}],"inLanguage":"fr-FR"}]}},"_links":{"self":[{"href":"https:\/\/www.plastic-crates.com\/fr\/wp-json\/wp\/v2\/product\/7587","targetHints":{"allow":["GET"]}}],"collection":[{"href":"https:\/\/www.plastic-crates.com\/fr\/wp-json\/wp\/v2\/product"}],"about":[{"href":"https:\/\/www.plastic-crates.com\/fr\/wp-json\/wp\/v2\/types\/product"}],"wp:featuredmedia":[{"embeddable":true,"href":"https:\/\/www.plastic-crates.com\/fr\/wp-json\/wp\/v2\/media\/7588"}],"wp:attachment":[{"href":"https:\/\/www.plastic-crates.com\/fr\/wp-json\/wp\/v2\/media?parent=7587"}],"wp:term":[{"taxonomy":"product_brand","embeddable":true,"href":"https:\/\/www.plastic-crates.com\/fr\/wp-json\/wp\/v2\/product_brand?post=7587"},{"taxonomy":"product_cat","embeddable":true,"href":"https:\/\/www.plastic-crates.com\/fr\/wp-json\/wp\/v2\/product_cat?post=7587"},{"taxonomy":"product_tag","embeddable":true,"href":"https:\/\/www.plastic-crates.com\/fr\/wp-json\/wp\/v2\/product_tag?post=7587"}],"curies":[{"name":"wp","href":"https:\/\/api.w.org\/{rel}","templated":true}]}}