{"id":7639,"date":"2025-07-28T23:57:13","date_gmt":"2025-07-28T23:57:13","guid":{"rendered":"https:\/\/www.plastic-crates.com\/?post_type=product&#038;p=7639"},"modified":"2025-07-29T00:05:04","modified_gmt":"2025-07-29T00:05:04","slug":"caisse-a-pain-en-plastique-725","status":"publish","type":"product","link":"https:\/\/www.plastic-crates.com\/fr\/product\/caisse-a-pain-en-plastique-725\/","title":{"rendered":"Caisse \u00e0 pain en plastique 725"},"content":{"rendered":"<p><strong>Caisses \u00e0 pain efficaces et peu encombrantes<\/strong><br \/>\nNos caisses \u00e0 pain en plastique sont sp\u00e9cialement con\u00e7ues pour optimiser l&#039;espace dans les boulangeries, les entrep\u00f4ts, les camions de livraison et les environnements de vente au d\u00e9tail comme les supermarch\u00e9s et les magasins de proximit\u00e9.<\/p>\n<p>Une fois charg\u00e9s, ces plateaux robustes s&#039;empilent solidement, permettant un transport ou un merchandising s\u00fbr et pratique. Vides, ils s&#039;embo\u00eetent facilement par empilage crois\u00e9, optimisant ainsi l&#039;espace de stockage et de chargement des camions.<\/p>\n<p>Id\u00e9ales pour cr\u00e9er des pr\u00e9sentoirs attrayants et accessibles dans les all\u00e9es de boulangerie ou les sections de rayonnage, ces caisses allient praticit\u00e9 et pr\u00e9sentation.<\/p>\n<p><strong>Caract\u00e9ristiques principales :<\/strong><\/p>\n<p>Barre pivotante en option : empilable avec la barre pivotante \u00e0 l&#039;int\u00e9rieur ; embo\u00eetable avec la barre pivotante \u00e0 l&#039;ext\u00e9rieur, pour un rangement polyvalent.<\/p>\n<p>Conception embo\u00eetable : permet d&#039;\u00e9conomiser un espace pr\u00e9cieux lorsque les caisses ne sont pas utilis\u00e9es.<\/p>\n<p>Marquage personnalis\u00e9 : s\u00e9rigraphie disponible pour votre logo ou le nom de votre entreprise.<\/p>\n<p>Porte-\u00e9tiquette en option : fixez facilement des \u00e9tiquettes pour l&#039;identification ou le tri.<\/p>\n<p>Con\u00e7u pour le transport du pain : sp\u00e9cialement con\u00e7u pour transporter et pr\u00e9senter en toute s\u00e9curit\u00e9 le pain et les produits de boulangerie.<\/p>\n<p>Taille disponible de <strong>caisses \u00e0 pain en plastique<\/strong><\/p>\n<p>725x650x150,<\/p>\n<p>550x480x165,<\/p>\n<p>550x480x153<\/p>\n<p>&nbsp;<\/p>\n<p><a href=\"https:\/\/www.plastic-crate.co.uk\/product-category\/plastic-milk-crates\/\">caisses de lait \u00e0 vendre<\/a>, <a href=\"https:\/\/www.plastic-crate.co.uk\/product-category\/supermarket-crates-bale-arm-crates\/\">caisses \u00e0 bras de supermarch\u00e9<\/a>, <a href=\"https:\/\/www.plastic-crates.com\/fr\/product-category\/sacs-fourre-tout-avec-couvercles\/\" target=\"_blank\" rel=\"noopener\">caisses en plastique \u00e0 couvercle attach\u00e9<\/a><\/p>","protected":false},"excerpt":{"rendered":"<p>Efficient &amp; Space-Saving Bread Crates Our plastic bread crates are specifically designed to optimize space in bakeries, warehouses, delivery trucks,&hellip;<\/p>","protected":false},"featured_media":7640,"template":"","meta":{"_acf_changed":false},"product_brand":[],"product_cat":[151,144],"product_tag":[],"class_list":{"0":"post-7639","1":"product","2":"type-product","3":"status-publish","4":"has-post-thumbnail","6":"product_cat-bakery-rack","7":"product_cat-plastic-trays-wholesale","9":"first","10":"instock","11":"product-type-simple"},"acf":[],"yoast_head":"<!-- This site is optimized with the Yoast SEO plugin v26.1.1 - https:\/\/yoast.com\/wordpress\/plugins\/seo\/ -->\n<title>Plastic bread trays, commercial bread trays Wholesale<\/title>\n<meta name=\"description\" content=\"Plastic bread trays, commercial bread trays at wholesale prices, OEM &amp; ODM service available, perfect for catering supermarket\" \/>\n<meta name=\"robots\" content=\"index, follow, max-snippet:-1, max-image-preview:large, max-video-preview:-1\" \/>\n<link rel=\"canonical\" href=\"https:\/\/www.plastic-crates.com\/fr\/product\/caisse-a-pain-en-plastique-725\/\" \/>\n<meta property=\"og:locale\" content=\"fr_FR\" \/>\n<meta property=\"og:type\" content=\"article\" \/>\n<meta property=\"og:title\" content=\"stackable folding crate, High Quality stackable folding crate Wholesale\" \/>\n<meta property=\"og:description\" content=\"Plastic bread trays, commercial bread trays at wholesale prices, OEM &amp; ODM service available, perfect for catering supermarket\" \/>\n<meta property=\"og:url\" content=\"https:\/\/www.plastic-crates.com\/fr\/product\/caisse-a-pain-en-plastique-725\/\" \/>\n<meta property=\"og:site_name\" content=\"plastic-crates.com\" \/>\n<meta property=\"article:modified_time\" content=\"2025-07-29T00:05:04+00:00\" \/>\n<meta property=\"og:image\" content=\"https:\/\/www.plastic-crates.com\/wp-content\/uploads\/2025\/07\/plastic-bread-crate-1.jpg\" \/>\n\t<meta property=\"og:image:width\" content=\"730\" \/>\n\t<meta property=\"og:image:height\" content=\"730\" \/>\n\t<meta property=\"og:image:type\" content=\"image\/jpeg\" \/>\n<meta name=\"twitter:card\" content=\"summary_large_image\" \/>\n<meta name=\"twitter:title\" content=\"stackable folding crate, High Quality stackable folding crate Wholesale\" \/>\n<meta name=\"twitter:label1\" content=\"Dur\u00e9e de lecture estim\u00e9e\" \/>\n\t<meta name=\"twitter:data1\" content=\"1 minute\" \/>\n<script type=\"application\/ld+json\" class=\"yoast-schema-graph\">{\"@context\":\"https:\/\/schema.org\",\"@graph\":[{\"@type\":\"WebPage\",\"@id\":\"https:\/\/www.plastic-crates.com\/product\/plastic-bread-crate-725\/\",\"url\":\"https:\/\/www.plastic-crates.com\/product\/plastic-bread-crate-725\/\",\"name\":\"Plastic bread trays, commercial bread trays Wholesale\",\"isPartOf\":{\"@id\":\"https:\/\/www.plastic-crates.com\/#website\"},\"primaryImageOfPage\":{\"@id\":\"https:\/\/www.plastic-crates.com\/product\/plastic-bread-crate-725\/#primaryimage\"},\"image\":{\"@id\":\"https:\/\/www.plastic-crates.com\/product\/plastic-bread-crate-725\/#primaryimage\"},\"thumbnailUrl\":\"https:\/\/www.plastic-crates.com\/wp-content\/uploads\/2025\/07\/plastic-bread-crate-1.jpg\",\"datePublished\":\"2025-07-28T23:57:13+00:00\",\"dateModified\":\"2025-07-29T00:05:04+00:00\",\"description\":\"Plastic bread trays, commercial bread trays at wholesale prices, OEM & ODM service available, perfect for catering supermarket\",\"breadcrumb\":{\"@id\":\"https:\/\/www.plastic-crates.com\/product\/plastic-bread-crate-725\/#breadcrumb\"},\"inLanguage\":\"fr-FR\",\"potentialAction\":[{\"@type\":\"ReadAction\",\"target\":[\"https:\/\/www.plastic-crates.com\/product\/plastic-bread-crate-725\/\"]}]},{\"@type\":\"ImageObject\",\"inLanguage\":\"fr-FR\",\"@id\":\"https:\/\/www.plastic-crates.com\/product\/plastic-bread-crate-725\/#primaryimage\",\"url\":\"https:\/\/www.plastic-crates.com\/wp-content\/uploads\/2025\/07\/plastic-bread-crate-1.jpg\",\"contentUrl\":\"https:\/\/www.plastic-crates.com\/wp-content\/uploads\/2025\/07\/plastic-bread-crate-1.jpg\",\"width\":730,\"height\":730,\"caption\":\"plastic bread crate\"},{\"@type\":\"BreadcrumbList\",\"@id\":\"https:\/\/www.plastic-crates.com\/product\/plastic-bread-crate-725\/#breadcrumb\",\"itemListElement\":[{\"@type\":\"ListItem\",\"position\":1,\"name\":\"Home\",\"item\":\"https:\/\/www.plastic-crates.com\/\"},{\"@type\":\"ListItem\",\"position\":2,\"name\":\"Products\",\"item\":\"https:\/\/www.plastic-crates.com\/shop\/\"},{\"@type\":\"ListItem\",\"position\":3,\"name\":\"Plastic bread crate 725\"}]},{\"@type\":\"WebSite\",\"@id\":\"https:\/\/www.plastic-crates.com\/#website\",\"url\":\"https:\/\/www.plastic-crates.com\/\",\"name\":\"plastic-crates.com\",\"description\":\"Leading plastic crates manufacturer in China\",\"potentialAction\":[{\"@type\":\"SearchAction\",\"target\":{\"@type\":\"EntryPoint\",\"urlTemplate\":\"https:\/\/www.plastic-crates.com\/?s={search_term_string}\"},\"query-input\":{\"@type\":\"PropertyValueSpecification\",\"valueRequired\":true,\"valueName\":\"search_term_string\"}}],\"inLanguage\":\"fr-FR\"}]}<\/script>\n<!-- \/ Yoast SEO plugin. -->","yoast_head_json":{"title":"Barquettes \u00e0 pain en plastique, barquettes \u00e0 pain commerciales en gros","description":"Plateaux \u00e0 pain en plastique, plateaux \u00e0 pain commerciaux \u00e0 prix de gros, service OEM et ODM disponible, parfait pour les supermarch\u00e9s de restauration","robots":{"index":"index","follow":"follow","max-snippet":"max-snippet:-1","max-image-preview":"max-image-preview:large","max-video-preview":"max-video-preview:-1"},"canonical":"https:\/\/www.plastic-crates.com\/fr\/product\/caisse-a-pain-en-plastique-725\/","og_locale":"fr_FR","og_type":"article","og_title":"stackable folding crate, High Quality stackable folding crate Wholesale","og_description":"Plastic bread trays, commercial bread trays at wholesale prices, OEM & ODM service available, perfect for catering supermarket","og_url":"https:\/\/www.plastic-crates.com\/fr\/product\/caisse-a-pain-en-plastique-725\/","og_site_name":"plastic-crates.com","article_modified_time":"2025-07-29T00:05:04+00:00","og_image":[{"width":730,"height":730,"url":"https:\/\/www.plastic-crates.com\/wp-content\/uploads\/2025\/07\/plastic-bread-crate-1.jpg","type":"image\/jpeg"}],"twitter_card":"summary_large_image","twitter_title":"stackable folding crate, High Quality stackable folding crate Wholesale","twitter_misc":{"Dur\u00e9e de lecture estim\u00e9e":"1 minute"},"schema":{"@context":"https:\/\/schema.org","@graph":[{"@type":"WebPage","@id":"https:\/\/www.plastic-crates.com\/product\/plastic-bread-crate-725\/","url":"https:\/\/www.plastic-crates.com\/product\/plastic-bread-crate-725\/","name":"Barquettes \u00e0 pain en plastique, barquettes \u00e0 pain commerciales en gros","isPartOf":{"@id":"https:\/\/www.plastic-crates.com\/#website"},"primaryImageOfPage":{"@id":"https:\/\/www.plastic-crates.com\/product\/plastic-bread-crate-725\/#primaryimage"},"image":{"@id":"https:\/\/www.plastic-crates.com\/product\/plastic-bread-crate-725\/#primaryimage"},"thumbnailUrl":"https:\/\/www.plastic-crates.com\/wp-content\/uploads\/2025\/07\/plastic-bread-crate-1.jpg","datePublished":"2025-07-28T23:57:13+00:00","dateModified":"2025-07-29T00:05:04+00:00","description":"Plateaux \u00e0 pain en plastique, plateaux \u00e0 pain commerciaux \u00e0 prix de gros, service OEM et ODM disponible, parfait pour les supermarch\u00e9s de restauration","breadcrumb":{"@id":"https:\/\/www.plastic-crates.com\/product\/plastic-bread-crate-725\/#breadcrumb"},"inLanguage":"fr-FR","potentialAction":[{"@type":"ReadAction","target":["https:\/\/www.plastic-crates.com\/product\/plastic-bread-crate-725\/"]}]},{"@type":"ImageObject","inLanguage":"fr-FR","@id":"https:\/\/www.plastic-crates.com\/product\/plastic-bread-crate-725\/#primaryimage","url":"https:\/\/www.plastic-crates.com\/wp-content\/uploads\/2025\/07\/plastic-bread-crate-1.jpg","contentUrl":"https:\/\/www.plastic-crates.com\/wp-content\/uploads\/2025\/07\/plastic-bread-crate-1.jpg","width":730,"height":730,"caption":"plastic bread crate"},{"@type":"BreadcrumbList","@id":"https:\/\/www.plastic-crates.com\/product\/plastic-bread-crate-725\/#breadcrumb","itemListElement":[{"@type":"ListItem","position":1,"name":"Home","item":"https:\/\/www.plastic-crates.com\/"},{"@type":"ListItem","position":2,"name":"Products","item":"https:\/\/www.plastic-crates.com\/shop\/"},{"@type":"ListItem","position":3,"name":"Plastic bread crate 725"}]},{"@type":"WebSite","@id":"https:\/\/www.plastic-crates.com\/#website","url":"https:\/\/www.plastic-crates.com\/","name":"plastic-crates.com","description":"Fabricant leader de caisses en plastique en Chine","potentialAction":[{"@type":"SearchAction","target":{"@type":"EntryPoint","urlTemplate":"https:\/\/www.plastic-crates.com\/?s={search_term_string}"},"query-input":{"@type":"PropertyValueSpecification","valueRequired":true,"valueName":"search_term_string"}}],"inLanguage":"fr-FR"}]}},"_links":{"self":[{"href":"https:\/\/www.plastic-crates.com\/fr\/wp-json\/wp\/v2\/product\/7639","targetHints":{"allow":["GET"]}}],"collection":[{"href":"https:\/\/www.plastic-crates.com\/fr\/wp-json\/wp\/v2\/product"}],"about":[{"href":"https:\/\/www.plastic-crates.com\/fr\/wp-json\/wp\/v2\/types\/product"}],"wp:featuredmedia":[{"embeddable":true,"href":"https:\/\/www.plastic-crates.com\/fr\/wp-json\/wp\/v2\/media\/7640"}],"wp:attachment":[{"href":"https:\/\/www.plastic-crates.com\/fr\/wp-json\/wp\/v2\/media?parent=7639"}],"wp:term":[{"taxonomy":"product_brand","embeddable":true,"href":"https:\/\/www.plastic-crates.com\/fr\/wp-json\/wp\/v2\/product_brand?post=7639"},{"taxonomy":"product_cat","embeddable":true,"href":"https:\/\/www.plastic-crates.com\/fr\/wp-json\/wp\/v2\/product_cat?post=7639"},{"taxonomy":"product_tag","embeddable":true,"href":"https:\/\/www.plastic-crates.com\/fr\/wp-json\/wp\/v2\/product_tag?post=7639"}],"curies":[{"name":"wp","href":"https:\/\/api.w.org\/{rel}","templated":true}]}}