{"id":7647,"date":"2025-08-07T23:56:40","date_gmt":"2025-08-07T23:56:40","guid":{"rendered":"https:\/\/www.plastic-crates.com\/?post_type=product&#038;p=7647"},"modified":"2025-08-08T00:45:32","modified_gmt":"2025-08-08T00:45:32","slug":"grands-plateaux-empilables-pour-vers-de-farine-equipement-delevage-de-vers-de-farine","status":"publish","type":"product","link":"https:\/\/www.plastic-crates.com\/fr\/product\/grands-plateaux-empilables-pour-vers-de-farine-equipement-delevage-de-vers-de-farine\/","title":{"rendered":"Grands plateaux empilables pour vers de farine, \u00e9quipement d&#039;\u00e9levage de vers de farine"},"content":{"rendered":"<div style=\"width: 1170px;\" class=\"wp-video\"><!--[if lt IE 9]><script>document.createElement('video');<\/script><![endif]-->\n<video class=\"wp-video-shortcode\" id=\"video-7647-1\" width=\"1170\" height=\"658\" preload=\"metadata\" controls=\"controls\"><source type=\"video\/mp4\" src=\"https:\/\/www.plastic-crates.com\/wp-content\/uploads\/2025\/08\/big-stackable-mealworm-trays-mealworm-farming-equipment.mp4?_=1\" \/><a href=\"https:\/\/www.plastic-crates.com\/wp-content\/uploads\/2025\/08\/big-stackable-mealworm-trays-mealworm-farming-equipment.mp4\">https:\/\/www.plastic-crates.com\/wp-content\/uploads\/2025\/08\/big-stackable-mealworm-trays-mealworm-farming-equipment.mp4<\/a><\/video><\/div>\n<p><strong>Plateau \u00e0 vers de farine empilable Caract\u00e9ristiques :<\/strong><\/p>\n<ul>\n<li><strong>Conception spacieuse :<\/strong>\u00a0Offrant suffisamment d&#039;espace pour divers projets d&#039;\u00e9levage, nos plateaux offrent un espace optimal pour que les insectes puissent prosp\u00e9rer, garantissant ainsi un environnement de reproduction sain.<\/li>\n<li><strong>Structure ventil\u00e9e :<\/strong>\u00a0La conception innovante en maille favorise une excellente circulation de l&#039;air, r\u00e9duisant l&#039;accumulation d&#039;humidit\u00e9 et emp\u00eachant la croissance bact\u00e9rienne nocive.<\/li>\n<li><strong>Commodit\u00e9 empilable :<\/strong>\u00a0Gagnez de l&#039;espace et maintenez l&#039;organisation dans votre zone d&#039;\u00e9levage gr\u00e2ce \u00e0 nos plateaux empilables, permettant un transport et un stockage faciles.<\/li>\n<li><strong>Facile \u00e0 nettoyer :<\/strong>\u00a0La surface lisse et les mat\u00e9riaux durables facilitent le nettoyage, garantissant un habitat hygi\u00e9nique \u00e0 vos insectes.<\/li>\n<li><strong>Utilisation polyvalente :<\/strong> Parfait pour l&#039;\u00e9levage de grillons, de vers de farine, de mouches soldats noires (BSF), de vers de buffle, de grillons, de mouches, de geckos, de l\u00e9zards, de scorpions, de licornes et de reptiles.<\/li>\n<\/ul>\n<p><a href=\"https:\/\/papallet.com\/category\/plastic-spill-pallet\/\" target=\"_blank\" rel=\"noopener\">palette de d\u00e9versement<\/a><\/p>","protected":false},"excerpt":{"rendered":"<ul>\n<li>Dimensions : g\u00e9n\u00e9reusement dimensionn\u00e9 pour accueillir plusieurs couches<\/li>\n<li>Mat\u00e9riau : poly\u00e9thyl\u00e8ne haute densit\u00e9<\/li>\n<li>Couleur : Turquoise ou rouge vif et attrayant pour une visibilit\u00e9 facile<\/li>\n<\/ul>\n<p>&nbsp;<\/p>","protected":false},"featured_media":7649,"template":"","meta":{"_acf_changed":false},"product_brand":[],"product_cat":[144],"product_tag":[],"class_list":{"0":"post-7647","1":"product","2":"type-product","3":"status-publish","4":"has-post-thumbnail","6":"product_cat-plastic-trays-wholesale","8":"first","9":"instock","10":"product-type-simple"},"acf":[],"yoast_head":"<!-- This site is optimized with the Yoast SEO plugin v26.1.1 - https:\/\/yoast.com\/wordpress\/plugins\/seo\/ -->\n<title>Big Stackable mealworm trays, Mealworm farming equipment for sale<\/title>\n<meta name=\"description\" content=\"Stackable mealworm trays, Insect Rearing boxes, OEM &amp; ODM service available, Mealworm farming equipment wholesale! 1100x1100x350cm.\" \/>\n<meta name=\"robots\" content=\"index, follow, max-snippet:-1, max-image-preview:large, max-video-preview:-1\" \/>\n<link rel=\"canonical\" href=\"https:\/\/www.plastic-crates.com\/fr\/product\/grands-plateaux-empilables-pour-vers-de-farine-equipement-delevage-de-vers-de-farine\/\" \/>\n<meta property=\"og:locale\" content=\"fr_FR\" \/>\n<meta property=\"og:type\" content=\"article\" \/>\n<meta property=\"og:title\" content=\"stackable folding crate, High Quality stackable folding crate Wholesale\" \/>\n<meta property=\"og:description\" content=\"Stackable mealworm trays, Insect Rearing boxes, OEM &amp; ODM service available, Mealworm farming equipment wholesale! 1100x1100x350cm.\" \/>\n<meta property=\"og:url\" content=\"https:\/\/www.plastic-crates.com\/fr\/product\/grands-plateaux-empilables-pour-vers-de-farine-equipement-delevage-de-vers-de-farine\/\" \/>\n<meta property=\"og:site_name\" content=\"plastic-crates.com\" \/>\n<meta property=\"article:modified_time\" content=\"2025-08-08T00:45:32+00:00\" \/>\n<meta property=\"og:image\" content=\"https:\/\/www.plastic-crates.com\/wp-content\/uploads\/2025\/08\/big-stackable-mealworm-trays-mealworm-farming-equipment-2-min.jpg\" \/>\n\t<meta property=\"og:image:width\" content=\"2000\" \/>\n\t<meta property=\"og:image:height\" content=\"2000\" \/>\n\t<meta property=\"og:image:type\" content=\"image\/jpeg\" \/>\n<meta name=\"twitter:card\" content=\"summary_large_image\" \/>\n<meta name=\"twitter:title\" content=\"stackable folding crate, High Quality stackable folding crate Wholesale\" \/>\n<meta name=\"twitter:label1\" content=\"Dur\u00e9e de lecture estim\u00e9e\" \/>\n\t<meta name=\"twitter:data1\" content=\"1 minute\" \/>\n<script type=\"application\/ld+json\" class=\"yoast-schema-graph\">{\"@context\":\"https:\/\/schema.org\",\"@graph\":[{\"@type\":\"WebPage\",\"@id\":\"https:\/\/www.plastic-crates.com\/product\/big-stackable-mealworm-trays-mealworm-farming-equipment\/\",\"url\":\"https:\/\/www.plastic-crates.com\/product\/big-stackable-mealworm-trays-mealworm-farming-equipment\/\",\"name\":\"Big Stackable mealworm trays, Mealworm farming equipment for sale\",\"isPartOf\":{\"@id\":\"https:\/\/www.plastic-crates.com\/#website\"},\"primaryImageOfPage\":{\"@id\":\"https:\/\/www.plastic-crates.com\/product\/big-stackable-mealworm-trays-mealworm-farming-equipment\/#primaryimage\"},\"image\":{\"@id\":\"https:\/\/www.plastic-crates.com\/product\/big-stackable-mealworm-trays-mealworm-farming-equipment\/#primaryimage\"},\"thumbnailUrl\":\"https:\/\/www.plastic-crates.com\/wp-content\/uploads\/2025\/08\/big-stackable-mealworm-trays-mealworm-farming-equipment-2-min.jpg\",\"datePublished\":\"2025-08-07T23:56:40+00:00\",\"dateModified\":\"2025-08-08T00:45:32+00:00\",\"description\":\"Stackable mealworm trays, Insect Rearing boxes, OEM & ODM service available, Mealworm farming equipment wholesale! 1100x1100x350cm.\",\"breadcrumb\":{\"@id\":\"https:\/\/www.plastic-crates.com\/product\/big-stackable-mealworm-trays-mealworm-farming-equipment\/#breadcrumb\"},\"inLanguage\":\"fr-FR\",\"potentialAction\":[{\"@type\":\"ReadAction\",\"target\":[\"https:\/\/www.plastic-crates.com\/product\/big-stackable-mealworm-trays-mealworm-farming-equipment\/\"]}]},{\"@type\":\"ImageObject\",\"inLanguage\":\"fr-FR\",\"@id\":\"https:\/\/www.plastic-crates.com\/product\/big-stackable-mealworm-trays-mealworm-farming-equipment\/#primaryimage\",\"url\":\"https:\/\/www.plastic-crates.com\/wp-content\/uploads\/2025\/08\/big-stackable-mealworm-trays-mealworm-farming-equipment-2-min.jpg\",\"contentUrl\":\"https:\/\/www.plastic-crates.com\/wp-content\/uploads\/2025\/08\/big-stackable-mealworm-trays-mealworm-farming-equipment-2-min.jpg\",\"width\":2000,\"height\":2000,\"caption\":\"Big Stackable mealworm trays\"},{\"@type\":\"BreadcrumbList\",\"@id\":\"https:\/\/www.plastic-crates.com\/product\/big-stackable-mealworm-trays-mealworm-farming-equipment\/#breadcrumb\",\"itemListElement\":[{\"@type\":\"ListItem\",\"position\":1,\"name\":\"Home\",\"item\":\"https:\/\/www.plastic-crates.com\/\"},{\"@type\":\"ListItem\",\"position\":2,\"name\":\"Products\",\"item\":\"https:\/\/www.plastic-crates.com\/shop\/\"},{\"@type\":\"ListItem\",\"position\":3,\"name\":\"Big Stackable mealworm trays, Mealworm farming equipment\"}]},{\"@type\":\"WebSite\",\"@id\":\"https:\/\/www.plastic-crates.com\/#website\",\"url\":\"https:\/\/www.plastic-crates.com\/\",\"name\":\"plastic-crates.com\",\"description\":\"Leading plastic crates manufacturer in China\",\"potentialAction\":[{\"@type\":\"SearchAction\",\"target\":{\"@type\":\"EntryPoint\",\"urlTemplate\":\"https:\/\/www.plastic-crates.com\/?s={search_term_string}\"},\"query-input\":{\"@type\":\"PropertyValueSpecification\",\"valueRequired\":true,\"valueName\":\"search_term_string\"}}],\"inLanguage\":\"fr-FR\"}]}<\/script>\n<!-- \/ Yoast SEO plugin. -->","yoast_head_json":{"title":"Grands plateaux empilables pour vers de farine, mat\u00e9riel d&#039;\u00e9levage de vers de farine \u00e0 vendre","description":"Plateaux \u00e0 vers de farine empilables, bo\u00eetes d&#039;\u00e9levage d&#039;insectes, service OEM et ODM disponible, \u00e9quipement d&#039;\u00e9levage de vers de farine en gros ! 1100x1100x350cm.","robots":{"index":"index","follow":"follow","max-snippet":"max-snippet:-1","max-image-preview":"max-image-preview:large","max-video-preview":"max-video-preview:-1"},"canonical":"https:\/\/www.plastic-crates.com\/fr\/product\/grands-plateaux-empilables-pour-vers-de-farine-equipement-delevage-de-vers-de-farine\/","og_locale":"fr_FR","og_type":"article","og_title":"stackable folding crate, High Quality stackable folding crate Wholesale","og_description":"Stackable mealworm trays, Insect Rearing boxes, OEM & ODM service available, Mealworm farming equipment wholesale! 1100x1100x350cm.","og_url":"https:\/\/www.plastic-crates.com\/fr\/product\/grands-plateaux-empilables-pour-vers-de-farine-equipement-delevage-de-vers-de-farine\/","og_site_name":"plastic-crates.com","article_modified_time":"2025-08-08T00:45:32+00:00","og_image":[{"width":2000,"height":2000,"url":"https:\/\/www.plastic-crates.com\/wp-content\/uploads\/2025\/08\/big-stackable-mealworm-trays-mealworm-farming-equipment-2-min.jpg","type":"image\/jpeg"}],"twitter_card":"summary_large_image","twitter_title":"stackable folding crate, High Quality stackable folding crate Wholesale","twitter_misc":{"Dur\u00e9e de lecture estim\u00e9e":"1 minute"},"schema":{"@context":"https:\/\/schema.org","@graph":[{"@type":"WebPage","@id":"https:\/\/www.plastic-crates.com\/product\/big-stackable-mealworm-trays-mealworm-farming-equipment\/","url":"https:\/\/www.plastic-crates.com\/product\/big-stackable-mealworm-trays-mealworm-farming-equipment\/","name":"Grands plateaux empilables pour vers de farine, mat\u00e9riel d&#039;\u00e9levage de vers de farine \u00e0 vendre","isPartOf":{"@id":"https:\/\/www.plastic-crates.com\/#website"},"primaryImageOfPage":{"@id":"https:\/\/www.plastic-crates.com\/product\/big-stackable-mealworm-trays-mealworm-farming-equipment\/#primaryimage"},"image":{"@id":"https:\/\/www.plastic-crates.com\/product\/big-stackable-mealworm-trays-mealworm-farming-equipment\/#primaryimage"},"thumbnailUrl":"https:\/\/www.plastic-crates.com\/wp-content\/uploads\/2025\/08\/big-stackable-mealworm-trays-mealworm-farming-equipment-2-min.jpg","datePublished":"2025-08-07T23:56:40+00:00","dateModified":"2025-08-08T00:45:32+00:00","description":"Plateaux \u00e0 vers de farine empilables, bo\u00eetes d&#039;\u00e9levage d&#039;insectes, service OEM et ODM disponible, \u00e9quipement d&#039;\u00e9levage de vers de farine en gros ! 1100x1100x350cm.","breadcrumb":{"@id":"https:\/\/www.plastic-crates.com\/product\/big-stackable-mealworm-trays-mealworm-farming-equipment\/#breadcrumb"},"inLanguage":"fr-FR","potentialAction":[{"@type":"ReadAction","target":["https:\/\/www.plastic-crates.com\/product\/big-stackable-mealworm-trays-mealworm-farming-equipment\/"]}]},{"@type":"ImageObject","inLanguage":"fr-FR","@id":"https:\/\/www.plastic-crates.com\/product\/big-stackable-mealworm-trays-mealworm-farming-equipment\/#primaryimage","url":"https:\/\/www.plastic-crates.com\/wp-content\/uploads\/2025\/08\/big-stackable-mealworm-trays-mealworm-farming-equipment-2-min.jpg","contentUrl":"https:\/\/www.plastic-crates.com\/wp-content\/uploads\/2025\/08\/big-stackable-mealworm-trays-mealworm-farming-equipment-2-min.jpg","width":2000,"height":2000,"caption":"Big Stackable mealworm trays"},{"@type":"BreadcrumbList","@id":"https:\/\/www.plastic-crates.com\/product\/big-stackable-mealworm-trays-mealworm-farming-equipment\/#breadcrumb","itemListElement":[{"@type":"ListItem","position":1,"name":"Home","item":"https:\/\/www.plastic-crates.com\/"},{"@type":"ListItem","position":2,"name":"Products","item":"https:\/\/www.plastic-crates.com\/shop\/"},{"@type":"ListItem","position":3,"name":"Big Stackable mealworm trays, Mealworm farming equipment"}]},{"@type":"WebSite","@id":"https:\/\/www.plastic-crates.com\/#website","url":"https:\/\/www.plastic-crates.com\/","name":"plastic-crates.com","description":"Fabricant leader de caisses en plastique en Chine","potentialAction":[{"@type":"SearchAction","target":{"@type":"EntryPoint","urlTemplate":"https:\/\/www.plastic-crates.com\/?s={search_term_string}"},"query-input":{"@type":"PropertyValueSpecification","valueRequired":true,"valueName":"search_term_string"}}],"inLanguage":"fr-FR"}]}},"_links":{"self":[{"href":"https:\/\/www.plastic-crates.com\/fr\/wp-json\/wp\/v2\/product\/7647","targetHints":{"allow":["GET"]}}],"collection":[{"href":"https:\/\/www.plastic-crates.com\/fr\/wp-json\/wp\/v2\/product"}],"about":[{"href":"https:\/\/www.plastic-crates.com\/fr\/wp-json\/wp\/v2\/types\/product"}],"wp:featuredmedia":[{"embeddable":true,"href":"https:\/\/www.plastic-crates.com\/fr\/wp-json\/wp\/v2\/media\/7649"}],"wp:attachment":[{"href":"https:\/\/www.plastic-crates.com\/fr\/wp-json\/wp\/v2\/media?parent=7647"}],"wp:term":[{"taxonomy":"product_brand","embeddable":true,"href":"https:\/\/www.plastic-crates.com\/fr\/wp-json\/wp\/v2\/product_brand?post=7647"},{"taxonomy":"product_cat","embeddable":true,"href":"https:\/\/www.plastic-crates.com\/fr\/wp-json\/wp\/v2\/product_cat?post=7647"},{"taxonomy":"product_tag","embeddable":true,"href":"https:\/\/www.plastic-crates.com\/fr\/wp-json\/wp\/v2\/product_tag?post=7647"}],"curies":[{"name":"wp","href":"https:\/\/api.w.org\/{rel}","templated":true}]}}