{"id":7712,"date":"2025-09-12T23:01:17","date_gmt":"2025-09-12T23:01:17","guid":{"rendered":"https:\/\/www.plastic-crates.com\/product\/6-bottle-crate-plastic-glass-bottle-crates-wholesale\/"},"modified":"2025-09-12T23:17:44","modified_gmt":"2025-09-12T23:17:44","slug":"caisses-a-bouteilles-en-plastique-et-en-verre-6-pieces-vente-en-gros","status":"publish","type":"product","link":"https:\/\/www.plastic-crates.com\/fr\/product\/caisses-a-bouteilles-en-plastique-et-en-verre-6-pieces-vente-en-gros\/","title":{"rendered":"Caisse de 6 bouteilles, caisses de bouteilles en plastique et en verre en gros"},"content":{"rendered":"<p>Notre <strong>caisses de 6 bouteilles<\/strong> Elles sont id\u00e9ales pour les brasseries, les fabricants de sodas et les distributeurs de boissons n\u00e9cessitant un emballage en vrac fiable. Fabriqu\u00e9es en plastique alimentaire robuste, ces caisses accueillent en toute s\u00e9curit\u00e9 les bouteilles en verre tout en supportant les contraintes du transport et les r\u00e9utilisations r\u00e9p\u00e9t\u00e9es.<\/p>\n<p>Id\u00e9al pour<br \/>\nEmbouteilleurs de boissons, brasseries, fabricants de boissons gazeuses et grossistes recherchent des caisses \u00e0 bouteilles en verre et plastique \u00e9conomiques pour leurs cha\u00eenes d&#039;approvisionnement \u00e0 grande \u00e9chelle. Ces caisses de 6 bouteilles garantissent un transport s\u00fbr, r\u00e9duisent la casse et optimisent la distribution B2B.<\/p>\n<p><a href=\"https:\/\/www.plastic-crates.com\/fr\/product-category\/boite-pliable\/\" target=\"_blank\" rel=\"noopener\">bo\u00eetes de rangement pliables en plastique<\/a>, <a href=\"https:\/\/www.palletssupplier.com\/plastic-pallets\/\" target=\"_blank\" rel=\"noopener\">fabricant de palettes en plastique<\/a><\/p>","protected":false},"excerpt":{"rendered":"<p>Our 6-bottle crates are the perfect choice for breweries, soda manufacturers, and beverage distributors needing reliable bulk packaging. Crafted from&hellip;<\/p>","protected":false},"featured_media":7706,"template":"","meta":{"_acf_changed":false},"product_brand":[],"product_cat":[15],"product_tag":[153,149],"class_list":{"0":"post-7712","1":"product","2":"type-product","3":"status-publish","4":"has-post-thumbnail","6":"product_cat-stackable-containers","7":"product_tag-bottle-crate","8":"product_tag-plastic-milk-crates","10":"first","11":"instock","12":"shipping-taxable","13":"product-type-simple"},"acf":[],"yoast_head":"<!-- This site is optimized with the Yoast SEO plugin v26.1.1 - https:\/\/yoast.com\/wordpress\/plugins\/seo\/ -->\n<title>6 bottle crate, plastic glass bottle crates wholesale - plastic-crates.com<\/title>\n<meta name=\"description\" content=\"Wholesale 6-bottle plastic glass bottle crates for secure beverage transport. Stackable, food-grade, and reusable\u2014ideal for breweries, soda makers, and bulk distribution.\" \/>\n<meta name=\"robots\" content=\"index, follow, max-snippet:-1, max-image-preview:large, max-video-preview:-1\" \/>\n<link rel=\"canonical\" href=\"https:\/\/www.plastic-crates.com\/fr\/product\/caisses-a-bouteilles-en-plastique-et-en-verre-6-pieces-vente-en-gros\/\" \/>\n<meta property=\"og:locale\" content=\"fr_FR\" \/>\n<meta property=\"og:type\" content=\"article\" \/>\n<meta property=\"og:title\" content=\"6 bottle crate, plastic glass bottle crates wholesale - plastic-crates.com\" \/>\n<meta property=\"og:description\" content=\"Wholesale 6-bottle plastic glass bottle crates for secure beverage transport. Stackable, food-grade, and reusable\u2014ideal for breweries, soda makers, and bulk distribution.\" \/>\n<meta property=\"og:url\" content=\"https:\/\/www.plastic-crates.com\/fr\/product\/caisses-a-bouteilles-en-plastique-et-en-verre-6-pieces-vente-en-gros\/\" \/>\n<meta property=\"og:site_name\" content=\"plastic-crates.com\" \/>\n<meta property=\"article:modified_time\" content=\"2025-09-12T23:17:44+00:00\" \/>\n<meta property=\"og:image\" content=\"https:\/\/www.plastic-crates.com\/wp-content\/uploads\/2025\/09\/plastic-6-bottle-crates-1.jpg\" \/>\n\t<meta property=\"og:image:width\" content=\"2000\" \/>\n\t<meta property=\"og:image:height\" content=\"2000\" \/>\n\t<meta property=\"og:image:type\" content=\"image\/jpeg\" \/>\n<meta name=\"twitter:card\" content=\"summary_large_image\" \/>\n<meta name=\"twitter:label1\" content=\"Dur\u00e9e de lecture estim\u00e9e\" \/>\n\t<meta name=\"twitter:data1\" content=\"1 minute\" \/>\n<script type=\"application\/ld+json\" class=\"yoast-schema-graph\">{\"@context\":\"https:\/\/schema.org\",\"@graph\":[{\"@type\":\"WebPage\",\"@id\":\"https:\/\/www.plastic-crates.com\/product\/6-bottle-crate-plastic-glass-bottle-crates-wholesale\/\",\"url\":\"https:\/\/www.plastic-crates.com\/product\/6-bottle-crate-plastic-glass-bottle-crates-wholesale\/\",\"name\":\"6 bottle crate, plastic glass bottle crates wholesale - plastic-crates.com\",\"isPartOf\":{\"@id\":\"https:\/\/www.plastic-crates.com\/#website\"},\"primaryImageOfPage\":{\"@id\":\"https:\/\/www.plastic-crates.com\/product\/6-bottle-crate-plastic-glass-bottle-crates-wholesale\/#primaryimage\"},\"image\":{\"@id\":\"https:\/\/www.plastic-crates.com\/product\/6-bottle-crate-plastic-glass-bottle-crates-wholesale\/#primaryimage\"},\"thumbnailUrl\":\"https:\/\/www.plastic-crates.com\/wp-content\/uploads\/2025\/09\/plastic-6-bottle-crates-1.jpg\",\"datePublished\":\"2025-09-12T23:01:17+00:00\",\"dateModified\":\"2025-09-12T23:17:44+00:00\",\"description\":\"Wholesale 6-bottle plastic glass bottle crates for secure beverage transport. Stackable, food-grade, and reusable\u2014ideal for breweries, soda makers, and bulk distribution.\",\"breadcrumb\":{\"@id\":\"https:\/\/www.plastic-crates.com\/product\/6-bottle-crate-plastic-glass-bottle-crates-wholesale\/#breadcrumb\"},\"inLanguage\":\"fr-FR\",\"potentialAction\":[{\"@type\":\"ReadAction\",\"target\":[\"https:\/\/www.plastic-crates.com\/product\/6-bottle-crate-plastic-glass-bottle-crates-wholesale\/\"]}]},{\"@type\":\"ImageObject\",\"inLanguage\":\"fr-FR\",\"@id\":\"https:\/\/www.plastic-crates.com\/product\/6-bottle-crate-plastic-glass-bottle-crates-wholesale\/#primaryimage\",\"url\":\"https:\/\/www.plastic-crates.com\/wp-content\/uploads\/2025\/09\/plastic-6-bottle-crates-1.jpg\",\"contentUrl\":\"https:\/\/www.plastic-crates.com\/wp-content\/uploads\/2025\/09\/plastic-6-bottle-crates-1.jpg\",\"width\":2000,\"height\":2000,\"caption\":\"Plastic 6 bottle crate\"},{\"@type\":\"BreadcrumbList\",\"@id\":\"https:\/\/www.plastic-crates.com\/product\/6-bottle-crate-plastic-glass-bottle-crates-wholesale\/#breadcrumb\",\"itemListElement\":[{\"@type\":\"ListItem\",\"position\":1,\"name\":\"Home\",\"item\":\"https:\/\/www.plastic-crates.com\/\"},{\"@type\":\"ListItem\",\"position\":2,\"name\":\"Products\",\"item\":\"https:\/\/www.plastic-crates.com\/shop\/\"},{\"@type\":\"ListItem\",\"position\":3,\"name\":\"6 bottle crate, plastic glass bottle crates wholesale\"}]},{\"@type\":\"WebSite\",\"@id\":\"https:\/\/www.plastic-crates.com\/#website\",\"url\":\"https:\/\/www.plastic-crates.com\/\",\"name\":\"plastic-crates.com\",\"description\":\"Leading plastic crates manufacturer in China\",\"potentialAction\":[{\"@type\":\"SearchAction\",\"target\":{\"@type\":\"EntryPoint\",\"urlTemplate\":\"https:\/\/www.plastic-crates.com\/?s={search_term_string}\"},\"query-input\":{\"@type\":\"PropertyValueSpecification\",\"valueRequired\":true,\"valueName\":\"search_term_string\"}}],\"inLanguage\":\"fr-FR\"}]}<\/script>\n<!-- \/ Yoast SEO plugin. -->","yoast_head_json":{"title":"Caisse pour 6 bouteilles, vente en gros de caisses en plastique et en verre - plastic-crates.com","description":"Caisses en plastique et verre de 6 bouteilles en gros pour un transport s\u00e9curis\u00e9 des boissons. Empilables, de qualit\u00e9 alimentaire et r\u00e9utilisables, elles sont id\u00e9ales pour les brasseries, les fabricants de sodas et la distribution en vrac.","robots":{"index":"index","follow":"follow","max-snippet":"max-snippet:-1","max-image-preview":"max-image-preview:large","max-video-preview":"max-video-preview:-1"},"canonical":"https:\/\/www.plastic-crates.com\/fr\/product\/caisses-a-bouteilles-en-plastique-et-en-verre-6-pieces-vente-en-gros\/","og_locale":"fr_FR","og_type":"article","og_title":"6 bottle crate, plastic glass bottle crates wholesale - plastic-crates.com","og_description":"Wholesale 6-bottle plastic glass bottle crates for secure beverage transport. Stackable, food-grade, and reusable\u2014ideal for breweries, soda makers, and bulk distribution.","og_url":"https:\/\/www.plastic-crates.com\/fr\/product\/caisses-a-bouteilles-en-plastique-et-en-verre-6-pieces-vente-en-gros\/","og_site_name":"plastic-crates.com","article_modified_time":"2025-09-12T23:17:44+00:00","og_image":[{"width":2000,"height":2000,"url":"https:\/\/www.plastic-crates.com\/wp-content\/uploads\/2025\/09\/plastic-6-bottle-crates-1.jpg","type":"image\/jpeg"}],"twitter_card":"summary_large_image","twitter_misc":{"Dur\u00e9e de lecture estim\u00e9e":"1 minute"},"schema":{"@context":"https:\/\/schema.org","@graph":[{"@type":"WebPage","@id":"https:\/\/www.plastic-crates.com\/product\/6-bottle-crate-plastic-glass-bottle-crates-wholesale\/","url":"https:\/\/www.plastic-crates.com\/product\/6-bottle-crate-plastic-glass-bottle-crates-wholesale\/","name":"Caisse pour 6 bouteilles, vente en gros de caisses en plastique et en verre - plastic-crates.com","isPartOf":{"@id":"https:\/\/www.plastic-crates.com\/#website"},"primaryImageOfPage":{"@id":"https:\/\/www.plastic-crates.com\/product\/6-bottle-crate-plastic-glass-bottle-crates-wholesale\/#primaryimage"},"image":{"@id":"https:\/\/www.plastic-crates.com\/product\/6-bottle-crate-plastic-glass-bottle-crates-wholesale\/#primaryimage"},"thumbnailUrl":"https:\/\/www.plastic-crates.com\/wp-content\/uploads\/2025\/09\/plastic-6-bottle-crates-1.jpg","datePublished":"2025-09-12T23:01:17+00:00","dateModified":"2025-09-12T23:17:44+00:00","description":"Caisses en plastique et verre de 6 bouteilles en gros pour un transport s\u00e9curis\u00e9 des boissons. Empilables, de qualit\u00e9 alimentaire et r\u00e9utilisables, elles sont id\u00e9ales pour les brasseries, les fabricants de sodas et la distribution en vrac.","breadcrumb":{"@id":"https:\/\/www.plastic-crates.com\/product\/6-bottle-crate-plastic-glass-bottle-crates-wholesale\/#breadcrumb"},"inLanguage":"fr-FR","potentialAction":[{"@type":"ReadAction","target":["https:\/\/www.plastic-crates.com\/product\/6-bottle-crate-plastic-glass-bottle-crates-wholesale\/"]}]},{"@type":"ImageObject","inLanguage":"fr-FR","@id":"https:\/\/www.plastic-crates.com\/product\/6-bottle-crate-plastic-glass-bottle-crates-wholesale\/#primaryimage","url":"https:\/\/www.plastic-crates.com\/wp-content\/uploads\/2025\/09\/plastic-6-bottle-crates-1.jpg","contentUrl":"https:\/\/www.plastic-crates.com\/wp-content\/uploads\/2025\/09\/plastic-6-bottle-crates-1.jpg","width":2000,"height":2000,"caption":"Plastic 6 bottle crate"},{"@type":"BreadcrumbList","@id":"https:\/\/www.plastic-crates.com\/product\/6-bottle-crate-plastic-glass-bottle-crates-wholesale\/#breadcrumb","itemListElement":[{"@type":"ListItem","position":1,"name":"Home","item":"https:\/\/www.plastic-crates.com\/"},{"@type":"ListItem","position":2,"name":"Products","item":"https:\/\/www.plastic-crates.com\/shop\/"},{"@type":"ListItem","position":3,"name":"6 bottle crate, plastic glass bottle crates wholesale"}]},{"@type":"WebSite","@id":"https:\/\/www.plastic-crates.com\/#website","url":"https:\/\/www.plastic-crates.com\/","name":"plastic-crates.com","description":"Fabricant leader de caisses en plastique en Chine","potentialAction":[{"@type":"SearchAction","target":{"@type":"EntryPoint","urlTemplate":"https:\/\/www.plastic-crates.com\/?s={search_term_string}"},"query-input":{"@type":"PropertyValueSpecification","valueRequired":true,"valueName":"search_term_string"}}],"inLanguage":"fr-FR"}]}},"_links":{"self":[{"href":"https:\/\/www.plastic-crates.com\/fr\/wp-json\/wp\/v2\/product\/7712","targetHints":{"allow":["GET"]}}],"collection":[{"href":"https:\/\/www.plastic-crates.com\/fr\/wp-json\/wp\/v2\/product"}],"about":[{"href":"https:\/\/www.plastic-crates.com\/fr\/wp-json\/wp\/v2\/types\/product"}],"wp:featuredmedia":[{"embeddable":true,"href":"https:\/\/www.plastic-crates.com\/fr\/wp-json\/wp\/v2\/media\/7706"}],"wp:attachment":[{"href":"https:\/\/www.plastic-crates.com\/fr\/wp-json\/wp\/v2\/media?parent=7712"}],"wp:term":[{"taxonomy":"product_brand","embeddable":true,"href":"https:\/\/www.plastic-crates.com\/fr\/wp-json\/wp\/v2\/product_brand?post=7712"},{"taxonomy":"product_cat","embeddable":true,"href":"https:\/\/www.plastic-crates.com\/fr\/wp-json\/wp\/v2\/product_cat?post=7712"},{"taxonomy":"product_tag","embeddable":true,"href":"https:\/\/www.plastic-crates.com\/fr\/wp-json\/wp\/v2\/product_tag?post=7712"}],"curies":[{"name":"wp","href":"https:\/\/api.w.org\/{rel}","templated":true}]}}