{"id":7730,"date":"2025-09-12T23:39:03","date_gmt":"2025-09-12T23:39:03","guid":{"rendered":"https:\/\/www.plastic-crates.com\/product\/solid-plastic-milk-crates-stackable-milk-crates-wholesale\/"},"modified":"2025-09-12T23:51:00","modified_gmt":"2025-09-12T23:51:00","slug":"caisses-a-lait-empilables-en-plastique-rigide-en-gros","status":"publish","type":"product","link":"https:\/\/www.plastic-crates.com\/fr\/product\/caisses-a-lait-empilables-en-plastique-rigide-en-gros\/","title":{"rendered":"Caisses \u00e0 lait en plastique solides, caisses \u00e0 lait empilables en gros"},"content":{"rendered":"<p>Nos caisses \u00e0 lait en plastique rigide sont con\u00e7ues pour les fournisseurs, distributeurs et grossistes laitiers exigeant des solutions de stockage et de transport robustes et fiables. Fabriqu\u00e9es en plastique alimentaire de haute qualit\u00e9, ces caisses offrent durabilit\u00e9, hygi\u00e8ne et un empilage optimis\u00e9 pour les op\u00e9rations \u00e0 grande \u00e9chelle.<\/p>\n<div style=\"width: 1170px;\" class=\"wp-video\"><!--[if lt IE 9]><script>document.createElement('video');<\/script><![endif]-->\n<video class=\"wp-video-shortcode\" id=\"video-7730-1\" width=\"1170\" height=\"658\" preload=\"metadata\" controls=\"controls\"><source type=\"video\/mp4\" src=\"https:\/\/www.plastic-crates.com\/wp-content\/uploads\/2025\/09\/solid-plastic-milk-crates.mp4?_=1\" \/><a href=\"https:\/\/www.plastic-crates.com\/wp-content\/uploads\/2025\/09\/solid-plastic-milk-crates.mp4\">https:\/\/www.plastic-crates.com\/wp-content\/uploads\/2025\/09\/solid-plastic-milk-crates.mp4<\/a><\/video><\/div>\n<p>Conception empilable\u00a0: les bords imbriqu\u00e9s permettent un empilage s\u00fbr et peu encombrant dans les entrep\u00f4ts, les camions ou les commerces de d\u00e9tail.<\/p>\n<p>Manipulation ergonomique : des poign\u00e9es confortables facilitent et s\u00e9curisent le levage et le transport pour le personnel.<\/p>\n<p>Hygi\u00e9nique et facile \u00e0 nettoyer : le mat\u00e9riau non poreux de qualit\u00e9 alimentaire assure un stockage hygi\u00e9nique du lait et des produits laitiers.<\/p>\n<p>Id\u00e9al pour<br \/>\nLes producteurs laitiers, les distributeurs de lait et les grossistes B2B recherchent des caisses \u00e0 lait empilables, durables et r\u00e9utilisables pour rationaliser le transport, r\u00e9duire la casse et maintenir les normes d&#039;hygi\u00e8ne.<\/p>","protected":false},"excerpt":{"rendered":"<p>Our solid plastic milk crates are designed for dairy suppliers, distributors, and wholesalers who require strong, reliable storage and transport&hellip;<\/p>","protected":false},"featured_media":7723,"template":"","meta":{"_acf_changed":false},"product_brand":[],"product_cat":[15],"product_tag":[153,149],"class_list":{"0":"post-7730","1":"product","2":"type-product","3":"status-publish","4":"has-post-thumbnail","6":"product_cat-stackable-containers","7":"product_tag-bottle-crate","8":"product_tag-plastic-milk-crates","10":"first","11":"instock","12":"shipping-taxable","13":"product-type-simple"},"acf":[],"yoast_head":"<!-- This site is optimized with the Yoast SEO plugin v26.1.1 - https:\/\/yoast.com\/wordpress\/plugins\/seo\/ -->\n<title>Solid plastic milk crates, stackable milk crates wholesale - plastic-crates.com<\/title>\n<meta name=\"robots\" content=\"index, follow, max-snippet:-1, max-image-preview:large, max-video-preview:-1\" \/>\n<link rel=\"canonical\" href=\"https:\/\/www.plastic-crates.com\/fr\/product\/caisses-a-lait-empilables-en-plastique-rigide-en-gros\/\" \/>\n<meta property=\"og:locale\" content=\"fr_FR\" \/>\n<meta property=\"og:type\" content=\"article\" \/>\n<meta property=\"og:title\" content=\"Solid plastic milk crates, stackable milk crates wholesale - plastic-crates.com\" \/>\n<meta property=\"og:description\" content=\"Our solid plastic milk crates are designed for dairy suppliers, distributors, and wholesalers who require strong, reliable storage and transport&hellip;\" \/>\n<meta property=\"og:url\" content=\"https:\/\/www.plastic-crates.com\/fr\/product\/caisses-a-lait-empilables-en-plastique-rigide-en-gros\/\" \/>\n<meta property=\"og:site_name\" content=\"plastic-crates.com\" \/>\n<meta property=\"article:modified_time\" content=\"2025-09-12T23:51:00+00:00\" \/>\n<meta property=\"og:image\" content=\"https:\/\/www.plastic-crates.com\/wp-content\/uploads\/2025\/09\/solid-plastic-milk-crates-1.jpg\" \/>\n\t<meta property=\"og:image:width\" content=\"2000\" \/>\n\t<meta property=\"og:image:height\" content=\"2000\" \/>\n\t<meta property=\"og:image:type\" content=\"image\/jpeg\" \/>\n<meta name=\"twitter:card\" content=\"summary_large_image\" \/>\n<meta name=\"twitter:label1\" content=\"Dur\u00e9e de lecture estim\u00e9e\" \/>\n\t<meta name=\"twitter:data1\" content=\"1 minute\" \/>\n<script type=\"application\/ld+json\" class=\"yoast-schema-graph\">{\"@context\":\"https:\/\/schema.org\",\"@graph\":[{\"@type\":\"WebPage\",\"@id\":\"https:\/\/www.plastic-crates.com\/product\/solid-plastic-milk-crates-stackable-milk-crates-wholesale\/\",\"url\":\"https:\/\/www.plastic-crates.com\/product\/solid-plastic-milk-crates-stackable-milk-crates-wholesale\/\",\"name\":\"Solid plastic milk crates, stackable milk crates wholesale - plastic-crates.com\",\"isPartOf\":{\"@id\":\"https:\/\/www.plastic-crates.com\/#website\"},\"primaryImageOfPage\":{\"@id\":\"https:\/\/www.plastic-crates.com\/product\/solid-plastic-milk-crates-stackable-milk-crates-wholesale\/#primaryimage\"},\"image\":{\"@id\":\"https:\/\/www.plastic-crates.com\/product\/solid-plastic-milk-crates-stackable-milk-crates-wholesale\/#primaryimage\"},\"thumbnailUrl\":\"https:\/\/www.plastic-crates.com\/wp-content\/uploads\/2025\/09\/solid-plastic-milk-crates-1.jpg\",\"datePublished\":\"2025-09-12T23:39:03+00:00\",\"dateModified\":\"2025-09-12T23:51:00+00:00\",\"breadcrumb\":{\"@id\":\"https:\/\/www.plastic-crates.com\/product\/solid-plastic-milk-crates-stackable-milk-crates-wholesale\/#breadcrumb\"},\"inLanguage\":\"fr-FR\",\"potentialAction\":[{\"@type\":\"ReadAction\",\"target\":[\"https:\/\/www.plastic-crates.com\/product\/solid-plastic-milk-crates-stackable-milk-crates-wholesale\/\"]}]},{\"@type\":\"ImageObject\",\"inLanguage\":\"fr-FR\",\"@id\":\"https:\/\/www.plastic-crates.com\/product\/solid-plastic-milk-crates-stackable-milk-crates-wholesale\/#primaryimage\",\"url\":\"https:\/\/www.plastic-crates.com\/wp-content\/uploads\/2025\/09\/solid-plastic-milk-crates-1.jpg\",\"contentUrl\":\"https:\/\/www.plastic-crates.com\/wp-content\/uploads\/2025\/09\/solid-plastic-milk-crates-1.jpg\",\"width\":2000,\"height\":2000,\"caption\":\"Solid plastic milk crates\"},{\"@type\":\"BreadcrumbList\",\"@id\":\"https:\/\/www.plastic-crates.com\/product\/solid-plastic-milk-crates-stackable-milk-crates-wholesale\/#breadcrumb\",\"itemListElement\":[{\"@type\":\"ListItem\",\"position\":1,\"name\":\"Home\",\"item\":\"https:\/\/www.plastic-crates.com\/\"},{\"@type\":\"ListItem\",\"position\":2,\"name\":\"Products\",\"item\":\"https:\/\/www.plastic-crates.com\/shop\/\"},{\"@type\":\"ListItem\",\"position\":3,\"name\":\"Solid plastic milk crates, stackable milk crates wholesale\"}]},{\"@type\":\"WebSite\",\"@id\":\"https:\/\/www.plastic-crates.com\/#website\",\"url\":\"https:\/\/www.plastic-crates.com\/\",\"name\":\"plastic-crates.com\",\"description\":\"Leading plastic crates manufacturer in China\",\"potentialAction\":[{\"@type\":\"SearchAction\",\"target\":{\"@type\":\"EntryPoint\",\"urlTemplate\":\"https:\/\/www.plastic-crates.com\/?s={search_term_string}\"},\"query-input\":{\"@type\":\"PropertyValueSpecification\",\"valueRequired\":true,\"valueName\":\"search_term_string\"}}],\"inLanguage\":\"fr-FR\"}]}<\/script>\n<!-- \/ Yoast SEO plugin. -->","yoast_head_json":{"title":"Caisses \u00e0 lait en plastique rigide, caisses \u00e0 lait empilables en gros - plastic-crates.com","robots":{"index":"index","follow":"follow","max-snippet":"max-snippet:-1","max-image-preview":"max-image-preview:large","max-video-preview":"max-video-preview:-1"},"canonical":"https:\/\/www.plastic-crates.com\/fr\/product\/caisses-a-lait-empilables-en-plastique-rigide-en-gros\/","og_locale":"fr_FR","og_type":"article","og_title":"Solid plastic milk crates, stackable milk crates wholesale - plastic-crates.com","og_description":"Our solid plastic milk crates are designed for dairy suppliers, distributors, and wholesalers who require strong, reliable storage and transport&hellip;","og_url":"https:\/\/www.plastic-crates.com\/fr\/product\/caisses-a-lait-empilables-en-plastique-rigide-en-gros\/","og_site_name":"plastic-crates.com","article_modified_time":"2025-09-12T23:51:00+00:00","og_image":[{"width":2000,"height":2000,"url":"https:\/\/www.plastic-crates.com\/wp-content\/uploads\/2025\/09\/solid-plastic-milk-crates-1.jpg","type":"image\/jpeg"}],"twitter_card":"summary_large_image","twitter_misc":{"Dur\u00e9e de lecture estim\u00e9e":"1 minute"},"schema":{"@context":"https:\/\/schema.org","@graph":[{"@type":"WebPage","@id":"https:\/\/www.plastic-crates.com\/product\/solid-plastic-milk-crates-stackable-milk-crates-wholesale\/","url":"https:\/\/www.plastic-crates.com\/product\/solid-plastic-milk-crates-stackable-milk-crates-wholesale\/","name":"Caisses \u00e0 lait en plastique rigide, caisses \u00e0 lait empilables en gros - plastic-crates.com","isPartOf":{"@id":"https:\/\/www.plastic-crates.com\/#website"},"primaryImageOfPage":{"@id":"https:\/\/www.plastic-crates.com\/product\/solid-plastic-milk-crates-stackable-milk-crates-wholesale\/#primaryimage"},"image":{"@id":"https:\/\/www.plastic-crates.com\/product\/solid-plastic-milk-crates-stackable-milk-crates-wholesale\/#primaryimage"},"thumbnailUrl":"https:\/\/www.plastic-crates.com\/wp-content\/uploads\/2025\/09\/solid-plastic-milk-crates-1.jpg","datePublished":"2025-09-12T23:39:03+00:00","dateModified":"2025-09-12T23:51:00+00:00","breadcrumb":{"@id":"https:\/\/www.plastic-crates.com\/product\/solid-plastic-milk-crates-stackable-milk-crates-wholesale\/#breadcrumb"},"inLanguage":"fr-FR","potentialAction":[{"@type":"ReadAction","target":["https:\/\/www.plastic-crates.com\/product\/solid-plastic-milk-crates-stackable-milk-crates-wholesale\/"]}]},{"@type":"ImageObject","inLanguage":"fr-FR","@id":"https:\/\/www.plastic-crates.com\/product\/solid-plastic-milk-crates-stackable-milk-crates-wholesale\/#primaryimage","url":"https:\/\/www.plastic-crates.com\/wp-content\/uploads\/2025\/09\/solid-plastic-milk-crates-1.jpg","contentUrl":"https:\/\/www.plastic-crates.com\/wp-content\/uploads\/2025\/09\/solid-plastic-milk-crates-1.jpg","width":2000,"height":2000,"caption":"Solid plastic milk crates"},{"@type":"BreadcrumbList","@id":"https:\/\/www.plastic-crates.com\/product\/solid-plastic-milk-crates-stackable-milk-crates-wholesale\/#breadcrumb","itemListElement":[{"@type":"ListItem","position":1,"name":"Home","item":"https:\/\/www.plastic-crates.com\/"},{"@type":"ListItem","position":2,"name":"Products","item":"https:\/\/www.plastic-crates.com\/shop\/"},{"@type":"ListItem","position":3,"name":"Solid plastic milk crates, stackable milk crates wholesale"}]},{"@type":"WebSite","@id":"https:\/\/www.plastic-crates.com\/#website","url":"https:\/\/www.plastic-crates.com\/","name":"plastic-crates.com","description":"Fabricant leader de caisses en plastique en Chine","potentialAction":[{"@type":"SearchAction","target":{"@type":"EntryPoint","urlTemplate":"https:\/\/www.plastic-crates.com\/?s={search_term_string}"},"query-input":{"@type":"PropertyValueSpecification","valueRequired":true,"valueName":"search_term_string"}}],"inLanguage":"fr-FR"}]}},"_links":{"self":[{"href":"https:\/\/www.plastic-crates.com\/fr\/wp-json\/wp\/v2\/product\/7730","targetHints":{"allow":["GET"]}}],"collection":[{"href":"https:\/\/www.plastic-crates.com\/fr\/wp-json\/wp\/v2\/product"}],"about":[{"href":"https:\/\/www.plastic-crates.com\/fr\/wp-json\/wp\/v2\/types\/product"}],"wp:featuredmedia":[{"embeddable":true,"href":"https:\/\/www.plastic-crates.com\/fr\/wp-json\/wp\/v2\/media\/7723"}],"wp:attachment":[{"href":"https:\/\/www.plastic-crates.com\/fr\/wp-json\/wp\/v2\/media?parent=7730"}],"wp:term":[{"taxonomy":"product_brand","embeddable":true,"href":"https:\/\/www.plastic-crates.com\/fr\/wp-json\/wp\/v2\/product_brand?post=7730"},{"taxonomy":"product_cat","embeddable":true,"href":"https:\/\/www.plastic-crates.com\/fr\/wp-json\/wp\/v2\/product_cat?post=7730"},{"taxonomy":"product_tag","embeddable":true,"href":"https:\/\/www.plastic-crates.com\/fr\/wp-json\/wp\/v2\/product_tag?post=7730"}],"curies":[{"name":"wp","href":"https:\/\/api.w.org\/{rel}","templated":true}]}}