{"id":7739,"date":"2025-09-18T20:30:52","date_gmt":"2025-09-18T20:30:52","guid":{"rendered":"https:\/\/www.plastic-crates.com\/product\/airport-security-trays\/"},"modified":"2025-09-18T20:31:54","modified_gmt":"2025-09-18T20:31:54","slug":"plateaux-de-securite-daeroport","status":"publish","type":"product","link":"https:\/\/www.plastic-crates.com\/fr\/product\/plateaux-de-securite-daeroport\/","title":{"rendered":"Plateaux de s\u00e9curit\u00e9 pour les a\u00e9roports"},"content":{"rendered":"<p>Les bacs de s\u00e9curit\u00e9 des a\u00e9roports, \u00e9galement appel\u00e9s bacs TSA, sont essentiels au contr\u00f4le des passagers aux points de contr\u00f4le de s\u00e9curit\u00e9. Con\u00e7us pour \u00eatre efficaces, durables et conformes aux normes, ces bacs offrent une solution standardis\u00e9e pour ranger les effets personnels tels que les ordinateurs portables, les chaussures, les ceintures et les bagages \u00e0 main pendant le contr\u00f4le aux rayons X.<\/p>\n<p>Pour les a\u00e9roports, les agences gouvernementales et les prestataires de s\u00e9curit\u00e9, l&#039;approvisionnement en gros de plateaux de s\u00e9curit\u00e9 a\u00e9roportuaire garantit un fonctionnement fluide et un flux de passagers r\u00e9gulier. Fabriqu\u00e9s en plastique robuste et r\u00e9sistant aux chocs, ces plateaux supportent une utilisation intensive et constante tout en conservant leur forme et leur fiabilit\u00e9. Leurs surfaces non poreuses permettent un nettoyage et une d\u00e9sinfection rapides, contribuant ainsi au respect des normes d&#039;hygi\u00e8ne dans les a\u00e9roports tr\u00e8s fr\u00e9quent\u00e9s.<\/p>\n<p>Leur taille uniforme les rend compatibles avec les lignes de contr\u00f4le manuelles et les voies de s\u00e9curit\u00e9 automatis\u00e9es, garantissant une int\u00e9gration transparente avec les \u00e9quipements existants. Les commandes group\u00e9es garantissent \u00e9galement des \u00e9conomies et un approvisionnement continu, ce qui en fait la solution id\u00e9ale pour les responsables des achats et les exploitants d&#039;installations responsables d&#039;op\u00e9rations de s\u00e9curit\u00e9 \u00e0 grande \u00e9chelle.<\/p>\n<p>Qu&#039;il s&#039;agisse d&#039;\u00e9quiper un grand a\u00e9roport international, un terminal r\u00e9gional ou une plaque tournante du transport, investir dans des plateaux de s\u00e9curit\u00e9 a\u00e9roportuaire en grandes quantit\u00e9s offre la durabilit\u00e9 et la coh\u00e9rence n\u00e9cessaires pour assurer le bon fonctionnement des lignes de s\u00e9curit\u00e9.<\/p>","protected":false},"excerpt":{"rendered":"<p>Airport security trays, also known as TSA bins, are an essential part of passenger screening at security checkpoints. Designed for&hellip;<\/p>","protected":false},"featured_media":7734,"template":"","meta":{"_acf_changed":false},"product_brand":[],"product_cat":[144],"product_tag":[154],"class_list":{"0":"post-7739","1":"product","2":"type-product","3":"status-publish","4":"has-post-thumbnail","6":"product_cat-plastic-trays-wholesale","7":"product_tag-tsa-bins","9":"first","10":"instock","11":"shipping-taxable","12":"product-type-simple"},"acf":[],"yoast_head":"<!-- This site is optimized with the Yoast SEO plugin v26.1.1 - https:\/\/yoast.com\/wordpress\/plugins\/seo\/ -->\n<title>Airport security trays - plastic-crates.com<\/title>\n<meta name=\"robots\" content=\"index, follow, max-snippet:-1, max-image-preview:large, max-video-preview:-1\" \/>\n<link rel=\"canonical\" href=\"https:\/\/www.plastic-crates.com\/fr\/product\/plateaux-de-securite-daeroport\/\" \/>\n<meta property=\"og:locale\" content=\"fr_FR\" \/>\n<meta property=\"og:type\" content=\"article\" \/>\n<meta property=\"og:title\" content=\"Airport security trays - plastic-crates.com\" \/>\n<meta property=\"og:description\" content=\"Airport security trays, also known as TSA bins, are an essential part of passenger screening at security checkpoints. Designed for&hellip;\" \/>\n<meta property=\"og:url\" content=\"https:\/\/www.plastic-crates.com\/fr\/product\/plateaux-de-securite-daeroport\/\" \/>\n<meta property=\"og:site_name\" content=\"plastic-crates.com\" \/>\n<meta property=\"article:modified_time\" content=\"2025-09-18T20:31:54+00:00\" \/>\n<meta property=\"og:image\" content=\"https:\/\/www.plastic-crates.com\/wp-content\/uploads\/2025\/09\/airport-security-trays-1.jpg\" \/>\n\t<meta property=\"og:image:width\" content=\"2000\" \/>\n\t<meta property=\"og:image:height\" content=\"2000\" \/>\n\t<meta property=\"og:image:type\" content=\"image\/jpeg\" \/>\n<meta name=\"twitter:card\" content=\"summary_large_image\" \/>\n<meta name=\"twitter:label1\" content=\"Dur\u00e9e de lecture estim\u00e9e\" \/>\n\t<meta name=\"twitter:data1\" content=\"1 minute\" \/>\n<script type=\"application\/ld+json\" class=\"yoast-schema-graph\">{\"@context\":\"https:\/\/schema.org\",\"@graph\":[{\"@type\":\"WebPage\",\"@id\":\"https:\/\/www.plastic-crates.com\/product\/airport-security-trays\/\",\"url\":\"https:\/\/www.plastic-crates.com\/product\/airport-security-trays\/\",\"name\":\"Airport security trays - plastic-crates.com\",\"isPartOf\":{\"@id\":\"https:\/\/www.plastic-crates.com\/#website\"},\"primaryImageOfPage\":{\"@id\":\"https:\/\/www.plastic-crates.com\/product\/airport-security-trays\/#primaryimage\"},\"image\":{\"@id\":\"https:\/\/www.plastic-crates.com\/product\/airport-security-trays\/#primaryimage\"},\"thumbnailUrl\":\"https:\/\/www.plastic-crates.com\/wp-content\/uploads\/2025\/09\/airport-security-trays-1.jpg\",\"datePublished\":\"2025-09-18T20:30:52+00:00\",\"dateModified\":\"2025-09-18T20:31:54+00:00\",\"breadcrumb\":{\"@id\":\"https:\/\/www.plastic-crates.com\/product\/airport-security-trays\/#breadcrumb\"},\"inLanguage\":\"fr-FR\",\"potentialAction\":[{\"@type\":\"ReadAction\",\"target\":[\"https:\/\/www.plastic-crates.com\/product\/airport-security-trays\/\"]}]},{\"@type\":\"ImageObject\",\"inLanguage\":\"fr-FR\",\"@id\":\"https:\/\/www.plastic-crates.com\/product\/airport-security-trays\/#primaryimage\",\"url\":\"https:\/\/www.plastic-crates.com\/wp-content\/uploads\/2025\/09\/airport-security-trays-1.jpg\",\"contentUrl\":\"https:\/\/www.plastic-crates.com\/wp-content\/uploads\/2025\/09\/airport-security-trays-1.jpg\",\"width\":2000,\"height\":2000,\"caption\":\"airport security trays\"},{\"@type\":\"BreadcrumbList\",\"@id\":\"https:\/\/www.plastic-crates.com\/product\/airport-security-trays\/#breadcrumb\",\"itemListElement\":[{\"@type\":\"ListItem\",\"position\":1,\"name\":\"Home\",\"item\":\"https:\/\/www.plastic-crates.com\/\"},{\"@type\":\"ListItem\",\"position\":2,\"name\":\"Products\",\"item\":\"https:\/\/www.plastic-crates.com\/shop\/\"},{\"@type\":\"ListItem\",\"position\":3,\"name\":\"Airport security trays\"}]},{\"@type\":\"WebSite\",\"@id\":\"https:\/\/www.plastic-crates.com\/#website\",\"url\":\"https:\/\/www.plastic-crates.com\/\",\"name\":\"plastic-crates.com\",\"description\":\"Leading plastic crates manufacturer in China\",\"potentialAction\":[{\"@type\":\"SearchAction\",\"target\":{\"@type\":\"EntryPoint\",\"urlTemplate\":\"https:\/\/www.plastic-crates.com\/?s={search_term_string}\"},\"query-input\":{\"@type\":\"PropertyValueSpecification\",\"valueRequired\":true,\"valueName\":\"search_term_string\"}}],\"inLanguage\":\"fr-FR\"}]}<\/script>\n<!-- \/ Yoast SEO plugin. -->","yoast_head_json":{"title":"Plateaux de s\u00e9curit\u00e9 pour a\u00e9roports - plastic-crates.com","robots":{"index":"index","follow":"follow","max-snippet":"max-snippet:-1","max-image-preview":"max-image-preview:large","max-video-preview":"max-video-preview:-1"},"canonical":"https:\/\/www.plastic-crates.com\/fr\/product\/plateaux-de-securite-daeroport\/","og_locale":"fr_FR","og_type":"article","og_title":"Airport security trays - plastic-crates.com","og_description":"Airport security trays, also known as TSA bins, are an essential part of passenger screening at security checkpoints. Designed for&hellip;","og_url":"https:\/\/www.plastic-crates.com\/fr\/product\/plateaux-de-securite-daeroport\/","og_site_name":"plastic-crates.com","article_modified_time":"2025-09-18T20:31:54+00:00","og_image":[{"width":2000,"height":2000,"url":"https:\/\/www.plastic-crates.com\/wp-content\/uploads\/2025\/09\/airport-security-trays-1.jpg","type":"image\/jpeg"}],"twitter_card":"summary_large_image","twitter_misc":{"Dur\u00e9e de lecture estim\u00e9e":"1 minute"},"schema":{"@context":"https:\/\/schema.org","@graph":[{"@type":"WebPage","@id":"https:\/\/www.plastic-crates.com\/product\/airport-security-trays\/","url":"https:\/\/www.plastic-crates.com\/product\/airport-security-trays\/","name":"Plateaux de s\u00e9curit\u00e9 pour a\u00e9roports - plastic-crates.com","isPartOf":{"@id":"https:\/\/www.plastic-crates.com\/#website"},"primaryImageOfPage":{"@id":"https:\/\/www.plastic-crates.com\/product\/airport-security-trays\/#primaryimage"},"image":{"@id":"https:\/\/www.plastic-crates.com\/product\/airport-security-trays\/#primaryimage"},"thumbnailUrl":"https:\/\/www.plastic-crates.com\/wp-content\/uploads\/2025\/09\/airport-security-trays-1.jpg","datePublished":"2025-09-18T20:30:52+00:00","dateModified":"2025-09-18T20:31:54+00:00","breadcrumb":{"@id":"https:\/\/www.plastic-crates.com\/product\/airport-security-trays\/#breadcrumb"},"inLanguage":"fr-FR","potentialAction":[{"@type":"ReadAction","target":["https:\/\/www.plastic-crates.com\/product\/airport-security-trays\/"]}]},{"@type":"ImageObject","inLanguage":"fr-FR","@id":"https:\/\/www.plastic-crates.com\/product\/airport-security-trays\/#primaryimage","url":"https:\/\/www.plastic-crates.com\/wp-content\/uploads\/2025\/09\/airport-security-trays-1.jpg","contentUrl":"https:\/\/www.plastic-crates.com\/wp-content\/uploads\/2025\/09\/airport-security-trays-1.jpg","width":2000,"height":2000,"caption":"airport security trays"},{"@type":"BreadcrumbList","@id":"https:\/\/www.plastic-crates.com\/product\/airport-security-trays\/#breadcrumb","itemListElement":[{"@type":"ListItem","position":1,"name":"Home","item":"https:\/\/www.plastic-crates.com\/"},{"@type":"ListItem","position":2,"name":"Products","item":"https:\/\/www.plastic-crates.com\/shop\/"},{"@type":"ListItem","position":3,"name":"Airport security trays"}]},{"@type":"WebSite","@id":"https:\/\/www.plastic-crates.com\/#website","url":"https:\/\/www.plastic-crates.com\/","name":"plastic-crates.com","description":"Fabricant leader de caisses en plastique en Chine","potentialAction":[{"@type":"SearchAction","target":{"@type":"EntryPoint","urlTemplate":"https:\/\/www.plastic-crates.com\/?s={search_term_string}"},"query-input":{"@type":"PropertyValueSpecification","valueRequired":true,"valueName":"search_term_string"}}],"inLanguage":"fr-FR"}]}},"_links":{"self":[{"href":"https:\/\/www.plastic-crates.com\/fr\/wp-json\/wp\/v2\/product\/7739","targetHints":{"allow":["GET"]}}],"collection":[{"href":"https:\/\/www.plastic-crates.com\/fr\/wp-json\/wp\/v2\/product"}],"about":[{"href":"https:\/\/www.plastic-crates.com\/fr\/wp-json\/wp\/v2\/types\/product"}],"wp:featuredmedia":[{"embeddable":true,"href":"https:\/\/www.plastic-crates.com\/fr\/wp-json\/wp\/v2\/media\/7734"}],"wp:attachment":[{"href":"https:\/\/www.plastic-crates.com\/fr\/wp-json\/wp\/v2\/media?parent=7739"}],"wp:term":[{"taxonomy":"product_brand","embeddable":true,"href":"https:\/\/www.plastic-crates.com\/fr\/wp-json\/wp\/v2\/product_brand?post=7739"},{"taxonomy":"product_cat","embeddable":true,"href":"https:\/\/www.plastic-crates.com\/fr\/wp-json\/wp\/v2\/product_cat?post=7739"},{"taxonomy":"product_tag","embeddable":true,"href":"https:\/\/www.plastic-crates.com\/fr\/wp-json\/wp\/v2\/product_tag?post=7739"}],"curies":[{"name":"wp","href":"https:\/\/api.w.org\/{rel}","templated":true}]}}