{"id":7746,"date":"2025-09-18T20:34:25","date_gmt":"2025-09-18T20:34:25","guid":{"rendered":"https:\/\/www.plastic-crates.com\/product\/airport-security-tray-manufacturer\/"},"modified":"2025-09-18T20:53:16","modified_gmt":"2025-09-18T20:53:16","slug":"fabricant-de-plateaux-de-securite-pour-aeroports","status":"publish","type":"product","link":"https:\/\/www.plastic-crates.com\/fr\/product\/fabricant-de-plateaux-de-securite-pour-aeroports\/","title":{"rendered":"Fabricant de plateaux de s\u00e9curit\u00e9 pour a\u00e9roports"},"content":{"rendered":"<p>En tant que fabricant leader de bacs de s\u00e9curit\u00e9 a\u00e9roportuaire, nous sommes sp\u00e9cialis\u00e9s dans la production de bacs durables, conformes aux normes TSA, con\u00e7us pour les op\u00e9rations de contr\u00f4le \u00e0 haut volume. Nos bacs sont reconnus par les a\u00e9roports, les administrations publiques et les prestataires de s\u00e9curit\u00e9 du monde entier pour leur fiabilit\u00e9, leur robustesse et leur simplicit\u00e9 d&#039;utilisation.<\/p>\n<p>Fabriqu\u00e9s \u00e0 partir de mat\u00e9riaux r\u00e9sistants aux chocs et non poreux, nos bacs de s\u00e9curit\u00e9 a\u00e9roportuaires sont con\u00e7us pour r\u00e9sister \u00e0 une utilisation continue dans les environnements de voyage tr\u00e8s fr\u00e9quent\u00e9s, tout en restant faciles \u00e0 nettoyer et \u00e0 d\u00e9sinfecter. Chaque bac est con\u00e7u pour une taille uniforme, garantissant ainsi sa compatibilit\u00e9 avec les postes de contr\u00f4le manuels et les files de contr\u00f4le automatis\u00e9es avanc\u00e9es.<\/p>\n<p>En commandant directement aupr\u00e8s du fabricant, les acheteurs B2B b\u00e9n\u00e9ficient de prix de gros comp\u00e9titifs, de cha\u00eenes d&#039;approvisionnement fiables et d&#039;options personnalisables adapt\u00e9es \u00e0 leurs besoins op\u00e9rationnels sp\u00e9cifiques. Que vous ayez besoin de commandes importantes pour les a\u00e9roports internationaux ou de solutions sur mesure pour les plateformes r\u00e9gionales, nous proposons des produits garantissant un contr\u00f4le des passagers fluide, s\u00e9curis\u00e9 et efficace.<\/p>","protected":false},"excerpt":{"rendered":"<p>As a leading airport security tray manufacturer, we specialize in producing durable, TSA-compliant bins designed for high-volume checkpoint operations. Our&hellip;<\/p>","protected":false},"featured_media":7740,"template":"","meta":{"_acf_changed":false},"product_brand":[],"product_cat":[144],"product_tag":[154],"class_list":{"0":"post-7746","1":"product","2":"type-product","3":"status-publish","4":"has-post-thumbnail","6":"product_cat-plastic-trays-wholesale","7":"product_tag-tsa-bins","9":"first","10":"instock","11":"shipping-taxable","12":"product-type-simple"},"acf":[],"yoast_head":"<!-- This site is optimized with the Yoast SEO plugin v26.1.1 - https:\/\/yoast.com\/wordpress\/plugins\/seo\/ -->\n<title>Airport security tray manufacturer - plastic-crates.com<\/title>\n<meta name=\"robots\" content=\"index, follow, max-snippet:-1, max-image-preview:large, max-video-preview:-1\" \/>\n<link rel=\"canonical\" href=\"https:\/\/www.plastic-crates.com\/fr\/product\/fabricant-de-plateaux-de-securite-pour-aeroports\/\" \/>\n<meta property=\"og:locale\" content=\"fr_FR\" \/>\n<meta property=\"og:type\" content=\"article\" \/>\n<meta property=\"og:title\" content=\"Airport security tray manufacturer - plastic-crates.com\" \/>\n<meta property=\"og:description\" content=\"As a leading airport security tray manufacturer, we specialize in producing durable, TSA-compliant bins designed for high-volume checkpoint operations. Our&hellip;\" \/>\n<meta property=\"og:url\" content=\"https:\/\/www.plastic-crates.com\/fr\/product\/fabricant-de-plateaux-de-securite-pour-aeroports\/\" \/>\n<meta property=\"og:site_name\" content=\"plastic-crates.com\" \/>\n<meta property=\"article:modified_time\" content=\"2025-09-18T20:53:16+00:00\" \/>\n<meta property=\"og:image\" content=\"https:\/\/www.plastic-crates.com\/wp-content\/uploads\/2025\/09\/airport-security-tray-manufacturer-1.jpg\" \/>\n\t<meta property=\"og:image:width\" content=\"2000\" \/>\n\t<meta property=\"og:image:height\" content=\"2000\" \/>\n\t<meta property=\"og:image:type\" content=\"image\/jpeg\" \/>\n<meta name=\"twitter:card\" content=\"summary_large_image\" \/>\n<meta name=\"twitter:label1\" content=\"Dur\u00e9e de lecture estim\u00e9e\" \/>\n\t<meta name=\"twitter:data1\" content=\"1 minute\" \/>\n<script type=\"application\/ld+json\" class=\"yoast-schema-graph\">{\"@context\":\"https:\/\/schema.org\",\"@graph\":[{\"@type\":\"WebPage\",\"@id\":\"https:\/\/www.plastic-crates.com\/product\/airport-security-tray-manufacturer\/\",\"url\":\"https:\/\/www.plastic-crates.com\/product\/airport-security-tray-manufacturer\/\",\"name\":\"Airport security tray manufacturer - plastic-crates.com\",\"isPartOf\":{\"@id\":\"https:\/\/www.plastic-crates.com\/#website\"},\"primaryImageOfPage\":{\"@id\":\"https:\/\/www.plastic-crates.com\/product\/airport-security-tray-manufacturer\/#primaryimage\"},\"image\":{\"@id\":\"https:\/\/www.plastic-crates.com\/product\/airport-security-tray-manufacturer\/#primaryimage\"},\"thumbnailUrl\":\"https:\/\/www.plastic-crates.com\/wp-content\/uploads\/2025\/09\/airport-security-tray-manufacturer-1.jpg\",\"datePublished\":\"2025-09-18T20:34:25+00:00\",\"dateModified\":\"2025-09-18T20:53:16+00:00\",\"breadcrumb\":{\"@id\":\"https:\/\/www.plastic-crates.com\/product\/airport-security-tray-manufacturer\/#breadcrumb\"},\"inLanguage\":\"fr-FR\",\"potentialAction\":[{\"@type\":\"ReadAction\",\"target\":[\"https:\/\/www.plastic-crates.com\/product\/airport-security-tray-manufacturer\/\"]}]},{\"@type\":\"ImageObject\",\"inLanguage\":\"fr-FR\",\"@id\":\"https:\/\/www.plastic-crates.com\/product\/airport-security-tray-manufacturer\/#primaryimage\",\"url\":\"https:\/\/www.plastic-crates.com\/wp-content\/uploads\/2025\/09\/airport-security-tray-manufacturer-1.jpg\",\"contentUrl\":\"https:\/\/www.plastic-crates.com\/wp-content\/uploads\/2025\/09\/airport-security-tray-manufacturer-1.jpg\",\"width\":2000,\"height\":2000,\"caption\":\"airport security tray manufacturer\"},{\"@type\":\"BreadcrumbList\",\"@id\":\"https:\/\/www.plastic-crates.com\/product\/airport-security-tray-manufacturer\/#breadcrumb\",\"itemListElement\":[{\"@type\":\"ListItem\",\"position\":1,\"name\":\"Home\",\"item\":\"https:\/\/www.plastic-crates.com\/\"},{\"@type\":\"ListItem\",\"position\":2,\"name\":\"Products\",\"item\":\"https:\/\/www.plastic-crates.com\/shop\/\"},{\"@type\":\"ListItem\",\"position\":3,\"name\":\"Airport security tray manufacturer\"}]},{\"@type\":\"WebSite\",\"@id\":\"https:\/\/www.plastic-crates.com\/#website\",\"url\":\"https:\/\/www.plastic-crates.com\/\",\"name\":\"plastic-crates.com\",\"description\":\"Leading plastic crates manufacturer in China\",\"potentialAction\":[{\"@type\":\"SearchAction\",\"target\":{\"@type\":\"EntryPoint\",\"urlTemplate\":\"https:\/\/www.plastic-crates.com\/?s={search_term_string}\"},\"query-input\":{\"@type\":\"PropertyValueSpecification\",\"valueRequired\":true,\"valueName\":\"search_term_string\"}}],\"inLanguage\":\"fr-FR\"}]}<\/script>\n<!-- \/ Yoast SEO plugin. -->","yoast_head_json":{"title":"Fabricant de plateaux de s\u00e9curit\u00e9 pour a\u00e9roports - plastic-crates.com","robots":{"index":"index","follow":"follow","max-snippet":"max-snippet:-1","max-image-preview":"max-image-preview:large","max-video-preview":"max-video-preview:-1"},"canonical":"https:\/\/www.plastic-crates.com\/fr\/product\/fabricant-de-plateaux-de-securite-pour-aeroports\/","og_locale":"fr_FR","og_type":"article","og_title":"Airport security tray manufacturer - plastic-crates.com","og_description":"As a leading airport security tray manufacturer, we specialize in producing durable, TSA-compliant bins designed for high-volume checkpoint operations. Our&hellip;","og_url":"https:\/\/www.plastic-crates.com\/fr\/product\/fabricant-de-plateaux-de-securite-pour-aeroports\/","og_site_name":"plastic-crates.com","article_modified_time":"2025-09-18T20:53:16+00:00","og_image":[{"width":2000,"height":2000,"url":"https:\/\/www.plastic-crates.com\/wp-content\/uploads\/2025\/09\/airport-security-tray-manufacturer-1.jpg","type":"image\/jpeg"}],"twitter_card":"summary_large_image","twitter_misc":{"Dur\u00e9e de lecture estim\u00e9e":"1 minute"},"schema":{"@context":"https:\/\/schema.org","@graph":[{"@type":"WebPage","@id":"https:\/\/www.plastic-crates.com\/product\/airport-security-tray-manufacturer\/","url":"https:\/\/www.plastic-crates.com\/product\/airport-security-tray-manufacturer\/","name":"Fabricant de plateaux de s\u00e9curit\u00e9 pour a\u00e9roports - plastic-crates.com","isPartOf":{"@id":"https:\/\/www.plastic-crates.com\/#website"},"primaryImageOfPage":{"@id":"https:\/\/www.plastic-crates.com\/product\/airport-security-tray-manufacturer\/#primaryimage"},"image":{"@id":"https:\/\/www.plastic-crates.com\/product\/airport-security-tray-manufacturer\/#primaryimage"},"thumbnailUrl":"https:\/\/www.plastic-crates.com\/wp-content\/uploads\/2025\/09\/airport-security-tray-manufacturer-1.jpg","datePublished":"2025-09-18T20:34:25+00:00","dateModified":"2025-09-18T20:53:16+00:00","breadcrumb":{"@id":"https:\/\/www.plastic-crates.com\/product\/airport-security-tray-manufacturer\/#breadcrumb"},"inLanguage":"fr-FR","potentialAction":[{"@type":"ReadAction","target":["https:\/\/www.plastic-crates.com\/product\/airport-security-tray-manufacturer\/"]}]},{"@type":"ImageObject","inLanguage":"fr-FR","@id":"https:\/\/www.plastic-crates.com\/product\/airport-security-tray-manufacturer\/#primaryimage","url":"https:\/\/www.plastic-crates.com\/wp-content\/uploads\/2025\/09\/airport-security-tray-manufacturer-1.jpg","contentUrl":"https:\/\/www.plastic-crates.com\/wp-content\/uploads\/2025\/09\/airport-security-tray-manufacturer-1.jpg","width":2000,"height":2000,"caption":"airport security tray manufacturer"},{"@type":"BreadcrumbList","@id":"https:\/\/www.plastic-crates.com\/product\/airport-security-tray-manufacturer\/#breadcrumb","itemListElement":[{"@type":"ListItem","position":1,"name":"Home","item":"https:\/\/www.plastic-crates.com\/"},{"@type":"ListItem","position":2,"name":"Products","item":"https:\/\/www.plastic-crates.com\/shop\/"},{"@type":"ListItem","position":3,"name":"Airport security tray manufacturer"}]},{"@type":"WebSite","@id":"https:\/\/www.plastic-crates.com\/#website","url":"https:\/\/www.plastic-crates.com\/","name":"plastic-crates.com","description":"Fabricant leader de caisses en plastique en Chine","potentialAction":[{"@type":"SearchAction","target":{"@type":"EntryPoint","urlTemplate":"https:\/\/www.plastic-crates.com\/?s={search_term_string}"},"query-input":{"@type":"PropertyValueSpecification","valueRequired":true,"valueName":"search_term_string"}}],"inLanguage":"fr-FR"}]}},"_links":{"self":[{"href":"https:\/\/www.plastic-crates.com\/fr\/wp-json\/wp\/v2\/product\/7746","targetHints":{"allow":["GET"]}}],"collection":[{"href":"https:\/\/www.plastic-crates.com\/fr\/wp-json\/wp\/v2\/product"}],"about":[{"href":"https:\/\/www.plastic-crates.com\/fr\/wp-json\/wp\/v2\/types\/product"}],"wp:featuredmedia":[{"embeddable":true,"href":"https:\/\/www.plastic-crates.com\/fr\/wp-json\/wp\/v2\/media\/7740"}],"wp:attachment":[{"href":"https:\/\/www.plastic-crates.com\/fr\/wp-json\/wp\/v2\/media?parent=7746"}],"wp:term":[{"taxonomy":"product_brand","embeddable":true,"href":"https:\/\/www.plastic-crates.com\/fr\/wp-json\/wp\/v2\/product_brand?post=7746"},{"taxonomy":"product_cat","embeddable":true,"href":"https:\/\/www.plastic-crates.com\/fr\/wp-json\/wp\/v2\/product_cat?post=7746"},{"taxonomy":"product_tag","embeddable":true,"href":"https:\/\/www.plastic-crates.com\/fr\/wp-json\/wp\/v2\/product_tag?post=7746"}],"curies":[{"name":"wp","href":"https:\/\/api.w.org\/{rel}","templated":true}]}}