{"id":7752,"date":"2025-09-18T20:36:59","date_gmt":"2025-09-18T20:36:59","guid":{"rendered":"https:\/\/www.plastic-crates.com\/product\/airport-security-check-tray\/"},"modified":"2025-09-18T20:53:07","modified_gmt":"2025-09-18T20:53:07","slug":"plateau-de-controle-de-securite-de-laeroport","status":"publish","type":"product","link":"https:\/\/www.plastic-crates.com\/fr\/product\/plateau-de-controle-de-securite-de-laeroport\/","title":{"rendered":"Plateau de contr\u00f4le de s\u00e9curit\u00e9 de l&#039;a\u00e9roport"},"content":{"rendered":"<p>Les bacs de contr\u00f4le de s\u00e9curit\u00e9 des a\u00e9roports, souvent appel\u00e9s bacs TSA, sont un \u00e9l\u00e9ment essentiel du contr\u00f4le des passagers aux points de contr\u00f4le des a\u00e9roports. Con\u00e7us pour contenir des effets personnels tels que des ordinateurs portables, des chaussures, des ceintures et de petits bagages \u00e0 main, ces bacs garantissent un passage s\u00fbr et efficace des effets personnels aux scanners \u00e0 rayons X.<\/p>\n<p>Pour les a\u00e9roports, les autorit\u00e9s a\u00e9ronautiques et les prestataires de s\u00e9curit\u00e9, l&#039;approvisionnement en gros de plateaux de contr\u00f4le de s\u00e9curit\u00e9 a\u00e9roportuaire offre une valeur ajout\u00e9e et une fiabilit\u00e9 \u00e0 long terme. Fabriqu\u00e9s en plastique durable et r\u00e9sistant aux chocs, ces plateaux r\u00e9sistent \u00e0 une utilisation continue dans des environnements \u00e0 forte fr\u00e9quentation. Leurs surfaces lisses et non poreuses permettent un nettoyage et une d\u00e9sinfection rapides et efficaces, r\u00e9pondant ainsi aux normes d&#039;hygi\u00e8ne strictes des zones de contr\u00f4le des passagers.<\/p>\n<p>De taille et de conception homog\u00e8nes, les plateaux de contr\u00f4le de s\u00e9curit\u00e9 a\u00e9roportuaires s&#039;int\u00e8grent parfaitement aux syst\u00e8mes de contr\u00f4le traditionnels et automatis\u00e9s, contribuant ainsi \u00e0 r\u00e9duire les retards et \u00e0 optimiser les op\u00e9rations aux points de contr\u00f4le. L&#039;approvisionnement en gros directement aupr\u00e8s de fournisseurs ou de fabricants de confiance garantit des \u00e9conomies, une disponibilit\u00e9 constante et un \u00e9quipement standardis\u00e9 pour tous les couloirs de contr\u00f4le.<\/p>\n<p>Qu&#039;il s&#039;agisse d&#039;a\u00e9roports internationaux, de plateformes r\u00e9gionales ou d&#039;installations de s\u00e9curit\u00e9 gouvernementales, les plateaux de contr\u00f4le de s\u00e9curit\u00e9 a\u00e9roportuaires sont une solution indispensable pour un contr\u00f4le des passagers s\u00fbr, conforme et efficace.<\/p>","protected":false},"excerpt":{"rendered":"<p>Airport security check trays, often referred to as TSA bins, are a vital component of passenger screening at airport checkpoints.&hellip;<\/p>","protected":false},"featured_media":7747,"template":"","meta":{"_acf_changed":false},"product_brand":[],"product_cat":[144],"product_tag":[154],"class_list":{"0":"post-7752","1":"product","2":"type-product","3":"status-publish","4":"has-post-thumbnail","6":"product_cat-plastic-trays-wholesale","7":"product_tag-tsa-bins","9":"first","10":"instock","11":"shipping-taxable","12":"product-type-simple"},"acf":[],"yoast_head":"<!-- This site is optimized with the Yoast SEO plugin v26.1.1 - https:\/\/yoast.com\/wordpress\/plugins\/seo\/ -->\n<title>Airport security check tray - plastic-crates.com<\/title>\n<meta name=\"robots\" content=\"index, follow, max-snippet:-1, max-image-preview:large, max-video-preview:-1\" \/>\n<link rel=\"canonical\" href=\"https:\/\/www.plastic-crates.com\/fr\/product\/plateau-de-controle-de-securite-de-laeroport\/\" \/>\n<meta property=\"og:locale\" content=\"fr_FR\" \/>\n<meta property=\"og:type\" content=\"article\" \/>\n<meta property=\"og:title\" content=\"Airport security check tray - plastic-crates.com\" \/>\n<meta property=\"og:description\" content=\"Airport security check trays, often referred to as TSA bins, are a vital component of passenger screening at airport checkpoints.&hellip;\" \/>\n<meta property=\"og:url\" content=\"https:\/\/www.plastic-crates.com\/fr\/product\/plateau-de-controle-de-securite-de-laeroport\/\" \/>\n<meta property=\"og:site_name\" content=\"plastic-crates.com\" \/>\n<meta property=\"article:modified_time\" content=\"2025-09-18T20:53:07+00:00\" \/>\n<meta property=\"og:image\" content=\"https:\/\/www.plastic-crates.com\/wp-content\/uploads\/2025\/09\/airport-security-check-tray-1.jpg\" \/>\n\t<meta property=\"og:image:width\" content=\"2000\" \/>\n\t<meta property=\"og:image:height\" content=\"2000\" \/>\n\t<meta property=\"og:image:type\" content=\"image\/jpeg\" \/>\n<meta name=\"twitter:card\" content=\"summary_large_image\" \/>\n<meta name=\"twitter:label1\" content=\"Dur\u00e9e de lecture estim\u00e9e\" \/>\n\t<meta name=\"twitter:data1\" content=\"1 minute\" \/>\n<script type=\"application\/ld+json\" class=\"yoast-schema-graph\">{\"@context\":\"https:\/\/schema.org\",\"@graph\":[{\"@type\":\"WebPage\",\"@id\":\"https:\/\/www.plastic-crates.com\/product\/airport-security-check-tray\/\",\"url\":\"https:\/\/www.plastic-crates.com\/product\/airport-security-check-tray\/\",\"name\":\"Airport security check tray - plastic-crates.com\",\"isPartOf\":{\"@id\":\"https:\/\/www.plastic-crates.com\/#website\"},\"primaryImageOfPage\":{\"@id\":\"https:\/\/www.plastic-crates.com\/product\/airport-security-check-tray\/#primaryimage\"},\"image\":{\"@id\":\"https:\/\/www.plastic-crates.com\/product\/airport-security-check-tray\/#primaryimage\"},\"thumbnailUrl\":\"https:\/\/www.plastic-crates.com\/wp-content\/uploads\/2025\/09\/airport-security-check-tray-1.jpg\",\"datePublished\":\"2025-09-18T20:36:59+00:00\",\"dateModified\":\"2025-09-18T20:53:07+00:00\",\"breadcrumb\":{\"@id\":\"https:\/\/www.plastic-crates.com\/product\/airport-security-check-tray\/#breadcrumb\"},\"inLanguage\":\"fr-FR\",\"potentialAction\":[{\"@type\":\"ReadAction\",\"target\":[\"https:\/\/www.plastic-crates.com\/product\/airport-security-check-tray\/\"]}]},{\"@type\":\"ImageObject\",\"inLanguage\":\"fr-FR\",\"@id\":\"https:\/\/www.plastic-crates.com\/product\/airport-security-check-tray\/#primaryimage\",\"url\":\"https:\/\/www.plastic-crates.com\/wp-content\/uploads\/2025\/09\/airport-security-check-tray-1.jpg\",\"contentUrl\":\"https:\/\/www.plastic-crates.com\/wp-content\/uploads\/2025\/09\/airport-security-check-tray-1.jpg\",\"width\":2000,\"height\":2000,\"caption\":\"airport security check tray\"},{\"@type\":\"BreadcrumbList\",\"@id\":\"https:\/\/www.plastic-crates.com\/product\/airport-security-check-tray\/#breadcrumb\",\"itemListElement\":[{\"@type\":\"ListItem\",\"position\":1,\"name\":\"Home\",\"item\":\"https:\/\/www.plastic-crates.com\/\"},{\"@type\":\"ListItem\",\"position\":2,\"name\":\"Products\",\"item\":\"https:\/\/www.plastic-crates.com\/shop\/\"},{\"@type\":\"ListItem\",\"position\":3,\"name\":\"Airport security check tray\"}]},{\"@type\":\"WebSite\",\"@id\":\"https:\/\/www.plastic-crates.com\/#website\",\"url\":\"https:\/\/www.plastic-crates.com\/\",\"name\":\"plastic-crates.com\",\"description\":\"Leading plastic crates manufacturer in China\",\"potentialAction\":[{\"@type\":\"SearchAction\",\"target\":{\"@type\":\"EntryPoint\",\"urlTemplate\":\"https:\/\/www.plastic-crates.com\/?s={search_term_string}\"},\"query-input\":{\"@type\":\"PropertyValueSpecification\",\"valueRequired\":true,\"valueName\":\"search_term_string\"}}],\"inLanguage\":\"fr-FR\"}]}<\/script>\n<!-- \/ Yoast SEO plugin. -->","yoast_head_json":{"title":"Plateau de contr\u00f4le de s\u00e9curit\u00e9 pour l&#039;a\u00e9roport - plastic-crates.com","robots":{"index":"index","follow":"follow","max-snippet":"max-snippet:-1","max-image-preview":"max-image-preview:large","max-video-preview":"max-video-preview:-1"},"canonical":"https:\/\/www.plastic-crates.com\/fr\/product\/plateau-de-controle-de-securite-de-laeroport\/","og_locale":"fr_FR","og_type":"article","og_title":"Airport security check tray - plastic-crates.com","og_description":"Airport security check trays, often referred to as TSA bins, are a vital component of passenger screening at airport checkpoints.&hellip;","og_url":"https:\/\/www.plastic-crates.com\/fr\/product\/plateau-de-controle-de-securite-de-laeroport\/","og_site_name":"plastic-crates.com","article_modified_time":"2025-09-18T20:53:07+00:00","og_image":[{"width":2000,"height":2000,"url":"https:\/\/www.plastic-crates.com\/wp-content\/uploads\/2025\/09\/airport-security-check-tray-1.jpg","type":"image\/jpeg"}],"twitter_card":"summary_large_image","twitter_misc":{"Dur\u00e9e de lecture estim\u00e9e":"1 minute"},"schema":{"@context":"https:\/\/schema.org","@graph":[{"@type":"WebPage","@id":"https:\/\/www.plastic-crates.com\/product\/airport-security-check-tray\/","url":"https:\/\/www.plastic-crates.com\/product\/airport-security-check-tray\/","name":"Plateau de contr\u00f4le de s\u00e9curit\u00e9 pour l&#039;a\u00e9roport - plastic-crates.com","isPartOf":{"@id":"https:\/\/www.plastic-crates.com\/#website"},"primaryImageOfPage":{"@id":"https:\/\/www.plastic-crates.com\/product\/airport-security-check-tray\/#primaryimage"},"image":{"@id":"https:\/\/www.plastic-crates.com\/product\/airport-security-check-tray\/#primaryimage"},"thumbnailUrl":"https:\/\/www.plastic-crates.com\/wp-content\/uploads\/2025\/09\/airport-security-check-tray-1.jpg","datePublished":"2025-09-18T20:36:59+00:00","dateModified":"2025-09-18T20:53:07+00:00","breadcrumb":{"@id":"https:\/\/www.plastic-crates.com\/product\/airport-security-check-tray\/#breadcrumb"},"inLanguage":"fr-FR","potentialAction":[{"@type":"ReadAction","target":["https:\/\/www.plastic-crates.com\/product\/airport-security-check-tray\/"]}]},{"@type":"ImageObject","inLanguage":"fr-FR","@id":"https:\/\/www.plastic-crates.com\/product\/airport-security-check-tray\/#primaryimage","url":"https:\/\/www.plastic-crates.com\/wp-content\/uploads\/2025\/09\/airport-security-check-tray-1.jpg","contentUrl":"https:\/\/www.plastic-crates.com\/wp-content\/uploads\/2025\/09\/airport-security-check-tray-1.jpg","width":2000,"height":2000,"caption":"airport security check tray"},{"@type":"BreadcrumbList","@id":"https:\/\/www.plastic-crates.com\/product\/airport-security-check-tray\/#breadcrumb","itemListElement":[{"@type":"ListItem","position":1,"name":"Home","item":"https:\/\/www.plastic-crates.com\/"},{"@type":"ListItem","position":2,"name":"Products","item":"https:\/\/www.plastic-crates.com\/shop\/"},{"@type":"ListItem","position":3,"name":"Airport security check tray"}]},{"@type":"WebSite","@id":"https:\/\/www.plastic-crates.com\/#website","url":"https:\/\/www.plastic-crates.com\/","name":"plastic-crates.com","description":"Fabricant leader de caisses en plastique en Chine","potentialAction":[{"@type":"SearchAction","target":{"@type":"EntryPoint","urlTemplate":"https:\/\/www.plastic-crates.com\/?s={search_term_string}"},"query-input":{"@type":"PropertyValueSpecification","valueRequired":true,"valueName":"search_term_string"}}],"inLanguage":"fr-FR"}]}},"_links":{"self":[{"href":"https:\/\/www.plastic-crates.com\/fr\/wp-json\/wp\/v2\/product\/7752","targetHints":{"allow":["GET"]}}],"collection":[{"href":"https:\/\/www.plastic-crates.com\/fr\/wp-json\/wp\/v2\/product"}],"about":[{"href":"https:\/\/www.plastic-crates.com\/fr\/wp-json\/wp\/v2\/types\/product"}],"wp:featuredmedia":[{"embeddable":true,"href":"https:\/\/www.plastic-crates.com\/fr\/wp-json\/wp\/v2\/media\/7747"}],"wp:attachment":[{"href":"https:\/\/www.plastic-crates.com\/fr\/wp-json\/wp\/v2\/media?parent=7752"}],"wp:term":[{"taxonomy":"product_brand","embeddable":true,"href":"https:\/\/www.plastic-crates.com\/fr\/wp-json\/wp\/v2\/product_brand?post=7752"},{"taxonomy":"product_cat","embeddable":true,"href":"https:\/\/www.plastic-crates.com\/fr\/wp-json\/wp\/v2\/product_cat?post=7752"},{"taxonomy":"product_tag","embeddable":true,"href":"https:\/\/www.plastic-crates.com\/fr\/wp-json\/wp\/v2\/product_tag?post=7752"}],"curies":[{"name":"wp","href":"https:\/\/api.w.org\/{rel}","templated":true}]}}