{"id":7758,"date":"2025-09-18T20:40:39","date_gmt":"2025-09-18T20:40:39","guid":{"rendered":"https:\/\/www.plastic-crates.com\/product\/airport-bins-airport-security-bins\/"},"modified":"2025-09-18T20:52:53","modified_gmt":"2025-09-18T20:52:53","slug":"poubelles-daeroport-poubelles-de-securite-daeroport","status":"publish","type":"product","link":"https:\/\/www.plastic-crates.com\/fr\/product\/poubelles-daeroport-poubelles-de-securite-daeroport\/","title":{"rendered":"Poubelles d&#039;a\u00e9roport, poubelles de s\u00e9curit\u00e9 d&#039;a\u00e9roport"},"content":{"rendered":"<p>Les bacs de s\u00e9curit\u00e9 des a\u00e9roports, \u00e9galement appel\u00e9s plateaux TSA, sont essentiels aux op\u00e9rations de contr\u00f4le des passagers aux points de contr\u00f4le du monde entier. Ces bacs sont con\u00e7us pour contenir en toute s\u00e9curit\u00e9 les effets personnels (ordinateurs portables, appareils \u00e9lectroniques, chaussures, ceintures et bagages \u00e0 main) lors du passage aux scanners \u00e0 rayons X. En standardisant le processus, les bacs de s\u00e9curit\u00e9 des a\u00e9roports contribuent \u00e0 garantir une exp\u00e9rience de contr\u00f4le fluide, s\u00fbre et efficace pour les voyageurs comme pour le personnel.<\/p>\n<p>Fabriqu\u00e9s en plastique robuste et r\u00e9sistant aux chocs, les bacs de s\u00e9curit\u00e9 a\u00e9roportuaires sont con\u00e7us pour r\u00e9sister aux exigences rigoureuses d&#039;une utilisation constante dans les a\u00e9roports et les plateformes de transport \u00e0 fort trafic. Leurs surfaces non poreuses et faciles \u00e0 nettoyer permettent une d\u00e9sinfection rapide, garantissant ainsi le respect des normes d&#039;hygi\u00e8ne et de conformit\u00e9. De dimensions uniformes, ces bacs s&#039;int\u00e8grent parfaitement aux contr\u00f4les manuels traditionnels et aux syst\u00e8mes de s\u00e9curit\u00e9 automatis\u00e9s.<\/p>\n<p>Pour les a\u00e9roports, les autorit\u00e9s a\u00e9ronautiques et les prestataires de s\u00e9curit\u00e9, commander des bacs de s\u00e9curit\u00e9 en gros garantit un approvisionnement fiable, une rentabilit\u00e9 optimale et une standardisation sur tous les couloirs de s\u00e9curit\u00e9. S&#039;associer \u00e0 des fabricants ou fournisseurs de confiance garantit \u00e9galement l&#039;acc\u00e8s \u00e0 des prix de gros, des options de personnalisation et un support op\u00e9rationnel \u00e0 long terme.<\/p>","protected":false},"excerpt":{"rendered":"<p>Airport security bins, also known as TSA trays, are a critical part of passenger screening operations at checkpoints worldwide. These&hellip;<\/p>","protected":false},"featured_media":7753,"template":"","meta":{"_acf_changed":false},"product_brand":[],"product_cat":[144],"product_tag":[154],"class_list":{"0":"post-7758","1":"product","2":"type-product","3":"status-publish","4":"has-post-thumbnail","6":"product_cat-plastic-trays-wholesale","7":"product_tag-tsa-bins","9":"first","10":"instock","11":"shipping-taxable","12":"product-type-simple"},"acf":[],"yoast_head":"<!-- This site is optimized with the Yoast SEO plugin v26.1.1 - https:\/\/yoast.com\/wordpress\/plugins\/seo\/ -->\n<title>Airport bins, airport security bins - plastic-crates.com<\/title>\n<meta name=\"robots\" content=\"index, follow, max-snippet:-1, max-image-preview:large, max-video-preview:-1\" \/>\n<link rel=\"canonical\" href=\"https:\/\/www.plastic-crates.com\/fr\/product\/poubelles-daeroport-poubelles-de-securite-daeroport\/\" \/>\n<meta property=\"og:locale\" content=\"fr_FR\" \/>\n<meta property=\"og:type\" content=\"article\" \/>\n<meta property=\"og:title\" content=\"Airport bins, airport security bins - plastic-crates.com\" \/>\n<meta property=\"og:description\" content=\"Airport security bins, also known as TSA trays, are a critical part of passenger screening operations at checkpoints worldwide. These&hellip;\" \/>\n<meta property=\"og:url\" content=\"https:\/\/www.plastic-crates.com\/fr\/product\/poubelles-daeroport-poubelles-de-securite-daeroport\/\" \/>\n<meta property=\"og:site_name\" content=\"plastic-crates.com\" \/>\n<meta property=\"article:modified_time\" content=\"2025-09-18T20:52:53+00:00\" \/>\n<meta property=\"og:image\" content=\"https:\/\/www.plastic-crates.com\/wp-content\/uploads\/2025\/09\/airport-bins-airport-security-bins-1.jpg\" \/>\n\t<meta property=\"og:image:width\" content=\"2000\" \/>\n\t<meta property=\"og:image:height\" content=\"2000\" \/>\n\t<meta property=\"og:image:type\" content=\"image\/jpeg\" \/>\n<meta name=\"twitter:card\" content=\"summary_large_image\" \/>\n<meta name=\"twitter:label1\" content=\"Dur\u00e9e de lecture estim\u00e9e\" \/>\n\t<meta name=\"twitter:data1\" content=\"1 minute\" \/>\n<script type=\"application\/ld+json\" class=\"yoast-schema-graph\">{\"@context\":\"https:\/\/schema.org\",\"@graph\":[{\"@type\":\"WebPage\",\"@id\":\"https:\/\/www.plastic-crates.com\/product\/airport-bins-airport-security-bins\/\",\"url\":\"https:\/\/www.plastic-crates.com\/product\/airport-bins-airport-security-bins\/\",\"name\":\"Airport bins, airport security bins - plastic-crates.com\",\"isPartOf\":{\"@id\":\"https:\/\/www.plastic-crates.com\/#website\"},\"primaryImageOfPage\":{\"@id\":\"https:\/\/www.plastic-crates.com\/product\/airport-bins-airport-security-bins\/#primaryimage\"},\"image\":{\"@id\":\"https:\/\/www.plastic-crates.com\/product\/airport-bins-airport-security-bins\/#primaryimage\"},\"thumbnailUrl\":\"https:\/\/www.plastic-crates.com\/wp-content\/uploads\/2025\/09\/airport-bins-airport-security-bins-1.jpg\",\"datePublished\":\"2025-09-18T20:40:39+00:00\",\"dateModified\":\"2025-09-18T20:52:53+00:00\",\"breadcrumb\":{\"@id\":\"https:\/\/www.plastic-crates.com\/product\/airport-bins-airport-security-bins\/#breadcrumb\"},\"inLanguage\":\"fr-FR\",\"potentialAction\":[{\"@type\":\"ReadAction\",\"target\":[\"https:\/\/www.plastic-crates.com\/product\/airport-bins-airport-security-bins\/\"]}]},{\"@type\":\"ImageObject\",\"inLanguage\":\"fr-FR\",\"@id\":\"https:\/\/www.plastic-crates.com\/product\/airport-bins-airport-security-bins\/#primaryimage\",\"url\":\"https:\/\/www.plastic-crates.com\/wp-content\/uploads\/2025\/09\/airport-bins-airport-security-bins-1.jpg\",\"contentUrl\":\"https:\/\/www.plastic-crates.com\/wp-content\/uploads\/2025\/09\/airport-bins-airport-security-bins-1.jpg\",\"width\":2000,\"height\":2000,\"caption\":\"airport security bins\"},{\"@type\":\"BreadcrumbList\",\"@id\":\"https:\/\/www.plastic-crates.com\/product\/airport-bins-airport-security-bins\/#breadcrumb\",\"itemListElement\":[{\"@type\":\"ListItem\",\"position\":1,\"name\":\"Home\",\"item\":\"https:\/\/www.plastic-crates.com\/\"},{\"@type\":\"ListItem\",\"position\":2,\"name\":\"Products\",\"item\":\"https:\/\/www.plastic-crates.com\/shop\/\"},{\"@type\":\"ListItem\",\"position\":3,\"name\":\"Airport bins, airport security bins\"}]},{\"@type\":\"WebSite\",\"@id\":\"https:\/\/www.plastic-crates.com\/#website\",\"url\":\"https:\/\/www.plastic-crates.com\/\",\"name\":\"plastic-crates.com\",\"description\":\"Leading plastic crates manufacturer in China\",\"potentialAction\":[{\"@type\":\"SearchAction\",\"target\":{\"@type\":\"EntryPoint\",\"urlTemplate\":\"https:\/\/www.plastic-crates.com\/?s={search_term_string}\"},\"query-input\":{\"@type\":\"PropertyValueSpecification\",\"valueRequired\":true,\"valueName\":\"search_term_string\"}}],\"inLanguage\":\"fr-FR\"}]}<\/script>\n<!-- \/ Yoast SEO plugin. -->","yoast_head_json":{"title":"Poubelles d&#039;a\u00e9roport, conteneurs de s\u00e9curit\u00e9 - plastic-crates.com","robots":{"index":"index","follow":"follow","max-snippet":"max-snippet:-1","max-image-preview":"max-image-preview:large","max-video-preview":"max-video-preview:-1"},"canonical":"https:\/\/www.plastic-crates.com\/fr\/product\/poubelles-daeroport-poubelles-de-securite-daeroport\/","og_locale":"fr_FR","og_type":"article","og_title":"Airport bins, airport security bins - plastic-crates.com","og_description":"Airport security bins, also known as TSA trays, are a critical part of passenger screening operations at checkpoints worldwide. These&hellip;","og_url":"https:\/\/www.plastic-crates.com\/fr\/product\/poubelles-daeroport-poubelles-de-securite-daeroport\/","og_site_name":"plastic-crates.com","article_modified_time":"2025-09-18T20:52:53+00:00","og_image":[{"width":2000,"height":2000,"url":"https:\/\/www.plastic-crates.com\/wp-content\/uploads\/2025\/09\/airport-bins-airport-security-bins-1.jpg","type":"image\/jpeg"}],"twitter_card":"summary_large_image","twitter_misc":{"Dur\u00e9e de lecture estim\u00e9e":"1 minute"},"schema":{"@context":"https:\/\/schema.org","@graph":[{"@type":"WebPage","@id":"https:\/\/www.plastic-crates.com\/product\/airport-bins-airport-security-bins\/","url":"https:\/\/www.plastic-crates.com\/product\/airport-bins-airport-security-bins\/","name":"Poubelles d&#039;a\u00e9roport, conteneurs de s\u00e9curit\u00e9 - plastic-crates.com","isPartOf":{"@id":"https:\/\/www.plastic-crates.com\/#website"},"primaryImageOfPage":{"@id":"https:\/\/www.plastic-crates.com\/product\/airport-bins-airport-security-bins\/#primaryimage"},"image":{"@id":"https:\/\/www.plastic-crates.com\/product\/airport-bins-airport-security-bins\/#primaryimage"},"thumbnailUrl":"https:\/\/www.plastic-crates.com\/wp-content\/uploads\/2025\/09\/airport-bins-airport-security-bins-1.jpg","datePublished":"2025-09-18T20:40:39+00:00","dateModified":"2025-09-18T20:52:53+00:00","breadcrumb":{"@id":"https:\/\/www.plastic-crates.com\/product\/airport-bins-airport-security-bins\/#breadcrumb"},"inLanguage":"fr-FR","potentialAction":[{"@type":"ReadAction","target":["https:\/\/www.plastic-crates.com\/product\/airport-bins-airport-security-bins\/"]}]},{"@type":"ImageObject","inLanguage":"fr-FR","@id":"https:\/\/www.plastic-crates.com\/product\/airport-bins-airport-security-bins\/#primaryimage","url":"https:\/\/www.plastic-crates.com\/wp-content\/uploads\/2025\/09\/airport-bins-airport-security-bins-1.jpg","contentUrl":"https:\/\/www.plastic-crates.com\/wp-content\/uploads\/2025\/09\/airport-bins-airport-security-bins-1.jpg","width":2000,"height":2000,"caption":"airport security bins"},{"@type":"BreadcrumbList","@id":"https:\/\/www.plastic-crates.com\/product\/airport-bins-airport-security-bins\/#breadcrumb","itemListElement":[{"@type":"ListItem","position":1,"name":"Home","item":"https:\/\/www.plastic-crates.com\/"},{"@type":"ListItem","position":2,"name":"Products","item":"https:\/\/www.plastic-crates.com\/shop\/"},{"@type":"ListItem","position":3,"name":"Airport bins, airport security bins"}]},{"@type":"WebSite","@id":"https:\/\/www.plastic-crates.com\/#website","url":"https:\/\/www.plastic-crates.com\/","name":"plastic-crates.com","description":"Fabricant leader de caisses en plastique en Chine","potentialAction":[{"@type":"SearchAction","target":{"@type":"EntryPoint","urlTemplate":"https:\/\/www.plastic-crates.com\/?s={search_term_string}"},"query-input":{"@type":"PropertyValueSpecification","valueRequired":true,"valueName":"search_term_string"}}],"inLanguage":"fr-FR"}]}},"_links":{"self":[{"href":"https:\/\/www.plastic-crates.com\/fr\/wp-json\/wp\/v2\/product\/7758","targetHints":{"allow":["GET"]}}],"collection":[{"href":"https:\/\/www.plastic-crates.com\/fr\/wp-json\/wp\/v2\/product"}],"about":[{"href":"https:\/\/www.plastic-crates.com\/fr\/wp-json\/wp\/v2\/types\/product"}],"wp:featuredmedia":[{"embeddable":true,"href":"https:\/\/www.plastic-crates.com\/fr\/wp-json\/wp\/v2\/media\/7753"}],"wp:attachment":[{"href":"https:\/\/www.plastic-crates.com\/fr\/wp-json\/wp\/v2\/media?parent=7758"}],"wp:term":[{"taxonomy":"product_brand","embeddable":true,"href":"https:\/\/www.plastic-crates.com\/fr\/wp-json\/wp\/v2\/product_brand?post=7758"},{"taxonomy":"product_cat","embeddable":true,"href":"https:\/\/www.plastic-crates.com\/fr\/wp-json\/wp\/v2\/product_cat?post=7758"},{"taxonomy":"product_tag","embeddable":true,"href":"https:\/\/www.plastic-crates.com\/fr\/wp-json\/wp\/v2\/product_tag?post=7758"}],"curies":[{"name":"wp","href":"https:\/\/api.w.org\/{rel}","templated":true}]}}