{"id":7772,"date":"2025-09-18T20:50:24","date_gmt":"2025-09-18T20:50:24","guid":{"rendered":"https:\/\/www.plastic-crates.com\/product\/esd-airport-security-trays\/"},"modified":"2025-09-18T20:52:34","modified_gmt":"2025-09-18T20:52:34","slug":"plateaux-de-securite-aeroportuaires-esd","status":"publish","type":"product","link":"https:\/\/www.plastic-crates.com\/fr\/product\/plateaux-de-securite-aeroportuaires-esd\/","title":{"rendered":"Plateaux de s\u00e9curit\u00e9 ESD pour a\u00e9roports"},"content":{"rendered":"<p>Am\u00e9liorez votre exp\u00e9rience de s\u00e9curit\u00e9 a\u00e9roportuaire gr\u00e2ce \u00e0 nos plateaux de s\u00e9curit\u00e9 ESD haut de gamme, soigneusement con\u00e7us pour garantir efficacit\u00e9 et s\u00e9curit\u00e9 dans les environnements \u00e0 forte fr\u00e9quentation. Mesurant 840 mm x 550 mm x 250 mm, ces plateaux spacieux offrent un espace suffisant aux passagers pour d\u00e9poser leurs effets personnels pendant le contr\u00f4le de s\u00e9curit\u00e9.<\/p>\n<p>Caract\u00e9ristiques principales :<\/p>\n<p>Protection contre les d\u00e9charges \u00e9lectrostatiques (ESD) : Fabriqu\u00e9s \u00e0 partir de mat\u00e9riaux de haute qualit\u00e9 r\u00e9sistants aux d\u00e9charges \u00e9lectrostatiques, ces plateaux minimisent le risque de dommages caus\u00e9s par l&#039;\u00e9lectricit\u00e9 statique aux \u00e9l\u00e9ments \u00e9lectroniques sensibles tels que les ordinateurs portables, les tablettes et les appareils photo.<\/p>\n<p>Construction durable : Con\u00e7us pour r\u00e9sister aux rigueurs d&#039;une utilisation quotidienne, nos plateaux sont robustes et r\u00e9sistants \u00e0 l&#039;usure, garantissant long\u00e9vit\u00e9 et fiabilit\u00e9 dans les environnements a\u00e9roportuaires tr\u00e8s fr\u00e9quent\u00e9s.<\/p>\n<p>Conception ergonomique : la conception l\u00e9g\u00e8re et les poign\u00e9es confortables permettent aux passagers de transporter et de placer facilement les plateaux, am\u00e9liorant ainsi l&#039;efficacit\u00e9 globale aux points de contr\u00f4le de s\u00e9curit\u00e9.<\/p>\n<p>Empilables pour un rangement facile : Con\u00e7us pour \u00eatre empilables, ces plateaux \u00e9conomisent de l&#039;espace lorsqu&#039;ils ne sont pas utilis\u00e9s, ce qui facilite leur gestion et leur stockage efficace.<\/p>\n<p>Surface lisse pour un nettoyage facile : la surface non poreuse est simple \u00e0 essuyer et \u00e0 d\u00e9sinfecter, garantissant une solution hygi\u00e9nique pour les voyageurs et le personnel de s\u00e9curit\u00e9.<\/p>\n<p>Am\u00e9liorez la s\u00e9curit\u00e9 de votre a\u00e9roport gr\u00e2ce \u00e0 nos plateaux de s\u00e9curit\u00e9 ESD. Assurez la protection de vos appareils \u00e9lectroniques de valeur tout en simplifiant le contr\u00f4le de s\u00e9curit\u00e9 pour une exp\u00e9rience de voyage fluide\u00a0!<\/p>","protected":false},"excerpt":{"rendered":"<p>Enhance your airport security experience with our premium ESD Airport Security Trays, meticulously designed for efficiency and safety in high-traffic&hellip;<\/p>","protected":false},"featured_media":7766,"template":"","meta":{"_acf_changed":false},"product_brand":[],"product_cat":[144],"product_tag":[154],"class_list":{"0":"post-7772","1":"product","2":"type-product","3":"status-publish","4":"has-post-thumbnail","6":"product_cat-plastic-trays-wholesale","7":"product_tag-tsa-bins","9":"first","10":"instock","11":"shipping-taxable","12":"product-type-simple"},"acf":[],"yoast_head":"<!-- This site is optimized with the Yoast SEO plugin v26.1.1 - https:\/\/yoast.com\/wordpress\/plugins\/seo\/ -->\n<title>ESD airport security trays - plastic-crates.com<\/title>\n<meta name=\"robots\" content=\"index, follow, max-snippet:-1, max-image-preview:large, max-video-preview:-1\" \/>\n<link rel=\"canonical\" href=\"https:\/\/www.plastic-crates.com\/fr\/product\/plateaux-de-securite-aeroportuaires-esd\/\" \/>\n<meta property=\"og:locale\" content=\"fr_FR\" \/>\n<meta property=\"og:type\" content=\"article\" \/>\n<meta property=\"og:title\" content=\"ESD airport security trays - plastic-crates.com\" \/>\n<meta property=\"og:description\" content=\"Enhance your airport security experience with our premium ESD Airport Security Trays, meticulously designed for efficiency and safety in high-traffic&hellip;\" \/>\n<meta property=\"og:url\" content=\"https:\/\/www.plastic-crates.com\/fr\/product\/plateaux-de-securite-aeroportuaires-esd\/\" \/>\n<meta property=\"og:site_name\" content=\"plastic-crates.com\" \/>\n<meta property=\"article:modified_time\" content=\"2025-09-18T20:52:34+00:00\" \/>\n<meta property=\"og:image\" content=\"https:\/\/www.plastic-crates.com\/wp-content\/uploads\/2025\/09\/esd-airport-security-trays-1.jpg\" \/>\n\t<meta property=\"og:image:width\" content=\"2000\" \/>\n\t<meta property=\"og:image:height\" content=\"2000\" \/>\n\t<meta property=\"og:image:type\" content=\"image\/jpeg\" \/>\n<meta name=\"twitter:card\" content=\"summary_large_image\" \/>\n<meta name=\"twitter:label1\" content=\"Dur\u00e9e de lecture estim\u00e9e\" \/>\n\t<meta name=\"twitter:data1\" content=\"1 minute\" \/>\n<script type=\"application\/ld+json\" class=\"yoast-schema-graph\">{\"@context\":\"https:\/\/schema.org\",\"@graph\":[{\"@type\":\"WebPage\",\"@id\":\"https:\/\/www.plastic-crates.com\/product\/esd-airport-security-trays\/\",\"url\":\"https:\/\/www.plastic-crates.com\/product\/esd-airport-security-trays\/\",\"name\":\"ESD airport security trays - plastic-crates.com\",\"isPartOf\":{\"@id\":\"https:\/\/www.plastic-crates.com\/#website\"},\"primaryImageOfPage\":{\"@id\":\"https:\/\/www.plastic-crates.com\/product\/esd-airport-security-trays\/#primaryimage\"},\"image\":{\"@id\":\"https:\/\/www.plastic-crates.com\/product\/esd-airport-security-trays\/#primaryimage\"},\"thumbnailUrl\":\"https:\/\/www.plastic-crates.com\/wp-content\/uploads\/2025\/09\/esd-airport-security-trays-1.jpg\",\"datePublished\":\"2025-09-18T20:50:24+00:00\",\"dateModified\":\"2025-09-18T20:52:34+00:00\",\"breadcrumb\":{\"@id\":\"https:\/\/www.plastic-crates.com\/product\/esd-airport-security-trays\/#breadcrumb\"},\"inLanguage\":\"fr-FR\",\"potentialAction\":[{\"@type\":\"ReadAction\",\"target\":[\"https:\/\/www.plastic-crates.com\/product\/esd-airport-security-trays\/\"]}]},{\"@type\":\"ImageObject\",\"inLanguage\":\"fr-FR\",\"@id\":\"https:\/\/www.plastic-crates.com\/product\/esd-airport-security-trays\/#primaryimage\",\"url\":\"https:\/\/www.plastic-crates.com\/wp-content\/uploads\/2025\/09\/esd-airport-security-trays-1.jpg\",\"contentUrl\":\"https:\/\/www.plastic-crates.com\/wp-content\/uploads\/2025\/09\/esd-airport-security-trays-1.jpg\",\"width\":2000,\"height\":2000,\"caption\":\"ESD airport security trays\"},{\"@type\":\"BreadcrumbList\",\"@id\":\"https:\/\/www.plastic-crates.com\/product\/esd-airport-security-trays\/#breadcrumb\",\"itemListElement\":[{\"@type\":\"ListItem\",\"position\":1,\"name\":\"Home\",\"item\":\"https:\/\/www.plastic-crates.com\/\"},{\"@type\":\"ListItem\",\"position\":2,\"name\":\"Products\",\"item\":\"https:\/\/www.plastic-crates.com\/shop\/\"},{\"@type\":\"ListItem\",\"position\":3,\"name\":\"ESD airport security trays\"}]},{\"@type\":\"WebSite\",\"@id\":\"https:\/\/www.plastic-crates.com\/#website\",\"url\":\"https:\/\/www.plastic-crates.com\/\",\"name\":\"plastic-crates.com\",\"description\":\"Leading plastic crates manufacturer in China\",\"potentialAction\":[{\"@type\":\"SearchAction\",\"target\":{\"@type\":\"EntryPoint\",\"urlTemplate\":\"https:\/\/www.plastic-crates.com\/?s={search_term_string}\"},\"query-input\":{\"@type\":\"PropertyValueSpecification\",\"valueRequired\":true,\"valueName\":\"search_term_string\"}}],\"inLanguage\":\"fr-FR\"}]}<\/script>\n<!-- \/ Yoast SEO plugin. -->","yoast_head_json":{"title":"Plateaux de s\u00e9curit\u00e9 ESD pour a\u00e9roports - plastic-crates.com","robots":{"index":"index","follow":"follow","max-snippet":"max-snippet:-1","max-image-preview":"max-image-preview:large","max-video-preview":"max-video-preview:-1"},"canonical":"https:\/\/www.plastic-crates.com\/fr\/product\/plateaux-de-securite-aeroportuaires-esd\/","og_locale":"fr_FR","og_type":"article","og_title":"ESD airport security trays - plastic-crates.com","og_description":"Enhance your airport security experience with our premium ESD Airport Security Trays, meticulously designed for efficiency and safety in high-traffic&hellip;","og_url":"https:\/\/www.plastic-crates.com\/fr\/product\/plateaux-de-securite-aeroportuaires-esd\/","og_site_name":"plastic-crates.com","article_modified_time":"2025-09-18T20:52:34+00:00","og_image":[{"width":2000,"height":2000,"url":"https:\/\/www.plastic-crates.com\/wp-content\/uploads\/2025\/09\/esd-airport-security-trays-1.jpg","type":"image\/jpeg"}],"twitter_card":"summary_large_image","twitter_misc":{"Dur\u00e9e de lecture estim\u00e9e":"1 minute"},"schema":{"@context":"https:\/\/schema.org","@graph":[{"@type":"WebPage","@id":"https:\/\/www.plastic-crates.com\/product\/esd-airport-security-trays\/","url":"https:\/\/www.plastic-crates.com\/product\/esd-airport-security-trays\/","name":"Plateaux de s\u00e9curit\u00e9 ESD pour a\u00e9roports - plastic-crates.com","isPartOf":{"@id":"https:\/\/www.plastic-crates.com\/#website"},"primaryImageOfPage":{"@id":"https:\/\/www.plastic-crates.com\/product\/esd-airport-security-trays\/#primaryimage"},"image":{"@id":"https:\/\/www.plastic-crates.com\/product\/esd-airport-security-trays\/#primaryimage"},"thumbnailUrl":"https:\/\/www.plastic-crates.com\/wp-content\/uploads\/2025\/09\/esd-airport-security-trays-1.jpg","datePublished":"2025-09-18T20:50:24+00:00","dateModified":"2025-09-18T20:52:34+00:00","breadcrumb":{"@id":"https:\/\/www.plastic-crates.com\/product\/esd-airport-security-trays\/#breadcrumb"},"inLanguage":"fr-FR","potentialAction":[{"@type":"ReadAction","target":["https:\/\/www.plastic-crates.com\/product\/esd-airport-security-trays\/"]}]},{"@type":"ImageObject","inLanguage":"fr-FR","@id":"https:\/\/www.plastic-crates.com\/product\/esd-airport-security-trays\/#primaryimage","url":"https:\/\/www.plastic-crates.com\/wp-content\/uploads\/2025\/09\/esd-airport-security-trays-1.jpg","contentUrl":"https:\/\/www.plastic-crates.com\/wp-content\/uploads\/2025\/09\/esd-airport-security-trays-1.jpg","width":2000,"height":2000,"caption":"ESD airport security trays"},{"@type":"BreadcrumbList","@id":"https:\/\/www.plastic-crates.com\/product\/esd-airport-security-trays\/#breadcrumb","itemListElement":[{"@type":"ListItem","position":1,"name":"Home","item":"https:\/\/www.plastic-crates.com\/"},{"@type":"ListItem","position":2,"name":"Products","item":"https:\/\/www.plastic-crates.com\/shop\/"},{"@type":"ListItem","position":3,"name":"ESD airport security trays"}]},{"@type":"WebSite","@id":"https:\/\/www.plastic-crates.com\/#website","url":"https:\/\/www.plastic-crates.com\/","name":"plastic-crates.com","description":"Fabricant leader de caisses en plastique en Chine","potentialAction":[{"@type":"SearchAction","target":{"@type":"EntryPoint","urlTemplate":"https:\/\/www.plastic-crates.com\/?s={search_term_string}"},"query-input":{"@type":"PropertyValueSpecification","valueRequired":true,"valueName":"search_term_string"}}],"inLanguage":"fr-FR"}]}},"_links":{"self":[{"href":"https:\/\/www.plastic-crates.com\/fr\/wp-json\/wp\/v2\/product\/7772","targetHints":{"allow":["GET"]}}],"collection":[{"href":"https:\/\/www.plastic-crates.com\/fr\/wp-json\/wp\/v2\/product"}],"about":[{"href":"https:\/\/www.plastic-crates.com\/fr\/wp-json\/wp\/v2\/types\/product"}],"wp:featuredmedia":[{"embeddable":true,"href":"https:\/\/www.plastic-crates.com\/fr\/wp-json\/wp\/v2\/media\/7766"}],"wp:attachment":[{"href":"https:\/\/www.plastic-crates.com\/fr\/wp-json\/wp\/v2\/media?parent=7772"}],"wp:term":[{"taxonomy":"product_brand","embeddable":true,"href":"https:\/\/www.plastic-crates.com\/fr\/wp-json\/wp\/v2\/product_brand?post=7772"},{"taxonomy":"product_cat","embeddable":true,"href":"https:\/\/www.plastic-crates.com\/fr\/wp-json\/wp\/v2\/product_cat?post=7772"},{"taxonomy":"product_tag","embeddable":true,"href":"https:\/\/www.plastic-crates.com\/fr\/wp-json\/wp\/v2\/product_tag?post=7772"}],"curies":[{"name":"wp","href":"https:\/\/api.w.org\/{rel}","templated":true}]}}