{"id":419,"date":"2018-04-27T04:50:03","date_gmt":"2018-04-27T04:50:03","guid":{"rendered":"https:\/\/www.plastic-crates.com\/?page_id=419"},"modified":"2025-08-25T23:01:03","modified_gmt":"2025-08-25T23:01:03","slug":"contate-nos","status":"publish","type":"page","link":"https:\/\/www.plastic-crates.com\/pt\/contate-nos\/","title":{"rendered":"Contate-nos"},"content":{"rendered":"<div class=\"mb-20p\">\n  <p>\n    A Shanghai Qusheng Plastics Co., Ltd. \u00e9 uma renomada empresa de inje\u00e7\u00e3o de pl\u00e1stico com f\u00e1brica pr\u00f3pria localizada em Xangai, China. Somos uma empresa de exporta\u00e7\u00e3o e fabrica\u00e7\u00e3o especializada em todos os tipos de\n    <strong>Caixas de pl\u00e1stico<\/strong>\n    ,\n    <strong>Bonecas<\/strong>\n    ,\n    <strong>Paletes<\/strong>\n    ,\n    <strong>Pe\u00e7as de pl\u00e1stico<\/strong>\n    ,\n    <strong>Caixas de pe\u00e7as de pl\u00e1stico<\/strong>\n    ,\n    <strong>Recipientes empilh\u00e1veis<\/strong>\n    . e tamb\u00e9m pode ser personalizado de acordo com suas necessidades.\n  <\/p>\n  <p>Atuamos no mercado de produtos pl\u00e1sticos h\u00e1 muitos anos. Boa qualidade, custos razo\u00e1veis e atendimento pontual conquistam grande reputa\u00e7\u00e3o entre os clientes. N\u00f3s (joinplastic group) contamos com mais de 350 clientes em 48 pa\u00edses (e clientes nos EUA) nas \u00e1reas de mudan\u00e7as, armazenagem, dep\u00f3sitos e ind\u00fastria, entre outras, desde 2005.<\/p>\n  <p>Estamos comprometidos em construir parcerias de longo prazo com nossos clientes em todo o mundo. Estamos ansiosos para cooperar com todos os potenciais parceiros e amigos nacionais e internacionais para construir um futuro ainda mais pr\u00f3spero.<\/p>\n<\/div>\n\n\n\n<figure class=\"wp-block-image\"><img loading=\"lazy\" decoding=\"async\" width=\"1024\" height=\"263\" src=\"https:\/\/www.plastic-crates.com\/wp-content\/uploads\/2019\/01\/moving-crates-factory-inside-1024x263.jpg\" alt=\"f\u00e1brica de caixas pl\u00e1sticas para mudan\u00e7a\" class=\"wp-image-1816\" srcset=\"https:\/\/www.plastic-crates.com\/wp-content\/uploads\/2019\/01\/moving-crates-factory-inside-1024x263.jpg 1024w, https:\/\/www.plastic-crates.com\/wp-content\/uploads\/2019\/01\/moving-crates-factory-inside-600x154.jpg 600w, https:\/\/www.plastic-crates.com\/wp-content\/uploads\/2019\/01\/moving-crates-factory-inside-300x77.jpg 300w, https:\/\/www.plastic-crates.com\/wp-content\/uploads\/2019\/01\/moving-crates-factory-inside-768x197.jpg 768w, https:\/\/www.plastic-crates.com\/wp-content\/uploads\/2019\/01\/moving-crates-factory-inside.jpg 1200w\" sizes=\"auto, (max-width: 1024px) 100vw, 1024px\" \/><figcaption class=\"wp-element-caption\">Dentro da nossa f\u00e1brica<\/figcaption><\/figure>\n\n\n\nVOC\u00ca PODE ENTRAR EM CONTATO CONOSCO PELO FORMUL\u00c1RIO DE CONTATO ABAIXO.\n\n\n\n<div class=\"row\">\n  <div class=\"col-sm-6\">\n<div class=\"wpcf7 no-js\" id=\"wpcf7-f244-o1\" lang=\"en-US\" dir=\"ltr\" data-wpcf7-id=\"244\">\n<div class=\"screen-reader-response\"><p role=\"status\" aria-live=\"polite\" aria-atomic=\"true\"><\/p> <ul><\/ul><\/div>\n<form action=\"\/pt\/wp-json\/wp\/v2\/pages\/419#wpcf7-f244-o1\" method=\"post\" class=\"wpcf7-form init\" aria-label=\"Formul\u00e1rio de contato\" novalidate=\"novalidate\" data-status=\"init\" data-trp-original-action=\"\/pt\/wp-json\/wp\/v2\/pages\/419#wpcf7-f244-o1\">\n<fieldset class=\"hidden-fields-container\"><input type=\"hidden\" name=\"_wpcf7\" value=\"244\" \/><input type=\"hidden\" name=\"_wpcf7_version\" value=\"6.1.2\" \/><input type=\"hidden\" name=\"_wpcf7_locale\" value=\"en_US\" \/><input type=\"hidden\" name=\"_wpcf7_unit_tag\" value=\"wpcf7-f244-o1\" \/><input type=\"hidden\" name=\"_wpcf7_container_post\" value=\"0\" \/><input type=\"hidden\" name=\"_wpcf7_posted_data_hash\" value=\"\" \/>\n<\/fieldset>\n<p><label> Modelo do produto<br \/>\n<span class=\"wpcf7-form-control-wrap\" data-name=\"ProductModel\"><input size=\"40\" maxlength=\"400\" class=\"wpcf7-form-control wpcf7-text contact-input\" id=\"ProductModel\" aria-invalid=\"false\" value=\"\" type=\"text\" name=\"ProductModel\" \/><\/span> <\/label>\n<\/p>\n<p><label> Quantidade<br \/>\n<span class=\"wpcf7-form-control-wrap\" data-name=\"Quantity\"><input size=\"40\" maxlength=\"400\" class=\"wpcf7-form-control wpcf7-text contact-input\" aria-invalid=\"false\" value=\"\" type=\"text\" name=\"Quantity\" \/><\/span> <\/label>\n<\/p>\n<p><label> Seu nome (obrigat\u00f3rio)<br \/>\n<span class=\"wpcf7-form-control-wrap\" data-name=\"your-name\"><input size=\"40\" maxlength=\"400\" class=\"wpcf7-form-control wpcf7-text wpcf7-validates-as-required contact-input\" aria-required=\"true\" aria-invalid=\"false\" value=\"\" type=\"text\" name=\"your-name\" \/><\/span> <\/label>\n<\/p>\n<p><label> Seu e-mail (obrigat\u00f3rio)<br \/>\n<span class=\"wpcf7-form-control-wrap\" data-name=\"your-email\"><input size=\"40\" maxlength=\"400\" class=\"wpcf7-form-control wpcf7-email wpcf7-validates-as-required wpcf7-text wpcf7-validates-as-email contact-input\" aria-required=\"true\" aria-invalid=\"false\" value=\"\" type=\"email\" name=\"your-email\" \/><\/span> <\/label>\n<\/p>\n<p><label> Sua mensagem<br \/>\n<span class=\"wpcf7-form-control-wrap\" data-name=\"your-message\"><textarea cols=\"40\" rows=\"10\" maxlength=\"2000\" class=\"wpcf7-form-control wpcf7-textarea contact-product-detail\" id=\"productDetail\" aria-invalid=\"false\" placeholder=\"Por favor, informe-nos os detalhes e a qualidade do produto e entraremos em contato o mais breve poss\u00edvel!\" name=\"your-message\"><\/textarea><\/span> <\/label>\n<\/p>\n<p><input class=\"wpcf7-form-control wpcf7-submit has-spinner\" type=\"submit\" value=\"Enviar\" \/>\n<\/p>\n<p><span id=\"wpcf7-6a08efa1dff93-wrapper\" class=\"wpcf7-form-control-wrap website-wrap\" style=\"display:none !important; visibility:hidden !important;\"><label for=\"wpcf7-6a08efa1dff93-field\" class=\"hp-message\">Por favor, deixe este campo vazio.<\/label><input id=\"wpcf7-6a08efa1dff93-field\"  class=\"wpcf7-form-control wpcf7-text\" type=\"text\" name=\"website\" value=\"\" size=\"40\" tabindex=\"-1\" autocomplete=\"new-password\" \/><\/span><br \/>\n<span class=\"wpcf7-form-control-wrap\" data-name=\"to_email\"><input size=\"40\" maxlength=\"400\" class=\"wpcf7-form-control wpcf7-text hidden\" aria-invalid=\"false\" value=\"inquiry@joinplastic.com\" type=\"text\" name=\"to_email\" \/><\/span><br \/>\n<span class=\"wpcf7-form-control-wrap\" data-name=\"company_name\"><input size=\"40\" maxlength=\"400\" class=\"wpcf7-form-control wpcf7-text hidden\" aria-invalid=\"false\" value=\"joinplastic\" type=\"text\" name=\"company_name\" \/><\/span>\n<\/p><p style=\"display: none !important;\" class=\"akismet-fields-container\" data-prefix=\"_wpcf7_ak_\"><label>&#916;<textarea name=\"_wpcf7_ak_hp_textarea\" cols=\"45\" rows=\"8\" maxlength=\"100\"><\/textarea><\/label><input type=\"hidden\" id=\"ak_js_1\" name=\"_wpcf7_ak_js\" value=\"200\"\/><script>document.getElementById( \"ak_js_1\" ).setAttribute( \"value\", ( new Date() ).getTime() );<\/script><\/p><div class=\"wpcf7-response-output\" aria-hidden=\"true\"><\/div>\n<input type=\"hidden\" name=\"trp-form-language\" value=\"pt\"\/><\/form>\n<\/div>\n<\/div>\n  <div class=\"col-sm-6\">\n    <div class=\"mb-20p\">\n      <div id=\"map\" style=\"width: 100%; height: 300px;\">&nbsp;<\/div>\n    <\/div>\n    <h4 class=\"theme-color mb-0\">Endere\u00e7o do escrit\u00f3rio:<\/h4>\n    <h5 class=\"mt-0\">Sala 1404 ~ 1406, No.28 Moyu Road, distrito de Jiading, Xangai.<\/h5>\n    <h4 class=\"theme-color mb-0\">Endere\u00e7o da f\u00e1brica:<\/h4>\n    <h5 class=\"mt-0\">No.28 Hengtang Road, cidade de Huaqiao, Kunshan, Jiangsu.<\/h5>\n  <\/div>\n<\/div>","protected":false},"excerpt":{"rendered":"<p>A Shanghai Qusheng Plastics Co., Ltd \u00e9 uma renomada empresa de inje\u00e7\u00e3o de pl\u00e1stico com f\u00e1brica pr\u00f3pria localizada em Xangai, China. Somos uma\u2026<\/p>","protected":false},"author":1,"featured_media":0,"parent":0,"menu_order":0,"comment_status":"closed","ping_status":"closed","template":"","meta":{"_acf_changed":false,"footnotes":""},"class_list":["post-419","page","type-page","status-publish","hentry"],"acf":[],"yoast_head":"<!-- This site is optimized with the Yoast SEO plugin v26.1.1 - https:\/\/yoast.com\/wordpress\/plugins\/seo\/ -->\n<title>Contact us | Storage Bins With Lids supplier - plastic-crates.com<\/title>\n<meta name=\"robots\" content=\"index, follow, max-snippet:-1, max-image-preview:large, max-video-preview:-1\" \/>\n<link rel=\"canonical\" href=\"https:\/\/www.plastic-crates.com\/pt\/contate-nos\/\" \/>\n<meta property=\"og:locale\" content=\"pt_PT\" \/>\n<meta property=\"og:type\" content=\"article\" \/>\n<meta property=\"og:title\" content=\"Contact us | Storage Bins With Lids supplier - plastic-crates.com\" \/>\n<meta property=\"og:description\" content=\"Shanghai Qusheng Plastics Co.,Ltd is a wellknown plastic injection enterprise with its own factory located at Shanghai,China. We are an&hellip;\" \/>\n<meta property=\"og:url\" content=\"https:\/\/www.plastic-crates.com\/pt\/contate-nos\/\" \/>\n<meta property=\"og:site_name\" content=\"plastic-crates.com\" \/>\n<meta property=\"article:modified_time\" content=\"2025-08-25T23:01:03+00:00\" \/>\n<meta property=\"og:image\" content=\"https:\/\/www.plastic-crates.com\/wp-content\/uploads\/2019\/01\/moving-crates-factory-inside.jpg\" \/>\n\t<meta property=\"og:image:width\" content=\"1200\" \/>\n\t<meta property=\"og:image:height\" content=\"308\" \/>\n\t<meta property=\"og:image:type\" content=\"image\/jpeg\" \/>\n<meta name=\"twitter:card\" content=\"summary_large_image\" \/>\n<meta name=\"twitter:label1\" content=\"Tempo estimado de leitura\" \/>\n\t<meta name=\"twitter:data1\" content=\"1 minuto\" \/>\n<script type=\"application\/ld+json\" class=\"yoast-schema-graph\">{\"@context\":\"https:\/\/schema.org\",\"@graph\":[{\"@type\":\"WebPage\",\"@id\":\"https:\/\/www.plastic-crates.com\/contact-us\/\",\"url\":\"https:\/\/www.plastic-crates.com\/contact-us\/\",\"name\":\"Contact us | Storage Bins With Lids supplier - plastic-crates.com\",\"isPartOf\":{\"@id\":\"https:\/\/www.plastic-crates.com\/#website\"},\"primaryImageOfPage\":{\"@id\":\"https:\/\/www.plastic-crates.com\/contact-us\/#primaryimage\"},\"image\":{\"@id\":\"https:\/\/www.plastic-crates.com\/contact-us\/#primaryimage\"},\"thumbnailUrl\":\"https:\/\/www.plastic-crates.com\/wp-content\/uploads\/2019\/01\/moving-crates-factory-inside-1024x263.jpg\",\"datePublished\":\"2018-04-27T04:50:03+00:00\",\"dateModified\":\"2025-08-25T23:01:03+00:00\",\"breadcrumb\":{\"@id\":\"https:\/\/www.plastic-crates.com\/contact-us\/#breadcrumb\"},\"inLanguage\":\"pt-PT\",\"potentialAction\":[{\"@type\":\"ReadAction\",\"target\":[\"https:\/\/www.plastic-crates.com\/contact-us\/\"]}]},{\"@type\":\"ImageObject\",\"inLanguage\":\"pt-PT\",\"@id\":\"https:\/\/www.plastic-crates.com\/contact-us\/#primaryimage\",\"url\":\"https:\/\/www.plastic-crates.com\/wp-content\/uploads\/2019\/01\/moving-crates-factory-inside-1024x263.jpg\",\"contentUrl\":\"https:\/\/www.plastic-crates.com\/wp-content\/uploads\/2019\/01\/moving-crates-factory-inside-1024x263.jpg\"},{\"@type\":\"BreadcrumbList\",\"@id\":\"https:\/\/www.plastic-crates.com\/contact-us\/#breadcrumb\",\"itemListElement\":[{\"@type\":\"ListItem\",\"position\":1,\"name\":\"Home\",\"item\":\"https:\/\/www.plastic-crates.com\/\"},{\"@type\":\"ListItem\",\"position\":2,\"name\":\"Contact us\"}]},{\"@type\":\"WebSite\",\"@id\":\"https:\/\/www.plastic-crates.com\/#website\",\"url\":\"https:\/\/www.plastic-crates.com\/\",\"name\":\"plastic-crates.com\",\"description\":\"Leading plastic crates manufacturer in China\",\"potentialAction\":[{\"@type\":\"SearchAction\",\"target\":{\"@type\":\"EntryPoint\",\"urlTemplate\":\"https:\/\/www.plastic-crates.com\/?s={search_term_string}\"},\"query-input\":{\"@type\":\"PropertyValueSpecification\",\"valueRequired\":true,\"valueName\":\"search_term_string\"}}],\"inLanguage\":\"pt-PT\"}]}<\/script>\n<!-- \/ Yoast SEO plugin. -->","yoast_head_json":{"title":"Entre em contato conosco | Fornecedor de caixas de armazenamento com tampas - plastic-crates.com","robots":{"index":"index","follow":"follow","max-snippet":"max-snippet:-1","max-image-preview":"max-image-preview:large","max-video-preview":"max-video-preview:-1"},"canonical":"https:\/\/www.plastic-crates.com\/pt\/contate-nos\/","og_locale":"pt_PT","og_type":"article","og_title":"Contact us | Storage Bins With Lids supplier - plastic-crates.com","og_description":"Shanghai Qusheng Plastics Co.,Ltd is a wellknown plastic injection enterprise with its own factory located at Shanghai,China. We are an&hellip;","og_url":"https:\/\/www.plastic-crates.com\/pt\/contate-nos\/","og_site_name":"plastic-crates.com","article_modified_time":"2025-08-25T23:01:03+00:00","og_image":[{"width":1200,"height":308,"url":"https:\/\/www.plastic-crates.com\/wp-content\/uploads\/2019\/01\/moving-crates-factory-inside.jpg","type":"image\/jpeg"}],"twitter_card":"summary_large_image","twitter_misc":{"Tempo estimado de leitura":"1 minuto"},"schema":{"@context":"https:\/\/schema.org","@graph":[{"@type":"WebPage","@id":"https:\/\/www.plastic-crates.com\/contact-us\/","url":"https:\/\/www.plastic-crates.com\/contact-us\/","name":"Entre em contato conosco | Fornecedor de caixas de armazenamento com tampas - plastic-crates.com","isPartOf":{"@id":"https:\/\/www.plastic-crates.com\/#website"},"primaryImageOfPage":{"@id":"https:\/\/www.plastic-crates.com\/contact-us\/#primaryimage"},"image":{"@id":"https:\/\/www.plastic-crates.com\/contact-us\/#primaryimage"},"thumbnailUrl":"https:\/\/www.plastic-crates.com\/wp-content\/uploads\/2019\/01\/moving-crates-factory-inside-1024x263.jpg","datePublished":"2018-04-27T04:50:03+00:00","dateModified":"2025-08-25T23:01:03+00:00","breadcrumb":{"@id":"https:\/\/www.plastic-crates.com\/contact-us\/#breadcrumb"},"inLanguage":"pt-PT","potentialAction":[{"@type":"ReadAction","target":["https:\/\/www.plastic-crates.com\/contact-us\/"]}]},{"@type":"ImageObject","inLanguage":"pt-PT","@id":"https:\/\/www.plastic-crates.com\/contact-us\/#primaryimage","url":"https:\/\/www.plastic-crates.com\/wp-content\/uploads\/2019\/01\/moving-crates-factory-inside-1024x263.jpg","contentUrl":"https:\/\/www.plastic-crates.com\/wp-content\/uploads\/2019\/01\/moving-crates-factory-inside-1024x263.jpg"},{"@type":"BreadcrumbList","@id":"https:\/\/www.plastic-crates.com\/contact-us\/#breadcrumb","itemListElement":[{"@type":"ListItem","position":1,"name":"Home","item":"https:\/\/www.plastic-crates.com\/"},{"@type":"ListItem","position":2,"name":"Contact us"}]},{"@type":"WebSite","@id":"https:\/\/www.plastic-crates.com\/#website","url":"https:\/\/www.plastic-crates.com\/","name":"plastic-crates.com","description":"Fabricante l\u00edder de caixas pl\u00e1sticas na China","potentialAction":[{"@type":"SearchAction","target":{"@type":"EntryPoint","urlTemplate":"https:\/\/www.plastic-crates.com\/?s={search_term_string}"},"query-input":{"@type":"PropertyValueSpecification","valueRequired":true,"valueName":"search_term_string"}}],"inLanguage":"pt-PT"}]}},"_links":{"self":[{"href":"https:\/\/www.plastic-crates.com\/pt\/wp-json\/wp\/v2\/pages\/419","targetHints":{"allow":["GET"]}}],"collection":[{"href":"https:\/\/www.plastic-crates.com\/pt\/wp-json\/wp\/v2\/pages"}],"about":[{"href":"https:\/\/www.plastic-crates.com\/pt\/wp-json\/wp\/v2\/types\/page"}],"author":[{"embeddable":true,"href":"https:\/\/www.plastic-crates.com\/pt\/wp-json\/wp\/v2\/users\/1"}],"replies":[{"embeddable":true,"href":"https:\/\/www.plastic-crates.com\/pt\/wp-json\/wp\/v2\/comments?post=419"}],"version-history":[{"count":31,"href":"https:\/\/www.plastic-crates.com\/pt\/wp-json\/wp\/v2\/pages\/419\/revisions"}],"predecessor-version":[{"id":7675,"href":"https:\/\/www.plastic-crates.com\/pt\/wp-json\/wp\/v2\/pages\/419\/revisions\/7675"}],"wp:attachment":[{"href":"https:\/\/www.plastic-crates.com\/pt\/wp-json\/wp\/v2\/media?parent=419"}],"curies":[{"name":"wp","href":"https:\/\/api.w.org\/{rel}","templated":true}]}}