{"id":7,"date":"2016-10-30T18:08:01","date_gmt":"2016-10-30T18:08:01","guid":{"rendered":"https:\/\/www.plastic-crates.com\/?page_id=7"},"modified":"2025-08-25T23:09:09","modified_gmt":"2025-08-25T23:09:09","slug":"wholesale-plastic-crates-pallet-boxes-moving-boxes","status":"publish","type":"page","link":"https:\/\/www.plastic-crates.com\/pt\/","title":{"rendered":""},"content":{"rendered":"<div>\n  <section class=\"video-section\">\n    <div class=\"video-wrap\">\n      <div class=\"video-bg-img video-bg-img-a\">\n        <div class=\"video-bg-overlay\"> <\/div>\n        <div class=\"video-text\">\n          <h1 class=\"h2 video-text-header hidden-xs\">Caixas pl\u00e1sticas por atacado<\/h1>\n          <h1 class=\"h2 video-text-header visible-xs\">\n            <span class=\"h1 text-danger\" style=\"font-size: 55px; font-weight: bold;\">Atacado<\/span>\n            <br>\n            <span class=\"h4\"><a href=\"https:\/\/www.plastic-crates.com\/pt\/categoria+de+produto\/sacolas-com-tampas\/\">Sacolas com tampa<\/a><\/span>\n            <br>\n            <span class=\"h4\"><a href=\"https:\/\/www.plastic-crates.com\/pt\/categoria+de+produto\/conteiner-de-paletes\/\">Cont\u00eainer de paletes<\/a><\/span>\n            <br>\n            <span class=\"h4\"><a href=\"https:\/\/www.plastic-crates.com\/pt\/categoria+de+produto\/recipientes-empilhaveis\/\">Recipientes empilh\u00e1veis<\/a><\/span>\n            <br>\n            <span class=\"h4\"><a href=\"https:\/\/www.plastic-crates.com\/pt\/categoria+de+produto\/caixa-dobravel-3\/\">Caixa dobr\u00e1vel<\/a><\/span>\n            <br>\n            <span class=\"h3\">\u2026etc.<\/span>\n            <br>\n          <\/h1>\n          <h4 class=\"h3 video-text-detail hidden-xs\">N\u00e3o procure mais, buscamos benef\u00edcios m\u00fatuos e buscamos construir um relacionamento comercial duradouro.<\/h4>\n          <div class=\"h3 btn-wrap\">\n            <button type=\"button\" class=\"btn btn-danger\">Fabricante confi\u00e1vel<\/button>\n            <button type=\"button\" class=\"btn btn-danger\">Garantia de Qualidade<\/button>\n            <button type=\"button\" class=\"btn btn-danger\">Garantia Comercial<\/button>\n          <\/div>\n        <\/div>\n        <div class=\"video-inner-wrap\" style=\"width: 70%;\">\n          <video width=\"100%\" controls=\"\">\n            <source src=\"https:\/\/www.plastic-crates.com\/wp-content\/uploads\/2025\/08\/qs-plastic-crates-factory.mp4\" type=\"video\/mp4\">\n            Seu navegador n\u00e3o suporta v\u00eddeo HTML5.\n          <\/video>\n        <\/div>\n      <\/div>\n    <\/div>\n  <\/section>\n<\/div>\n<div>\n  <div>\n  \t<section class=\"text-section text-center mt-1 container\">\n      <div class=\"text-header h2 font-weight-bold\">Produtos em destaque<\/div>\n      <hr>\n      <div class=\"row\">\n        <div class=\"col-xs-6 col-md-3\">\n          <a href=\"\/pt\/categoria+de+produto\/caixa-dobravel-3\/\">\n            <img decoding=\"async\" class=\"img-responsive\" src=\"\/wp-content\/uploads\/2019\/11\/kis-collapsible-crate.jpg\" alt=\"Caixa dobr\u00e1vel\">\n          <\/a>\n          <a href=\"\/pt\/categoria+de+produto\/caixa-dobravel-3\/\">\n            <span class=\"h5 font-weight-bold cat-name-title\">Caixa dobr\u00e1vel<\/span>\n          <\/a>\n        <\/div>\n        <div class=\"col-xs-6 col-md-3\">\n          <a href=\"\/pt\/categoria+de+produto\/sacolas-com-tampas\/\">\n            <img decoding=\"async\" class=\"img-responsive\" src=\"\/wp-content\/uploads\/2019\/09\/attached-lid-containers.jpg\" alt=\"Sacolas com tampa\">\n          <\/a>\n          <a href=\"\/pt\/categoria+de+produto\/sacolas-com-tampas\/\">\n            <span class=\"h5 font-weight-bold cat-name-title\">Sacolas com tampa<\/span>\n          <\/a>\n        <\/div>\n        <div class=\"col-xs-6 col-md-3\">\n          <a href=\"\/pt\/categoria+de+produto\/recipientes-empilhaveis\/\">\n            <img decoding=\"async\" class=\"img-responsive\" src=\"\/wp-content\/uploads\/2019\/10\/eub360270.jpg\" alt=\"Recipientes empilh\u00e1veis\">\n          <\/a>\n          <a href=\"\/pt\/categoria+de+produto\/recipientes-empilhaveis\/\">\n            <span class=\"h5 font-weight-bold cat-name-title\">Recipientes empilh\u00e1veis<\/span>\n          <\/a>\n        <\/div>\n        <div class=\"col-xs-6 col-md-3\">\n          <a href=\"\/pt\/categoria+de+produto\/conteiner-de-paletes\/\">\n            <img decoding=\"async\" class=\"img-responsive\" src=\"\/wp-content\/uploads\/2019\/10\/plastic-coaming-pack-container.png\" alt=\"cont\u00eainer de paletes de pl\u00e1stico\">\n          <\/a>\n          <a href=\"\/pt\/categoria+de+produto\/conteiner-de-paletes\/\">\n            <span class=\"h5 font-weight-bold cat-name-title\">Recipientes pl\u00e1sticos a granel<\/span>\n          <\/a>\n        <\/div>\n      <\/div>\n    <\/section>\n  <\/div>\n<\/div>\n\n\n\n<section class=\"py-12 bg-gray-50 mt-5\">\n  <div class=\"mx-auto px-4 sm:px-6 lg:px-8\">\n    <h2 class=\"text-2xl md:text-3xl font-bold text-center mb-4\">Solu\u00e7\u00f5es para todas as necessidades<\/h2>\n    <p class=\"text-center text-gray-600 mb-10 max-w-4xl mx-auto\">Descubra solu\u00e7\u00f5es de paletes de pl\u00e1stico focadas na ind\u00fastria, projetadas para agricultura, log\u00edstica, alimentos e bebidas, armazenamento refrigerado, automotivo e reciclagem de res\u00edduos.<\/p>\n\n    <div class=\"grid grid-cols-1 md:grid-cols-2 lg:grid-cols-3 gap-6\">\n      <!-- Card 1 -->\n      <div class=\"relative group rounded-lg overflow-hidden shadow-lg\">\n        <a href=\"\/pt\/categoria+de+produto\/conteiner-de-paletes\/\">\n          <img decoding=\"async\" src=\"https:\/\/cdn.plastic-crates.com\/wp-content\/uploads\/2019\/11\/stackable-pallet-containers-1.jpg\" alt=\"Caixas agr\u00edcolas\" class=\"w-full h-auto object-cover\">\n        <\/a>\n        <div class=\"absolute bottom-0 left-0 w-full bg-black\/30 text-white px-4 py-2\">\n          <h3 class=\"text-lg font-semibold\"><a href=\"\/pt\/categoria+de+produto\/conteiner-de-paletes\/\">01 Agricultura<\/a><\/h3>\n        <\/div>\n        <div class=\"absolute inset-0 bg-blue-900\/80 flex flex-col justify-center p-6 text-white opacity-0 translate-y-full group-hover:translate-y-0 group-hover:opacity-100 transition-all duration-500 ease-in-out\">\n          <h3 class=\"text-xl font-bold mb-2\">Agricultura<\/h3>\n          <p class=\"mb-4\">Caixas-paletes pl\u00e1sticas ventiladas, aprovadas pela FDA, para transporte e armazenamento de produtos frescos. Ideais para uso agr\u00edcola de longo prazo, com resist\u00eancia \u00e0 umidade.<\/p>\n         <a href=\"\/pt\/categoria+de+produto\/conteiner-de-paletes\/\" class=\"inline-flex items-center gap-2 border border-white px-4 py-2 rounded hover:bg-white hover:text-blue-900 transition\">\n            Ler mais\n            <svg xmlns=\"http:\/\/www.w3.org\/2000\/svg\" class=\"h-4 w-4\" fill=\"none\" viewbox=\"0 0 24 24\" stroke=\"currentColor\">\n              <path stroke-linecap=\"round\" stroke-linejoin=\"round\" stroke-width=\"2\" d=\"M9 5l7 7-7 7\" \/>\n            <\/svg>\n          <\/a>\n        <\/div>\n      <\/div>\n\n      <!-- Card 2 -->\n      <div class=\"relative group rounded-lg overflow-hidden shadow-lg\">\n        <a href=\"\/pt\/produto\/palete-de-contencao-de-derramamento-palete-de-contencao-de-derramamento\/\">\n          <img decoding=\"async\" src=\"https:\/\/cdn.plastic-crates.com\/wp-content\/uploads\/2019\/11\/pallet-size-storage-containers-2.jpg\" alt=\"Ind\u00fastria\" class=\"w-full h-auto object-cover\">\n        <\/a>\n        <div class=\"absolute bottom-0 left-0 w-full bg-black\/30 text-white px-4 py-2\">\n          <h3 class=\"text-lg font-semibold\"><a href=\"\/pt\/produto\/palete-de-contencao-de-derramamento-palete-de-contencao-de-derramamento\/\">02 Ind\u00fastria<\/a><\/h3>\n        <\/div>\n        <div class=\"absolute inset-0 bg-blue-900\/80 flex flex-col justify-center p-6 text-white opacity-0 translate-y-full group-hover:translate-y-0 group-hover:opacity-100 transition-all duration-500 ease-in-out\">\n          <h3 class=\"text-xl font-bold mb-2\">Ind\u00fastria<\/h3>\n          <p class=\"mb-4\">Paletes de pl\u00e1stico empilh\u00e1veis e resistentes a produtos qu\u00edmicos, ideais para ambientes industriais como f\u00e1bricas e armazenamento de produtos farmac\u00eauticos, garantindo um manuseio limpo e eficiente.<\/p>\n          <a href=\"\/pt\/produto\/palete-de-contencao-de-derramamento-palete-de-contencao-de-derramamento\/\" class=\"inline-flex items-center gap-2 border border-white px-4 py-2 rounded hover:bg-white hover:text-blue-900 transition\">\n            Ler mais\n            <svg xmlns=\"http:\/\/www.w3.org\/2000\/svg\" class=\"h-4 w-4\" fill=\"none\" viewbox=\"0 0 24 24\" stroke=\"currentColor\">\n              <path stroke-linecap=\"round\" stroke-linejoin=\"round\" stroke-width=\"2\" d=\"M9 5l7 7-7 7\" \/>\n            <\/svg>\n          <\/a>\n        <\/div>\n      <\/div>\n\n      <!-- Card 3 -->\n      <div class=\"relative group rounded-lg overflow-hidden shadow-lg\">\n        <a href=\"\/pt\/produto\/bandejas-de-massa-de-plastico-bandeja-de-massa-de-pizza-com-tampa-453\/\">\n          <img decoding=\"async\" src=\"https:\/\/cdn.plastic-crates.com\/wp-content\/uploads\/2024\/10\/dough-tray-with-lid-7.png\" alt=\"Alimentos e bebidas\" class=\"w-full h-auto object-cover\">\n        <\/a>\n        <div class=\"absolute bottom-0 left-0 w-full bg-black\/30 text-white px-4 py-2\">\n          <h3 class=\"text-lg font-semibold\"><a href=\"\/pt\/produto\/bandejas-de-massa-de-plastico-bandeja-de-massa-de-pizza-com-tampa-453\/\">03 Alimentos e Bebidas<\/a> <\/h3>\n        <\/div>\n        <div class=\"absolute inset-0 bg-blue-900\/80 flex flex-col justify-center p-6 text-white opacity-0 translate-y-full group-hover:translate-y-0 group-hover:opacity-100 transition-all duration-500 ease-in-out\">\n          <h3 class=\"text-xl font-bold mb-2\">Alimentos e bebidas<\/h3>\n          <p class=\"mb-4\">Paletes de pl\u00e1stico higi\u00eanicos de grau aliment\u00edcio, projetados para armazenamento de bebidas e alimentos. Mais resistentes e dur\u00e1veis do que os paletes de madeira tradicionais.<\/p>\n          <a href=\"\/pt\/produto\/bandejas-de-massa-de-plastico-bandeja-de-massa-de-pizza-com-tampa-453\/\" class=\"inline-flex items-center gap-2 border border-white px-4 py-2 rounded hover:bg-white hover:text-blue-900 transition\">\n            Ler mais\n            <svg xmlns=\"http:\/\/www.w3.org\/2000\/svg\" class=\"h-4 w-4\" fill=\"none\" viewbox=\"0 0 24 24\" stroke=\"currentColor\">\n              <path stroke-linecap=\"round\" stroke-linejoin=\"round\" stroke-width=\"2\" d=\"M9 5l7 7-7 7\" \/>\n            <\/svg>\n          <\/a>\n        <\/div>\n      <\/div>\n\n      <!-- Card 4 -->\n      <div class=\"relative group rounded-lg overflow-hidden shadow-lg\">\n        <a href=\"\/pt\/categoria+de+produto\/sacolas-plasticas-transparentes\/\">\n          <img decoding=\"async\" src=\"https:\/\/cdn.plastic-crates.com\/wp-content\/uploads\/2023\/10\/128L-Extra-Large-Clear-Plastic-Storage-containers-with-Lids-1.jpg\" alt=\"Armazenamento dom\u00e9stico\" class=\"w-full h-auto object-cover\">\n        <\/a>\n        <div class=\"absolute bottom-0 left-0 w-full bg-black\/30 text-white px-4 py-2\">\n          <h3 class=\"text-lg font-semibold\"> <a href=\"\/pt\/categoria+de+produto\/sacolas-plasticas-transparentes\/\">04 Armazenamento dom\u00e9stico<\/a><\/h3>\n        <\/div>\n        <div class=\"absolute inset-0 bg-blue-900\/80 flex flex-col justify-center p-6 text-white opacity-0 translate-y-full group-hover:translate-y-0 group-hover:opacity-100 transition-all duration-500 ease-in-out\">\n          <h3 class=\"text-xl font-bold mb-2\">Armazenamento dom\u00e9stico<\/h3>\n          <p class=\"mb-4\">Mantenha sua casa organizada com caixas de armazenamento de pl\u00e1stico transparente e dur\u00e1veis, projetadas para uso dom\u00e9stico. Esses recipientes transparentes facilitam a identifica\u00e7\u00e3o r\u00e1pida do conte\u00fado, protegendo-o da poeira e da umidade. <\/p>\n          <a href=\"\/pt\/categoria+de+produto\/sacolas-plasticas-transparentes\/\" class=\"inline-flex items-center gap-2 border border-white px-4 py-2 rounded hover:bg-white hover:text-blue-900 transition\">\n            Ler mais\n            <svg xmlns=\"http:\/\/www.w3.org\/2000\/svg\" class=\"h-4 w-4\" fill=\"none\" viewbox=\"0 0 24 24\" stroke=\"currentColor\">\n              <path stroke-linecap=\"round\" stroke-linejoin=\"round\" stroke-width=\"2\" d=\"M9 5l7 7-7 7\" \/>\n            <\/svg>\n          <\/a>\n        <\/div>\n      <\/div>\n\n      <!-- Card 5 -->\n      <div class=\"relative group rounded-lg overflow-hidden shadow-lg\">\n        <a href=\"\/pt\/categoria+de+produto\/recipientes-empilhaveis\/\">\n          <img decoding=\"async\" src=\"https:\/\/cdn.plastic-crates.com\/wp-content\/uploads\/2019\/11\/collapsible-storage-bins-plastic.jpg\" alt=\"caixa dobr\u00e1vel\" class=\"w-full h-auto object-cover\">\n        <\/a>\n        <div class=\"absolute bottom-0 left-0 w-full bg-black\/30 text-white px-4 py-2\">\n          <h3 class=\"text-lg font-semibold\"><a href=\"\/pt\/categoria+de+produto\/recipientes-empilhaveis\/\">05 Automotivo<\/a> <\/h3>\n        <\/div>\n        <div class=\"absolute inset-0 bg-blue-900\/80 flex flex-col justify-center p-6 text-white opacity-0 translate-y-full group-hover:translate-y-0 group-hover:opacity-100 transition-all duration-500 ease-in-out\">\n          <h3 class=\"text-xl font-bold mb-2\">Automotivo<\/h3>\n          <p class=\"mb-4\">Caixas euro dur\u00e1veis reduzem o desperd\u00edcio de embalagens e os custos com pe\u00e7as automotivas. Usadas pela Ford, Thyssen Krupp e Chep em todo o mundo.<\/p>\n          <a href=\"\/pt\/categoria+de+produto\/recipientes-empilhaveis\/\" class=\"inline-flex items-center gap-2 border border-white px-4 py-2 rounded hover:bg-white hover:text-blue-900 transition\">\n            Ler mais\n            <svg xmlns=\"http:\/\/www.w3.org\/2000\/svg\" class=\"h-4 w-4\" fill=\"none\" viewbox=\"0 0 24 24\" stroke=\"currentColor\">\n              <path stroke-linecap=\"round\" stroke-linejoin=\"round\" stroke-width=\"2\" d=\"M9 5l7 7-7 7\" \/>\n            <\/svg>\n          <\/a>\n        <\/div>\n      <\/div>\n\n      <!-- Card 6 -->\n      <div class=\"relative group rounded-lg overflow-hidden shadow-lg\">\n        <a href=\"\/pt\/categoria+de+produto\/sacolas-com-tampas\/\">\n          <img decoding=\"async\" src=\"https:\/\/cdn.plastic-crates.com\/wp-content\/uploads\/2022\/03\/attached-lid-storage-containers-1.jpg\" alt=\"Log\u00edstica e Armazenagem\" class=\"w-full h-auto object-cover\">\n        <\/a>\n        <div class=\"absolute bottom-0 left-0 w-full bg-black\/30 text-white px-4 py-2\">\n          <h3 class=\"text-lg font-semibold\"><a href=\"\/pt\/categoria+de+produto\/sacolas-com-tampas\/\">06 Log\u00edstica e Armazenagem<\/a><\/h3>\n        <\/div>\n        <div class=\"absolute inset-0 bg-blue-900\/80 flex flex-col justify-center p-6 text-white opacity-0 translate-y-full group-hover:translate-y-0 group-hover:opacity-100 transition-all duration-500 ease-in-out\">\n          <h3 class=\"text-xl font-bold mb-2\">Log\u00edstica e Armazenagem<\/h3>\n          <p class=\"mb-4\">Otimize sua cadeia de suprimentos e maximize a capacidade de armazenamento com nossas caixas de pl\u00e1stico empilh\u00e1veis e resistentes para armaz\u00e9m, projetadas para sistemas de armazenagem automatizados e transporte seguro de produtos.<\/p>\n          <a href=\"\/pt\/categoria+de+produto\/sacolas-com-tampas\/\" class=\"inline-flex items-center gap-2 border border-white px-4 py-2 rounded hover:bg-white hover:text-blue-900 transition\">\n            Ler mais\n            <svg xmlns=\"http:\/\/www.w3.org\/2000\/svg\" class=\"h-4 w-4\" fill=\"none\" viewbox=\"0 0 24 24\" stroke=\"currentColor\">\n              <path stroke-linecap=\"round\" stroke-linejoin=\"round\" stroke-width=\"2\" d=\"M9 5l7 7-7 7\" \/>\n            <\/svg>\n          <\/a>\n        <\/div>\n      <\/div>\n\n    <\/div>\n  <\/div>\n<\/section>\n\n\n\n<section class=\"text-section text-center mt-1\">\n      <div class=\"text-header h2 font-weight-bold\">SOBRE N\u00d3S<\/div>\n      <div class=\"text-header h3 theme-color hidden-xs\">Fabricante e fornecedor de caixas de pl\u00e1stico<\/div>\n      <hr>\n      <div class=\"text-header h3 theme-color visible-xs\">\n        Fabricante de caixas de pl\u00e1stico\n        <br>\n        &amp; Fornecedor\n      <\/div>\n      <div class=\"text-detail h4 p-3\" style=\"line-height: 1.2;\">Obtenha a melhor oferta em sacolas com tampa, caixas dobr\u00e1veis, recipientes empilh\u00e1veis e caixas para armazenamento de pe\u00e7as diretamente de fabrica\u00e7\u00e3o chinesa. Especializada em caixas pl\u00e1sticas e engradados para armazenamento, log\u00edstica e transporte.<\/div>\n      <div>\n        <a type=\"button\" href=\"\/pt\/contate-nos\/\" class=\"btn btn-danger\">Saber mais<\/a>\n      <\/div>\n      <hr>\n      <div class=\"text-detail h4 p-3 visible-xs\" style=\"line-height: 1.2;\">N\u00e3o procure mais, buscamos benef\u00edcios m\u00fatuos e buscamos construir um relacionamento comercial duradouro.<\/div>\n    <\/section>","protected":false},"excerpt":{"rendered":"<p>Caixas pl\u00e1sticas por atacado, Caixas com tampas por atacado, Recipientes para paletes, Recipientes empilh\u00e1veis, Caixas dobr\u00e1veis... etc. N\u00e3o procure mais, n\u00f3s nos esfor\u00e7amos...<\/p>","protected":false},"author":1,"featured_media":0,"parent":0,"menu_order":0,"comment_status":"closed","ping_status":"closed","template":"","meta":{"_acf_changed":false,"footnotes":""},"class_list":["post-7","page","type-page","status-publish","hentry"],"acf":[],"yoast_head":"<!-- This site is optimized with the Yoast SEO plugin v26.1.1 - https:\/\/yoast.com\/wordpress\/plugins\/seo\/ -->\n<title>Plastic Crates, Plastic Storage Crates, Cheap Stackable Plastic crates sale<\/title>\n<meta name=\"description\" content=\"we are a Plastic Crates manufacturer and wholesale a range of Plastic Storage Crates, including Stackable Plastic crates, plastic pallet containers, etc!\" \/>\n<meta name=\"robots\" content=\"index, follow, max-snippet:-1, max-image-preview:large, max-video-preview:-1\" \/>\n<link rel=\"canonical\" href=\"https:\/\/www.plastic-crates.com\/pt\/\" \/>\n<meta property=\"og:locale\" content=\"pt_PT\" \/>\n<meta property=\"og:type\" content=\"article\" \/>\n<meta property=\"og:title\" content=\"Plastic Crates, Plastic Storage Crates, Cheap Stackable Plastic crates sale\" \/>\n<meta property=\"og:description\" content=\"we are a Plastic Crates manufacturer and wholesale a range of Plastic Storage Crates, including Stackable Plastic crates, plastic pallet containers, etc!\" \/>\n<meta property=\"og:url\" content=\"https:\/\/www.plastic-crates.com\/pt\/\" \/>\n<meta property=\"og:site_name\" content=\"plastic-crates.com\" \/>\n<meta property=\"article:modified_time\" content=\"2025-08-25T23:09:09+00:00\" \/>\n<meta property=\"og:image\" content=\"https:\/\/cdn.plastic-crates.com\/wp-content\/uploads\/2019\/11\/stackable-pallet-containers-1.jpg\" \/>\n<meta name=\"twitter:card\" content=\"summary_large_image\" \/>\n<meta name=\"twitter:label1\" content=\"Tempo estimado de leitura\" \/>\n\t<meta name=\"twitter:data1\" content=\"4 minutos\" \/>\n<script type=\"application\/ld+json\" class=\"yoast-schema-graph\">{\"@context\":\"https:\/\/schema.org\",\"@graph\":[{\"@type\":\"WebPage\",\"@id\":\"https:\/\/www.plastic-crates.com\/\",\"url\":\"https:\/\/www.plastic-crates.com\/\",\"name\":\"Plastic Crates, Plastic Storage Crates, Cheap Stackable Plastic crates sale\",\"isPartOf\":{\"@id\":\"https:\/\/www.plastic-crates.com\/#website\"},\"primaryImageOfPage\":{\"@id\":\"https:\/\/www.plastic-crates.com\/#primaryimage\"},\"image\":{\"@id\":\"https:\/\/www.plastic-crates.com\/#primaryimage\"},\"thumbnailUrl\":\"https:\/\/cdn.plastic-crates.com\/wp-content\/uploads\/2019\/11\/stackable-pallet-containers-1.jpg\",\"datePublished\":\"2016-10-30T18:08:01+00:00\",\"dateModified\":\"2025-08-25T23:09:09+00:00\",\"description\":\"we are a Plastic Crates manufacturer and wholesale a range of Plastic Storage Crates, including Stackable Plastic crates, plastic pallet containers, etc!\",\"inLanguage\":\"pt-PT\",\"potentialAction\":[{\"@type\":\"ReadAction\",\"target\":[\"https:\/\/www.plastic-crates.com\/\"]}]},{\"@type\":\"ImageObject\",\"inLanguage\":\"pt-PT\",\"@id\":\"https:\/\/www.plastic-crates.com\/#primaryimage\",\"url\":\"https:\/\/cdn.plastic-crates.com\/wp-content\/uploads\/2019\/11\/stackable-pallet-containers-1.jpg\",\"contentUrl\":\"https:\/\/cdn.plastic-crates.com\/wp-content\/uploads\/2019\/11\/stackable-pallet-containers-1.jpg\"},{\"@type\":\"WebSite\",\"@id\":\"https:\/\/www.plastic-crates.com\/#website\",\"url\":\"https:\/\/www.plastic-crates.com\/\",\"name\":\"plastic-crates.com\",\"description\":\"Leading plastic crates manufacturer in China\",\"potentialAction\":[{\"@type\":\"SearchAction\",\"target\":{\"@type\":\"EntryPoint\",\"urlTemplate\":\"https:\/\/www.plastic-crates.com\/?s={search_term_string}\"},\"query-input\":{\"@type\":\"PropertyValueSpecification\",\"valueRequired\":true,\"valueName\":\"search_term_string\"}}],\"inLanguage\":\"pt-PT\"}]}<\/script>\n<!-- \/ Yoast SEO plugin. -->","yoast_head_json":{"title":"Caixas de pl\u00e1stico, caixas de armazenamento de pl\u00e1stico, venda de caixas de pl\u00e1stico empilh\u00e1veis baratas","description":"Somos fabricantes de caixas de pl\u00e1stico e vendemos no atacado uma variedade de caixas de armazenamento de pl\u00e1stico, incluindo caixas de pl\u00e1stico empilh\u00e1veis, cont\u00eaineres de paletes de pl\u00e1stico, etc.","robots":{"index":"index","follow":"follow","max-snippet":"max-snippet:-1","max-image-preview":"max-image-preview:large","max-video-preview":"max-video-preview:-1"},"canonical":"https:\/\/www.plastic-crates.com\/pt\/","og_locale":"pt_PT","og_type":"article","og_title":"Plastic Crates, Plastic Storage Crates, Cheap Stackable Plastic crates sale","og_description":"we are a Plastic Crates manufacturer and wholesale a range of Plastic Storage Crates, including Stackable Plastic crates, plastic pallet containers, etc!","og_url":"https:\/\/www.plastic-crates.com\/pt\/","og_site_name":"plastic-crates.com","article_modified_time":"2025-08-25T23:09:09+00:00","og_image":[{"url":"https:\/\/cdn.plastic-crates.com\/wp-content\/uploads\/2019\/11\/stackable-pallet-containers-1.jpg","type":"","width":"","height":""}],"twitter_card":"summary_large_image","twitter_misc":{"Tempo estimado de leitura":"4 minutos"},"schema":{"@context":"https:\/\/schema.org","@graph":[{"@type":"WebPage","@id":"https:\/\/www.plastic-crates.com\/","url":"https:\/\/www.plastic-crates.com\/","name":"Caixas de pl\u00e1stico, caixas de armazenamento de pl\u00e1stico, venda de caixas de pl\u00e1stico empilh\u00e1veis baratas","isPartOf":{"@id":"https:\/\/www.plastic-crates.com\/#website"},"primaryImageOfPage":{"@id":"https:\/\/www.plastic-crates.com\/#primaryimage"},"image":{"@id":"https:\/\/www.plastic-crates.com\/#primaryimage"},"thumbnailUrl":"https:\/\/cdn.plastic-crates.com\/wp-content\/uploads\/2019\/11\/stackable-pallet-containers-1.jpg","datePublished":"2016-10-30T18:08:01+00:00","dateModified":"2025-08-25T23:09:09+00:00","description":"Somos fabricantes de caixas de pl\u00e1stico e vendemos no atacado uma variedade de caixas de armazenamento de pl\u00e1stico, incluindo caixas de pl\u00e1stico empilh\u00e1veis, cont\u00eaineres de paletes de pl\u00e1stico, etc.","inLanguage":"pt-PT","potentialAction":[{"@type":"ReadAction","target":["https:\/\/www.plastic-crates.com\/"]}]},{"@type":"ImageObject","inLanguage":"pt-PT","@id":"https:\/\/www.plastic-crates.com\/#primaryimage","url":"https:\/\/cdn.plastic-crates.com\/wp-content\/uploads\/2019\/11\/stackable-pallet-containers-1.jpg","contentUrl":"https:\/\/cdn.plastic-crates.com\/wp-content\/uploads\/2019\/11\/stackable-pallet-containers-1.jpg"},{"@type":"WebSite","@id":"https:\/\/www.plastic-crates.com\/#website","url":"https:\/\/www.plastic-crates.com\/","name":"plastic-crates.com","description":"Fabricante l\u00edder de caixas pl\u00e1sticas na China","potentialAction":[{"@type":"SearchAction","target":{"@type":"EntryPoint","urlTemplate":"https:\/\/www.plastic-crates.com\/?s={search_term_string}"},"query-input":{"@type":"PropertyValueSpecification","valueRequired":true,"valueName":"search_term_string"}}],"inLanguage":"pt-PT"}]}},"_links":{"self":[{"href":"https:\/\/www.plastic-crates.com\/pt\/wp-json\/wp\/v2\/pages\/7","targetHints":{"allow":["GET"]}}],"collection":[{"href":"https:\/\/www.plastic-crates.com\/pt\/wp-json\/wp\/v2\/pages"}],"about":[{"href":"https:\/\/www.plastic-crates.com\/pt\/wp-json\/wp\/v2\/types\/page"}],"author":[{"embeddable":true,"href":"https:\/\/www.plastic-crates.com\/pt\/wp-json\/wp\/v2\/users\/1"}],"replies":[{"embeddable":true,"href":"https:\/\/www.plastic-crates.com\/pt\/wp-json\/wp\/v2\/comments?post=7"}],"version-history":[{"count":88,"href":"https:\/\/www.plastic-crates.com\/pt\/wp-json\/wp\/v2\/pages\/7\/revisions"}],"predecessor-version":[{"id":7677,"href":"https:\/\/www.plastic-crates.com\/pt\/wp-json\/wp\/v2\/pages\/7\/revisions\/7677"}],"wp:attachment":[{"href":"https:\/\/www.plastic-crates.com\/pt\/wp-json\/wp\/v2\/media?parent=7"}],"curies":[{"name":"wp","href":"https:\/\/api.w.org\/{rel}","templated":true}]}}