{"id":5949,"date":"2019-11-15T13:50:11","date_gmt":"2019-11-15T13:50:11","guid":{"rendered":"https:\/\/www.plastic-crates.com\/product\/auto-plastic-logistics-box-zjkk6040295c-1\/"},"modified":"2025-01-16T06:34:18","modified_gmt":"2025-01-16T06:34:18","slug":"caixa-de-logistica-de-plastico-para-automoveis-zjkk6040295c-1","status":"publish","type":"product","link":"https:\/\/www.plastic-crates.com\/pt\/produto\/caixa-de-logistica-de-plastico-para-automoveis-zjkk6040295c-1\/","title":{"rendered":"caixa de log\u00edstica de pl\u00e1stico para autom\u00f3veis-JOIN-KK6040295C-1"},"content":{"rendered":"","protected":false},"excerpt":{"rendered":"<div><a href=\"https:\/\/www.plastic-crates.com\/pt\/categoria+de+produto\/recipientes-empilhaveis\/\" target=\"_blank\" rel=\"noopener noreferrer\">caixas de armazenamento empilh\u00e1veis<\/a>,<a href=\"https:\/\/www.plastic-crates.com\/pt\/categoria+de+produto\/caixa-dobravel-3\/\" target=\"_blank\" rel=\"noopener noreferrer\">caixas de armazenamento de pl\u00e1stico<\/a>,<a href=\"https:\/\/www.plastic-crates.com\/pt\/categoria+de+produto\/caixas-de-armazenamento-de-pecas\/\" target=\"_blank\" rel=\"noopener noreferrer\">caixas de pl\u00e1stico para prateleira de cubo<\/a>,<a href=\"https:\/\/www.plastic-crates.com\/pt\/categoria+de+produto\/sacolas-com-tampas\/\" target=\"_blank\" rel=\"noopener noreferrer\">recipientes de armazenamento de pl\u00e1stico extra grandes<\/a>,<a href=\"https:\/\/www.plastic-crates.com\/pt\/categoria+de+produto\/conteiner-de-paletes\/\" target=\"_blank\" rel=\"noopener noreferrer\">caixas de paletes de pl\u00e1stico para venda<\/a><\/div>","protected":false},"featured_media":5950,"template":"","meta":{"_acf_changed":false},"product_brand":[],"product_cat":[11],"product_tag":[134,102],"class_list":{"0":"post-5949","1":"product","2":"type-product","3":"status-publish","4":"has-post-thumbnail","6":"product_cat-collapsable-box","7":"product_tag-collapsible-plastic-crates-with-lids","8":"product_tag-plastic-folding-basket","10":"first","11":"instock","12":"sale","13":"purchasable","14":"product-type-simple"},"acf":[],"yoast_head":"<!-- This site is optimized with the Yoast SEO plugin v26.1.1 - https:\/\/yoast.com\/wordpress\/plugins\/seo\/ -->\n<title>auto plastic logistics box wholesale &amp; Factory Price<\/title>\n<meta name=\"description\" content=\"Wholesale auto plastic logistics box, collapsable box supplier, Dimensions(L*W*H):600 * 400 * 295 mm, Volume: 56.45L, auto plastic logistics box for sale\" \/>\n<meta name=\"robots\" content=\"index, follow, max-snippet:-1, max-image-preview:large, max-video-preview:-1\" \/>\n<link rel=\"canonical\" href=\"https:\/\/www.plastic-crates.com\/pt\/produto\/caixa-de-logistica-de-plastico-para-automoveis-zjkk6040295c-1\/\" \/>\n<meta property=\"og:locale\" content=\"pt_PT\" \/>\n<meta property=\"og:type\" content=\"article\" \/>\n<meta property=\"og:title\" content=\"auto plastic logistics box\" \/>\n<meta property=\"og:description\" content=\"Wholesale auto plastic logistics box, collapsable box supplier, Dimensions(L*W*H):600 * 400 * 295 mm, Volume: 56.45L, auto plastic logistics box for sale\" \/>\n<meta property=\"og:url\" content=\"https:\/\/www.plastic-crates.com\/pt\/produto\/caixa-de-logistica-de-plastico-para-automoveis-zjkk6040295c-1\/\" \/>\n<meta property=\"og:site_name\" content=\"plastic-crates.com\" \/>\n<meta property=\"article:modified_time\" content=\"2025-01-16T06:34:18+00:00\" \/>\n<meta property=\"og:image\" content=\"https:\/\/www.plastic-crates.com\/wp-content\/uploads\/2019\/11\/auto-plastic-logistics-box.jpg\" \/>\n\t<meta property=\"og:image:width\" content=\"498\" \/>\n\t<meta property=\"og:image:height\" content=\"315\" \/>\n\t<meta property=\"og:image:type\" content=\"image\/jpeg\" \/>\n<meta name=\"twitter:card\" content=\"summary_large_image\" \/>\n<meta name=\"twitter:title\" content=\"auto plastic logistics box\" \/>\n<meta name=\"twitter:label1\" content=\"Tempo estimado de leitura\" \/>\n\t<meta name=\"twitter:data1\" content=\"1 minuto\" \/>\n<script type=\"application\/ld+json\" class=\"yoast-schema-graph\">{\"@context\":\"https:\/\/schema.org\",\"@graph\":[{\"@type\":\"WebPage\",\"@id\":\"https:\/\/www.plastic-crates.com\/product\/auto-plastic-logistics-box-zjkk6040295c-1\/\",\"url\":\"https:\/\/www.plastic-crates.com\/product\/auto-plastic-logistics-box-zjkk6040295c-1\/\",\"name\":\"auto plastic logistics box wholesale & Factory Price\",\"isPartOf\":{\"@id\":\"https:\/\/www.plastic-crates.com\/#website\"},\"primaryImageOfPage\":{\"@id\":\"https:\/\/www.plastic-crates.com\/product\/auto-plastic-logistics-box-zjkk6040295c-1\/#primaryimage\"},\"image\":{\"@id\":\"https:\/\/www.plastic-crates.com\/product\/auto-plastic-logistics-box-zjkk6040295c-1\/#primaryimage\"},\"thumbnailUrl\":\"https:\/\/www.plastic-crates.com\/wp-content\/uploads\/2019\/11\/auto-plastic-logistics-box.jpg\",\"datePublished\":\"2019-11-15T13:50:11+00:00\",\"dateModified\":\"2025-01-16T06:34:18+00:00\",\"description\":\"Wholesale auto plastic logistics box, collapsable box supplier, Dimensions(L*W*H):600 * 400 * 295 mm, Volume: 56.45L, auto plastic logistics box for sale\",\"breadcrumb\":{\"@id\":\"https:\/\/www.plastic-crates.com\/product\/auto-plastic-logistics-box-zjkk6040295c-1\/#breadcrumb\"},\"inLanguage\":\"pt-PT\",\"potentialAction\":[{\"@type\":\"ReadAction\",\"target\":[\"https:\/\/www.plastic-crates.com\/product\/auto-plastic-logistics-box-zjkk6040295c-1\/\"]}]},{\"@type\":\"ImageObject\",\"inLanguage\":\"pt-PT\",\"@id\":\"https:\/\/www.plastic-crates.com\/product\/auto-plastic-logistics-box-zjkk6040295c-1\/#primaryimage\",\"url\":\"https:\/\/www.plastic-crates.com\/wp-content\/uploads\/2019\/11\/auto-plastic-logistics-box.jpg\",\"contentUrl\":\"https:\/\/www.plastic-crates.com\/wp-content\/uploads\/2019\/11\/auto-plastic-logistics-box.jpg\",\"width\":498,\"height\":315,\"caption\":\"auto plastic logistics box\"},{\"@type\":\"BreadcrumbList\",\"@id\":\"https:\/\/www.plastic-crates.com\/product\/auto-plastic-logistics-box-zjkk6040295c-1\/#breadcrumb\",\"itemListElement\":[{\"@type\":\"ListItem\",\"position\":1,\"name\":\"Home\",\"item\":\"https:\/\/www.plastic-crates.com\/\"},{\"@type\":\"ListItem\",\"position\":2,\"name\":\"Products\",\"item\":\"https:\/\/www.plastic-crates.com\/shop\/\"},{\"@type\":\"ListItem\",\"position\":3,\"name\":\"auto plastic logistics box-JOIN-KK6040295C-1\"}]},{\"@type\":\"WebSite\",\"@id\":\"https:\/\/www.plastic-crates.com\/#website\",\"url\":\"https:\/\/www.plastic-crates.com\/\",\"name\":\"plastic-crates.com\",\"description\":\"Leading plastic crates manufacturer in China\",\"potentialAction\":[{\"@type\":\"SearchAction\",\"target\":{\"@type\":\"EntryPoint\",\"urlTemplate\":\"https:\/\/www.plastic-crates.com\/?s={search_term_string}\"},\"query-input\":{\"@type\":\"PropertyValueSpecification\",\"valueRequired\":true,\"valueName\":\"search_term_string\"}}],\"inLanguage\":\"pt-PT\"}]}<\/script>\n<!-- \/ Yoast SEO plugin. -->","yoast_head_json":{"title":"Caixa de log\u00edstica de pl\u00e1stico para autom\u00f3veis no atacado e pre\u00e7o de f\u00e1brica","description":"Caixa de log\u00edstica de pl\u00e1stico para autom\u00f3veis por atacado, fornecedor de caixa dobr\u00e1vel, Dimens\u00f5es (C*L*A): 600 * 400 * 295 mm, Volume: 56,45 L, caixa de log\u00edstica de pl\u00e1stico para autom\u00f3veis \u00e0 venda","robots":{"index":"index","follow":"follow","max-snippet":"max-snippet:-1","max-image-preview":"max-image-preview:large","max-video-preview":"max-video-preview:-1"},"canonical":"https:\/\/www.plastic-crates.com\/pt\/produto\/caixa-de-logistica-de-plastico-para-automoveis-zjkk6040295c-1\/","og_locale":"pt_PT","og_type":"article","og_title":"auto plastic logistics box","og_description":"Wholesale auto plastic logistics box, collapsable box supplier, Dimensions(L*W*H):600 * 400 * 295 mm, Volume: 56.45L, auto plastic logistics box for sale","og_url":"https:\/\/www.plastic-crates.com\/pt\/produto\/caixa-de-logistica-de-plastico-para-automoveis-zjkk6040295c-1\/","og_site_name":"plastic-crates.com","article_modified_time":"2025-01-16T06:34:18+00:00","og_image":[{"width":498,"height":315,"url":"https:\/\/www.plastic-crates.com\/wp-content\/uploads\/2019\/11\/auto-plastic-logistics-box.jpg","type":"image\/jpeg"}],"twitter_card":"summary_large_image","twitter_title":"auto plastic logistics box","twitter_misc":{"Tempo estimado de leitura":"1 minuto"},"schema":{"@context":"https:\/\/schema.org","@graph":[{"@type":"WebPage","@id":"https:\/\/www.plastic-crates.com\/product\/auto-plastic-logistics-box-zjkk6040295c-1\/","url":"https:\/\/www.plastic-crates.com\/product\/auto-plastic-logistics-box-zjkk6040295c-1\/","name":"Caixa de log\u00edstica de pl\u00e1stico para autom\u00f3veis no atacado e pre\u00e7o de f\u00e1brica","isPartOf":{"@id":"https:\/\/www.plastic-crates.com\/#website"},"primaryImageOfPage":{"@id":"https:\/\/www.plastic-crates.com\/product\/auto-plastic-logistics-box-zjkk6040295c-1\/#primaryimage"},"image":{"@id":"https:\/\/www.plastic-crates.com\/product\/auto-plastic-logistics-box-zjkk6040295c-1\/#primaryimage"},"thumbnailUrl":"https:\/\/www.plastic-crates.com\/wp-content\/uploads\/2019\/11\/auto-plastic-logistics-box.jpg","datePublished":"2019-11-15T13:50:11+00:00","dateModified":"2025-01-16T06:34:18+00:00","description":"Caixa de log\u00edstica de pl\u00e1stico para autom\u00f3veis por atacado, fornecedor de caixa dobr\u00e1vel, Dimens\u00f5es (C*L*A): 600 * 400 * 295 mm, Volume: 56,45 L, caixa de log\u00edstica de pl\u00e1stico para autom\u00f3veis \u00e0 venda","breadcrumb":{"@id":"https:\/\/www.plastic-crates.com\/product\/auto-plastic-logistics-box-zjkk6040295c-1\/#breadcrumb"},"inLanguage":"pt-PT","potentialAction":[{"@type":"ReadAction","target":["https:\/\/www.plastic-crates.com\/product\/auto-plastic-logistics-box-zjkk6040295c-1\/"]}]},{"@type":"ImageObject","inLanguage":"pt-PT","@id":"https:\/\/www.plastic-crates.com\/product\/auto-plastic-logistics-box-zjkk6040295c-1\/#primaryimage","url":"https:\/\/www.plastic-crates.com\/wp-content\/uploads\/2019\/11\/auto-plastic-logistics-box.jpg","contentUrl":"https:\/\/www.plastic-crates.com\/wp-content\/uploads\/2019\/11\/auto-plastic-logistics-box.jpg","width":498,"height":315,"caption":"auto plastic logistics box"},{"@type":"BreadcrumbList","@id":"https:\/\/www.plastic-crates.com\/product\/auto-plastic-logistics-box-zjkk6040295c-1\/#breadcrumb","itemListElement":[{"@type":"ListItem","position":1,"name":"Home","item":"https:\/\/www.plastic-crates.com\/"},{"@type":"ListItem","position":2,"name":"Products","item":"https:\/\/www.plastic-crates.com\/shop\/"},{"@type":"ListItem","position":3,"name":"auto plastic logistics box-JOIN-KK6040295C-1"}]},{"@type":"WebSite","@id":"https:\/\/www.plastic-crates.com\/#website","url":"https:\/\/www.plastic-crates.com\/","name":"plastic-crates.com","description":"Fabricante l\u00edder de caixas pl\u00e1sticas na China","potentialAction":[{"@type":"SearchAction","target":{"@type":"EntryPoint","urlTemplate":"https:\/\/www.plastic-crates.com\/?s={search_term_string}"},"query-input":{"@type":"PropertyValueSpecification","valueRequired":true,"valueName":"search_term_string"}}],"inLanguage":"pt-PT"}]}},"_links":{"self":[{"href":"https:\/\/www.plastic-crates.com\/pt\/wp-json\/wp\/v2\/product\/5949","targetHints":{"allow":["GET"]}}],"collection":[{"href":"https:\/\/www.plastic-crates.com\/pt\/wp-json\/wp\/v2\/product"}],"about":[{"href":"https:\/\/www.plastic-crates.com\/pt\/wp-json\/wp\/v2\/types\/product"}],"wp:featuredmedia":[{"embeddable":true,"href":"https:\/\/www.plastic-crates.com\/pt\/wp-json\/wp\/v2\/media\/5950"}],"wp:attachment":[{"href":"https:\/\/www.plastic-crates.com\/pt\/wp-json\/wp\/v2\/media?parent=5949"}],"wp:term":[{"taxonomy":"product_brand","embeddable":true,"href":"https:\/\/www.plastic-crates.com\/pt\/wp-json\/wp\/v2\/product_brand?post=5949"},{"taxonomy":"product_cat","embeddable":true,"href":"https:\/\/www.plastic-crates.com\/pt\/wp-json\/wp\/v2\/product_cat?post=5949"},{"taxonomy":"product_tag","embeddable":true,"href":"https:\/\/www.plastic-crates.com\/pt\/wp-json\/wp\/v2\/product_tag?post=5949"}],"curies":[{"name":"wp","href":"https:\/\/api.w.org\/{rel}","templated":true}]}}