{"id":6042,"date":"2019-07-28T19:58:57","date_gmt":"2019-07-28T19:58:57","guid":{"rendered":"https:\/\/www.plastic-crates.com\/product\/plastic-collapsible-box-zjkk604034c\/"},"modified":"2019-11-23T03:42:48","modified_gmt":"2019-11-23T03:42:48","slug":"caixa-de-plastico-dobravel-zjkk604034c","status":"publish","type":"product","link":"https:\/\/www.plastic-crates.com\/pt\/produto\/caixa-de-plastico-dobravel-zjkk604034c\/","title":{"rendered":"caixa de pl\u00e1stico dobr\u00e1vel-JOIN-KK604034C"},"content":{"rendered":"","protected":false},"excerpt":{"rendered":"<div><a href=\"https:\/\/www.plastic-crates.com\/pt\/categoria+de+produto\/caixa-dobravel-3\/\" target=\"_blank\" rel=\"noopener noreferrer\">caixa de armazenamento dobr\u00e1vel e dobr\u00e1vel<\/a>,<a href=\"https:\/\/www.plastic-crates.com\/pt\/categoria+de+produto\/conteiner-de-paletes\/\" target=\"_blank\" rel=\"noopener noreferrer\">caixas de armazenamento de pl\u00e1stico a granel<\/a>,<a href=\"https:\/\/www.plastic-crates.com\/pt\/categoria+de+produto\/recipientes-empilhaveis\/\" target=\"_blank\" rel=\"noopener noreferrer\">pequenas caixas de armazenamento empilh\u00e1veis<\/a>,<a href=\"https:\/\/www.plastic-crates.com\/pt\/categoria+de+produto\/sacolas-com-tampas\/\" target=\"_blank\" rel=\"noopener noreferrer\">grandes recipientes de armazenamento de pl\u00e1stico<\/a>,<a href=\"https:\/\/www.plastic-crates.com\/pt\/categoria+de+produto\/caixas-de-armazenamento-de-pecas\/\" target=\"_blank\" rel=\"noopener noreferrer\">caixas de armazenamento de pl\u00e1stico com gavetas<\/a><\/div>","protected":false},"featured_media":6043,"template":"","meta":{"_acf_changed":false},"product_brand":[],"product_cat":[11],"product_tag":[102],"class_list":{"0":"post-6042","1":"product","2":"type-product","3":"status-publish","4":"has-post-thumbnail","6":"product_cat-collapsable-box","7":"product_tag-plastic-folding-basket","9":"first","10":"instock","11":"product-type-simple"},"acf":[],"yoast_head":"<!-- This site is optimized with the Yoast SEO plugin v26.1.1 - https:\/\/yoast.com\/wordpress\/plugins\/seo\/ -->\n<title>plastic collapsible box wholesale &amp; Factory Price<\/title>\n<meta name=\"description\" content=\"Wholesale plastic collapsible box, collapsable box supplier, Dimensions(L*W*H):600 * 400 * 340 mm, Volume: 63.10L, plastic collapsible box for sale\" \/>\n<meta name=\"robots\" content=\"index, follow, max-snippet:-1, max-image-preview:large, max-video-preview:-1\" \/>\n<link rel=\"canonical\" href=\"https:\/\/www.plastic-crates.com\/pt\/produto\/caixa-de-plastico-dobravel-zjkk604034c\/\" \/>\n<meta property=\"og:locale\" content=\"pt_PT\" \/>\n<meta property=\"og:type\" content=\"article\" \/>\n<meta property=\"og:title\" content=\"plastic collapsible box\" \/>\n<meta property=\"og:description\" content=\"Wholesale plastic collapsible box, collapsable box supplier, Dimensions(L*W*H):600 * 400 * 340 mm, Volume: 63.10L, plastic collapsible box for sale\" \/>\n<meta property=\"og:url\" content=\"https:\/\/www.plastic-crates.com\/pt\/produto\/caixa-de-plastico-dobravel-zjkk604034c\/\" \/>\n<meta property=\"og:site_name\" content=\"plastic-crates.com\" \/>\n<meta property=\"article:modified_time\" content=\"2019-11-23T03:42:48+00:00\" \/>\n<meta property=\"og:image\" content=\"https:\/\/www.plastic-crates.com\/wp-content\/uploads\/2019\/11\/plastic-collapsible-box.jpg\" \/>\n\t<meta property=\"og:image:width\" content=\"498\" \/>\n\t<meta property=\"og:image:height\" content=\"314\" \/>\n\t<meta property=\"og:image:type\" content=\"image\/jpeg\" \/>\n<meta name=\"twitter:card\" content=\"summary_large_image\" \/>\n<meta name=\"twitter:title\" content=\"plastic collapsible box\" \/>\n<script type=\"application\/ld+json\" class=\"yoast-schema-graph\">{\"@context\":\"https:\/\/schema.org\",\"@graph\":[{\"@type\":\"WebPage\",\"@id\":\"https:\/\/www.plastic-crates.com\/product\/plastic-collapsible-box-zjkk604034c\/\",\"url\":\"https:\/\/www.plastic-crates.com\/product\/plastic-collapsible-box-zjkk604034c\/\",\"name\":\"plastic collapsible box wholesale & Factory Price\",\"isPartOf\":{\"@id\":\"https:\/\/www.plastic-crates.com\/#website\"},\"primaryImageOfPage\":{\"@id\":\"https:\/\/www.plastic-crates.com\/product\/plastic-collapsible-box-zjkk604034c\/#primaryimage\"},\"image\":{\"@id\":\"https:\/\/www.plastic-crates.com\/product\/plastic-collapsible-box-zjkk604034c\/#primaryimage\"},\"thumbnailUrl\":\"https:\/\/www.plastic-crates.com\/wp-content\/uploads\/2019\/11\/plastic-collapsible-box.jpg\",\"datePublished\":\"2019-07-28T19:58:57+00:00\",\"dateModified\":\"2019-11-23T03:42:48+00:00\",\"description\":\"Wholesale plastic collapsible box, collapsable box supplier, Dimensions(L*W*H):600 * 400 * 340 mm, Volume: 63.10L, plastic collapsible box for sale\",\"breadcrumb\":{\"@id\":\"https:\/\/www.plastic-crates.com\/product\/plastic-collapsible-box-zjkk604034c\/#breadcrumb\"},\"inLanguage\":\"pt-PT\",\"potentialAction\":[{\"@type\":\"ReadAction\",\"target\":[\"https:\/\/www.plastic-crates.com\/product\/plastic-collapsible-box-zjkk604034c\/\"]}]},{\"@type\":\"ImageObject\",\"inLanguage\":\"pt-PT\",\"@id\":\"https:\/\/www.plastic-crates.com\/product\/plastic-collapsible-box-zjkk604034c\/#primaryimage\",\"url\":\"https:\/\/www.plastic-crates.com\/wp-content\/uploads\/2019\/11\/plastic-collapsible-box.jpg\",\"contentUrl\":\"https:\/\/www.plastic-crates.com\/wp-content\/uploads\/2019\/11\/plastic-collapsible-box.jpg\",\"width\":498,\"height\":314,\"caption\":\"plastic collapsible box\"},{\"@type\":\"BreadcrumbList\",\"@id\":\"https:\/\/www.plastic-crates.com\/product\/plastic-collapsible-box-zjkk604034c\/#breadcrumb\",\"itemListElement\":[{\"@type\":\"ListItem\",\"position\":1,\"name\":\"Home\",\"item\":\"https:\/\/www.plastic-crates.com\/\"},{\"@type\":\"ListItem\",\"position\":2,\"name\":\"Products\",\"item\":\"https:\/\/www.plastic-crates.com\/shop\/\"},{\"@type\":\"ListItem\",\"position\":3,\"name\":\"plastic collapsible box-JOIN-KK604034C\"}]},{\"@type\":\"WebSite\",\"@id\":\"https:\/\/www.plastic-crates.com\/#website\",\"url\":\"https:\/\/www.plastic-crates.com\/\",\"name\":\"plastic-crates.com\",\"description\":\"Leading plastic crates manufacturer in China\",\"potentialAction\":[{\"@type\":\"SearchAction\",\"target\":{\"@type\":\"EntryPoint\",\"urlTemplate\":\"https:\/\/www.plastic-crates.com\/?s={search_term_string}\"},\"query-input\":{\"@type\":\"PropertyValueSpecification\",\"valueRequired\":true,\"valueName\":\"search_term_string\"}}],\"inLanguage\":\"pt-PT\"}]}<\/script>\n<!-- \/ Yoast SEO plugin. -->","yoast_head_json":{"title":"caixa de pl\u00e1stico dobr\u00e1vel atacado e pre\u00e7o de f\u00e1brica","description":"Caixa dobr\u00e1vel de pl\u00e1stico por atacado, fornecedor de caixa dobr\u00e1vel, Dimens\u00f5es (C*L*A): 600 * 400 * 340 mm, Volume: 63,10 L, caixa dobr\u00e1vel de pl\u00e1stico para venda","robots":{"index":"index","follow":"follow","max-snippet":"max-snippet:-1","max-image-preview":"max-image-preview:large","max-video-preview":"max-video-preview:-1"},"canonical":"https:\/\/www.plastic-crates.com\/pt\/produto\/caixa-de-plastico-dobravel-zjkk604034c\/","og_locale":"pt_PT","og_type":"article","og_title":"plastic collapsible box","og_description":"Wholesale plastic collapsible box, collapsable box supplier, Dimensions(L*W*H):600 * 400 * 340 mm, Volume: 63.10L, plastic collapsible box for sale","og_url":"https:\/\/www.plastic-crates.com\/pt\/produto\/caixa-de-plastico-dobravel-zjkk604034c\/","og_site_name":"plastic-crates.com","article_modified_time":"2019-11-23T03:42:48+00:00","og_image":[{"width":498,"height":314,"url":"https:\/\/www.plastic-crates.com\/wp-content\/uploads\/2019\/11\/plastic-collapsible-box.jpg","type":"image\/jpeg"}],"twitter_card":"summary_large_image","twitter_title":"plastic collapsible box","schema":{"@context":"https:\/\/schema.org","@graph":[{"@type":"WebPage","@id":"https:\/\/www.plastic-crates.com\/product\/plastic-collapsible-box-zjkk604034c\/","url":"https:\/\/www.plastic-crates.com\/product\/plastic-collapsible-box-zjkk604034c\/","name":"caixa de pl\u00e1stico dobr\u00e1vel atacado e pre\u00e7o de f\u00e1brica","isPartOf":{"@id":"https:\/\/www.plastic-crates.com\/#website"},"primaryImageOfPage":{"@id":"https:\/\/www.plastic-crates.com\/product\/plastic-collapsible-box-zjkk604034c\/#primaryimage"},"image":{"@id":"https:\/\/www.plastic-crates.com\/product\/plastic-collapsible-box-zjkk604034c\/#primaryimage"},"thumbnailUrl":"https:\/\/www.plastic-crates.com\/wp-content\/uploads\/2019\/11\/plastic-collapsible-box.jpg","datePublished":"2019-07-28T19:58:57+00:00","dateModified":"2019-11-23T03:42:48+00:00","description":"Caixa dobr\u00e1vel de pl\u00e1stico por atacado, fornecedor de caixa dobr\u00e1vel, Dimens\u00f5es (C*L*A): 600 * 400 * 340 mm, Volume: 63,10 L, caixa dobr\u00e1vel de pl\u00e1stico para venda","breadcrumb":{"@id":"https:\/\/www.plastic-crates.com\/product\/plastic-collapsible-box-zjkk604034c\/#breadcrumb"},"inLanguage":"pt-PT","potentialAction":[{"@type":"ReadAction","target":["https:\/\/www.plastic-crates.com\/product\/plastic-collapsible-box-zjkk604034c\/"]}]},{"@type":"ImageObject","inLanguage":"pt-PT","@id":"https:\/\/www.plastic-crates.com\/product\/plastic-collapsible-box-zjkk604034c\/#primaryimage","url":"https:\/\/www.plastic-crates.com\/wp-content\/uploads\/2019\/11\/plastic-collapsible-box.jpg","contentUrl":"https:\/\/www.plastic-crates.com\/wp-content\/uploads\/2019\/11\/plastic-collapsible-box.jpg","width":498,"height":314,"caption":"plastic collapsible box"},{"@type":"BreadcrumbList","@id":"https:\/\/www.plastic-crates.com\/product\/plastic-collapsible-box-zjkk604034c\/#breadcrumb","itemListElement":[{"@type":"ListItem","position":1,"name":"Home","item":"https:\/\/www.plastic-crates.com\/"},{"@type":"ListItem","position":2,"name":"Products","item":"https:\/\/www.plastic-crates.com\/shop\/"},{"@type":"ListItem","position":3,"name":"plastic collapsible box-JOIN-KK604034C"}]},{"@type":"WebSite","@id":"https:\/\/www.plastic-crates.com\/#website","url":"https:\/\/www.plastic-crates.com\/","name":"plastic-crates.com","description":"Fabricante l\u00edder de caixas pl\u00e1sticas na China","potentialAction":[{"@type":"SearchAction","target":{"@type":"EntryPoint","urlTemplate":"https:\/\/www.plastic-crates.com\/?s={search_term_string}"},"query-input":{"@type":"PropertyValueSpecification","valueRequired":true,"valueName":"search_term_string"}}],"inLanguage":"pt-PT"}]}},"_links":{"self":[{"href":"https:\/\/www.plastic-crates.com\/pt\/wp-json\/wp\/v2\/product\/6042","targetHints":{"allow":["GET"]}}],"collection":[{"href":"https:\/\/www.plastic-crates.com\/pt\/wp-json\/wp\/v2\/product"}],"about":[{"href":"https:\/\/www.plastic-crates.com\/pt\/wp-json\/wp\/v2\/types\/product"}],"wp:featuredmedia":[{"embeddable":true,"href":"https:\/\/www.plastic-crates.com\/pt\/wp-json\/wp\/v2\/media\/6043"}],"wp:attachment":[{"href":"https:\/\/www.plastic-crates.com\/pt\/wp-json\/wp\/v2\/media?parent=6042"}],"wp:term":[{"taxonomy":"product_brand","embeddable":true,"href":"https:\/\/www.plastic-crates.com\/pt\/wp-json\/wp\/v2\/product_brand?post=6042"},{"taxonomy":"product_cat","embeddable":true,"href":"https:\/\/www.plastic-crates.com\/pt\/wp-json\/wp\/v2\/product_cat?post=6042"},{"taxonomy":"product_tag","embeddable":true,"href":"https:\/\/www.plastic-crates.com\/pt\/wp-json\/wp\/v2\/product_tag?post=6042"}],"curies":[{"name":"wp","href":"https:\/\/api.w.org\/{rel}","templated":true}]}}