{"id":6313,"date":"2019-09-02T16:51:07","date_gmt":"2019-09-02T16:51:07","guid":{"rendered":"https:\/\/www.plastic-crates.com\/product\/folding-crate-manufacturer-zjxs6544345wdk\/"},"modified":"2019-11-23T03:45:34","modified_gmt":"2019-11-23T03:45:34","slug":"fabricante-de-caixas-dobraveis-zjxs6544345wdk","status":"publish","type":"product","link":"https:\/\/www.plastic-crates.com\/pt\/produto\/fabricante-de-caixas-dobraveis-zjxs6544345wdk\/","title":{"rendered":"fabricante de caixas dobr\u00e1veis-JOIN-XS6544345WDK"},"content":{"rendered":"","protected":false},"excerpt":{"rendered":"<div><a href=\"https:\/\/www.plastic-crates.com\/pt\/categoria+de+produto\/conteiner-de-paletes\/\" target=\"_blank\" rel=\"noopener noreferrer\">cont\u00eaineres de transporte dobr\u00e1veis<\/a>,<a href=\"https:\/\/www.plastic-crates.com\/pt\/categoria+de+produto\/recipientes-empilhaveis\/\" target=\"_blank\" rel=\"noopener noreferrer\">pequenas caixas de armazenamento<\/a>,<a href=\"https:\/\/www.plastic-crates.com\/pt\/categoria+de+produto\/sacolas-com-tampas\/\" target=\"_blank\" rel=\"noopener noreferrer\">grandes recipientes de pl\u00e1stico com tampas<\/a>,<a href=\"https:\/\/www.plastic-crates.com\/pt\/categoria+de+produto\/caixas-de-armazenamento-de-pecas\/\" target=\"_blank\" rel=\"noopener noreferrer\">prateleiras para caixas de armazenamento<\/a>,<a href=\"https:\/\/www.plastic-crates.com\/pt\/categoria+de+produto\/caixa-dobravel-3\/\" target=\"_blank\" rel=\"noopener noreferrer\">Caixas pl\u00e1sticas dobr\u00e1veis<\/a><\/div>","protected":false},"featured_media":6314,"template":"","meta":{"_acf_changed":false},"product_brand":[],"product_cat":[11],"product_tag":[101],"class_list":{"0":"post-6313","1":"product","2":"type-product","3":"status-publish","4":"has-post-thumbnail","6":"product_cat-collapsable-box","7":"product_tag-plastic-folding-boxes","9":"first","10":"instock","11":"product-type-simple"},"acf":[],"yoast_head":"<!-- This site is optimized with the Yoast SEO plugin v26.1.1 - https:\/\/yoast.com\/wordpress\/plugins\/seo\/ -->\n<title>folding crate manufacturer wholesale &amp; Factory Price<\/title>\n<meta name=\"description\" content=\"Wholesale folding crate manufacturer, collapsable box supplier, Dimensions(L*W*H):650 * 440 * 345 mm, Volume: 80.86L, folding crate manufacturer for sale\" \/>\n<meta name=\"robots\" content=\"index, follow, max-snippet:-1, max-image-preview:large, max-video-preview:-1\" \/>\n<link rel=\"canonical\" href=\"https:\/\/www.plastic-crates.com\/pt\/produto\/fabricante-de-caixas-dobraveis-zjxs6544345wdk\/\" \/>\n<meta property=\"og:locale\" content=\"pt_PT\" \/>\n<meta property=\"og:type\" content=\"article\" \/>\n<meta property=\"og:title\" content=\"folding crate manufacturer\" \/>\n<meta property=\"og:description\" content=\"Wholesale folding crate manufacturer, collapsable box supplier, Dimensions(L*W*H):650 * 440 * 345 mm, Volume: 80.86L, folding crate manufacturer for sale\" \/>\n<meta property=\"og:url\" content=\"https:\/\/www.plastic-crates.com\/pt\/produto\/fabricante-de-caixas-dobraveis-zjxs6544345wdk\/\" \/>\n<meta property=\"og:site_name\" content=\"plastic-crates.com\" \/>\n<meta property=\"article:modified_time\" content=\"2019-11-23T03:45:34+00:00\" \/>\n<meta property=\"og:image\" content=\"https:\/\/www.plastic-crates.com\/wp-content\/uploads\/2019\/11\/folding-crate-manufacturer.jpg\" \/>\n\t<meta property=\"og:image:width\" content=\"750\" \/>\n\t<meta property=\"og:image:height\" content=\"750\" \/>\n\t<meta property=\"og:image:type\" content=\"image\/jpeg\" \/>\n<meta name=\"twitter:card\" content=\"summary_large_image\" \/>\n<meta name=\"twitter:title\" content=\"folding crate manufacturer\" \/>\n<script type=\"application\/ld+json\" class=\"yoast-schema-graph\">{\"@context\":\"https:\/\/schema.org\",\"@graph\":[{\"@type\":\"WebPage\",\"@id\":\"https:\/\/www.plastic-crates.com\/product\/folding-crate-manufacturer-zjxs6544345wdk\/\",\"url\":\"https:\/\/www.plastic-crates.com\/product\/folding-crate-manufacturer-zjxs6544345wdk\/\",\"name\":\"folding crate manufacturer wholesale & Factory Price\",\"isPartOf\":{\"@id\":\"https:\/\/www.plastic-crates.com\/#website\"},\"primaryImageOfPage\":{\"@id\":\"https:\/\/www.plastic-crates.com\/product\/folding-crate-manufacturer-zjxs6544345wdk\/#primaryimage\"},\"image\":{\"@id\":\"https:\/\/www.plastic-crates.com\/product\/folding-crate-manufacturer-zjxs6544345wdk\/#primaryimage\"},\"thumbnailUrl\":\"https:\/\/www.plastic-crates.com\/wp-content\/uploads\/2019\/11\/folding-crate-manufacturer.jpg\",\"datePublished\":\"2019-09-02T16:51:07+00:00\",\"dateModified\":\"2019-11-23T03:45:34+00:00\",\"description\":\"Wholesale folding crate manufacturer, collapsable box supplier, Dimensions(L*W*H):650 * 440 * 345 mm, Volume: 80.86L, folding crate manufacturer for sale\",\"breadcrumb\":{\"@id\":\"https:\/\/www.plastic-crates.com\/product\/folding-crate-manufacturer-zjxs6544345wdk\/#breadcrumb\"},\"inLanguage\":\"pt-PT\",\"potentialAction\":[{\"@type\":\"ReadAction\",\"target\":[\"https:\/\/www.plastic-crates.com\/product\/folding-crate-manufacturer-zjxs6544345wdk\/\"]}]},{\"@type\":\"ImageObject\",\"inLanguage\":\"pt-PT\",\"@id\":\"https:\/\/www.plastic-crates.com\/product\/folding-crate-manufacturer-zjxs6544345wdk\/#primaryimage\",\"url\":\"https:\/\/www.plastic-crates.com\/wp-content\/uploads\/2019\/11\/folding-crate-manufacturer.jpg\",\"contentUrl\":\"https:\/\/www.plastic-crates.com\/wp-content\/uploads\/2019\/11\/folding-crate-manufacturer.jpg\",\"width\":750,\"height\":750,\"caption\":\"folding crate manufacturer\"},{\"@type\":\"BreadcrumbList\",\"@id\":\"https:\/\/www.plastic-crates.com\/product\/folding-crate-manufacturer-zjxs6544345wdk\/#breadcrumb\",\"itemListElement\":[{\"@type\":\"ListItem\",\"position\":1,\"name\":\"Home\",\"item\":\"https:\/\/www.plastic-crates.com\/\"},{\"@type\":\"ListItem\",\"position\":2,\"name\":\"Products\",\"item\":\"https:\/\/www.plastic-crates.com\/shop\/\"},{\"@type\":\"ListItem\",\"position\":3,\"name\":\"folding crate manufacturer-JOIN-XS6544345WDK\"}]},{\"@type\":\"WebSite\",\"@id\":\"https:\/\/www.plastic-crates.com\/#website\",\"url\":\"https:\/\/www.plastic-crates.com\/\",\"name\":\"plastic-crates.com\",\"description\":\"Leading plastic crates manufacturer in China\",\"potentialAction\":[{\"@type\":\"SearchAction\",\"target\":{\"@type\":\"EntryPoint\",\"urlTemplate\":\"https:\/\/www.plastic-crates.com\/?s={search_term_string}\"},\"query-input\":{\"@type\":\"PropertyValueSpecification\",\"valueRequired\":true,\"valueName\":\"search_term_string\"}}],\"inLanguage\":\"pt-PT\"}]}<\/script>\n<!-- \/ Yoast SEO plugin. -->","yoast_head_json":{"title":"fabricante de caixas dobr\u00e1veis atacado e pre\u00e7o de f\u00e1brica","description":"Fabricante de caixas dobr\u00e1veis por atacado, fornecedor de caixas dobr\u00e1veis, Dimens\u00f5es (C*L*A): 650 * 440 * 345 mm, Volume: 80,86 L, fabricante de caixas dobr\u00e1veis para venda","robots":{"index":"index","follow":"follow","max-snippet":"max-snippet:-1","max-image-preview":"max-image-preview:large","max-video-preview":"max-video-preview:-1"},"canonical":"https:\/\/www.plastic-crates.com\/pt\/produto\/fabricante-de-caixas-dobraveis-zjxs6544345wdk\/","og_locale":"pt_PT","og_type":"article","og_title":"folding crate manufacturer","og_description":"Wholesale folding crate manufacturer, collapsable box supplier, Dimensions(L*W*H):650 * 440 * 345 mm, Volume: 80.86L, folding crate manufacturer for sale","og_url":"https:\/\/www.plastic-crates.com\/pt\/produto\/fabricante-de-caixas-dobraveis-zjxs6544345wdk\/","og_site_name":"plastic-crates.com","article_modified_time":"2019-11-23T03:45:34+00:00","og_image":[{"width":750,"height":750,"url":"https:\/\/www.plastic-crates.com\/wp-content\/uploads\/2019\/11\/folding-crate-manufacturer.jpg","type":"image\/jpeg"}],"twitter_card":"summary_large_image","twitter_title":"folding crate manufacturer","schema":{"@context":"https:\/\/schema.org","@graph":[{"@type":"WebPage","@id":"https:\/\/www.plastic-crates.com\/product\/folding-crate-manufacturer-zjxs6544345wdk\/","url":"https:\/\/www.plastic-crates.com\/product\/folding-crate-manufacturer-zjxs6544345wdk\/","name":"fabricante de caixas dobr\u00e1veis atacado e pre\u00e7o de f\u00e1brica","isPartOf":{"@id":"https:\/\/www.plastic-crates.com\/#website"},"primaryImageOfPage":{"@id":"https:\/\/www.plastic-crates.com\/product\/folding-crate-manufacturer-zjxs6544345wdk\/#primaryimage"},"image":{"@id":"https:\/\/www.plastic-crates.com\/product\/folding-crate-manufacturer-zjxs6544345wdk\/#primaryimage"},"thumbnailUrl":"https:\/\/www.plastic-crates.com\/wp-content\/uploads\/2019\/11\/folding-crate-manufacturer.jpg","datePublished":"2019-09-02T16:51:07+00:00","dateModified":"2019-11-23T03:45:34+00:00","description":"Fabricante de caixas dobr\u00e1veis por atacado, fornecedor de caixas dobr\u00e1veis, Dimens\u00f5es (C*L*A): 650 * 440 * 345 mm, Volume: 80,86 L, fabricante de caixas dobr\u00e1veis para venda","breadcrumb":{"@id":"https:\/\/www.plastic-crates.com\/product\/folding-crate-manufacturer-zjxs6544345wdk\/#breadcrumb"},"inLanguage":"pt-PT","potentialAction":[{"@type":"ReadAction","target":["https:\/\/www.plastic-crates.com\/product\/folding-crate-manufacturer-zjxs6544345wdk\/"]}]},{"@type":"ImageObject","inLanguage":"pt-PT","@id":"https:\/\/www.plastic-crates.com\/product\/folding-crate-manufacturer-zjxs6544345wdk\/#primaryimage","url":"https:\/\/www.plastic-crates.com\/wp-content\/uploads\/2019\/11\/folding-crate-manufacturer.jpg","contentUrl":"https:\/\/www.plastic-crates.com\/wp-content\/uploads\/2019\/11\/folding-crate-manufacturer.jpg","width":750,"height":750,"caption":"folding crate manufacturer"},{"@type":"BreadcrumbList","@id":"https:\/\/www.plastic-crates.com\/product\/folding-crate-manufacturer-zjxs6544345wdk\/#breadcrumb","itemListElement":[{"@type":"ListItem","position":1,"name":"Home","item":"https:\/\/www.plastic-crates.com\/"},{"@type":"ListItem","position":2,"name":"Products","item":"https:\/\/www.plastic-crates.com\/shop\/"},{"@type":"ListItem","position":3,"name":"folding crate manufacturer-JOIN-XS6544345WDK"}]},{"@type":"WebSite","@id":"https:\/\/www.plastic-crates.com\/#website","url":"https:\/\/www.plastic-crates.com\/","name":"plastic-crates.com","description":"Fabricante l\u00edder de caixas pl\u00e1sticas na China","potentialAction":[{"@type":"SearchAction","target":{"@type":"EntryPoint","urlTemplate":"https:\/\/www.plastic-crates.com\/?s={search_term_string}"},"query-input":{"@type":"PropertyValueSpecification","valueRequired":true,"valueName":"search_term_string"}}],"inLanguage":"pt-PT"}]}},"_links":{"self":[{"href":"https:\/\/www.plastic-crates.com\/pt\/wp-json\/wp\/v2\/product\/6313","targetHints":{"allow":["GET"]}}],"collection":[{"href":"https:\/\/www.plastic-crates.com\/pt\/wp-json\/wp\/v2\/product"}],"about":[{"href":"https:\/\/www.plastic-crates.com\/pt\/wp-json\/wp\/v2\/types\/product"}],"wp:featuredmedia":[{"embeddable":true,"href":"https:\/\/www.plastic-crates.com\/pt\/wp-json\/wp\/v2\/media\/6314"}],"wp:attachment":[{"href":"https:\/\/www.plastic-crates.com\/pt\/wp-json\/wp\/v2\/media?parent=6313"}],"wp:term":[{"taxonomy":"product_brand","embeddable":true,"href":"https:\/\/www.plastic-crates.com\/pt\/wp-json\/wp\/v2\/product_brand?post=6313"},{"taxonomy":"product_cat","embeddable":true,"href":"https:\/\/www.plastic-crates.com\/pt\/wp-json\/wp\/v2\/product_cat?post=6313"},{"taxonomy":"product_tag","embeddable":true,"href":"https:\/\/www.plastic-crates.com\/pt\/wp-json\/wp\/v2\/product_tag?post=6313"}],"curies":[{"name":"wp","href":"https:\/\/api.w.org\/{rel}","templated":true}]}}