{"id":6366,"date":"2019-10-07T20:31:31","date_gmt":"2019-10-07T20:31:31","guid":{"rendered":"https:\/\/www.plastic-crates.com\/product\/collapsible-plastic-storage-crates-zjkl6040305w\/"},"modified":"2019-11-23T03:45:53","modified_gmt":"2019-11-23T03:45:53","slug":"caixas-de-armazenamento-de-plastico-dobraveis-zjkl6040305w","status":"publish","type":"product","link":"https:\/\/www.plastic-crates.com\/pt\/produto\/caixas-de-armazenamento-de-plastico-dobraveis-zjkl6040305w\/","title":{"rendered":"caixas de armazenamento de pl\u00e1stico dobr\u00e1veis-JOIN-KL6040305W"},"content":{"rendered":"","protected":false},"excerpt":{"rendered":"<div><a href=\"https:\/\/www.plastic-crates.com\/pt\/categoria+de+produto\/recipientes-empilhaveis\/\" target=\"_blank\" rel=\"noopener noreferrer\">caixas pl\u00e1sticas de armazenamento<\/a>,<a href=\"https:\/\/www.plastic-crates.com\/pt\/categoria+de+produto\/caixas-de-armazenamento-de-pecas\/\" target=\"_blank\" rel=\"noopener noreferrer\">unidades de prateleiras de lixo<\/a>,<a href=\"https:\/\/www.plastic-crates.com\/pt\/categoria+de+produto\/conteiner-de-paletes\/\" target=\"_blank\" rel=\"noopener noreferrer\">caixas de paletes Euro<\/a>,<a href=\"https:\/\/www.plastic-crates.com\/pt\/categoria+de+produto\/sacolas-com-tampas\/\" target=\"_blank\" rel=\"noopener noreferrer\">melhor pre\u00e7o para recipientes de armazenamento de pl\u00e1stico<\/a>,<a href=\"https:\/\/www.plastic-crates.com\/pt\/categoria+de+produto\/caixa-dobravel-3\/\" target=\"_blank\" rel=\"noopener noreferrer\">caixas de armazenamento de pl\u00e1stico dobr\u00e1veis<\/a><\/div>","protected":false},"featured_media":6367,"template":"","meta":{"_acf_changed":false},"product_brand":[],"product_cat":[11],"product_tag":[102],"class_list":{"0":"post-6366","1":"product","2":"type-product","3":"status-publish","4":"has-post-thumbnail","6":"product_cat-collapsable-box","7":"product_tag-plastic-folding-basket","9":"first","10":"instock","11":"product-type-simple"},"acf":[],"yoast_head":"<!-- This site is optimized with the Yoast SEO plugin v26.1.1 - https:\/\/yoast.com\/wordpress\/plugins\/seo\/ -->\n<title>collapsible plastic storage crates wholesale &amp; Factory Price<\/title>\n<meta name=\"description\" content=\"Wholesale collapsible plastic storage crates, collapsable box supplier, Dimensions(L*W*H):600 * 400 * 305 mm, Volume: 57.94L, collapsible plastic storage crates for sale\" \/>\n<meta name=\"robots\" content=\"index, follow, max-snippet:-1, max-image-preview:large, max-video-preview:-1\" \/>\n<link rel=\"canonical\" href=\"https:\/\/www.plastic-crates.com\/pt\/produto\/caixas-de-armazenamento-de-plastico-dobraveis-zjkl6040305w\/\" \/>\n<meta property=\"og:locale\" content=\"pt_PT\" \/>\n<meta property=\"og:type\" content=\"article\" \/>\n<meta property=\"og:title\" content=\"collapsible plastic storage crates\" \/>\n<meta property=\"og:description\" content=\"Wholesale collapsible plastic storage crates, collapsable box supplier, Dimensions(L*W*H):600 * 400 * 305 mm, Volume: 57.94L, collapsible plastic storage crates for sale\" \/>\n<meta property=\"og:url\" content=\"https:\/\/www.plastic-crates.com\/pt\/produto\/caixas-de-armazenamento-de-plastico-dobraveis-zjkl6040305w\/\" \/>\n<meta property=\"og:site_name\" content=\"plastic-crates.com\" \/>\n<meta property=\"article:modified_time\" content=\"2019-11-23T03:45:53+00:00\" \/>\n<meta property=\"og:image\" content=\"https:\/\/www.plastic-crates.com\/wp-content\/uploads\/2019\/11\/collapsible-plastic-storage-crates.jpg\" \/>\n\t<meta property=\"og:image:width\" content=\"498\" \/>\n\t<meta property=\"og:image:height\" content=\"314\" \/>\n\t<meta property=\"og:image:type\" content=\"image\/jpeg\" \/>\n<meta name=\"twitter:card\" content=\"summary_large_image\" \/>\n<meta name=\"twitter:title\" content=\"collapsible plastic storage crates\" \/>\n<script type=\"application\/ld+json\" class=\"yoast-schema-graph\">{\"@context\":\"https:\/\/schema.org\",\"@graph\":[{\"@type\":\"WebPage\",\"@id\":\"https:\/\/www.plastic-crates.com\/product\/collapsible-plastic-storage-crates-zjkl6040305w\/\",\"url\":\"https:\/\/www.plastic-crates.com\/product\/collapsible-plastic-storage-crates-zjkl6040305w\/\",\"name\":\"collapsible plastic storage crates wholesale & Factory Price\",\"isPartOf\":{\"@id\":\"https:\/\/www.plastic-crates.com\/#website\"},\"primaryImageOfPage\":{\"@id\":\"https:\/\/www.plastic-crates.com\/product\/collapsible-plastic-storage-crates-zjkl6040305w\/#primaryimage\"},\"image\":{\"@id\":\"https:\/\/www.plastic-crates.com\/product\/collapsible-plastic-storage-crates-zjkl6040305w\/#primaryimage\"},\"thumbnailUrl\":\"https:\/\/www.plastic-crates.com\/wp-content\/uploads\/2019\/11\/collapsible-plastic-storage-crates.jpg\",\"datePublished\":\"2019-10-07T20:31:31+00:00\",\"dateModified\":\"2019-11-23T03:45:53+00:00\",\"description\":\"Wholesale collapsible plastic storage crates, collapsable box supplier, Dimensions(L*W*H):600 * 400 * 305 mm, Volume: 57.94L, collapsible plastic storage crates for sale\",\"breadcrumb\":{\"@id\":\"https:\/\/www.plastic-crates.com\/product\/collapsible-plastic-storage-crates-zjkl6040305w\/#breadcrumb\"},\"inLanguage\":\"pt-PT\",\"potentialAction\":[{\"@type\":\"ReadAction\",\"target\":[\"https:\/\/www.plastic-crates.com\/product\/collapsible-plastic-storage-crates-zjkl6040305w\/\"]}]},{\"@type\":\"ImageObject\",\"inLanguage\":\"pt-PT\",\"@id\":\"https:\/\/www.plastic-crates.com\/product\/collapsible-plastic-storage-crates-zjkl6040305w\/#primaryimage\",\"url\":\"https:\/\/www.plastic-crates.com\/wp-content\/uploads\/2019\/11\/collapsible-plastic-storage-crates.jpg\",\"contentUrl\":\"https:\/\/www.plastic-crates.com\/wp-content\/uploads\/2019\/11\/collapsible-plastic-storage-crates.jpg\",\"width\":498,\"height\":314,\"caption\":\"collapsible plastic storage crates\"},{\"@type\":\"BreadcrumbList\",\"@id\":\"https:\/\/www.plastic-crates.com\/product\/collapsible-plastic-storage-crates-zjkl6040305w\/#breadcrumb\",\"itemListElement\":[{\"@type\":\"ListItem\",\"position\":1,\"name\":\"Home\",\"item\":\"https:\/\/www.plastic-crates.com\/\"},{\"@type\":\"ListItem\",\"position\":2,\"name\":\"Products\",\"item\":\"https:\/\/www.plastic-crates.com\/shop\/\"},{\"@type\":\"ListItem\",\"position\":3,\"name\":\"collapsible plastic storage crates-JOIN-KL6040305W\"}]},{\"@type\":\"WebSite\",\"@id\":\"https:\/\/www.plastic-crates.com\/#website\",\"url\":\"https:\/\/www.plastic-crates.com\/\",\"name\":\"plastic-crates.com\",\"description\":\"Leading plastic crates manufacturer in China\",\"potentialAction\":[{\"@type\":\"SearchAction\",\"target\":{\"@type\":\"EntryPoint\",\"urlTemplate\":\"https:\/\/www.plastic-crates.com\/?s={search_term_string}\"},\"query-input\":{\"@type\":\"PropertyValueSpecification\",\"valueRequired\":true,\"valueName\":\"search_term_string\"}}],\"inLanguage\":\"pt-PT\"}]}<\/script>\n<!-- \/ Yoast SEO plugin. -->","yoast_head_json":{"title":"caixas de armazenamento de pl\u00e1stico dobr\u00e1veis atacado e pre\u00e7o de f\u00e1brica","description":"Caixas de armazenamento de pl\u00e1stico dobr\u00e1veis por atacado, fornecedor de caixas dobr\u00e1veis, Dimens\u00f5es (C*L*A): 600 * 400 * 305 mm, Volume: 57,94 L, caixas de armazenamento de pl\u00e1stico dobr\u00e1veis para venda","robots":{"index":"index","follow":"follow","max-snippet":"max-snippet:-1","max-image-preview":"max-image-preview:large","max-video-preview":"max-video-preview:-1"},"canonical":"https:\/\/www.plastic-crates.com\/pt\/produto\/caixas-de-armazenamento-de-plastico-dobraveis-zjkl6040305w\/","og_locale":"pt_PT","og_type":"article","og_title":"collapsible plastic storage crates","og_description":"Wholesale collapsible plastic storage crates, collapsable box supplier, Dimensions(L*W*H):600 * 400 * 305 mm, Volume: 57.94L, collapsible plastic storage crates for sale","og_url":"https:\/\/www.plastic-crates.com\/pt\/produto\/caixas-de-armazenamento-de-plastico-dobraveis-zjkl6040305w\/","og_site_name":"plastic-crates.com","article_modified_time":"2019-11-23T03:45:53+00:00","og_image":[{"width":498,"height":314,"url":"https:\/\/www.plastic-crates.com\/wp-content\/uploads\/2019\/11\/collapsible-plastic-storage-crates.jpg","type":"image\/jpeg"}],"twitter_card":"summary_large_image","twitter_title":"collapsible plastic storage crates","schema":{"@context":"https:\/\/schema.org","@graph":[{"@type":"WebPage","@id":"https:\/\/www.plastic-crates.com\/product\/collapsible-plastic-storage-crates-zjkl6040305w\/","url":"https:\/\/www.plastic-crates.com\/product\/collapsible-plastic-storage-crates-zjkl6040305w\/","name":"caixas de armazenamento de pl\u00e1stico dobr\u00e1veis atacado e pre\u00e7o de f\u00e1brica","isPartOf":{"@id":"https:\/\/www.plastic-crates.com\/#website"},"primaryImageOfPage":{"@id":"https:\/\/www.plastic-crates.com\/product\/collapsible-plastic-storage-crates-zjkl6040305w\/#primaryimage"},"image":{"@id":"https:\/\/www.plastic-crates.com\/product\/collapsible-plastic-storage-crates-zjkl6040305w\/#primaryimage"},"thumbnailUrl":"https:\/\/www.plastic-crates.com\/wp-content\/uploads\/2019\/11\/collapsible-plastic-storage-crates.jpg","datePublished":"2019-10-07T20:31:31+00:00","dateModified":"2019-11-23T03:45:53+00:00","description":"Caixas de armazenamento de pl\u00e1stico dobr\u00e1veis por atacado, fornecedor de caixas dobr\u00e1veis, Dimens\u00f5es (C*L*A): 600 * 400 * 305 mm, Volume: 57,94 L, caixas de armazenamento de pl\u00e1stico dobr\u00e1veis para venda","breadcrumb":{"@id":"https:\/\/www.plastic-crates.com\/product\/collapsible-plastic-storage-crates-zjkl6040305w\/#breadcrumb"},"inLanguage":"pt-PT","potentialAction":[{"@type":"ReadAction","target":["https:\/\/www.plastic-crates.com\/product\/collapsible-plastic-storage-crates-zjkl6040305w\/"]}]},{"@type":"ImageObject","inLanguage":"pt-PT","@id":"https:\/\/www.plastic-crates.com\/product\/collapsible-plastic-storage-crates-zjkl6040305w\/#primaryimage","url":"https:\/\/www.plastic-crates.com\/wp-content\/uploads\/2019\/11\/collapsible-plastic-storage-crates.jpg","contentUrl":"https:\/\/www.plastic-crates.com\/wp-content\/uploads\/2019\/11\/collapsible-plastic-storage-crates.jpg","width":498,"height":314,"caption":"collapsible plastic storage crates"},{"@type":"BreadcrumbList","@id":"https:\/\/www.plastic-crates.com\/product\/collapsible-plastic-storage-crates-zjkl6040305w\/#breadcrumb","itemListElement":[{"@type":"ListItem","position":1,"name":"Home","item":"https:\/\/www.plastic-crates.com\/"},{"@type":"ListItem","position":2,"name":"Products","item":"https:\/\/www.plastic-crates.com\/shop\/"},{"@type":"ListItem","position":3,"name":"collapsible plastic storage crates-JOIN-KL6040305W"}]},{"@type":"WebSite","@id":"https:\/\/www.plastic-crates.com\/#website","url":"https:\/\/www.plastic-crates.com\/","name":"plastic-crates.com","description":"Fabricante l\u00edder de caixas pl\u00e1sticas na China","potentialAction":[{"@type":"SearchAction","target":{"@type":"EntryPoint","urlTemplate":"https:\/\/www.plastic-crates.com\/?s={search_term_string}"},"query-input":{"@type":"PropertyValueSpecification","valueRequired":true,"valueName":"search_term_string"}}],"inLanguage":"pt-PT"}]}},"_links":{"self":[{"href":"https:\/\/www.plastic-crates.com\/pt\/wp-json\/wp\/v2\/product\/6366","targetHints":{"allow":["GET"]}}],"collection":[{"href":"https:\/\/www.plastic-crates.com\/pt\/wp-json\/wp\/v2\/product"}],"about":[{"href":"https:\/\/www.plastic-crates.com\/pt\/wp-json\/wp\/v2\/types\/product"}],"wp:featuredmedia":[{"embeddable":true,"href":"https:\/\/www.plastic-crates.com\/pt\/wp-json\/wp\/v2\/media\/6367"}],"wp:attachment":[{"href":"https:\/\/www.plastic-crates.com\/pt\/wp-json\/wp\/v2\/media?parent=6366"}],"wp:term":[{"taxonomy":"product_brand","embeddable":true,"href":"https:\/\/www.plastic-crates.com\/pt\/wp-json\/wp\/v2\/product_brand?post=6366"},{"taxonomy":"product_cat","embeddable":true,"href":"https:\/\/www.plastic-crates.com\/pt\/wp-json\/wp\/v2\/product_cat?post=6366"},{"taxonomy":"product_tag","embeddable":true,"href":"https:\/\/www.plastic-crates.com\/pt\/wp-json\/wp\/v2\/product_tag?post=6366"}],"curies":[{"name":"wp","href":"https:\/\/api.w.org\/{rel}","templated":true}]}}