{"id":6409,"date":"2019-09-11T14:33:32","date_gmt":"2019-09-11T14:33:32","guid":{"rendered":"https:\/\/www.plastic-crates.com\/product\/folding-plastic-storage-boxes-zjkl604030w\/"},"modified":"2019-11-23T03:46:10","modified_gmt":"2019-11-23T03:46:10","slug":"caixas-de-armazenamento-de-plastico-dobraveis-zjkl604030w","status":"publish","type":"product","link":"https:\/\/www.plastic-crates.com\/pt\/produto\/caixas-de-armazenamento-de-plastico-dobraveis-zjkl604030w\/","title":{"rendered":"caixas de armazenamento de pl\u00e1stico dobr\u00e1veis-JOIN-KL604030W"},"content":{"rendered":"","protected":false},"excerpt":{"rendered":"<div><a href=\"https:\/\/www.plastic-crates.com\/pt\/categoria+de+produto\/sacolas-com-tampas\/\" target=\"_blank\" rel=\"noopener noreferrer\">grandes caixas de pl\u00e1stico<\/a>,<a href=\"https:\/\/www.plastic-crates.com\/pt\/categoria+de+produto\/conteiner-de-paletes\/\" target=\"_blank\" rel=\"noopener noreferrer\">grandes caixas de armazenamento<\/a>,<a href=\"https:\/\/www.plastic-crates.com\/pt\/categoria+de+produto\/caixa-dobravel-3\/\" target=\"_blank\" rel=\"noopener noreferrer\">caixas de armazenamento de pl\u00e1stico<\/a>,<a href=\"https:\/\/www.plastic-crates.com\/pt\/categoria+de+produto\/caixas-de-armazenamento-de-pecas\/\" target=\"_blank\" rel=\"noopener noreferrer\">caixas de armazenamento de prateleiras de pl\u00e1stico<\/a>,<a href=\"https:\/\/www.plastic-crates.com\/pt\/categoria+de+produto\/recipientes-empilhaveis\/\" target=\"_blank\" rel=\"noopener noreferrer\">lixeiras industriais<\/a><\/div>","protected":false},"featured_media":6410,"template":"","meta":{"_acf_changed":false},"product_brand":[],"product_cat":[11],"product_tag":[102],"class_list":{"0":"post-6409","1":"product","2":"type-product","3":"status-publish","4":"has-post-thumbnail","6":"product_cat-collapsable-box","7":"product_tag-plastic-folding-basket","9":"first","10":"instock","11":"product-type-simple"},"acf":[],"yoast_head":"<!-- This site is optimized with the Yoast SEO plugin v26.1.1 - https:\/\/yoast.com\/wordpress\/plugins\/seo\/ -->\n<title>folding plastic storage boxes wholesale &amp; Factory Price<\/title>\n<meta name=\"description\" content=\"Wholesale folding plastic storage boxes, collapsable box supplier, Dimensions(L*W*H):600 * 400 * 300 mm, Volume: 57.94L, folding plastic storage boxes for sale\" \/>\n<meta name=\"robots\" content=\"index, follow, max-snippet:-1, max-image-preview:large, max-video-preview:-1\" \/>\n<link rel=\"canonical\" href=\"https:\/\/www.plastic-crates.com\/pt\/produto\/caixas-de-armazenamento-de-plastico-dobraveis-zjkl604030w\/\" \/>\n<meta property=\"og:locale\" content=\"pt_PT\" \/>\n<meta property=\"og:type\" content=\"article\" \/>\n<meta property=\"og:title\" content=\"folding plastic storage boxes\" \/>\n<meta property=\"og:description\" content=\"Wholesale folding plastic storage boxes, collapsable box supplier, Dimensions(L*W*H):600 * 400 * 300 mm, Volume: 57.94L, folding plastic storage boxes for sale\" \/>\n<meta property=\"og:url\" content=\"https:\/\/www.plastic-crates.com\/pt\/produto\/caixas-de-armazenamento-de-plastico-dobraveis-zjkl604030w\/\" \/>\n<meta property=\"og:site_name\" content=\"plastic-crates.com\" \/>\n<meta property=\"article:modified_time\" content=\"2019-11-23T03:46:10+00:00\" \/>\n<meta property=\"og:image\" content=\"https:\/\/www.plastic-crates.com\/wp-content\/uploads\/2019\/11\/folding-plastic-storage-boxes.jpg\" \/>\n\t<meta property=\"og:image:width\" content=\"498\" \/>\n\t<meta property=\"og:image:height\" content=\"314\" \/>\n\t<meta property=\"og:image:type\" content=\"image\/jpeg\" \/>\n<meta name=\"twitter:card\" content=\"summary_large_image\" \/>\n<meta name=\"twitter:title\" content=\"folding plastic storage boxes\" \/>\n<script type=\"application\/ld+json\" class=\"yoast-schema-graph\">{\"@context\":\"https:\/\/schema.org\",\"@graph\":[{\"@type\":\"WebPage\",\"@id\":\"https:\/\/www.plastic-crates.com\/product\/folding-plastic-storage-boxes-zjkl604030w\/\",\"url\":\"https:\/\/www.plastic-crates.com\/product\/folding-plastic-storage-boxes-zjkl604030w\/\",\"name\":\"folding plastic storage boxes wholesale & Factory Price\",\"isPartOf\":{\"@id\":\"https:\/\/www.plastic-crates.com\/#website\"},\"primaryImageOfPage\":{\"@id\":\"https:\/\/www.plastic-crates.com\/product\/folding-plastic-storage-boxes-zjkl604030w\/#primaryimage\"},\"image\":{\"@id\":\"https:\/\/www.plastic-crates.com\/product\/folding-plastic-storage-boxes-zjkl604030w\/#primaryimage\"},\"thumbnailUrl\":\"https:\/\/www.plastic-crates.com\/wp-content\/uploads\/2019\/11\/folding-plastic-storage-boxes.jpg\",\"datePublished\":\"2019-09-11T14:33:32+00:00\",\"dateModified\":\"2019-11-23T03:46:10+00:00\",\"description\":\"Wholesale folding plastic storage boxes, collapsable box supplier, Dimensions(L*W*H):600 * 400 * 300 mm, Volume: 57.94L, folding plastic storage boxes for sale\",\"breadcrumb\":{\"@id\":\"https:\/\/www.plastic-crates.com\/product\/folding-plastic-storage-boxes-zjkl604030w\/#breadcrumb\"},\"inLanguage\":\"pt-PT\",\"potentialAction\":[{\"@type\":\"ReadAction\",\"target\":[\"https:\/\/www.plastic-crates.com\/product\/folding-plastic-storage-boxes-zjkl604030w\/\"]}]},{\"@type\":\"ImageObject\",\"inLanguage\":\"pt-PT\",\"@id\":\"https:\/\/www.plastic-crates.com\/product\/folding-plastic-storage-boxes-zjkl604030w\/#primaryimage\",\"url\":\"https:\/\/www.plastic-crates.com\/wp-content\/uploads\/2019\/11\/folding-plastic-storage-boxes.jpg\",\"contentUrl\":\"https:\/\/www.plastic-crates.com\/wp-content\/uploads\/2019\/11\/folding-plastic-storage-boxes.jpg\",\"width\":498,\"height\":314,\"caption\":\"folding plastic storage boxes\"},{\"@type\":\"BreadcrumbList\",\"@id\":\"https:\/\/www.plastic-crates.com\/product\/folding-plastic-storage-boxes-zjkl604030w\/#breadcrumb\",\"itemListElement\":[{\"@type\":\"ListItem\",\"position\":1,\"name\":\"Home\",\"item\":\"https:\/\/www.plastic-crates.com\/\"},{\"@type\":\"ListItem\",\"position\":2,\"name\":\"Products\",\"item\":\"https:\/\/www.plastic-crates.com\/shop\/\"},{\"@type\":\"ListItem\",\"position\":3,\"name\":\"folding plastic storage boxes-JOIN-KL604030W\"}]},{\"@type\":\"WebSite\",\"@id\":\"https:\/\/www.plastic-crates.com\/#website\",\"url\":\"https:\/\/www.plastic-crates.com\/\",\"name\":\"plastic-crates.com\",\"description\":\"Leading plastic crates manufacturer in China\",\"potentialAction\":[{\"@type\":\"SearchAction\",\"target\":{\"@type\":\"EntryPoint\",\"urlTemplate\":\"https:\/\/www.plastic-crates.com\/?s={search_term_string}\"},\"query-input\":{\"@type\":\"PropertyValueSpecification\",\"valueRequired\":true,\"valueName\":\"search_term_string\"}}],\"inLanguage\":\"pt-PT\"}]}<\/script>\n<!-- \/ Yoast SEO plugin. -->","yoast_head_json":{"title":"caixas de armazenamento de pl\u00e1stico dobr\u00e1veis atacado e pre\u00e7o de f\u00e1brica","description":"Caixas de armazenamento de pl\u00e1stico dobr\u00e1veis por atacado, fornecedor de caixas dobr\u00e1veis, Dimens\u00f5es (C*L*A): 600 * 400 * 300 mm, Volume: 57,94 L, caixas de armazenamento de pl\u00e1stico dobr\u00e1veis para venda","robots":{"index":"index","follow":"follow","max-snippet":"max-snippet:-1","max-image-preview":"max-image-preview:large","max-video-preview":"max-video-preview:-1"},"canonical":"https:\/\/www.plastic-crates.com\/pt\/produto\/caixas-de-armazenamento-de-plastico-dobraveis-zjkl604030w\/","og_locale":"pt_PT","og_type":"article","og_title":"folding plastic storage boxes","og_description":"Wholesale folding plastic storage boxes, collapsable box supplier, Dimensions(L*W*H):600 * 400 * 300 mm, Volume: 57.94L, folding plastic storage boxes for sale","og_url":"https:\/\/www.plastic-crates.com\/pt\/produto\/caixas-de-armazenamento-de-plastico-dobraveis-zjkl604030w\/","og_site_name":"plastic-crates.com","article_modified_time":"2019-11-23T03:46:10+00:00","og_image":[{"width":498,"height":314,"url":"https:\/\/www.plastic-crates.com\/wp-content\/uploads\/2019\/11\/folding-plastic-storage-boxes.jpg","type":"image\/jpeg"}],"twitter_card":"summary_large_image","twitter_title":"folding plastic storage boxes","schema":{"@context":"https:\/\/schema.org","@graph":[{"@type":"WebPage","@id":"https:\/\/www.plastic-crates.com\/product\/folding-plastic-storage-boxes-zjkl604030w\/","url":"https:\/\/www.plastic-crates.com\/product\/folding-plastic-storage-boxes-zjkl604030w\/","name":"caixas de armazenamento de pl\u00e1stico dobr\u00e1veis atacado e pre\u00e7o de f\u00e1brica","isPartOf":{"@id":"https:\/\/www.plastic-crates.com\/#website"},"primaryImageOfPage":{"@id":"https:\/\/www.plastic-crates.com\/product\/folding-plastic-storage-boxes-zjkl604030w\/#primaryimage"},"image":{"@id":"https:\/\/www.plastic-crates.com\/product\/folding-plastic-storage-boxes-zjkl604030w\/#primaryimage"},"thumbnailUrl":"https:\/\/www.plastic-crates.com\/wp-content\/uploads\/2019\/11\/folding-plastic-storage-boxes.jpg","datePublished":"2019-09-11T14:33:32+00:00","dateModified":"2019-11-23T03:46:10+00:00","description":"Caixas de armazenamento de pl\u00e1stico dobr\u00e1veis por atacado, fornecedor de caixas dobr\u00e1veis, Dimens\u00f5es (C*L*A): 600 * 400 * 300 mm, Volume: 57,94 L, caixas de armazenamento de pl\u00e1stico dobr\u00e1veis para venda","breadcrumb":{"@id":"https:\/\/www.plastic-crates.com\/product\/folding-plastic-storage-boxes-zjkl604030w\/#breadcrumb"},"inLanguage":"pt-PT","potentialAction":[{"@type":"ReadAction","target":["https:\/\/www.plastic-crates.com\/product\/folding-plastic-storage-boxes-zjkl604030w\/"]}]},{"@type":"ImageObject","inLanguage":"pt-PT","@id":"https:\/\/www.plastic-crates.com\/product\/folding-plastic-storage-boxes-zjkl604030w\/#primaryimage","url":"https:\/\/www.plastic-crates.com\/wp-content\/uploads\/2019\/11\/folding-plastic-storage-boxes.jpg","contentUrl":"https:\/\/www.plastic-crates.com\/wp-content\/uploads\/2019\/11\/folding-plastic-storage-boxes.jpg","width":498,"height":314,"caption":"folding plastic storage boxes"},{"@type":"BreadcrumbList","@id":"https:\/\/www.plastic-crates.com\/product\/folding-plastic-storage-boxes-zjkl604030w\/#breadcrumb","itemListElement":[{"@type":"ListItem","position":1,"name":"Home","item":"https:\/\/www.plastic-crates.com\/"},{"@type":"ListItem","position":2,"name":"Products","item":"https:\/\/www.plastic-crates.com\/shop\/"},{"@type":"ListItem","position":3,"name":"folding plastic storage boxes-JOIN-KL604030W"}]},{"@type":"WebSite","@id":"https:\/\/www.plastic-crates.com\/#website","url":"https:\/\/www.plastic-crates.com\/","name":"plastic-crates.com","description":"Fabricante l\u00edder de caixas pl\u00e1sticas na China","potentialAction":[{"@type":"SearchAction","target":{"@type":"EntryPoint","urlTemplate":"https:\/\/www.plastic-crates.com\/?s={search_term_string}"},"query-input":{"@type":"PropertyValueSpecification","valueRequired":true,"valueName":"search_term_string"}}],"inLanguage":"pt-PT"}]}},"_links":{"self":[{"href":"https:\/\/www.plastic-crates.com\/pt\/wp-json\/wp\/v2\/product\/6409","targetHints":{"allow":["GET"]}}],"collection":[{"href":"https:\/\/www.plastic-crates.com\/pt\/wp-json\/wp\/v2\/product"}],"about":[{"href":"https:\/\/www.plastic-crates.com\/pt\/wp-json\/wp\/v2\/types\/product"}],"wp:featuredmedia":[{"embeddable":true,"href":"https:\/\/www.plastic-crates.com\/pt\/wp-json\/wp\/v2\/media\/6410"}],"wp:attachment":[{"href":"https:\/\/www.plastic-crates.com\/pt\/wp-json\/wp\/v2\/media?parent=6409"}],"wp:term":[{"taxonomy":"product_brand","embeddable":true,"href":"https:\/\/www.plastic-crates.com\/pt\/wp-json\/wp\/v2\/product_brand?post=6409"},{"taxonomy":"product_cat","embeddable":true,"href":"https:\/\/www.plastic-crates.com\/pt\/wp-json\/wp\/v2\/product_cat?post=6409"},{"taxonomy":"product_tag","embeddable":true,"href":"https:\/\/www.plastic-crates.com\/pt\/wp-json\/wp\/v2\/product_tag?post=6409"}],"curies":[{"name":"wp","href":"https:\/\/api.w.org\/{rel}","templated":true}]}}