{"id":6443,"date":"2019-10-13T19:47:56","date_gmt":"2019-10-13T19:47:56","guid":{"rendered":"https:\/\/www.plastic-crates.com\/product\/fold-away-storage-boxes-zjkn604024w-1\/"},"modified":"2019-11-23T03:46:24","modified_gmt":"2019-11-23T03:46:24","slug":"caixas-de-armazenamento-dobraveis-zjkn604024w-1","status":"publish","type":"product","link":"https:\/\/www.plastic-crates.com\/pt\/produto\/caixas-de-armazenamento-dobraveis-zjkn604024w-1\/","title":{"rendered":"caixas de armazenamento dobr\u00e1veis-JOIN-KN604024W-1"},"content":{"rendered":"","protected":false},"excerpt":{"rendered":"<div><a href=\"https:\/\/www.plastic-crates.com\/pt\/categoria+de+produto\/caixa-dobravel-3\/\" target=\"_blank\" rel=\"noopener noreferrer\">caixas pl\u00e1sticas empilh\u00e1veis ventiladas<\/a>,<a href=\"https:\/\/www.plastic-crates.com\/pt\/categoria+de+produto\/sacolas-com-tampas\/\" target=\"_blank\" rel=\"noopener noreferrer\">lixeira preta com tampa<\/a>,<a href=\"https:\/\/www.plastic-crates.com\/pt\/categoria+de+produto\/conteiner-de-paletes\/\" target=\"_blank\" rel=\"noopener noreferrer\">caixas de paletes dobr\u00e1veis<\/a>,<a href=\"https:\/\/www.plastic-crates.com\/pt\/categoria+de+produto\/recipientes-empilhaveis\/\" target=\"_blank\" rel=\"noopener noreferrer\">caixas empilh\u00e1veis m\u00f3veis<\/a>,<a href=\"https:\/\/www.plastic-crates.com\/pt\/categoria+de+produto\/caixas-de-armazenamento-de-pecas\/\" target=\"_blank\" rel=\"noopener noreferrer\">caixas de pl\u00e1stico para armazenamento de pe\u00e7as<\/a><\/div>","protected":false},"featured_media":6444,"template":"","meta":{"_acf_changed":false},"product_brand":[],"product_cat":[11],"product_tag":[102],"class_list":{"0":"post-6443","1":"product","2":"type-product","3":"status-publish","4":"has-post-thumbnail","6":"product_cat-collapsable-box","7":"product_tag-plastic-folding-basket","9":"first","10":"instock","11":"product-type-simple"},"acf":[],"yoast_head":"<!-- This site is optimized with the Yoast SEO plugin v26.1.1 - https:\/\/yoast.com\/wordpress\/plugins\/seo\/ -->\n<title>fold away storage boxes wholesale &amp; Factory Price<\/title>\n<meta name=\"description\" content=\"Wholesale fold away storage boxes, collapsable box supplier, Dimensions(L*W*H):600 * 400 * 240 mm, Volume: 45.36L, fold away storage boxes for sale\" \/>\n<meta name=\"robots\" content=\"index, follow, max-snippet:-1, max-image-preview:large, max-video-preview:-1\" \/>\n<link rel=\"canonical\" href=\"https:\/\/www.plastic-crates.com\/pt\/produto\/caixas-de-armazenamento-dobraveis-zjkn604024w-1\/\" \/>\n<meta property=\"og:locale\" content=\"pt_PT\" \/>\n<meta property=\"og:type\" content=\"article\" \/>\n<meta property=\"og:title\" content=\"fold away storage boxes\" \/>\n<meta property=\"og:description\" content=\"Wholesale fold away storage boxes, collapsable box supplier, Dimensions(L*W*H):600 * 400 * 240 mm, Volume: 45.36L, fold away storage boxes for sale\" \/>\n<meta property=\"og:url\" content=\"https:\/\/www.plastic-crates.com\/pt\/produto\/caixas-de-armazenamento-dobraveis-zjkn604024w-1\/\" \/>\n<meta property=\"og:site_name\" content=\"plastic-crates.com\" \/>\n<meta property=\"article:modified_time\" content=\"2019-11-23T03:46:24+00:00\" \/>\n<meta property=\"og:image\" content=\"https:\/\/www.plastic-crates.com\/wp-content\/uploads\/2019\/11\/fold-away-storage-boxes.jpg\" \/>\n\t<meta property=\"og:image:width\" content=\"499\" \/>\n\t<meta property=\"og:image:height\" content=\"317\" \/>\n\t<meta property=\"og:image:type\" content=\"image\/jpeg\" \/>\n<meta name=\"twitter:card\" content=\"summary_large_image\" \/>\n<meta name=\"twitter:title\" content=\"fold away storage boxes\" \/>\n<script type=\"application\/ld+json\" class=\"yoast-schema-graph\">{\"@context\":\"https:\/\/schema.org\",\"@graph\":[{\"@type\":\"WebPage\",\"@id\":\"https:\/\/www.plastic-crates.com\/product\/fold-away-storage-boxes-zjkn604024w-1\/\",\"url\":\"https:\/\/www.plastic-crates.com\/product\/fold-away-storage-boxes-zjkn604024w-1\/\",\"name\":\"fold away storage boxes wholesale & Factory Price\",\"isPartOf\":{\"@id\":\"https:\/\/www.plastic-crates.com\/#website\"},\"primaryImageOfPage\":{\"@id\":\"https:\/\/www.plastic-crates.com\/product\/fold-away-storage-boxes-zjkn604024w-1\/#primaryimage\"},\"image\":{\"@id\":\"https:\/\/www.plastic-crates.com\/product\/fold-away-storage-boxes-zjkn604024w-1\/#primaryimage\"},\"thumbnailUrl\":\"https:\/\/www.plastic-crates.com\/wp-content\/uploads\/2019\/11\/fold-away-storage-boxes.jpg\",\"datePublished\":\"2019-10-13T19:47:56+00:00\",\"dateModified\":\"2019-11-23T03:46:24+00:00\",\"description\":\"Wholesale fold away storage boxes, collapsable box supplier, Dimensions(L*W*H):600 * 400 * 240 mm, Volume: 45.36L, fold away storage boxes for sale\",\"breadcrumb\":{\"@id\":\"https:\/\/www.plastic-crates.com\/product\/fold-away-storage-boxes-zjkn604024w-1\/#breadcrumb\"},\"inLanguage\":\"pt-PT\",\"potentialAction\":[{\"@type\":\"ReadAction\",\"target\":[\"https:\/\/www.plastic-crates.com\/product\/fold-away-storage-boxes-zjkn604024w-1\/\"]}]},{\"@type\":\"ImageObject\",\"inLanguage\":\"pt-PT\",\"@id\":\"https:\/\/www.plastic-crates.com\/product\/fold-away-storage-boxes-zjkn604024w-1\/#primaryimage\",\"url\":\"https:\/\/www.plastic-crates.com\/wp-content\/uploads\/2019\/11\/fold-away-storage-boxes.jpg\",\"contentUrl\":\"https:\/\/www.plastic-crates.com\/wp-content\/uploads\/2019\/11\/fold-away-storage-boxes.jpg\",\"width\":499,\"height\":317,\"caption\":\"fold away storage boxes\"},{\"@type\":\"BreadcrumbList\",\"@id\":\"https:\/\/www.plastic-crates.com\/product\/fold-away-storage-boxes-zjkn604024w-1\/#breadcrumb\",\"itemListElement\":[{\"@type\":\"ListItem\",\"position\":1,\"name\":\"Home\",\"item\":\"https:\/\/www.plastic-crates.com\/\"},{\"@type\":\"ListItem\",\"position\":2,\"name\":\"Products\",\"item\":\"https:\/\/www.plastic-crates.com\/shop\/\"},{\"@type\":\"ListItem\",\"position\":3,\"name\":\"fold away storage boxes-JOIN-KN604024W-1\"}]},{\"@type\":\"WebSite\",\"@id\":\"https:\/\/www.plastic-crates.com\/#website\",\"url\":\"https:\/\/www.plastic-crates.com\/\",\"name\":\"plastic-crates.com\",\"description\":\"Leading plastic crates manufacturer in China\",\"potentialAction\":[{\"@type\":\"SearchAction\",\"target\":{\"@type\":\"EntryPoint\",\"urlTemplate\":\"https:\/\/www.plastic-crates.com\/?s={search_term_string}\"},\"query-input\":{\"@type\":\"PropertyValueSpecification\",\"valueRequired\":true,\"valueName\":\"search_term_string\"}}],\"inLanguage\":\"pt-PT\"}]}<\/script>\n<!-- \/ Yoast SEO plugin. -->","yoast_head_json":{"title":"caixas de armazenamento dobr\u00e1veis atacado e pre\u00e7o de f\u00e1brica","description":"Caixas de armazenamento dobr\u00e1veis por atacado, fornecedor de caixas dobr\u00e1veis, Dimens\u00f5es (C*L*A): 600 * 400 * 240 mm, Volume: 45,36 L, caixas de armazenamento dobr\u00e1veis para venda","robots":{"index":"index","follow":"follow","max-snippet":"max-snippet:-1","max-image-preview":"max-image-preview:large","max-video-preview":"max-video-preview:-1"},"canonical":"https:\/\/www.plastic-crates.com\/pt\/produto\/caixas-de-armazenamento-dobraveis-zjkn604024w-1\/","og_locale":"pt_PT","og_type":"article","og_title":"fold away storage boxes","og_description":"Wholesale fold away storage boxes, collapsable box supplier, Dimensions(L*W*H):600 * 400 * 240 mm, Volume: 45.36L, fold away storage boxes for sale","og_url":"https:\/\/www.plastic-crates.com\/pt\/produto\/caixas-de-armazenamento-dobraveis-zjkn604024w-1\/","og_site_name":"plastic-crates.com","article_modified_time":"2019-11-23T03:46:24+00:00","og_image":[{"width":499,"height":317,"url":"https:\/\/www.plastic-crates.com\/wp-content\/uploads\/2019\/11\/fold-away-storage-boxes.jpg","type":"image\/jpeg"}],"twitter_card":"summary_large_image","twitter_title":"fold away storage boxes","schema":{"@context":"https:\/\/schema.org","@graph":[{"@type":"WebPage","@id":"https:\/\/www.plastic-crates.com\/product\/fold-away-storage-boxes-zjkn604024w-1\/","url":"https:\/\/www.plastic-crates.com\/product\/fold-away-storage-boxes-zjkn604024w-1\/","name":"caixas de armazenamento dobr\u00e1veis atacado e pre\u00e7o de f\u00e1brica","isPartOf":{"@id":"https:\/\/www.plastic-crates.com\/#website"},"primaryImageOfPage":{"@id":"https:\/\/www.plastic-crates.com\/product\/fold-away-storage-boxes-zjkn604024w-1\/#primaryimage"},"image":{"@id":"https:\/\/www.plastic-crates.com\/product\/fold-away-storage-boxes-zjkn604024w-1\/#primaryimage"},"thumbnailUrl":"https:\/\/www.plastic-crates.com\/wp-content\/uploads\/2019\/11\/fold-away-storage-boxes.jpg","datePublished":"2019-10-13T19:47:56+00:00","dateModified":"2019-11-23T03:46:24+00:00","description":"Caixas de armazenamento dobr\u00e1veis por atacado, fornecedor de caixas dobr\u00e1veis, Dimens\u00f5es (C*L*A): 600 * 400 * 240 mm, Volume: 45,36 L, caixas de armazenamento dobr\u00e1veis para venda","breadcrumb":{"@id":"https:\/\/www.plastic-crates.com\/product\/fold-away-storage-boxes-zjkn604024w-1\/#breadcrumb"},"inLanguage":"pt-PT","potentialAction":[{"@type":"ReadAction","target":["https:\/\/www.plastic-crates.com\/product\/fold-away-storage-boxes-zjkn604024w-1\/"]}]},{"@type":"ImageObject","inLanguage":"pt-PT","@id":"https:\/\/www.plastic-crates.com\/product\/fold-away-storage-boxes-zjkn604024w-1\/#primaryimage","url":"https:\/\/www.plastic-crates.com\/wp-content\/uploads\/2019\/11\/fold-away-storage-boxes.jpg","contentUrl":"https:\/\/www.plastic-crates.com\/wp-content\/uploads\/2019\/11\/fold-away-storage-boxes.jpg","width":499,"height":317,"caption":"fold away storage boxes"},{"@type":"BreadcrumbList","@id":"https:\/\/www.plastic-crates.com\/product\/fold-away-storage-boxes-zjkn604024w-1\/#breadcrumb","itemListElement":[{"@type":"ListItem","position":1,"name":"Home","item":"https:\/\/www.plastic-crates.com\/"},{"@type":"ListItem","position":2,"name":"Products","item":"https:\/\/www.plastic-crates.com\/shop\/"},{"@type":"ListItem","position":3,"name":"fold away storage boxes-JOIN-KN604024W-1"}]},{"@type":"WebSite","@id":"https:\/\/www.plastic-crates.com\/#website","url":"https:\/\/www.plastic-crates.com\/","name":"plastic-crates.com","description":"Fabricante l\u00edder de caixas pl\u00e1sticas na China","potentialAction":[{"@type":"SearchAction","target":{"@type":"EntryPoint","urlTemplate":"https:\/\/www.plastic-crates.com\/?s={search_term_string}"},"query-input":{"@type":"PropertyValueSpecification","valueRequired":true,"valueName":"search_term_string"}}],"inLanguage":"pt-PT"}]}},"_links":{"self":[{"href":"https:\/\/www.plastic-crates.com\/pt\/wp-json\/wp\/v2\/product\/6443","targetHints":{"allow":["GET"]}}],"collection":[{"href":"https:\/\/www.plastic-crates.com\/pt\/wp-json\/wp\/v2\/product"}],"about":[{"href":"https:\/\/www.plastic-crates.com\/pt\/wp-json\/wp\/v2\/types\/product"}],"wp:featuredmedia":[{"embeddable":true,"href":"https:\/\/www.plastic-crates.com\/pt\/wp-json\/wp\/v2\/media\/6444"}],"wp:attachment":[{"href":"https:\/\/www.plastic-crates.com\/pt\/wp-json\/wp\/v2\/media?parent=6443"}],"wp:term":[{"taxonomy":"product_brand","embeddable":true,"href":"https:\/\/www.plastic-crates.com\/pt\/wp-json\/wp\/v2\/product_brand?post=6443"},{"taxonomy":"product_cat","embeddable":true,"href":"https:\/\/www.plastic-crates.com\/pt\/wp-json\/wp\/v2\/product_cat?post=6443"},{"taxonomy":"product_tag","embeddable":true,"href":"https:\/\/www.plastic-crates.com\/pt\/wp-json\/wp\/v2\/product_tag?post=6443"}],"curies":[{"name":"wp","href":"https:\/\/api.w.org\/{rel}","templated":true}]}}