{"id":6963,"date":"2021-07-15T05:53:44","date_gmt":"2021-07-15T05:53:44","guid":{"rendered":"https:\/\/www.plastic-crates.com\/?post_type=product&#038;p=6963"},"modified":"2021-07-15T07:06:41","modified_gmt":"2021-07-15T07:06:41","slug":"caixas-empilhaveis-para-produtos-no-atacado","status":"publish","type":"product","link":"https:\/\/www.plastic-crates.com\/pt\/produto\/caixas-empilhaveis-para-produtos-no-atacado\/","title":{"rendered":"caixas empilh\u00e1veis para produtos no atacado"},"content":{"rendered":"<p>Caixas empilh\u00e1veis para produtos est\u00e3o dispon\u00edveis em v\u00e1rios tamanhos e estilos para colher, processar e enviar pequenas frutas e vegetais, como morangos ou aspargos.<\/p>\n<p><strong>Caracter\u00edsticas e benef\u00edcios<\/strong><\/p>\n<ul>\n<li>Fabricado com materiais compat\u00edveis com FDA<\/li>\n<li>Suporta exposi\u00e7\u00e3o \u00e0 luz solar e processos de resfriamento; resiste a impactos e umidade; n\u00e3o lasca, apodrece ou absorve odores<\/li>\n<li>Interiores f\u00e1ceis de limpar<\/li>\n<li>Empilhe quando carregado, encaixe quando vazio para maior efici\u00eancia de espa\u00e7o<\/li>\n<li>Projetos ventilados para resfriamento r\u00e1pido, controle de temperatura e drenagem<\/li>\n<li>Use com temperaturas de -20\u02da a 120\u02da F<\/li>\n<li>Op\u00e7\u00f5es de personaliza\u00e7\u00e3o e identifica\u00e7\u00e3o dispon\u00edveis<\/li>\n<li>Com garantia limitada de um ano<\/li>\n<li>100% HDPE recicl\u00e1vel<\/li>\n<\/ul>","protected":false},"excerpt":{"rendered":"<p>Voc\u00ea tamb\u00e9m pode estar interessado em <a href=\"https:\/\/www.plastic-crates.com\/pt\/categoria+de+produto\/conteiner-de-paletes\/\" target=\"_blank\" rel=\"noopener\">caixas de paletes de pl\u00e1stico<\/a>,<a href=\"https:\/\/www.plastic-crates.com\/pt\/categoria+de+produto\/caixas-de-armazenamento-de-pecas\/\" target=\"_blank\" rel=\"noopener\">caixas de armazenamento de pe\u00e7as<\/a><\/p>","protected":false},"featured_media":6999,"template":"","meta":{"_acf_changed":false},"product_brand":[],"product_cat":[20],"product_tag":[132,133],"class_list":{"0":"post-6963","1":"product","2":"type-product","3":"status-publish","4":"has-post-thumbnail","6":"product_cat-fruit-crates","7":"product_tag-plastic-vegetable-crate","8":"product_tag-retaining-freshness-crate","10":"first","11":"instock","12":"product-type-simple"},"acf":[],"yoast_head":"<!-- This site is optimized with the Yoast SEO plugin v26.1.1 - https:\/\/yoast.com\/wordpress\/plugins\/seo\/ -->\n<title>stackable produce crates wholesale | High Quality &amp; Factory Price\u200e<\/title>\n<meta name=\"description\" content=\"Professional manufacturer of stackable produce crates,Vegetable Crates, Dimensions(L*W*H):585*405*310mm, Volumn:60L,produce crates wholesale\" \/>\n<meta name=\"robots\" content=\"index, follow, max-snippet:-1, max-image-preview:large, max-video-preview:-1\" \/>\n<link rel=\"canonical\" href=\"https:\/\/www.plastic-crates.com\/pt\/produto\/caixas-empilhaveis-para-produtos-no-atacado\/\" \/>\n<meta property=\"og:locale\" content=\"pt_PT\" \/>\n<meta property=\"og:type\" content=\"article\" \/>\n<meta property=\"og:title\" content=\"apple crates wholesale | High Quality &amp; Factory Price\u200e\" \/>\n<meta property=\"og:description\" content=\"Professional manufacturer of stackable produce crates,Vegetable Crates, Dimensions(L*W*H):585*405*310mm, Volumn:60L,produce crates wholesale\" \/>\n<meta property=\"og:url\" content=\"https:\/\/www.plastic-crates.com\/pt\/produto\/caixas-empilhaveis-para-produtos-no-atacado\/\" \/>\n<meta property=\"og:site_name\" content=\"plastic-crates.com\" \/>\n<meta property=\"article:modified_time\" content=\"2021-07-15T07:06:41+00:00\" \/>\n<meta property=\"og:image\" content=\"https:\/\/www.plastic-crates.com\/wp-content\/uploads\/2021\/07\/apple-crates-wholesale-4.jpg\" \/>\n\t<meta property=\"og:image:width\" content=\"700\" \/>\n\t<meta property=\"og:image:height\" content=\"700\" \/>\n\t<meta property=\"og:image:type\" content=\"image\/jpeg\" \/>\n<meta name=\"twitter:card\" content=\"summary_large_image\" \/>\n<meta name=\"twitter:title\" content=\"apple crates wholesale | High Quality &amp; Factory Price\u200e\" \/>\n<meta name=\"twitter:label1\" content=\"Tempo estimado de leitura\" \/>\n\t<meta name=\"twitter:data1\" content=\"1 minuto\" \/>\n<script type=\"application\/ld+json\" class=\"yoast-schema-graph\">{\"@context\":\"https:\/\/schema.org\",\"@graph\":[{\"@type\":\"WebPage\",\"@id\":\"https:\/\/www.plastic-crates.com\/product\/stackable-produce-crates-wholesale\/\",\"url\":\"https:\/\/www.plastic-crates.com\/product\/stackable-produce-crates-wholesale\/\",\"name\":\"stackable produce crates wholesale | High Quality & Factory Price\u200e\",\"isPartOf\":{\"@id\":\"https:\/\/www.plastic-crates.com\/#website\"},\"primaryImageOfPage\":{\"@id\":\"https:\/\/www.plastic-crates.com\/product\/stackable-produce-crates-wholesale\/#primaryimage\"},\"image\":{\"@id\":\"https:\/\/www.plastic-crates.com\/product\/stackable-produce-crates-wholesale\/#primaryimage\"},\"thumbnailUrl\":\"https:\/\/www.plastic-crates.com\/wp-content\/uploads\/2021\/07\/apple-crates-wholesale-4.jpg\",\"datePublished\":\"2021-07-15T05:53:44+00:00\",\"dateModified\":\"2021-07-15T07:06:41+00:00\",\"description\":\"Professional manufacturer of stackable produce crates,Vegetable Crates, Dimensions(L*W*H):585*405*310mm, Volumn:60L,produce crates wholesale\",\"breadcrumb\":{\"@id\":\"https:\/\/www.plastic-crates.com\/product\/stackable-produce-crates-wholesale\/#breadcrumb\"},\"inLanguage\":\"pt-PT\",\"potentialAction\":[{\"@type\":\"ReadAction\",\"target\":[\"https:\/\/www.plastic-crates.com\/product\/stackable-produce-crates-wholesale\/\"]}]},{\"@type\":\"ImageObject\",\"inLanguage\":\"pt-PT\",\"@id\":\"https:\/\/www.plastic-crates.com\/product\/stackable-produce-crates-wholesale\/#primaryimage\",\"url\":\"https:\/\/www.plastic-crates.com\/wp-content\/uploads\/2021\/07\/apple-crates-wholesale-4.jpg\",\"contentUrl\":\"https:\/\/www.plastic-crates.com\/wp-content\/uploads\/2021\/07\/apple-crates-wholesale-4.jpg\",\"width\":700,\"height\":700,\"caption\":\"stackable produce crates\"},{\"@type\":\"BreadcrumbList\",\"@id\":\"https:\/\/www.plastic-crates.com\/product\/stackable-produce-crates-wholesale\/#breadcrumb\",\"itemListElement\":[{\"@type\":\"ListItem\",\"position\":1,\"name\":\"Home\",\"item\":\"https:\/\/www.plastic-crates.com\/\"},{\"@type\":\"ListItem\",\"position\":2,\"name\":\"Products\",\"item\":\"https:\/\/www.plastic-crates.com\/shop\/\"},{\"@type\":\"ListItem\",\"position\":3,\"name\":\"stackable produce crates wholesale\"}]},{\"@type\":\"WebSite\",\"@id\":\"https:\/\/www.plastic-crates.com\/#website\",\"url\":\"https:\/\/www.plastic-crates.com\/\",\"name\":\"plastic-crates.com\",\"description\":\"Leading plastic crates manufacturer in China\",\"potentialAction\":[{\"@type\":\"SearchAction\",\"target\":{\"@type\":\"EntryPoint\",\"urlTemplate\":\"https:\/\/www.plastic-crates.com\/?s={search_term_string}\"},\"query-input\":{\"@type\":\"PropertyValueSpecification\",\"valueRequired\":true,\"valueName\":\"search_term_string\"}}],\"inLanguage\":\"pt-PT\"}]}<\/script>\n<!-- \/ Yoast SEO plugin. -->","yoast_head_json":{"title":"caixas empilh\u00e1veis para produtos no atacado | Alta qualidade e pre\u00e7o de f\u00e1brica","description":"Fabricante profissional de caixas empilh\u00e1veis para produtos, caixas para vegetais, dimens\u00f5es (C*L*A): 585*405*310 mm, volume: 60L, caixas para produtos no atacado","robots":{"index":"index","follow":"follow","max-snippet":"max-snippet:-1","max-image-preview":"max-image-preview:large","max-video-preview":"max-video-preview:-1"},"canonical":"https:\/\/www.plastic-crates.com\/pt\/produto\/caixas-empilhaveis-para-produtos-no-atacado\/","og_locale":"pt_PT","og_type":"article","og_title":"apple crates wholesale | High Quality & Factory Price\u200e","og_description":"Professional manufacturer of stackable produce crates,Vegetable Crates, Dimensions(L*W*H):585*405*310mm, Volumn:60L,produce crates wholesale","og_url":"https:\/\/www.plastic-crates.com\/pt\/produto\/caixas-empilhaveis-para-produtos-no-atacado\/","og_site_name":"plastic-crates.com","article_modified_time":"2021-07-15T07:06:41+00:00","og_image":[{"width":700,"height":700,"url":"https:\/\/www.plastic-crates.com\/wp-content\/uploads\/2021\/07\/apple-crates-wholesale-4.jpg","type":"image\/jpeg"}],"twitter_card":"summary_large_image","twitter_title":"apple crates wholesale | High Quality & Factory Price\u200e","twitter_misc":{"Tempo estimado de leitura":"1 minuto"},"schema":{"@context":"https:\/\/schema.org","@graph":[{"@type":"WebPage","@id":"https:\/\/www.plastic-crates.com\/product\/stackable-produce-crates-wholesale\/","url":"https:\/\/www.plastic-crates.com\/product\/stackable-produce-crates-wholesale\/","name":"caixas empilh\u00e1veis para produtos no atacado | Alta qualidade e pre\u00e7o de f\u00e1brica","isPartOf":{"@id":"https:\/\/www.plastic-crates.com\/#website"},"primaryImageOfPage":{"@id":"https:\/\/www.plastic-crates.com\/product\/stackable-produce-crates-wholesale\/#primaryimage"},"image":{"@id":"https:\/\/www.plastic-crates.com\/product\/stackable-produce-crates-wholesale\/#primaryimage"},"thumbnailUrl":"https:\/\/www.plastic-crates.com\/wp-content\/uploads\/2021\/07\/apple-crates-wholesale-4.jpg","datePublished":"2021-07-15T05:53:44+00:00","dateModified":"2021-07-15T07:06:41+00:00","description":"Fabricante profissional de caixas empilh\u00e1veis para produtos, caixas para vegetais, dimens\u00f5es (C*L*A): 585*405*310 mm, volume: 60L, caixas para produtos no atacado","breadcrumb":{"@id":"https:\/\/www.plastic-crates.com\/product\/stackable-produce-crates-wholesale\/#breadcrumb"},"inLanguage":"pt-PT","potentialAction":[{"@type":"ReadAction","target":["https:\/\/www.plastic-crates.com\/product\/stackable-produce-crates-wholesale\/"]}]},{"@type":"ImageObject","inLanguage":"pt-PT","@id":"https:\/\/www.plastic-crates.com\/product\/stackable-produce-crates-wholesale\/#primaryimage","url":"https:\/\/www.plastic-crates.com\/wp-content\/uploads\/2021\/07\/apple-crates-wholesale-4.jpg","contentUrl":"https:\/\/www.plastic-crates.com\/wp-content\/uploads\/2021\/07\/apple-crates-wholesale-4.jpg","width":700,"height":700,"caption":"stackable produce crates"},{"@type":"BreadcrumbList","@id":"https:\/\/www.plastic-crates.com\/product\/stackable-produce-crates-wholesale\/#breadcrumb","itemListElement":[{"@type":"ListItem","position":1,"name":"Home","item":"https:\/\/www.plastic-crates.com\/"},{"@type":"ListItem","position":2,"name":"Products","item":"https:\/\/www.plastic-crates.com\/shop\/"},{"@type":"ListItem","position":3,"name":"stackable produce crates wholesale"}]},{"@type":"WebSite","@id":"https:\/\/www.plastic-crates.com\/#website","url":"https:\/\/www.plastic-crates.com\/","name":"plastic-crates.com","description":"Fabricante l\u00edder de caixas pl\u00e1sticas na China","potentialAction":[{"@type":"SearchAction","target":{"@type":"EntryPoint","urlTemplate":"https:\/\/www.plastic-crates.com\/?s={search_term_string}"},"query-input":{"@type":"PropertyValueSpecification","valueRequired":true,"valueName":"search_term_string"}}],"inLanguage":"pt-PT"}]}},"_links":{"self":[{"href":"https:\/\/www.plastic-crates.com\/pt\/wp-json\/wp\/v2\/product\/6963","targetHints":{"allow":["GET"]}}],"collection":[{"href":"https:\/\/www.plastic-crates.com\/pt\/wp-json\/wp\/v2\/product"}],"about":[{"href":"https:\/\/www.plastic-crates.com\/pt\/wp-json\/wp\/v2\/types\/product"}],"wp:featuredmedia":[{"embeddable":true,"href":"https:\/\/www.plastic-crates.com\/pt\/wp-json\/wp\/v2\/media\/6999"}],"wp:attachment":[{"href":"https:\/\/www.plastic-crates.com\/pt\/wp-json\/wp\/v2\/media?parent=6963"}],"wp:term":[{"taxonomy":"product_brand","embeddable":true,"href":"https:\/\/www.plastic-crates.com\/pt\/wp-json\/wp\/v2\/product_brand?post=6963"},{"taxonomy":"product_cat","embeddable":true,"href":"https:\/\/www.plastic-crates.com\/pt\/wp-json\/wp\/v2\/product_cat?post=6963"},{"taxonomy":"product_tag","embeddable":true,"href":"https:\/\/www.plastic-crates.com\/pt\/wp-json\/wp\/v2\/product_tag?post=6963"}],"curies":[{"name":"wp","href":"https:\/\/api.w.org\/{rel}","templated":true}]}}