{"id":6964,"date":"2021-07-15T05:53:44","date_gmt":"2021-07-15T05:53:44","guid":{"rendered":"https:\/\/www.plastic-crates.com\/?post_type=product&#038;p=6964"},"modified":"2021-07-15T06:54:56","modified_gmt":"2021-07-15T06:54:56","slug":"caixas-de-frutas-dobraveis","status":"publish","type":"product","link":"https:\/\/www.plastic-crates.com\/pt\/produto\/caixas-de-frutas-dobraveis\/","title":{"rendered":"caixas de frutas dobr\u00e1veis"},"content":{"rendered":"<div style=\"width: 960px;\" class=\"wp-video\"><!--[if lt IE 9]><script>document.createElement('video');<\/script><![endif]-->\n<video class=\"wp-video-shortcode\" id=\"video-6964-1\" width=\"960\" height=\"540\" preload=\"metadata\" controls=\"controls\"><source type=\"video\/mp4\" src=\"https:\/\/www.vegcrates.com\/wp-content\/uploads\/2021\/06\/folding-vegetable-crates.mp4?_=1\" \/><a href=\"https:\/\/www.vegcrates.com\/wp-content\/uploads\/2021\/06\/folding-vegetable-crates.mp4\">https:\/\/www.vegcrates.com\/wp-content\/uploads\/2021\/06\/folding-vegetable-crates.mp4<\/a><\/video><\/div>\n<p>&nbsp;<\/p>\n<table class=\"table table-bordered\">\n<tbody>\n<tr>\n<td colspan=\"2\" rowspan=\"1\">\n<div class=\"magic-5\" data-spm-anchor-id=\"a2700.wholesale.0.i28.6ec52b1clrcZLq\">\n<div class=\"magic-6\" data-spm-anchor-id=\"0.0.0.i25.47de4f05nhNpC9\"><span class=\"magic-7\" data-spm-anchor-id=\"a2700.pc-decorate.0.i14.39f83333ChPpDi\"><b>Par\u00e2metros do produto<\/b><\/span><\/div>\n<\/div>\n<\/td>\n<\/tr>\n<tr>\n<td colspan=\"1\" rowspan=\"1\">\n<div class=\"magic-10\">Nome do produto<\/div>\n<\/td>\n<td colspan=\"1\" rowspan=\"1\">\n<div class=\"magic-11\">JUNTE-SE A ZD64220<\/div>\n<\/td>\n<\/tr>\n<tr>\n<td colspan=\"1\" rowspan=\"1\">\n<div class=\"magic-10\">Volume<\/div>\n<\/td>\n<td colspan=\"1\" rowspan=\"1\">\n<div class=\"magic-11\">41L<\/div>\n<\/td>\n<\/tr>\n<tr>\n<td colspan=\"1\" rowspan=\"1\">\n<div class=\"magic-12\">Tamanho externo<\/div>\n<\/td>\n<td colspan=\"1\" rowspan=\"1\">\n<div class=\"magic-11\">600*400*220 mm<\/div>\n<\/td>\n<\/tr>\n<tr>\n<td colspan=\"1\" rowspan=\"1\">\n<div class=\"magic-10\">Tamanho dobr\u00e1vel<\/div>\n<\/td>\n<td colspan=\"1\" rowspan=\"1\">\n<div class=\"magic-11\" data-spm-anchor-id=\"a2700.wholesale.0.i22.6ec52b1clrcZLq\">600*400*48 mm<\/div>\n<\/td>\n<\/tr>\n<tr>\n<td colspan=\"1\" rowspan=\"1\">\n<div class=\"magic-10\">Altura de dobragem<\/div>\n<\/td>\n<td colspan=\"1\" rowspan=\"1\">\n<div class=\"magic-11\">48 mm<\/div>\n<\/td>\n<\/tr>\n<tr>\n<td colspan=\"1\" rowspan=\"1\">\n<div class=\"magic-10\">Material<\/div>\n<\/td>\n<td colspan=\"1\" rowspan=\"1\">\n<div class=\"magic-11\">PP<\/div>\n<\/td>\n<\/tr>\n<tr>\n<td colspan=\"1\" rowspan=\"1\">\n<div class=\"magic-10\">Cores<\/div>\n<\/td>\n<td colspan=\"1\" rowspan=\"1\">\n<div class=\"magic-11\">Personaliza\u00e7\u00e3o Azul Verde<\/div>\n<\/td>\n<\/tr>\n<tr>\n<td colspan=\"1\" rowspan=\"1\">\n<div class=\"magic-10\">Capacidade de carga<\/div>\n<\/td>\n<td colspan=\"1\" rowspan=\"1\">\n<div class=\"magic-11\">\u226420 kg<\/div>\n<\/td>\n<\/tr>\n<tr>\n<td colspan=\"1\" rowspan=\"1\">\n<div class=\"magic-12\">Capacidade de empilhamento<\/div>\n<\/td>\n<td colspan=\"1\" rowspan=\"1\">\n<div class=\"magic-11\">\u2264100 kg<\/div>\n<\/td>\n<\/tr>\n<tr>\n<td colspan=\"1\" rowspan=\"1\">\n<div class=\"magic-12\">GP de 20&#039;<\/div>\n<\/td>\n<td colspan=\"1\" rowspan=\"1\">\n<div class=\"magic-11\">2500 pe\u00e7as<\/div>\n<\/td>\n<\/tr>\n<tr>\n<td colspan=\"1\" rowspan=\"1\">\n<div class=\"magic-12\">40&#039;GP<\/div>\n<\/td>\n<td colspan=\"1\" rowspan=\"1\">\n<div class=\"magic-11\">5000 pe\u00e7as<\/div>\n<\/td>\n<\/tr>\n<\/tbody>\n<\/table>\n<p>&nbsp;<\/p>\n<p>&nbsp;<\/p>\n<div class=\"table-responsive\">\n<table class=\"table table-bordered\">\n<tbody>\n<tr>\n<td colspan=\"5\" rowspan=\"1\">\n<div class=\"magic-57\">\n<div class=\"magic-6\" data-spm-anchor-id=\"0.0.0.i48.47de4f05sUjxmC\"><b><span class=\"magic-7\" data-spm-anchor-id=\"0.0.0.i47.47de4f05sUjxmC\">TODAS as dimens\u00f5es dispon\u00edveis<\/span><\/b><\/div>\n<\/div>\n<\/td>\n<\/tr>\n<tr>\n<td colspan=\"1\" rowspan=\"1\">\n<div class=\"magic-60\">\n<div class=\"magic-61\" data-spm-anchor-id=\"0.0.0.i14.47de4f05sUjxmC\">N\u00famero do produto<\/div>\n<\/div>\n<\/td>\n<td colspan=\"1\" rowspan=\"1\">\n<div class=\"magic-62\">\n<div class=\"magic-6\" data-spm-anchor-id=\"0.0.0.i12.47de4f05sUjxmC\">Volume<\/div>\n<\/div>\n<\/td>\n<td colspan=\"1\" rowspan=\"1\">\n<div class=\"magic-62\">\n<div class=\"magic-6\" data-spm-anchor-id=\"0.0.0.i76.47de4f05sUjxmC\">Tamanho externo<\/div>\n<\/div>\n<\/td>\n<td colspan=\"1\" rowspan=\"1\">\n<div class=\"magic-62\">\n<div class=\"magic-6\" data-spm-anchor-id=\"0.0.0.i34.47de4f05sUjxmC\">Tamanho da dobra<\/div>\n<\/div>\n<\/td>\n<td colspan=\"1\" rowspan=\"1\">\n<div class=\"magic-63\">\n<div class=\"magic-6\">Peso \u00danico<\/div>\n<\/div>\n<\/td>\n<\/tr>\n<tr>\n<td colspan=\"1\" rowspan=\"1\">\n<div class=\"magic-60\">\n<div class=\"magic-61\" data-spm-anchor-id=\"0.0.0.i62.47de4f05sUjxmC\">JUNTE-SE A ZD64220<\/div>\n<\/div>\n<\/td>\n<td colspan=\"1\" rowspan=\"1\">\n<div class=\"magic-62\">\n<div class=\"magic-6\" data-spm-anchor-id=\"a2700.pc-decorate.0.i139.3abb3333TIRZpF\">41L<\/div>\n<\/div>\n<\/td>\n<td colspan=\"1\" rowspan=\"1\">\n<div class=\"magic-62\">\n<div class=\"magic-6\" data-spm-anchor-id=\"a2700.pc-decorate.0.i142.3abb3333TIRZpF\">600*400*220 mm<\/div>\n<\/div>\n<\/td>\n<td colspan=\"1\" rowspan=\"1\">\n<div class=\"magic-62\">\n<div class=\"magic-6\" data-spm-anchor-id=\"a2700.pc-decorate.0.i146.3abb3333TIRZpF\">600*400*48 mm<\/div>\n<\/div>\n<\/td>\n<td colspan=\"1\" rowspan=\"1\">\n<div class=\"magic-63\">\n<div class=\"magic-6\" data-spm-anchor-id=\"a2700.pc-decorate.0.i147.3abb3333TIRZpF\">2,1 kg \u00b12%<\/div>\n<\/div>\n<\/td>\n<\/tr>\n<tr>\n<td colspan=\"1\" rowspan=\"1\">\n<div class=\"magic-60\">\n<div class=\"magic-61\" data-spm-anchor-id=\"a2700.custom-template.0.i23.e62133334T37Q0\">JUNTE-SE A ZD64255<\/div>\n<\/div>\n<\/td>\n<td colspan=\"1\" rowspan=\"1\">\n<div class=\"magic-62\">\n<div class=\"magic-6\" data-spm-anchor-id=\"a2700.pc-decorate.0.i140.3abb3333TIRZpF\">50L<\/div>\n<\/div>\n<\/td>\n<td colspan=\"1\" rowspan=\"1\">\n<div class=\"magic-62\">\n<div class=\"magic-6\" data-spm-anchor-id=\"a2700.pc-decorate.0.i144.3abb3333TIRZpF\">600*400*255 mm<\/div>\n<\/div>\n<\/td>\n<td colspan=\"1\" rowspan=\"1\">\n<div class=\"magic-62\">\n<div class=\"magic-6\" data-spm-anchor-id=\"0.0.0.i79.47de4f05sUjxmC\">600*400*80 mm<\/div>\n<\/div>\n<\/td>\n<td colspan=\"1\" rowspan=\"1\">\n<div class=\"magic-63\">\n<div class=\"magic-6\" data-spm-anchor-id=\"a2700.pc-decorate.0.i148.3abb3333TIRZpF\">2,0 kg \u00b12%<\/div>\n<\/div>\n<\/td>\n<\/tr>\n<tr>\n<td colspan=\"1\" rowspan=\"1\">\n<div class=\"magic-60\">\n<div class=\"magic-61\" data-spm-anchor-id=\"a2700.custom-template.0.i27.e62133334T37Q0\">JUNTE-SE A ZD53245<\/div>\n<\/div>\n<\/td>\n<td colspan=\"1\" rowspan=\"1\">\n<div class=\"magic-62\">\n<div class=\"magic-6\" data-spm-anchor-id=\"a2700.pc-decorate.0.i141.3abb3333TIRZpF\">30L<\/div>\n<\/div>\n<\/td>\n<td colspan=\"1\" rowspan=\"1\">\n<div class=\"magic-62\">\n<div class=\"magic-6\" data-spm-anchor-id=\"a2700.pc-decorate.0.i145.3abb3333TIRZpF\">506*337*245 mm<\/div>\n<\/div>\n<\/td>\n<td colspan=\"1\" rowspan=\"1\">\n<div class=\"magic-62\">\n<div class=\"magic-6\" data-spm-anchor-id=\"0.0.0.i80.47de4f05sUjxmC\">506*337*90 mm<\/div>\n<\/div>\n<\/td>\n<td colspan=\"1\" rowspan=\"1\">\n<div class=\"magic-63\">\n<div class=\"magic-6\" data-spm-anchor-id=\"a2700.pc-decorate.0.i149.3abb3333TIRZpF\">1,9 kg \u00b12%<\/div>\n<\/div>\n<\/td>\n<\/tr>\n<\/tbody>\n<\/table>\n<\/div>\n<p><strong>detalhes de caixas de frutas de pl\u00e1stico dobr\u00e1veis<\/strong><\/p>\n<p><img loading=\"lazy\" decoding=\"async\" class=\"alignnone wp-image-6522\" src=\"https:\/\/www.vegcrates.com\/wp-content\/uploads\/2021\/06\/folding-crates-1.jpg\" alt=\"caixas dobr\u00e1veis\" width=\"800\" height=\"800\" \/> <img loading=\"lazy\" decoding=\"async\" class=\"alignnone wp-image-6523\" src=\"https:\/\/www.vegcrates.com\/wp-content\/uploads\/2021\/06\/folding-crates-2.jpg\" alt=\"caixas dobr\u00e1veis\" width=\"800\" height=\"424\" \/> <img loading=\"lazy\" decoding=\"async\" class=\"alignnone wp-image-6525\" src=\"https:\/\/www.vegcrates.com\/wp-content\/uploads\/2021\/06\/folding-crates-4.jpg\" alt=\"caixas pl\u00e1sticas dobr\u00e1veis\" width=\"800\" height=\"800\" \/><\/p>\n<div class=\"text-title\" data-id=\"below-title\">\n<div><\/div>\n<div><\/div>\n<div class=\"magic-6\"><strong><span class=\"magic-7\" data-spm-anchor-id=\"a2700.wholesale.0.i29.6ec52b1clrcZLq\">Impress\u00e3o e Grava\u00e7\u00e3o<\/span><\/strong><\/div>\n<\/div>\n<div class=\"text-content\" data-id=\"below-content\"><span class=\"magic-34\">De acordo com os requisitos do cliente, impress\u00e3o e grava\u00e7\u00e3o nas partes designadas da caixa dobr\u00e1vel<\/span><\/div>\n<div data-id=\"below-content\"><img loading=\"lazy\" decoding=\"async\" class=\"alignnone wp-image-6526\" src=\"https:\/\/www.vegcrates.com\/wp-content\/uploads\/2021\/06\/vegetable-crates-printing-e1624458589223.jpg\" alt=\"caixas de vegetais\" width=\"800\" height=\"416\" \/><\/div>\n<p>A capacidade de empilhamento e dobramento desta caixa de vegetais a torna adequada para armazenamento e distribui\u00e7\u00e3o de vegetais e frutas em supermercados, mercados de produtores, armaz\u00e9ns, lojas de conveni\u00eancia e empresas de log\u00edstica.<\/p>\n<p>&nbsp;<\/p>\n<p><strong>Aplica\u00e7\u00e3o destas caixas pl\u00e1sticas para vegetais<\/strong><\/p>\n<p><img loading=\"lazy\" decoding=\"async\" class=\"alignnone wp-image-6527\" src=\"https:\/\/www.vegcrates.com\/wp-content\/uploads\/2021\/06\/vegetable-crates-application-1-1024x265.png\" alt=\"aplica\u00e7\u00e3o de caixas de vegetais\" width=\"800\" height=\"207\" \/> <img loading=\"lazy\" decoding=\"async\" class=\"alignnone wp-image-6528\" src=\"https:\/\/www.vegcrates.com\/wp-content\/uploads\/2021\/06\/vegetable-crates-application-2-1024x437.png\" alt=\"aplica\u00e7\u00e3o de caixas de vegetais\" width=\"800\" height=\"341\" \/> <img loading=\"lazy\" decoding=\"async\" class=\"alignnone wp-image-6529\" src=\"https:\/\/www.vegcrates.com\/wp-content\/uploads\/2021\/06\/vegetable-crates-application-3-1024x361.png\" alt=\"aplica\u00e7\u00e3o de caixas de vegetais\" width=\"800\" height=\"282\" \/> <img loading=\"lazy\" decoding=\"async\" class=\"alignnone wp-image-6530\" src=\"https:\/\/www.vegcrates.com\/wp-content\/uploads\/2021\/06\/vegetable-crates-application-4-1024x350.png\" alt=\"aplica\u00e7\u00e3o de caixas de vegetais\" width=\"800\" height=\"274\" \/><\/p>\n<p>&nbsp;<\/p>\n<p>Caixas pl\u00e1sticas para vegetais est\u00e3o dispon\u00edveis em v\u00e1rios tamanhos e estilos para colher, processar e enviar pequenas frutas e vegetais, como morangos ou aspargos.<\/p>\n<p><strong>Embalagem e entrega<\/strong><\/p>\n<p><img loading=\"lazy\" decoding=\"async\" class=\"alignnone wp-image-6531\" src=\"https:\/\/www.vegcrates.com\/wp-content\/uploads\/2021\/06\/foldable-crates-for-groceries-delivery-1024x505.png\" alt=\"caixas dobr\u00e1veis para entrega de compras\" width=\"800\" height=\"395\" \/><\/p>\n<p><strong>Caracter\u00edsticas e benef\u00edcios<\/strong><\/p>\n<ul>\n<li>Fabricado com materiais compat\u00edveis com FDA<\/li>\n<li>Suporta exposi\u00e7\u00e3o \u00e0 luz solar e processos de resfriamento; resiste a impactos e umidade; n\u00e3o lasca, apodrece ou absorve odores<\/li>\n<li>Interiores f\u00e1ceis de limpar<\/li>\n<li>Empilhe quando carregado, encaixe quando vazio para maior efici\u00eancia de espa\u00e7o<\/li>\n<li>Projetos ventilados para resfriamento r\u00e1pido, controle de temperatura e drenagem<\/li>\n<li>Use com temperaturas de -20\u02da a 120\u02da F<\/li>\n<li>Op\u00e7\u00f5es de personaliza\u00e7\u00e3o e identifica\u00e7\u00e3o dispon\u00edveis<\/li>\n<li>Com garantia limitada de um ano<\/li>\n<li>100% HDPE recicl\u00e1vel<\/li>\n<\/ul>","protected":false},"excerpt":{"rendered":"<p>Voc\u00ea tamb\u00e9m pode estar interessado em <a href=\"https:\/\/www.vegcrates.com\/product-category\/collapsible-storage-crate\/\" target=\"_blank\" rel=\"noopener\">caixas dobr\u00e1veis<\/a>,<a href=\"https:\/\/www.vegcrates.com\/product-category\/euro-containers\/\" target=\"_blank\" rel=\"noopener\">caixas de euro para venda<\/a><\/p>","protected":false},"featured_media":7004,"template":"","meta":{"_acf_changed":false},"product_brand":[],"product_cat":[20],"product_tag":[126,127],"class_list":{"0":"post-6964","1":"product","2":"type-product","3":"status-publish","4":"has-post-thumbnail","6":"product_cat-fruit-crates","7":"product_tag-plastic-vegetable-and-fruit-crate","8":"product_tag-plastic-vegetable-basket","10":"first","11":"instock","12":"product-type-simple"},"acf":[],"yoast_head":"<!-- This site is optimized with the Yoast SEO plugin v26.1.1 - https:\/\/yoast.com\/wordpress\/plugins\/seo\/ -->\n<title>Collapsible fruit crates | High Quality &amp; Factory Price\u200e<\/title>\n<meta name=\"description\" content=\"Professional manufacturer of collapsible plastic fruit crates,Dimensions(L*W*H):600*400*220mm, Volumn:41L,fruit crates for sale\" \/>\n<meta name=\"robots\" content=\"index, follow, max-snippet:-1, max-image-preview:large, max-video-preview:-1\" \/>\n<link rel=\"canonical\" href=\"https:\/\/www.plastic-crates.com\/pt\/produto\/caixas-de-frutas-dobraveis\/\" \/>\n<meta property=\"og:locale\" content=\"pt_PT\" \/>\n<meta property=\"og:type\" content=\"article\" \/>\n<meta property=\"og:title\" content=\"vegetable plastic crates | High Quality &amp; Factory Price\u200e\" \/>\n<meta property=\"og:description\" content=\"Professional manufacturer of collapsible plastic fruit crates,Dimensions(L*W*H):600*400*220mm, Volumn:41L,fruit crates for sale\" \/>\n<meta property=\"og:url\" content=\"https:\/\/www.plastic-crates.com\/pt\/produto\/caixas-de-frutas-dobraveis\/\" \/>\n<meta property=\"og:site_name\" content=\"plastic-crates.com\" \/>\n<meta property=\"article:modified_time\" content=\"2021-07-15T06:54:56+00:00\" \/>\n<meta property=\"og:image\" content=\"https:\/\/www.plastic-crates.com\/wp-content\/uploads\/2021\/07\/folding-vegetable-crates-1-e1624458802176.jpeg\" \/>\n\t<meta property=\"og:image:width\" content=\"1000\" \/>\n\t<meta property=\"og:image:height\" content=\"747\" \/>\n\t<meta property=\"og:image:type\" content=\"image\/jpeg\" \/>\n<meta name=\"twitter:card\" content=\"summary_large_image\" \/>\n<meta name=\"twitter:title\" content=\"vegetable plastic crates | High Quality &amp; Factory Price\u200e\" \/>\n<meta name=\"twitter:label1\" content=\"Tempo estimado de leitura\" \/>\n\t<meta name=\"twitter:data1\" content=\"3 minutos\" \/>\n<script type=\"application\/ld+json\" class=\"yoast-schema-graph\">{\"@context\":\"https:\/\/schema.org\",\"@graph\":[{\"@type\":\"WebPage\",\"@id\":\"https:\/\/www.plastic-crates.com\/product\/collapsible-fruit-crates\/\",\"url\":\"https:\/\/www.plastic-crates.com\/product\/collapsible-fruit-crates\/\",\"name\":\"Collapsible fruit crates | High Quality & Factory Price\u200e\",\"isPartOf\":{\"@id\":\"https:\/\/www.plastic-crates.com\/#website\"},\"primaryImageOfPage\":{\"@id\":\"https:\/\/www.plastic-crates.com\/product\/collapsible-fruit-crates\/#primaryimage\"},\"image\":{\"@id\":\"https:\/\/www.plastic-crates.com\/product\/collapsible-fruit-crates\/#primaryimage\"},\"thumbnailUrl\":\"https:\/\/www.plastic-crates.com\/wp-content\/uploads\/2021\/07\/folding-vegetable-crates-1-e1624458802176.jpeg\",\"datePublished\":\"2021-07-15T05:53:44+00:00\",\"dateModified\":\"2021-07-15T06:54:56+00:00\",\"description\":\"Professional manufacturer of collapsible plastic fruit crates,Dimensions(L*W*H):600*400*220mm, Volumn:41L,fruit crates for sale\",\"breadcrumb\":{\"@id\":\"https:\/\/www.plastic-crates.com\/product\/collapsible-fruit-crates\/#breadcrumb\"},\"inLanguage\":\"pt-PT\",\"potentialAction\":[{\"@type\":\"ReadAction\",\"target\":[\"https:\/\/www.plastic-crates.com\/product\/collapsible-fruit-crates\/\"]}]},{\"@type\":\"ImageObject\",\"inLanguage\":\"pt-PT\",\"@id\":\"https:\/\/www.plastic-crates.com\/product\/collapsible-fruit-crates\/#primaryimage\",\"url\":\"https:\/\/www.plastic-crates.com\/wp-content\/uploads\/2021\/07\/folding-vegetable-crates-1-e1624458802176.jpeg\",\"contentUrl\":\"https:\/\/www.plastic-crates.com\/wp-content\/uploads\/2021\/07\/folding-vegetable-crates-1-e1624458802176.jpeg\",\"width\":1000,\"height\":747,\"caption\":\"collapsible fruit crates\"},{\"@type\":\"BreadcrumbList\",\"@id\":\"https:\/\/www.plastic-crates.com\/product\/collapsible-fruit-crates\/#breadcrumb\",\"itemListElement\":[{\"@type\":\"ListItem\",\"position\":1,\"name\":\"Home\",\"item\":\"https:\/\/www.plastic-crates.com\/\"},{\"@type\":\"ListItem\",\"position\":2,\"name\":\"Products\",\"item\":\"https:\/\/www.plastic-crates.com\/shop\/\"},{\"@type\":\"ListItem\",\"position\":3,\"name\":\"collapsible fruit crates\"}]},{\"@type\":\"WebSite\",\"@id\":\"https:\/\/www.plastic-crates.com\/#website\",\"url\":\"https:\/\/www.plastic-crates.com\/\",\"name\":\"plastic-crates.com\",\"description\":\"Leading plastic crates manufacturer in China\",\"potentialAction\":[{\"@type\":\"SearchAction\",\"target\":{\"@type\":\"EntryPoint\",\"urlTemplate\":\"https:\/\/www.plastic-crates.com\/?s={search_term_string}\"},\"query-input\":{\"@type\":\"PropertyValueSpecification\",\"valueRequired\":true,\"valueName\":\"search_term_string\"}}],\"inLanguage\":\"pt-PT\"}]}<\/script>\n<!-- \/ Yoast SEO plugin. -->","yoast_head_json":{"title":"Caixas de frutas dobr\u00e1veis | Alta qualidade e pre\u00e7o de f\u00e1brica","description":"Fabricante profissional de caixas de frutas de pl\u00e1stico dobr\u00e1veis, dimens\u00f5es (C*L*A): 600*400*220 mm, volume: 41L, caixas de frutas para venda","robots":{"index":"index","follow":"follow","max-snippet":"max-snippet:-1","max-image-preview":"max-image-preview:large","max-video-preview":"max-video-preview:-1"},"canonical":"https:\/\/www.plastic-crates.com\/pt\/produto\/caixas-de-frutas-dobraveis\/","og_locale":"pt_PT","og_type":"article","og_title":"vegetable plastic crates | High Quality & Factory Price\u200e","og_description":"Professional manufacturer of collapsible plastic fruit crates,Dimensions(L*W*H):600*400*220mm, Volumn:41L,fruit crates for sale","og_url":"https:\/\/www.plastic-crates.com\/pt\/produto\/caixas-de-frutas-dobraveis\/","og_site_name":"plastic-crates.com","article_modified_time":"2021-07-15T06:54:56+00:00","og_image":[{"width":1000,"height":747,"url":"https:\/\/www.plastic-crates.com\/wp-content\/uploads\/2021\/07\/folding-vegetable-crates-1-e1624458802176.jpeg","type":"image\/jpeg"}],"twitter_card":"summary_large_image","twitter_title":"vegetable plastic crates | High Quality & Factory Price\u200e","twitter_misc":{"Tempo estimado de leitura":"3 minutos"},"schema":{"@context":"https:\/\/schema.org","@graph":[{"@type":"WebPage","@id":"https:\/\/www.plastic-crates.com\/product\/collapsible-fruit-crates\/","url":"https:\/\/www.plastic-crates.com\/product\/collapsible-fruit-crates\/","name":"Caixas de frutas dobr\u00e1veis | Alta qualidade e pre\u00e7o de f\u00e1brica","isPartOf":{"@id":"https:\/\/www.plastic-crates.com\/#website"},"primaryImageOfPage":{"@id":"https:\/\/www.plastic-crates.com\/product\/collapsible-fruit-crates\/#primaryimage"},"image":{"@id":"https:\/\/www.plastic-crates.com\/product\/collapsible-fruit-crates\/#primaryimage"},"thumbnailUrl":"https:\/\/www.plastic-crates.com\/wp-content\/uploads\/2021\/07\/folding-vegetable-crates-1-e1624458802176.jpeg","datePublished":"2021-07-15T05:53:44+00:00","dateModified":"2021-07-15T06:54:56+00:00","description":"Fabricante profissional de caixas de frutas de pl\u00e1stico dobr\u00e1veis, dimens\u00f5es (C*L*A): 600*400*220 mm, volume: 41L, caixas de frutas para venda","breadcrumb":{"@id":"https:\/\/www.plastic-crates.com\/product\/collapsible-fruit-crates\/#breadcrumb"},"inLanguage":"pt-PT","potentialAction":[{"@type":"ReadAction","target":["https:\/\/www.plastic-crates.com\/product\/collapsible-fruit-crates\/"]}]},{"@type":"ImageObject","inLanguage":"pt-PT","@id":"https:\/\/www.plastic-crates.com\/product\/collapsible-fruit-crates\/#primaryimage","url":"https:\/\/www.plastic-crates.com\/wp-content\/uploads\/2021\/07\/folding-vegetable-crates-1-e1624458802176.jpeg","contentUrl":"https:\/\/www.plastic-crates.com\/wp-content\/uploads\/2021\/07\/folding-vegetable-crates-1-e1624458802176.jpeg","width":1000,"height":747,"caption":"collapsible fruit crates"},{"@type":"BreadcrumbList","@id":"https:\/\/www.plastic-crates.com\/product\/collapsible-fruit-crates\/#breadcrumb","itemListElement":[{"@type":"ListItem","position":1,"name":"Home","item":"https:\/\/www.plastic-crates.com\/"},{"@type":"ListItem","position":2,"name":"Products","item":"https:\/\/www.plastic-crates.com\/shop\/"},{"@type":"ListItem","position":3,"name":"collapsible fruit crates"}]},{"@type":"WebSite","@id":"https:\/\/www.plastic-crates.com\/#website","url":"https:\/\/www.plastic-crates.com\/","name":"plastic-crates.com","description":"Fabricante l\u00edder de caixas pl\u00e1sticas na China","potentialAction":[{"@type":"SearchAction","target":{"@type":"EntryPoint","urlTemplate":"https:\/\/www.plastic-crates.com\/?s={search_term_string}"},"query-input":{"@type":"PropertyValueSpecification","valueRequired":true,"valueName":"search_term_string"}}],"inLanguage":"pt-PT"}]}},"_links":{"self":[{"href":"https:\/\/www.plastic-crates.com\/pt\/wp-json\/wp\/v2\/product\/6964","targetHints":{"allow":["GET"]}}],"collection":[{"href":"https:\/\/www.plastic-crates.com\/pt\/wp-json\/wp\/v2\/product"}],"about":[{"href":"https:\/\/www.plastic-crates.com\/pt\/wp-json\/wp\/v2\/types\/product"}],"wp:featuredmedia":[{"embeddable":true,"href":"https:\/\/www.plastic-crates.com\/pt\/wp-json\/wp\/v2\/media\/7004"}],"wp:attachment":[{"href":"https:\/\/www.plastic-crates.com\/pt\/wp-json\/wp\/v2\/media?parent=6964"}],"wp:term":[{"taxonomy":"product_brand","embeddable":true,"href":"https:\/\/www.plastic-crates.com\/pt\/wp-json\/wp\/v2\/product_brand?post=6964"},{"taxonomy":"product_cat","embeddable":true,"href":"https:\/\/www.plastic-crates.com\/pt\/wp-json\/wp\/v2\/product_cat?post=6964"},{"taxonomy":"product_tag","embeddable":true,"href":"https:\/\/www.plastic-crates.com\/pt\/wp-json\/wp\/v2\/product_tag?post=6964"}],"curies":[{"name":"wp","href":"https:\/\/api.w.org\/{rel}","templated":true}]}}