{"id":6966,"date":"2021-07-15T05:53:44","date_gmt":"2021-07-15T05:53:44","guid":{"rendered":"https:\/\/www.plastic-crates.com\/?post_type=product&#038;p=6966"},"modified":"2021-07-15T06:21:05","modified_gmt":"2021-07-15T06:21:05","slug":"caixas-de-frutas-de-plastico-branco-verde-vermelho-azul-amarelo","status":"publish","type":"product","link":"https:\/\/www.plastic-crates.com\/pt\/produto\/caixas-de-frutas-de-plastico-branco-verde-vermelho-azul-amarelo\/","title":{"rendered":"Caixas de frutas de pl\u00e1stico branco, verde, vermelho, azul, amarelo"},"content":{"rendered":"<p>Estas caixas de pl\u00e1stico para frutas s\u00e3o feitas com material de alta qualidade e t\u00e9cnicas de \u00faltima gera\u00e7\u00e3o para garantir sua maior durabilidade e excelente qualidade. Considerando a natureza perec\u00edvel das frutas e vegetais, as caixas de frutas t\u00eam \u00f3tima ventila\u00e7\u00e3o e interior liso, sendo adequadas para tomates, ma\u00e7\u00e3s, laranjas, uvas, mangas, etc., e as caixas de tomate t\u00eam exteriores resistentes para suportar a carga.<\/p>\n<p><img loading=\"lazy\" decoding=\"async\" class=\"alignnone size-full wp-image-6547\" src=\"https:\/\/www.vegcrates.com\/wp-content\/uploads\/2021\/06\/stackable-produce-crates-application.jpeg\" alt=\"aplica\u00e7\u00e3o de caixas empilh\u00e1veis para produtos\" width=\"750\" height=\"290\" \/><\/p>\n<p>Detalhes do produto<\/p>\n<div class=\"table-responsive\">\n<table class=\"table\">\n<tbody>\n<tr>\n<td colspan=\"1\" rowspan=\"1\">\n<div class=\"magic-5\"><span class=\"magic-6\" style=\"color: #000000; font-family: Arial;\"><b data-spm-anchor-id=\"a2700.siteadmin.0.i31.41db3333Tc3boV\">Dimens\u00f5es<\/b><\/span><\/div>\n<\/td>\n<td colspan=\"1\" rowspan=\"1\">\n<div class=\"magic-7\"><span class=\"magic-6\" style=\"color: #000000; font-family: Arial;\" data-spm-anchor-id=\"a2700.details.0.i41.3b378557YPNL4f\">535x413x228 mm<\/span><\/div>\n<\/td>\n<\/tr>\n<tr>\n<td colspan=\"1\" rowspan=\"1\">\n<div class=\"magic-5\"><span class=\"magic-6\" style=\"color: #000000; font-family: Arial;\"><b>Capacidade de carga<\/b><\/span><\/div>\n<\/td>\n<td colspan=\"1\" rowspan=\"1\">\n<div class=\"magic-7\"><span class=\"magic-6\" style=\"color: #000000; font-family: Arial;\">35 kg<\/span><\/div>\n<\/td>\n<\/tr>\n<tr>\n<td colspan=\"1\" rowspan=\"1\">\n<div class=\"magic-5\"><span class=\"magic-6\" style=\"color: #000000; font-family: Arial;\"><b>Capacidade de empilhamento<\/b><\/span><\/div>\n<\/td>\n<td colspan=\"1\" rowspan=\"1\">\n<div class=\"magic-7\" data-spm-anchor-id=\"a2700.details.0.i34.3b378557YPNL4f\"><span class=\"magic-6\" style=\"color: #000000; font-family: Arial;\" data-spm-anchor-id=\"a2700.siteadmin.0.i28.41db3333Tc3boV\">210 kg<\/span><\/div>\n<\/td>\n<\/tr>\n<tr>\n<td colspan=\"1\" rowspan=\"1\">\n<div class=\"magic-5\"><span class=\"magic-6\" style=\"color: #000000; font-family: Arial;\"><b>Volume<\/b><\/span><\/div>\n<\/td>\n<td colspan=\"1\" rowspan=\"1\">\n<div class=\"magic-7\"><span class=\"magic-6\" style=\"color: #000000; font-family: Arial;\">42,2L<\/span><\/div>\n<\/td>\n<\/tr>\n<tr>\n<td colspan=\"1\" rowspan=\"1\">\n<div class=\"magic-5\"><span class=\"magic-6\" style=\"color: #000000; font-family: Arial;\"><b>Tipo<\/b><\/span><\/div>\n<\/td>\n<td colspan=\"1\" rowspan=\"1\">\n<div class=\"magic-7\"><span class=\"magic-6\" style=\"color: #000000; font-family: Arial;\" data-spm-anchor-id=\"a2700.siteadmin.0.i33.41db3333Tc3boV\">Ventilado<\/span><\/div>\n<\/td>\n<\/tr>\n<tr>\n<td colspan=\"1\" rowspan=\"1\">\n<div class=\"magic-5\"><span class=\"magic-6\" style=\"color: #000000; font-family: Arial;\"><b>Material<\/b><\/span><\/div>\n<\/td>\n<td colspan=\"1\" rowspan=\"1\">\n<div class=\"magic-7\"><span class=\"magic-6\" style=\"color: #000000; font-family: Arial;\">100% PP virgem<\/span><\/div>\n<\/td>\n<\/tr>\n<tr>\n<td colspan=\"1\" rowspan=\"1\">\n<div class=\"magic-5\"><span class=\"magic-6\" style=\"color: #000000; font-family: Arial;\"><b>Peso<\/b><\/span><\/div>\n<\/td>\n<td colspan=\"1\" rowspan=\"1\">\n<div class=\"magic-7\"><span class=\"magic-6\" style=\"color: #000000; font-family: Arial;\">1,39 kg<\/span><\/div>\n<\/td>\n<\/tr>\n<tr>\n<td colspan=\"1\" rowspan=\"1\">\n<div class=\"magic-5\"><span class=\"magic-6\" style=\"color: #000000; font-family: Arial;\"><b>Cor<\/b><\/span><\/div>\n<\/td>\n<td colspan=\"1\" rowspan=\"1\">\n<div class=\"magic-7\"><span class=\"magic-6\" style=\"color: #000000; font-family: Arial;\">Azul, Personalizado, etc.<\/span><\/div>\n<\/td>\n<\/tr>\n<tr>\n<td colspan=\"1\" rowspan=\"1\">\n<div class=\"magic-5\"><span class=\"magic-6\" style=\"color: #000000; font-family: Arial;\"><b class=\"magic-8\">Certifica\u00e7\u00e3o<\/b><\/span><\/div>\n<\/td>\n<td colspan=\"1\" rowspan=\"1\">\n<div class=\"magic-7\" data-spm-anchor-id=\"a2700.details.0.i36.3b378557YPNL4f\"><span class=\"magic-6\" style=\"color: #000000; font-family: Arial;\">ISO 9001:2008<\/span><\/div>\n<\/td>\n<\/tr>\n<tr>\n<td colspan=\"1\" rowspan=\"1\">\n<div class=\"magic-5\"><span class=\"magic-6\" style=\"color: #000000; font-family: Arial;\"><b>Aplicativo<\/b><\/span><\/div>\n<\/td>\n<td colspan=\"1\" rowspan=\"1\">\n<div class=\"magic-7\"><span class=\"magic-6\" style=\"color: #000000; font-family: Arial;\">Embalagem, envio, transporte, log\u00edstica<\/span><\/div>\n<\/td>\n<\/tr>\n<\/tbody>\n<\/table>\n<\/div>\n<p>&nbsp;<\/p>\n<p>&nbsp;<\/p>\n<p><strong>Aplica\u00e7\u00e3o de caixas pl\u00e1sticas para vegetais<\/strong><\/p>\n<p><img loading=\"lazy\" decoding=\"async\" class=\"alignnone wp-image-6527\" src=\"https:\/\/www.vegcrates.com\/wp-content\/uploads\/2021\/06\/vegetable-crates-application-1-1024x265.png\" alt=\"aplica\u00e7\u00e3o de caixas de vegetais\" width=\"800\" height=\"207\" \/> <img loading=\"lazy\" decoding=\"async\" class=\"alignnone wp-image-6528\" src=\"https:\/\/www.vegcrates.com\/wp-content\/uploads\/2021\/06\/vegetable-crates-application-2-1024x437.png\" alt=\"aplica\u00e7\u00e3o de caixas de vegetais\" width=\"800\" height=\"341\" \/> <img loading=\"lazy\" decoding=\"async\" class=\"alignnone wp-image-6529\" src=\"https:\/\/www.vegcrates.com\/wp-content\/uploads\/2021\/06\/vegetable-crates-application-3-1024x361.png\" alt=\"aplica\u00e7\u00e3o de caixas de vegetais\" width=\"800\" height=\"282\" \/> <img loading=\"lazy\" decoding=\"async\" class=\"alignnone wp-image-6530\" src=\"https:\/\/www.vegcrates.com\/wp-content\/uploads\/2021\/06\/vegetable-crates-application-4-1024x350.png\" alt=\"aplica\u00e7\u00e3o de caixas de vegetais\" width=\"800\" height=\"274\" \/><\/p>\n<p>&nbsp;<\/p>\n<p>Caixas pl\u00e1sticas para vegetais est\u00e3o dispon\u00edveis em v\u00e1rios tamanhos e estilos para colher, processar e enviar pequenas frutas e vegetais, como morangos ou aspargos.<\/p>\n<p><strong>Embalagem e entrega<\/strong><\/p>\n<p><img loading=\"lazy\" decoding=\"async\" class=\"alignnone wp-image-6531\" src=\"https:\/\/www.vegcrates.com\/wp-content\/uploads\/2021\/06\/foldable-crates-for-groceries-delivery-1024x505.png\" alt=\"caixas dobr\u00e1veis para entrega de compras\" width=\"800\" height=\"395\" \/><\/p>\n<p><strong>Caracter\u00edsticas e benef\u00edcios<\/strong><\/p>\n<ul>\n<li>Fabricado com materiais compat\u00edveis com FDA<\/li>\n<li>Suporta exposi\u00e7\u00e3o \u00e0 luz solar e processos de resfriamento; resiste a impactos e umidade; n\u00e3o lasca, apodrece ou absorve odores<\/li>\n<li>Interiores f\u00e1ceis de limpar<\/li>\n<li>Empilhe quando carregado, encaixe quando vazio para maior efici\u00eancia de espa\u00e7o<\/li>\n<li>Projetos ventilados para resfriamento r\u00e1pido, controle de temperatura e drenagem<\/li>\n<li>Use com temperaturas de -20\u02da a 120\u02da F<\/li>\n<li>Op\u00e7\u00f5es de personaliza\u00e7\u00e3o e identifica\u00e7\u00e3o dispon\u00edveis<\/li>\n<li>Com garantia limitada de um ano<\/li>\n<li>100% HDPE recicl\u00e1vel<\/li>\n<\/ul>","protected":false},"excerpt":{"rendered":"<p>Voc\u00ea tamb\u00e9m pode estar interessado em <a href=\"https:\/\/www.plastic-crates.com\/pt\/categoria+de+produto\/caixa-dobravel-3\/\" target=\"_blank\" rel=\"noopener\">caixa de armazenamento dobr\u00e1vel<\/a>,<a href=\"https:\/\/www.plastic-crates.com\/pt\/categoria+de+produto\/recipientes-empilhaveis\/\" target=\"_blank\" rel=\"noopener\">cont\u00eainer empilh\u00e1vel de euro para venda<\/a><\/p>","protected":false},"featured_media":7015,"template":"","meta":{"_acf_changed":false},"product_brand":[],"product_cat":[20],"product_tag":[126,127],"class_list":{"0":"post-6966","1":"product","2":"type-product","3":"status-publish","4":"has-post-thumbnail","6":"product_cat-fruit-crates","7":"product_tag-plastic-vegetable-and-fruit-crate","8":"product_tag-plastic-vegetable-basket","10":"first","11":"instock","12":"product-type-simple"},"acf":[],"yoast_head":"<!-- This site is optimized with the Yoast SEO plugin v26.1.1 - https:\/\/yoast.com\/wordpress\/plugins\/seo\/ -->\n<title>Fruit Crates Plastic, Fruit plastic crates manufacturers| Factory Price\u200e<\/title>\n<meta name=\"description\" content=\"Fruit Crates Plastic wholesale, Dimensions(L*W*H):535*413*228mm, Volumn:42.2L, fruit stackable produce crates for sale\" \/>\n<meta name=\"robots\" content=\"index, follow, max-snippet:-1, max-image-preview:large, max-video-preview:-1\" \/>\n<link rel=\"canonical\" href=\"https:\/\/www.plastic-crates.com\/pt\/produto\/caixas-de-frutas-de-plastico-branco-verde-vermelho-azul-amarelo\/\" \/>\n<meta property=\"og:locale\" content=\"pt_PT\" \/>\n<meta property=\"og:type\" content=\"article\" \/>\n<meta property=\"og:title\" content=\"vegetable plastic crates | High Quality &amp; Factory Price\u200e\" \/>\n<meta property=\"og:description\" content=\"Fruit Crates Plastic wholesale, Dimensions(L*W*H):535*413*228mm, Volumn:42.2L, fruit stackable produce crates for sale\" \/>\n<meta property=\"og:url\" content=\"https:\/\/www.plastic-crates.com\/pt\/produto\/caixas-de-frutas-de-plastico-branco-verde-vermelho-azul-amarelo\/\" \/>\n<meta property=\"og:site_name\" content=\"plastic-crates.com\" \/>\n<meta property=\"article:modified_time\" content=\"2021-07-15T06:21:05+00:00\" \/>\n<meta property=\"og:image\" content=\"https:\/\/www.plastic-crates.com\/wp-content\/uploads\/2021\/07\/stackable-produce-crates-1.jpeg\" \/>\n\t<meta property=\"og:image:width\" content=\"1000\" \/>\n\t<meta property=\"og:image:height\" content=\"1000\" \/>\n\t<meta property=\"og:image:type\" content=\"image\/jpeg\" \/>\n<meta name=\"twitter:card\" content=\"summary_large_image\" \/>\n<meta name=\"twitter:title\" content=\"vegetable plastic crates | High Quality &amp; Factory Price\u200e\" \/>\n<meta name=\"twitter:label1\" content=\"Tempo estimado de leitura\" \/>\n\t<meta name=\"twitter:data1\" content=\"3 minutos\" \/>\n<script type=\"application\/ld+json\" class=\"yoast-schema-graph\">{\"@context\":\"https:\/\/schema.org\",\"@graph\":[{\"@type\":\"WebPage\",\"@id\":\"https:\/\/www.plastic-crates.com\/product\/fruit-crates-plastic-white-green-red-blue-yellow\/\",\"url\":\"https:\/\/www.plastic-crates.com\/product\/fruit-crates-plastic-white-green-red-blue-yellow\/\",\"name\":\"Fruit Crates Plastic, Fruit plastic crates manufacturers| Factory Price\u200e\",\"isPartOf\":{\"@id\":\"https:\/\/www.plastic-crates.com\/#website\"},\"primaryImageOfPage\":{\"@id\":\"https:\/\/www.plastic-crates.com\/product\/fruit-crates-plastic-white-green-red-blue-yellow\/#primaryimage\"},\"image\":{\"@id\":\"https:\/\/www.plastic-crates.com\/product\/fruit-crates-plastic-white-green-red-blue-yellow\/#primaryimage\"},\"thumbnailUrl\":\"https:\/\/www.plastic-crates.com\/wp-content\/uploads\/2021\/07\/stackable-produce-crates-1.jpeg\",\"datePublished\":\"2021-07-15T05:53:44+00:00\",\"dateModified\":\"2021-07-15T06:21:05+00:00\",\"description\":\"Fruit Crates Plastic wholesale, Dimensions(L*W*H):535*413*228mm, Volumn:42.2L, fruit stackable produce crates for sale\",\"breadcrumb\":{\"@id\":\"https:\/\/www.plastic-crates.com\/product\/fruit-crates-plastic-white-green-red-blue-yellow\/#breadcrumb\"},\"inLanguage\":\"pt-PT\",\"potentialAction\":[{\"@type\":\"ReadAction\",\"target\":[\"https:\/\/www.plastic-crates.com\/product\/fruit-crates-plastic-white-green-red-blue-yellow\/\"]}]},{\"@type\":\"ImageObject\",\"inLanguage\":\"pt-PT\",\"@id\":\"https:\/\/www.plastic-crates.com\/product\/fruit-crates-plastic-white-green-red-blue-yellow\/#primaryimage\",\"url\":\"https:\/\/www.plastic-crates.com\/wp-content\/uploads\/2021\/07\/stackable-produce-crates-1.jpeg\",\"contentUrl\":\"https:\/\/www.plastic-crates.com\/wp-content\/uploads\/2021\/07\/stackable-produce-crates-1.jpeg\",\"width\":1000,\"height\":1000,\"caption\":\"Fruit Crates Plastic\"},{\"@type\":\"BreadcrumbList\",\"@id\":\"https:\/\/www.plastic-crates.com\/product\/fruit-crates-plastic-white-green-red-blue-yellow\/#breadcrumb\",\"itemListElement\":[{\"@type\":\"ListItem\",\"position\":1,\"name\":\"Home\",\"item\":\"https:\/\/www.plastic-crates.com\/\"},{\"@type\":\"ListItem\",\"position\":2,\"name\":\"Products\",\"item\":\"https:\/\/www.plastic-crates.com\/shop\/\"},{\"@type\":\"ListItem\",\"position\":3,\"name\":\"Fruit Crates Plastic White, Green, Red, Blue, Yellow\"}]},{\"@type\":\"WebSite\",\"@id\":\"https:\/\/www.plastic-crates.com\/#website\",\"url\":\"https:\/\/www.plastic-crates.com\/\",\"name\":\"plastic-crates.com\",\"description\":\"Leading plastic crates manufacturer in China\",\"potentialAction\":[{\"@type\":\"SearchAction\",\"target\":{\"@type\":\"EntryPoint\",\"urlTemplate\":\"https:\/\/www.plastic-crates.com\/?s={search_term_string}\"},\"query-input\":{\"@type\":\"PropertyValueSpecification\",\"valueRequired\":true,\"valueName\":\"search_term_string\"}}],\"inLanguage\":\"pt-PT\"}]}<\/script>\n<!-- \/ Yoast SEO plugin. -->","yoast_head_json":{"title":"Caixas de pl\u00e1stico para frutas, Fabricantes de caixas de pl\u00e1stico para frutas | Pre\u00e7o de f\u00e1brica","description":"Caixas de frutas de pl\u00e1stico atacado, dimens\u00f5es (C*L*A): 535*413*228 mm, volume: 42,2 L, caixas de frutas empilh\u00e1veis para venda","robots":{"index":"index","follow":"follow","max-snippet":"max-snippet:-1","max-image-preview":"max-image-preview:large","max-video-preview":"max-video-preview:-1"},"canonical":"https:\/\/www.plastic-crates.com\/pt\/produto\/caixas-de-frutas-de-plastico-branco-verde-vermelho-azul-amarelo\/","og_locale":"pt_PT","og_type":"article","og_title":"vegetable plastic crates | High Quality & Factory Price\u200e","og_description":"Fruit Crates Plastic wholesale, Dimensions(L*W*H):535*413*228mm, Volumn:42.2L, fruit stackable produce crates for sale","og_url":"https:\/\/www.plastic-crates.com\/pt\/produto\/caixas-de-frutas-de-plastico-branco-verde-vermelho-azul-amarelo\/","og_site_name":"plastic-crates.com","article_modified_time":"2021-07-15T06:21:05+00:00","og_image":[{"width":1000,"height":1000,"url":"https:\/\/www.plastic-crates.com\/wp-content\/uploads\/2021\/07\/stackable-produce-crates-1.jpeg","type":"image\/jpeg"}],"twitter_card":"summary_large_image","twitter_title":"vegetable plastic crates | High Quality & Factory Price\u200e","twitter_misc":{"Tempo estimado de leitura":"3 minutos"},"schema":{"@context":"https:\/\/schema.org","@graph":[{"@type":"WebPage","@id":"https:\/\/www.plastic-crates.com\/product\/fruit-crates-plastic-white-green-red-blue-yellow\/","url":"https:\/\/www.plastic-crates.com\/product\/fruit-crates-plastic-white-green-red-blue-yellow\/","name":"Caixas de pl\u00e1stico para frutas, Fabricantes de caixas de pl\u00e1stico para frutas | Pre\u00e7o de f\u00e1brica","isPartOf":{"@id":"https:\/\/www.plastic-crates.com\/#website"},"primaryImageOfPage":{"@id":"https:\/\/www.plastic-crates.com\/product\/fruit-crates-plastic-white-green-red-blue-yellow\/#primaryimage"},"image":{"@id":"https:\/\/www.plastic-crates.com\/product\/fruit-crates-plastic-white-green-red-blue-yellow\/#primaryimage"},"thumbnailUrl":"https:\/\/www.plastic-crates.com\/wp-content\/uploads\/2021\/07\/stackable-produce-crates-1.jpeg","datePublished":"2021-07-15T05:53:44+00:00","dateModified":"2021-07-15T06:21:05+00:00","description":"Caixas de frutas de pl\u00e1stico atacado, dimens\u00f5es (C*L*A): 535*413*228 mm, volume: 42,2 L, caixas de frutas empilh\u00e1veis para venda","breadcrumb":{"@id":"https:\/\/www.plastic-crates.com\/product\/fruit-crates-plastic-white-green-red-blue-yellow\/#breadcrumb"},"inLanguage":"pt-PT","potentialAction":[{"@type":"ReadAction","target":["https:\/\/www.plastic-crates.com\/product\/fruit-crates-plastic-white-green-red-blue-yellow\/"]}]},{"@type":"ImageObject","inLanguage":"pt-PT","@id":"https:\/\/www.plastic-crates.com\/product\/fruit-crates-plastic-white-green-red-blue-yellow\/#primaryimage","url":"https:\/\/www.plastic-crates.com\/wp-content\/uploads\/2021\/07\/stackable-produce-crates-1.jpeg","contentUrl":"https:\/\/www.plastic-crates.com\/wp-content\/uploads\/2021\/07\/stackable-produce-crates-1.jpeg","width":1000,"height":1000,"caption":"Fruit Crates Plastic"},{"@type":"BreadcrumbList","@id":"https:\/\/www.plastic-crates.com\/product\/fruit-crates-plastic-white-green-red-blue-yellow\/#breadcrumb","itemListElement":[{"@type":"ListItem","position":1,"name":"Home","item":"https:\/\/www.plastic-crates.com\/"},{"@type":"ListItem","position":2,"name":"Products","item":"https:\/\/www.plastic-crates.com\/shop\/"},{"@type":"ListItem","position":3,"name":"Fruit Crates Plastic White, Green, Red, Blue, Yellow"}]},{"@type":"WebSite","@id":"https:\/\/www.plastic-crates.com\/#website","url":"https:\/\/www.plastic-crates.com\/","name":"plastic-crates.com","description":"Fabricante l\u00edder de caixas pl\u00e1sticas na China","potentialAction":[{"@type":"SearchAction","target":{"@type":"EntryPoint","urlTemplate":"https:\/\/www.plastic-crates.com\/?s={search_term_string}"},"query-input":{"@type":"PropertyValueSpecification","valueRequired":true,"valueName":"search_term_string"}}],"inLanguage":"pt-PT"}]}},"_links":{"self":[{"href":"https:\/\/www.plastic-crates.com\/pt\/wp-json\/wp\/v2\/product\/6966","targetHints":{"allow":["GET"]}}],"collection":[{"href":"https:\/\/www.plastic-crates.com\/pt\/wp-json\/wp\/v2\/product"}],"about":[{"href":"https:\/\/www.plastic-crates.com\/pt\/wp-json\/wp\/v2\/types\/product"}],"wp:featuredmedia":[{"embeddable":true,"href":"https:\/\/www.plastic-crates.com\/pt\/wp-json\/wp\/v2\/media\/7015"}],"wp:attachment":[{"href":"https:\/\/www.plastic-crates.com\/pt\/wp-json\/wp\/v2\/media?parent=6966"}],"wp:term":[{"taxonomy":"product_brand","embeddable":true,"href":"https:\/\/www.plastic-crates.com\/pt\/wp-json\/wp\/v2\/product_brand?post=6966"},{"taxonomy":"product_cat","embeddable":true,"href":"https:\/\/www.plastic-crates.com\/pt\/wp-json\/wp\/v2\/product_cat?post=6966"},{"taxonomy":"product_tag","embeddable":true,"href":"https:\/\/www.plastic-crates.com\/pt\/wp-json\/wp\/v2\/product_tag?post=6966"}],"curies":[{"name":"wp","href":"https:\/\/api.w.org\/{rel}","templated":true}]}}