{"id":6967,"date":"2021-07-15T05:53:44","date_gmt":"2021-07-15T05:53:44","guid":{"rendered":"https:\/\/www.plastic-crates.com\/?post_type=product&#038;p=6967"},"modified":"2021-07-15T06:00:23","modified_gmt":"2021-07-15T06:00:23","slug":"caixas-plasticas-ventiladas-para-camarao","status":"publish","type":"product","link":"https:\/\/www.plastic-crates.com\/pt\/produto\/caixas-plasticas-ventiladas-para-camarao\/","title":{"rendered":"Caixas pl\u00e1sticas ventiladas para camar\u00e3o"},"content":{"rendered":"<p>Estas caixas pl\u00e1sticas ventiladas para camar\u00e3o s\u00e3o feitas com materiais de alta qualidade e t\u00e9cnicas de \u00faltima gera\u00e7\u00e3o para garantir sua maior durabilidade e excelente qualidade. Considerando a natureza perec\u00edvel de frutas e vegetais, as caixas t\u00eam \u00f3tima ventila\u00e7\u00e3o e interior liso, sendo adequadas para tomate, ma\u00e7\u00e3, laranja, uva, manga, etc., e as caixas para tomate possuem exteriores resistentes para suportar a carga.<\/p>\n<p><img loading=\"lazy\" decoding=\"async\" class=\"alignnone size-full wp-image-6556\" src=\"https:\/\/www.vegcrates.com\/wp-content\/uploads\/2021\/06\/ventilated-plastic-crates-detail.png\" alt=\"detalhe de caixas pl\u00e1sticas ventiladas\" width=\"750\" height=\"750\" \/><\/p>\n<p>&nbsp;<\/p>\n<p>Detalhes do produto<\/p>\n<table class=\"table\">\n<tbody>\n<tr>\n<td>Nome do produto<\/td>\n<td>Caixas pl\u00e1sticas ventiladas<\/td>\n<\/tr>\n<\/tbody>\n<tbody>\n<tr>\n<td>material<\/td>\n<td>HDPE de grau aliment\u00edcio<\/td>\n<\/tr>\n<\/tbody>\n<tbody>\n<tr>\n<td>tamanho<\/td>\n<td>618*415*180 mm<\/td>\n<\/tr>\n<\/tbody>\n<tbody>\n<tr>\n<td>peso<\/td>\n<td>1,6 kg<\/td>\n<\/tr>\n<\/tbody>\n<tbody>\n<tr>\n<td>cor<\/td>\n<td>branco, azul, vermelho<\/td>\n<\/tr>\n<\/tbody>\n<tbody>\n<tr>\n<td>logotipo personalizado<\/td>\n<td>aceito<\/td>\n<\/tr>\n<\/tbody>\n<tbody>\n<tr>\n<td>Vantagens<\/td>\n<td>Caixas de pl\u00e1stico<\/td>\n<\/tr>\n<\/tbody>\n<\/table>\n<div>\n<div>\n<table>\n<tbody>\n<tr>\n<td>Qtd. para 20GP\/ 40HQ<\/td>\n<td>585 pe\u00e7as \/ 1620 pe\u00e7as<\/td>\n<\/tr>\n<\/tbody>\n<\/table>\n<\/div>\n<\/div>\n<p><strong>Aplica\u00e7\u00e3o de caixas pl\u00e1sticas para vegetais<\/strong><\/p>\n<p><img loading=\"lazy\" decoding=\"async\" class=\"alignnone size-full wp-image-6557\" src=\"https:\/\/www.vegcrates.com\/wp-content\/uploads\/2021\/06\/ventilated-plastic-crates-detail-2.png\" alt=\"caixas pl\u00e1sticas ventiladas\" width=\"750\" height=\"347\" \/><\/p>\n<p><img loading=\"lazy\" decoding=\"async\" class=\"alignnone wp-image-6558 size-full\" src=\"https:\/\/www.vegcrates.com\/wp-content\/uploads\/2021\/06\/ventilated-plastic-crates-application.png\" alt=\"aplica\u00e7\u00e3o de caixas pl\u00e1sticas ventiladas\" width=\"718\" height=\"1132\" \/><\/p>\n<p><img loading=\"lazy\" decoding=\"async\" class=\"alignnone wp-image-6528\" src=\"https:\/\/www.vegcrates.com\/wp-content\/uploads\/2021\/06\/vegetable-crates-application-2-1024x437.png\" alt=\"aplica\u00e7\u00e3o de caixas de vegetais\" width=\"800\" height=\"341\" \/> <img loading=\"lazy\" decoding=\"async\" class=\"alignnone wp-image-6529\" src=\"https:\/\/www.vegcrates.com\/wp-content\/uploads\/2021\/06\/vegetable-crates-application-3-1024x361.png\" alt=\"aplica\u00e7\u00e3o de caixas de vegetais\" width=\"800\" height=\"282\" \/> <img loading=\"lazy\" decoding=\"async\" class=\"alignnone wp-image-6530\" src=\"https:\/\/www.vegcrates.com\/wp-content\/uploads\/2021\/06\/vegetable-crates-application-4-1024x350.png\" alt=\"aplica\u00e7\u00e3o de caixas de vegetais\" width=\"800\" height=\"274\" \/><\/p>\n<p>&nbsp;<\/p>\n<p>Caixas pl\u00e1sticas para vegetais est\u00e3o dispon\u00edveis em v\u00e1rios tamanhos e estilos para colher, processar e enviar pequenas frutas e vegetais, como morangos ou aspargos.<\/p>\n<p><strong>Embalagem e entrega<\/strong><\/p>\n<p><img loading=\"lazy\" decoding=\"async\" class=\"alignnone wp-image-6531\" src=\"https:\/\/www.vegcrates.com\/wp-content\/uploads\/2021\/06\/foldable-crates-for-groceries-delivery-1024x505.png\" alt=\"caixas dobr\u00e1veis para entrega de compras\" width=\"800\" height=\"395\" \/><\/p>\n<p><strong>Caracter\u00edsticas e benef\u00edcios<\/strong><\/p>\n<ul>\n<li>Fabricado com materiais compat\u00edveis com FDA<\/li>\n<li>Suporta exposi\u00e7\u00e3o \u00e0 luz solar e processos de resfriamento; resiste a impactos e umidade; n\u00e3o lasca, apodrece ou absorve odores<\/li>\n<li>Interiores f\u00e1ceis de limpar<\/li>\n<li>Empilhe quando carregado, encaixe quando vazio para maior efici\u00eancia de espa\u00e7o<\/li>\n<li>Projetos ventilados para resfriamento r\u00e1pido, controle de temperatura e drenagem<\/li>\n<li>Use com temperaturas de -20\u02da a 120\u02da F<\/li>\n<li>Op\u00e7\u00f5es de personaliza\u00e7\u00e3o e identifica\u00e7\u00e3o dispon\u00edveis<\/li>\n<li>Com garantia limitada de um ano<\/li>\n<li>100% HDPE recicl\u00e1vel<\/li>\n<\/ul>","protected":false},"excerpt":{"rendered":"<p>Voc\u00ea tamb\u00e9m pode estar interessado em <a href=\"https:\/\/www.vegcrates.com\/product-category\/collapsible-storage-crate\/\" target=\"_blank\" rel=\"noopener\">caixas dobr\u00e1veis<\/a>,<a href=\"https:\/\/www.vegcrates.com\/product-category\/euro-containers\/\" target=\"_blank\" rel=\"noopener\">caixas de euro para venda<\/a><\/p>","protected":false},"featured_media":7021,"template":"","meta":{"_acf_changed":false},"product_brand":[],"product_cat":[20],"product_tag":[126,127],"class_list":{"0":"post-6967","1":"product","2":"type-product","3":"status-publish","4":"has-post-thumbnail","6":"product_cat-fruit-crates","7":"product_tag-plastic-vegetable-and-fruit-crate","8":"product_tag-plastic-vegetable-basket","10":"first","11":"instock","12":"product-type-simple"},"acf":[],"yoast_head":"<!-- This site is optimized with the Yoast SEO plugin v26.1.1 - https:\/\/yoast.com\/wordpress\/plugins\/seo\/ -->\n<title>Ventilated plastic crates for shrimp | High Quality &amp; Factory Price\u200e<\/title>\n<meta name=\"description\" content=\"Professional manufacturer of Ventilated plastic crates for shrimp, Dimensions(L*W*H):618*415*180mm, Volumn:42.2L, fruit stackable produce crates for sale\" \/>\n<meta name=\"robots\" content=\"index, follow, max-snippet:-1, max-image-preview:large, max-video-preview:-1\" \/>\n<link rel=\"canonical\" href=\"https:\/\/www.plastic-crates.com\/pt\/produto\/caixas-plasticas-ventiladas-para-camarao\/\" \/>\n<meta property=\"og:locale\" content=\"pt_PT\" \/>\n<meta property=\"og:type\" content=\"article\" \/>\n<meta property=\"og:title\" content=\"vegetable plastic crates | High Quality &amp; Factory Price\u200e\" \/>\n<meta property=\"og:description\" content=\"Professional manufacturer of Ventilated plastic crates for shrimp, Dimensions(L*W*H):618*415*180mm, Volumn:42.2L, fruit stackable produce crates for sale\" \/>\n<meta property=\"og:url\" content=\"https:\/\/www.plastic-crates.com\/pt\/produto\/caixas-plasticas-ventiladas-para-camarao\/\" \/>\n<meta property=\"og:site_name\" content=\"plastic-crates.com\" \/>\n<meta property=\"article:modified_time\" content=\"2021-07-15T06:00:23+00:00\" \/>\n<meta property=\"og:image\" content=\"https:\/\/www.plastic-crates.com\/wp-content\/uploads\/2021\/07\/ventilated-plastic-crates-5.png\" \/>\n\t<meta property=\"og:image:width\" content=\"750\" \/>\n\t<meta property=\"og:image:height\" content=\"750\" \/>\n\t<meta property=\"og:image:type\" content=\"image\/png\" \/>\n<meta name=\"twitter:card\" content=\"summary_large_image\" \/>\n<meta name=\"twitter:title\" content=\"vegetable plastic crates | High Quality &amp; Factory Price\u200e\" \/>\n<meta name=\"twitter:label1\" content=\"Tempo estimado de leitura\" \/>\n\t<meta name=\"twitter:data1\" content=\"3 minutos\" \/>\n<script type=\"application\/ld+json\" class=\"yoast-schema-graph\">{\"@context\":\"https:\/\/schema.org\",\"@graph\":[{\"@type\":\"WebPage\",\"@id\":\"https:\/\/www.plastic-crates.com\/product\/ventilated-plastic-crates-for-shrimp\/\",\"url\":\"https:\/\/www.plastic-crates.com\/product\/ventilated-plastic-crates-for-shrimp\/\",\"name\":\"Ventilated plastic crates for shrimp | High Quality &amp; Factory Price\u200e\",\"isPartOf\":{\"@id\":\"https:\/\/www.plastic-crates.com\/#website\"},\"primaryImageOfPage\":{\"@id\":\"https:\/\/www.plastic-crates.com\/product\/ventilated-plastic-crates-for-shrimp\/#primaryimage\"},\"image\":{\"@id\":\"https:\/\/www.plastic-crates.com\/product\/ventilated-plastic-crates-for-shrimp\/#primaryimage\"},\"thumbnailUrl\":\"https:\/\/www.plastic-crates.com\/wp-content\/uploads\/2021\/07\/ventilated-plastic-crates-5.png\",\"datePublished\":\"2021-07-15T05:53:44+00:00\",\"dateModified\":\"2021-07-15T06:00:23+00:00\",\"description\":\"Professional manufacturer of Ventilated plastic crates for shrimp, Dimensions(L*W*H):618*415*180mm, Volumn:42.2L, fruit stackable produce crates for sale\",\"breadcrumb\":{\"@id\":\"https:\/\/www.plastic-crates.com\/product\/ventilated-plastic-crates-for-shrimp\/#breadcrumb\"},\"inLanguage\":\"pt-PT\",\"potentialAction\":[{\"@type\":\"ReadAction\",\"target\":[\"https:\/\/www.plastic-crates.com\/product\/ventilated-plastic-crates-for-shrimp\/\"]}]},{\"@type\":\"ImageObject\",\"inLanguage\":\"pt-PT\",\"@id\":\"https:\/\/www.plastic-crates.com\/product\/ventilated-plastic-crates-for-shrimp\/#primaryimage\",\"url\":\"https:\/\/www.plastic-crates.com\/wp-content\/uploads\/2021\/07\/ventilated-plastic-crates-5.png\",\"contentUrl\":\"https:\/\/www.plastic-crates.com\/wp-content\/uploads\/2021\/07\/ventilated-plastic-crates-5.png\",\"width\":750,\"height\":750},{\"@type\":\"BreadcrumbList\",\"@id\":\"https:\/\/www.plastic-crates.com\/product\/ventilated-plastic-crates-for-shrimp\/#breadcrumb\",\"itemListElement\":[{\"@type\":\"ListItem\",\"position\":1,\"name\":\"Home\",\"item\":\"https:\/\/www.plastic-crates.com\/\"},{\"@type\":\"ListItem\",\"position\":2,\"name\":\"Products\",\"item\":\"https:\/\/www.plastic-crates.com\/shop\/\"},{\"@type\":\"ListItem\",\"position\":3,\"name\":\"Ventilated plastic crates for shrimp\"}]},{\"@type\":\"WebSite\",\"@id\":\"https:\/\/www.plastic-crates.com\/#website\",\"url\":\"https:\/\/www.plastic-crates.com\/\",\"name\":\"plastic-crates.com\",\"description\":\"Leading plastic crates manufacturer in China\",\"potentialAction\":[{\"@type\":\"SearchAction\",\"target\":{\"@type\":\"EntryPoint\",\"urlTemplate\":\"https:\/\/www.plastic-crates.com\/?s={search_term_string}\"},\"query-input\":{\"@type\":\"PropertyValueSpecification\",\"valueRequired\":true,\"valueName\":\"search_term_string\"}}],\"inLanguage\":\"pt-PT\"}]}<\/script>\n<!-- \/ Yoast SEO plugin. -->","yoast_head_json":{"title":"Ventilated plastic crates for shrimp | High Quality &amp; Factory Price\u200e","description":"Fabricante profissional de caixas pl\u00e1sticas ventiladas para camar\u00e3o, dimens\u00f5es (C*L*A): 618*415*180 mm, volume: 42,2 L, caixas empilh\u00e1veis para frutas e produtos \u00e0 venda","robots":{"index":"index","follow":"follow","max-snippet":"max-snippet:-1","max-image-preview":"max-image-preview:large","max-video-preview":"max-video-preview:-1"},"canonical":"https:\/\/www.plastic-crates.com\/pt\/produto\/caixas-plasticas-ventiladas-para-camarao\/","og_locale":"pt_PT","og_type":"article","og_title":"vegetable plastic crates | High Quality &amp; Factory Price\u200e","og_description":"Professional manufacturer of Ventilated plastic crates for shrimp, Dimensions(L*W*H):618*415*180mm, Volumn:42.2L, fruit stackable produce crates for sale","og_url":"https:\/\/www.plastic-crates.com\/pt\/produto\/caixas-plasticas-ventiladas-para-camarao\/","og_site_name":"plastic-crates.com","article_modified_time":"2021-07-15T06:00:23+00:00","og_image":[{"width":750,"height":750,"url":"https:\/\/www.plastic-crates.com\/wp-content\/uploads\/2021\/07\/ventilated-plastic-crates-5.png","type":"image\/png"}],"twitter_card":"summary_large_image","twitter_title":"vegetable plastic crates | High Quality &amp; Factory Price\u200e","twitter_misc":{"Tempo estimado de leitura":"3 minutos"},"schema":{"@context":"https:\/\/schema.org","@graph":[{"@type":"WebPage","@id":"https:\/\/www.plastic-crates.com\/product\/ventilated-plastic-crates-for-shrimp\/","url":"https:\/\/www.plastic-crates.com\/product\/ventilated-plastic-crates-for-shrimp\/","name":"Ventilated plastic crates for shrimp | High Quality &amp; Factory Price\u200e","isPartOf":{"@id":"https:\/\/www.plastic-crates.com\/#website"},"primaryImageOfPage":{"@id":"https:\/\/www.plastic-crates.com\/product\/ventilated-plastic-crates-for-shrimp\/#primaryimage"},"image":{"@id":"https:\/\/www.plastic-crates.com\/product\/ventilated-plastic-crates-for-shrimp\/#primaryimage"},"thumbnailUrl":"https:\/\/www.plastic-crates.com\/wp-content\/uploads\/2021\/07\/ventilated-plastic-crates-5.png","datePublished":"2021-07-15T05:53:44+00:00","dateModified":"2021-07-15T06:00:23+00:00","description":"Fabricante profissional de caixas pl\u00e1sticas ventiladas para camar\u00e3o, dimens\u00f5es (C*L*A): 618*415*180 mm, volume: 42,2 L, caixas empilh\u00e1veis para frutas e produtos \u00e0 venda","breadcrumb":{"@id":"https:\/\/www.plastic-crates.com\/product\/ventilated-plastic-crates-for-shrimp\/#breadcrumb"},"inLanguage":"pt-PT","potentialAction":[{"@type":"ReadAction","target":["https:\/\/www.plastic-crates.com\/product\/ventilated-plastic-crates-for-shrimp\/"]}]},{"@type":"ImageObject","inLanguage":"pt-PT","@id":"https:\/\/www.plastic-crates.com\/product\/ventilated-plastic-crates-for-shrimp\/#primaryimage","url":"https:\/\/www.plastic-crates.com\/wp-content\/uploads\/2021\/07\/ventilated-plastic-crates-5.png","contentUrl":"https:\/\/www.plastic-crates.com\/wp-content\/uploads\/2021\/07\/ventilated-plastic-crates-5.png","width":750,"height":750},{"@type":"BreadcrumbList","@id":"https:\/\/www.plastic-crates.com\/product\/ventilated-plastic-crates-for-shrimp\/#breadcrumb","itemListElement":[{"@type":"ListItem","position":1,"name":"Home","item":"https:\/\/www.plastic-crates.com\/"},{"@type":"ListItem","position":2,"name":"Products","item":"https:\/\/www.plastic-crates.com\/shop\/"},{"@type":"ListItem","position":3,"name":"Ventilated plastic crates for shrimp"}]},{"@type":"WebSite","@id":"https:\/\/www.plastic-crates.com\/#website","url":"https:\/\/www.plastic-crates.com\/","name":"plastic-crates.com","description":"Fabricante l\u00edder de caixas pl\u00e1sticas na China","potentialAction":[{"@type":"SearchAction","target":{"@type":"EntryPoint","urlTemplate":"https:\/\/www.plastic-crates.com\/?s={search_term_string}"},"query-input":{"@type":"PropertyValueSpecification","valueRequired":true,"valueName":"search_term_string"}}],"inLanguage":"pt-PT"}]}},"_links":{"self":[{"href":"https:\/\/www.plastic-crates.com\/pt\/wp-json\/wp\/v2\/product\/6967","targetHints":{"allow":["GET"]}}],"collection":[{"href":"https:\/\/www.plastic-crates.com\/pt\/wp-json\/wp\/v2\/product"}],"about":[{"href":"https:\/\/www.plastic-crates.com\/pt\/wp-json\/wp\/v2\/types\/product"}],"wp:featuredmedia":[{"embeddable":true,"href":"https:\/\/www.plastic-crates.com\/pt\/wp-json\/wp\/v2\/media\/7021"}],"wp:attachment":[{"href":"https:\/\/www.plastic-crates.com\/pt\/wp-json\/wp\/v2\/media?parent=6967"}],"wp:term":[{"taxonomy":"product_brand","embeddable":true,"href":"https:\/\/www.plastic-crates.com\/pt\/wp-json\/wp\/v2\/product_brand?post=6967"},{"taxonomy":"product_cat","embeddable":true,"href":"https:\/\/www.plastic-crates.com\/pt\/wp-json\/wp\/v2\/product_cat?post=6967"},{"taxonomy":"product_tag","embeddable":true,"href":"https:\/\/www.plastic-crates.com\/pt\/wp-json\/wp\/v2\/product_tag?post=6967"}],"curies":[{"name":"wp","href":"https:\/\/api.w.org\/{rel}","templated":true}]}}