{"id":7050,"date":"2021-07-15T17:23:04","date_gmt":"2021-07-15T17:23:04","guid":{"rendered":"https:\/\/www.plastic-crates.com\/?post_type=product&#038;p=7050"},"modified":"2021-07-16T00:21:32","modified_gmt":"2021-07-16T00:21:32","slug":"melhor-caixa-de-viagem-de-plastico-para-caes-caixa-de-plastico-para-caes","status":"publish","type":"product","link":"https:\/\/www.plastic-crates.com\/pt\/produto\/melhor-caixa-de-viagem-de-plastico-para-caes-caixa-de-plastico-para-caes\/","title":{"rendered":"Melhor caixa de transporte de pl\u00e1stico para c\u00e3es, caixa de transporte de pl\u00e1stico para c\u00e3es"},"content":{"rendered":"<div style=\"width: 952px;\" class=\"wp-video\"><!--[if lt IE 9]><script>document.createElement('video');<\/script><![endif]-->\n<video class=\"wp-video-shortcode\" id=\"video-7050-1\" width=\"952\" height=\"540\" preload=\"metadata\" controls=\"controls\"><source type=\"video\/mp4\" src=\"https:\/\/www.plastic-crates.com\/wp-content\/uploads\/2021\/07\/plastic-dog-crate.mp4?_=1\" \/><a href=\"https:\/\/www.plastic-crates.com\/wp-content\/uploads\/2021\/07\/plastic-dog-crate.mp4\">https:\/\/www.plastic-crates.com\/wp-content\/uploads\/2021\/07\/plastic-dog-crate.mp4<\/a><\/video><\/div>\n<p>&nbsp;<\/p>\n<p><strong>Especifica\u00e7\u00e3o<\/strong><\/p>\n<table class=\"table\" style=\"height: 275px;\" width=\"524\">\n<tbody>\n<tr>\n<td colspan=\"1\" rowspan=\"1\">\n<div class=\"magic-4\" data-spm-anchor-id=\"a2700.details.0.i21.58e76911BJdnaT\">Material<\/div>\n<\/td>\n<td colspan=\"4\" rowspan=\"1\">\n<div class=\"magic-5\">ABS<\/div>\n<\/td>\n<\/tr>\n<tr>\n<td colspan=\"1\" rowspan=\"1\">\n<div class=\"magic-4\">Tamanho<\/div>\n<\/td>\n<td colspan=\"4\" rowspan=\"1\">\n<div class=\"magic-5\">P, M, G, GG, GG<\/div>\n<\/td>\n<\/tr>\n<tr>\n<td colspan=\"1\" rowspan=\"1\">\n<div class=\"magic-4\">Embalagem<\/div>\n<\/td>\n<td colspan=\"4\" rowspan=\"1\">\n<div class=\"magic-8\">Pacote padr\u00e3o ou conforme solicita\u00e7\u00e3o do cliente<\/div>\n<\/td>\n<\/tr>\n<tr>\n<td colspan=\"1\" rowspan=\"1\">\n<div class=\"magic-4\">Cores<\/div>\n<\/td>\n<td colspan=\"4\" rowspan=\"1\">\n<div class=\"magic-8\">Azul, Rosa, Amarelo, Verde, Caf\u00e9, Azul Escuro<\/div>\n<\/td>\n<\/tr>\n<tr>\n<td colspan=\"1\" rowspan=\"1\">\n<div class=\"magic-4\">Recurso<\/div>\n<\/td>\n<td colspan=\"4\" rowspan=\"1\">\n<div class=\"magic-8\">Macio e aconchegante, barato e bonito, luxuoso e moderno<\/div>\n<\/td>\n<\/tr>\n<tr>\n<td colspan=\"1\" rowspan=\"1\">\n<div class=\"magic-4\">Prazo de entrega<\/div>\n<\/td>\n<td colspan=\"4\" rowspan=\"1\">\n<div class=\"magic-8\">20-25 dias<\/div>\n<\/td>\n<\/tr>\n<tr>\n<td colspan=\"1\" rowspan=\"1\">\n<div class=\"magic-4\">OEM\/ODM<\/div>\n<\/td>\n<td colspan=\"4\" rowspan=\"1\">\n<div class=\"magic-5\">Dispon\u00edvel<\/div>\n<\/td>\n<\/tr>\n<tr>\n<td colspan=\"1\" rowspan=\"1\">\n<div class=\"magic-4\">Pagamento<\/div>\n<\/td>\n<td colspan=\"4\" rowspan=\"1\">\n<div class=\"magic-8\">T\/T ou L\/C<\/div>\n<\/td>\n<\/tr>\n<tr>\n<td colspan=\"1\" rowspan=\"1\">\n<div class=\"magic-4\">Termos de Envio<\/div>\n<\/td>\n<td colspan=\"4\" rowspan=\"1\">\n<div class=\"magic-8\">FOB<\/div>\n<\/td>\n<\/tr>\n<\/tbody>\n<\/table>\n<p><strong>Tamanho e cor dispon\u00edveis desta caixa de pl\u00e1stico para c\u00e3es<\/strong><\/p>\n<p>N\u00f3s fornecemos a melhor caixa de transporte de pl\u00e1stico para c\u00e3es do mercado e esta caixa de transporte para c\u00e3es tem diferentes tamanhos dispon\u00edveis: caixa de transporte de pl\u00e1stico pequena para c\u00e3es, caixa de transporte de pl\u00e1stico m\u00e9dia para c\u00e3es, caixa de transporte de pl\u00e1stico grande para c\u00e3es, caixa de transporte de pl\u00e1stico extra grande para c\u00e3es (caixa de transporte de pl\u00e1stico xl para c\u00e3es).<\/p>\n<p><img loading=\"lazy\" decoding=\"async\" class=\"alignnone size-full wp-image-7059\" src=\"https:\/\/www.plastic-crates.com\/wp-content\/uploads\/2021\/07\/plastic-dog-crate-available-size.jpeg\" alt=\"caixa de pl\u00e1stico para c\u00e3es tamanho dispon\u00edvel\" width=\"790\" height=\"1080\" srcset=\"https:\/\/www.plastic-crates.com\/wp-content\/uploads\/2021\/07\/plastic-dog-crate-available-size.jpeg 790w, https:\/\/www.plastic-crates.com\/wp-content\/uploads\/2021\/07\/plastic-dog-crate-available-size-219x300.jpeg 219w, https:\/\/www.plastic-crates.com\/wp-content\/uploads\/2021\/07\/plastic-dog-crate-available-size-749x1024.jpeg 749w, https:\/\/www.plastic-crates.com\/wp-content\/uploads\/2021\/07\/plastic-dog-crate-available-size-768x1050.jpeg 768w, https:\/\/www.plastic-crates.com\/wp-content\/uploads\/2021\/07\/plastic-dog-crate-available-size-600x820.jpeg 600w\" sizes=\"auto, (max-width: 790px) 100vw, 790px\" \/><\/p>\n<p>Quanto \u00e0s cores, azul, rosa, amarelo, verde, caf\u00e9 e azul escuro est\u00e3o dispon\u00edveis para essas caixas para c\u00e3es.<\/p>\n<p><img loading=\"lazy\" decoding=\"async\" class=\"alignnone size-full wp-image-7060\" src=\"https:\/\/www.plastic-crates.com\/wp-content\/uploads\/2021\/07\/plastic-dog-crate-available-color.jpeg\" alt=\"caixa de pl\u00e1stico para cachorro cor dispon\u00edvel\" width=\"790\" height=\"1578\" srcset=\"https:\/\/www.plastic-crates.com\/wp-content\/uploads\/2021\/07\/plastic-dog-crate-available-color.jpeg 790w, https:\/\/www.plastic-crates.com\/wp-content\/uploads\/2021\/07\/plastic-dog-crate-available-color-150x300.jpeg 150w, https:\/\/www.plastic-crates.com\/wp-content\/uploads\/2021\/07\/plastic-dog-crate-available-color-513x1024.jpeg 513w, https:\/\/www.plastic-crates.com\/wp-content\/uploads\/2021\/07\/plastic-dog-crate-available-color-768x1534.jpeg 768w, https:\/\/www.plastic-crates.com\/wp-content\/uploads\/2021\/07\/plastic-dog-crate-available-color-769x1536.jpeg 769w, https:\/\/www.plastic-crates.com\/wp-content\/uploads\/2021\/07\/plastic-dog-crate-available-color-600x1198.jpeg 600w\" sizes=\"auto, (max-width: 790px) 100vw, 790px\" \/><\/p>\n<p>A caixa de pl\u00e1stico para c\u00e3es pode ser equipada com al\u00e7a, rodas e alavanca, o que a torna muito conveniente para mover <img loading=\"lazy\" decoding=\"async\" class=\"alignnone size-full wp-image-7061\" src=\"https:\/\/www.plastic-crates.com\/wp-content\/uploads\/2021\/07\/plastic-dog-crate-with-wheels-and-lever.jpeg\" alt=\"caixa de pl\u00e1stico para cachorro com rodas e alavanca\" width=\"790\" height=\"1110\" srcset=\"https:\/\/www.plastic-crates.com\/wp-content\/uploads\/2021\/07\/plastic-dog-crate-with-wheels-and-lever.jpeg 790w, https:\/\/www.plastic-crates.com\/wp-content\/uploads\/2021\/07\/plastic-dog-crate-with-wheels-and-lever-214x300.jpeg 214w, https:\/\/www.plastic-crates.com\/wp-content\/uploads\/2021\/07\/plastic-dog-crate-with-wheels-and-lever-729x1024.jpeg 729w, https:\/\/www.plastic-crates.com\/wp-content\/uploads\/2021\/07\/plastic-dog-crate-with-wheels-and-lever-768x1079.jpeg 768w, https:\/\/www.plastic-crates.com\/wp-content\/uploads\/2021\/07\/plastic-dog-crate-with-wheels-and-lever-600x843.jpeg 600w\" sizes=\"auto, (max-width: 790px) 100vw, 790px\" \/><\/p>\n<p><img loading=\"lazy\" decoding=\"async\" class=\"alignnone size-full wp-image-7062\" src=\"https:\/\/www.plastic-crates.com\/wp-content\/uploads\/2021\/07\/plastic-dog-crate-product-detail.jpeg\" alt=\"detalhe da caixa de pl\u00e1stico para cachorro\" width=\"790\" height=\"1032\" srcset=\"https:\/\/www.plastic-crates.com\/wp-content\/uploads\/2021\/07\/plastic-dog-crate-product-detail.jpeg 790w, https:\/\/www.plastic-crates.com\/wp-content\/uploads\/2021\/07\/plastic-dog-crate-product-detail-230x300.jpeg 230w, https:\/\/www.plastic-crates.com\/wp-content\/uploads\/2021\/07\/plastic-dog-crate-product-detail-784x1024.jpeg 784w, https:\/\/www.plastic-crates.com\/wp-content\/uploads\/2021\/07\/plastic-dog-crate-product-detail-768x1003.jpeg 768w, https:\/\/www.plastic-crates.com\/wp-content\/uploads\/2021\/07\/plastic-dog-crate-product-detail-600x784.jpeg 600w\" sizes=\"auto, (max-width: 790px) 100vw, 790px\" \/><\/p>\n<p><b>Canis de pl\u00e1stico para c\u00e3es<\/b> s\u00e3o f\u00e1ceis de limpar e montar, \u00e9 um <b>bom<\/b>\u00a0op\u00e7\u00e3o para\u00a0<b>c\u00e3es<\/b> que passam muito tempo ao ar livre. S\u00e3o resistentes, confort\u00e1veis e resistentes \u00e0 \u00e1gua. Al\u00e9m de atender aos requisitos da maioria das companhias a\u00e9reas, esta caixa \u00e9 feita de pl\u00e1stico resistente, o que a torna dur\u00e1vel e segura. A caixa \u00e9 f\u00e1cil de montar e transportar.<\/p>\n<p>Caixas de transporte de pl\u00e1stico para c\u00e3es s\u00e3o \u00f3timas para c\u00e3es que est\u00e3o sempre viajando. Essas caixas mant\u00eam os c\u00e3es seguros enquanto viajam \u2014 seja no avi\u00e3o, no trem ou no carro. Esta caixa de transporte para c\u00e3es \u00e9 dur\u00e1vel, bem ventilada e aprovada pelas companhias a\u00e9reas, caso voc\u00ea planeje viajar de avi\u00e3o.<\/p>\n<p>&nbsp;<\/p>\n<p><img loading=\"lazy\" decoding=\"async\" class=\"alignnone size-full wp-image-7063\" src=\"https:\/\/www.plastic-crates.com\/wp-content\/uploads\/2021\/07\/plastic-dog-crate-product-detail-a.jpeg\" alt=\"grande caixa de pl\u00e1stico para c\u00e3es\" width=\"790\" height=\"1536\" srcset=\"https:\/\/www.plastic-crates.com\/wp-content\/uploads\/2021\/07\/plastic-dog-crate-product-detail-a.jpeg 790w, https:\/\/www.plastic-crates.com\/wp-content\/uploads\/2021\/07\/plastic-dog-crate-product-detail-a-154x300.jpeg 154w, https:\/\/www.plastic-crates.com\/wp-content\/uploads\/2021\/07\/plastic-dog-crate-product-detail-a-527x1024.jpeg 527w, https:\/\/www.plastic-crates.com\/wp-content\/uploads\/2021\/07\/plastic-dog-crate-product-detail-a-768x1493.jpeg 768w, https:\/\/www.plastic-crates.com\/wp-content\/uploads\/2021\/07\/plastic-dog-crate-product-detail-a-600x1167.jpeg 600w\" sizes=\"auto, (max-width: 790px) 100vw, 790px\" \/> <img loading=\"lazy\" decoding=\"async\" class=\"alignnone size-full wp-image-7064\" src=\"https:\/\/www.plastic-crates.com\/wp-content\/uploads\/2021\/07\/plastic-dog-crate-product-detail-b.jpeg\" alt=\"grande caixa de pl\u00e1stico para c\u00e3es\" width=\"790\" height=\"1704\" srcset=\"https:\/\/www.plastic-crates.com\/wp-content\/uploads\/2021\/07\/plastic-dog-crate-product-detail-b.jpeg 790w, https:\/\/www.plastic-crates.com\/wp-content\/uploads\/2021\/07\/plastic-dog-crate-product-detail-b-139x300.jpeg 139w, https:\/\/www.plastic-crates.com\/wp-content\/uploads\/2021\/07\/plastic-dog-crate-product-detail-b-475x1024.jpeg 475w, https:\/\/www.plastic-crates.com\/wp-content\/uploads\/2021\/07\/plastic-dog-crate-product-detail-b-768x1657.jpeg 768w, https:\/\/www.plastic-crates.com\/wp-content\/uploads\/2021\/07\/plastic-dog-crate-product-detail-b-712x1536.jpeg 712w, https:\/\/www.plastic-crates.com\/wp-content\/uploads\/2021\/07\/plastic-dog-crate-product-detail-b-600x1294.jpeg 600w\" sizes=\"auto, (max-width: 790px) 100vw, 790px\" \/> <img loading=\"lazy\" decoding=\"async\" class=\"alignnone size-full wp-image-7065\" src=\"https:\/\/www.plastic-crates.com\/wp-content\/uploads\/2021\/07\/plastic-dog-crate-product-detail-c.jpeg\" alt=\"grande caixa de pl\u00e1stico para c\u00e3es\" width=\"790\" height=\"978\" srcset=\"https:\/\/www.plastic-crates.com\/wp-content\/uploads\/2021\/07\/plastic-dog-crate-product-detail-c.jpeg 790w, https:\/\/www.plastic-crates.com\/wp-content\/uploads\/2021\/07\/plastic-dog-crate-product-detail-c-242x300.jpeg 242w, https:\/\/www.plastic-crates.com\/wp-content\/uploads\/2021\/07\/plastic-dog-crate-product-detail-c-768x951.jpeg 768w, https:\/\/www.plastic-crates.com\/wp-content\/uploads\/2021\/07\/plastic-dog-crate-product-detail-c-600x743.jpeg 600w\" sizes=\"auto, (max-width: 790px) 100vw, 790px\" \/><\/p>\n<p><img loading=\"lazy\" decoding=\"async\" class=\"alignnone wp-image-7066 size-full\" src=\"https:\/\/www.plastic-crates.com\/wp-content\/uploads\/2021\/07\/plastic-dog-crate-packing-e1626394440863.jpeg\" alt=\"melhor embalagem de caixa de pl\u00e1stico para c\u00e3es\" width=\"790\" height=\"1192\" srcset=\"https:\/\/www.plastic-crates.com\/wp-content\/uploads\/2021\/07\/plastic-dog-crate-packing-e1626394440863.jpeg 790w, https:\/\/www.plastic-crates.com\/wp-content\/uploads\/2021\/07\/plastic-dog-crate-packing-e1626394440863-199x300.jpeg 199w, https:\/\/www.plastic-crates.com\/wp-content\/uploads\/2021\/07\/plastic-dog-crate-packing-e1626394440863-679x1024.jpeg 679w, https:\/\/www.plastic-crates.com\/wp-content\/uploads\/2021\/07\/plastic-dog-crate-packing-e1626394440863-768x1159.jpeg 768w, https:\/\/www.plastic-crates.com\/wp-content\/uploads\/2021\/07\/plastic-dog-crate-packing-e1626394440863-600x905.jpeg 600w\" sizes=\"auto, (max-width: 790px) 100vw, 790px\" \/><\/p>","protected":false},"excerpt":{"rendered":"<p>&nbsp; Specification Material ABS Size S, M, L, XL, XXL Packing Standard package or as per customer requests Colors Blue,&hellip;<\/p>","protected":false},"featured_media":7051,"template":"","meta":{"_acf_changed":false},"product_brand":[],"product_cat":[123],"product_tag":[],"class_list":{"0":"post-7050","1":"product","2":"type-product","3":"status-publish","4":"has-post-thumbnail","6":"product_cat-plastic-dog-crates","8":"first","9":"instock","10":"shipping-taxable","11":"product-type-simple"},"acf":[],"yoast_head":"<!-- This site is optimized with the Yoast SEO plugin v26.1.1 - https:\/\/yoast.com\/wordpress\/plugins\/seo\/ -->\n<title>Best plastic dog travel crate, plastic dog crate - plastic-crates.com<\/title>\n<meta name=\"robots\" content=\"index, follow, max-snippet:-1, max-image-preview:large, max-video-preview:-1\" \/>\n<link rel=\"canonical\" href=\"https:\/\/www.plastic-crates.com\/pt\/produto\/melhor-caixa-de-viagem-de-plastico-para-caes-caixa-de-plastico-para-caes\/\" \/>\n<meta property=\"og:locale\" content=\"pt_PT\" \/>\n<meta property=\"og:type\" content=\"article\" \/>\n<meta property=\"og:title\" content=\"Best plastic dog travel crate, plastic dog crate - plastic-crates.com\" \/>\n<meta property=\"og:description\" content=\"&nbsp; Specification Material ABS Size S, M, L, XL, XXL Packing Standard package or as per customer requests Colors Blue,&hellip;\" \/>\n<meta property=\"og:url\" content=\"https:\/\/www.plastic-crates.com\/pt\/produto\/melhor-caixa-de-viagem-de-plastico-para-caes-caixa-de-plastico-para-caes\/\" \/>\n<meta property=\"og:site_name\" content=\"plastic-crates.com\" \/>\n<meta property=\"article:modified_time\" content=\"2021-07-16T00:21:32+00:00\" \/>\n<meta property=\"og:image\" content=\"https:\/\/www.plastic-crates.com\/wp-content\/uploads\/2021\/07\/plastic-dog-crate-1.jpeg\" \/>\n\t<meta property=\"og:image:width\" content=\"800\" \/>\n\t<meta property=\"og:image:height\" content=\"800\" \/>\n\t<meta property=\"og:image:type\" content=\"image\/jpeg\" \/>\n<meta name=\"twitter:card\" content=\"summary_large_image\" \/>\n<meta name=\"twitter:label1\" content=\"Tempo estimado de leitura\" \/>\n\t<meta name=\"twitter:data1\" content=\"3 minutos\" \/>\n<script type=\"application\/ld+json\" class=\"yoast-schema-graph\">{\"@context\":\"https:\/\/schema.org\",\"@graph\":[{\"@type\":\"WebPage\",\"@id\":\"https:\/\/www.plastic-crates.com\/product\/best-plastic-dog-travel-crate-plastic-dog-crate\/\",\"url\":\"https:\/\/www.plastic-crates.com\/product\/best-plastic-dog-travel-crate-plastic-dog-crate\/\",\"name\":\"Best plastic dog travel crate, plastic dog crate - plastic-crates.com\",\"isPartOf\":{\"@id\":\"https:\/\/www.plastic-crates.com\/#website\"},\"primaryImageOfPage\":{\"@id\":\"https:\/\/www.plastic-crates.com\/product\/best-plastic-dog-travel-crate-plastic-dog-crate\/#primaryimage\"},\"image\":{\"@id\":\"https:\/\/www.plastic-crates.com\/product\/best-plastic-dog-travel-crate-plastic-dog-crate\/#primaryimage\"},\"thumbnailUrl\":\"https:\/\/www.plastic-crates.com\/wp-content\/uploads\/2021\/07\/plastic-dog-crate-1.jpeg\",\"datePublished\":\"2021-07-15T17:23:04+00:00\",\"dateModified\":\"2021-07-16T00:21:32+00:00\",\"breadcrumb\":{\"@id\":\"https:\/\/www.plastic-crates.com\/product\/best-plastic-dog-travel-crate-plastic-dog-crate\/#breadcrumb\"},\"inLanguage\":\"pt-PT\",\"potentialAction\":[{\"@type\":\"ReadAction\",\"target\":[\"https:\/\/www.plastic-crates.com\/product\/best-plastic-dog-travel-crate-plastic-dog-crate\/\"]}]},{\"@type\":\"ImageObject\",\"inLanguage\":\"pt-PT\",\"@id\":\"https:\/\/www.plastic-crates.com\/product\/best-plastic-dog-travel-crate-plastic-dog-crate\/#primaryimage\",\"url\":\"https:\/\/www.plastic-crates.com\/wp-content\/uploads\/2021\/07\/plastic-dog-crate-1.jpeg\",\"contentUrl\":\"https:\/\/www.plastic-crates.com\/wp-content\/uploads\/2021\/07\/plastic-dog-crate-1.jpeg\",\"width\":800,\"height\":800,\"caption\":\"plastic dog crate\"},{\"@type\":\"BreadcrumbList\",\"@id\":\"https:\/\/www.plastic-crates.com\/product\/best-plastic-dog-travel-crate-plastic-dog-crate\/#breadcrumb\",\"itemListElement\":[{\"@type\":\"ListItem\",\"position\":1,\"name\":\"Home\",\"item\":\"https:\/\/www.plastic-crates.com\/\"},{\"@type\":\"ListItem\",\"position\":2,\"name\":\"Products\",\"item\":\"https:\/\/www.plastic-crates.com\/shop\/\"},{\"@type\":\"ListItem\",\"position\":3,\"name\":\"Best plastic dog travel crate, plastic dog crate\"}]},{\"@type\":\"WebSite\",\"@id\":\"https:\/\/www.plastic-crates.com\/#website\",\"url\":\"https:\/\/www.plastic-crates.com\/\",\"name\":\"plastic-crates.com\",\"description\":\"Leading plastic crates manufacturer in China\",\"potentialAction\":[{\"@type\":\"SearchAction\",\"target\":{\"@type\":\"EntryPoint\",\"urlTemplate\":\"https:\/\/www.plastic-crates.com\/?s={search_term_string}\"},\"query-input\":{\"@type\":\"PropertyValueSpecification\",\"valueRequired\":true,\"valueName\":\"search_term_string\"}}],\"inLanguage\":\"pt-PT\"}]}<\/script>\n<!-- \/ Yoast SEO plugin. -->","yoast_head_json":{"title":"Melhor caixa de transporte de pl\u00e1stico para c\u00e3es, caixa de transporte de pl\u00e1stico para c\u00e3es - plastic-crates.com","robots":{"index":"index","follow":"follow","max-snippet":"max-snippet:-1","max-image-preview":"max-image-preview:large","max-video-preview":"max-video-preview:-1"},"canonical":"https:\/\/www.plastic-crates.com\/pt\/produto\/melhor-caixa-de-viagem-de-plastico-para-caes-caixa-de-plastico-para-caes\/","og_locale":"pt_PT","og_type":"article","og_title":"Best plastic dog travel crate, plastic dog crate - plastic-crates.com","og_description":"&nbsp; Specification Material ABS Size S, M, L, XL, XXL Packing Standard package or as per customer requests Colors Blue,&hellip;","og_url":"https:\/\/www.plastic-crates.com\/pt\/produto\/melhor-caixa-de-viagem-de-plastico-para-caes-caixa-de-plastico-para-caes\/","og_site_name":"plastic-crates.com","article_modified_time":"2021-07-16T00:21:32+00:00","og_image":[{"width":800,"height":800,"url":"https:\/\/www.plastic-crates.com\/wp-content\/uploads\/2021\/07\/plastic-dog-crate-1.jpeg","type":"image\/jpeg"}],"twitter_card":"summary_large_image","twitter_misc":{"Tempo estimado de leitura":"3 minutos"},"schema":{"@context":"https:\/\/schema.org","@graph":[{"@type":"WebPage","@id":"https:\/\/www.plastic-crates.com\/product\/best-plastic-dog-travel-crate-plastic-dog-crate\/","url":"https:\/\/www.plastic-crates.com\/product\/best-plastic-dog-travel-crate-plastic-dog-crate\/","name":"Melhor caixa de transporte de pl\u00e1stico para c\u00e3es, caixa de transporte de pl\u00e1stico para c\u00e3es - plastic-crates.com","isPartOf":{"@id":"https:\/\/www.plastic-crates.com\/#website"},"primaryImageOfPage":{"@id":"https:\/\/www.plastic-crates.com\/product\/best-plastic-dog-travel-crate-plastic-dog-crate\/#primaryimage"},"image":{"@id":"https:\/\/www.plastic-crates.com\/product\/best-plastic-dog-travel-crate-plastic-dog-crate\/#primaryimage"},"thumbnailUrl":"https:\/\/www.plastic-crates.com\/wp-content\/uploads\/2021\/07\/plastic-dog-crate-1.jpeg","datePublished":"2021-07-15T17:23:04+00:00","dateModified":"2021-07-16T00:21:32+00:00","breadcrumb":{"@id":"https:\/\/www.plastic-crates.com\/product\/best-plastic-dog-travel-crate-plastic-dog-crate\/#breadcrumb"},"inLanguage":"pt-PT","potentialAction":[{"@type":"ReadAction","target":["https:\/\/www.plastic-crates.com\/product\/best-plastic-dog-travel-crate-plastic-dog-crate\/"]}]},{"@type":"ImageObject","inLanguage":"pt-PT","@id":"https:\/\/www.plastic-crates.com\/product\/best-plastic-dog-travel-crate-plastic-dog-crate\/#primaryimage","url":"https:\/\/www.plastic-crates.com\/wp-content\/uploads\/2021\/07\/plastic-dog-crate-1.jpeg","contentUrl":"https:\/\/www.plastic-crates.com\/wp-content\/uploads\/2021\/07\/plastic-dog-crate-1.jpeg","width":800,"height":800,"caption":"plastic dog crate"},{"@type":"BreadcrumbList","@id":"https:\/\/www.plastic-crates.com\/product\/best-plastic-dog-travel-crate-plastic-dog-crate\/#breadcrumb","itemListElement":[{"@type":"ListItem","position":1,"name":"Home","item":"https:\/\/www.plastic-crates.com\/"},{"@type":"ListItem","position":2,"name":"Products","item":"https:\/\/www.plastic-crates.com\/shop\/"},{"@type":"ListItem","position":3,"name":"Best plastic dog travel crate, plastic dog crate"}]},{"@type":"WebSite","@id":"https:\/\/www.plastic-crates.com\/#website","url":"https:\/\/www.plastic-crates.com\/","name":"plastic-crates.com","description":"Fabricante l\u00edder de caixas pl\u00e1sticas na China","potentialAction":[{"@type":"SearchAction","target":{"@type":"EntryPoint","urlTemplate":"https:\/\/www.plastic-crates.com\/?s={search_term_string}"},"query-input":{"@type":"PropertyValueSpecification","valueRequired":true,"valueName":"search_term_string"}}],"inLanguage":"pt-PT"}]}},"_links":{"self":[{"href":"https:\/\/www.plastic-crates.com\/pt\/wp-json\/wp\/v2\/product\/7050","targetHints":{"allow":["GET"]}}],"collection":[{"href":"https:\/\/www.plastic-crates.com\/pt\/wp-json\/wp\/v2\/product"}],"about":[{"href":"https:\/\/www.plastic-crates.com\/pt\/wp-json\/wp\/v2\/types\/product"}],"wp:featuredmedia":[{"embeddable":true,"href":"https:\/\/www.plastic-crates.com\/pt\/wp-json\/wp\/v2\/media\/7051"}],"wp:attachment":[{"href":"https:\/\/www.plastic-crates.com\/pt\/wp-json\/wp\/v2\/media?parent=7050"}],"wp:term":[{"taxonomy":"product_brand","embeddable":true,"href":"https:\/\/www.plastic-crates.com\/pt\/wp-json\/wp\/v2\/product_brand?post=7050"},{"taxonomy":"product_cat","embeddable":true,"href":"https:\/\/www.plastic-crates.com\/pt\/wp-json\/wp\/v2\/product_cat?post=7050"},{"taxonomy":"product_tag","embeddable":true,"href":"https:\/\/www.plastic-crates.com\/pt\/wp-json\/wp\/v2\/product_tag?post=7050"}],"curies":[{"name":"wp","href":"https:\/\/api.w.org\/{rel}","templated":true}]}}