{"id":7142,"date":"2022-03-29T10:56:36","date_gmt":"2022-03-29T10:56:36","guid":{"rendered":"https:\/\/www.plastic-crates.com\/?post_type=product&#038;p=7142"},"modified":"2022-03-29T11:12:29","modified_gmt":"2022-03-29T11:12:29","slug":"recipientes-de-armazenamento-com-tampa-acoplada-6843","status":"publish","type":"product","link":"https:\/\/www.plastic-crates.com\/pt\/produto\/recipientes-de-armazenamento-com-tampa-acoplada-6843\/","title":{"rendered":"Recipientes de armazenamento com tampa acoplada - 6843"},"content":{"rendered":"<p>Demonstra\u00e7\u00e3o de recipientes de armazenamento com tampa acoplada<\/p>\n<div style=\"width: 896px;\" class=\"wp-video\"><!--[if lt IE 9]><script>document.createElement('video');<\/script><![endif]-->\n<video class=\"wp-video-shortcode\" id=\"video-7142-1\" width=\"896\" height=\"504\" preload=\"metadata\" controls=\"controls\"><source type=\"video\/mp4\" src=\"https:\/\/www.plastic-crates.com\/wp-content\/uploads\/2022\/03\/attached-lid-storage-containers.mp4?_=1\" \/><a href=\"https:\/\/www.plastic-crates.com\/wp-content\/uploads\/2022\/03\/attached-lid-storage-containers.mp4\">https:\/\/www.plastic-crates.com\/wp-content\/uploads\/2022\/03\/attached-lid-storage-containers.mp4<\/a><\/video><\/div>","protected":false},"excerpt":{"rendered":"<div><a href=\"https:\/\/www.plastic-crates.com\/pt\/categoria+de+produto\/sacolas-com-tampas\/\" target=\"_blank\" rel=\"noopener noreferrer\">recipiente pl\u00e1stico para reviravoltas<\/a>,<a href=\"https:\/\/www.plastic-crates.com\/pt\/categoria+de+produto\/recipientes-empilhaveis\/\" target=\"_blank\" rel=\"noopener noreferrer\">recipientes pl\u00e1sticos empilh\u00e1veis<\/a>,<a href=\"https:\/\/www.plastic-crates.com\/pt\/categoria+de+produto\/caixas-de-armazenamento-de-pecas\/\" target=\"_blank\" rel=\"noopener noreferrer\">prateleiras com caixas de armazenamento<\/a>,<a href=\"https:\/\/www.plastic-crates.com\/pt\/categoria+de+produto\/caixa-dobravel-3\/\" target=\"_blank\" rel=\"noopener noreferrer\">Caixa dobr\u00e1vel com tampa<\/a>,<a href=\"https:\/\/www.plastic-crates.com\/pt\/categoria+de+produto\/conteiner-de-paletes\/\" target=\"_blank\" rel=\"noopener noreferrer\">caixa dobr\u00e1vel com rodinhas<\/a><\/div>","protected":false},"featured_media":7143,"template":"","meta":{"_acf_changed":false},"product_brand":[],"product_cat":[8],"product_tag":[136,119],"class_list":{"0":"post-7142","1":"product","2":"type-product","3":"status-publish","4":"has-post-thumbnail","6":"product_cat-totes-with-lids","7":"product_tag-large-plastic-totes-with-lids-big-storage-totes","8":"product_tag-nestable-lidded-container","10":"first","11":"instock","12":"product-type-simple"},"acf":[],"yoast_head":"<!-- This site is optimized with the Yoast SEO plugin v26.1.1 - https:\/\/yoast.com\/wordpress\/plugins\/seo\/ -->\n<title>Attached lid storage containers wholesale &amp; Factory Price<\/title>\n<meta name=\"description\" content=\"Wholesale Attached lid storage containers, plastic totes with lids, Dimensions 680 * 430 * 320 mm, Volume: 75L, attached lid storage containers for sale\" \/>\n<meta name=\"robots\" content=\"index, follow, max-snippet:-1, max-image-preview:large, max-video-preview:-1\" \/>\n<link rel=\"canonical\" href=\"https:\/\/www.plastic-crates.com\/pt\/produto\/recipientes-de-armazenamento-com-tampa-acoplada-6843\/\" \/>\n<meta property=\"og:locale\" content=\"pt_PT\" \/>\n<meta property=\"og:type\" content=\"article\" \/>\n<meta property=\"og:title\" content=\"2015 latest plastic folding shipping containers\" \/>\n<meta property=\"og:description\" content=\"Wholesale Attached lid storage containers, plastic totes with lids, Dimensions 680 * 430 * 320 mm, Volume: 75L, attached lid storage containers for sale\" \/>\n<meta property=\"og:url\" content=\"https:\/\/www.plastic-crates.com\/pt\/produto\/recipientes-de-armazenamento-com-tampa-acoplada-6843\/\" \/>\n<meta property=\"og:site_name\" content=\"plastic-crates.com\" \/>\n<meta property=\"article:modified_time\" content=\"2022-03-29T11:12:29+00:00\" \/>\n<meta property=\"og:image\" content=\"https:\/\/www.plastic-crates.com\/wp-content\/uploads\/2022\/03\/attached-lid-storage-containers-1.jpg\" \/>\n\t<meta property=\"og:image:width\" content=\"800\" \/>\n\t<meta property=\"og:image:height\" content=\"800\" \/>\n\t<meta property=\"og:image:type\" content=\"image\/jpeg\" \/>\n<meta name=\"twitter:card\" content=\"summary_large_image\" \/>\n<meta name=\"twitter:title\" content=\"2015 latest plastic folding shipping containers\" \/>\n<meta name=\"twitter:label1\" content=\"Tempo estimado de leitura\" \/>\n\t<meta name=\"twitter:data1\" content=\"1 minuto\" \/>\n<script type=\"application\/ld+json\" class=\"yoast-schema-graph\">{\"@context\":\"https:\/\/schema.org\",\"@graph\":[{\"@type\":\"WebPage\",\"@id\":\"https:\/\/www.plastic-crates.com\/product\/attached-lid-storage-containers-6843\/\",\"url\":\"https:\/\/www.plastic-crates.com\/product\/attached-lid-storage-containers-6843\/\",\"name\":\"Attached lid storage containers wholesale & Factory Price\",\"isPartOf\":{\"@id\":\"https:\/\/www.plastic-crates.com\/#website\"},\"primaryImageOfPage\":{\"@id\":\"https:\/\/www.plastic-crates.com\/product\/attached-lid-storage-containers-6843\/#primaryimage\"},\"image\":{\"@id\":\"https:\/\/www.plastic-crates.com\/product\/attached-lid-storage-containers-6843\/#primaryimage\"},\"thumbnailUrl\":\"https:\/\/www.plastic-crates.com\/wp-content\/uploads\/2022\/03\/attached-lid-storage-containers-1.jpg\",\"datePublished\":\"2022-03-29T10:56:36+00:00\",\"dateModified\":\"2022-03-29T11:12:29+00:00\",\"description\":\"Wholesale Attached lid storage containers, plastic totes with lids, Dimensions 680 * 430 * 320 mm, Volume: 75L, attached lid storage containers for sale\",\"breadcrumb\":{\"@id\":\"https:\/\/www.plastic-crates.com\/product\/attached-lid-storage-containers-6843\/#breadcrumb\"},\"inLanguage\":\"pt-PT\",\"potentialAction\":[{\"@type\":\"ReadAction\",\"target\":[\"https:\/\/www.plastic-crates.com\/product\/attached-lid-storage-containers-6843\/\"]}]},{\"@type\":\"ImageObject\",\"inLanguage\":\"pt-PT\",\"@id\":\"https:\/\/www.plastic-crates.com\/product\/attached-lid-storage-containers-6843\/#primaryimage\",\"url\":\"https:\/\/www.plastic-crates.com\/wp-content\/uploads\/2022\/03\/attached-lid-storage-containers-1.jpg\",\"contentUrl\":\"https:\/\/www.plastic-crates.com\/wp-content\/uploads\/2022\/03\/attached-lid-storage-containers-1.jpg\",\"width\":800,\"height\":800,\"caption\":\"attached lid storage containers\"},{\"@type\":\"BreadcrumbList\",\"@id\":\"https:\/\/www.plastic-crates.com\/product\/attached-lid-storage-containers-6843\/#breadcrumb\",\"itemListElement\":[{\"@type\":\"ListItem\",\"position\":1,\"name\":\"Home\",\"item\":\"https:\/\/www.plastic-crates.com\/\"},{\"@type\":\"ListItem\",\"position\":2,\"name\":\"Products\",\"item\":\"https:\/\/www.plastic-crates.com\/shop\/\"},{\"@type\":\"ListItem\",\"position\":3,\"name\":\"Attached lid storage containers-6843\"}]},{\"@type\":\"WebSite\",\"@id\":\"https:\/\/www.plastic-crates.com\/#website\",\"url\":\"https:\/\/www.plastic-crates.com\/\",\"name\":\"plastic-crates.com\",\"description\":\"Leading plastic crates manufacturer in China\",\"potentialAction\":[{\"@type\":\"SearchAction\",\"target\":{\"@type\":\"EntryPoint\",\"urlTemplate\":\"https:\/\/www.plastic-crates.com\/?s={search_term_string}\"},\"query-input\":{\"@type\":\"PropertyValueSpecification\",\"valueRequired\":true,\"valueName\":\"search_term_string\"}}],\"inLanguage\":\"pt-PT\"}]}<\/script>\n<!-- \/ Yoast SEO plugin. -->","yoast_head_json":{"title":"Recipientes de armazenamento com tampa acoplada no atacado e pre\u00e7o de f\u00e1brica","description":"Recipientes de armazenamento com tampa acoplada no atacado, caixas de pl\u00e1stico com tampas, dimens\u00f5es 680 * 430 * 320 mm, volume: 75 L, recipientes de armazenamento com tampa acoplada para venda","robots":{"index":"index","follow":"follow","max-snippet":"max-snippet:-1","max-image-preview":"max-image-preview:large","max-video-preview":"max-video-preview:-1"},"canonical":"https:\/\/www.plastic-crates.com\/pt\/produto\/recipientes-de-armazenamento-com-tampa-acoplada-6843\/","og_locale":"pt_PT","og_type":"article","og_title":"2015 latest plastic folding shipping containers","og_description":"Wholesale Attached lid storage containers, plastic totes with lids, Dimensions 680 * 430 * 320 mm, Volume: 75L, attached lid storage containers for sale","og_url":"https:\/\/www.plastic-crates.com\/pt\/produto\/recipientes-de-armazenamento-com-tampa-acoplada-6843\/","og_site_name":"plastic-crates.com","article_modified_time":"2022-03-29T11:12:29+00:00","og_image":[{"width":800,"height":800,"url":"https:\/\/www.plastic-crates.com\/wp-content\/uploads\/2022\/03\/attached-lid-storage-containers-1.jpg","type":"image\/jpeg"}],"twitter_card":"summary_large_image","twitter_title":"2015 latest plastic folding shipping containers","twitter_misc":{"Tempo estimado de leitura":"1 minuto"},"schema":{"@context":"https:\/\/schema.org","@graph":[{"@type":"WebPage","@id":"https:\/\/www.plastic-crates.com\/product\/attached-lid-storage-containers-6843\/","url":"https:\/\/www.plastic-crates.com\/product\/attached-lid-storage-containers-6843\/","name":"Recipientes de armazenamento com tampa acoplada no atacado e pre\u00e7o de f\u00e1brica","isPartOf":{"@id":"https:\/\/www.plastic-crates.com\/#website"},"primaryImageOfPage":{"@id":"https:\/\/www.plastic-crates.com\/product\/attached-lid-storage-containers-6843\/#primaryimage"},"image":{"@id":"https:\/\/www.plastic-crates.com\/product\/attached-lid-storage-containers-6843\/#primaryimage"},"thumbnailUrl":"https:\/\/www.plastic-crates.com\/wp-content\/uploads\/2022\/03\/attached-lid-storage-containers-1.jpg","datePublished":"2022-03-29T10:56:36+00:00","dateModified":"2022-03-29T11:12:29+00:00","description":"Recipientes de armazenamento com tampa acoplada no atacado, caixas de pl\u00e1stico com tampas, dimens\u00f5es 680 * 430 * 320 mm, volume: 75 L, recipientes de armazenamento com tampa acoplada para venda","breadcrumb":{"@id":"https:\/\/www.plastic-crates.com\/product\/attached-lid-storage-containers-6843\/#breadcrumb"},"inLanguage":"pt-PT","potentialAction":[{"@type":"ReadAction","target":["https:\/\/www.plastic-crates.com\/product\/attached-lid-storage-containers-6843\/"]}]},{"@type":"ImageObject","inLanguage":"pt-PT","@id":"https:\/\/www.plastic-crates.com\/product\/attached-lid-storage-containers-6843\/#primaryimage","url":"https:\/\/www.plastic-crates.com\/wp-content\/uploads\/2022\/03\/attached-lid-storage-containers-1.jpg","contentUrl":"https:\/\/www.plastic-crates.com\/wp-content\/uploads\/2022\/03\/attached-lid-storage-containers-1.jpg","width":800,"height":800,"caption":"attached lid storage containers"},{"@type":"BreadcrumbList","@id":"https:\/\/www.plastic-crates.com\/product\/attached-lid-storage-containers-6843\/#breadcrumb","itemListElement":[{"@type":"ListItem","position":1,"name":"Home","item":"https:\/\/www.plastic-crates.com\/"},{"@type":"ListItem","position":2,"name":"Products","item":"https:\/\/www.plastic-crates.com\/shop\/"},{"@type":"ListItem","position":3,"name":"Attached lid storage containers-6843"}]},{"@type":"WebSite","@id":"https:\/\/www.plastic-crates.com\/#website","url":"https:\/\/www.plastic-crates.com\/","name":"plastic-crates.com","description":"Fabricante l\u00edder de caixas pl\u00e1sticas na China","potentialAction":[{"@type":"SearchAction","target":{"@type":"EntryPoint","urlTemplate":"https:\/\/www.plastic-crates.com\/?s={search_term_string}"},"query-input":{"@type":"PropertyValueSpecification","valueRequired":true,"valueName":"search_term_string"}}],"inLanguage":"pt-PT"}]}},"_links":{"self":[{"href":"https:\/\/www.plastic-crates.com\/pt\/wp-json\/wp\/v2\/product\/7142","targetHints":{"allow":["GET"]}}],"collection":[{"href":"https:\/\/www.plastic-crates.com\/pt\/wp-json\/wp\/v2\/product"}],"about":[{"href":"https:\/\/www.plastic-crates.com\/pt\/wp-json\/wp\/v2\/types\/product"}],"wp:featuredmedia":[{"embeddable":true,"href":"https:\/\/www.plastic-crates.com\/pt\/wp-json\/wp\/v2\/media\/7143"}],"wp:attachment":[{"href":"https:\/\/www.plastic-crates.com\/pt\/wp-json\/wp\/v2\/media?parent=7142"}],"wp:term":[{"taxonomy":"product_brand","embeddable":true,"href":"https:\/\/www.plastic-crates.com\/pt\/wp-json\/wp\/v2\/product_brand?post=7142"},{"taxonomy":"product_cat","embeddable":true,"href":"https:\/\/www.plastic-crates.com\/pt\/wp-json\/wp\/v2\/product_cat?post=7142"},{"taxonomy":"product_tag","embeddable":true,"href":"https:\/\/www.plastic-crates.com\/pt\/wp-json\/wp\/v2\/product_tag?post=7142"}],"curies":[{"name":"wp","href":"https:\/\/api.w.org\/{rel}","templated":true}]}}