{"id":7180,"date":"2022-12-12T03:52:17","date_gmt":"2022-12-12T03:52:17","guid":{"rendered":"https:\/\/www.plastic-crates.com\/?post_type=product&#038;p=7180"},"modified":"2022-12-12T04:35:18","modified_gmt":"2022-12-12T04:35:18","slug":"recipiente-de-paletes-gaylord-de-plastico-hdpe-dobravel-de-polipropileno-pp","status":"publish","type":"product","link":"https:\/\/www.plastic-crates.com\/pt\/produto\/recipiente-de-paletes-gaylord-de-plastico-hdpe-dobravel-de-polipropileno-pp\/","title":{"rendered":"Recipiente de palete gaylord de pl\u00e1stico HDPE dobr\u00e1vel de polipropileno PP"},"content":{"rendered":"<div style=\"width: 960px;\" class=\"wp-video\"><!--[if lt IE 9]><script>document.createElement('video');<\/script><![endif]-->\n<video class=\"wp-video-shortcode\" id=\"video-7180-1\" width=\"960\" height=\"540\" preload=\"metadata\" controls=\"controls\"><source type=\"video\/mp4\" src=\"https:\/\/www.plastic-crates.com\/wp-content\/uploads\/2022\/12\/plastic-gaylord-pallet-container.mp4?_=1\" \/><a href=\"https:\/\/www.plastic-crates.com\/wp-content\/uploads\/2022\/12\/plastic-gaylord-pallet-container.mp4\">https:\/\/www.plastic-crates.com\/wp-content\/uploads\/2022\/12\/plastic-gaylord-pallet-container.mp4<\/a><\/video><\/div>\n<p>&nbsp;<\/p>\n<p>&nbsp;<\/p>\n<p><strong>Recipiente de paletes de pl\u00e1stico Gaylord<\/strong> tamanhos dispon\u00edveis<\/p>\n<table border=\"1\" width=\"510\">\n<tbody>\n<tr>\n<td height=\"19\" data-spm-anchor-id=\"a2700.details.0.i7.65943b7dW6kPoZ\">Modelo<\/td>\n<td height=\"19\">Di\u00e2metro externo<\/td>\n<td height=\"19\">Di\u00e2metro interno<\/td>\n<td height=\"19\">Peso do palete<\/td>\n<td height=\"19\">Peso da tampa<\/td>\n<td height=\"19\">Altura interna<\/td>\n<\/tr>\n<tr>\n<td height=\"19\">1<\/td>\n<td height=\"19\" data-spm-anchor-id=\"a2700.details.0.i37.65943b7dW6kPoZ\">1200&#215;1000<\/td>\n<td height=\"19\">1140&#215;940<\/td>\n<td height=\"19\">10 kg<\/td>\n<td height=\"19\">8 kg<\/td>\n<td rowspan=\"12\" height=\"228\" data-spm-anchor-id=\"a2700.details.0.i38.65943b7dW6kPoZ\">altura pode<br \/>\nser personalizado<\/td>\n<\/tr>\n<tr>\n<td height=\"19\">2<\/td>\n<td height=\"19\" data-spm-anchor-id=\"a2700.details.0.i8.65943b7dW6kPoZ\">1150&#215;985<\/td>\n<td height=\"19\">1106&#215;940<\/td>\n<td height=\"19\">10 kg<\/td>\n<td height=\"19\">8 kg<\/td>\n<\/tr>\n<tr>\n<td height=\"19\">3<\/td>\n<td height=\"19\">1200&#215;800<\/td>\n<td height=\"19\">1160&#215;760<\/td>\n<td height=\"19\">8,5 kg<\/td>\n<td height=\"19\">7,5 kg<\/td>\n<\/tr>\n<tr>\n<td height=\"19\">4<\/td>\n<td height=\"19\">1470X1150<\/td>\n<td height=\"19\">1400&#215;1070<\/td>\n<td height=\"19\">15 kg<\/td>\n<td height=\"19\">13 kg<\/td>\n<\/tr>\n<tr>\n<td height=\"19\">5<\/td>\n<td height=\"19\">1350&#215;1150<\/td>\n<td height=\"19\">1280&#215;1070<\/td>\n<td height=\"19\">14 kg<\/td>\n<td height=\"19\">12 kg<\/td>\n<\/tr>\n<tr>\n<td height=\"19\">6<\/td>\n<td height=\"19\">1150&#215;1150<\/td>\n<td height=\"19\">1105&#215;1105<\/td>\n<td height=\"19\">10,5 kg<\/td>\n<td height=\"19\">8,5 kg<\/td>\n<\/tr>\n<tr>\n<td height=\"19\">7<\/td>\n<td height=\"19\">1100&#215;1100<\/td>\n<td height=\"19\">1055&#215;1055<\/td>\n<td height=\"19\">10 kg<\/td>\n<td height=\"19\">8 kg<\/td>\n<\/tr>\n<tr>\n<td height=\"19\">8<\/td>\n<td height=\"19\">1200&#215;1150<\/td>\n<td height=\"19\">1160&#215;1080<\/td>\n<td height=\"19\">12 kg<\/td>\n<td height=\"19\">10 kg<\/td>\n<\/tr>\n<tr>\n<td height=\"19\">9<\/td>\n<td height=\"19\">1600&#215;1150<\/td>\n<td height=\"19\">1540&#215;1080<\/td>\n<td height=\"19\">18,5 kg<\/td>\n<td height=\"19\">12,5 kg<\/td>\n<\/tr>\n<tr>\n<td height=\"19\">10<\/td>\n<td height=\"19\">2070&#215;1150<\/td>\n<td height=\"19\">2000&#215;1080<\/td>\n<td height=\"19\">30 kg<\/td>\n<td height=\"19\">16 kg<\/td>\n<\/tr>\n<tr>\n<td height=\"19\">11<\/td>\n<td height=\"19\">820&#215;600<\/td>\n<td height=\"19\" data-spm-anchor-id=\"a2700.details.0.i9.65943b7dW6kPoZ\">760&#215;560<\/td>\n<td height=\"19\">6 kg<\/td>\n<td height=\"19\">5 kg<\/td>\n<\/tr>\n<tr>\n<td height=\"19\">12<\/td>\n<td height=\"19\">1100&#215;1000<\/td>\n<td height=\"19\">1050&#215;950<\/td>\n<td height=\"19\">10 kg<\/td>\n<td height=\"19\">7,5 kg<\/td>\n<\/tr>\n<\/tbody>\n<\/table>\n<p>&nbsp;<\/p>\n<p><strong>Vantagens:<\/strong><\/p>\n<ul>\n<li>caixas gaylord de pl\u00e1stico leves e est\u00e1veis<\/li>\n<li>dobr\u00e1vel e desmont\u00e1vel<\/li>\n<li>caixa gaylord reduzida a apenas 20% de seu volume em troca<\/li>\n<li>at\u00e9 80% redu\u00e7\u00e3o dos custos de transporte<\/li>\n<li>caixa de paletes de pl\u00e1stico com tampa e palete construir uma unidade fechada<\/li>\n<li>transporte seguro, limpo e eficiente garantido<\/li>\n<li>resistente \u00e0s intemp\u00e9ries<\/li>\n<li>muito robusto<\/li>\n<li>f\u00e1cil de limpar<\/li>\n<\/ul>\n<p><strong>Caracter\u00edstica do cont\u00eainer de paletes de pl\u00e1stico Gaylord<\/strong><\/p>\n<p><img loading=\"lazy\" decoding=\"async\" class=\"alignnone wp-image-7189 size-full\" src=\"https:\/\/www.plastic-crates.com\/wp-content\/uploads\/2022\/12\/plastic-gaylord-pallet-container-feature-1.jpg\" alt=\"recurso de cont\u00eainer de paletes de pl\u00e1stico gaylord\" width=\"750\" height=\"506\" srcset=\"https:\/\/www.plastic-crates.com\/wp-content\/uploads\/2022\/12\/plastic-gaylord-pallet-container-feature-1.jpg 750w, https:\/\/www.plastic-crates.com\/wp-content\/uploads\/2022\/12\/plastic-gaylord-pallet-container-feature-1-300x202.jpg 300w, https:\/\/www.plastic-crates.com\/wp-content\/uploads\/2022\/12\/plastic-gaylord-pallet-container-feature-1-600x405.jpg 600w\" sizes=\"auto, (max-width: 750px) 100vw, 750px\" \/> <img loading=\"lazy\" decoding=\"async\" class=\"alignnone size-full wp-image-7190\" src=\"https:\/\/www.plastic-crates.com\/wp-content\/uploads\/2022\/12\/plastic-gaylord-pallet-container-feature-2.jpg\" alt=\"recurso de cont\u00eainer de paletes de pl\u00e1stico gaylord\" width=\"750\" height=\"747\" srcset=\"https:\/\/www.plastic-crates.com\/wp-content\/uploads\/2022\/12\/plastic-gaylord-pallet-container-feature-2.jpg 750w, https:\/\/www.plastic-crates.com\/wp-content\/uploads\/2022\/12\/plastic-gaylord-pallet-container-feature-2-300x300.jpg 300w, https:\/\/www.plastic-crates.com\/wp-content\/uploads\/2022\/12\/plastic-gaylord-pallet-container-feature-2-150x150.jpg 150w, https:\/\/www.plastic-crates.com\/wp-content\/uploads\/2022\/12\/plastic-gaylord-pallet-container-feature-2-600x598.jpg 600w, https:\/\/www.plastic-crates.com\/wp-content\/uploads\/2022\/12\/plastic-gaylord-pallet-container-feature-2-100x100.jpg 100w\" sizes=\"auto, (max-width: 750px) 100vw, 750px\" \/> <img loading=\"lazy\" decoding=\"async\" class=\"alignnone size-full wp-image-7191\" src=\"https:\/\/www.plastic-crates.com\/wp-content\/uploads\/2022\/12\/plastic-gaylord-pallet-container-feature-3.jpg\" alt=\"recurso de cont\u00eainer de paletes de pl\u00e1stico gaylord\" width=\"750\" height=\"615\" srcset=\"https:\/\/www.plastic-crates.com\/wp-content\/uploads\/2022\/12\/plastic-gaylord-pallet-container-feature-3.jpg 750w, https:\/\/www.plastic-crates.com\/wp-content\/uploads\/2022\/12\/plastic-gaylord-pallet-container-feature-3-300x246.jpg 300w, https:\/\/www.plastic-crates.com\/wp-content\/uploads\/2022\/12\/plastic-gaylord-pallet-container-feature-3-600x492.jpg 600w\" sizes=\"auto, (max-width: 750px) 100vw, 750px\" \/><\/p>\n<p>&nbsp;<\/p>\n<p><img loading=\"lazy\" decoding=\"async\" class=\"alignnone size-full wp-image-7192\" src=\"https:\/\/www.plastic-crates.com\/wp-content\/uploads\/2022\/12\/plastic-gaylord-pallet-container-packaging-shipping.jpg\" alt=\"embalagem de cont\u00eainer de paletes de pl\u00e1stico gaylord para transporte\" width=\"750\" height=\"604\" srcset=\"https:\/\/www.plastic-crates.com\/wp-content\/uploads\/2022\/12\/plastic-gaylord-pallet-container-packaging-shipping.jpg 750w, https:\/\/www.plastic-crates.com\/wp-content\/uploads\/2022\/12\/plastic-gaylord-pallet-container-packaging-shipping-300x242.jpg 300w, https:\/\/www.plastic-crates.com\/wp-content\/uploads\/2022\/12\/plastic-gaylord-pallet-container-packaging-shipping-600x483.jpg 600w\" sizes=\"auto, (max-width: 750px) 100vw, 750px\" \/><\/p>","protected":false},"excerpt":{"rendered":"<div><a href=\"https:\/\/www.plastic-crates.com\/pt\/categoria+de+produto\/recipientes-empilhaveis\/\" target=\"_blank\" rel=\"noopener noreferrer\">recipientes de armazenamento de pl\u00e1stico<\/a>,<a href=\"https:\/\/www.plastic-crates.com\/pt\/categoria+de+produto\/conteiner-de-paletes\/\" target=\"_blank\" rel=\"noopener noreferrer\">cont\u00eaineres de paletes empilh\u00e1veis<\/a>,<a href=\"https:\/\/www.plastic-crate.co.uk\/product-tag\/ifco-crates-for-sale\/\" target=\"_blank\" rel=\"noopener noreferrer\">Caixas de pl\u00e1stico ifco<\/a>,<a href=\"https:\/\/www.plastic-crates.com\/pt\/categoria+de+produto\/sacolas-com-tampas\/\" target=\"_blank\" rel=\"noopener noreferrer\">sacolas pl\u00e1sticas em promo\u00e7\u00e3o<\/a><\/div>","protected":false},"featured_media":7185,"template":"","meta":{"_acf_changed":false},"product_brand":[],"product_cat":[14],"product_tag":[91,89,88,138,139],"class_list":{"0":"post-7180","1":"product","2":"type-product","3":"status-publish","4":"has-post-thumbnail","6":"product_cat-pallet-container","7":"product_tag-collapsible-plastic-pallet-box","8":"product_tag-corrugated-pallet-box","9":"product_tag-foldable-coaming-box","10":"product_tag-pallet-sleeve-box","11":"product_tag-plastic-gaylord-box-reusable-plastic-gaylord-pallet-container","13":"first","14":"instock","15":"product-type-simple"},"acf":[],"yoast_head":"<!-- This site is optimized with the Yoast SEO plugin v26.1.1 - https:\/\/yoast.com\/wordpress\/plugins\/seo\/ -->\n<title>Plastic gaylord pallet container supplier wholesale &amp; Factory Price<\/title>\n<meta name=\"description\" content=\"Wholesale plastic gaylord pallet container supplier, Dimensions(L*W*H):1200 * 1000 mm, height can be customized, plastic gaylord box for sale\" \/>\n<meta name=\"robots\" content=\"index, follow, max-snippet:-1, max-image-preview:large, max-video-preview:-1\" \/>\n<link rel=\"canonical\" href=\"https:\/\/www.plastic-crates.com\/pt\/produto\/recipiente-de-paletes-gaylord-de-plastico-hdpe-dobravel-de-polipropileno-pp\/\" \/>\n<meta property=\"og:locale\" content=\"pt_PT\" \/>\n<meta property=\"og:type\" content=\"article\" \/>\n<meta property=\"og:title\" content=\"collapsible plastic pallet box fast supplier\" \/>\n<meta property=\"og:description\" content=\"Wholesale plastic gaylord pallet container supplier, Dimensions(L*W*H):1200 * 1000 mm, height can be customized, plastic gaylord box for sale\" \/>\n<meta property=\"og:url\" content=\"https:\/\/www.plastic-crates.com\/pt\/produto\/recipiente-de-paletes-gaylord-de-plastico-hdpe-dobravel-de-polipropileno-pp\/\" \/>\n<meta property=\"og:site_name\" content=\"plastic-crates.com\" \/>\n<meta property=\"article:modified_time\" content=\"2022-12-12T04:35:18+00:00\" \/>\n<meta property=\"og:image\" content=\"https:\/\/www.plastic-crates.com\/wp-content\/uploads\/2022\/12\/plastic-gaylord-pallet-container-e.jpg\" \/>\n\t<meta property=\"og:image:width\" content=\"750\" \/>\n\t<meta property=\"og:image:height\" content=\"750\" \/>\n\t<meta property=\"og:image:type\" content=\"image\/jpeg\" \/>\n<meta name=\"twitter:card\" content=\"summary_large_image\" \/>\n<meta name=\"twitter:title\" content=\"collapsible plastic pallet box fast supplier\" \/>\n<meta name=\"twitter:label1\" content=\"Tempo estimado de leitura\" \/>\n\t<meta name=\"twitter:data1\" content=\"1 minuto\" \/>\n<script type=\"application\/ld+json\" class=\"yoast-schema-graph\">{\"@context\":\"https:\/\/schema.org\",\"@graph\":[{\"@type\":\"WebPage\",\"@id\":\"https:\/\/www.plastic-crates.com\/product\/polypropylene-pp-collapsible-hdpe-plastic-gaylord-pallet-container\/\",\"url\":\"https:\/\/www.plastic-crates.com\/product\/polypropylene-pp-collapsible-hdpe-plastic-gaylord-pallet-container\/\",\"name\":\"Plastic gaylord pallet container supplier wholesale & Factory Price\",\"isPartOf\":{\"@id\":\"https:\/\/www.plastic-crates.com\/#website\"},\"primaryImageOfPage\":{\"@id\":\"https:\/\/www.plastic-crates.com\/product\/polypropylene-pp-collapsible-hdpe-plastic-gaylord-pallet-container\/#primaryimage\"},\"image\":{\"@id\":\"https:\/\/www.plastic-crates.com\/product\/polypropylene-pp-collapsible-hdpe-plastic-gaylord-pallet-container\/#primaryimage\"},\"thumbnailUrl\":\"https:\/\/www.plastic-crates.com\/wp-content\/uploads\/2022\/12\/plastic-gaylord-pallet-container-e.jpg\",\"datePublished\":\"2022-12-12T03:52:17+00:00\",\"dateModified\":\"2022-12-12T04:35:18+00:00\",\"description\":\"Wholesale plastic gaylord pallet container supplier, Dimensions(L*W*H):1200 * 1000 mm, height can be customized, plastic gaylord box for sale\",\"breadcrumb\":{\"@id\":\"https:\/\/www.plastic-crates.com\/product\/polypropylene-pp-collapsible-hdpe-plastic-gaylord-pallet-container\/#breadcrumb\"},\"inLanguage\":\"pt-PT\",\"potentialAction\":[{\"@type\":\"ReadAction\",\"target\":[\"https:\/\/www.plastic-crates.com\/product\/polypropylene-pp-collapsible-hdpe-plastic-gaylord-pallet-container\/\"]}]},{\"@type\":\"ImageObject\",\"inLanguage\":\"pt-PT\",\"@id\":\"https:\/\/www.plastic-crates.com\/product\/polypropylene-pp-collapsible-hdpe-plastic-gaylord-pallet-container\/#primaryimage\",\"url\":\"https:\/\/www.plastic-crates.com\/wp-content\/uploads\/2022\/12\/plastic-gaylord-pallet-container-e.jpg\",\"contentUrl\":\"https:\/\/www.plastic-crates.com\/wp-content\/uploads\/2022\/12\/plastic-gaylord-pallet-container-e.jpg\",\"width\":750,\"height\":750,\"caption\":\"plastic gaylord pallet container\"},{\"@type\":\"BreadcrumbList\",\"@id\":\"https:\/\/www.plastic-crates.com\/product\/polypropylene-pp-collapsible-hdpe-plastic-gaylord-pallet-container\/#breadcrumb\",\"itemListElement\":[{\"@type\":\"ListItem\",\"position\":1,\"name\":\"Home\",\"item\":\"https:\/\/www.plastic-crates.com\/\"},{\"@type\":\"ListItem\",\"position\":2,\"name\":\"Products\",\"item\":\"https:\/\/www.plastic-crates.com\/shop\/\"},{\"@type\":\"ListItem\",\"position\":3,\"name\":\"Polypropylene PP collapsible hdpe plastic gaylord pallet container\"}]},{\"@type\":\"WebSite\",\"@id\":\"https:\/\/www.plastic-crates.com\/#website\",\"url\":\"https:\/\/www.plastic-crates.com\/\",\"name\":\"plastic-crates.com\",\"description\":\"Leading plastic crates manufacturer in China\",\"potentialAction\":[{\"@type\":\"SearchAction\",\"target\":{\"@type\":\"EntryPoint\",\"urlTemplate\":\"https:\/\/www.plastic-crates.com\/?s={search_term_string}\"},\"query-input\":{\"@type\":\"PropertyValueSpecification\",\"valueRequired\":true,\"valueName\":\"search_term_string\"}}],\"inLanguage\":\"pt-PT\"}]}<\/script>\n<!-- \/ Yoast SEO plugin. -->","yoast_head_json":{"title":"Fornecedor de cont\u00eaineres de paletes de pl\u00e1stico Gaylord por atacado e pre\u00e7o de f\u00e1brica","description":"Fornecedor atacadista de cont\u00eaineres de paletes de pl\u00e1stico gaylord, dimens\u00f5es (C*L*A): 1200 * 1000 mm, altura pode ser personalizada, caixa de pl\u00e1stico gaylord para venda","robots":{"index":"index","follow":"follow","max-snippet":"max-snippet:-1","max-image-preview":"max-image-preview:large","max-video-preview":"max-video-preview:-1"},"canonical":"https:\/\/www.plastic-crates.com\/pt\/produto\/recipiente-de-paletes-gaylord-de-plastico-hdpe-dobravel-de-polipropileno-pp\/","og_locale":"pt_PT","og_type":"article","og_title":"collapsible plastic pallet box fast supplier","og_description":"Wholesale plastic gaylord pallet container supplier, Dimensions(L*W*H):1200 * 1000 mm, height can be customized, plastic gaylord box for sale","og_url":"https:\/\/www.plastic-crates.com\/pt\/produto\/recipiente-de-paletes-gaylord-de-plastico-hdpe-dobravel-de-polipropileno-pp\/","og_site_name":"plastic-crates.com","article_modified_time":"2022-12-12T04:35:18+00:00","og_image":[{"width":750,"height":750,"url":"https:\/\/www.plastic-crates.com\/wp-content\/uploads\/2022\/12\/plastic-gaylord-pallet-container-e.jpg","type":"image\/jpeg"}],"twitter_card":"summary_large_image","twitter_title":"collapsible plastic pallet box fast supplier","twitter_misc":{"Tempo estimado de leitura":"1 minuto"},"schema":{"@context":"https:\/\/schema.org","@graph":[{"@type":"WebPage","@id":"https:\/\/www.plastic-crates.com\/product\/polypropylene-pp-collapsible-hdpe-plastic-gaylord-pallet-container\/","url":"https:\/\/www.plastic-crates.com\/product\/polypropylene-pp-collapsible-hdpe-plastic-gaylord-pallet-container\/","name":"Fornecedor de cont\u00eaineres de paletes de pl\u00e1stico Gaylord por atacado e pre\u00e7o de f\u00e1brica","isPartOf":{"@id":"https:\/\/www.plastic-crates.com\/#website"},"primaryImageOfPage":{"@id":"https:\/\/www.plastic-crates.com\/product\/polypropylene-pp-collapsible-hdpe-plastic-gaylord-pallet-container\/#primaryimage"},"image":{"@id":"https:\/\/www.plastic-crates.com\/product\/polypropylene-pp-collapsible-hdpe-plastic-gaylord-pallet-container\/#primaryimage"},"thumbnailUrl":"https:\/\/www.plastic-crates.com\/wp-content\/uploads\/2022\/12\/plastic-gaylord-pallet-container-e.jpg","datePublished":"2022-12-12T03:52:17+00:00","dateModified":"2022-12-12T04:35:18+00:00","description":"Fornecedor atacadista de cont\u00eaineres de paletes de pl\u00e1stico gaylord, dimens\u00f5es (C*L*A): 1200 * 1000 mm, altura pode ser personalizada, caixa de pl\u00e1stico gaylord para venda","breadcrumb":{"@id":"https:\/\/www.plastic-crates.com\/product\/polypropylene-pp-collapsible-hdpe-plastic-gaylord-pallet-container\/#breadcrumb"},"inLanguage":"pt-PT","potentialAction":[{"@type":"ReadAction","target":["https:\/\/www.plastic-crates.com\/product\/polypropylene-pp-collapsible-hdpe-plastic-gaylord-pallet-container\/"]}]},{"@type":"ImageObject","inLanguage":"pt-PT","@id":"https:\/\/www.plastic-crates.com\/product\/polypropylene-pp-collapsible-hdpe-plastic-gaylord-pallet-container\/#primaryimage","url":"https:\/\/www.plastic-crates.com\/wp-content\/uploads\/2022\/12\/plastic-gaylord-pallet-container-e.jpg","contentUrl":"https:\/\/www.plastic-crates.com\/wp-content\/uploads\/2022\/12\/plastic-gaylord-pallet-container-e.jpg","width":750,"height":750,"caption":"plastic gaylord pallet container"},{"@type":"BreadcrumbList","@id":"https:\/\/www.plastic-crates.com\/product\/polypropylene-pp-collapsible-hdpe-plastic-gaylord-pallet-container\/#breadcrumb","itemListElement":[{"@type":"ListItem","position":1,"name":"Home","item":"https:\/\/www.plastic-crates.com\/"},{"@type":"ListItem","position":2,"name":"Products","item":"https:\/\/www.plastic-crates.com\/shop\/"},{"@type":"ListItem","position":3,"name":"Polypropylene PP collapsible hdpe plastic gaylord pallet container"}]},{"@type":"WebSite","@id":"https:\/\/www.plastic-crates.com\/#website","url":"https:\/\/www.plastic-crates.com\/","name":"plastic-crates.com","description":"Fabricante l\u00edder de caixas pl\u00e1sticas na China","potentialAction":[{"@type":"SearchAction","target":{"@type":"EntryPoint","urlTemplate":"https:\/\/www.plastic-crates.com\/?s={search_term_string}"},"query-input":{"@type":"PropertyValueSpecification","valueRequired":true,"valueName":"search_term_string"}}],"inLanguage":"pt-PT"}]}},"_links":{"self":[{"href":"https:\/\/www.plastic-crates.com\/pt\/wp-json\/wp\/v2\/product\/7180","targetHints":{"allow":["GET"]}}],"collection":[{"href":"https:\/\/www.plastic-crates.com\/pt\/wp-json\/wp\/v2\/product"}],"about":[{"href":"https:\/\/www.plastic-crates.com\/pt\/wp-json\/wp\/v2\/types\/product"}],"wp:featuredmedia":[{"embeddable":true,"href":"https:\/\/www.plastic-crates.com\/pt\/wp-json\/wp\/v2\/media\/7185"}],"wp:attachment":[{"href":"https:\/\/www.plastic-crates.com\/pt\/wp-json\/wp\/v2\/media?parent=7180"}],"wp:term":[{"taxonomy":"product_brand","embeddable":true,"href":"https:\/\/www.plastic-crates.com\/pt\/wp-json\/wp\/v2\/product_brand?post=7180"},{"taxonomy":"product_cat","embeddable":true,"href":"https:\/\/www.plastic-crates.com\/pt\/wp-json\/wp\/v2\/product_cat?post=7180"},{"taxonomy":"product_tag","embeddable":true,"href":"https:\/\/www.plastic-crates.com\/pt\/wp-json\/wp\/v2\/product_tag?post=7180"}],"curies":[{"name":"wp","href":"https:\/\/api.w.org\/{rel}","templated":true}]}}