{"id":7269,"date":"2023-10-29T14:41:52","date_gmt":"2023-10-29T14:41:52","guid":{"rendered":"https:\/\/www.plastic-crates.com\/?post_type=product&#038;p=7269"},"modified":"2023-10-29T14:42:01","modified_gmt":"2023-10-29T14:42:01","slug":"caixa-de-armazenamento-de-plastico-transparente-de-20-litros-com-tampa-e-alca","status":"publish","type":"product","link":"https:\/\/www.plastic-crates.com\/pt\/produto\/caixa-de-armazenamento-de-plastico-transparente-de-20-litros-com-tampa-e-alca\/","title":{"rendered":"Caixas transparentes de 20L com tampa, caixa de armazenamento de pl\u00e1stico com al\u00e7a"},"content":{"rendered":"<p>O design transparente permite que voc\u00ea d\u00ea uma olhada no conte\u00fado sem precisar abrir a tampa, e o design empilh\u00e1vel facilita o uso de v\u00e1rios recipientes para um sistema de armazenamento completo.<\/p>\n<h4>Caracter\u00edsticas dos recipientes de pl\u00e1stico transparente<\/h4>\n<ul>\n<li>Mantenha salas de jogos, quartos e arm\u00e1rios organizados com essas caixas de armazenamento<\/li>\n<li>A base e a tampa de pl\u00e1stico transparente ajudam a identificar facilmente o conte\u00fado<\/li>\n<li>A trava se encaixa facilmente no lugar para proteger os documentos<\/li>\n<li>Empilh\u00e1vel com outras caixas Stack &amp; Pull<\/li>\n<\/ul>\n<p><img loading=\"lazy\" decoding=\"async\" class=\"alignnone size-full wp-image-5038\" src=\"https:\/\/cdn.plastic-crates.com\/wp-content\/uploads\/2022\/08\/12L-clear-plastic-containers-detail-1.jpg\" alt=\"Detalhe dos recipientes de pl\u00e1stico transparente de 12L\" width=\"750\" height=\"1059\" \/><\/p>\n<p>&nbsp;<\/p>\n<p><img loading=\"lazy\" decoding=\"async\" class=\"alignnone size-full wp-image-5040\" src=\"https:\/\/cdn.plastic-crates.com\/wp-content\/uploads\/2022\/08\/12L-clear-plastic-containers-shipping.jpg\" alt=\"Detalhes de envio de recipientes pl\u00e1sticos transparentes de 12L\" width=\"750\" height=\"1039\" \/><\/p>","protected":false},"excerpt":{"rendered":"<p>O design transparente permite que voc\u00ea d\u00ea uma olhada no conte\u00fado sem precisar abrir a tampa, e o design empilh\u00e1vel torna\u2026<\/p>","protected":false},"featured_media":7284,"template":"","meta":{"_acf_changed":false},"product_brand":[],"product_cat":[140],"product_tag":[],"class_list":{"0":"post-7269","1":"product","2":"type-product","3":"status-publish","4":"has-post-thumbnail","6":"product_cat-clear-plastic-totes","8":"first","9":"instock","10":"shipping-taxable","11":"product-type-simple"},"acf":[],"yoast_head":"<!-- This site is optimized with the Yoast SEO plugin v26.1.1 - https:\/\/yoast.com\/wordpress\/plugins\/seo\/ -->\n<title>20L clear totes with lids, plastic storage box with handle - plastic-crates.com<\/title>\n<meta name=\"description\" content=\"Wholesale 20L clear totes with lids, clear plastic storage box with handle, cheap clear storage totes supplier\" \/>\n<meta name=\"robots\" content=\"index, follow, max-snippet:-1, max-image-preview:large, max-video-preview:-1\" \/>\n<link rel=\"canonical\" href=\"https:\/\/www.plastic-crates.com\/pt\/produto\/caixa-de-armazenamento-de-plastico-transparente-de-20-litros-com-tampa-e-alca\/\" \/>\n<meta property=\"og:locale\" content=\"pt_PT\" \/>\n<meta property=\"og:type\" content=\"article\" \/>\n<meta property=\"og:title\" content=\"20L clear totes with lids, plastic storage box with handle - plastic-crates.com\" \/>\n<meta property=\"og:description\" content=\"Wholesale 20L clear totes with lids, clear plastic storage box with handle, cheap clear storage totes supplier\" \/>\n<meta property=\"og:url\" content=\"https:\/\/www.plastic-crates.com\/pt\/produto\/caixa-de-armazenamento-de-plastico-transparente-de-20-litros-com-tampa-e-alca\/\" \/>\n<meta property=\"og:site_name\" content=\"plastic-crates.com\" \/>\n<meta property=\"article:modified_time\" content=\"2023-10-29T14:42:01+00:00\" \/>\n<meta property=\"og:image\" content=\"https:\/\/www.plastic-tote.com\/wp-content\/uploads\/2022\/07\/12L-clear-plastic-containers-detail-1.jpg\" \/>\n<meta name=\"twitter:card\" content=\"summary_large_image\" \/>\n<meta name=\"twitter:label1\" content=\"Tempo estimado de leitura\" \/>\n\t<meta name=\"twitter:data1\" content=\"1 minuto\" \/>\n<script type=\"application\/ld+json\" class=\"yoast-schema-graph\">{\"@context\":\"https:\/\/schema.org\",\"@graph\":[{\"@type\":\"WebPage\",\"@id\":\"https:\/\/www.plastic-crates.com\/product\/20l-clear-totes-with-lids-plastic-storage-box-with-handle\/\",\"url\":\"https:\/\/www.plastic-crates.com\/product\/20l-clear-totes-with-lids-plastic-storage-box-with-handle\/\",\"name\":\"20L clear totes with lids, plastic storage box with handle - plastic-crates.com\",\"isPartOf\":{\"@id\":\"https:\/\/www.plastic-crates.com\/#website\"},\"primaryImageOfPage\":{\"@id\":\"https:\/\/www.plastic-crates.com\/product\/20l-clear-totes-with-lids-plastic-storage-box-with-handle\/#primaryimage\"},\"image\":{\"@id\":\"https:\/\/www.plastic-crates.com\/product\/20l-clear-totes-with-lids-plastic-storage-box-with-handle\/#primaryimage\"},\"thumbnailUrl\":\"https:\/\/www.plastic-crates.com\/wp-content\/uploads\/2023\/10\/20L-clear-totes-with-lids-1.jpg\",\"datePublished\":\"2023-10-29T14:41:52+00:00\",\"dateModified\":\"2023-10-29T14:42:01+00:00\",\"description\":\"Wholesale 20L clear totes with lids, clear plastic storage box with handle, cheap clear storage totes supplier\",\"breadcrumb\":{\"@id\":\"https:\/\/www.plastic-crates.com\/product\/20l-clear-totes-with-lids-plastic-storage-box-with-handle\/#breadcrumb\"},\"inLanguage\":\"pt-PT\",\"potentialAction\":[{\"@type\":\"ReadAction\",\"target\":[\"https:\/\/www.plastic-crates.com\/product\/20l-clear-totes-with-lids-plastic-storage-box-with-handle\/\"]}]},{\"@type\":\"ImageObject\",\"inLanguage\":\"pt-PT\",\"@id\":\"https:\/\/www.plastic-crates.com\/product\/20l-clear-totes-with-lids-plastic-storage-box-with-handle\/#primaryimage\",\"url\":\"https:\/\/www.plastic-crates.com\/wp-content\/uploads\/2023\/10\/20L-clear-totes-with-lids-1.jpg\",\"contentUrl\":\"https:\/\/www.plastic-crates.com\/wp-content\/uploads\/2023\/10\/20L-clear-totes-with-lids-1.jpg\",\"width\":820,\"height\":650},{\"@type\":\"BreadcrumbList\",\"@id\":\"https:\/\/www.plastic-crates.com\/product\/20l-clear-totes-with-lids-plastic-storage-box-with-handle\/#breadcrumb\",\"itemListElement\":[{\"@type\":\"ListItem\",\"position\":1,\"name\":\"Home\",\"item\":\"https:\/\/www.plastic-crates.com\/\"},{\"@type\":\"ListItem\",\"position\":2,\"name\":\"Products\",\"item\":\"https:\/\/www.plastic-crates.com\/shop\/\"},{\"@type\":\"ListItem\",\"position\":3,\"name\":\"20L clear totes with lids, plastic storage box with handle\"}]},{\"@type\":\"WebSite\",\"@id\":\"https:\/\/www.plastic-crates.com\/#website\",\"url\":\"https:\/\/www.plastic-crates.com\/\",\"name\":\"plastic-crates.com\",\"description\":\"Leading plastic crates manufacturer in China\",\"potentialAction\":[{\"@type\":\"SearchAction\",\"target\":{\"@type\":\"EntryPoint\",\"urlTemplate\":\"https:\/\/www.plastic-crates.com\/?s={search_term_string}\"},\"query-input\":{\"@type\":\"PropertyValueSpecification\",\"valueRequired\":true,\"valueName\":\"search_term_string\"}}],\"inLanguage\":\"pt-PT\"}]}<\/script>\n<!-- \/ Yoast SEO plugin. -->","yoast_head_json":{"title":"Caixas transparentes de 20 litros com tampa, caixa de armazenamento de pl\u00e1stico com al\u00e7a - plastic-crates.com","description":"Atacado de caixas transparentes de 20L com tampas, caixa de armazenamento de pl\u00e1stico transparente com al\u00e7a, fornecedor de caixas de armazenamento transparentes baratas","robots":{"index":"index","follow":"follow","max-snippet":"max-snippet:-1","max-image-preview":"max-image-preview:large","max-video-preview":"max-video-preview:-1"},"canonical":"https:\/\/www.plastic-crates.com\/pt\/produto\/caixa-de-armazenamento-de-plastico-transparente-de-20-litros-com-tampa-e-alca\/","og_locale":"pt_PT","og_type":"article","og_title":"20L clear totes with lids, plastic storage box with handle - plastic-crates.com","og_description":"Wholesale 20L clear totes with lids, clear plastic storage box with handle, cheap clear storage totes supplier","og_url":"https:\/\/www.plastic-crates.com\/pt\/produto\/caixa-de-armazenamento-de-plastico-transparente-de-20-litros-com-tampa-e-alca\/","og_site_name":"plastic-crates.com","article_modified_time":"2023-10-29T14:42:01+00:00","og_image":[{"url":"https:\/\/www.plastic-tote.com\/wp-content\/uploads\/2022\/07\/12L-clear-plastic-containers-detail-1.jpg","type":"","width":"","height":""}],"twitter_card":"summary_large_image","twitter_misc":{"Tempo estimado de leitura":"1 minuto"},"schema":{"@context":"https:\/\/schema.org","@graph":[{"@type":"WebPage","@id":"https:\/\/www.plastic-crates.com\/product\/20l-clear-totes-with-lids-plastic-storage-box-with-handle\/","url":"https:\/\/www.plastic-crates.com\/product\/20l-clear-totes-with-lids-plastic-storage-box-with-handle\/","name":"Caixas transparentes de 20 litros com tampa, caixa de armazenamento de pl\u00e1stico com al\u00e7a - plastic-crates.com","isPartOf":{"@id":"https:\/\/www.plastic-crates.com\/#website"},"primaryImageOfPage":{"@id":"https:\/\/www.plastic-crates.com\/product\/20l-clear-totes-with-lids-plastic-storage-box-with-handle\/#primaryimage"},"image":{"@id":"https:\/\/www.plastic-crates.com\/product\/20l-clear-totes-with-lids-plastic-storage-box-with-handle\/#primaryimage"},"thumbnailUrl":"https:\/\/www.plastic-crates.com\/wp-content\/uploads\/2023\/10\/20L-clear-totes-with-lids-1.jpg","datePublished":"2023-10-29T14:41:52+00:00","dateModified":"2023-10-29T14:42:01+00:00","description":"Atacado de caixas transparentes de 20L com tampas, caixa de armazenamento de pl\u00e1stico transparente com al\u00e7a, fornecedor de caixas de armazenamento transparentes baratas","breadcrumb":{"@id":"https:\/\/www.plastic-crates.com\/product\/20l-clear-totes-with-lids-plastic-storage-box-with-handle\/#breadcrumb"},"inLanguage":"pt-PT","potentialAction":[{"@type":"ReadAction","target":["https:\/\/www.plastic-crates.com\/product\/20l-clear-totes-with-lids-plastic-storage-box-with-handle\/"]}]},{"@type":"ImageObject","inLanguage":"pt-PT","@id":"https:\/\/www.plastic-crates.com\/product\/20l-clear-totes-with-lids-plastic-storage-box-with-handle\/#primaryimage","url":"https:\/\/www.plastic-crates.com\/wp-content\/uploads\/2023\/10\/20L-clear-totes-with-lids-1.jpg","contentUrl":"https:\/\/www.plastic-crates.com\/wp-content\/uploads\/2023\/10\/20L-clear-totes-with-lids-1.jpg","width":820,"height":650},{"@type":"BreadcrumbList","@id":"https:\/\/www.plastic-crates.com\/product\/20l-clear-totes-with-lids-plastic-storage-box-with-handle\/#breadcrumb","itemListElement":[{"@type":"ListItem","position":1,"name":"Home","item":"https:\/\/www.plastic-crates.com\/"},{"@type":"ListItem","position":2,"name":"Products","item":"https:\/\/www.plastic-crates.com\/shop\/"},{"@type":"ListItem","position":3,"name":"20L clear totes with lids, plastic storage box with handle"}]},{"@type":"WebSite","@id":"https:\/\/www.plastic-crates.com\/#website","url":"https:\/\/www.plastic-crates.com\/","name":"plastic-crates.com","description":"Fabricante l\u00edder de caixas pl\u00e1sticas na China","potentialAction":[{"@type":"SearchAction","target":{"@type":"EntryPoint","urlTemplate":"https:\/\/www.plastic-crates.com\/?s={search_term_string}"},"query-input":{"@type":"PropertyValueSpecification","valueRequired":true,"valueName":"search_term_string"}}],"inLanguage":"pt-PT"}]}},"_links":{"self":[{"href":"https:\/\/www.plastic-crates.com\/pt\/wp-json\/wp\/v2\/product\/7269","targetHints":{"allow":["GET"]}}],"collection":[{"href":"https:\/\/www.plastic-crates.com\/pt\/wp-json\/wp\/v2\/product"}],"about":[{"href":"https:\/\/www.plastic-crates.com\/pt\/wp-json\/wp\/v2\/types\/product"}],"wp:featuredmedia":[{"embeddable":true,"href":"https:\/\/www.plastic-crates.com\/pt\/wp-json\/wp\/v2\/media\/7284"}],"wp:attachment":[{"href":"https:\/\/www.plastic-crates.com\/pt\/wp-json\/wp\/v2\/media?parent=7269"}],"wp:term":[{"taxonomy":"product_brand","embeddable":true,"href":"https:\/\/www.plastic-crates.com\/pt\/wp-json\/wp\/v2\/product_brand?post=7269"},{"taxonomy":"product_cat","embeddable":true,"href":"https:\/\/www.plastic-crates.com\/pt\/wp-json\/wp\/v2\/product_cat?post=7269"},{"taxonomy":"product_tag","embeddable":true,"href":"https:\/\/www.plastic-crates.com\/pt\/wp-json\/wp\/v2\/product_tag?post=7269"}],"curies":[{"name":"wp","href":"https:\/\/api.w.org\/{rel}","templated":true}]}}