{"id":7274,"date":"2023-10-29T14:41:53","date_gmt":"2023-10-29T14:41:53","guid":{"rendered":"https:\/\/www.plastic-crates.com\/?post_type=product&#038;p=7274"},"modified":"2023-11-24T03:07:26","modified_gmt":"2023-11-24T03:07:26","slug":"caixas-transparentes-para-guardar-roupas-de-10-litros-com-tampa","status":"publish","type":"product","link":"https:\/\/www.plastic-crates.com\/pt\/produto\/caixas-transparentes-para-guardar-roupas-de-10-litros-com-tampa\/","title":{"rendered":"Caixas transparentes para armazenamento de roupas de 10L com tampas"},"content":{"rendered":"<p>O design transparente permite que voc\u00ea d\u00ea uma olhada no conte\u00fado sem precisar abrir a tampa, e o design empilh\u00e1vel facilita o uso de v\u00e1rios recipientes para um sistema de armazenamento completo.<\/p>\n<div style=\"width: 960px;\" class=\"wp-video\"><!--[if lt IE 9]><script>document.createElement('video');<\/script><![endif]-->\n<video class=\"wp-video-shortcode\" id=\"video-7274-1\" width=\"960\" height=\"540\" preload=\"metadata\" controls=\"controls\"><source type=\"video\/mp4\" src=\"https:\/\/cdn.plastic-crates.com\/wp-content\/uploads\/2022\/08\/5L-clear-plastic-storage-box-with-lid.mp4?_=1\" \/><a href=\"https:\/\/cdn.plastic-crates.com\/wp-content\/uploads\/2022\/08\/5L-clear-plastic-storage-box-with-lid.mp4\">https:\/\/cdn.plastic-crates.com\/wp-content\/uploads\/2022\/08\/5L-clear-plastic-storage-box-with-lid.mp4<\/a><\/video><\/div>\n<h4>Caixas transparentes para armazenamento de roupas com tampa<\/h4>\n<ul>\n<li>Mantenha salas de jogos, quartos e arm\u00e1rios organizados com essas caixas de armazenamento<\/li>\n<li>A base e a tampa de pl\u00e1stico transparente ajudam a identificar facilmente o conte\u00fado<\/li>\n<li>A trava se encaixa facilmente no lugar para proteger os documentos<\/li>\n<li>Empilh\u00e1vel com outras caixas Stack &amp; Pull<\/li>\n<\/ul>\n<p><img loading=\"lazy\" decoding=\"async\" class=\"alignnone size-full wp-image-5115\" src=\"https:\/\/cdn.plastic-crates.com\/wp-content\/uploads\/2022\/08\/10L-Clear-clothing-Storage-Bins-with-lids-detail.jpg\" alt=\"Caixas transparentes para armazenamento de roupas de 10L com tampas\" width=\"750\" height=\"1059\" \/><\/p>\n<div class=\"content content-eight\">\n<div class=\"content content-eight\">\n<div class=\"content content-eight\">\n<h3 id=\"text9\">20GP: \/<\/h3>\n<\/div>\n<div class=\"content content-nine\">\n<h3 id=\"text10\">40GP: \/<\/h3>\n<\/div>\n<div class=\"content content-ten\">\n<h3>40HQ: 17760 pe\u00e7as<\/h3>\n<\/div>\n<\/div>\n<h3 id=\"text9\"><img loading=\"lazy\" decoding=\"async\" class=\"alignnone size-full wp-image-5040\" style=\"font-size: 16px;\" src=\"https:\/\/cdn.plastic-crates.com\/wp-content\/uploads\/2022\/08\/12L-clear-plastic-containers-shipping.jpg\" alt=\"Detalhes de envio de recipientes pl\u00e1sticos transparentes de 12L\" width=\"750\" height=\"1039\" \/><\/h3>\n<\/div>","protected":false},"excerpt":{"rendered":"<p><a href=\"https:\/\/www.panosupplier.com\/suppliers\/corrugated-plastic-totes\">recipiente de pl\u00e1stico corrugado personalizado<\/a>, <a href=\"https:\/\/www.plastic-crate.co.uk\/product-category\/supermarket-crates-bale-arm-crates\/\" target=\"_blank\" rel=\"noopener\">caixas pl\u00e1sticas de supermercado para venda<\/a><\/p>","protected":false},"featured_media":7314,"template":"","meta":{"_acf_changed":false},"product_brand":[],"product_cat":[140],"product_tag":[],"class_list":{"0":"post-7274","1":"product","2":"type-product","3":"status-publish","4":"has-post-thumbnail","6":"product_cat-clear-plastic-totes","8":"first","9":"instock","10":"shipping-taxable","11":"product-type-simple"},"acf":[],"yoast_head":"<!-- This site is optimized with the Yoast SEO plugin v26.1.1 - https:\/\/yoast.com\/wordpress\/plugins\/seo\/ -->\n<title>10L Clear clothing Storage Bins with lids wholesale - plastic-crates.com<\/title>\n<meta name=\"description\" content=\"Wholesale 10L Clear clothing Storage Bins with lids, clear plastic bins for storage, Clear Plastic container with Lids supplier.\" \/>\n<meta name=\"robots\" content=\"index, follow, max-snippet:-1, max-image-preview:large, max-video-preview:-1\" \/>\n<link rel=\"canonical\" href=\"https:\/\/www.plastic-crates.com\/pt\/produto\/caixas-transparentes-para-guardar-roupas-de-10-litros-com-tampa\/\" \/>\n<meta property=\"og:locale\" content=\"pt_PT\" \/>\n<meta property=\"og:type\" content=\"article\" \/>\n<meta property=\"og:title\" content=\"10L Clear clothing Storage Bins with lids wholesale - plastic-crates.com\" \/>\n<meta property=\"og:description\" content=\"Wholesale 10L Clear clothing Storage Bins with lids, clear plastic bins for storage, Clear Plastic container with Lids supplier.\" \/>\n<meta property=\"og:url\" content=\"https:\/\/www.plastic-crates.com\/pt\/produto\/caixas-transparentes-para-guardar-roupas-de-10-litros-com-tampa\/\" \/>\n<meta property=\"og:site_name\" content=\"plastic-crates.com\" \/>\n<meta property=\"article:modified_time\" content=\"2023-11-24T03:07:26+00:00\" \/>\n<meta property=\"og:image\" content=\"https:\/\/www.plastic-crates.com\/wp-content\/uploads\/2023\/10\/10L-Clear-clothing-Storage-Bins-with-lids-1.jpg\" \/>\n\t<meta property=\"og:image:width\" content=\"1000\" \/>\n\t<meta property=\"og:image:height\" content=\"1000\" \/>\n\t<meta property=\"og:image:type\" content=\"image\/jpeg\" \/>\n<meta name=\"twitter:card\" content=\"summary_large_image\" \/>\n<meta name=\"twitter:label1\" content=\"Tempo estimado de leitura\" \/>\n\t<meta name=\"twitter:data1\" content=\"1 minuto\" \/>\n<script type=\"application\/ld+json\" class=\"yoast-schema-graph\">{\"@context\":\"https:\/\/schema.org\",\"@graph\":[{\"@type\":\"WebPage\",\"@id\":\"https:\/\/www.plastic-crates.com\/product\/10l-clear-clothing-storage-bins-with-lids\/\",\"url\":\"https:\/\/www.plastic-crates.com\/product\/10l-clear-clothing-storage-bins-with-lids\/\",\"name\":\"10L Clear clothing Storage Bins with lids wholesale - plastic-crates.com\",\"isPartOf\":{\"@id\":\"https:\/\/www.plastic-crates.com\/#website\"},\"primaryImageOfPage\":{\"@id\":\"https:\/\/www.plastic-crates.com\/product\/10l-clear-clothing-storage-bins-with-lids\/#primaryimage\"},\"image\":{\"@id\":\"https:\/\/www.plastic-crates.com\/product\/10l-clear-clothing-storage-bins-with-lids\/#primaryimage\"},\"thumbnailUrl\":\"https:\/\/www.plastic-crates.com\/wp-content\/uploads\/2023\/10\/10L-Clear-clothing-Storage-Bins-with-lids-1.jpg\",\"datePublished\":\"2023-10-29T14:41:53+00:00\",\"dateModified\":\"2023-11-24T03:07:26+00:00\",\"description\":\"Wholesale 10L Clear clothing Storage Bins with lids, clear plastic bins for storage, Clear Plastic container with Lids supplier.\",\"breadcrumb\":{\"@id\":\"https:\/\/www.plastic-crates.com\/product\/10l-clear-clothing-storage-bins-with-lids\/#breadcrumb\"},\"inLanguage\":\"pt-PT\",\"potentialAction\":[{\"@type\":\"ReadAction\",\"target\":[\"https:\/\/www.plastic-crates.com\/product\/10l-clear-clothing-storage-bins-with-lids\/\"]}]},{\"@type\":\"ImageObject\",\"inLanguage\":\"pt-PT\",\"@id\":\"https:\/\/www.plastic-crates.com\/product\/10l-clear-clothing-storage-bins-with-lids\/#primaryimage\",\"url\":\"https:\/\/www.plastic-crates.com\/wp-content\/uploads\/2023\/10\/10L-Clear-clothing-Storage-Bins-with-lids-1.jpg\",\"contentUrl\":\"https:\/\/www.plastic-crates.com\/wp-content\/uploads\/2023\/10\/10L-Clear-clothing-Storage-Bins-with-lids-1.jpg\",\"width\":1000,\"height\":1000},{\"@type\":\"BreadcrumbList\",\"@id\":\"https:\/\/www.plastic-crates.com\/product\/10l-clear-clothing-storage-bins-with-lids\/#breadcrumb\",\"itemListElement\":[{\"@type\":\"ListItem\",\"position\":1,\"name\":\"Home\",\"item\":\"https:\/\/www.plastic-crates.com\/\"},{\"@type\":\"ListItem\",\"position\":2,\"name\":\"Products\",\"item\":\"https:\/\/www.plastic-crates.com\/shop\/\"},{\"@type\":\"ListItem\",\"position\":3,\"name\":\"10L Clear clothing Storage Bins with lids\"}]},{\"@type\":\"WebSite\",\"@id\":\"https:\/\/www.plastic-crates.com\/#website\",\"url\":\"https:\/\/www.plastic-crates.com\/\",\"name\":\"plastic-crates.com\",\"description\":\"Leading plastic crates manufacturer in China\",\"potentialAction\":[{\"@type\":\"SearchAction\",\"target\":{\"@type\":\"EntryPoint\",\"urlTemplate\":\"https:\/\/www.plastic-crates.com\/?s={search_term_string}\"},\"query-input\":{\"@type\":\"PropertyValueSpecification\",\"valueRequired\":true,\"valueName\":\"search_term_string\"}}],\"inLanguage\":\"pt-PT\"}]}<\/script>\n<!-- \/ Yoast SEO plugin. -->","yoast_head_json":{"title":"Caixas transparentes para armazenamento de roupas de 10L com tampas no atacado - plastic-crates.com","description":"Fornecedor de caixas de armazenamento de roupas transparentes de 10L com tampas, caixas de pl\u00e1stico transparente para armazenamento, recipientes de pl\u00e1stico transparente com tampas.","robots":{"index":"index","follow":"follow","max-snippet":"max-snippet:-1","max-image-preview":"max-image-preview:large","max-video-preview":"max-video-preview:-1"},"canonical":"https:\/\/www.plastic-crates.com\/pt\/produto\/caixas-transparentes-para-guardar-roupas-de-10-litros-com-tampa\/","og_locale":"pt_PT","og_type":"article","og_title":"10L Clear clothing Storage Bins with lids wholesale - plastic-crates.com","og_description":"Wholesale 10L Clear clothing Storage Bins with lids, clear plastic bins for storage, Clear Plastic container with Lids supplier.","og_url":"https:\/\/www.plastic-crates.com\/pt\/produto\/caixas-transparentes-para-guardar-roupas-de-10-litros-com-tampa\/","og_site_name":"plastic-crates.com","article_modified_time":"2023-11-24T03:07:26+00:00","og_image":[{"width":1000,"height":1000,"url":"https:\/\/www.plastic-crates.com\/wp-content\/uploads\/2023\/10\/10L-Clear-clothing-Storage-Bins-with-lids-1.jpg","type":"image\/jpeg"}],"twitter_card":"summary_large_image","twitter_misc":{"Tempo estimado de leitura":"1 minuto"},"schema":{"@context":"https:\/\/schema.org","@graph":[{"@type":"WebPage","@id":"https:\/\/www.plastic-crates.com\/product\/10l-clear-clothing-storage-bins-with-lids\/","url":"https:\/\/www.plastic-crates.com\/product\/10l-clear-clothing-storage-bins-with-lids\/","name":"Caixas transparentes para armazenamento de roupas de 10L com tampas no atacado - plastic-crates.com","isPartOf":{"@id":"https:\/\/www.plastic-crates.com\/#website"},"primaryImageOfPage":{"@id":"https:\/\/www.plastic-crates.com\/product\/10l-clear-clothing-storage-bins-with-lids\/#primaryimage"},"image":{"@id":"https:\/\/www.plastic-crates.com\/product\/10l-clear-clothing-storage-bins-with-lids\/#primaryimage"},"thumbnailUrl":"https:\/\/www.plastic-crates.com\/wp-content\/uploads\/2023\/10\/10L-Clear-clothing-Storage-Bins-with-lids-1.jpg","datePublished":"2023-10-29T14:41:53+00:00","dateModified":"2023-11-24T03:07:26+00:00","description":"Fornecedor de caixas de armazenamento de roupas transparentes de 10L com tampas, caixas de pl\u00e1stico transparente para armazenamento, recipientes de pl\u00e1stico transparente com tampas.","breadcrumb":{"@id":"https:\/\/www.plastic-crates.com\/product\/10l-clear-clothing-storage-bins-with-lids\/#breadcrumb"},"inLanguage":"pt-PT","potentialAction":[{"@type":"ReadAction","target":["https:\/\/www.plastic-crates.com\/product\/10l-clear-clothing-storage-bins-with-lids\/"]}]},{"@type":"ImageObject","inLanguage":"pt-PT","@id":"https:\/\/www.plastic-crates.com\/product\/10l-clear-clothing-storage-bins-with-lids\/#primaryimage","url":"https:\/\/www.plastic-crates.com\/wp-content\/uploads\/2023\/10\/10L-Clear-clothing-Storage-Bins-with-lids-1.jpg","contentUrl":"https:\/\/www.plastic-crates.com\/wp-content\/uploads\/2023\/10\/10L-Clear-clothing-Storage-Bins-with-lids-1.jpg","width":1000,"height":1000},{"@type":"BreadcrumbList","@id":"https:\/\/www.plastic-crates.com\/product\/10l-clear-clothing-storage-bins-with-lids\/#breadcrumb","itemListElement":[{"@type":"ListItem","position":1,"name":"Home","item":"https:\/\/www.plastic-crates.com\/"},{"@type":"ListItem","position":2,"name":"Products","item":"https:\/\/www.plastic-crates.com\/shop\/"},{"@type":"ListItem","position":3,"name":"10L Clear clothing Storage Bins with lids"}]},{"@type":"WebSite","@id":"https:\/\/www.plastic-crates.com\/#website","url":"https:\/\/www.plastic-crates.com\/","name":"plastic-crates.com","description":"Fabricante l\u00edder de caixas pl\u00e1sticas na China","potentialAction":[{"@type":"SearchAction","target":{"@type":"EntryPoint","urlTemplate":"https:\/\/www.plastic-crates.com\/?s={search_term_string}"},"query-input":{"@type":"PropertyValueSpecification","valueRequired":true,"valueName":"search_term_string"}}],"inLanguage":"pt-PT"}]}},"_links":{"self":[{"href":"https:\/\/www.plastic-crates.com\/pt\/wp-json\/wp\/v2\/product\/7274","targetHints":{"allow":["GET"]}}],"collection":[{"href":"https:\/\/www.plastic-crates.com\/pt\/wp-json\/wp\/v2\/product"}],"about":[{"href":"https:\/\/www.plastic-crates.com\/pt\/wp-json\/wp\/v2\/types\/product"}],"wp:featuredmedia":[{"embeddable":true,"href":"https:\/\/www.plastic-crates.com\/pt\/wp-json\/wp\/v2\/media\/7314"}],"wp:attachment":[{"href":"https:\/\/www.plastic-crates.com\/pt\/wp-json\/wp\/v2\/media?parent=7274"}],"wp:term":[{"taxonomy":"product_brand","embeddable":true,"href":"https:\/\/www.plastic-crates.com\/pt\/wp-json\/wp\/v2\/product_brand?post=7274"},{"taxonomy":"product_cat","embeddable":true,"href":"https:\/\/www.plastic-crates.com\/pt\/wp-json\/wp\/v2\/product_cat?post=7274"},{"taxonomy":"product_tag","embeddable":true,"href":"https:\/\/www.plastic-crates.com\/pt\/wp-json\/wp\/v2\/product_tag?post=7274"}],"curies":[{"name":"wp","href":"https:\/\/api.w.org\/{rel}","templated":true}]}}