{"id":7343,"date":"2023-11-26T07:59:05","date_gmt":"2023-11-26T07:59:05","guid":{"rendered":"https:\/\/www.plastic-crates.com\/?post_type=product&#038;p=7343"},"modified":"2023-11-26T08:19:13","modified_gmt":"2023-11-26T08:19:13","slug":"caixa-de-plantio-de-jardim-caixas-de-plantio-para-jardim","status":"publish","type":"product","link":"https:\/\/www.plastic-crates.com\/pt\/produto\/caixa-de-plantio-de-jardim-caixas-de-plantio-para-jardim\/","title":{"rendered":"Caixa para plantio de jardim, caixas de plantio para jardim"},"content":{"rendered":"<p>Apresentando nosso <strong>Caixa para plantador de jardim<\/strong> \u2013 a fus\u00e3o perfeita de estilo e funcionalidade para cultivar um jardim pr\u00f3spero ao seu alcance. Projetadas para elevar sua experi\u00eancia de jardinagem, estas caixas de plantio oferecem uma solu\u00e7\u00e3o pr\u00e1tica e esteticamente agrad\u00e1vel para o cultivo de ervas, flores ou vegetais.<\/p>\n<p><strong>Constru\u00e7\u00e3o dur\u00e1vel<\/strong><\/p>\n<p>Feitas com materiais sustent\u00e1veis e resistentes \u00e0s intemp\u00e9ries, estas caixas de jardim s\u00e3o constru\u00eddas para resistir aos elementos, mantendo a integridade estrutural. Seu investimento em jardim est\u00e1 protegido esta\u00e7\u00e3o ap\u00f3s esta\u00e7\u00e3o.<\/p>\n<p><strong>Layout personaliz\u00e1vel<\/strong><\/p>\n<p>O design modular permite a f\u00e1cil configura\u00e7\u00e3o de m\u00faltiplas caixas para vasos de jardim, permitindo que voc\u00ea crie um layout de jardim personalizado. Experimente diferentes arranjos para se adequar ao seu espa\u00e7o e prefer\u00eancias est\u00e9ticas.<\/p>\n<p><strong>Drenagem embutida<\/strong><\/p>\n<p>Cada caixa vem equipada com drenagem integrada para evitar o excesso de \u00e1gua e promover sistemas radiculares saud\u00e1veis. Diga adeus \u00e0 \u00e1gua parada e ol\u00e1 \u00e0s plantas vibrantes e pr\u00f3speras.<\/p>\n<p><strong>Plantio Vers\u00e1til<\/strong><\/p>\n<p>Adequadas para uma variedade de plantas, desde ervas culin\u00e1rias a flores vibrantes ou vegetais frescos, nossas Caixas de Jardim para Planta\u00e7\u00e3o atendem \u00e0s suas aspira\u00e7\u00f5es de jardinagem. Cultive seus pr\u00f3prios produtos ou cultive um ref\u00fagio florido \u2013 as possibilidades s\u00e3o infinitas.<\/p>\n<p>Aplicativo:<\/p>\n<p><strong>floreira de varanda<\/strong><\/p>\n<p><strong><span data-spm-anchor-id=\"a2700.details.0.i89.49366eb2tVqa9e\">Caixa de cultivo Planter<\/span><\/strong><\/p>\n<p>&nbsp;<\/p>\n<p><a href=\"https:\/\/www.plastic-crates.com\/pt\/categoria+de+produto\/sacolas-com-tampas\/\" target=\"_blank\" rel=\"noopener\">bolsa tipo flip top<\/a>, <a href=\"https:\/\/www.plastic-crate.co.uk\/product-category\/plastic-trays\/\" target=\"_blank\" rel=\"noopener\">fabricantes de bandejas pl\u00e1sticas personalizadas<\/a>,<a href=\"https:\/\/www.poolteststrip.com\/product-category\/ph-test-strips\/\" target=\"_blank\" rel=\"noopener\">teste de n\u00edvel de pH<\/a><\/p>","protected":false},"excerpt":{"rendered":"<p>Apresentando nossa caixa para plantio de jardim \u2013 a fus\u00e3o perfeita de estilo e funcionalidade para cultivar um jardim pr\u00f3spero bem ali\u2026<\/p>","protected":false},"featured_media":7348,"template":"","meta":{"_acf_changed":false},"product_brand":[],"product_cat":[68],"product_tag":[],"class_list":{"0":"post-7343","1":"product","2":"type-product","3":"status-publish","4":"has-post-thumbnail","6":"product_cat-uncategorized","8":"first","9":"instock","10":"shipping-taxable","11":"product-type-simple"},"acf":[],"yoast_head":"<!-- This site is optimized with the Yoast SEO plugin v26.1.1 - https:\/\/yoast.com\/wordpress\/plugins\/seo\/ -->\n<title>Garden planter box, planting boxes for garden - plastic-crates.com<\/title>\n<meta name=\"description\" content=\"Wholesale Garden planter box, planting boxes for garden, cheap planter boxes for gardensupplier, planting garden boxes distributor\" \/>\n<meta name=\"robots\" content=\"index, follow, max-snippet:-1, max-image-preview:large, max-video-preview:-1\" \/>\n<link rel=\"canonical\" href=\"https:\/\/www.plastic-crates.com\/pt\/produto\/caixa-de-plantio-de-jardim-caixas-de-plantio-para-jardim\/\" \/>\n<meta property=\"og:locale\" content=\"pt_PT\" \/>\n<meta property=\"og:type\" content=\"article\" \/>\n<meta property=\"og:title\" content=\"Garden planter box, planting boxes for garden - plastic-crates.com\" \/>\n<meta property=\"og:description\" content=\"Wholesale Garden planter box, planting boxes for garden, cheap planter boxes for gardensupplier, planting garden boxes distributor\" \/>\n<meta property=\"og:url\" content=\"https:\/\/www.plastic-crates.com\/pt\/produto\/caixa-de-plantio-de-jardim-caixas-de-plantio-para-jardim\/\" \/>\n<meta property=\"og:site_name\" content=\"plastic-crates.com\" \/>\n<meta property=\"article:modified_time\" content=\"2023-11-26T08:19:13+00:00\" \/>\n<meta property=\"og:image\" content=\"https:\/\/www.plastic-crates.com\/wp-content\/uploads\/2023\/11\/garden-planter-box-5.jpeg\" \/>\n\t<meta property=\"og:image:width\" content=\"696\" \/>\n\t<meta property=\"og:image:height\" content=\"624\" \/>\n\t<meta property=\"og:image:type\" content=\"image\/jpeg\" \/>\n<meta name=\"twitter:card\" content=\"summary_large_image\" \/>\n<meta name=\"twitter:label1\" content=\"Tempo estimado de leitura\" \/>\n\t<meta name=\"twitter:data1\" content=\"1 minuto\" \/>\n<script type=\"application\/ld+json\" class=\"yoast-schema-graph\">{\"@context\":\"https:\/\/schema.org\",\"@graph\":[{\"@type\":\"WebPage\",\"@id\":\"https:\/\/www.plastic-crates.com\/product\/garden-planter-box-planting-boxes-for-garden\/\",\"url\":\"https:\/\/www.plastic-crates.com\/product\/garden-planter-box-planting-boxes-for-garden\/\",\"name\":\"Garden planter box, planting boxes for garden - plastic-crates.com\",\"isPartOf\":{\"@id\":\"https:\/\/www.plastic-crates.com\/#website\"},\"primaryImageOfPage\":{\"@id\":\"https:\/\/www.plastic-crates.com\/product\/garden-planter-box-planting-boxes-for-garden\/#primaryimage\"},\"image\":{\"@id\":\"https:\/\/www.plastic-crates.com\/product\/garden-planter-box-planting-boxes-for-garden\/#primaryimage\"},\"thumbnailUrl\":\"https:\/\/www.plastic-crates.com\/wp-content\/uploads\/2023\/11\/garden-planter-box-5.jpeg\",\"datePublished\":\"2023-11-26T07:59:05+00:00\",\"dateModified\":\"2023-11-26T08:19:13+00:00\",\"description\":\"Wholesale Garden planter box, planting boxes for garden, cheap planter boxes for gardensupplier, planting garden boxes distributor\",\"breadcrumb\":{\"@id\":\"https:\/\/www.plastic-crates.com\/product\/garden-planter-box-planting-boxes-for-garden\/#breadcrumb\"},\"inLanguage\":\"pt-PT\",\"potentialAction\":[{\"@type\":\"ReadAction\",\"target\":[\"https:\/\/www.plastic-crates.com\/product\/garden-planter-box-planting-boxes-for-garden\/\"]}]},{\"@type\":\"ImageObject\",\"inLanguage\":\"pt-PT\",\"@id\":\"https:\/\/www.plastic-crates.com\/product\/garden-planter-box-planting-boxes-for-garden\/#primaryimage\",\"url\":\"https:\/\/www.plastic-crates.com\/wp-content\/uploads\/2023\/11\/garden-planter-box-5.jpeg\",\"contentUrl\":\"https:\/\/www.plastic-crates.com\/wp-content\/uploads\/2023\/11\/garden-planter-box-5.jpeg\",\"width\":696,\"height\":624,\"caption\":\"planting boxes for garden\"},{\"@type\":\"BreadcrumbList\",\"@id\":\"https:\/\/www.plastic-crates.com\/product\/garden-planter-box-planting-boxes-for-garden\/#breadcrumb\",\"itemListElement\":[{\"@type\":\"ListItem\",\"position\":1,\"name\":\"Home\",\"item\":\"https:\/\/www.plastic-crates.com\/\"},{\"@type\":\"ListItem\",\"position\":2,\"name\":\"Products\",\"item\":\"https:\/\/www.plastic-crates.com\/shop\/\"},{\"@type\":\"ListItem\",\"position\":3,\"name\":\"Garden planter box, planting boxes for garden\"}]},{\"@type\":\"WebSite\",\"@id\":\"https:\/\/www.plastic-crates.com\/#website\",\"url\":\"https:\/\/www.plastic-crates.com\/\",\"name\":\"plastic-crates.com\",\"description\":\"Leading plastic crates manufacturer in China\",\"potentialAction\":[{\"@type\":\"SearchAction\",\"target\":{\"@type\":\"EntryPoint\",\"urlTemplate\":\"https:\/\/www.plastic-crates.com\/?s={search_term_string}\"},\"query-input\":{\"@type\":\"PropertyValueSpecification\",\"valueRequired\":true,\"valueName\":\"search_term_string\"}}],\"inLanguage\":\"pt-PT\"}]}<\/script>\n<!-- \/ Yoast SEO plugin. -->","yoast_head_json":{"title":"Caixa para plantio de jardim, caixas de plantio para jardim - plastic-crates.com","description":"Caixa de plantio de jardim por atacado, caixas de plantio para jardim, caixas de plantio baratas para fornecedores de jardim, distribuidor de caixas de plantio de jardim","robots":{"index":"index","follow":"follow","max-snippet":"max-snippet:-1","max-image-preview":"max-image-preview:large","max-video-preview":"max-video-preview:-1"},"canonical":"https:\/\/www.plastic-crates.com\/pt\/produto\/caixa-de-plantio-de-jardim-caixas-de-plantio-para-jardim\/","og_locale":"pt_PT","og_type":"article","og_title":"Garden planter box, planting boxes for garden - plastic-crates.com","og_description":"Wholesale Garden planter box, planting boxes for garden, cheap planter boxes for gardensupplier, planting garden boxes distributor","og_url":"https:\/\/www.plastic-crates.com\/pt\/produto\/caixa-de-plantio-de-jardim-caixas-de-plantio-para-jardim\/","og_site_name":"plastic-crates.com","article_modified_time":"2023-11-26T08:19:13+00:00","og_image":[{"width":696,"height":624,"url":"https:\/\/www.plastic-crates.com\/wp-content\/uploads\/2023\/11\/garden-planter-box-5.jpeg","type":"image\/jpeg"}],"twitter_card":"summary_large_image","twitter_misc":{"Tempo estimado de leitura":"1 minuto"},"schema":{"@context":"https:\/\/schema.org","@graph":[{"@type":"WebPage","@id":"https:\/\/www.plastic-crates.com\/product\/garden-planter-box-planting-boxes-for-garden\/","url":"https:\/\/www.plastic-crates.com\/product\/garden-planter-box-planting-boxes-for-garden\/","name":"Caixa para plantio de jardim, caixas de plantio para jardim - plastic-crates.com","isPartOf":{"@id":"https:\/\/www.plastic-crates.com\/#website"},"primaryImageOfPage":{"@id":"https:\/\/www.plastic-crates.com\/product\/garden-planter-box-planting-boxes-for-garden\/#primaryimage"},"image":{"@id":"https:\/\/www.plastic-crates.com\/product\/garden-planter-box-planting-boxes-for-garden\/#primaryimage"},"thumbnailUrl":"https:\/\/www.plastic-crates.com\/wp-content\/uploads\/2023\/11\/garden-planter-box-5.jpeg","datePublished":"2023-11-26T07:59:05+00:00","dateModified":"2023-11-26T08:19:13+00:00","description":"Caixa de plantio de jardim por atacado, caixas de plantio para jardim, caixas de plantio baratas para fornecedores de jardim, distribuidor de caixas de plantio de jardim","breadcrumb":{"@id":"https:\/\/www.plastic-crates.com\/product\/garden-planter-box-planting-boxes-for-garden\/#breadcrumb"},"inLanguage":"pt-PT","potentialAction":[{"@type":"ReadAction","target":["https:\/\/www.plastic-crates.com\/product\/garden-planter-box-planting-boxes-for-garden\/"]}]},{"@type":"ImageObject","inLanguage":"pt-PT","@id":"https:\/\/www.plastic-crates.com\/product\/garden-planter-box-planting-boxes-for-garden\/#primaryimage","url":"https:\/\/www.plastic-crates.com\/wp-content\/uploads\/2023\/11\/garden-planter-box-5.jpeg","contentUrl":"https:\/\/www.plastic-crates.com\/wp-content\/uploads\/2023\/11\/garden-planter-box-5.jpeg","width":696,"height":624,"caption":"planting boxes for garden"},{"@type":"BreadcrumbList","@id":"https:\/\/www.plastic-crates.com\/product\/garden-planter-box-planting-boxes-for-garden\/#breadcrumb","itemListElement":[{"@type":"ListItem","position":1,"name":"Home","item":"https:\/\/www.plastic-crates.com\/"},{"@type":"ListItem","position":2,"name":"Products","item":"https:\/\/www.plastic-crates.com\/shop\/"},{"@type":"ListItem","position":3,"name":"Garden planter box, planting boxes for garden"}]},{"@type":"WebSite","@id":"https:\/\/www.plastic-crates.com\/#website","url":"https:\/\/www.plastic-crates.com\/","name":"plastic-crates.com","description":"Fabricante l\u00edder de caixas pl\u00e1sticas na China","potentialAction":[{"@type":"SearchAction","target":{"@type":"EntryPoint","urlTemplate":"https:\/\/www.plastic-crates.com\/?s={search_term_string}"},"query-input":{"@type":"PropertyValueSpecification","valueRequired":true,"valueName":"search_term_string"}}],"inLanguage":"pt-PT"}]}},"_links":{"self":[{"href":"https:\/\/www.plastic-crates.com\/pt\/wp-json\/wp\/v2\/product\/7343","targetHints":{"allow":["GET"]}}],"collection":[{"href":"https:\/\/www.plastic-crates.com\/pt\/wp-json\/wp\/v2\/product"}],"about":[{"href":"https:\/\/www.plastic-crates.com\/pt\/wp-json\/wp\/v2\/types\/product"}],"wp:featuredmedia":[{"embeddable":true,"href":"https:\/\/www.plastic-crates.com\/pt\/wp-json\/wp\/v2\/media\/7348"}],"wp:attachment":[{"href":"https:\/\/www.plastic-crates.com\/pt\/wp-json\/wp\/v2\/media?parent=7343"}],"wp:term":[{"taxonomy":"product_brand","embeddable":true,"href":"https:\/\/www.plastic-crates.com\/pt\/wp-json\/wp\/v2\/product_brand?post=7343"},{"taxonomy":"product_cat","embeddable":true,"href":"https:\/\/www.plastic-crates.com\/pt\/wp-json\/wp\/v2\/product_cat?post=7343"},{"taxonomy":"product_tag","embeddable":true,"href":"https:\/\/www.plastic-crates.com\/pt\/wp-json\/wp\/v2\/product_tag?post=7343"}],"curies":[{"name":"wp","href":"https:\/\/api.w.org\/{rel}","templated":true}]}}