{"id":7349,"date":"2023-11-26T10:38:59","date_gmt":"2023-11-26T10:38:59","guid":{"rendered":"https:\/\/www.plastic-crates.com\/?post_type=product&#038;p=7349"},"modified":"2026-03-05T13:37:19","modified_gmt":"2026-03-05T13:37:19","slug":"palete-de-contencao-de-derramamento-palete-de-contencao-de-derramamento","status":"publish","type":"product","link":"https:\/\/www.plastic-crates.com\/pt\/produto\/palete-de-contencao-de-derramamento-palete-de-contencao-de-derramamento\/","title":{"rendered":"Palete de conten\u00e7\u00e3o de derramamento, palete de conten\u00e7\u00e3o de derramamento de tambor"},"content":{"rendered":"<p>Apresentando nossos paletes de conten\u00e7\u00e3o de derramamentos:<\/p>\n<p>A solu\u00e7\u00e3o definitiva para proteger seu local de trabalho e o meio ambiente, gerenciando e contendo materiais perigosos de forma eficaz. Produzidos com durabilidade e conformidade em mente, esses paletes oferecem uma prote\u00e7\u00e3o confi\u00e1vel contra derramamentos e vazamentos acidentais. Adequados para tambores de \u00f3leo.<\/p>\n<div style=\"width: 1170px;\" class=\"wp-video\"><!--[if lt IE 9]><script>document.createElement('video');<\/script><![endif]-->\n<video class=\"wp-video-shortcode\" id=\"video-7349-1\" width=\"1170\" height=\"658\" preload=\"metadata\" controls=\"controls\"><source type=\"video\/mp4\" src=\"https:\/\/www.plastic-crates.com\/wp-content\/uploads\/2023\/11\/spill-containment-pallets.mp4?_=1\" \/><a href=\"https:\/\/www.plastic-crates.com\/wp-content\/uploads\/2023\/11\/spill-containment-pallets.mp4\">https:\/\/www.plastic-crates.com\/wp-content\/uploads\/2023\/11\/spill-containment-pallets.mp4<\/a><\/video><\/div>\n<p>&nbsp;<\/p>\n<h3>Dimens\u00f5es do palete de conten\u00e7\u00e3o de derramamento<\/h3>\n<p><img loading=\"lazy\" decoding=\"async\" class=\"alignnone size-full wp-image-7363\" src=\"https:\/\/www.plastic-crates.com\/wp-content\/uploads\/2023\/11\/oil-spill-pallet-two-types.jpeg\" alt=\"dimens\u00f5es de paletes de conten\u00e7\u00e3o de derramamento de tambor\" width=\"750\" height=\"871\" srcset=\"https:\/\/www.plastic-crates.com\/wp-content\/uploads\/2023\/11\/oil-spill-pallet-two-types.jpeg 750w, https:\/\/www.plastic-crates.com\/wp-content\/uploads\/2023\/11\/oil-spill-pallet-two-types-258x300.jpeg 258w, https:\/\/www.plastic-crates.com\/wp-content\/uploads\/2023\/11\/oil-spill-pallet-two-types-600x697.jpeg 600w\" sizes=\"auto, (max-width: 750px) 100vw, 750px\" \/> <img loading=\"lazy\" decoding=\"async\" class=\"alignnone size-full wp-image-7362\" src=\"https:\/\/www.plastic-crates.com\/wp-content\/uploads\/2023\/11\/oil-spill-pallet-material.jpeg\" alt=\"material de palete de conten\u00e7\u00e3o de derramamento de tambor\" width=\"750\" height=\"698\" srcset=\"https:\/\/www.plastic-crates.com\/wp-content\/uploads\/2023\/11\/oil-spill-pallet-material.jpeg 750w, https:\/\/www.plastic-crates.com\/wp-content\/uploads\/2023\/11\/oil-spill-pallet-material-300x279.jpeg 300w, https:\/\/www.plastic-crates.com\/wp-content\/uploads\/2023\/11\/oil-spill-pallet-material-600x558.jpeg 600w\" sizes=\"auto, (max-width: 750px) 100vw, 750px\" \/><\/p>\n<p><strong>Constru\u00e7\u00e3o robusta:<\/strong><\/p>\n<p>Nosso Palete de Conten\u00e7\u00e3o de Derramamentos \u00e9 constru\u00eddo com materiais de alta qualidade e resistentes a produtos qu\u00edmicos para suportar os desafios impostos por subst\u00e2ncias perigosas. O design robusto garante durabilidade e longevidade em ambientes industriais exigentes.<\/p>\n<p><strong>Design modular:<\/strong><\/p>\n<p>O design modular permite que os paletes de conten\u00e7\u00e3o de derramamentos sejam configurados em layouts personalizados, adaptando-se \u00e0s necessidades espec\u00edficas da sua \u00e1rea de armazenamento. Crie um sistema de conten\u00e7\u00e3o de derramamentos eficaz, adaptado \u00e0s suas necessidades operacionais. <img loading=\"lazy\" decoding=\"async\" class=\"alignnone size-full wp-image-7361\" src=\"https:\/\/www.plastic-crates.com\/wp-content\/uploads\/2023\/11\/oil-spill-pallet-4-drum.jpeg\" alt=\"palete de conten\u00e7\u00e3o de derramamento de tambor 4 tambores\" width=\"750\" height=\"808\" srcset=\"https:\/\/www.plastic-crates.com\/wp-content\/uploads\/2023\/11\/oil-spill-pallet-4-drum.jpeg 750w, https:\/\/www.plastic-crates.com\/wp-content\/uploads\/2023\/11\/oil-spill-pallet-4-drum-278x300.jpeg 278w, https:\/\/www.plastic-crates.com\/wp-content\/uploads\/2023\/11\/oil-spill-pallet-4-drum-600x646.jpeg 600w\" sizes=\"auto, (max-width: 750px) 100vw, 750px\" \/> <img loading=\"lazy\" decoding=\"async\" class=\"alignnone size-full wp-image-7360\" src=\"https:\/\/www.plastic-crates.com\/wp-content\/uploads\/2023\/11\/oil-spill-containment-pallet-outfall.jpeg\" alt=\"conten\u00e7\u00e3o de derramamento de tambores e emiss\u00e1rio de paletes\" width=\"750\" height=\"254\" srcset=\"https:\/\/www.plastic-crates.com\/wp-content\/uploads\/2023\/11\/oil-spill-containment-pallet-outfall.jpeg 750w, https:\/\/www.plastic-crates.com\/wp-content\/uploads\/2023\/11\/oil-spill-containment-pallet-outfall-300x102.jpeg 300w, https:\/\/www.plastic-crates.com\/wp-content\/uploads\/2023\/11\/oil-spill-containment-pallet-outfall-600x203.jpeg 600w\" sizes=\"auto, (max-width: 750px) 100vw, 750px\" \/> <img loading=\"lazy\" decoding=\"async\" class=\"alignnone size-full wp-image-7359\" src=\"https:\/\/www.plastic-crates.com\/wp-content\/uploads\/2023\/11\/oil-spill-containment-pallet-detail.jpeg\" alt=\"detalhe do palete de conten\u00e7\u00e3o de derramamento de tambor\" width=\"750\" height=\"503\" srcset=\"https:\/\/www.plastic-crates.com\/wp-content\/uploads\/2023\/11\/oil-spill-containment-pallet-detail.jpeg 750w, https:\/\/www.plastic-crates.com\/wp-content\/uploads\/2023\/11\/oil-spill-containment-pallet-detail-300x201.jpeg 300w, https:\/\/www.plastic-crates.com\/wp-content\/uploads\/2023\/11\/oil-spill-containment-pallet-detail-600x402.jpeg 600w\" sizes=\"auto, (max-width: 750px) 100vw, 750px\" \/><\/p>\n<p><strong>Conten\u00e7\u00e3o Segura:<\/strong><\/p>\n<p>Equipados com bacias de conten\u00e7\u00e3o ou grades, esses paletes s\u00e3o projetados para capturar e reter derramamentos, evitando que se espalhem e causem danos ao meio ambiente. A conten\u00e7\u00e3o segura minimiza o risco de acidentes e facilita a limpeza.<\/p>\n<p>&nbsp;<\/p>\n<p>&nbsp;<\/p>\n<p><img loading=\"lazy\" decoding=\"async\" class=\"alignnone size-full wp-image-7358\" src=\"https:\/\/www.plastic-crates.com\/wp-content\/uploads\/2023\/11\/drum-spill-containment-pallet-show.jpeg\" alt=\"palete de conten\u00e7\u00e3o de derramamento de tambor\" width=\"750\" height=\"1064\" srcset=\"https:\/\/www.plastic-crates.com\/wp-content\/uploads\/2023\/11\/drum-spill-containment-pallet-show.jpeg 750w, https:\/\/www.plastic-crates.com\/wp-content\/uploads\/2023\/11\/drum-spill-containment-pallet-show-211x300.jpeg 211w, https:\/\/www.plastic-crates.com\/wp-content\/uploads\/2023\/11\/drum-spill-containment-pallet-show-722x1024.jpeg 722w, https:\/\/www.plastic-crates.com\/wp-content\/uploads\/2023\/11\/drum-spill-containment-pallet-show-600x851.jpeg 600w\" sizes=\"auto, (max-width: 750px) 100vw, 750px\" \/><\/p>\n<p><strong>F\u00e1cil manuseio:<\/strong><\/p>\n<p>Com compartimentos para empilhadeiras ou outras op\u00e7\u00f5es de manuseio, nossos paletes de conten\u00e7\u00e3o de derramamentos s\u00e3o projetados para facilitar o transporte e a manobrabilidade. Isso facilita a coloca\u00e7\u00e3o, a realoca\u00e7\u00e3o e a manuten\u00e7\u00e3o eficientes em suas instala\u00e7\u00f5es.<\/p>\n<p><img loading=\"lazy\" decoding=\"async\" class=\"alignnone size-full wp-image-7357\" src=\"https:\/\/www.plastic-crates.com\/wp-content\/uploads\/2023\/11\/drum-spill-containment-pallet-nestable.jpeg\" alt=\"conten\u00e7\u00e3o de derramamento de tambor encaix\u00e1vel\" width=\"750\" height=\"584\" srcset=\"https:\/\/www.plastic-crates.com\/wp-content\/uploads\/2023\/11\/drum-spill-containment-pallet-nestable.jpeg 750w, https:\/\/www.plastic-crates.com\/wp-content\/uploads\/2023\/11\/drum-spill-containment-pallet-nestable-300x234.jpeg 300w, https:\/\/www.plastic-crates.com\/wp-content\/uploads\/2023\/11\/drum-spill-containment-pallet-nestable-600x467.jpeg 600w\" sizes=\"auto, (max-width: 750px) 100vw, 750px\" \/><\/p>\n<p><a href=\"https:\/\/www.plastic-crates.com\/pt\/categoria+de+produto\/sacolas-com-tampas\/\" target=\"_blank\" rel=\"noopener\">caixas de armazenamento com tampas<\/a>, <a href=\"https:\/\/www.plastic-crate.co.uk\/product-category\/plastic-trays\/\" target=\"_blank\" rel=\"noopener\">bandeja de massa com tampa<\/a>,<a href=\"https:\/\/www.ph-teststrips.com\/product-category\/test-strips-for-water-hardness\/\" target=\"_blank\" rel=\"noopener\">tiras de teste de dureza da \u00e1gua<\/a><\/p>","protected":false},"excerpt":{"rendered":"<p>Apresentando nossos paletes de conten\u00e7\u00e3o de derramamentos: a solu\u00e7\u00e3o definitiva para proteger seu local de trabalho e o meio ambiente, gerenciando e contendo de forma eficaz\u2026<\/p>","protected":false},"featured_media":7350,"template":"","meta":{"_acf_changed":false},"product_brand":[],"product_cat":[155],"product_tag":[141],"class_list":{"0":"post-7349","1":"product","2":"type-product","3":"status-publish","4":"has-post-thumbnail","6":"product_cat-pallets-manufacturer","7":"product_tag-ibc-spill-containment-pallet","9":"first","10":"instock","11":"sale","12":"shipping-taxable","13":"purchasable","14":"product-type-simple"},"acf":[],"yoast_head":"<!-- This site is optimized with the Yoast SEO plugin v26.1.1 - https:\/\/yoast.com\/wordpress\/plugins\/seo\/ -->\n<title>Spill containment pallet, drum spill containment pallet - plastic-crates.com<\/title>\n<meta name=\"description\" content=\"Wholesale Spill containment pallet, drum spill containment pallets, cheap ibc spill containment pallet, Spill containment pallet for sale\" \/>\n<meta name=\"robots\" content=\"index, follow, max-snippet:-1, max-image-preview:large, max-video-preview:-1\" \/>\n<link rel=\"canonical\" href=\"https:\/\/www.plastic-crates.com\/pt\/produto\/palete-de-contencao-de-derramamento-palete-de-contencao-de-derramamento\/\" \/>\n<meta property=\"og:locale\" content=\"pt_PT\" \/>\n<meta property=\"og:type\" content=\"article\" \/>\n<meta property=\"og:title\" content=\"Spill containment pallet, drum spill containment pallet - plastic-crates.com\" \/>\n<meta property=\"og:description\" content=\"Wholesale Spill containment pallet, drum spill containment pallets, cheap ibc spill containment pallet, Spill containment pallet for sale\" \/>\n<meta property=\"og:url\" content=\"https:\/\/www.plastic-crates.com\/pt\/produto\/palete-de-contencao-de-derramamento-palete-de-contencao-de-derramamento\/\" \/>\n<meta property=\"og:site_name\" content=\"plastic-crates.com\" \/>\n<meta property=\"article:modified_time\" content=\"2026-03-05T13:37:19+00:00\" \/>\n<meta property=\"og:image\" content=\"https:\/\/www.plastic-crates.com\/wp-content\/uploads\/2023\/11\/spill-containment-pallets-1.jpeg\" \/>\n\t<meta property=\"og:image:width\" content=\"800\" \/>\n\t<meta property=\"og:image:height\" content=\"800\" \/>\n\t<meta property=\"og:image:type\" content=\"image\/jpeg\" \/>\n<meta name=\"twitter:card\" content=\"summary_large_image\" \/>\n<meta name=\"twitter:label1\" content=\"Tempo estimado de leitura\" \/>\n\t<meta name=\"twitter:data1\" content=\"3 minutos\" \/>\n<script type=\"application\/ld+json\" class=\"yoast-schema-graph\">{\"@context\":\"https:\/\/schema.org\",\"@graph\":[{\"@type\":\"WebPage\",\"@id\":\"https:\/\/www.plastic-crates.com\/product\/spill-containment-pallet-drum-spill-containment-pallet\/\",\"url\":\"https:\/\/www.plastic-crates.com\/product\/spill-containment-pallet-drum-spill-containment-pallet\/\",\"name\":\"Spill containment pallet, drum spill containment pallet - plastic-crates.com\",\"isPartOf\":{\"@id\":\"https:\/\/www.plastic-crates.com\/#website\"},\"primaryImageOfPage\":{\"@id\":\"https:\/\/www.plastic-crates.com\/product\/spill-containment-pallet-drum-spill-containment-pallet\/#primaryimage\"},\"image\":{\"@id\":\"https:\/\/www.plastic-crates.com\/product\/spill-containment-pallet-drum-spill-containment-pallet\/#primaryimage\"},\"thumbnailUrl\":\"https:\/\/www.plastic-crates.com\/wp-content\/uploads\/2023\/11\/spill-containment-pallets-1.jpeg\",\"datePublished\":\"2023-11-26T10:38:59+00:00\",\"dateModified\":\"2026-03-05T13:37:19+00:00\",\"description\":\"Wholesale Spill containment pallet, drum spill containment pallets, cheap ibc spill containment pallet, Spill containment pallet for sale\",\"breadcrumb\":{\"@id\":\"https:\/\/www.plastic-crates.com\/product\/spill-containment-pallet-drum-spill-containment-pallet\/#breadcrumb\"},\"inLanguage\":\"pt-PT\",\"potentialAction\":[{\"@type\":\"ReadAction\",\"target\":[\"https:\/\/www.plastic-crates.com\/product\/spill-containment-pallet-drum-spill-containment-pallet\/\"]}]},{\"@type\":\"ImageObject\",\"inLanguage\":\"pt-PT\",\"@id\":\"https:\/\/www.plastic-crates.com\/product\/spill-containment-pallet-drum-spill-containment-pallet\/#primaryimage\",\"url\":\"https:\/\/www.plastic-crates.com\/wp-content\/uploads\/2023\/11\/spill-containment-pallets-1.jpeg\",\"contentUrl\":\"https:\/\/www.plastic-crates.com\/wp-content\/uploads\/2023\/11\/spill-containment-pallets-1.jpeg\",\"width\":800,\"height\":800,\"caption\":\"spill containment pallets\"},{\"@type\":\"BreadcrumbList\",\"@id\":\"https:\/\/www.plastic-crates.com\/product\/spill-containment-pallet-drum-spill-containment-pallet\/#breadcrumb\",\"itemListElement\":[{\"@type\":\"ListItem\",\"position\":1,\"name\":\"Home\",\"item\":\"https:\/\/www.plastic-crates.com\/\"},{\"@type\":\"ListItem\",\"position\":2,\"name\":\"Products\",\"item\":\"https:\/\/www.plastic-crates.com\/shop\/\"},{\"@type\":\"ListItem\",\"position\":3,\"name\":\"Spill containment pallet, drum spill containment pallet\"}]},{\"@type\":\"WebSite\",\"@id\":\"https:\/\/www.plastic-crates.com\/#website\",\"url\":\"https:\/\/www.plastic-crates.com\/\",\"name\":\"plastic-crates.com\",\"description\":\"Leading plastic crates manufacturer in China\",\"potentialAction\":[{\"@type\":\"SearchAction\",\"target\":{\"@type\":\"EntryPoint\",\"urlTemplate\":\"https:\/\/www.plastic-crates.com\/?s={search_term_string}\"},\"query-input\":{\"@type\":\"PropertyValueSpecification\",\"valueRequired\":true,\"valueName\":\"search_term_string\"}}],\"inLanguage\":\"pt-PT\"}]}<\/script>\n<!-- \/ Yoast SEO plugin. -->","yoast_head_json":{"title":"Palete de conten\u00e7\u00e3o de derramamento, palete de conten\u00e7\u00e3o de derramamento de tambor - plastic-crates.com","description":"Palete de conten\u00e7\u00e3o de derramamento por atacado, paletes de conten\u00e7\u00e3o de derramamento de tambor, palete de conten\u00e7\u00e3o de derramamento ibc barato, palete de conten\u00e7\u00e3o de derramamento para venda","robots":{"index":"index","follow":"follow","max-snippet":"max-snippet:-1","max-image-preview":"max-image-preview:large","max-video-preview":"max-video-preview:-1"},"canonical":"https:\/\/www.plastic-crates.com\/pt\/produto\/palete-de-contencao-de-derramamento-palete-de-contencao-de-derramamento\/","og_locale":"pt_PT","og_type":"article","og_title":"Spill containment pallet, drum spill containment pallet - plastic-crates.com","og_description":"Wholesale Spill containment pallet, drum spill containment pallets, cheap ibc spill containment pallet, Spill containment pallet for sale","og_url":"https:\/\/www.plastic-crates.com\/pt\/produto\/palete-de-contencao-de-derramamento-palete-de-contencao-de-derramamento\/","og_site_name":"plastic-crates.com","article_modified_time":"2026-03-05T13:37:19+00:00","og_image":[{"width":800,"height":800,"url":"https:\/\/www.plastic-crates.com\/wp-content\/uploads\/2023\/11\/spill-containment-pallets-1.jpeg","type":"image\/jpeg"}],"twitter_card":"summary_large_image","twitter_misc":{"Tempo estimado de leitura":"3 minutos"},"schema":{"@context":"https:\/\/schema.org","@graph":[{"@type":"WebPage","@id":"https:\/\/www.plastic-crates.com\/product\/spill-containment-pallet-drum-spill-containment-pallet\/","url":"https:\/\/www.plastic-crates.com\/product\/spill-containment-pallet-drum-spill-containment-pallet\/","name":"Palete de conten\u00e7\u00e3o de derramamento, palete de conten\u00e7\u00e3o de derramamento de tambor - plastic-crates.com","isPartOf":{"@id":"https:\/\/www.plastic-crates.com\/#website"},"primaryImageOfPage":{"@id":"https:\/\/www.plastic-crates.com\/product\/spill-containment-pallet-drum-spill-containment-pallet\/#primaryimage"},"image":{"@id":"https:\/\/www.plastic-crates.com\/product\/spill-containment-pallet-drum-spill-containment-pallet\/#primaryimage"},"thumbnailUrl":"https:\/\/www.plastic-crates.com\/wp-content\/uploads\/2023\/11\/spill-containment-pallets-1.jpeg","datePublished":"2023-11-26T10:38:59+00:00","dateModified":"2026-03-05T13:37:19+00:00","description":"Palete de conten\u00e7\u00e3o de derramamento por atacado, paletes de conten\u00e7\u00e3o de derramamento de tambor, palete de conten\u00e7\u00e3o de derramamento ibc barato, palete de conten\u00e7\u00e3o de derramamento para venda","breadcrumb":{"@id":"https:\/\/www.plastic-crates.com\/product\/spill-containment-pallet-drum-spill-containment-pallet\/#breadcrumb"},"inLanguage":"pt-PT","potentialAction":[{"@type":"ReadAction","target":["https:\/\/www.plastic-crates.com\/product\/spill-containment-pallet-drum-spill-containment-pallet\/"]}]},{"@type":"ImageObject","inLanguage":"pt-PT","@id":"https:\/\/www.plastic-crates.com\/product\/spill-containment-pallet-drum-spill-containment-pallet\/#primaryimage","url":"https:\/\/www.plastic-crates.com\/wp-content\/uploads\/2023\/11\/spill-containment-pallets-1.jpeg","contentUrl":"https:\/\/www.plastic-crates.com\/wp-content\/uploads\/2023\/11\/spill-containment-pallets-1.jpeg","width":800,"height":800,"caption":"spill containment pallets"},{"@type":"BreadcrumbList","@id":"https:\/\/www.plastic-crates.com\/product\/spill-containment-pallet-drum-spill-containment-pallet\/#breadcrumb","itemListElement":[{"@type":"ListItem","position":1,"name":"Home","item":"https:\/\/www.plastic-crates.com\/"},{"@type":"ListItem","position":2,"name":"Products","item":"https:\/\/www.plastic-crates.com\/shop\/"},{"@type":"ListItem","position":3,"name":"Spill containment pallet, drum spill containment pallet"}]},{"@type":"WebSite","@id":"https:\/\/www.plastic-crates.com\/#website","url":"https:\/\/www.plastic-crates.com\/","name":"plastic-crates.com","description":"Fabricante l\u00edder de caixas pl\u00e1sticas na China","potentialAction":[{"@type":"SearchAction","target":{"@type":"EntryPoint","urlTemplate":"https:\/\/www.plastic-crates.com\/?s={search_term_string}"},"query-input":{"@type":"PropertyValueSpecification","valueRequired":true,"valueName":"search_term_string"}}],"inLanguage":"pt-PT"}]}},"_links":{"self":[{"href":"https:\/\/www.plastic-crates.com\/pt\/wp-json\/wp\/v2\/product\/7349","targetHints":{"allow":["GET"]}}],"collection":[{"href":"https:\/\/www.plastic-crates.com\/pt\/wp-json\/wp\/v2\/product"}],"about":[{"href":"https:\/\/www.plastic-crates.com\/pt\/wp-json\/wp\/v2\/types\/product"}],"wp:featuredmedia":[{"embeddable":true,"href":"https:\/\/www.plastic-crates.com\/pt\/wp-json\/wp\/v2\/media\/7350"}],"wp:attachment":[{"href":"https:\/\/www.plastic-crates.com\/pt\/wp-json\/wp\/v2\/media?parent=7349"}],"wp:term":[{"taxonomy":"product_brand","embeddable":true,"href":"https:\/\/www.plastic-crates.com\/pt\/wp-json\/wp\/v2\/product_brand?post=7349"},{"taxonomy":"product_cat","embeddable":true,"href":"https:\/\/www.plastic-crates.com\/pt\/wp-json\/wp\/v2\/product_cat?post=7349"},{"taxonomy":"product_tag","embeddable":true,"href":"https:\/\/www.plastic-crates.com\/pt\/wp-json\/wp\/v2\/product_tag?post=7349"}],"curies":[{"name":"wp","href":"https:\/\/api.w.org\/{rel}","templated":true}]}}