{"id":7378,"date":"2024-10-28T00:44:59","date_gmt":"2024-10-28T00:44:59","guid":{"rendered":"https:\/\/www.plastic-crates.com\/?post_type=product&#038;p=7378"},"modified":"2026-03-05T21:11:26","modified_gmt":"2026-03-05T21:11:26","slug":"palete-de-plastico-grande-personalizado-3000x3000mm","status":"publish","type":"product","link":"https:\/\/www.plastic-crates.com\/pt\/produto\/palete-de-plastico-grande-personalizado-3000x3000mm\/","title":{"rendered":"Palete de pl\u00e1stico grande personalizado 3000x3000mm"},"content":{"rendered":"<p>Paletes pl\u00e1sticos personalizados de grande porte s\u00e3o um excelente investimento para empresas que precisam transportar produtos grandes com seguran\u00e7a. Eles podem ser personalizados para atender \u00e0s necessidades espec\u00edficas de diferentes neg\u00f3cios, resultando em maior efici\u00eancia e economia de custos.<\/p>\n<p dir=\"auto\">Os paletes de pl\u00e1stico v\u00eam revolucionando a forma como as mercadorias s\u00e3o transportadas e armazenadas. S\u00e3o uma alternativa moderna e avan\u00e7ada aos paletes de madeira tradicionais, oferecendo diversos benef\u00edcios em termos de durabilidade, higiene e sustentabilidade. E agora, com op\u00e7\u00f5es personaliz\u00e1veis de paletes de pl\u00e1stico de grande porte, as empresas podem otimizar sua log\u00edstica para atender \u00e0s suas necessidades espec\u00edficas.<\/p>\n<p dir=\"auto\">Uma dessas op\u00e7\u00f5es \u00e9 o palete pl\u00e1stico personalizado de grande porte, medindo 3000x3000 mm. Esse tamanho \u00e9 ideal para empresas que precisam de paletes para transportar m\u00e1quinas, equipamentos ou produtos de grande porte. A personaliza\u00e7\u00e3o significa que o palete pode ser adaptado \u00e0s necessidades espec\u00edficas de cada empresa, incorporando recursos como suportes multin\u00edvel ou superf\u00edcies antiderrapantes para garantir a m\u00e1xima estabilidade.<\/p>\n<p><strong>Design modular:<\/strong><\/p>\n<p>O design modular permite que os paletes de conten\u00e7\u00e3o de derramamentos sejam configurados em layouts personalizados, adaptando-se \u00e0s necessidades espec\u00edficas da sua \u00e1rea de armazenamento. Crie um sistema de conten\u00e7\u00e3o de derramamentos eficaz, adaptado \u00e0s suas necessidades operacionais.<\/p>\n<p><a href=\"https:\/\/www.plastic-crates.com\/pt\/categoria+de+produto\/sacolas-com-tampas\/\" target=\"_blank\" rel=\"noopener\">caixas de armazenamento com tampas<\/a>, <a href=\"https:\/\/www.plastic-crate.co.uk\/product-category\/plastic-trays\/\" target=\"_blank\" rel=\"noopener\">bandeja de massa com tampa<\/a>,<a href=\"https:\/\/www.ph-teststrips.com\/product-category\/salt-water-test-strips\/\" target=\"_blank\" rel=\"noopener\">water test strips manufacturer<\/a><\/p>","protected":false},"excerpt":{"rendered":"<p>Customized large size plastic pallets are an excellent investment for companies that need to transport large products safely and securely.&hellip;<\/p>","protected":false},"featured_media":7379,"template":"","meta":{"_acf_changed":false},"product_brand":[],"product_cat":[155],"product_tag":[141],"class_list":{"0":"post-7378","1":"product","2":"type-product","3":"status-publish","4":"has-post-thumbnail","6":"product_cat-pallets-manufacturer","7":"product_tag-ibc-spill-containment-pallet","9":"first","10":"instock","11":"shipping-taxable","12":"product-type-simple"},"acf":[],"yoast_head":"<!-- This site is optimized with the Yoast SEO plugin v26.1.1 - https:\/\/yoast.com\/wordpress\/plugins\/seo\/ -->\n<title>Customized large size plastic pallet 3000x3000mm - plastic-crates.com<\/title>\n<meta name=\"description\" content=\"Wholesale Customized large size plastic pallets are an excellent option to transport large products safely and securely.\" \/>\n<meta name=\"robots\" content=\"index, follow, max-snippet:-1, max-image-preview:large, max-video-preview:-1\" \/>\n<link rel=\"canonical\" href=\"https:\/\/www.plastic-crates.com\/pt\/produto\/palete-de-plastico-grande-personalizado-3000x3000mm\/\" \/>\n<meta property=\"og:locale\" content=\"pt_PT\" \/>\n<meta property=\"og:type\" content=\"article\" \/>\n<meta property=\"og:title\" content=\"Customized large size plastic pallet 3000x3000mm - plastic-crates.com\" \/>\n<meta property=\"og:description\" content=\"Wholesale Customized large size plastic pallets are an excellent option to transport large products safely and securely.\" \/>\n<meta property=\"og:url\" content=\"https:\/\/www.plastic-crates.com\/pt\/produto\/palete-de-plastico-grande-personalizado-3000x3000mm\/\" \/>\n<meta property=\"og:site_name\" content=\"plastic-crates.com\" \/>\n<meta property=\"article:modified_time\" content=\"2026-03-05T21:11:26+00:00\" \/>\n<meta property=\"og:image\" content=\"https:\/\/www.plastic-crates.com\/wp-content\/uploads\/2024\/10\/large-size-3000x3000mm-special-custom-built-plastic-pallet.jpg\" \/>\n\t<meta property=\"og:image:width\" content=\"650\" \/>\n\t<meta property=\"og:image:height\" content=\"474\" \/>\n\t<meta property=\"og:image:type\" content=\"image\/jpeg\" \/>\n<meta name=\"twitter:card\" content=\"summary_large_image\" \/>\n<meta name=\"twitter:label1\" content=\"Tempo estimado de leitura\" \/>\n\t<meta name=\"twitter:data1\" content=\"2 minutos\" \/>\n<script type=\"application\/ld+json\" class=\"yoast-schema-graph\">{\"@context\":\"https:\/\/schema.org\",\"@graph\":[{\"@type\":\"WebPage\",\"@id\":\"https:\/\/www.plastic-crates.com\/product\/customized-large-size-plastic-pallet-3000x3000mm\/\",\"url\":\"https:\/\/www.plastic-crates.com\/product\/customized-large-size-plastic-pallet-3000x3000mm\/\",\"name\":\"Customized large size plastic pallet 3000x3000mm - plastic-crates.com\",\"isPartOf\":{\"@id\":\"https:\/\/www.plastic-crates.com\/#website\"},\"primaryImageOfPage\":{\"@id\":\"https:\/\/www.plastic-crates.com\/product\/customized-large-size-plastic-pallet-3000x3000mm\/#primaryimage\"},\"image\":{\"@id\":\"https:\/\/www.plastic-crates.com\/product\/customized-large-size-plastic-pallet-3000x3000mm\/#primaryimage\"},\"thumbnailUrl\":\"https:\/\/www.plastic-crates.com\/wp-content\/uploads\/2024\/10\/large-size-3000x3000mm-special-custom-built-plastic-pallet.jpg\",\"datePublished\":\"2024-10-28T00:44:59+00:00\",\"dateModified\":\"2026-03-05T21:11:26+00:00\",\"description\":\"Wholesale Customized large size plastic pallets are an excellent option to transport large products safely and securely.\",\"breadcrumb\":{\"@id\":\"https:\/\/www.plastic-crates.com\/product\/customized-large-size-plastic-pallet-3000x3000mm\/#breadcrumb\"},\"inLanguage\":\"pt-PT\",\"potentialAction\":[{\"@type\":\"ReadAction\",\"target\":[\"https:\/\/www.plastic-crates.com\/product\/customized-large-size-plastic-pallet-3000x3000mm\/\"]}]},{\"@type\":\"ImageObject\",\"inLanguage\":\"pt-PT\",\"@id\":\"https:\/\/www.plastic-crates.com\/product\/customized-large-size-plastic-pallet-3000x3000mm\/#primaryimage\",\"url\":\"https:\/\/www.plastic-crates.com\/wp-content\/uploads\/2024\/10\/large-size-3000x3000mm-special-custom-built-plastic-pallet.jpg\",\"contentUrl\":\"https:\/\/www.plastic-crates.com\/wp-content\/uploads\/2024\/10\/large-size-3000x3000mm-special-custom-built-plastic-pallet.jpg\",\"width\":650,\"height\":474,\"caption\":\"customized large size plastic pallet 3000x3000mm\"},{\"@type\":\"BreadcrumbList\",\"@id\":\"https:\/\/www.plastic-crates.com\/product\/customized-large-size-plastic-pallet-3000x3000mm\/#breadcrumb\",\"itemListElement\":[{\"@type\":\"ListItem\",\"position\":1,\"name\":\"Home\",\"item\":\"https:\/\/www.plastic-crates.com\/\"},{\"@type\":\"ListItem\",\"position\":2,\"name\":\"Products\",\"item\":\"https:\/\/www.plastic-crates.com\/shop\/\"},{\"@type\":\"ListItem\",\"position\":3,\"name\":\"Customized large size plastic pallet 3000x3000mm\"}]},{\"@type\":\"WebSite\",\"@id\":\"https:\/\/www.plastic-crates.com\/#website\",\"url\":\"https:\/\/www.plastic-crates.com\/\",\"name\":\"plastic-crates.com\",\"description\":\"Leading plastic crates manufacturer in China\",\"potentialAction\":[{\"@type\":\"SearchAction\",\"target\":{\"@type\":\"EntryPoint\",\"urlTemplate\":\"https:\/\/www.plastic-crates.com\/?s={search_term_string}\"},\"query-input\":{\"@type\":\"PropertyValueSpecification\",\"valueRequired\":true,\"valueName\":\"search_term_string\"}}],\"inLanguage\":\"pt-PT\"}]}<\/script>\n<!-- \/ Yoast SEO plugin. -->","yoast_head_json":{"title":"Palete de pl\u00e1stico grande personalizado 3000x3000mm - plastic-crates.com","description":"Paletes pl\u00e1sticos grandes e personalizados no atacado s\u00e3o uma excelente op\u00e7\u00e3o para transportar produtos grandes com seguran\u00e7a.","robots":{"index":"index","follow":"follow","max-snippet":"max-snippet:-1","max-image-preview":"max-image-preview:large","max-video-preview":"max-video-preview:-1"},"canonical":"https:\/\/www.plastic-crates.com\/pt\/produto\/palete-de-plastico-grande-personalizado-3000x3000mm\/","og_locale":"pt_PT","og_type":"article","og_title":"Customized large size plastic pallet 3000x3000mm - plastic-crates.com","og_description":"Wholesale Customized large size plastic pallets are an excellent option to transport large products safely and securely.","og_url":"https:\/\/www.plastic-crates.com\/pt\/produto\/palete-de-plastico-grande-personalizado-3000x3000mm\/","og_site_name":"plastic-crates.com","article_modified_time":"2026-03-05T21:11:26+00:00","og_image":[{"width":650,"height":474,"url":"https:\/\/www.plastic-crates.com\/wp-content\/uploads\/2024\/10\/large-size-3000x3000mm-special-custom-built-plastic-pallet.jpg","type":"image\/jpeg"}],"twitter_card":"summary_large_image","twitter_misc":{"Tempo estimado de leitura":"2 minutos"},"schema":{"@context":"https:\/\/schema.org","@graph":[{"@type":"WebPage","@id":"https:\/\/www.plastic-crates.com\/product\/customized-large-size-plastic-pallet-3000x3000mm\/","url":"https:\/\/www.plastic-crates.com\/product\/customized-large-size-plastic-pallet-3000x3000mm\/","name":"Palete de pl\u00e1stico grande personalizado 3000x3000mm - plastic-crates.com","isPartOf":{"@id":"https:\/\/www.plastic-crates.com\/#website"},"primaryImageOfPage":{"@id":"https:\/\/www.plastic-crates.com\/product\/customized-large-size-plastic-pallet-3000x3000mm\/#primaryimage"},"image":{"@id":"https:\/\/www.plastic-crates.com\/product\/customized-large-size-plastic-pallet-3000x3000mm\/#primaryimage"},"thumbnailUrl":"https:\/\/www.plastic-crates.com\/wp-content\/uploads\/2024\/10\/large-size-3000x3000mm-special-custom-built-plastic-pallet.jpg","datePublished":"2024-10-28T00:44:59+00:00","dateModified":"2026-03-05T21:11:26+00:00","description":"Paletes pl\u00e1sticos grandes e personalizados no atacado s\u00e3o uma excelente op\u00e7\u00e3o para transportar produtos grandes com seguran\u00e7a.","breadcrumb":{"@id":"https:\/\/www.plastic-crates.com\/product\/customized-large-size-plastic-pallet-3000x3000mm\/#breadcrumb"},"inLanguage":"pt-PT","potentialAction":[{"@type":"ReadAction","target":["https:\/\/www.plastic-crates.com\/product\/customized-large-size-plastic-pallet-3000x3000mm\/"]}]},{"@type":"ImageObject","inLanguage":"pt-PT","@id":"https:\/\/www.plastic-crates.com\/product\/customized-large-size-plastic-pallet-3000x3000mm\/#primaryimage","url":"https:\/\/www.plastic-crates.com\/wp-content\/uploads\/2024\/10\/large-size-3000x3000mm-special-custom-built-plastic-pallet.jpg","contentUrl":"https:\/\/www.plastic-crates.com\/wp-content\/uploads\/2024\/10\/large-size-3000x3000mm-special-custom-built-plastic-pallet.jpg","width":650,"height":474,"caption":"customized large size plastic pallet 3000x3000mm"},{"@type":"BreadcrumbList","@id":"https:\/\/www.plastic-crates.com\/product\/customized-large-size-plastic-pallet-3000x3000mm\/#breadcrumb","itemListElement":[{"@type":"ListItem","position":1,"name":"Home","item":"https:\/\/www.plastic-crates.com\/"},{"@type":"ListItem","position":2,"name":"Products","item":"https:\/\/www.plastic-crates.com\/shop\/"},{"@type":"ListItem","position":3,"name":"Customized large size plastic pallet 3000x3000mm"}]},{"@type":"WebSite","@id":"https:\/\/www.plastic-crates.com\/#website","url":"https:\/\/www.plastic-crates.com\/","name":"plastic-crates.com","description":"Fabricante l\u00edder de caixas pl\u00e1sticas na China","potentialAction":[{"@type":"SearchAction","target":{"@type":"EntryPoint","urlTemplate":"https:\/\/www.plastic-crates.com\/?s={search_term_string}"},"query-input":{"@type":"PropertyValueSpecification","valueRequired":true,"valueName":"search_term_string"}}],"inLanguage":"pt-PT"}]}},"_links":{"self":[{"href":"https:\/\/www.plastic-crates.com\/pt\/wp-json\/wp\/v2\/product\/7378","targetHints":{"allow":["GET"]}}],"collection":[{"href":"https:\/\/www.plastic-crates.com\/pt\/wp-json\/wp\/v2\/product"}],"about":[{"href":"https:\/\/www.plastic-crates.com\/pt\/wp-json\/wp\/v2\/types\/product"}],"wp:featuredmedia":[{"embeddable":true,"href":"https:\/\/www.plastic-crates.com\/pt\/wp-json\/wp\/v2\/media\/7379"}],"wp:attachment":[{"href":"https:\/\/www.plastic-crates.com\/pt\/wp-json\/wp\/v2\/media?parent=7378"}],"wp:term":[{"taxonomy":"product_brand","embeddable":true,"href":"https:\/\/www.plastic-crates.com\/pt\/wp-json\/wp\/v2\/product_brand?post=7378"},{"taxonomy":"product_cat","embeddable":true,"href":"https:\/\/www.plastic-crates.com\/pt\/wp-json\/wp\/v2\/product_cat?post=7378"},{"taxonomy":"product_tag","embeddable":true,"href":"https:\/\/www.plastic-crates.com\/pt\/wp-json\/wp\/v2\/product_tag?post=7378"}],"curies":[{"name":"wp","href":"https:\/\/api.w.org\/{rel}","templated":true}]}}