{"id":7385,"date":"2024-10-28T04:29:06","date_gmt":"2024-10-28T04:29:06","guid":{"rendered":"https:\/\/www.plastic-crates.com\/?post_type=product&#038;p=7385"},"modified":"2025-04-28T21:21:01","modified_gmt":"2025-04-28T21:21:01","slug":"bandejas-de-padaria-de-plastico-bandejas-de-exposicao-de-padaria-de-plastico-550","status":"publish","type":"product","link":"https:\/\/www.plastic-crates.com\/pt\/produto\/bandejas-de-padaria-de-plastico-bandejas-de-exposicao-de-padaria-de-plastico-550\/","title":{"rendered":"Bandejas de pl\u00e1stico para padaria, bandejas de pl\u00e1stico para exposi\u00e7\u00e3o de padaria - 550"},"content":{"rendered":"<p>As bandejas de pl\u00e1stico para padaria s\u00e3o projetadas para o uso eficiente do espa\u00e7o dispon\u00edvel na padaria ou no armaz\u00e9m, em caminh\u00f5es e no armazenamento de lojas de conveni\u00eancia ou supermercados.<\/p>\n<p>Quando cheios, estes <strong>prateleira de pl\u00e1stico para padaria<\/strong> Empilhem-se com seguran\u00e7a para facilitar o transporte e a comercializa\u00e7\u00e3o. Quando vazios, eles se empilham transversalmente e se encaixam para economizar espa\u00e7o nos fundos e no caminh\u00e3o.<\/p>\n<p>Bandejas empilhadas formam displays de mercadorias visualmente atraentes e de f\u00e1cil acesso em corredores ou se\u00e7\u00f5es de produtos assados.<\/p>\n<p>&nbsp;<\/p>\n<ul>\n<li>A barra de balan\u00e7o \u00e9 opcional, empilh\u00e1vel e colocada na barra de balan\u00e7o e encaix\u00e1vel e retirada da barra de balan\u00e7o<\/li>\n<li>Design encaix\u00e1vel para economizar espa\u00e7o quando n\u00e3o estiver em uso<\/li>\n<li>Impress\u00e3o em seda com nome e logotipo do cliente<\/li>\n<li>O porta-etiquetas pode ser opcional para fixa\u00e7\u00e3o<\/li>\n<li>Especialmente para carregamento de p\u00e3o<\/li>\n<\/ul>\n<p><img loading=\"lazy\" decoding=\"async\" class=\"alignnone wp-image-6055 size-large\" src=\"https:\/\/www.plastic-crate.co.uk\/wp-content\/uploads\/2022\/04\/plastic-bakery-trays-feature-1024x295.jpg\" alt=\"bandejas pl\u00e1sticas de padaria apresentam\" width=\"1024\" height=\"295\" \/> <img loading=\"lazy\" decoding=\"async\" class=\"alignnone wp-image-6056 size-full\" src=\"https:\/\/www.plastic-crate.co.uk\/wp-content\/uploads\/2022\/04\/plastic-bakery-trays-detail.jpg\" alt=\"detalhe das bandejas pl\u00e1sticas de padaria\" width=\"1000\" height=\"1000\" \/> <img loading=\"lazy\" decoding=\"async\" class=\"alignnone wp-image-6057 size-full\" src=\"https:\/\/www.plastic-crate.co.uk\/wp-content\/uploads\/2022\/04\/plastic-bakery-trays-customize-logo.jpg\" alt=\"bandejas pl\u00e1sticas de padaria personalizam logotipo\" width=\"1000\" height=\"495\" \/><\/p>\n<p>&nbsp;<\/p>\n<p><a href=\"https:\/\/www.plastic-crate.co.uk\/product-category\/plastic-milk-crates\/\">caixas de leite de pl\u00e1stico<\/a>, <a href=\"https:\/\/www.plastic-crate.co.uk\/product-category\/supermarket-crates-bale-arm-crates\/\">caixas de supermercado<\/a>, <a href=\"https:\/\/www.plastic-crates.com\/pt\/categoria+de+produto\/sacolas-com-tampas\/\" target=\"_blank\" rel=\"noopener\">bolsa tipo flip top<\/a><\/p>","protected":false},"excerpt":{"rendered":"<p>Plastic bakery trays are designed for the efficient use of your available space in the bakery or warehouse, on trucks,&hellip;<\/p>","protected":false},"featured_media":7394,"template":"","meta":{"_acf_changed":false},"product_brand":[],"product_cat":[151,144],"product_tag":[],"class_list":{"0":"post-7385","1":"product","2":"type-product","3":"status-publish","4":"has-post-thumbnail","6":"product_cat-bakery-rack","7":"product_cat-plastic-trays-wholesale","9":"first","10":"instock","11":"product-type-simple"},"acf":[],"yoast_head":"<!-- This site is optimized with the Yoast SEO plugin v26.1.1 - https:\/\/yoast.com\/wordpress\/plugins\/seo\/ -->\n<title>Plastic bakery trays, plastic bakery display trays Wholesale<\/title>\n<meta name=\"description\" content=\"Plastic bakery trays, plastic bakery rack at wholesale prices, OEM &amp; ODM service available, perfect for catering supermarket\" \/>\n<meta name=\"robots\" content=\"index, follow, max-snippet:-1, max-image-preview:large, max-video-preview:-1\" \/>\n<link rel=\"canonical\" href=\"https:\/\/www.plastic-crates.com\/pt\/produto\/bandejas-de-padaria-de-plastico-bandejas-de-exposicao-de-padaria-de-plastico-550\/\" \/>\n<meta property=\"og:locale\" content=\"pt_PT\" \/>\n<meta property=\"og:type\" content=\"article\" \/>\n<meta property=\"og:title\" content=\"stackable folding crate, High Quality stackable folding crate Wholesale\" \/>\n<meta property=\"og:description\" content=\"Plastic bakery trays, plastic bakery rack at wholesale prices, OEM &amp; ODM service available, perfect for catering supermarket\" \/>\n<meta property=\"og:url\" content=\"https:\/\/www.plastic-crates.com\/pt\/produto\/bandejas-de-padaria-de-plastico-bandejas-de-exposicao-de-padaria-de-plastico-550\/\" \/>\n<meta property=\"og:site_name\" content=\"plastic-crates.com\" \/>\n<meta property=\"article:modified_time\" content=\"2025-04-28T21:21:01+00:00\" \/>\n<meta property=\"og:image\" content=\"https:\/\/www.plastic-crates.com\/wp-content\/uploads\/2024\/10\/plastic-bakery-trays-1.jpg\" \/>\n\t<meta property=\"og:image:width\" content=\"1000\" \/>\n\t<meta property=\"og:image:height\" content=\"1000\" \/>\n\t<meta property=\"og:image:type\" content=\"image\/jpeg\" \/>\n<meta name=\"twitter:card\" content=\"summary_large_image\" \/>\n<meta name=\"twitter:title\" content=\"stackable folding crate, High Quality stackable folding crate Wholesale\" \/>\n<meta name=\"twitter:label1\" content=\"Tempo estimado de leitura\" \/>\n\t<meta name=\"twitter:data1\" content=\"2 minutos\" \/>\n<script type=\"application\/ld+json\" class=\"yoast-schema-graph\">{\"@context\":\"https:\/\/schema.org\",\"@graph\":[{\"@type\":\"WebPage\",\"@id\":\"https:\/\/www.plastic-crates.com\/product\/plastic-bakery-trays-plastic-bakery-display-trays-550\/\",\"url\":\"https:\/\/www.plastic-crates.com\/product\/plastic-bakery-trays-plastic-bakery-display-trays-550\/\",\"name\":\"Plastic bakery trays, plastic bakery display trays Wholesale\",\"isPartOf\":{\"@id\":\"https:\/\/www.plastic-crates.com\/#website\"},\"primaryImageOfPage\":{\"@id\":\"https:\/\/www.plastic-crates.com\/product\/plastic-bakery-trays-plastic-bakery-display-trays-550\/#primaryimage\"},\"image\":{\"@id\":\"https:\/\/www.plastic-crates.com\/product\/plastic-bakery-trays-plastic-bakery-display-trays-550\/#primaryimage\"},\"thumbnailUrl\":\"https:\/\/www.plastic-crates.com\/wp-content\/uploads\/2024\/10\/plastic-bakery-trays-1.jpg\",\"datePublished\":\"2024-10-28T04:29:06+00:00\",\"dateModified\":\"2025-04-28T21:21:01+00:00\",\"description\":\"Plastic bakery trays, plastic bakery rack at wholesale prices, OEM & ODM service available, perfect for catering supermarket\",\"breadcrumb\":{\"@id\":\"https:\/\/www.plastic-crates.com\/product\/plastic-bakery-trays-plastic-bakery-display-trays-550\/#breadcrumb\"},\"inLanguage\":\"pt-PT\",\"potentialAction\":[{\"@type\":\"ReadAction\",\"target\":[\"https:\/\/www.plastic-crates.com\/product\/plastic-bakery-trays-plastic-bakery-display-trays-550\/\"]}]},{\"@type\":\"ImageObject\",\"inLanguage\":\"pt-PT\",\"@id\":\"https:\/\/www.plastic-crates.com\/product\/plastic-bakery-trays-plastic-bakery-display-trays-550\/#primaryimage\",\"url\":\"https:\/\/www.plastic-crates.com\/wp-content\/uploads\/2024\/10\/plastic-bakery-trays-1.jpg\",\"contentUrl\":\"https:\/\/www.plastic-crates.com\/wp-content\/uploads\/2024\/10\/plastic-bakery-trays-1.jpg\",\"width\":1000,\"height\":1000},{\"@type\":\"BreadcrumbList\",\"@id\":\"https:\/\/www.plastic-crates.com\/product\/plastic-bakery-trays-plastic-bakery-display-trays-550\/#breadcrumb\",\"itemListElement\":[{\"@type\":\"ListItem\",\"position\":1,\"name\":\"Home\",\"item\":\"https:\/\/www.plastic-crates.com\/\"},{\"@type\":\"ListItem\",\"position\":2,\"name\":\"Products\",\"item\":\"https:\/\/www.plastic-crates.com\/shop\/\"},{\"@type\":\"ListItem\",\"position\":3,\"name\":\"Plastic bakery trays, plastic bakery display trays-550\"}]},{\"@type\":\"WebSite\",\"@id\":\"https:\/\/www.plastic-crates.com\/#website\",\"url\":\"https:\/\/www.plastic-crates.com\/\",\"name\":\"plastic-crates.com\",\"description\":\"Leading plastic crates manufacturer in China\",\"potentialAction\":[{\"@type\":\"SearchAction\",\"target\":{\"@type\":\"EntryPoint\",\"urlTemplate\":\"https:\/\/www.plastic-crates.com\/?s={search_term_string}\"},\"query-input\":{\"@type\":\"PropertyValueSpecification\",\"valueRequired\":true,\"valueName\":\"search_term_string\"}}],\"inLanguage\":\"pt-PT\"}]}<\/script>\n<!-- \/ Yoast SEO plugin. -->","yoast_head_json":{"title":"Bandejas de pl\u00e1stico para padaria, bandejas de pl\u00e1stico para exposi\u00e7\u00e3o de padaria Atacado","description":"Bandejas de padaria de pl\u00e1stico, prateleiras de padaria de pl\u00e1stico a pre\u00e7os de atacado, servi\u00e7o OEM e ODM dispon\u00edvel, perfeito para supermercados de catering","robots":{"index":"index","follow":"follow","max-snippet":"max-snippet:-1","max-image-preview":"max-image-preview:large","max-video-preview":"max-video-preview:-1"},"canonical":"https:\/\/www.plastic-crates.com\/pt\/produto\/bandejas-de-padaria-de-plastico-bandejas-de-exposicao-de-padaria-de-plastico-550\/","og_locale":"pt_PT","og_type":"article","og_title":"stackable folding crate, High Quality stackable folding crate Wholesale","og_description":"Plastic bakery trays, plastic bakery rack at wholesale prices, OEM & ODM service available, perfect for catering supermarket","og_url":"https:\/\/www.plastic-crates.com\/pt\/produto\/bandejas-de-padaria-de-plastico-bandejas-de-exposicao-de-padaria-de-plastico-550\/","og_site_name":"plastic-crates.com","article_modified_time":"2025-04-28T21:21:01+00:00","og_image":[{"width":1000,"height":1000,"url":"https:\/\/www.plastic-crates.com\/wp-content\/uploads\/2024\/10\/plastic-bakery-trays-1.jpg","type":"image\/jpeg"}],"twitter_card":"summary_large_image","twitter_title":"stackable folding crate, High Quality stackable folding crate Wholesale","twitter_misc":{"Tempo estimado de leitura":"2 minutos"},"schema":{"@context":"https:\/\/schema.org","@graph":[{"@type":"WebPage","@id":"https:\/\/www.plastic-crates.com\/product\/plastic-bakery-trays-plastic-bakery-display-trays-550\/","url":"https:\/\/www.plastic-crates.com\/product\/plastic-bakery-trays-plastic-bakery-display-trays-550\/","name":"Bandejas de pl\u00e1stico para padaria, bandejas de pl\u00e1stico para exposi\u00e7\u00e3o de padaria Atacado","isPartOf":{"@id":"https:\/\/www.plastic-crates.com\/#website"},"primaryImageOfPage":{"@id":"https:\/\/www.plastic-crates.com\/product\/plastic-bakery-trays-plastic-bakery-display-trays-550\/#primaryimage"},"image":{"@id":"https:\/\/www.plastic-crates.com\/product\/plastic-bakery-trays-plastic-bakery-display-trays-550\/#primaryimage"},"thumbnailUrl":"https:\/\/www.plastic-crates.com\/wp-content\/uploads\/2024\/10\/plastic-bakery-trays-1.jpg","datePublished":"2024-10-28T04:29:06+00:00","dateModified":"2025-04-28T21:21:01+00:00","description":"Bandejas de padaria de pl\u00e1stico, prateleiras de padaria de pl\u00e1stico a pre\u00e7os de atacado, servi\u00e7o OEM e ODM dispon\u00edvel, perfeito para supermercados de catering","breadcrumb":{"@id":"https:\/\/www.plastic-crates.com\/product\/plastic-bakery-trays-plastic-bakery-display-trays-550\/#breadcrumb"},"inLanguage":"pt-PT","potentialAction":[{"@type":"ReadAction","target":["https:\/\/www.plastic-crates.com\/product\/plastic-bakery-trays-plastic-bakery-display-trays-550\/"]}]},{"@type":"ImageObject","inLanguage":"pt-PT","@id":"https:\/\/www.plastic-crates.com\/product\/plastic-bakery-trays-plastic-bakery-display-trays-550\/#primaryimage","url":"https:\/\/www.plastic-crates.com\/wp-content\/uploads\/2024\/10\/plastic-bakery-trays-1.jpg","contentUrl":"https:\/\/www.plastic-crates.com\/wp-content\/uploads\/2024\/10\/plastic-bakery-trays-1.jpg","width":1000,"height":1000},{"@type":"BreadcrumbList","@id":"https:\/\/www.plastic-crates.com\/product\/plastic-bakery-trays-plastic-bakery-display-trays-550\/#breadcrumb","itemListElement":[{"@type":"ListItem","position":1,"name":"Home","item":"https:\/\/www.plastic-crates.com\/"},{"@type":"ListItem","position":2,"name":"Products","item":"https:\/\/www.plastic-crates.com\/shop\/"},{"@type":"ListItem","position":3,"name":"Plastic bakery trays, plastic bakery display trays-550"}]},{"@type":"WebSite","@id":"https:\/\/www.plastic-crates.com\/#website","url":"https:\/\/www.plastic-crates.com\/","name":"plastic-crates.com","description":"Fabricante l\u00edder de caixas pl\u00e1sticas na China","potentialAction":[{"@type":"SearchAction","target":{"@type":"EntryPoint","urlTemplate":"https:\/\/www.plastic-crates.com\/?s={search_term_string}"},"query-input":{"@type":"PropertyValueSpecification","valueRequired":true,"valueName":"search_term_string"}}],"inLanguage":"pt-PT"}]}},"_links":{"self":[{"href":"https:\/\/www.plastic-crates.com\/pt\/wp-json\/wp\/v2\/product\/7385","targetHints":{"allow":["GET"]}}],"collection":[{"href":"https:\/\/www.plastic-crates.com\/pt\/wp-json\/wp\/v2\/product"}],"about":[{"href":"https:\/\/www.plastic-crates.com\/pt\/wp-json\/wp\/v2\/types\/product"}],"wp:featuredmedia":[{"embeddable":true,"href":"https:\/\/www.plastic-crates.com\/pt\/wp-json\/wp\/v2\/media\/7394"}],"wp:attachment":[{"href":"https:\/\/www.plastic-crates.com\/pt\/wp-json\/wp\/v2\/media?parent=7385"}],"wp:term":[{"taxonomy":"product_brand","embeddable":true,"href":"https:\/\/www.plastic-crates.com\/pt\/wp-json\/wp\/v2\/product_brand?post=7385"},{"taxonomy":"product_cat","embeddable":true,"href":"https:\/\/www.plastic-crates.com\/pt\/wp-json\/wp\/v2\/product_cat?post=7385"},{"taxonomy":"product_tag","embeddable":true,"href":"https:\/\/www.plastic-crates.com\/pt\/wp-json\/wp\/v2\/product_tag?post=7385"}],"curies":[{"name":"wp","href":"https:\/\/api.w.org\/{rel}","templated":true}]}}