{"id":7386,"date":"2024-10-28T04:29:06","date_gmt":"2024-10-28T04:29:06","guid":{"rendered":"https:\/\/www.plastic-crates.com\/?post_type=product&#038;p=7386"},"modified":"2024-10-28T04:29:42","modified_gmt":"2024-10-28T04:29:42","slug":"bandeja-de-secagem-de-massa-bandejas-de-plastico-comerciais-para-secagem-de-massa-002","status":"publish","type":"product","link":"https:\/\/www.plastic-crates.com\/pt\/produto\/bandeja-de-secagem-de-massa-bandejas-de-plastico-comerciais-para-secagem-de-massa-002\/","title":{"rendered":"Bandeja de secagem de massa, bandejas de secagem de massa comerciais de pl\u00e1stico 002"},"content":{"rendered":"<p>Estas bandejas comerciais para secagem de massas s\u00e3o extremamente vers\u00e1teis e seguras para alimentos, empilh\u00e1veis e f\u00e1ceis de lavar, tornando-as o complemento perfeito para a sua cozinha. Seja para secar massas, ravi\u00f3lis, vegetais ou qualquer outra coisa, estas bandejas atender\u00e3o \u00e0s suas necessidades di\u00e1rias.<\/p>\n<ul>\n<li>Dur\u00e1vel e duradouro<\/li>\n<li>Testado para seguran\u00e7a alimentar a partir de -25<strong>\u00b0<\/strong>\u00a0C \u2013 115<strong>\u00b0<\/strong>\u00a0C (-13\u00b0 F \u2013 239\u00b0 F)<\/li>\n<li>Feito na It\u00e1lia<\/li>\n<li>Empilh\u00e1vel<\/li>\n<li>F\u00e1cil de limpar<\/li>\n<\/ul>\n<p><img loading=\"lazy\" decoding=\"async\" class=\"alignnone wp-image-6065 size-full\" src=\"https:\/\/www.plastic-crate.co.uk\/wp-content\/uploads\/2022\/04\/pasta-drying-tray-detail.jpg\" alt=\"detalhe da bandeja de secagem de massa comercial\" width=\"790\" height=\"876\" \/><\/p>\n<p><img loading=\"lazy\" decoding=\"async\" class=\"alignnone wp-image-6066 size-full\" src=\"https:\/\/www.plastic-crate.co.uk\/wp-content\/uploads\/2022\/04\/stackable-pasta-drying-tray.jpg\" alt=\"bandejas de secagem empilh\u00e1veis de pl\u00e1stico branco\" width=\"790\" height=\"651\" \/><\/p>\n<p><img loading=\"lazy\" decoding=\"async\" class=\"alignnone wp-image-6067 size-full\" src=\"https:\/\/www.plastic-crate.co.uk\/wp-content\/uploads\/2022\/04\/pasta-drying-tray-usecase.jpg\" alt=\"caso de uso da bandeja para secagem de massas\" width=\"790\" height=\"1500\" \/><\/p>\n<p>Bandeja de secagem de massas equipada com carrinho<\/p>\n<p><img loading=\"lazy\" decoding=\"async\" class=\"alignnone wp-image-6068 size-large\" src=\"https:\/\/www.plastic-crate.co.uk\/wp-content\/uploads\/2022\/04\/pasta-drying-tray-with-dolly-680x1024.jpg\" alt=\"bandeja de secagem de massa com carrinho\" width=\"680\" height=\"1024\" \/><\/p>\n<p><img loading=\"lazy\" decoding=\"async\" class=\"alignnone wp-image-6069 size-large\" src=\"https:\/\/www.plastic-crate.co.uk\/wp-content\/uploads\/2022\/04\/commercial-pasta-drying-tray-721x1024.jpg\" alt=\"bandeja comercial para secagem de massas\" width=\"721\" height=\"1024\" \/><\/p>\n<p><img loading=\"lazy\" decoding=\"async\" class=\"alignnone wp-image-6070 size-large\" src=\"https:\/\/www.plastic-crate.co.uk\/wp-content\/uploads\/2022\/04\/commercial-pasta-drying-tray-detail-695x1024.jpg\" alt=\"detalhe da bandeja de secagem de massa comercial\" width=\"695\" height=\"1024\" \/><\/p>\n<p><img loading=\"lazy\" decoding=\"async\" class=\"alignnone wp-image-6071 size-full\" src=\"https:\/\/www.plastic-crate.co.uk\/wp-content\/uploads\/2022\/04\/commercial-pasta-drying-tray-use-case.jpg\" alt=\"caso de uso de bandeja comercial para secagem de massas\" width=\"790\" height=\"902\" \/><\/p>\n<h5>Bandeja comercial para secagem de massas, tamanho dispon\u00edvel<\/h5>\n<p><img loading=\"lazy\" decoding=\"async\" class=\"alignnone wp-image-6072 size-full\" src=\"https:\/\/www.plastic-crate.co.uk\/wp-content\/uploads\/2022\/04\/pasta-drying-tray-available-size-a.jpg\" alt=\"bandeja comercial para secagem de massas, tamanho dispon\u00edvel\" width=\"790\" height=\"750\" \/><img loading=\"lazy\" decoding=\"async\" class=\"alignnone wp-image-6073 size-full\" src=\"https:\/\/www.plastic-crate.co.uk\/wp-content\/uploads\/2022\/04\/pasta-drying-tray-available-size-b.jpg\" alt=\"bandeja comercial para secagem de massas, tamanho dispon\u00edvel\" width=\"790\" height=\"904\" \/><img loading=\"lazy\" decoding=\"async\" class=\"alignnone wp-image-6074 size-full\" src=\"https:\/\/www.plastic-crate.co.uk\/wp-content\/uploads\/2022\/04\/pasta-drying-tray-available-size-c.jpg\" alt=\"bandeja comercial para secagem de massas, tamanho dispon\u00edvel\" width=\"790\" height=\"703\" \/><\/p>\n<p><a href=\"https:\/\/www.plastic-crate.co.uk\/product-category\/plastic-milk-crates\/\">caixas de leite de pl\u00e1stico para venda<\/a>, <a href=\"https:\/\/www.plastic-crate.co.uk\/product-category\/supermarket-crates-bale-arm-crates\/\">caixas de bra\u00e7o de fian\u00e7a<\/a>, <a href=\"https:\/\/www.plastic-crates.com\/pt\/categoria+de+produto\/sacolas-com-tampas\/\" target=\"_blank\" rel=\"noopener\">caixas de armazenamento com tampas<\/a><\/p>","protected":false},"excerpt":{"rendered":"<p>These commercial pasta drying trays are extremely versatile, and the pasta drying trays are food safe, stackable and easily washable&hellip;<\/p>","protected":false},"featured_media":7401,"template":"","meta":{"_acf_changed":false},"product_brand":[],"product_cat":[144],"product_tag":[],"class_list":{"0":"post-7386","1":"product","2":"type-product","3":"status-publish","4":"has-post-thumbnail","6":"product_cat-plastic-trays-wholesale","8":"first","9":"instock","10":"product-type-simple"},"acf":[],"yoast_head":"<!-- This site is optimized with the Yoast SEO plugin v26.1.1 - https:\/\/yoast.com\/wordpress\/plugins\/seo\/ -->\n<title>Pasta drying tray, plastic commercial pasta drying trays Wholesale<\/title>\n<meta name=\"description\" content=\"Pasta drying tray, plastic commercial pasta drying trays at wholesale prices, Perforated white plastic stackable drying trays\" \/>\n<meta name=\"robots\" content=\"index, follow, max-snippet:-1, max-image-preview:large, max-video-preview:-1\" \/>\n<link rel=\"canonical\" href=\"https:\/\/www.plastic-crates.com\/pt\/produto\/bandeja-de-secagem-de-massa-bandejas-de-plastico-comerciais-para-secagem-de-massa-002\/\" \/>\n<meta property=\"og:locale\" content=\"pt_PT\" \/>\n<meta property=\"og:type\" content=\"article\" \/>\n<meta property=\"og:title\" content=\"stackable folding crate, High Quality stackable folding crate Wholesale\" \/>\n<meta property=\"og:description\" content=\"Pasta drying tray, plastic commercial pasta drying trays at wholesale prices, Perforated white plastic stackable drying trays\" \/>\n<meta property=\"og:url\" content=\"https:\/\/www.plastic-crates.com\/pt\/produto\/bandeja-de-secagem-de-massa-bandejas-de-plastico-comerciais-para-secagem-de-massa-002\/\" \/>\n<meta property=\"og:site_name\" content=\"plastic-crates.com\" \/>\n<meta property=\"article:modified_time\" content=\"2024-10-28T04:29:42+00:00\" \/>\n<meta property=\"og:image\" content=\"https:\/\/www.plastic-crate.co.uk\/wp-content\/uploads\/2022\/04\/pasta-drying-tray-detail.jpg\" \/>\n<meta name=\"twitter:card\" content=\"summary_large_image\" \/>\n<meta name=\"twitter:title\" content=\"stackable folding crate, High Quality stackable folding crate Wholesale\" \/>\n<meta name=\"twitter:label1\" content=\"Tempo estimado de leitura\" \/>\n\t<meta name=\"twitter:data1\" content=\"3 minutos\" \/>\n<script type=\"application\/ld+json\" class=\"yoast-schema-graph\">{\"@context\":\"https:\/\/schema.org\",\"@graph\":[{\"@type\":\"WebPage\",\"@id\":\"https:\/\/www.plastic-crates.com\/product\/pasta-drying-tray-plastic-commercial-pasta-drying-trays-002\/\",\"url\":\"https:\/\/www.plastic-crates.com\/product\/pasta-drying-tray-plastic-commercial-pasta-drying-trays-002\/\",\"name\":\"Pasta drying tray, plastic commercial pasta drying trays Wholesale\",\"isPartOf\":{\"@id\":\"https:\/\/www.plastic-crates.com\/#website\"},\"primaryImageOfPage\":{\"@id\":\"https:\/\/www.plastic-crates.com\/product\/pasta-drying-tray-plastic-commercial-pasta-drying-trays-002\/#primaryimage\"},\"image\":{\"@id\":\"https:\/\/www.plastic-crates.com\/product\/pasta-drying-tray-plastic-commercial-pasta-drying-trays-002\/#primaryimage\"},\"thumbnailUrl\":\"https:\/\/www.plastic-crates.com\/wp-content\/uploads\/2024\/10\/plastic-pasta-drying-tray-3.jpg\",\"datePublished\":\"2024-10-28T04:29:06+00:00\",\"dateModified\":\"2024-10-28T04:29:42+00:00\",\"description\":\"Pasta drying tray, plastic commercial pasta drying trays at wholesale prices, Perforated white plastic stackable drying trays\",\"breadcrumb\":{\"@id\":\"https:\/\/www.plastic-crates.com\/product\/pasta-drying-tray-plastic-commercial-pasta-drying-trays-002\/#breadcrumb\"},\"inLanguage\":\"pt-PT\",\"potentialAction\":[{\"@type\":\"ReadAction\",\"target\":[\"https:\/\/www.plastic-crates.com\/product\/pasta-drying-tray-plastic-commercial-pasta-drying-trays-002\/\"]}]},{\"@type\":\"ImageObject\",\"inLanguage\":\"pt-PT\",\"@id\":\"https:\/\/www.plastic-crates.com\/product\/pasta-drying-tray-plastic-commercial-pasta-drying-trays-002\/#primaryimage\",\"url\":\"https:\/\/www.plastic-crates.com\/wp-content\/uploads\/2024\/10\/plastic-pasta-drying-tray-3.jpg\",\"contentUrl\":\"https:\/\/www.plastic-crates.com\/wp-content\/uploads\/2024\/10\/plastic-pasta-drying-tray-3.jpg\",\"width\":1000,\"height\":1000},{\"@type\":\"BreadcrumbList\",\"@id\":\"https:\/\/www.plastic-crates.com\/product\/pasta-drying-tray-plastic-commercial-pasta-drying-trays-002\/#breadcrumb\",\"itemListElement\":[{\"@type\":\"ListItem\",\"position\":1,\"name\":\"Home\",\"item\":\"https:\/\/www.plastic-crates.com\/\"},{\"@type\":\"ListItem\",\"position\":2,\"name\":\"Products\",\"item\":\"https:\/\/www.plastic-crates.com\/shop\/\"},{\"@type\":\"ListItem\",\"position\":3,\"name\":\"Pasta drying tray, plastic commercial pasta drying trays 002\"}]},{\"@type\":\"WebSite\",\"@id\":\"https:\/\/www.plastic-crates.com\/#website\",\"url\":\"https:\/\/www.plastic-crates.com\/\",\"name\":\"plastic-crates.com\",\"description\":\"Leading plastic crates manufacturer in China\",\"potentialAction\":[{\"@type\":\"SearchAction\",\"target\":{\"@type\":\"EntryPoint\",\"urlTemplate\":\"https:\/\/www.plastic-crates.com\/?s={search_term_string}\"},\"query-input\":{\"@type\":\"PropertyValueSpecification\",\"valueRequired\":true,\"valueName\":\"search_term_string\"}}],\"inLanguage\":\"pt-PT\"}]}<\/script>\n<!-- \/ Yoast SEO plugin. -->","yoast_head_json":{"title":"Bandeja de secagem de massa, bandejas de secagem de massa comerciais de pl\u00e1stico Atacado","description":"Bandeja de secagem de massa, bandejas de secagem de massa comerciais de pl\u00e1stico a pre\u00e7os de atacado, bandejas de secagem empilh\u00e1veis de pl\u00e1stico branco perfuradas","robots":{"index":"index","follow":"follow","max-snippet":"max-snippet:-1","max-image-preview":"max-image-preview:large","max-video-preview":"max-video-preview:-1"},"canonical":"https:\/\/www.plastic-crates.com\/pt\/produto\/bandeja-de-secagem-de-massa-bandejas-de-plastico-comerciais-para-secagem-de-massa-002\/","og_locale":"pt_PT","og_type":"article","og_title":"stackable folding crate, High Quality stackable folding crate Wholesale","og_description":"Pasta drying tray, plastic commercial pasta drying trays at wholesale prices, Perforated white plastic stackable drying trays","og_url":"https:\/\/www.plastic-crates.com\/pt\/produto\/bandeja-de-secagem-de-massa-bandejas-de-plastico-comerciais-para-secagem-de-massa-002\/","og_site_name":"plastic-crates.com","article_modified_time":"2024-10-28T04:29:42+00:00","og_image":[{"url":"https:\/\/www.plastic-crate.co.uk\/wp-content\/uploads\/2022\/04\/pasta-drying-tray-detail.jpg","type":"","width":"","height":""}],"twitter_card":"summary_large_image","twitter_title":"stackable folding crate, High Quality stackable folding crate Wholesale","twitter_misc":{"Tempo estimado de leitura":"3 minutos"},"schema":{"@context":"https:\/\/schema.org","@graph":[{"@type":"WebPage","@id":"https:\/\/www.plastic-crates.com\/product\/pasta-drying-tray-plastic-commercial-pasta-drying-trays-002\/","url":"https:\/\/www.plastic-crates.com\/product\/pasta-drying-tray-plastic-commercial-pasta-drying-trays-002\/","name":"Bandeja de secagem de massa, bandejas de secagem de massa comerciais de pl\u00e1stico Atacado","isPartOf":{"@id":"https:\/\/www.plastic-crates.com\/#website"},"primaryImageOfPage":{"@id":"https:\/\/www.plastic-crates.com\/product\/pasta-drying-tray-plastic-commercial-pasta-drying-trays-002\/#primaryimage"},"image":{"@id":"https:\/\/www.plastic-crates.com\/product\/pasta-drying-tray-plastic-commercial-pasta-drying-trays-002\/#primaryimage"},"thumbnailUrl":"https:\/\/www.plastic-crates.com\/wp-content\/uploads\/2024\/10\/plastic-pasta-drying-tray-3.jpg","datePublished":"2024-10-28T04:29:06+00:00","dateModified":"2024-10-28T04:29:42+00:00","description":"Bandeja de secagem de massa, bandejas de secagem de massa comerciais de pl\u00e1stico a pre\u00e7os de atacado, bandejas de secagem empilh\u00e1veis de pl\u00e1stico branco perfuradas","breadcrumb":{"@id":"https:\/\/www.plastic-crates.com\/product\/pasta-drying-tray-plastic-commercial-pasta-drying-trays-002\/#breadcrumb"},"inLanguage":"pt-PT","potentialAction":[{"@type":"ReadAction","target":["https:\/\/www.plastic-crates.com\/product\/pasta-drying-tray-plastic-commercial-pasta-drying-trays-002\/"]}]},{"@type":"ImageObject","inLanguage":"pt-PT","@id":"https:\/\/www.plastic-crates.com\/product\/pasta-drying-tray-plastic-commercial-pasta-drying-trays-002\/#primaryimage","url":"https:\/\/www.plastic-crates.com\/wp-content\/uploads\/2024\/10\/plastic-pasta-drying-tray-3.jpg","contentUrl":"https:\/\/www.plastic-crates.com\/wp-content\/uploads\/2024\/10\/plastic-pasta-drying-tray-3.jpg","width":1000,"height":1000},{"@type":"BreadcrumbList","@id":"https:\/\/www.plastic-crates.com\/product\/pasta-drying-tray-plastic-commercial-pasta-drying-trays-002\/#breadcrumb","itemListElement":[{"@type":"ListItem","position":1,"name":"Home","item":"https:\/\/www.plastic-crates.com\/"},{"@type":"ListItem","position":2,"name":"Products","item":"https:\/\/www.plastic-crates.com\/shop\/"},{"@type":"ListItem","position":3,"name":"Pasta drying tray, plastic commercial pasta drying trays 002"}]},{"@type":"WebSite","@id":"https:\/\/www.plastic-crates.com\/#website","url":"https:\/\/www.plastic-crates.com\/","name":"plastic-crates.com","description":"Fabricante l\u00edder de caixas pl\u00e1sticas na China","potentialAction":[{"@type":"SearchAction","target":{"@type":"EntryPoint","urlTemplate":"https:\/\/www.plastic-crates.com\/?s={search_term_string}"},"query-input":{"@type":"PropertyValueSpecification","valueRequired":true,"valueName":"search_term_string"}}],"inLanguage":"pt-PT"}]}},"_links":{"self":[{"href":"https:\/\/www.plastic-crates.com\/pt\/wp-json\/wp\/v2\/product\/7386","targetHints":{"allow":["GET"]}}],"collection":[{"href":"https:\/\/www.plastic-crates.com\/pt\/wp-json\/wp\/v2\/product"}],"about":[{"href":"https:\/\/www.plastic-crates.com\/pt\/wp-json\/wp\/v2\/types\/product"}],"wp:featuredmedia":[{"embeddable":true,"href":"https:\/\/www.plastic-crates.com\/pt\/wp-json\/wp\/v2\/media\/7401"}],"wp:attachment":[{"href":"https:\/\/www.plastic-crates.com\/pt\/wp-json\/wp\/v2\/media?parent=7386"}],"wp:term":[{"taxonomy":"product_brand","embeddable":true,"href":"https:\/\/www.plastic-crates.com\/pt\/wp-json\/wp\/v2\/product_brand?post=7386"},{"taxonomy":"product_cat","embeddable":true,"href":"https:\/\/www.plastic-crates.com\/pt\/wp-json\/wp\/v2\/product_cat?post=7386"},{"taxonomy":"product_tag","embeddable":true,"href":"https:\/\/www.plastic-crates.com\/pt\/wp-json\/wp\/v2\/product_tag?post=7386"}],"curies":[{"name":"wp","href":"https:\/\/api.w.org\/{rel}","templated":true}]}}