{"id":7390,"date":"2024-10-28T04:29:07","date_gmt":"2024-10-28T04:29:07","guid":{"rendered":"https:\/\/www.plastic-crates.com\/?post_type=product&#038;p=7390"},"modified":"2025-09-10T16:53:05","modified_gmt":"2025-09-10T16:53:05","slug":"bandejas-para-fermentacao-de-massa","status":"publish","type":"product","link":"https:\/\/www.plastic-crates.com\/pt\/produto\/bandejas-para-fermentacao-de-massa\/","title":{"rendered":"Bandejas para fermenta\u00e7\u00e3o de massa"},"content":{"rendered":"<p>Para facilitar o armazenamento, esta bandeja de pl\u00e1stico para massa de pizza com tampa foi projetada para empilhar com seguran\u00e7a outras caixas de tamanho semelhante. Basta combinar cada bandeja de massa de pizza que voc\u00ea comprar com as tampas compat\u00edveis para obter a condi\u00e7\u00e3o perfeita para armazenar sua massa caseira. Perfeito para padarias ou sanduicherias.<\/p>\n<div style=\"width: 960px;\" class=\"wp-video\"><!--[if lt IE 9]><script>document.createElement('video');<\/script><![endif]-->\n<video class=\"wp-video-shortcode\" id=\"video-7390-1\" width=\"960\" height=\"540\" preload=\"metadata\" controls=\"controls\"><source type=\"video\/mp4\" src=\"https:\/\/www.plastic-crate.co.uk\/wp-content\/uploads\/2023\/07\/dough-proofing-trays.mp4?_=1\" \/><a href=\"https:\/\/www.plastic-crate.co.uk\/wp-content\/uploads\/2023\/07\/dough-proofing-trays.mp4\">https:\/\/www.plastic-crate.co.uk\/wp-content\/uploads\/2023\/07\/dough-proofing-trays.mp4<\/a><\/video><\/div>\n<p>&nbsp;<\/p>\n<p><a href=\"https:\/\/www.plastic-crate.co.uk\/product-category\/plastic-milk-crates\/\">caixas de leite de pl\u00e1stico para venda<\/a>, <a href=\"https:\/\/www.plastic-crate.co.uk\/product-category\/supermarket-crates-bale-arm-crates\/\">caixas de supermercado<\/a>, <a href=\"https:\/\/www.plastic-crates.com\/pt\/categoria+de+produto\/sacolas-com-tampas\/\" target=\"_blank\" rel=\"noopener\">recipientes de pl\u00e1stico com tampa acoplada<\/a><\/p>","protected":false},"excerpt":{"rendered":"<p>For easy storage, this plastic pizza dough proofing tray with lid is designed to stack securely with other similarly sized&hellip;<\/p>","protected":false},"featured_media":7425,"template":"","meta":{"_acf_changed":false},"product_brand":[],"product_cat":[144],"product_tag":[152],"class_list":{"0":"post-7390","1":"product","2":"type-product","3":"status-publish","4":"has-post-thumbnail","6":"product_cat-plastic-trays-wholesale","7":"product_tag-pizza-dough-proofing-box","9":"first","10":"instock","11":"product-type-simple"},"acf":[],"yoast_head":"<!-- This site is optimized with the Yoast SEO plugin v26.1.1 - https:\/\/yoast.com\/wordpress\/plugins\/seo\/ -->\n<title>Dough proofing trays, plastic pizza dough container with lid Wholesale<\/title>\n<meta name=\"description\" content=\"Dough proofing trays, plastic pizza dough container with lid at wholesale prices, OEM &amp; ODM service available\" \/>\n<meta name=\"robots\" content=\"index, follow, max-snippet:-1, max-image-preview:large, max-video-preview:-1\" \/>\n<link rel=\"canonical\" href=\"https:\/\/www.plastic-crates.com\/pt\/produto\/bandejas-para-fermentacao-de-massa\/\" \/>\n<meta property=\"og:locale\" content=\"pt_PT\" \/>\n<meta property=\"og:type\" content=\"article\" \/>\n<meta property=\"og:title\" content=\"stackable folding crate, High Quality stackable folding crate Wholesale\" \/>\n<meta property=\"og:description\" content=\"Dough proofing trays, plastic pizza dough container with lid at wholesale prices, OEM &amp; ODM service available\" \/>\n<meta property=\"og:url\" content=\"https:\/\/www.plastic-crates.com\/pt\/produto\/bandejas-para-fermentacao-de-massa\/\" \/>\n<meta property=\"og:site_name\" content=\"plastic-crates.com\" \/>\n<meta property=\"article:modified_time\" content=\"2025-09-10T16:53:05+00:00\" \/>\n<meta property=\"og:image\" content=\"https:\/\/www.plastic-crates.com\/wp-content\/uploads\/2024\/10\/dough-proofing-trays-4-scaled-1.jpeg\" \/>\n\t<meta property=\"og:image:width\" content=\"2560\" \/>\n\t<meta property=\"og:image:height\" content=\"1707\" \/>\n\t<meta property=\"og:image:type\" content=\"image\/jpeg\" \/>\n<meta name=\"twitter:card\" content=\"summary_large_image\" \/>\n<meta name=\"twitter:title\" content=\"stackable folding crate, High Quality stackable folding crate Wholesale\" \/>\n<meta name=\"twitter:label1\" content=\"Tempo estimado de leitura\" \/>\n\t<meta name=\"twitter:data1\" content=\"1 minuto\" \/>\n<script type=\"application\/ld+json\" class=\"yoast-schema-graph\">{\"@context\":\"https:\/\/schema.org\",\"@graph\":[{\"@type\":\"WebPage\",\"@id\":\"https:\/\/www.plastic-crates.com\/product\/dough-proofing-trays\/\",\"url\":\"https:\/\/www.plastic-crates.com\/product\/dough-proofing-trays\/\",\"name\":\"Dough proofing trays, plastic pizza dough container with lid Wholesale\",\"isPartOf\":{\"@id\":\"https:\/\/www.plastic-crates.com\/#website\"},\"primaryImageOfPage\":{\"@id\":\"https:\/\/www.plastic-crates.com\/product\/dough-proofing-trays\/#primaryimage\"},\"image\":{\"@id\":\"https:\/\/www.plastic-crates.com\/product\/dough-proofing-trays\/#primaryimage\"},\"thumbnailUrl\":\"https:\/\/www.plastic-crates.com\/wp-content\/uploads\/2024\/10\/dough-proofing-trays-4-scaled-1.jpeg\",\"datePublished\":\"2024-10-28T04:29:07+00:00\",\"dateModified\":\"2025-09-10T16:53:05+00:00\",\"description\":\"Dough proofing trays, plastic pizza dough container with lid at wholesale prices, OEM & ODM service available\",\"breadcrumb\":{\"@id\":\"https:\/\/www.plastic-crates.com\/product\/dough-proofing-trays\/#breadcrumb\"},\"inLanguage\":\"pt-PT\",\"potentialAction\":[{\"@type\":\"ReadAction\",\"target\":[\"https:\/\/www.plastic-crates.com\/product\/dough-proofing-trays\/\"]}]},{\"@type\":\"ImageObject\",\"inLanguage\":\"pt-PT\",\"@id\":\"https:\/\/www.plastic-crates.com\/product\/dough-proofing-trays\/#primaryimage\",\"url\":\"https:\/\/www.plastic-crates.com\/wp-content\/uploads\/2024\/10\/dough-proofing-trays-4-scaled-1.jpeg\",\"contentUrl\":\"https:\/\/www.plastic-crates.com\/wp-content\/uploads\/2024\/10\/dough-proofing-trays-4-scaled-1.jpeg\",\"width\":2560,\"height\":1707},{\"@type\":\"BreadcrumbList\",\"@id\":\"https:\/\/www.plastic-crates.com\/product\/dough-proofing-trays\/#breadcrumb\",\"itemListElement\":[{\"@type\":\"ListItem\",\"position\":1,\"name\":\"Home\",\"item\":\"https:\/\/www.plastic-crates.com\/\"},{\"@type\":\"ListItem\",\"position\":2,\"name\":\"Products\",\"item\":\"https:\/\/www.plastic-crates.com\/shop\/\"},{\"@type\":\"ListItem\",\"position\":3,\"name\":\"Dough proofing trays\"}]},{\"@type\":\"WebSite\",\"@id\":\"https:\/\/www.plastic-crates.com\/#website\",\"url\":\"https:\/\/www.plastic-crates.com\/\",\"name\":\"plastic-crates.com\",\"description\":\"Leading plastic crates manufacturer in China\",\"potentialAction\":[{\"@type\":\"SearchAction\",\"target\":{\"@type\":\"EntryPoint\",\"urlTemplate\":\"https:\/\/www.plastic-crates.com\/?s={search_term_string}\"},\"query-input\":{\"@type\":\"PropertyValueSpecification\",\"valueRequired\":true,\"valueName\":\"search_term_string\"}}],\"inLanguage\":\"pt-PT\"}]}<\/script>\n<!-- \/ Yoast SEO plugin. -->","yoast_head_json":{"title":"Bandejas para fermenta\u00e7\u00e3o de massa, recipiente de pl\u00e1stico para massa de pizza com tampa Atacado","description":"Bandejas para fermenta\u00e7\u00e3o de massa, recipiente de pl\u00e1stico para massa de pizza com tampa a pre\u00e7os de atacado, servi\u00e7o OEM e ODM dispon\u00edvel","robots":{"index":"index","follow":"follow","max-snippet":"max-snippet:-1","max-image-preview":"max-image-preview:large","max-video-preview":"max-video-preview:-1"},"canonical":"https:\/\/www.plastic-crates.com\/pt\/produto\/bandejas-para-fermentacao-de-massa\/","og_locale":"pt_PT","og_type":"article","og_title":"stackable folding crate, High Quality stackable folding crate Wholesale","og_description":"Dough proofing trays, plastic pizza dough container with lid at wholesale prices, OEM & ODM service available","og_url":"https:\/\/www.plastic-crates.com\/pt\/produto\/bandejas-para-fermentacao-de-massa\/","og_site_name":"plastic-crates.com","article_modified_time":"2025-09-10T16:53:05+00:00","og_image":[{"width":2560,"height":1707,"url":"https:\/\/www.plastic-crates.com\/wp-content\/uploads\/2024\/10\/dough-proofing-trays-4-scaled-1.jpeg","type":"image\/jpeg"}],"twitter_card":"summary_large_image","twitter_title":"stackable folding crate, High Quality stackable folding crate Wholesale","twitter_misc":{"Tempo estimado de leitura":"1 minuto"},"schema":{"@context":"https:\/\/schema.org","@graph":[{"@type":"WebPage","@id":"https:\/\/www.plastic-crates.com\/product\/dough-proofing-trays\/","url":"https:\/\/www.plastic-crates.com\/product\/dough-proofing-trays\/","name":"Bandejas para fermenta\u00e7\u00e3o de massa, recipiente de pl\u00e1stico para massa de pizza com tampa Atacado","isPartOf":{"@id":"https:\/\/www.plastic-crates.com\/#website"},"primaryImageOfPage":{"@id":"https:\/\/www.plastic-crates.com\/product\/dough-proofing-trays\/#primaryimage"},"image":{"@id":"https:\/\/www.plastic-crates.com\/product\/dough-proofing-trays\/#primaryimage"},"thumbnailUrl":"https:\/\/www.plastic-crates.com\/wp-content\/uploads\/2024\/10\/dough-proofing-trays-4-scaled-1.jpeg","datePublished":"2024-10-28T04:29:07+00:00","dateModified":"2025-09-10T16:53:05+00:00","description":"Bandejas para fermenta\u00e7\u00e3o de massa, recipiente de pl\u00e1stico para massa de pizza com tampa a pre\u00e7os de atacado, servi\u00e7o OEM e ODM dispon\u00edvel","breadcrumb":{"@id":"https:\/\/www.plastic-crates.com\/product\/dough-proofing-trays\/#breadcrumb"},"inLanguage":"pt-PT","potentialAction":[{"@type":"ReadAction","target":["https:\/\/www.plastic-crates.com\/product\/dough-proofing-trays\/"]}]},{"@type":"ImageObject","inLanguage":"pt-PT","@id":"https:\/\/www.plastic-crates.com\/product\/dough-proofing-trays\/#primaryimage","url":"https:\/\/www.plastic-crates.com\/wp-content\/uploads\/2024\/10\/dough-proofing-trays-4-scaled-1.jpeg","contentUrl":"https:\/\/www.plastic-crates.com\/wp-content\/uploads\/2024\/10\/dough-proofing-trays-4-scaled-1.jpeg","width":2560,"height":1707},{"@type":"BreadcrumbList","@id":"https:\/\/www.plastic-crates.com\/product\/dough-proofing-trays\/#breadcrumb","itemListElement":[{"@type":"ListItem","position":1,"name":"Home","item":"https:\/\/www.plastic-crates.com\/"},{"@type":"ListItem","position":2,"name":"Products","item":"https:\/\/www.plastic-crates.com\/shop\/"},{"@type":"ListItem","position":3,"name":"Dough proofing trays"}]},{"@type":"WebSite","@id":"https:\/\/www.plastic-crates.com\/#website","url":"https:\/\/www.plastic-crates.com\/","name":"plastic-crates.com","description":"Fabricante l\u00edder de caixas pl\u00e1sticas na China","potentialAction":[{"@type":"SearchAction","target":{"@type":"EntryPoint","urlTemplate":"https:\/\/www.plastic-crates.com\/?s={search_term_string}"},"query-input":{"@type":"PropertyValueSpecification","valueRequired":true,"valueName":"search_term_string"}}],"inLanguage":"pt-PT"}]}},"_links":{"self":[{"href":"https:\/\/www.plastic-crates.com\/pt\/wp-json\/wp\/v2\/product\/7390","targetHints":{"allow":["GET"]}}],"collection":[{"href":"https:\/\/www.plastic-crates.com\/pt\/wp-json\/wp\/v2\/product"}],"about":[{"href":"https:\/\/www.plastic-crates.com\/pt\/wp-json\/wp\/v2\/types\/product"}],"wp:featuredmedia":[{"embeddable":true,"href":"https:\/\/www.plastic-crates.com\/pt\/wp-json\/wp\/v2\/media\/7425"}],"wp:attachment":[{"href":"https:\/\/www.plastic-crates.com\/pt\/wp-json\/wp\/v2\/media?parent=7390"}],"wp:term":[{"taxonomy":"product_brand","embeddable":true,"href":"https:\/\/www.plastic-crates.com\/pt\/wp-json\/wp\/v2\/product_brand?post=7390"},{"taxonomy":"product_cat","embeddable":true,"href":"https:\/\/www.plastic-crates.com\/pt\/wp-json\/wp\/v2\/product_cat?post=7390"},{"taxonomy":"product_tag","embeddable":true,"href":"https:\/\/www.plastic-crates.com\/pt\/wp-json\/wp\/v2\/product_tag?post=7390"}],"curies":[{"name":"wp","href":"https:\/\/api.w.org\/{rel}","templated":true}]}}