{"id":7392,"date":"2024-10-28T04:29:07","date_gmt":"2024-10-28T04:29:07","guid":{"rendered":"https:\/\/www.plastic-crates.com\/?post_type=product&#038;p=7392"},"modified":"2025-10-28T01:35:24","modified_gmt":"2025-10-28T01:35:24","slug":"bandejas-de-plastico-para-alimentos-bandejas-de-plastico-para-alimentos-bandejas-de-jantar","status":"publish","type":"product","link":"https:\/\/www.plastic-crates.com\/pt\/produto\/bandejas-de-plastico-para-alimentos-bandejas-de-plastico-para-alimentos-bandejas-de-jantar\/","title":{"rendered":"Bandejas de pl\u00e1stico para alimentos, bandejas de pl\u00e1stico para alimentos, bandejas de jantar"},"content":{"rendered":"<p>Apresentando nosso vers\u00e1til e confi\u00e1vel <strong>Bandejas de pl\u00e1stico para alimentos<\/strong> \u2013 a solu\u00e7\u00e3o perfeita para aprimorar sua experi\u00eancia gastron\u00f4mica. Entendemos a import\u00e2ncia da apresenta\u00e7\u00e3o, conveni\u00eancia e seguran\u00e7a alimentar no mundo da culin\u00e1ria. Nossas bandejas pl\u00e1sticas para alimentos s\u00e3o cuidadosamente projetadas para atender a essas necessidades essenciais, oferecendo uma s\u00e9rie de benef\u00edcios tanto para estabelecimentos comerciais quanto para uso dom\u00e9stico.<\/p>\n<p><a href=\"https:\/\/www.plastic-crate.co.uk\/product-category\/supermarket-crates-bale-arm-crates\/\" target=\"_blank\" rel=\"noopener\">caixas de empilhamento de supermercado<\/a>, <a href=\"https:\/\/www.ph-teststrips.com\/product-category\/salt-water-test-strips\/\" target=\"_blank\" rel=\"noopener\">tiras de teste para piscina de \u00e1gua salgada<\/a>, <a href=\"https:\/\/www.ahotech.com\/custom-battery-packs\/\" target=\"_blank\" rel=\"noopener\">pacote de bateria de l\u00edtio personalizado<\/a><\/p>","protected":false},"excerpt":{"rendered":"<p>Servi\u00e7o OEM e ODM dispon\u00edvel<\/p>\n<p>Cor dispon\u00edvel para esta bandeja de alimentos<\/p>\n<p>Preto, rosa, branco, verde<\/p>","protected":false},"featured_media":7437,"template":"","meta":{"_acf_changed":false},"product_brand":[],"product_cat":[144],"product_tag":[],"class_list":{"0":"post-7392","1":"product","2":"type-product","3":"status-publish","4":"has-post-thumbnail","6":"product_cat-plastic-trays-wholesale","8":"first","9":"instock","10":"product-type-simple"},"acf":[],"yoast_head":"<!-- This site is optimized with the Yoast SEO plugin v26.1.1 - https:\/\/yoast.com\/wordpress\/plugins\/seo\/ -->\n<title>Plastic trays for food, plastic food trays, dinner trays wholesale<\/title>\n<meta name=\"description\" content=\"Plastic trays for food, plastic food trays at wholesale prices, OEM &amp; ODM service available, dinner trays wholesale\" \/>\n<meta name=\"robots\" content=\"index, follow, max-snippet:-1, max-image-preview:large, max-video-preview:-1\" \/>\n<link rel=\"canonical\" href=\"https:\/\/www.plastic-crates.com\/pt\/produto\/bandejas-de-plastico-para-alimentos-bandejas-de-plastico-para-alimentos-bandejas-de-jantar\/\" \/>\n<meta property=\"og:locale\" content=\"pt_PT\" \/>\n<meta property=\"og:type\" content=\"article\" \/>\n<meta property=\"og:title\" content=\"stackable folding crate, High Quality stackable folding crate Wholesale\" \/>\n<meta property=\"og:description\" content=\"Plastic trays for food, plastic food trays at wholesale prices, OEM &amp; ODM service available, dinner trays wholesale\" \/>\n<meta property=\"og:url\" content=\"https:\/\/www.plastic-crates.com\/pt\/produto\/bandejas-de-plastico-para-alimentos-bandejas-de-plastico-para-alimentos-bandejas-de-jantar\/\" \/>\n<meta property=\"og:site_name\" content=\"plastic-crates.com\" \/>\n<meta property=\"article:modified_time\" content=\"2025-10-28T01:35:24+00:00\" \/>\n<meta property=\"og:image\" content=\"https:\/\/www.plastic-crates.com\/wp-content\/uploads\/2024\/10\/plastic-food-tray-1.jpg\" \/>\n\t<meta property=\"og:image:width\" content=\"800\" \/>\n\t<meta property=\"og:image:height\" content=\"800\" \/>\n\t<meta property=\"og:image:type\" content=\"image\/jpeg\" \/>\n<meta name=\"twitter:card\" content=\"summary_large_image\" \/>\n<meta name=\"twitter:title\" content=\"stackable folding crate, High Quality stackable folding crate Wholesale\" \/>\n<meta name=\"twitter:label1\" content=\"Tempo estimado de leitura\" \/>\n\t<meta name=\"twitter:data1\" content=\"1 minuto\" \/>\n<script type=\"application\/ld+json\" class=\"yoast-schema-graph\">{\"@context\":\"https:\/\/schema.org\",\"@graph\":[{\"@type\":\"WebPage\",\"@id\":\"https:\/\/www.plastic-crates.com\/product\/plastic-trays-for-food-plastic-food-trays-dinner-trays\/\",\"url\":\"https:\/\/www.plastic-crates.com\/product\/plastic-trays-for-food-plastic-food-trays-dinner-trays\/\",\"name\":\"Plastic trays for food, plastic food trays, dinner trays wholesale\",\"isPartOf\":{\"@id\":\"https:\/\/www.plastic-crates.com\/#website\"},\"primaryImageOfPage\":{\"@id\":\"https:\/\/www.plastic-crates.com\/product\/plastic-trays-for-food-plastic-food-trays-dinner-trays\/#primaryimage\"},\"image\":{\"@id\":\"https:\/\/www.plastic-crates.com\/product\/plastic-trays-for-food-plastic-food-trays-dinner-trays\/#primaryimage\"},\"thumbnailUrl\":\"https:\/\/www.plastic-crates.com\/wp-content\/uploads\/2024\/10\/plastic-food-tray-1.jpg\",\"datePublished\":\"2024-10-28T04:29:07+00:00\",\"dateModified\":\"2025-10-28T01:35:24+00:00\",\"description\":\"Plastic trays for food, plastic food trays at wholesale prices, OEM & ODM service available, dinner trays wholesale\",\"breadcrumb\":{\"@id\":\"https:\/\/www.plastic-crates.com\/product\/plastic-trays-for-food-plastic-food-trays-dinner-trays\/#breadcrumb\"},\"inLanguage\":\"pt-PT\",\"potentialAction\":[{\"@type\":\"ReadAction\",\"target\":[\"https:\/\/www.plastic-crates.com\/product\/plastic-trays-for-food-plastic-food-trays-dinner-trays\/\"]}]},{\"@type\":\"ImageObject\",\"inLanguage\":\"pt-PT\",\"@id\":\"https:\/\/www.plastic-crates.com\/product\/plastic-trays-for-food-plastic-food-trays-dinner-trays\/#primaryimage\",\"url\":\"https:\/\/www.plastic-crates.com\/wp-content\/uploads\/2024\/10\/plastic-food-tray-1.jpg\",\"contentUrl\":\"https:\/\/www.plastic-crates.com\/wp-content\/uploads\/2024\/10\/plastic-food-tray-1.jpg\",\"width\":800,\"height\":800},{\"@type\":\"BreadcrumbList\",\"@id\":\"https:\/\/www.plastic-crates.com\/product\/plastic-trays-for-food-plastic-food-trays-dinner-trays\/#breadcrumb\",\"itemListElement\":[{\"@type\":\"ListItem\",\"position\":1,\"name\":\"Home\",\"item\":\"https:\/\/www.plastic-crates.com\/\"},{\"@type\":\"ListItem\",\"position\":2,\"name\":\"Products\",\"item\":\"https:\/\/www.plastic-crates.com\/shop\/\"},{\"@type\":\"ListItem\",\"position\":3,\"name\":\"Plastic trays for food, plastic food trays, dinner trays\"}]},{\"@type\":\"WebSite\",\"@id\":\"https:\/\/www.plastic-crates.com\/#website\",\"url\":\"https:\/\/www.plastic-crates.com\/\",\"name\":\"plastic-crates.com\",\"description\":\"Leading plastic crates manufacturer in China\",\"potentialAction\":[{\"@type\":\"SearchAction\",\"target\":{\"@type\":\"EntryPoint\",\"urlTemplate\":\"https:\/\/www.plastic-crates.com\/?s={search_term_string}\"},\"query-input\":{\"@type\":\"PropertyValueSpecification\",\"valueRequired\":true,\"valueName\":\"search_term_string\"}}],\"inLanguage\":\"pt-PT\"}]}<\/script>\n<!-- \/ Yoast SEO plugin. -->","yoast_head_json":{"title":"Bandejas de pl\u00e1stico para alimentos, bandejas de pl\u00e1stico para alimentos, bandejas de jantar no atacado","description":"Bandejas de pl\u00e1stico para alimentos, bandejas de pl\u00e1stico para alimentos a pre\u00e7os de atacado, servi\u00e7o OEM e ODM dispon\u00edvel, bandejas de jantar no atacado","robots":{"index":"index","follow":"follow","max-snippet":"max-snippet:-1","max-image-preview":"max-image-preview:large","max-video-preview":"max-video-preview:-1"},"canonical":"https:\/\/www.plastic-crates.com\/pt\/produto\/bandejas-de-plastico-para-alimentos-bandejas-de-plastico-para-alimentos-bandejas-de-jantar\/","og_locale":"pt_PT","og_type":"article","og_title":"stackable folding crate, High Quality stackable folding crate Wholesale","og_description":"Plastic trays for food, plastic food trays at wholesale prices, OEM & ODM service available, dinner trays wholesale","og_url":"https:\/\/www.plastic-crates.com\/pt\/produto\/bandejas-de-plastico-para-alimentos-bandejas-de-plastico-para-alimentos-bandejas-de-jantar\/","og_site_name":"plastic-crates.com","article_modified_time":"2025-10-28T01:35:24+00:00","og_image":[{"width":800,"height":800,"url":"https:\/\/www.plastic-crates.com\/wp-content\/uploads\/2024\/10\/plastic-food-tray-1.jpg","type":"image\/jpeg"}],"twitter_card":"summary_large_image","twitter_title":"stackable folding crate, High Quality stackable folding crate Wholesale","twitter_misc":{"Tempo estimado de leitura":"1 minuto"},"schema":{"@context":"https:\/\/schema.org","@graph":[{"@type":"WebPage","@id":"https:\/\/www.plastic-crates.com\/product\/plastic-trays-for-food-plastic-food-trays-dinner-trays\/","url":"https:\/\/www.plastic-crates.com\/product\/plastic-trays-for-food-plastic-food-trays-dinner-trays\/","name":"Bandejas de pl\u00e1stico para alimentos, bandejas de pl\u00e1stico para alimentos, bandejas de jantar no atacado","isPartOf":{"@id":"https:\/\/www.plastic-crates.com\/#website"},"primaryImageOfPage":{"@id":"https:\/\/www.plastic-crates.com\/product\/plastic-trays-for-food-plastic-food-trays-dinner-trays\/#primaryimage"},"image":{"@id":"https:\/\/www.plastic-crates.com\/product\/plastic-trays-for-food-plastic-food-trays-dinner-trays\/#primaryimage"},"thumbnailUrl":"https:\/\/www.plastic-crates.com\/wp-content\/uploads\/2024\/10\/plastic-food-tray-1.jpg","datePublished":"2024-10-28T04:29:07+00:00","dateModified":"2025-10-28T01:35:24+00:00","description":"Bandejas de pl\u00e1stico para alimentos, bandejas de pl\u00e1stico para alimentos a pre\u00e7os de atacado, servi\u00e7o OEM e ODM dispon\u00edvel, bandejas de jantar no atacado","breadcrumb":{"@id":"https:\/\/www.plastic-crates.com\/product\/plastic-trays-for-food-plastic-food-trays-dinner-trays\/#breadcrumb"},"inLanguage":"pt-PT","potentialAction":[{"@type":"ReadAction","target":["https:\/\/www.plastic-crates.com\/product\/plastic-trays-for-food-plastic-food-trays-dinner-trays\/"]}]},{"@type":"ImageObject","inLanguage":"pt-PT","@id":"https:\/\/www.plastic-crates.com\/product\/plastic-trays-for-food-plastic-food-trays-dinner-trays\/#primaryimage","url":"https:\/\/www.plastic-crates.com\/wp-content\/uploads\/2024\/10\/plastic-food-tray-1.jpg","contentUrl":"https:\/\/www.plastic-crates.com\/wp-content\/uploads\/2024\/10\/plastic-food-tray-1.jpg","width":800,"height":800},{"@type":"BreadcrumbList","@id":"https:\/\/www.plastic-crates.com\/product\/plastic-trays-for-food-plastic-food-trays-dinner-trays\/#breadcrumb","itemListElement":[{"@type":"ListItem","position":1,"name":"Home","item":"https:\/\/www.plastic-crates.com\/"},{"@type":"ListItem","position":2,"name":"Products","item":"https:\/\/www.plastic-crates.com\/shop\/"},{"@type":"ListItem","position":3,"name":"Plastic trays for food, plastic food trays, dinner trays"}]},{"@type":"WebSite","@id":"https:\/\/www.plastic-crates.com\/#website","url":"https:\/\/www.plastic-crates.com\/","name":"plastic-crates.com","description":"Fabricante l\u00edder de caixas pl\u00e1sticas na China","potentialAction":[{"@type":"SearchAction","target":{"@type":"EntryPoint","urlTemplate":"https:\/\/www.plastic-crates.com\/?s={search_term_string}"},"query-input":{"@type":"PropertyValueSpecification","valueRequired":true,"valueName":"search_term_string"}}],"inLanguage":"pt-PT"}]}},"_links":{"self":[{"href":"https:\/\/www.plastic-crates.com\/pt\/wp-json\/wp\/v2\/product\/7392","targetHints":{"allow":["GET"]}}],"collection":[{"href":"https:\/\/www.plastic-crates.com\/pt\/wp-json\/wp\/v2\/product"}],"about":[{"href":"https:\/\/www.plastic-crates.com\/pt\/wp-json\/wp\/v2\/types\/product"}],"wp:featuredmedia":[{"embeddable":true,"href":"https:\/\/www.plastic-crates.com\/pt\/wp-json\/wp\/v2\/media\/7437"}],"wp:attachment":[{"href":"https:\/\/www.plastic-crates.com\/pt\/wp-json\/wp\/v2\/media?parent=7392"}],"wp:term":[{"taxonomy":"product_brand","embeddable":true,"href":"https:\/\/www.plastic-crates.com\/pt\/wp-json\/wp\/v2\/product_brand?post=7392"},{"taxonomy":"product_cat","embeddable":true,"href":"https:\/\/www.plastic-crates.com\/pt\/wp-json\/wp\/v2\/product_cat?post=7392"},{"taxonomy":"product_tag","embeddable":true,"href":"https:\/\/www.plastic-crates.com\/pt\/wp-json\/wp\/v2\/product_tag?post=7392"}],"curies":[{"name":"wp","href":"https:\/\/api.w.org\/{rel}","templated":true}]}}