{"id":7393,"date":"2024-10-28T04:29:07","date_gmt":"2024-10-28T04:29:07","guid":{"rendered":"https:\/\/www.plastic-crates.com\/?post_type=product&#038;p=7393"},"modified":"2025-02-17T04:38:13","modified_gmt":"2025-02-17T04:38:13","slug":"caixa-de-criacao-de-mosca-soldado-negra","status":"publish","type":"product","link":"https:\/\/www.plastic-crates.com\/pt\/produto\/caixa-de-criacao-de-mosca-soldado-negra\/","title":{"rendered":"Caixa de cria\u00e7\u00e3o de mosca soldado negra"},"content":{"rendered":"<p>A Caixa de Reprodu\u00e7\u00e3o de Moscas Soldado-Negras \u00e9 uma solu\u00e7\u00e3o inovadora e ecol\u00f3gica, projetada para a reprodu\u00e7\u00e3o eficaz de moscas soldado-negras. Esta caixa compacta oferece um ambiente prop\u00edcio para o crescimento e a reprodu\u00e7\u00e3o das moscas, tornando-a ideal para o gerenciamento de res\u00edduos e agricultura org\u00e2nica. Seu design f\u00e1cil de usar \u00e9 perfeito tanto para iniciantes quanto para criadores experientes. Comece sua jornada sustent\u00e1vel hoje mesmo com nossa Caixa de Reprodu\u00e7\u00e3o de Moscas Soldado-Negras.<\/p>\n<p>Uma caixa com maior volume, projetada especificamente para a produ\u00e7\u00e3o de prote\u00edna com mosca-soldado-negra (BSF), apresenta dimens\u00f5es inteligentes em rela\u00e7\u00e3o \u00e0 cria\u00e7\u00e3o e \u00e0 altura de empilhamento, tornando-a perfeita para alto rendimento e retorno. O processo de cria\u00e7\u00e3o gera calor, CO2 e am\u00f4nia significativos. Os cantos abertos da caixa, juntamente com uma lateral alongada com design diferenciado, atendem especificamente a esse objetivo. Aliados a uma base lisa com novo design, esses recursos melhoram o fluxo de ar, resultando em melhor deslocamento de ar. Isso proporciona um clima mais equilibrado entre as caixas.<\/p>\n<p><a href=\"https:\/\/www.plastic-crates.com\/pt\/categoria+de+produto\/sacolas-plasticas-transparentes\/\">Caixa de pl\u00e1stico transparente<\/a>, <a href=\"https:\/\/www.plastic-crate.co.uk\/product-category\/supermarket-crates-bale-arm-crates\/\">caixa de bra\u00e7o de fardo<\/a>,<\/p>","protected":false},"excerpt":{"rendered":"<p>The Black Soldier Fly Breeding Box is an innovative and eco-friendly solution designed for the effective breeding of black soldier&hellip;<\/p>","protected":false},"featured_media":7461,"template":"","meta":{"_acf_changed":false},"product_brand":[],"product_cat":[144],"product_tag":[],"class_list":{"0":"post-7393","1":"product","2":"type-product","3":"status-publish","4":"has-post-thumbnail","6":"product_cat-plastic-trays-wholesale","8":"first","9":"instock","10":"product-type-simple"},"acf":[],"yoast_head":"<!-- This site is optimized with the Yoast SEO plugin v26.1.1 - https:\/\/yoast.com\/wordpress\/plugins\/seo\/ -->\n<title>Black soldier fly breeding box for sale<\/title>\n<meta name=\"description\" content=\"Black soldier fly breeding box, Insect Rearing Trays, OEM &amp; ODM service available, insect breeding boxes wholesale price!\" \/>\n<meta name=\"robots\" content=\"index, follow, max-snippet:-1, max-image-preview:large, max-video-preview:-1\" \/>\n<link rel=\"canonical\" href=\"https:\/\/www.plastic-crates.com\/pt\/produto\/caixa-de-criacao-de-mosca-soldado-negra\/\" \/>\n<meta property=\"og:locale\" content=\"pt_PT\" \/>\n<meta property=\"og:type\" content=\"article\" \/>\n<meta property=\"og:title\" content=\"stackable folding crate, High Quality stackable folding crate Wholesale\" \/>\n<meta property=\"og:description\" content=\"Black soldier fly breeding box, Insect Rearing Trays, OEM &amp; ODM service available, insect breeding boxes wholesale price!\" \/>\n<meta property=\"og:url\" content=\"https:\/\/www.plastic-crates.com\/pt\/produto\/caixa-de-criacao-de-mosca-soldado-negra\/\" \/>\n<meta property=\"og:site_name\" content=\"plastic-crates.com\" \/>\n<meta property=\"article:modified_time\" content=\"2025-02-17T04:38:13+00:00\" \/>\n<meta property=\"og:image\" content=\"https:\/\/www.plastic-crates.com\/wp-content\/uploads\/2024\/10\/black-soldier-fly-breeding-box-5.png\" \/>\n\t<meta property=\"og:image:width\" content=\"720\" \/>\n\t<meta property=\"og:image:height\" content=\"720\" \/>\n\t<meta property=\"og:image:type\" content=\"image\/png\" \/>\n<meta name=\"twitter:card\" content=\"summary_large_image\" \/>\n<meta name=\"twitter:title\" content=\"stackable folding crate, High Quality stackable folding crate Wholesale\" \/>\n<meta name=\"twitter:label1\" content=\"Tempo estimado de leitura\" \/>\n\t<meta name=\"twitter:data1\" content=\"1 minuto\" \/>\n<script type=\"application\/ld+json\" class=\"yoast-schema-graph\">{\"@context\":\"https:\/\/schema.org\",\"@graph\":[{\"@type\":\"WebPage\",\"@id\":\"https:\/\/www.plastic-crates.com\/product\/black-soldier-fly-breeding-box\/\",\"url\":\"https:\/\/www.plastic-crates.com\/product\/black-soldier-fly-breeding-box\/\",\"name\":\"Black soldier fly breeding box for sale\",\"isPartOf\":{\"@id\":\"https:\/\/www.plastic-crates.com\/#website\"},\"primaryImageOfPage\":{\"@id\":\"https:\/\/www.plastic-crates.com\/product\/black-soldier-fly-breeding-box\/#primaryimage\"},\"image\":{\"@id\":\"https:\/\/www.plastic-crates.com\/product\/black-soldier-fly-breeding-box\/#primaryimage\"},\"thumbnailUrl\":\"https:\/\/www.plastic-crates.com\/wp-content\/uploads\/2024\/10\/black-soldier-fly-breeding-box-5.png\",\"datePublished\":\"2024-10-28T04:29:07+00:00\",\"dateModified\":\"2025-02-17T04:38:13+00:00\",\"description\":\"Black soldier fly breeding box, Insect Rearing Trays, OEM & ODM service available, insect breeding boxes wholesale price!\",\"breadcrumb\":{\"@id\":\"https:\/\/www.plastic-crates.com\/product\/black-soldier-fly-breeding-box\/#breadcrumb\"},\"inLanguage\":\"pt-PT\",\"potentialAction\":[{\"@type\":\"ReadAction\",\"target\":[\"https:\/\/www.plastic-crates.com\/product\/black-soldier-fly-breeding-box\/\"]}]},{\"@type\":\"ImageObject\",\"inLanguage\":\"pt-PT\",\"@id\":\"https:\/\/www.plastic-crates.com\/product\/black-soldier-fly-breeding-box\/#primaryimage\",\"url\":\"https:\/\/www.plastic-crates.com\/wp-content\/uploads\/2024\/10\/black-soldier-fly-breeding-box-5.png\",\"contentUrl\":\"https:\/\/www.plastic-crates.com\/wp-content\/uploads\/2024\/10\/black-soldier-fly-breeding-box-5.png\",\"width\":720,\"height\":720,\"caption\":\"black soldier fly breeding box\"},{\"@type\":\"BreadcrumbList\",\"@id\":\"https:\/\/www.plastic-crates.com\/product\/black-soldier-fly-breeding-box\/#breadcrumb\",\"itemListElement\":[{\"@type\":\"ListItem\",\"position\":1,\"name\":\"Home\",\"item\":\"https:\/\/www.plastic-crates.com\/\"},{\"@type\":\"ListItem\",\"position\":2,\"name\":\"Products\",\"item\":\"https:\/\/www.plastic-crates.com\/shop\/\"},{\"@type\":\"ListItem\",\"position\":3,\"name\":\"Black soldier fly breeding box\"}]},{\"@type\":\"WebSite\",\"@id\":\"https:\/\/www.plastic-crates.com\/#website\",\"url\":\"https:\/\/www.plastic-crates.com\/\",\"name\":\"plastic-crates.com\",\"description\":\"Leading plastic crates manufacturer in China\",\"potentialAction\":[{\"@type\":\"SearchAction\",\"target\":{\"@type\":\"EntryPoint\",\"urlTemplate\":\"https:\/\/www.plastic-crates.com\/?s={search_term_string}\"},\"query-input\":{\"@type\":\"PropertyValueSpecification\",\"valueRequired\":true,\"valueName\":\"search_term_string\"}}],\"inLanguage\":\"pt-PT\"}]}<\/script>\n<!-- \/ Yoast SEO plugin. -->","yoast_head_json":{"title":"Caixa de cria\u00e7\u00e3o de moscas soldado negras para venda","description":"Caixa de cria\u00e7\u00e3o de moscas soldado negras, bandejas para cria\u00e7\u00e3o de insetos, servi\u00e7o OEM e ODM dispon\u00edvel, caixas de cria\u00e7\u00e3o de insetos com pre\u00e7o de atacado!","robots":{"index":"index","follow":"follow","max-snippet":"max-snippet:-1","max-image-preview":"max-image-preview:large","max-video-preview":"max-video-preview:-1"},"canonical":"https:\/\/www.plastic-crates.com\/pt\/produto\/caixa-de-criacao-de-mosca-soldado-negra\/","og_locale":"pt_PT","og_type":"article","og_title":"stackable folding crate, High Quality stackable folding crate Wholesale","og_description":"Black soldier fly breeding box, Insect Rearing Trays, OEM & ODM service available, insect breeding boxes wholesale price!","og_url":"https:\/\/www.plastic-crates.com\/pt\/produto\/caixa-de-criacao-de-mosca-soldado-negra\/","og_site_name":"plastic-crates.com","article_modified_time":"2025-02-17T04:38:13+00:00","og_image":[{"width":720,"height":720,"url":"https:\/\/www.plastic-crates.com\/wp-content\/uploads\/2024\/10\/black-soldier-fly-breeding-box-5.png","type":"image\/png"}],"twitter_card":"summary_large_image","twitter_title":"stackable folding crate, High Quality stackable folding crate Wholesale","twitter_misc":{"Tempo estimado de leitura":"1 minuto"},"schema":{"@context":"https:\/\/schema.org","@graph":[{"@type":"WebPage","@id":"https:\/\/www.plastic-crates.com\/product\/black-soldier-fly-breeding-box\/","url":"https:\/\/www.plastic-crates.com\/product\/black-soldier-fly-breeding-box\/","name":"Caixa de cria\u00e7\u00e3o de moscas soldado negras para venda","isPartOf":{"@id":"https:\/\/www.plastic-crates.com\/#website"},"primaryImageOfPage":{"@id":"https:\/\/www.plastic-crates.com\/product\/black-soldier-fly-breeding-box\/#primaryimage"},"image":{"@id":"https:\/\/www.plastic-crates.com\/product\/black-soldier-fly-breeding-box\/#primaryimage"},"thumbnailUrl":"https:\/\/www.plastic-crates.com\/wp-content\/uploads\/2024\/10\/black-soldier-fly-breeding-box-5.png","datePublished":"2024-10-28T04:29:07+00:00","dateModified":"2025-02-17T04:38:13+00:00","description":"Caixa de cria\u00e7\u00e3o de moscas soldado negras, bandejas para cria\u00e7\u00e3o de insetos, servi\u00e7o OEM e ODM dispon\u00edvel, caixas de cria\u00e7\u00e3o de insetos com pre\u00e7o de atacado!","breadcrumb":{"@id":"https:\/\/www.plastic-crates.com\/product\/black-soldier-fly-breeding-box\/#breadcrumb"},"inLanguage":"pt-PT","potentialAction":[{"@type":"ReadAction","target":["https:\/\/www.plastic-crates.com\/product\/black-soldier-fly-breeding-box\/"]}]},{"@type":"ImageObject","inLanguage":"pt-PT","@id":"https:\/\/www.plastic-crates.com\/product\/black-soldier-fly-breeding-box\/#primaryimage","url":"https:\/\/www.plastic-crates.com\/wp-content\/uploads\/2024\/10\/black-soldier-fly-breeding-box-5.png","contentUrl":"https:\/\/www.plastic-crates.com\/wp-content\/uploads\/2024\/10\/black-soldier-fly-breeding-box-5.png","width":720,"height":720,"caption":"black soldier fly breeding box"},{"@type":"BreadcrumbList","@id":"https:\/\/www.plastic-crates.com\/product\/black-soldier-fly-breeding-box\/#breadcrumb","itemListElement":[{"@type":"ListItem","position":1,"name":"Home","item":"https:\/\/www.plastic-crates.com\/"},{"@type":"ListItem","position":2,"name":"Products","item":"https:\/\/www.plastic-crates.com\/shop\/"},{"@type":"ListItem","position":3,"name":"Black soldier fly breeding box"}]},{"@type":"WebSite","@id":"https:\/\/www.plastic-crates.com\/#website","url":"https:\/\/www.plastic-crates.com\/","name":"plastic-crates.com","description":"Fabricante l\u00edder de caixas pl\u00e1sticas na China","potentialAction":[{"@type":"SearchAction","target":{"@type":"EntryPoint","urlTemplate":"https:\/\/www.plastic-crates.com\/?s={search_term_string}"},"query-input":{"@type":"PropertyValueSpecification","valueRequired":true,"valueName":"search_term_string"}}],"inLanguage":"pt-PT"}]}},"_links":{"self":[{"href":"https:\/\/www.plastic-crates.com\/pt\/wp-json\/wp\/v2\/product\/7393","targetHints":{"allow":["GET"]}}],"collection":[{"href":"https:\/\/www.plastic-crates.com\/pt\/wp-json\/wp\/v2\/product"}],"about":[{"href":"https:\/\/www.plastic-crates.com\/pt\/wp-json\/wp\/v2\/types\/product"}],"wp:featuredmedia":[{"embeddable":true,"href":"https:\/\/www.plastic-crates.com\/pt\/wp-json\/wp\/v2\/media\/7461"}],"wp:attachment":[{"href":"https:\/\/www.plastic-crates.com\/pt\/wp-json\/wp\/v2\/media?parent=7393"}],"wp:term":[{"taxonomy":"product_brand","embeddable":true,"href":"https:\/\/www.plastic-crates.com\/pt\/wp-json\/wp\/v2\/product_brand?post=7393"},{"taxonomy":"product_cat","embeddable":true,"href":"https:\/\/www.plastic-crates.com\/pt\/wp-json\/wp\/v2\/product_cat?post=7393"},{"taxonomy":"product_tag","embeddable":true,"href":"https:\/\/www.plastic-crates.com\/pt\/wp-json\/wp\/v2\/product_tag?post=7393"}],"curies":[{"name":"wp","href":"https:\/\/api.w.org\/{rel}","templated":true}]}}